{"id":14592,"date":"2020-11-02T15:44:15","date_gmt":"2020-11-02T15:44:15","guid":{"rendered":"https:\/\/www.upjs.sk\/prirodovedecka-fakulta\/root\/veda-vyskum\/cajovna\/archiv\/pc-29092016\/"},"modified":"2023-06-22T14:30:24","modified_gmt":"2023-06-22T13:30:24","slug":"pc-29092016","status":"publish","type":"page","link":"https:\/\/www.upjs.sk\/prirodovedecka-fakulta\/veda-vyskum\/cajovna-arch\/archiv\/pc-29092016\/","title":{"rendered":"17. Pr\u00edrodovedeck\u00e1 \u010dajov\u0148a"},"content":{"rendered":"<style>.kb-image_dc9a57-d0 .kb-image-has-overlay:after{opacity:0.3;border-top-left-radius:5px;border-top-right-radius:5px;border-bottom-right-radius:5px;border-bottom-left-radius:5px;}.kb-image_dc9a57-d0 img.kb-img, .kb-image_dc9a57-d0 .kb-img img{border-top-left-radius:5px;border-top-right-radius:5px;border-bottom-right-radius:5px;border-bottom-left-radius:5px;}<\/style>\n<div class=\"wp-block-kadence-image kb-image_dc9a57-d0\"><figure class=\"aligncenter size-full\"><img loading=\"lazy\" decoding=\"async\" width=\"1170\" height=\"150\" src=\"https:\/\/www.upjs.sk\/app\/uploads\/sites\/10\/2023\/05\/banner-prir-cajovna-archiv.png\" alt=\"\" class=\"kb-img wp-image-56424\" srcset=\"https:\/\/www.upjs.sk\/app\/uploads\/sites\/10\/2023\/05\/banner-prir-cajovna-archiv.png 1170w, https:\/\/www.upjs.sk\/app\/uploads\/sites\/10\/2023\/05\/banner-prir-cajovna-archiv-300x38.png 300w, https:\/\/www.upjs.sk\/app\/uploads\/sites\/10\/2023\/05\/banner-prir-cajovna-archiv-1024x131.png 1024w, https:\/\/www.upjs.sk\/app\/uploads\/sites\/10\/2023\/05\/banner-prir-cajovna-archiv-768x98.png 768w\" sizes=\"auto, (max-width: 1170px) 100vw, 1170px\" \/><\/figure><\/div>\n\n\n\n<div style=\"height:20px\" aria-hidden=\"true\" class=\"wp-block-spacer\"><\/div>\n\n\n\n<h4 class=\"has-prirodovedecka-f-color has-text-color wp-block-heading\"><strong>\u2026 s profesormi biol\u00f3gie z USA<\/strong><\/h4>\n\n\n\n<div style=\"height:20px\" aria-hidden=\"true\" class=\"wp-block-spacer\"><\/div>\n\n\n<p><img decoding=\"async\" style=\"float: left; height: 150px; margin: 40px 20px; width: 150px;\" src=\"\/public\/files\/PF\/cajovna\/cajovna1.jpg\" alt=\"\" \/><strong>Pred\u00e1\u0161aj\u00faci:<\/strong> \u00a0<\/p>\n<p style=\"margin-left: 200px;\"><strong>Prof. Vincent A. Connors,<\/strong> (University of South Carolina Upstate, USA) &#8211; Immune factors infl uencing susceptibility and resistance in the snail vector for human schistosomiasis &#8211; <a href=\"https:\/\/portal.ccvapp.upjs.sk\/videoarchiv\/video\/123\" target=\"_blank\" rel=\"noopener\">videoz\u00e1znam<\/a><br \/><strong>Prof. Eva Collakova<\/strong> (Virginia Tech, USA) &#8211; CoSpliceNet: A framework for co-splicing network inference from transcriptomics data &#8211; <a href=\"https:\/\/portal.ccvapp.upjs.sk\/videoarchiv\/video\/124\" target=\"_blank\" rel=\"noopener\">videoz\u00e1znam<\/a> \u00a0<\/p>\n<p><a href=\"https:\/\/www.upjs.sk\/public\/media\/14390\/Pv_cajovna_17_plagat_A4_screen_2.pdf\" target=\"_blank\" rel=\"noopener\">Plag\u00e1t<\/a><\/p>","protected":false},"excerpt":{"rendered":"<p>\u2026 s profesormi biol\u00f3gie z USA Pred\u00e1\u0161aj\u00faci: \u00a0 Prof. Vincent A. Connors, (University of South Carolina Upstate, USA) &#8211; Immune factors infl uencing susceptibility and resistance in the snail vector for human schistosomiasis &#8211; videoz\u00e1znamProf. Eva Collakova (Virginia Tech, USA) &#8211; CoSpliceNet: A framework for co-splicing network inference from transcriptomics data &#8211; videoz\u00e1znam \u00a0 Plag\u00e1t<\/p>\n","protected":false},"author":1,"featured_media":58095,"parent":12979,"menu_order":16,"comment_status":"closed","ping_status":"closed","template":"","meta":{"_acf_changed":false,"_editorskit_title_hidden":false,"_editorskit_reading_time":1,"_editorskit_is_block_options_detached":false,"_editorskit_block_options_position":"{}","footnotes":""},"categories":[],"tags":[],"class_list":["post-14592","page","type-page","status-publish","has-post-thumbnail","hentry"],"acf":{"acf_link_na_externy_obsah":""},"yoast_head":"<!-- This site is optimized with the Yoast SEO plugin v27.2 - https:\/\/yoast.com\/product\/yoast-seo-wordpress\/ -->\n<title>17. Pr\u00edrodovedeck\u00e1 \u010dajov\u0148a - Pr\u00edrodovedeck\u00e1 fakulta | UPJ\u0160<\/title>\n<meta name=\"robots\" content=\"index, follow, max-snippet:-1, max-image-preview:large, max-video-preview:-1\" \/>\n<link rel=\"canonical\" href=\"https:\/\/www.upjs.sk\/prirodovedecka-fakulta\/veda-vyskum\/cajovna-arch\/archiv\/pc-29092016\/\" \/>\n<meta property=\"og:locale\" content=\"sk_SK\" \/>\n<meta property=\"og:type\" content=\"article\" \/>\n<meta property=\"og:title\" content=\"17. Pr\u00edrodovedeck\u00e1 \u010dajov\u0148a - Pr\u00edrodovedeck\u00e1 fakulta | UPJ\u0160\" \/>\n<meta property=\"og:description\" content=\"\u2026 s profesormi biol\u00f3gie z USA Pred\u00e1\u0161aj\u00faci: \u00a0 Prof. Vincent A. Connors, (University of South Carolina Upstate, USA) &#8211; Immune factors infl uencing susceptibility and resistance in the snail vector for human schistosomiasis &#8211; videoz\u00e1znamProf. Eva Collakova (Virginia Tech, USA) &#8211; CoSpliceNet: A framework for co-splicing network inference from transcriptomics data &#8211; videoz\u00e1znam \u00a0 Plag\u00e1t\" \/>\n<meta property=\"og:url\" content=\"https:\/\/www.upjs.sk\/prirodovedecka-fakulta\/veda-vyskum\/cajovna-arch\/archiv\/pc-29092016\/\" \/>\n<meta property=\"og:site_name\" content=\"Pr\u00edrodovedeck\u00e1 fakulta | UPJ\u0160\" \/>\n<meta property=\"article:modified_time\" content=\"2023-06-22T13:30:24+00:00\" \/>\n<meta property=\"og:image\" content=\"https:\/\/www.upjs.sk\/app\/uploads\/sites\/10\/2023\/06\/17_cajovna_ilob.jpg\" \/>\n\t<meta property=\"og:image:width\" content=\"601\" \/>\n\t<meta property=\"og:image:height\" content=\"420\" \/>\n\t<meta property=\"og:image:type\" content=\"image\/jpeg\" \/>\n<meta name=\"twitter:card\" content=\"summary_large_image\" \/>\n<meta name=\"twitter:label1\" content=\"Predpokladan\u00fd \u010das \u010d\u00edtania\" \/>\n\t<meta name=\"twitter:data1\" content=\"1 min\u00fata\" \/>\n<script type=\"application\/ld+json\" class=\"yoast-schema-graph\">{\"@context\":\"https:\/\/schema.org\",\"@graph\":[{\"@type\":\"WebPage\",\"@id\":\"https:\/\/www.upjs.sk\/prirodovedecka-fakulta\/veda-vyskum\/cajovna-arch\/archiv\/pc-29092016\/\",\"url\":\"https:\/\/www.upjs.sk\/prirodovedecka-fakulta\/veda-vyskum\/cajovna-arch\/archiv\/pc-29092016\/\",\"name\":\"17. Pr\u00edrodovedeck\u00e1 \u010dajov\u0148a - Pr\u00edrodovedeck\u00e1 fakulta | UPJ\u0160\",\"isPartOf\":{\"@id\":\"https:\/\/www.upjs.sk\/prirodovedecka-fakulta\/#website\"},\"primaryImageOfPage\":{\"@id\":\"https:\/\/www.upjs.sk\/prirodovedecka-fakulta\/veda-vyskum\/cajovna-arch\/archiv\/pc-29092016\/#primaryimage\"},\"image\":{\"@id\":\"https:\/\/www.upjs.sk\/prirodovedecka-fakulta\/veda-vyskum\/cajovna-arch\/archiv\/pc-29092016\/#primaryimage\"},\"thumbnailUrl\":\"https:\/\/www.upjs.sk\/app\/uploads\/sites\/10\/2023\/06\/17_cajovna_ilob.jpg\",\"datePublished\":\"2020-11-02T15:44:15+00:00\",\"dateModified\":\"2023-06-22T13:30:24+00:00\",\"breadcrumb\":{\"@id\":\"https:\/\/www.upjs.sk\/prirodovedecka-fakulta\/veda-vyskum\/cajovna-arch\/archiv\/pc-29092016\/#breadcrumb\"},\"inLanguage\":\"sk-SK\",\"potentialAction\":[{\"@type\":\"ReadAction\",\"target\":[\"https:\/\/www.upjs.sk\/prirodovedecka-fakulta\/veda-vyskum\/cajovna-arch\/archiv\/pc-29092016\/\"]}]},{\"@type\":\"ImageObject\",\"inLanguage\":\"sk-SK\",\"@id\":\"https:\/\/www.upjs.sk\/prirodovedecka-fakulta\/veda-vyskum\/cajovna-arch\/archiv\/pc-29092016\/#primaryimage\",\"url\":\"https:\/\/www.upjs.sk\/app\/uploads\/sites\/10\/2023\/06\/17_cajovna_ilob.jpg\",\"contentUrl\":\"https:\/\/www.upjs.sk\/app\/uploads\/sites\/10\/2023\/06\/17_cajovna_ilob.jpg\",\"width\":601,\"height\":420},{\"@type\":\"BreadcrumbList\",\"@id\":\"https:\/\/www.upjs.sk\/prirodovedecka-fakulta\/veda-vyskum\/cajovna-arch\/archiv\/pc-29092016\/#breadcrumb\",\"itemListElement\":[{\"@type\":\"ListItem\",\"position\":1,\"name\":\"Home\",\"item\":\"https:\/\/www.upjs.sk\/prirodovedecka-fakulta\/\"},{\"@type\":\"ListItem\",\"position\":2,\"name\":\"Veda, v\u00fdskum a rozvoj\",\"item\":\"https:\/\/www.upjs.sk\/prirodovedecka-fakulta\/?page_id=12917\"},{\"@type\":\"ListItem\",\"position\":3,\"name\":\"Pr\u00edrodovedeck\u00e1 \u010dajov\u0148a-st\",\"item\":\"https:\/\/www.upjs.sk\/prirodovedecka-fakulta\/?page_id=12959\"},{\"@type\":\"ListItem\",\"position\":4,\"name\":\"Pr\u00edrodovedeck\u00e1 \u010dajov\u0148a &#8211; arch\u00edv\",\"item\":\"https:\/\/www.upjs.sk\/prirodovedecka-fakulta\/?page_id=12979\"},{\"@type\":\"ListItem\",\"position\":5,\"name\":\"17. Pr\u00edrodovedeck\u00e1 \u010dajov\u0148a\"}]},{\"@type\":\"WebSite\",\"@id\":\"https:\/\/www.upjs.sk\/prirodovedecka-fakulta\/#website\",\"url\":\"https:\/\/www.upjs.sk\/prirodovedecka-fakulta\/\",\"name\":\"Pr\u00edrodovedeck\u00e1 fakulta | UPJ\u0160\",\"description\":\"\",\"publisher\":{\"@id\":\"https:\/\/www.upjs.sk\/prirodovedecka-fakulta\/#organization\"},\"potentialAction\":[{\"@type\":\"SearchAction\",\"target\":{\"@type\":\"EntryPoint\",\"urlTemplate\":\"https:\/\/www.upjs.sk\/prirodovedecka-fakulta\/?s={search_term_string}\"},\"query-input\":{\"@type\":\"PropertyValueSpecification\",\"valueRequired\":true,\"valueName\":\"search_term_string\"}}],\"inLanguage\":\"sk-SK\"},{\"@type\":\"Organization\",\"@id\":\"https:\/\/www.upjs.sk\/prirodovedecka-fakulta\/#organization\",\"name\":\"Pr\u00edrodovedeck\u00e1 fakulta | UPJ\u0160\",\"url\":\"https:\/\/www.upjs.sk\/prirodovedecka-fakulta\/\",\"logo\":{\"@type\":\"ImageObject\",\"inLanguage\":\"sk-SK\",\"@id\":\"https:\/\/www.upjs.sk\/prirodovedecka-fakulta\/#\/schema\/logo\/image\/\",\"url\":\"https:\/\/www.upjs.sk\/app\/uploads\/sites\/10\/2022\/09\/logo-prirodovedecka-fakulta.png\",\"contentUrl\":\"https:\/\/www.upjs.sk\/app\/uploads\/sites\/10\/2022\/09\/logo-prirodovedecka-fakulta.png\",\"width\":415,\"height\":87,\"caption\":\"Pr\u00edrodovedeck\u00e1 fakulta | UPJ\u0160\"},\"image\":{\"@id\":\"https:\/\/www.upjs.sk\/prirodovedecka-fakulta\/#\/schema\/logo\/image\/\"}}]}<\/script>\n<!-- \/ Yoast SEO plugin. -->","yoast_head_json":{"title":"17. Pr\u00edrodovedeck\u00e1 \u010dajov\u0148a - Pr\u00edrodovedeck\u00e1 fakulta | UPJ\u0160","robots":{"index":"index","follow":"follow","max-snippet":"max-snippet:-1","max-image-preview":"max-image-preview:large","max-video-preview":"max-video-preview:-1"},"canonical":"https:\/\/www.upjs.sk\/prirodovedecka-fakulta\/veda-vyskum\/cajovna-arch\/archiv\/pc-29092016\/","og_locale":"sk_SK","og_type":"article","og_title":"17. Pr\u00edrodovedeck\u00e1 \u010dajov\u0148a - Pr\u00edrodovedeck\u00e1 fakulta | UPJ\u0160","og_description":"\u2026 s profesormi biol\u00f3gie z USA Pred\u00e1\u0161aj\u00faci: \u00a0 Prof. Vincent A. Connors, (University of South Carolina Upstate, USA) &#8211; Immune factors infl uencing susceptibility and resistance in the snail vector for human schistosomiasis &#8211; videoz\u00e1znamProf. Eva Collakova (Virginia Tech, USA) &#8211; CoSpliceNet: A framework for co-splicing network inference from transcriptomics data &#8211; videoz\u00e1znam \u00a0 Plag\u00e1t","og_url":"https:\/\/www.upjs.sk\/prirodovedecka-fakulta\/veda-vyskum\/cajovna-arch\/archiv\/pc-29092016\/","og_site_name":"Pr\u00edrodovedeck\u00e1 fakulta | UPJ\u0160","article_modified_time":"2023-06-22T13:30:24+00:00","og_image":[{"width":601,"height":420,"url":"https:\/\/www.upjs.sk\/app\/uploads\/sites\/10\/2023\/06\/17_cajovna_ilob.jpg","type":"image\/jpeg"}],"twitter_card":"summary_large_image","twitter_misc":{"Predpokladan\u00fd \u010das \u010d\u00edtania":"1 min\u00fata"},"schema":{"@context":"https:\/\/schema.org","@graph":[{"@type":"WebPage","@id":"https:\/\/www.upjs.sk\/prirodovedecka-fakulta\/veda-vyskum\/cajovna-arch\/archiv\/pc-29092016\/","url":"https:\/\/www.upjs.sk\/prirodovedecka-fakulta\/veda-vyskum\/cajovna-arch\/archiv\/pc-29092016\/","name":"17. Pr\u00edrodovedeck\u00e1 \u010dajov\u0148a - Pr\u00edrodovedeck\u00e1 fakulta | UPJ\u0160","isPartOf":{"@id":"https:\/\/www.upjs.sk\/prirodovedecka-fakulta\/#website"},"primaryImageOfPage":{"@id":"https:\/\/www.upjs.sk\/prirodovedecka-fakulta\/veda-vyskum\/cajovna-arch\/archiv\/pc-29092016\/#primaryimage"},"image":{"@id":"https:\/\/www.upjs.sk\/prirodovedecka-fakulta\/veda-vyskum\/cajovna-arch\/archiv\/pc-29092016\/#primaryimage"},"thumbnailUrl":"https:\/\/www.upjs.sk\/app\/uploads\/sites\/10\/2023\/06\/17_cajovna_ilob.jpg","datePublished":"2020-11-02T15:44:15+00:00","dateModified":"2023-06-22T13:30:24+00:00","breadcrumb":{"@id":"https:\/\/www.upjs.sk\/prirodovedecka-fakulta\/veda-vyskum\/cajovna-arch\/archiv\/pc-29092016\/#breadcrumb"},"inLanguage":"sk-SK","potentialAction":[{"@type":"ReadAction","target":["https:\/\/www.upjs.sk\/prirodovedecka-fakulta\/veda-vyskum\/cajovna-arch\/archiv\/pc-29092016\/"]}]},{"@type":"ImageObject","inLanguage":"sk-SK","@id":"https:\/\/www.upjs.sk\/prirodovedecka-fakulta\/veda-vyskum\/cajovna-arch\/archiv\/pc-29092016\/#primaryimage","url":"https:\/\/www.upjs.sk\/app\/uploads\/sites\/10\/2023\/06\/17_cajovna_ilob.jpg","contentUrl":"https:\/\/www.upjs.sk\/app\/uploads\/sites\/10\/2023\/06\/17_cajovna_ilob.jpg","width":601,"height":420},{"@type":"BreadcrumbList","@id":"https:\/\/www.upjs.sk\/prirodovedecka-fakulta\/veda-vyskum\/cajovna-arch\/archiv\/pc-29092016\/#breadcrumb","itemListElement":[{"@type":"ListItem","position":1,"name":"Home","item":"https:\/\/www.upjs.sk\/prirodovedecka-fakulta\/"},{"@type":"ListItem","position":2,"name":"Veda, v\u00fdskum a rozvoj","item":"https:\/\/www.upjs.sk\/prirodovedecka-fakulta\/?page_id=12917"},{"@type":"ListItem","position":3,"name":"Pr\u00edrodovedeck\u00e1 \u010dajov\u0148a-st","item":"https:\/\/www.upjs.sk\/prirodovedecka-fakulta\/?page_id=12959"},{"@type":"ListItem","position":4,"name":"Pr\u00edrodovedeck\u00e1 \u010dajov\u0148a &#8211; arch\u00edv","item":"https:\/\/www.upjs.sk\/prirodovedecka-fakulta\/?page_id=12979"},{"@type":"ListItem","position":5,"name":"17. Pr\u00edrodovedeck\u00e1 \u010dajov\u0148a"}]},{"@type":"WebSite","@id":"https:\/\/www.upjs.sk\/prirodovedecka-fakulta\/#website","url":"https:\/\/www.upjs.sk\/prirodovedecka-fakulta\/","name":"Pr\u00edrodovedeck\u00e1 fakulta | UPJ\u0160","description":"","publisher":{"@id":"https:\/\/www.upjs.sk\/prirodovedecka-fakulta\/#organization"},"potentialAction":[{"@type":"SearchAction","target":{"@type":"EntryPoint","urlTemplate":"https:\/\/www.upjs.sk\/prirodovedecka-fakulta\/?s={search_term_string}"},"query-input":{"@type":"PropertyValueSpecification","valueRequired":true,"valueName":"search_term_string"}}],"inLanguage":"sk-SK"},{"@type":"Organization","@id":"https:\/\/www.upjs.sk\/prirodovedecka-fakulta\/#organization","name":"Pr\u00edrodovedeck\u00e1 fakulta | UPJ\u0160","url":"https:\/\/www.upjs.sk\/prirodovedecka-fakulta\/","logo":{"@type":"ImageObject","inLanguage":"sk-SK","@id":"https:\/\/www.upjs.sk\/prirodovedecka-fakulta\/#\/schema\/logo\/image\/","url":"https:\/\/www.upjs.sk\/app\/uploads\/sites\/10\/2022\/09\/logo-prirodovedecka-fakulta.png","contentUrl":"https:\/\/www.upjs.sk\/app\/uploads\/sites\/10\/2022\/09\/logo-prirodovedecka-fakulta.png","width":415,"height":87,"caption":"Pr\u00edrodovedeck\u00e1 fakulta | UPJ\u0160"},"image":{"@id":"https:\/\/www.upjs.sk\/prirodovedecka-fakulta\/#\/schema\/logo\/image\/"}}]}},"_links":{"self":[{"href":"https:\/\/www.upjs.sk\/prirodovedecka-fakulta\/wp-json\/wp\/v2\/pages\/14592","targetHints":{"allow":["GET"]}}],"collection":[{"href":"https:\/\/www.upjs.sk\/prirodovedecka-fakulta\/wp-json\/wp\/v2\/pages"}],"about":[{"href":"https:\/\/www.upjs.sk\/prirodovedecka-fakulta\/wp-json\/wp\/v2\/types\/page"}],"author":[{"embeddable":true,"href":"https:\/\/www.upjs.sk\/prirodovedecka-fakulta\/wp-json\/wp\/v2\/users\/1"}],"replies":[{"embeddable":true,"href":"https:\/\/www.upjs.sk\/prirodovedecka-fakulta\/wp-json\/wp\/v2\/comments?post=14592"}],"version-history":[{"count":4,"href":"https:\/\/www.upjs.sk\/prirodovedecka-fakulta\/wp-json\/wp\/v2\/pages\/14592\/revisions"}],"predecessor-version":[{"id":58094,"href":"https:\/\/www.upjs.sk\/prirodovedecka-fakulta\/wp-json\/wp\/v2\/pages\/14592\/revisions\/58094"}],"up":[{"embeddable":true,"href":"https:\/\/www.upjs.sk\/prirodovedecka-fakulta\/wp-json\/wp\/v2\/pages\/12979"}],"wp:featuredmedia":[{"embeddable":true,"href":"https:\/\/www.upjs.sk\/prirodovedecka-fakulta\/wp-json\/wp\/v2\/media\/58095"}],"wp:attachment":[{"href":"https:\/\/www.upjs.sk\/prirodovedecka-fakulta\/wp-json\/wp\/v2\/media?parent=14592"}],"wp:term":[{"taxonomy":"category","embeddable":true,"href":"https:\/\/www.upjs.sk\/prirodovedecka-fakulta\/wp-json\/wp\/v2\/categories?post=14592"},{"taxonomy":"post_tag","embeddable":true,"href":"https:\/\/www.upjs.sk\/prirodovedecka-fakulta\/wp-json\/wp\/v2\/tags?post=14592"}],"curies":[{"name":"wp","href":"https:\/\/api.w.org\/{rel}","templated":true}]}}