{"id":14777,"date":"2019-11-15T10:21:00","date_gmt":"2019-11-15T10:21:45","guid":{"rendered":"https:\/\/www.upjs.sk\/prirodovedecka-fakulta\/root\/veda-vyskum\/nc\/22055-2\/"},"modified":"2024-04-10T08:03:17","modified_gmt":"2024-04-10T07:03:17","slug":"zaostrene-na-nobelove-ceny-2019","status":"publish","type":"page","link":"https:\/\/www.upjs.sk\/prirodovedecka-fakulta\/zaostrene-na-nobelove-ceny\/zaostrene-na-nobelove-ceny-2019\/","title":{"rendered":"Zaostren\u00e9 na Nobelov\u00e9 ceny 2019"},"content":{"rendered":"<style>.kb-image14777_a645e6-0a .kb-image-has-overlay:after{opacity:0.3;border-top-left-radius:5px;border-top-right-radius:5px;border-bottom-right-radius:5px;border-bottom-left-radius:5px;}.kb-image14777_a645e6-0a img.kb-img, .kb-image14777_a645e6-0a .kb-img img{border-top-left-radius:5px;border-top-right-radius:5px;border-bottom-right-radius:5px;border-bottom-left-radius:5px;}<\/style>\n<figure class=\"wp-block-kadence-image kb-image14777_a645e6-0a size-full\"><img loading=\"lazy\" decoding=\"async\" width=\"1170\" height=\"200\" src=\"https:\/\/www.upjs.sk\/app\/uploads\/sites\/10\/2023\/11\/banner-il-Nobelove-Ceny-archiv.png\" alt=\"\" class=\"kb-img wp-image-63104\" srcset=\"https:\/\/www.upjs.sk\/app\/uploads\/sites\/10\/2023\/11\/banner-il-Nobelove-Ceny-archiv.png 1170w, https:\/\/www.upjs.sk\/app\/uploads\/sites\/10\/2023\/11\/banner-il-Nobelove-Ceny-archiv-300x51.png 300w, https:\/\/www.upjs.sk\/app\/uploads\/sites\/10\/2023\/11\/banner-il-Nobelove-Ceny-archiv-1024x175.png 1024w, https:\/\/www.upjs.sk\/app\/uploads\/sites\/10\/2023\/11\/banner-il-Nobelove-Ceny-archiv-768x131.png 768w\" sizes=\"auto, (max-width: 1170px) 100vw, 1170px\" \/><\/figure>\n\n\n\n<div style=\"height:10px\" aria-hidden=\"true\" class=\"wp-block-spacer\"><\/div>\n\n\n<style>.kadence-column14777_dbd9e1-ac > .kt-inside-inner-col{padding-top:var(--global-kb-spacing-xxs, 0.5rem);padding-right:var(--global-kb-spacing-xxs, 0.5rem);padding-bottom:var(--global-kb-spacing-xxs, 0.5rem);padding-left:var(--global-kb-spacing-xxs, 0.5rem);}.kadence-column14777_dbd9e1-ac > .kt-inside-inner-col,.kadence-column14777_dbd9e1-ac > .kt-inside-inner-col:before{border-top-left-radius:5px;border-top-right-radius:5px;border-bottom-right-radius:5px;border-bottom-left-radius:5px;}.kadence-column14777_dbd9e1-ac > .kt-inside-inner-col{column-gap:var(--global-kb-gap-sm, 1rem);}.kadence-column14777_dbd9e1-ac > .kt-inside-inner-col{flex-direction:column;}.kadence-column14777_dbd9e1-ac > .kt-inside-inner-col > .aligncenter{width:100%;}.kadence-column14777_dbd9e1-ac > .kt-inside-inner-col{background-color:#F4F4F4;}.kadence-column14777_dbd9e1-ac > .kt-inside-inner-col:before{opacity:0.3;}.kadence-column14777_dbd9e1-ac{position:relative;}@media all and (max-width: 1024px){.kadence-column14777_dbd9e1-ac > .kt-inside-inner-col{flex-direction:column;justify-content:center;}}@media all and (max-width: 767px){.kadence-column14777_dbd9e1-ac > .kt-inside-inner-col{flex-direction:column;justify-content:center;}}<\/style>\n<div class=\"wp-block-kadence-column kadence-column14777_dbd9e1-ac\"><div class=\"kt-inside-inner-col\">\n<p class=\"has-text-align-center\"><strong>Verejnos\u0165, \u0161tudenti, u\u010ditelia &#8211; 5. december 2019<\/strong>, Historick\u00e1 aula UPJ\u0160 v Ko\u0161iciach<\/p>\n\n\n\n<p class=\"has-text-align-center\"><strong>\u0160tudenti a&nbsp;u\u010ditelia S\u0160 &#8211; 6. december 2019, <\/strong>aula prof. Prasli\u010dku <\/p>\n<\/div><\/div>\n\n\n\n<div style=\"height:30px\" aria-hidden=\"true\" class=\"wp-block-spacer\"><\/div>\n\n\n\n<h4 class=\"wp-block-heading has-prirodovedecka-f-color has-text-color\"><strong>Nobelova cena za fyziku 2019<\/strong><\/h4>\n\n\n<style>.kadence-column14777_7753e5-09 > .kt-inside-inner-col{padding-top:var(--global-kb-spacing-xxs, 0.5rem);padding-right:var(--global-kb-spacing-xxs, 0.5rem);padding-bottom:var(--global-kb-spacing-xxs, 0.5rem);padding-left:var(--global-kb-spacing-xxs, 0.5rem);}.kadence-column14777_7753e5-09 > .kt-inside-inner-col,.kadence-column14777_7753e5-09 > .kt-inside-inner-col:before{border-top-left-radius:5px;border-top-right-radius:5px;border-bottom-right-radius:5px;border-bottom-left-radius:5px;}.kadence-column14777_7753e5-09 > .kt-inside-inner-col{column-gap:var(--global-kb-gap-sm, 1rem);}.kadence-column14777_7753e5-09 > .kt-inside-inner-col{flex-direction:column;}.kadence-column14777_7753e5-09 > .kt-inside-inner-col > .aligncenter{width:100%;}.kadence-column14777_7753e5-09 > .kt-inside-inner-col{background-color:#F4F4F4;}.kadence-column14777_7753e5-09 > .kt-inside-inner-col:before{opacity:0.3;}.kadence-column14777_7753e5-09{position:relative;}@media all and (max-width: 1024px){.kadence-column14777_7753e5-09 > .kt-inside-inner-col{flex-direction:column;justify-content:center;}}@media all and (max-width: 767px){.kadence-column14777_7753e5-09 > .kt-inside-inner-col{flex-direction:column;justify-content:center;}}<\/style>\n<div class=\"wp-block-kadence-column kadence-column14777_7753e5-09\"><div class=\"kt-inside-inner-col\">\n<h5 class=\"wp-block-heading\"><strong>Vesm\u00edr \u2013 kone\u010dn\u00e1 hranica<\/strong><\/h5>\n\n\n\n<p>Predn\u00e1\u0161aj\u00faci: <a href=\"\/prirodovedecka-fakulta\/veda-vyskum\/NC\/Galis\/\"><strong>doc<\/strong>. <strong>RNDr. Rudolf G\u00e1lis, PhD.<\/strong><\/a><\/p>\n\n\n\n<p class=\"has-text-align-justify\"><strong>Anot\u00e1cia:<\/strong> Za posledn\u00e9 desa\u0165ro\u010dia sa na\u0161e poznatky o&nbsp;vesm\u00edre dramaticky roz\u0161\u00edrili. A&nbsp;to aj v\u010faka v\u00fdskumom, ktor\u00e9 uskuto\u010dnili laure\u00e1ti na tohtoro\u010dn\u00fa Nobelovu cenu za fyziku: <a href=\"https:\/\/tech.sme.sk\/c\/22231005\/nobelova-cena-za-fyziku-2019-oznamenie-laureatov.html\" target=\"_blank\" rel=\"noreferrer noopener\"><strong>James Peebles<\/strong><\/a> v&nbsp;kozmol\u00f3gii,<a href=\"https:\/\/tech.sme.sk\/c\/22231005\/nobelova-cena-za-fyziku-2019-oznamenie-laureatov.html\" target=\"_blank\" rel=\"noreferrer noopener\"> <strong>Michel Mayor<\/strong><\/a> a <a href=\"https:\/\/tech.sme.sk\/c\/22231005\/nobelova-cena-za-fyziku-2019-oznamenie-laureatov.html\" target=\"_blank\" rel=\"noreferrer noopener\"><strong>Didier Queloz<\/strong><\/a> v&nbsp;oblasti \u0161t\u00fadia exoplan\u00e9t. Ide o&nbsp;plan\u00e9ty, ktor\u00e9 obiehaj\u00fa okolo inej hviezdy ako Slnko. Jeden z&nbsp;laure\u00e1tov prispel k&nbsp;porozumeniu toho, ako sa z&nbsp;mal\u00e9ho extr\u00e9mne hust\u00e9ho vesm\u00edru stane vesm\u00edr pln\u00fd galaxi\u00ed. \u010eal\u0161\u00ed dvaja ocenen\u00ed svoj\u00edm objavom exoplan\u00e9ty od\u0161tartovali v&nbsp;astron\u00f3mii revol\u00faciu. St\u00e1le v\u0161ak zost\u00e1va mnoho nezodpovedan\u00fdch ot\u00e1zok. \u010co je tmav\u00e1 hmota a&nbsp;tmav\u00e1 energia? Sme vo vesm\u00edre sami? T\u00fa\u017eba \u013eud\u00ed po objavovan\u00ed sn\u00e1\u010f nikdy neskon\u010d\u00ed. Ve\u010f kone\u010dnou hranicou \u013eudsk\u00e9ho poznania je vesm\u00edr.<\/p>\n<\/div><\/div>\n\n\n\n<div style=\"height:30px\" aria-hidden=\"true\" class=\"wp-block-spacer\"><\/div>\n\n\n\n<h4 class=\"wp-block-heading has-prirodovedecka-f-color has-text-color\"><strong>Nobelova cena za ch\u00e9miu 2019<\/strong><\/h4>\n\n\n<style>.kadence-column14777_22249d-22 > .kt-inside-inner-col{padding-top:var(--global-kb-spacing-xxs, 0.5rem);padding-right:var(--global-kb-spacing-xxs, 0.5rem);padding-bottom:var(--global-kb-spacing-xxs, 0.5rem);padding-left:var(--global-kb-spacing-xxs, 0.5rem);}.kadence-column14777_22249d-22 > .kt-inside-inner-col,.kadence-column14777_22249d-22 > .kt-inside-inner-col:before{border-top-left-radius:5px;border-top-right-radius:5px;border-bottom-right-radius:5px;border-bottom-left-radius:5px;}.kadence-column14777_22249d-22 > .kt-inside-inner-col{column-gap:var(--global-kb-gap-sm, 1rem);}.kadence-column14777_22249d-22 > .kt-inside-inner-col{flex-direction:column;}.kadence-column14777_22249d-22 > .kt-inside-inner-col > .aligncenter{width:100%;}.kadence-column14777_22249d-22 > .kt-inside-inner-col{background-color:#F4F4F4;}.kadence-column14777_22249d-22 > .kt-inside-inner-col:before{opacity:0.3;}.kadence-column14777_22249d-22{position:relative;}@media all and (max-width: 1024px){.kadence-column14777_22249d-22 > .kt-inside-inner-col{flex-direction:column;justify-content:center;}}@media all and (max-width: 767px){.kadence-column14777_22249d-22 > .kt-inside-inner-col{flex-direction:column;justify-content:center;}}<\/style>\n<div class=\"wp-block-kadence-column kadence-column14777_22249d-22\"><div class=\"kt-inside-inner-col\">\n<h5 class=\"wp-block-heading\"><strong>Pr\u00edbeh nabit\u00fd energiou a&nbsp;nap\u00e4t\u00edm = pr\u00edbeh l\u00edtium-i\u00f3novej bat\u00e9rie<\/strong><\/h5>\n\n\n\n<p>Predn\u00e1\u0161aj\u00faca: <a href=\"\/prirodovedecka-fakulta\/veda-vyskum\/NC\/Strakova-Fedorkova\/\"><strong>doc. RNDr. Andrea Strakov\u00e1 Fedorkov\u00e1, PhD<\/strong>.<\/a><\/p>\n\n\n\n<p class=\"has-text-align-justify\"><strong>Anot\u00e1cia<\/strong>: Nobelovu cenu za ch\u00e9miu&nbsp; si prevzala trojica vedcov &#8211; &nbsp;<a href=\"https:\/\/tech.sme.sk\/c\/22231912\/nobelova-cena-za-chemiu-2019-kto-je-laureat.html\" target=\"_blank\" rel=\"noreferrer noopener\"><strong>John B. Goodenough<\/strong><\/a> z Texaskej univerzity, <strong><a href=\"https:\/\/tech.sme.sk\/c\/22231912\/nobelova-cena-za-chemiu-2019-kto-je-laureat.html\" target=\"_blank\" rel=\"noreferrer noopener\">M. Stanley Whittingham<\/a><\/strong> z Binghamtonskej univerzity a <a href=\"https:\/\/tech.sme.sk\/c\/22231912\/nobelova-cena-za-chemiu-2019-kto-je-laureat.html\" target=\"_blank\" rel=\"noreferrer noopener\"><strong>Akiro Yoshin<\/strong><\/a> z Univerzity Meijo. Ocenen\u00ed vedci prispeli v\u00fdznamnou mierou k objavu a v\u00fdvoju l\u00edtiovo-i\u00f3nov\u00fdch bat\u00e9ri\u00ed. V\u00fdznam objavu spo\u010d\u00edva v tom, \u017ee tieto bat\u00e9rie s\u00fa schopn\u00e9 sl\u00fa\u017ei\u0165 na skladovanie energie z obnovite\u013en\u00fdch zdrojov ak\u00fdmi s\u00fa napr\u00edklad slne\u010dn\u00e1 a&nbsp;vetern\u00e1 energia.<\/p>\n\n\n\n<p class=\"has-text-align-justify\">Presne tak\u00e9to bat\u00e9rie pou\u017e\u00edvame aj my v\u0161etci a ka\u017edodenne vo svojich mobiln\u00fdch telef\u00f3noch, po\u010d\u00edta\u010doch, tabletoch a in\u00fdch men\u0161\u00edch zariadeniach. S\u00fa \u013eahk\u00e9, daj\u00fa sa vyrobi\u0165 v r\u00f4znych tvaroch a rozmeroch, s\u00fa nab\u00edjate\u013en\u00e9, v\u00fdkonn\u00e9 a dopomohli k revol\u00faci\u00ed v mobiln\u00fdch technol\u00f3gi\u00e1ch za posledn\u00e9 roky. S pr\u00edchodom 4. priemyselnej revol\u00facie sa ich aplik\u00e1cie e\u0161te roz\u0161\u00edria. Predn\u00e1\u0161ka bude zameran\u00e1 na ich vlastnosti, v\u00fdhody, nev\u00fdhody a \u010dast\u00e9 ot\u00e1zky oh\u013eadom ich ceny, bezpe\u010dnosti a recyklovate\u013enosti.<\/p>\n<\/div><\/div>\n\n\n\n<div style=\"height:30px\" aria-hidden=\"true\" class=\"wp-block-spacer\"><\/div>\n\n\n\n<h4 class=\"wp-block-heading has-prirodovedecka-f-color has-text-color\"><strong>Nobelova cena za fyziol\u00f3giu\/medic\u00ednu 2019<\/strong><\/h4>\n\n\n<style>.kadence-column14777_52060d-a0 > .kt-inside-inner-col{padding-top:var(--global-kb-spacing-xxs, 0.5rem);padding-right:var(--global-kb-spacing-xxs, 0.5rem);padding-bottom:var(--global-kb-spacing-xxs, 0.5rem);padding-left:var(--global-kb-spacing-xxs, 0.5rem);}.kadence-column14777_52060d-a0 > .kt-inside-inner-col,.kadence-column14777_52060d-a0 > .kt-inside-inner-col:before{border-top-left-radius:5px;border-top-right-radius:5px;border-bottom-right-radius:5px;border-bottom-left-radius:5px;}.kadence-column14777_52060d-a0 > .kt-inside-inner-col{column-gap:var(--global-kb-gap-sm, 1rem);}.kadence-column14777_52060d-a0 > .kt-inside-inner-col{flex-direction:column;}.kadence-column14777_52060d-a0 > .kt-inside-inner-col > .aligncenter{width:100%;}.kadence-column14777_52060d-a0 > .kt-inside-inner-col{background-color:#F4F4F4;}.kadence-column14777_52060d-a0 > .kt-inside-inner-col:before{opacity:0.3;}.kadence-column14777_52060d-a0{position:relative;}@media all and (max-width: 1024px){.kadence-column14777_52060d-a0 > .kt-inside-inner-col{flex-direction:column;justify-content:center;}}@media all and (max-width: 767px){.kadence-column14777_52060d-a0 > .kt-inside-inner-col{flex-direction:column;justify-content:center;}}<\/style>\n<div class=\"wp-block-kadence-column kadence-column14777_52060d-a0\"><div class=\"kt-inside-inner-col\">\n<h5 class=\"wp-block-heading\"><strong>\u201c\u010cuch\u201c&nbsp; buniek na&nbsp; kysl\u00edk \u2013 pomocn\u00edk pri v\u00fdvoji nielen protin\u00e1dorov\u00fdch terapi\u00ed<\/strong><\/h5>\n\n\n\n<p>Predn\u00e1\u0161aj\u00faca: <a href=\"\/prirodovedecka-fakulta\/veda-vyskum\/NC\/Vargova\/\"><strong>RNDr. Jana Vargov\u00e1, PhD.<\/strong><\/a><\/p>\n\n\n\n<p class=\"has-text-align-justify\"><strong>Anot\u00e1cia<\/strong>: Nobelovu cenu za fyziol\u00f3giu alebo medic\u00ednu z\u00edskalo americko-britsk\u00e9 trio &#8211; <a href=\"https:\/\/primar.sme.sk\/c\/22230048\/nobelova-cena-za-medicinu-2019-vitaz.html\" target=\"_blank\" rel=\"noreferrer noopener\" class=\"ek-link\"><strong>Gregg L. Semenza<\/strong><\/a> z Univerzity Johna Hopkinsa (USA), <a href=\"https:\/\/primar.sme.sk\/c\/22230048\/nobelova-cena-za-medicinu-2019-vitaz.html\" target=\"_blank\" rel=\"noreferrer noopener\"><strong>William G. Kaelin<\/strong><\/a> z Harvardskej univerzity (USA) a <a href=\"https:\/\/primar.sme.sk\/c\/22230048\/nobelova-cena-za-medicinu-2019-vitaz.html\" target=\"_blank\" rel=\"noreferrer noopener\"><strong>Peter J. Ratcliffe<\/strong><\/a> z Oxfordskej univerzity (Brit\u00e1nia). Ocenenie z\u00edskali za objav mechanizmu, ak\u00fdm bunky vn\u00edmaj\u00fa a&nbsp;prisp\u00f4sobuj\u00fa sa dostupnej hladine kysl\u00edka. Kysl\u00edk je nevyhnutn\u00fd pre fungovanie v\u00e4\u010d\u0161iny \u017eiv\u00fdch organizmov, ktor\u00e9 ho vyu\u017e\u00edvaj\u00fa pri \u201espa\u013eovan\u00ed\u201c potravy a tvorbe energie. Trojica vedcov pop\u00edsala molekul\u00e1rny sp\u00edna\u010d, ktor\u00fdm bunky reaguj\u00fa na pokles hladiny kysl\u00edka a&nbsp;dok\u00e1\u017eu tak pre\u017ei\u0165 aj v&nbsp;pr\u00edpade, \u017ee je kysl\u00edka v&nbsp;prostred\u00ed m\u00e1lo. T\u00fdmto odhalili tajomstvo jedn\u00e9ho zo z\u00e1kladn\u00fdch adapta\u010dn\u00fdch mechanizmov \u017eiv\u00fdch organizmov. O&nbsp;tom, ako tak\u00fdto sp\u00edna\u010d, resp. \u201e\u010duch\u201c buniek na kysl\u00edk vyzer\u00e1 a&nbsp;ak\u00fd m\u00e1 tento objav obrovsk\u00fd potenci\u00e1l aj pri lie\u010dbe an\u00e9mie, \u010di rakoviny, v\u00e1m radi pribl\u00ed\u017eime v&nbsp;r\u00e1mci pripravovanej predn\u00e1\u0161ky. Okrem toho v\u00e1m tie\u017e prezrad\u00edme,&nbsp;ako tento objav ovplyvnil smerovanie onkologick\u00e9ho v\u00fdskumu (nielen) u n\u00e1s.<\/p>\n<\/div><\/div>\n","protected":false},"excerpt":{"rendered":"<p>5. a 6. december 2019<\/p>\n","protected":false},"author":1,"featured_media":63019,"parent":62781,"menu_order":1,"comment_status":"closed","ping_status":"closed","template":"","meta":{"_acf_changed":false,"_editorskit_title_hidden":false,"_editorskit_reading_time":0,"_editorskit_is_block_options_detached":false,"_editorskit_block_options_position":"{}","footnotes":""},"categories":[],"tags":[],"class_list":["post-14777","page","type-page","status-publish","has-post-thumbnail","hentry"],"acf":{"acf_link_na_externy_obsah":""},"yoast_head":"<!-- This site is optimized with the Yoast SEO plugin v27.2 - https:\/\/yoast.com\/product\/yoast-seo-wordpress\/ -->\n<title>Zaostren\u00e9 na Nobelov\u00e9 ceny 2019 - Pr\u00edrodovedeck\u00e1 fakulta | UPJ\u0160<\/title>\n<meta name=\"robots\" content=\"index, follow, max-snippet:-1, max-image-preview:large, max-video-preview:-1\" \/>\n<link rel=\"canonical\" href=\"https:\/\/www.upjs.sk\/prirodovedecka-fakulta\/zaostrene-na-nobelove-ceny\/zaostrene-na-nobelove-ceny-2019\/\" \/>\n<meta property=\"og:locale\" content=\"sk_SK\" \/>\n<meta property=\"og:type\" content=\"article\" \/>\n<meta property=\"og:title\" content=\"Zaostren\u00e9 na Nobelov\u00e9 ceny 2019 - Pr\u00edrodovedeck\u00e1 fakulta | UPJ\u0160\" \/>\n<meta property=\"og:description\" content=\"5. a 6. december 2019\" \/>\n<meta property=\"og:url\" content=\"https:\/\/www.upjs.sk\/prirodovedecka-fakulta\/zaostrene-na-nobelove-ceny\/zaostrene-na-nobelove-ceny-2019\/\" \/>\n<meta property=\"og:site_name\" content=\"Pr\u00edrodovedeck\u00e1 fakulta | UPJ\u0160\" \/>\n<meta property=\"article:modified_time\" content=\"2024-04-10T07:03:17+00:00\" \/>\n<meta property=\"og:image\" content=\"https:\/\/www.upjs.sk\/app\/uploads\/sites\/10\/2023\/11\/Zaostrene-NobelC-2019-ilob.png\" \/>\n\t<meta property=\"og:image:width\" content=\"600\" \/>\n\t<meta property=\"og:image:height\" content=\"420\" \/>\n\t<meta property=\"og:image:type\" content=\"image\/png\" \/>\n<meta name=\"twitter:card\" content=\"summary_large_image\" \/>\n<meta name=\"twitter:label1\" content=\"Predpokladan\u00fd \u010das \u010d\u00edtania\" \/>\n\t<meta name=\"twitter:data1\" content=\"3 min\u00faty\" \/>\n<script type=\"application\/ld+json\" class=\"yoast-schema-graph\">{\"@context\":\"https:\/\/schema.org\",\"@graph\":[{\"@type\":\"WebPage\",\"@id\":\"https:\/\/www.upjs.sk\/prirodovedecka-fakulta\/zaostrene-na-nobelove-ceny\/zaostrene-na-nobelove-ceny-2019\/\",\"url\":\"https:\/\/www.upjs.sk\/prirodovedecka-fakulta\/zaostrene-na-nobelove-ceny\/zaostrene-na-nobelove-ceny-2019\/\",\"name\":\"Zaostren\u00e9 na Nobelov\u00e9 ceny 2019 - Pr\u00edrodovedeck\u00e1 fakulta | UPJ\u0160\",\"isPartOf\":{\"@id\":\"https:\/\/www.upjs.sk\/prirodovedecka-fakulta\/#website\"},\"primaryImageOfPage\":{\"@id\":\"https:\/\/www.upjs.sk\/prirodovedecka-fakulta\/zaostrene-na-nobelove-ceny\/zaostrene-na-nobelove-ceny-2019\/#primaryimage\"},\"image\":{\"@id\":\"https:\/\/www.upjs.sk\/prirodovedecka-fakulta\/zaostrene-na-nobelove-ceny\/zaostrene-na-nobelove-ceny-2019\/#primaryimage\"},\"thumbnailUrl\":\"https:\/\/www.upjs.sk\/app\/uploads\/sites\/10\/2023\/11\/Zaostrene-NobelC-2019-ilob.png\",\"datePublished\":\"2019-11-15T10:21:45+00:00\",\"dateModified\":\"2024-04-10T07:03:17+00:00\",\"breadcrumb\":{\"@id\":\"https:\/\/www.upjs.sk\/prirodovedecka-fakulta\/zaostrene-na-nobelove-ceny\/zaostrene-na-nobelove-ceny-2019\/#breadcrumb\"},\"inLanguage\":\"sk-SK\",\"potentialAction\":[{\"@type\":\"ReadAction\",\"target\":[\"https:\/\/www.upjs.sk\/prirodovedecka-fakulta\/zaostrene-na-nobelove-ceny\/zaostrene-na-nobelove-ceny-2019\/\"]}]},{\"@type\":\"ImageObject\",\"inLanguage\":\"sk-SK\",\"@id\":\"https:\/\/www.upjs.sk\/prirodovedecka-fakulta\/zaostrene-na-nobelove-ceny\/zaostrene-na-nobelove-ceny-2019\/#primaryimage\",\"url\":\"https:\/\/www.upjs.sk\/app\/uploads\/sites\/10\/2023\/11\/Zaostrene-NobelC-2019-ilob.png\",\"contentUrl\":\"https:\/\/www.upjs.sk\/app\/uploads\/sites\/10\/2023\/11\/Zaostrene-NobelC-2019-ilob.png\",\"width\":600,\"height\":420},{\"@type\":\"BreadcrumbList\",\"@id\":\"https:\/\/www.upjs.sk\/prirodovedecka-fakulta\/zaostrene-na-nobelove-ceny\/zaostrene-na-nobelove-ceny-2019\/#breadcrumb\",\"itemListElement\":[{\"@type\":\"ListItem\",\"position\":1,\"name\":\"Home\",\"item\":\"https:\/\/www.upjs.sk\/prirodovedecka-fakulta\/\"},{\"@type\":\"ListItem\",\"position\":2,\"name\":\"Zaostren\u00e9 na Nobelove ceny\",\"item\":\"https:\/\/www.upjs.sk\/prirodovedecka-fakulta\/zaostrene-na-nobelove-ceny\/\"},{\"@type\":\"ListItem\",\"position\":3,\"name\":\"Zaostren\u00e9 na Nobelov\u00e9 ceny 2019\"}]},{\"@type\":\"WebSite\",\"@id\":\"https:\/\/www.upjs.sk\/prirodovedecka-fakulta\/#website\",\"url\":\"https:\/\/www.upjs.sk\/prirodovedecka-fakulta\/\",\"name\":\"Pr\u00edrodovedeck\u00e1 fakulta | UPJ\u0160\",\"description\":\"\",\"publisher\":{\"@id\":\"https:\/\/www.upjs.sk\/prirodovedecka-fakulta\/#organization\"},\"potentialAction\":[{\"@type\":\"SearchAction\",\"target\":{\"@type\":\"EntryPoint\",\"urlTemplate\":\"https:\/\/www.upjs.sk\/prirodovedecka-fakulta\/?s={search_term_string}\"},\"query-input\":{\"@type\":\"PropertyValueSpecification\",\"valueRequired\":true,\"valueName\":\"search_term_string\"}}],\"inLanguage\":\"sk-SK\"},{\"@type\":\"Organization\",\"@id\":\"https:\/\/www.upjs.sk\/prirodovedecka-fakulta\/#organization\",\"name\":\"Pr\u00edrodovedeck\u00e1 fakulta | UPJ\u0160\",\"url\":\"https:\/\/www.upjs.sk\/prirodovedecka-fakulta\/\",\"logo\":{\"@type\":\"ImageObject\",\"inLanguage\":\"sk-SK\",\"@id\":\"https:\/\/www.upjs.sk\/prirodovedecka-fakulta\/#\/schema\/logo\/image\/\",\"url\":\"https:\/\/www.upjs.sk\/app\/uploads\/sites\/10\/2022\/09\/logo-prirodovedecka-fakulta.png\",\"contentUrl\":\"https:\/\/www.upjs.sk\/app\/uploads\/sites\/10\/2022\/09\/logo-prirodovedecka-fakulta.png\",\"width\":415,\"height\":87,\"caption\":\"Pr\u00edrodovedeck\u00e1 fakulta | UPJ\u0160\"},\"image\":{\"@id\":\"https:\/\/www.upjs.sk\/prirodovedecka-fakulta\/#\/schema\/logo\/image\/\"}}]}<\/script>\n<!-- \/ Yoast SEO plugin. -->","yoast_head_json":{"title":"Zaostren\u00e9 na Nobelov\u00e9 ceny 2019 - Pr\u00edrodovedeck\u00e1 fakulta | UPJ\u0160","robots":{"index":"index","follow":"follow","max-snippet":"max-snippet:-1","max-image-preview":"max-image-preview:large","max-video-preview":"max-video-preview:-1"},"canonical":"https:\/\/www.upjs.sk\/prirodovedecka-fakulta\/zaostrene-na-nobelove-ceny\/zaostrene-na-nobelove-ceny-2019\/","og_locale":"sk_SK","og_type":"article","og_title":"Zaostren\u00e9 na Nobelov\u00e9 ceny 2019 - Pr\u00edrodovedeck\u00e1 fakulta | UPJ\u0160","og_description":"5. a 6. december 2019","og_url":"https:\/\/www.upjs.sk\/prirodovedecka-fakulta\/zaostrene-na-nobelove-ceny\/zaostrene-na-nobelove-ceny-2019\/","og_site_name":"Pr\u00edrodovedeck\u00e1 fakulta | UPJ\u0160","article_modified_time":"2024-04-10T07:03:17+00:00","og_image":[{"width":600,"height":420,"url":"https:\/\/www.upjs.sk\/app\/uploads\/sites\/10\/2023\/11\/Zaostrene-NobelC-2019-ilob.png","type":"image\/png"}],"twitter_card":"summary_large_image","twitter_misc":{"Predpokladan\u00fd \u010das \u010d\u00edtania":"3 min\u00faty"},"schema":{"@context":"https:\/\/schema.org","@graph":[{"@type":"WebPage","@id":"https:\/\/www.upjs.sk\/prirodovedecka-fakulta\/zaostrene-na-nobelove-ceny\/zaostrene-na-nobelove-ceny-2019\/","url":"https:\/\/www.upjs.sk\/prirodovedecka-fakulta\/zaostrene-na-nobelove-ceny\/zaostrene-na-nobelove-ceny-2019\/","name":"Zaostren\u00e9 na Nobelov\u00e9 ceny 2019 - Pr\u00edrodovedeck\u00e1 fakulta | UPJ\u0160","isPartOf":{"@id":"https:\/\/www.upjs.sk\/prirodovedecka-fakulta\/#website"},"primaryImageOfPage":{"@id":"https:\/\/www.upjs.sk\/prirodovedecka-fakulta\/zaostrene-na-nobelove-ceny\/zaostrene-na-nobelove-ceny-2019\/#primaryimage"},"image":{"@id":"https:\/\/www.upjs.sk\/prirodovedecka-fakulta\/zaostrene-na-nobelove-ceny\/zaostrene-na-nobelove-ceny-2019\/#primaryimage"},"thumbnailUrl":"https:\/\/www.upjs.sk\/app\/uploads\/sites\/10\/2023\/11\/Zaostrene-NobelC-2019-ilob.png","datePublished":"2019-11-15T10:21:45+00:00","dateModified":"2024-04-10T07:03:17+00:00","breadcrumb":{"@id":"https:\/\/www.upjs.sk\/prirodovedecka-fakulta\/zaostrene-na-nobelove-ceny\/zaostrene-na-nobelove-ceny-2019\/#breadcrumb"},"inLanguage":"sk-SK","potentialAction":[{"@type":"ReadAction","target":["https:\/\/www.upjs.sk\/prirodovedecka-fakulta\/zaostrene-na-nobelove-ceny\/zaostrene-na-nobelove-ceny-2019\/"]}]},{"@type":"ImageObject","inLanguage":"sk-SK","@id":"https:\/\/www.upjs.sk\/prirodovedecka-fakulta\/zaostrene-na-nobelove-ceny\/zaostrene-na-nobelove-ceny-2019\/#primaryimage","url":"https:\/\/www.upjs.sk\/app\/uploads\/sites\/10\/2023\/11\/Zaostrene-NobelC-2019-ilob.png","contentUrl":"https:\/\/www.upjs.sk\/app\/uploads\/sites\/10\/2023\/11\/Zaostrene-NobelC-2019-ilob.png","width":600,"height":420},{"@type":"BreadcrumbList","@id":"https:\/\/www.upjs.sk\/prirodovedecka-fakulta\/zaostrene-na-nobelove-ceny\/zaostrene-na-nobelove-ceny-2019\/#breadcrumb","itemListElement":[{"@type":"ListItem","position":1,"name":"Home","item":"https:\/\/www.upjs.sk\/prirodovedecka-fakulta\/"},{"@type":"ListItem","position":2,"name":"Zaostren\u00e9 na Nobelove ceny","item":"https:\/\/www.upjs.sk\/prirodovedecka-fakulta\/zaostrene-na-nobelove-ceny\/"},{"@type":"ListItem","position":3,"name":"Zaostren\u00e9 na Nobelov\u00e9 ceny 2019"}]},{"@type":"WebSite","@id":"https:\/\/www.upjs.sk\/prirodovedecka-fakulta\/#website","url":"https:\/\/www.upjs.sk\/prirodovedecka-fakulta\/","name":"Pr\u00edrodovedeck\u00e1 fakulta | UPJ\u0160","description":"","publisher":{"@id":"https:\/\/www.upjs.sk\/prirodovedecka-fakulta\/#organization"},"potentialAction":[{"@type":"SearchAction","target":{"@type":"EntryPoint","urlTemplate":"https:\/\/www.upjs.sk\/prirodovedecka-fakulta\/?s={search_term_string}"},"query-input":{"@type":"PropertyValueSpecification","valueRequired":true,"valueName":"search_term_string"}}],"inLanguage":"sk-SK"},{"@type":"Organization","@id":"https:\/\/www.upjs.sk\/prirodovedecka-fakulta\/#organization","name":"Pr\u00edrodovedeck\u00e1 fakulta | UPJ\u0160","url":"https:\/\/www.upjs.sk\/prirodovedecka-fakulta\/","logo":{"@type":"ImageObject","inLanguage":"sk-SK","@id":"https:\/\/www.upjs.sk\/prirodovedecka-fakulta\/#\/schema\/logo\/image\/","url":"https:\/\/www.upjs.sk\/app\/uploads\/sites\/10\/2022\/09\/logo-prirodovedecka-fakulta.png","contentUrl":"https:\/\/www.upjs.sk\/app\/uploads\/sites\/10\/2022\/09\/logo-prirodovedecka-fakulta.png","width":415,"height":87,"caption":"Pr\u00edrodovedeck\u00e1 fakulta | UPJ\u0160"},"image":{"@id":"https:\/\/www.upjs.sk\/prirodovedecka-fakulta\/#\/schema\/logo\/image\/"}}]}},"_links":{"self":[{"href":"https:\/\/www.upjs.sk\/prirodovedecka-fakulta\/wp-json\/wp\/v2\/pages\/14777","targetHints":{"allow":["GET"]}}],"collection":[{"href":"https:\/\/www.upjs.sk\/prirodovedecka-fakulta\/wp-json\/wp\/v2\/pages"}],"about":[{"href":"https:\/\/www.upjs.sk\/prirodovedecka-fakulta\/wp-json\/wp\/v2\/types\/page"}],"author":[{"embeddable":true,"href":"https:\/\/www.upjs.sk\/prirodovedecka-fakulta\/wp-json\/wp\/v2\/users\/1"}],"replies":[{"embeddable":true,"href":"https:\/\/www.upjs.sk\/prirodovedecka-fakulta\/wp-json\/wp\/v2\/comments?post=14777"}],"version-history":[{"count":16,"href":"https:\/\/www.upjs.sk\/prirodovedecka-fakulta\/wp-json\/wp\/v2\/pages\/14777\/revisions"}],"predecessor-version":[{"id":68865,"href":"https:\/\/www.upjs.sk\/prirodovedecka-fakulta\/wp-json\/wp\/v2\/pages\/14777\/revisions\/68865"}],"up":[{"embeddable":true,"href":"https:\/\/www.upjs.sk\/prirodovedecka-fakulta\/wp-json\/wp\/v2\/pages\/62781"}],"wp:featuredmedia":[{"embeddable":true,"href":"https:\/\/www.upjs.sk\/prirodovedecka-fakulta\/wp-json\/wp\/v2\/media\/63019"}],"wp:attachment":[{"href":"https:\/\/www.upjs.sk\/prirodovedecka-fakulta\/wp-json\/wp\/v2\/media?parent=14777"}],"wp:term":[{"taxonomy":"category","embeddable":true,"href":"https:\/\/www.upjs.sk\/prirodovedecka-fakulta\/wp-json\/wp\/v2\/categories?post=14777"},{"taxonomy":"post_tag","embeddable":true,"href":"https:\/\/www.upjs.sk\/prirodovedecka-fakulta\/wp-json\/wp\/v2\/tags?post=14777"}],"curies":[{"name":"wp","href":"https:\/\/api.w.org\/{rel}","templated":true}]}}