{"id":14793,"date":"2016-03-17T13:44:29","date_gmt":"2016-03-17T13:44:29","guid":{"rendered":"https:\/\/www.upjs.sk\/prirodovedecka-fakulta\/root\/vonkajsie-vztahy\/podprojekt\/"},"modified":"2022-10-26T08:13:18","modified_gmt":"2022-10-26T08:13:18","slug":"podprojekt","status":"publish","type":"page","link":"https:\/\/www.upjs.sk\/prirodovedecka-fakulta\/vonkajsie-vztahy\/podprojekt\/","title":{"rendered":"Podprojekt spolufinancovan\u00fd FM EHP, NFM a \u0160R SR"},"content":{"rendered":"<p>N\u00e1zov Podprojektu :<br \/> &#8222;<a href=\"http:\/\/www.science.upjs.sk\/files\/0dacda04563315ac47e0531d6709efc6.doc\" target=\"_blank\" rel=\"noopener\">Odpadov\u00fd k\u00f4\u0161 &#8212; priestorov\u00e9 a fyzik\u00e1lno-chemick\u00e9 aspekty odpadov\u00e9ho\u00a0 hospod\u00e1rstva na samospr\u00e1vnej \u00farovni<\/a>&#8222;<br \/> Ozna\u010dnenie Podprojektu:<br \/> Podprojekt 18, \u010d. EHP-VTS-0507-070230<br \/> Trvanie Podprojektu:<br \/> 31.1.2008 &#8212; 31.05.2008<\/p>\n<p>\u00a0<\/p>\n<p><a href=\"\/prirodovedecka-fakulta\/rozvojove-aktivity\/stretnutie\/\">Pracovn\u00e9 stretnutie dekana fakulty s n\u00f3rskou ve\u013evyslanky\u0148ou.<\/a><\/p>\n","protected":false},"excerpt":{"rendered":"<p>N\u00e1zov Podprojektu : &#8222;Odpadov\u00fd k\u00f4\u0161 &#8212; priestorov\u00e9 a fyzik\u00e1lno-chemick\u00e9 aspekty odpadov\u00e9ho\u00a0 hospod\u00e1rstva na samospr\u00e1vnej \u00farovni&#8222; Ozna\u010dnenie Podprojektu: Podprojekt 18, \u010d. EHP-VTS-0507-070230 Trvanie Podprojektu: 31.1.2008 &#8212; 31.05.2008 \u00a0 Pracovn\u00e9 stretnutie dekana fakulty s n\u00f3rskou ve\u013evyslanky\u0148ou.<\/p>\n","protected":false},"author":1,"featured_media":0,"parent":12994,"menu_order":3,"comment_status":"closed","ping_status":"closed","template":"","meta":{"_acf_changed":false,"_editorskit_title_hidden":false,"_editorskit_reading_time":0,"_editorskit_is_block_options_detached":false,"_editorskit_block_options_position":"{}","footnotes":""},"categories":[],"tags":[],"class_list":["post-14793","page","type-page","status-publish","hentry"],"acf":{"acf_link_na_externy_obsah":""},"yoast_head":"<!-- This site is optimized with the Yoast SEO plugin v27.4 - https:\/\/yoast.com\/product\/yoast-seo-wordpress\/ -->\n<title>Podprojekt spolufinancovan\u00fd FM EHP, NFM a \u0160R SR - Pr\u00edrodovedeck\u00e1 fakulta | UPJ\u0160<\/title>\n<meta name=\"robots\" content=\"index, follow, max-snippet:-1, max-image-preview:large, max-video-preview:-1\" \/>\n<link rel=\"canonical\" href=\"https:\/\/www.upjs.sk\/prirodovedecka-fakulta\/vonkajsie-vztahy\/podprojekt\/\" \/>\n<meta property=\"og:locale\" content=\"sk_SK\" \/>\n<meta property=\"og:type\" content=\"article\" \/>\n<meta property=\"og:title\" content=\"Podprojekt spolufinancovan\u00fd FM EHP, NFM a \u0160R SR - Pr\u00edrodovedeck\u00e1 fakulta | UPJ\u0160\" \/>\n<meta property=\"og:description\" content=\"N\u00e1zov Podprojektu : &#8222;Odpadov\u00fd k\u00f4\u0161 &#8212; priestorov\u00e9 a fyzik\u00e1lno-chemick\u00e9 aspekty odpadov\u00e9ho\u00a0 hospod\u00e1rstva na samospr\u00e1vnej \u00farovni&#8222; Ozna\u010dnenie Podprojektu: Podprojekt 18, \u010d. EHP-VTS-0507-070230 Trvanie Podprojektu: 31.1.2008 &#8212; 31.05.2008 \u00a0 Pracovn\u00e9 stretnutie dekana fakulty s n\u00f3rskou ve\u013evyslanky\u0148ou.\" \/>\n<meta property=\"og:url\" content=\"https:\/\/www.upjs.sk\/prirodovedecka-fakulta\/vonkajsie-vztahy\/podprojekt\/\" \/>\n<meta property=\"og:site_name\" content=\"Pr\u00edrodovedeck\u00e1 fakulta | UPJ\u0160\" \/>\n<meta property=\"article:modified_time\" content=\"2022-10-26T08:13:18+00:00\" \/>\n<meta name=\"twitter:card\" content=\"summary_large_image\" \/>\n<script type=\"application\/ld+json\" class=\"yoast-schema-graph\">{\"@context\":\"https:\\\/\\\/schema.org\",\"@graph\":[{\"@type\":\"WebPage\",\"@id\":\"https:\\\/\\\/www.upjs.sk\\\/prirodovedecka-fakulta\\\/vonkajsie-vztahy\\\/podprojekt\\\/\",\"url\":\"https:\\\/\\\/www.upjs.sk\\\/prirodovedecka-fakulta\\\/vonkajsie-vztahy\\\/podprojekt\\\/\",\"name\":\"Podprojekt spolufinancovan\u00fd FM EHP, NFM a \u0160R SR - Pr\u00edrodovedeck\u00e1 fakulta | UPJ\u0160\",\"isPartOf\":{\"@id\":\"https:\\\/\\\/www.upjs.sk\\\/prirodovedecka-fakulta\\\/#website\"},\"datePublished\":\"2016-03-17T13:44:29+00:00\",\"dateModified\":\"2022-10-26T08:13:18+00:00\",\"breadcrumb\":{\"@id\":\"https:\\\/\\\/www.upjs.sk\\\/prirodovedecka-fakulta\\\/vonkajsie-vztahy\\\/podprojekt\\\/#breadcrumb\"},\"inLanguage\":\"sk-SK\",\"potentialAction\":[{\"@type\":\"ReadAction\",\"target\":[\"https:\\\/\\\/www.upjs.sk\\\/prirodovedecka-fakulta\\\/vonkajsie-vztahy\\\/podprojekt\\\/\"]}]},{\"@type\":\"BreadcrumbList\",\"@id\":\"https:\\\/\\\/www.upjs.sk\\\/prirodovedecka-fakulta\\\/vonkajsie-vztahy\\\/podprojekt\\\/#breadcrumb\",\"itemListElement\":[{\"@type\":\"ListItem\",\"position\":1,\"name\":\"Home\",\"item\":\"https:\\\/\\\/www.upjs.sk\\\/prirodovedecka-fakulta\\\/\"},{\"@type\":\"ListItem\",\"position\":2,\"name\":\"Vonkaj\u0161ie vz\u0165ahy\",\"item\":\"https:\\\/\\\/www.upjs.sk\\\/prirodovedecka-fakulta\\\/vonkajsie-vztahy\\\/\"},{\"@type\":\"ListItem\",\"position\":3,\"name\":\"Podprojekt spolufinancovan\u00fd FM EHP, NFM a \u0160R SR\"}]},{\"@type\":\"WebSite\",\"@id\":\"https:\\\/\\\/www.upjs.sk\\\/prirodovedecka-fakulta\\\/#website\",\"url\":\"https:\\\/\\\/www.upjs.sk\\\/prirodovedecka-fakulta\\\/\",\"name\":\"Pr\u00edrodovedeck\u00e1 fakulta | UPJ\u0160\",\"description\":\"\",\"publisher\":{\"@id\":\"https:\\\/\\\/www.upjs.sk\\\/prirodovedecka-fakulta\\\/#organization\"},\"potentialAction\":[{\"@type\":\"SearchAction\",\"target\":{\"@type\":\"EntryPoint\",\"urlTemplate\":\"https:\\\/\\\/www.upjs.sk\\\/prirodovedecka-fakulta\\\/?s={search_term_string}\"},\"query-input\":{\"@type\":\"PropertyValueSpecification\",\"valueRequired\":true,\"valueName\":\"search_term_string\"}}],\"inLanguage\":\"sk-SK\"},{\"@type\":\"Organization\",\"@id\":\"https:\\\/\\\/www.upjs.sk\\\/prirodovedecka-fakulta\\\/#organization\",\"name\":\"Pr\u00edrodovedeck\u00e1 fakulta | UPJ\u0160\",\"url\":\"https:\\\/\\\/www.upjs.sk\\\/prirodovedecka-fakulta\\\/\",\"logo\":{\"@type\":\"ImageObject\",\"inLanguage\":\"sk-SK\",\"@id\":\"https:\\\/\\\/www.upjs.sk\\\/prirodovedecka-fakulta\\\/#\\\/schema\\\/logo\\\/image\\\/\",\"url\":\"https:\\\/\\\/www.upjs.sk\\\/app\\\/uploads\\\/sites\\\/10\\\/2022\\\/09\\\/logo-prirodovedecka-fakulta.png\",\"contentUrl\":\"https:\\\/\\\/www.upjs.sk\\\/app\\\/uploads\\\/sites\\\/10\\\/2022\\\/09\\\/logo-prirodovedecka-fakulta.png\",\"width\":415,\"height\":87,\"caption\":\"Pr\u00edrodovedeck\u00e1 fakulta | UPJ\u0160\"},\"image\":{\"@id\":\"https:\\\/\\\/www.upjs.sk\\\/prirodovedecka-fakulta\\\/#\\\/schema\\\/logo\\\/image\\\/\"}}]}<\/script>\n<!-- \/ Yoast SEO plugin. -->","yoast_head_json":{"title":"Podprojekt spolufinancovan\u00fd FM EHP, NFM a \u0160R SR - Pr\u00edrodovedeck\u00e1 fakulta | UPJ\u0160","robots":{"index":"index","follow":"follow","max-snippet":"max-snippet:-1","max-image-preview":"max-image-preview:large","max-video-preview":"max-video-preview:-1"},"canonical":"https:\/\/www.upjs.sk\/prirodovedecka-fakulta\/vonkajsie-vztahy\/podprojekt\/","og_locale":"sk_SK","og_type":"article","og_title":"Podprojekt spolufinancovan\u00fd FM EHP, NFM a \u0160R SR - Pr\u00edrodovedeck\u00e1 fakulta | UPJ\u0160","og_description":"N\u00e1zov Podprojektu : &#8222;Odpadov\u00fd k\u00f4\u0161 &#8212; priestorov\u00e9 a fyzik\u00e1lno-chemick\u00e9 aspekty odpadov\u00e9ho\u00a0 hospod\u00e1rstva na samospr\u00e1vnej \u00farovni&#8222; Ozna\u010dnenie Podprojektu: Podprojekt 18, \u010d. EHP-VTS-0507-070230 Trvanie Podprojektu: 31.1.2008 &#8212; 31.05.2008 \u00a0 Pracovn\u00e9 stretnutie dekana fakulty s n\u00f3rskou ve\u013evyslanky\u0148ou.","og_url":"https:\/\/www.upjs.sk\/prirodovedecka-fakulta\/vonkajsie-vztahy\/podprojekt\/","og_site_name":"Pr\u00edrodovedeck\u00e1 fakulta | UPJ\u0160","article_modified_time":"2022-10-26T08:13:18+00:00","twitter_card":"summary_large_image","schema":{"@context":"https:\/\/schema.org","@graph":[{"@type":"WebPage","@id":"https:\/\/www.upjs.sk\/prirodovedecka-fakulta\/vonkajsie-vztahy\/podprojekt\/","url":"https:\/\/www.upjs.sk\/prirodovedecka-fakulta\/vonkajsie-vztahy\/podprojekt\/","name":"Podprojekt spolufinancovan\u00fd FM EHP, NFM a \u0160R SR - Pr\u00edrodovedeck\u00e1 fakulta | UPJ\u0160","isPartOf":{"@id":"https:\/\/www.upjs.sk\/prirodovedecka-fakulta\/#website"},"datePublished":"2016-03-17T13:44:29+00:00","dateModified":"2022-10-26T08:13:18+00:00","breadcrumb":{"@id":"https:\/\/www.upjs.sk\/prirodovedecka-fakulta\/vonkajsie-vztahy\/podprojekt\/#breadcrumb"},"inLanguage":"sk-SK","potentialAction":[{"@type":"ReadAction","target":["https:\/\/www.upjs.sk\/prirodovedecka-fakulta\/vonkajsie-vztahy\/podprojekt\/"]}]},{"@type":"BreadcrumbList","@id":"https:\/\/www.upjs.sk\/prirodovedecka-fakulta\/vonkajsie-vztahy\/podprojekt\/#breadcrumb","itemListElement":[{"@type":"ListItem","position":1,"name":"Home","item":"https:\/\/www.upjs.sk\/prirodovedecka-fakulta\/"},{"@type":"ListItem","position":2,"name":"Vonkaj\u0161ie vz\u0165ahy","item":"https:\/\/www.upjs.sk\/prirodovedecka-fakulta\/vonkajsie-vztahy\/"},{"@type":"ListItem","position":3,"name":"Podprojekt spolufinancovan\u00fd FM EHP, NFM a \u0160R SR"}]},{"@type":"WebSite","@id":"https:\/\/www.upjs.sk\/prirodovedecka-fakulta\/#website","url":"https:\/\/www.upjs.sk\/prirodovedecka-fakulta\/","name":"Pr\u00edrodovedeck\u00e1 fakulta | UPJ\u0160","description":"","publisher":{"@id":"https:\/\/www.upjs.sk\/prirodovedecka-fakulta\/#organization"},"potentialAction":[{"@type":"SearchAction","target":{"@type":"EntryPoint","urlTemplate":"https:\/\/www.upjs.sk\/prirodovedecka-fakulta\/?s={search_term_string}"},"query-input":{"@type":"PropertyValueSpecification","valueRequired":true,"valueName":"search_term_string"}}],"inLanguage":"sk-SK"},{"@type":"Organization","@id":"https:\/\/www.upjs.sk\/prirodovedecka-fakulta\/#organization","name":"Pr\u00edrodovedeck\u00e1 fakulta | UPJ\u0160","url":"https:\/\/www.upjs.sk\/prirodovedecka-fakulta\/","logo":{"@type":"ImageObject","inLanguage":"sk-SK","@id":"https:\/\/www.upjs.sk\/prirodovedecka-fakulta\/#\/schema\/logo\/image\/","url":"https:\/\/www.upjs.sk\/app\/uploads\/sites\/10\/2022\/09\/logo-prirodovedecka-fakulta.png","contentUrl":"https:\/\/www.upjs.sk\/app\/uploads\/sites\/10\/2022\/09\/logo-prirodovedecka-fakulta.png","width":415,"height":87,"caption":"Pr\u00edrodovedeck\u00e1 fakulta | UPJ\u0160"},"image":{"@id":"https:\/\/www.upjs.sk\/prirodovedecka-fakulta\/#\/schema\/logo\/image\/"}}]}},"_links":{"self":[{"href":"https:\/\/www.upjs.sk\/prirodovedecka-fakulta\/wp-json\/wp\/v2\/pages\/14793","targetHints":{"allow":["GET"]}}],"collection":[{"href":"https:\/\/www.upjs.sk\/prirodovedecka-fakulta\/wp-json\/wp\/v2\/pages"}],"about":[{"href":"https:\/\/www.upjs.sk\/prirodovedecka-fakulta\/wp-json\/wp\/v2\/types\/page"}],"author":[{"embeddable":true,"href":"https:\/\/www.upjs.sk\/prirodovedecka-fakulta\/wp-json\/wp\/v2\/users\/1"}],"replies":[{"embeddable":true,"href":"https:\/\/www.upjs.sk\/prirodovedecka-fakulta\/wp-json\/wp\/v2\/comments?post=14793"}],"version-history":[{"count":1,"href":"https:\/\/www.upjs.sk\/prirodovedecka-fakulta\/wp-json\/wp\/v2\/pages\/14793\/revisions"}],"predecessor-version":[{"id":19054,"href":"https:\/\/www.upjs.sk\/prirodovedecka-fakulta\/wp-json\/wp\/v2\/pages\/14793\/revisions\/19054"}],"up":[{"embeddable":true,"href":"https:\/\/www.upjs.sk\/prirodovedecka-fakulta\/wp-json\/wp\/v2\/pages\/12994"}],"wp:attachment":[{"href":"https:\/\/www.upjs.sk\/prirodovedecka-fakulta\/wp-json\/wp\/v2\/media?parent=14793"}],"wp:term":[{"taxonomy":"category","embeddable":true,"href":"https:\/\/www.upjs.sk\/prirodovedecka-fakulta\/wp-json\/wp\/v2\/categories?post=14793"},{"taxonomy":"post_tag","embeddable":true,"href":"https:\/\/www.upjs.sk\/prirodovedecka-fakulta\/wp-json\/wp\/v2\/tags?post=14793"}],"curies":[{"name":"wp","href":"https:\/\/api.w.org\/{rel}","templated":true}]}}