{"id":14798,"date":"2016-03-17T13:44:50","date_gmt":"2016-03-17T13:44:50","guid":{"rendered":"https:\/\/www.upjs.sk\/prirodovedecka-fakulta\/root\/vonkajsie-vztahy\/erdf\/"},"modified":"2022-10-26T08:13:19","modified_gmt":"2022-10-26T08:13:19","slug":"erdf","status":"publish","type":"page","link":"https:\/\/www.upjs.sk\/prirodovedecka-fakulta\/vonkajsie-vztahy\/erdf\/","title":{"rendered":"Projekty financovan\u00e9 Eur\u00f3pskym fondom region\u00e1lneho rozvoja (ERDF)"},"content":{"rendered":"<p>\u00a0<\/p>\n<p style=\"text-align: left\">\u00a0<img decoding=\"async\" alt=\"husk_logo_sk.JPG\" src=\"\/images\/resized\/4674\/husk_logo_sk.JPG\" style=\"height:60px; width:250px\" \/>\u00a0<img decoding=\"async\" alt=\"husk_slogan_sk_2.JPG\" src=\"\/images\/fullsize\/4674\/husk_slogan_sk_2.JPG\" style=\"height:60px; width:179px\" \/>\u00a0<\/p>\n<table border=\"1\" cellpadding=\"1\" cellspacing=\"1\" style=\"width:500px\">\n<tbody>\n<tr>\n<td>N\u00e1zov projektu:\u00a0<\/td>\n<td>U\u010dme sa jeden od druh\u00e9ho! \/ Tanuljunk egym\u00e1st\u00f3l!<\/td>\n<\/tr>\n<tr>\n<td>K\u00f3d projektu:<\/td>\n<td>\u00a0HUSK 0801\/1.6.1\/0003<\/td>\n<\/tr>\n<tr>\n<td width=\"150\">Garant projektu za ved\u00faceho partnera:<\/td>\n<td>Dr. Istv\u00e1n Mezei, PhD.<\/td>\n<\/tr>\n<tr>\n<td>Garant projektu za UPJ\u0160:<\/td>\n<td>\u00a0RNDr. Du\u0161an Barabas, CSc.<\/td>\n<\/tr>\n<tr>\n<td valign=\"top\">Opis a cie\u013e projektu:<br \/> \t\t\t\u00a0<\/td>\n<td style=\"text-align: justify\">Projekt \u201cU\u010dme sa jeden od druh\u00e9ho!\u201d je financovan\u00fd Eur\u00f3pskym fondom region\u00e1lneho rozvoja (ERDF) v r\u00e1mci 1.v\u00fdzvy Programu cezhrani\u010dnej spolupr\u00e1ce Ma\u010farsk\u00e1 republika \u2013 Slovensk\u00e1 republika, \u201eBudujeme partnerstv\u00e1\u201c. Je spolo\u010dnou iniciat\u00edvou cezhrani\u010dnej spolupr\u00e1ce \u00dastavu geografie PF UPJ\u0160 a Centrom region\u00e1lnych \u0161t\u00fadi\u00ed Ma\u010farskej akad\u00e9mie vied v P\u00e9csi ako ved\u00facim partnerom.<\/td>\n<\/tr>\n<tr>\n<td valign=\"top\">Cie\u013eom projektu:<\/td>\n<td style=\"text-align: justify\">Zostavenie a vydanie kni\u017enej publik\u00e1cie, ktor\u00e1 by sl\u00fa\u017eila ako u\u010debnica geografie o Slovensku pre ma\u010farsk\u00fd vysoko\u0161kolsk\u00fdch \u0161tudentov a o Ma\u010farsku pre slovensk\u00fdch vysoko\u0161kolsk\u00fdch \u0161tudentov. Cie\u013eovou skupinou s\u00fa tie\u017e pracovn\u00edci org\u00e1nov \u0161t\u00e1tnej spr\u00e1vy a samospr\u00e1vy. U\u010debnica bude zostaven\u00e1 z pr\u00edspevkov ma\u010farsk\u00fdch a slovensk\u00fdch geografov.<\/td>\n<\/tr>\n<tr>\n<td valign=\"top\">Publika\u010dn\u00e9 v\u00fdstupy:<\/td>\n<td style=\"text-align: justify\">\n<p>\u00a0Zborn\u00edk skr\u00e1ten\u00fdch pr\u00edspevkov slovensk\u00fdch a ma\u010farsk\u00fdch autorov <span style=\"color:#003300\"><em>&#8222;Geografick\u00e9 poznatky bez hran\u00edc.\/F\u00f6ldrajzi szemel v\u00e9nyek hat\u00e1rok n\u00e9lk\u00fcl.&#8220;<\/em><\/span>\u00a0<\/p>\n<p>Zborn\u00edk je spolo\u010dn\u00fdm dielom MTA Region\u00e1lis Kutat\u00e1sok K\u00f6zpontja (P\u00e9cs) T\u00e9rs\u00e9gfejleszt\u00e9si Kutat\u00e1sok Oszt\u00e1lya (Budapest) a Univerzity Pavla Jozefa \u0160af\u00e1rika v Ko\u0161iciach.<\/p>\n<ul>\n<li><span id=\"fck_dom_range_temp_1287175657672_93\"><a href=\"\/pracoviska\/univerzitna-kniznica\/e-kniznica\/elektronicke-publikovanie\/ep-pfupjs\/\" target=\"_blank\" rel=\"noopener\">Pr\u00edspevky slovensk\u00fdch autorov<\/a><\/span><\/li>\n<li><span><a href=\"http:\/\/www.rkk.hu\/hu\/vezeto_hirek\/foldrajzi_dolgozatok_hatarok_nelkul.html\" target=\"_blank\" rel=\"noopener\">Pr\u00edspevky ma\u010farsk\u00fdch autorov<\/a><\/span><\/li>\n<\/ul>\n<\/td>\n<\/tr>\n<\/tbody>\n<\/table>\n<p>\u00a0<\/p>\n<p>\u00a0<\/p>\n<p> \u00a0<br \/> \u00a0<\/p>\n<p> \u00a0<\/p>\n<p> \u00a0<br \/> \u00a0<\/p>\n<p> \u00a0<\/p>\n","protected":false},"excerpt":{"rendered":"<p>\u00a0 \u00a0\u00a0\u00a0 N\u00e1zov projektu:\u00a0 U\u010dme sa jeden od druh\u00e9ho! \/ Tanuljunk egym\u00e1st\u00f3l! K\u00f3d projektu: \u00a0HUSK 0801\/1.6.1\/0003 Garant projektu za ved\u00faceho partnera: Dr. Istv\u00e1n Mezei, PhD. Garant projektu za UPJ\u0160: \u00a0RNDr. Du\u0161an Barabas, CSc. Opis a cie\u013e projektu: \u00a0 Projekt \u201cU\u010dme sa jeden od druh\u00e9ho!\u201d je financovan\u00fd Eur\u00f3pskym fondom region\u00e1lneho rozvoja (ERDF) v r\u00e1mci 1.v\u00fdzvy Programu &hellip; <a href=\"https:\/\/www.upjs.sk\/prirodovedecka-fakulta\/vonkajsie-vztahy\/erdf\/\">\u010c\u00edta\u0165 \u010falej<\/a><\/p>\n","protected":false},"author":1,"featured_media":14800,"parent":12994,"menu_order":5,"comment_status":"closed","ping_status":"closed","template":"","meta":{"_acf_changed":false,"_editorskit_title_hidden":false,"_editorskit_reading_time":0,"_editorskit_is_block_options_detached":false,"_editorskit_block_options_position":"{}","footnotes":""},"categories":[],"tags":[],"class_list":["post-14798","page","type-page","status-publish","has-post-thumbnail","hentry"],"acf":{"acf_link_na_externy_obsah":""},"yoast_head":"<!-- This site is optimized with the Yoast SEO plugin v27.4 - https:\/\/yoast.com\/product\/yoast-seo-wordpress\/ -->\n<title>Projekty financovan\u00e9 Eur\u00f3pskym fondom region\u00e1lneho rozvoja (ERDF) - Pr\u00edrodovedeck\u00e1 fakulta | UPJ\u0160<\/title>\n<meta name=\"robots\" content=\"index, follow, max-snippet:-1, max-image-preview:large, max-video-preview:-1\" \/>\n<link rel=\"canonical\" href=\"https:\/\/www.upjs.sk\/prirodovedecka-fakulta\/vonkajsie-vztahy\/erdf\/\" \/>\n<meta property=\"og:locale\" content=\"sk_SK\" \/>\n<meta property=\"og:type\" content=\"article\" \/>\n<meta property=\"og:title\" content=\"Projekty financovan\u00e9 Eur\u00f3pskym fondom region\u00e1lneho rozvoja (ERDF) - Pr\u00edrodovedeck\u00e1 fakulta | UPJ\u0160\" \/>\n<meta property=\"og:description\" content=\"\u00a0 \u00a0\u00a0\u00a0 N\u00e1zov projektu:\u00a0 U\u010dme sa jeden od druh\u00e9ho! \/ Tanuljunk egym\u00e1st\u00f3l! K\u00f3d projektu: \u00a0HUSK 0801\/1.6.1\/0003 Garant projektu za ved\u00faceho partnera: Dr. Istv\u00e1n Mezei, PhD. Garant projektu za UPJ\u0160: \u00a0RNDr. Du\u0161an Barabas, CSc. Opis a cie\u013e projektu: \u00a0 Projekt \u201cU\u010dme sa jeden od druh\u00e9ho!\u201d je financovan\u00fd Eur\u00f3pskym fondom region\u00e1lneho rozvoja (ERDF) v r\u00e1mci 1.v\u00fdzvy Programu &hellip; \u010c\u00edta\u0165 \u010falej\" \/>\n<meta property=\"og:url\" content=\"https:\/\/www.upjs.sk\/prirodovedecka-fakulta\/vonkajsie-vztahy\/erdf\/\" \/>\n<meta property=\"og:site_name\" content=\"Pr\u00edrodovedeck\u00e1 fakulta | UPJ\u0160\" \/>\n<meta property=\"article:modified_time\" content=\"2022-10-26T08:13:19+00:00\" \/>\n<meta property=\"og:image\" content=\"https:\/\/www.upjs.sk\/app\/uploads\/sites\/10\/2022\/09\/husk_logo_sk.jpg\" \/>\n\t<meta property=\"og:image:width\" content=\"1942\" \/>\n\t<meta property=\"og:image:height\" content=\"462\" \/>\n\t<meta property=\"og:image:type\" content=\"image\/jpeg\" \/>\n<meta name=\"twitter:card\" content=\"summary_large_image\" \/>\n<meta name=\"twitter:label1\" content=\"Predpokladan\u00fd \u010das \u010d\u00edtania\" \/>\n\t<meta name=\"twitter:data1\" content=\"1 min\u00fata\" \/>\n<script type=\"application\/ld+json\" class=\"yoast-schema-graph\">{\"@context\":\"https:\\\/\\\/schema.org\",\"@graph\":[{\"@type\":\"WebPage\",\"@id\":\"https:\\\/\\\/www.upjs.sk\\\/prirodovedecka-fakulta\\\/vonkajsie-vztahy\\\/erdf\\\/\",\"url\":\"https:\\\/\\\/www.upjs.sk\\\/prirodovedecka-fakulta\\\/vonkajsie-vztahy\\\/erdf\\\/\",\"name\":\"Projekty financovan\u00e9 Eur\u00f3pskym fondom region\u00e1lneho rozvoja (ERDF) - Pr\u00edrodovedeck\u00e1 fakulta | UPJ\u0160\",\"isPartOf\":{\"@id\":\"https:\\\/\\\/www.upjs.sk\\\/prirodovedecka-fakulta\\\/#website\"},\"primaryImageOfPage\":{\"@id\":\"https:\\\/\\\/www.upjs.sk\\\/prirodovedecka-fakulta\\\/vonkajsie-vztahy\\\/erdf\\\/#primaryimage\"},\"image\":{\"@id\":\"https:\\\/\\\/www.upjs.sk\\\/prirodovedecka-fakulta\\\/vonkajsie-vztahy\\\/erdf\\\/#primaryimage\"},\"thumbnailUrl\":\"https:\\\/\\\/www.upjs.sk\\\/app\\\/uploads\\\/sites\\\/10\\\/2022\\\/09\\\/husk_logo_sk.jpg\",\"datePublished\":\"2016-03-17T13:44:50+00:00\",\"dateModified\":\"2022-10-26T08:13:19+00:00\",\"breadcrumb\":{\"@id\":\"https:\\\/\\\/www.upjs.sk\\\/prirodovedecka-fakulta\\\/vonkajsie-vztahy\\\/erdf\\\/#breadcrumb\"},\"inLanguage\":\"sk-SK\",\"potentialAction\":[{\"@type\":\"ReadAction\",\"target\":[\"https:\\\/\\\/www.upjs.sk\\\/prirodovedecka-fakulta\\\/vonkajsie-vztahy\\\/erdf\\\/\"]}]},{\"@type\":\"ImageObject\",\"inLanguage\":\"sk-SK\",\"@id\":\"https:\\\/\\\/www.upjs.sk\\\/prirodovedecka-fakulta\\\/vonkajsie-vztahy\\\/erdf\\\/#primaryimage\",\"url\":\"https:\\\/\\\/www.upjs.sk\\\/app\\\/uploads\\\/sites\\\/10\\\/2022\\\/09\\\/husk_logo_sk.jpg\",\"contentUrl\":\"https:\\\/\\\/www.upjs.sk\\\/app\\\/uploads\\\/sites\\\/10\\\/2022\\\/09\\\/husk_logo_sk.jpg\",\"width\":1942,\"height\":462,\"caption\":\"erdf\"},{\"@type\":\"BreadcrumbList\",\"@id\":\"https:\\\/\\\/www.upjs.sk\\\/prirodovedecka-fakulta\\\/vonkajsie-vztahy\\\/erdf\\\/#breadcrumb\",\"itemListElement\":[{\"@type\":\"ListItem\",\"position\":1,\"name\":\"Home\",\"item\":\"https:\\\/\\\/www.upjs.sk\\\/prirodovedecka-fakulta\\\/\"},{\"@type\":\"ListItem\",\"position\":2,\"name\":\"Vonkaj\u0161ie vz\u0165ahy\",\"item\":\"https:\\\/\\\/www.upjs.sk\\\/prirodovedecka-fakulta\\\/vonkajsie-vztahy\\\/\"},{\"@type\":\"ListItem\",\"position\":3,\"name\":\"Projekty financovan\u00e9 Eur\u00f3pskym fondom region\u00e1lneho rozvoja (ERDF)\"}]},{\"@type\":\"WebSite\",\"@id\":\"https:\\\/\\\/www.upjs.sk\\\/prirodovedecka-fakulta\\\/#website\",\"url\":\"https:\\\/\\\/www.upjs.sk\\\/prirodovedecka-fakulta\\\/\",\"name\":\"Pr\u00edrodovedeck\u00e1 fakulta | UPJ\u0160\",\"description\":\"\",\"publisher\":{\"@id\":\"https:\\\/\\\/www.upjs.sk\\\/prirodovedecka-fakulta\\\/#organization\"},\"potentialAction\":[{\"@type\":\"SearchAction\",\"target\":{\"@type\":\"EntryPoint\",\"urlTemplate\":\"https:\\\/\\\/www.upjs.sk\\\/prirodovedecka-fakulta\\\/?s={search_term_string}\"},\"query-input\":{\"@type\":\"PropertyValueSpecification\",\"valueRequired\":true,\"valueName\":\"search_term_string\"}}],\"inLanguage\":\"sk-SK\"},{\"@type\":\"Organization\",\"@id\":\"https:\\\/\\\/www.upjs.sk\\\/prirodovedecka-fakulta\\\/#organization\",\"name\":\"Pr\u00edrodovedeck\u00e1 fakulta | UPJ\u0160\",\"url\":\"https:\\\/\\\/www.upjs.sk\\\/prirodovedecka-fakulta\\\/\",\"logo\":{\"@type\":\"ImageObject\",\"inLanguage\":\"sk-SK\",\"@id\":\"https:\\\/\\\/www.upjs.sk\\\/prirodovedecka-fakulta\\\/#\\\/schema\\\/logo\\\/image\\\/\",\"url\":\"https:\\\/\\\/www.upjs.sk\\\/app\\\/uploads\\\/sites\\\/10\\\/2022\\\/09\\\/logo-prirodovedecka-fakulta.png\",\"contentUrl\":\"https:\\\/\\\/www.upjs.sk\\\/app\\\/uploads\\\/sites\\\/10\\\/2022\\\/09\\\/logo-prirodovedecka-fakulta.png\",\"width\":415,\"height\":87,\"caption\":\"Pr\u00edrodovedeck\u00e1 fakulta | UPJ\u0160\"},\"image\":{\"@id\":\"https:\\\/\\\/www.upjs.sk\\\/prirodovedecka-fakulta\\\/#\\\/schema\\\/logo\\\/image\\\/\"}}]}<\/script>\n<!-- \/ Yoast SEO plugin. -->","yoast_head_json":{"title":"Projekty financovan\u00e9 Eur\u00f3pskym fondom region\u00e1lneho rozvoja (ERDF) - Pr\u00edrodovedeck\u00e1 fakulta | UPJ\u0160","robots":{"index":"index","follow":"follow","max-snippet":"max-snippet:-1","max-image-preview":"max-image-preview:large","max-video-preview":"max-video-preview:-1"},"canonical":"https:\/\/www.upjs.sk\/prirodovedecka-fakulta\/vonkajsie-vztahy\/erdf\/","og_locale":"sk_SK","og_type":"article","og_title":"Projekty financovan\u00e9 Eur\u00f3pskym fondom region\u00e1lneho rozvoja (ERDF) - Pr\u00edrodovedeck\u00e1 fakulta | UPJ\u0160","og_description":"\u00a0 \u00a0\u00a0\u00a0 N\u00e1zov projektu:\u00a0 U\u010dme sa jeden od druh\u00e9ho! \/ Tanuljunk egym\u00e1st\u00f3l! K\u00f3d projektu: \u00a0HUSK 0801\/1.6.1\/0003 Garant projektu za ved\u00faceho partnera: Dr. Istv\u00e1n Mezei, PhD. Garant projektu za UPJ\u0160: \u00a0RNDr. Du\u0161an Barabas, CSc. Opis a cie\u013e projektu: \u00a0 Projekt \u201cU\u010dme sa jeden od druh\u00e9ho!\u201d je financovan\u00fd Eur\u00f3pskym fondom region\u00e1lneho rozvoja (ERDF) v r\u00e1mci 1.v\u00fdzvy Programu &hellip; \u010c\u00edta\u0165 \u010falej","og_url":"https:\/\/www.upjs.sk\/prirodovedecka-fakulta\/vonkajsie-vztahy\/erdf\/","og_site_name":"Pr\u00edrodovedeck\u00e1 fakulta | UPJ\u0160","article_modified_time":"2022-10-26T08:13:19+00:00","og_image":[{"width":1942,"height":462,"url":"https:\/\/www.upjs.sk\/app\/uploads\/sites\/10\/2022\/09\/husk_logo_sk.jpg","type":"image\/jpeg"}],"twitter_card":"summary_large_image","twitter_misc":{"Predpokladan\u00fd \u010das \u010d\u00edtania":"1 min\u00fata"},"schema":{"@context":"https:\/\/schema.org","@graph":[{"@type":"WebPage","@id":"https:\/\/www.upjs.sk\/prirodovedecka-fakulta\/vonkajsie-vztahy\/erdf\/","url":"https:\/\/www.upjs.sk\/prirodovedecka-fakulta\/vonkajsie-vztahy\/erdf\/","name":"Projekty financovan\u00e9 Eur\u00f3pskym fondom region\u00e1lneho rozvoja (ERDF) - Pr\u00edrodovedeck\u00e1 fakulta | UPJ\u0160","isPartOf":{"@id":"https:\/\/www.upjs.sk\/prirodovedecka-fakulta\/#website"},"primaryImageOfPage":{"@id":"https:\/\/www.upjs.sk\/prirodovedecka-fakulta\/vonkajsie-vztahy\/erdf\/#primaryimage"},"image":{"@id":"https:\/\/www.upjs.sk\/prirodovedecka-fakulta\/vonkajsie-vztahy\/erdf\/#primaryimage"},"thumbnailUrl":"https:\/\/www.upjs.sk\/app\/uploads\/sites\/10\/2022\/09\/husk_logo_sk.jpg","datePublished":"2016-03-17T13:44:50+00:00","dateModified":"2022-10-26T08:13:19+00:00","breadcrumb":{"@id":"https:\/\/www.upjs.sk\/prirodovedecka-fakulta\/vonkajsie-vztahy\/erdf\/#breadcrumb"},"inLanguage":"sk-SK","potentialAction":[{"@type":"ReadAction","target":["https:\/\/www.upjs.sk\/prirodovedecka-fakulta\/vonkajsie-vztahy\/erdf\/"]}]},{"@type":"ImageObject","inLanguage":"sk-SK","@id":"https:\/\/www.upjs.sk\/prirodovedecka-fakulta\/vonkajsie-vztahy\/erdf\/#primaryimage","url":"https:\/\/www.upjs.sk\/app\/uploads\/sites\/10\/2022\/09\/husk_logo_sk.jpg","contentUrl":"https:\/\/www.upjs.sk\/app\/uploads\/sites\/10\/2022\/09\/husk_logo_sk.jpg","width":1942,"height":462,"caption":"erdf"},{"@type":"BreadcrumbList","@id":"https:\/\/www.upjs.sk\/prirodovedecka-fakulta\/vonkajsie-vztahy\/erdf\/#breadcrumb","itemListElement":[{"@type":"ListItem","position":1,"name":"Home","item":"https:\/\/www.upjs.sk\/prirodovedecka-fakulta\/"},{"@type":"ListItem","position":2,"name":"Vonkaj\u0161ie vz\u0165ahy","item":"https:\/\/www.upjs.sk\/prirodovedecka-fakulta\/vonkajsie-vztahy\/"},{"@type":"ListItem","position":3,"name":"Projekty financovan\u00e9 Eur\u00f3pskym fondom region\u00e1lneho rozvoja (ERDF)"}]},{"@type":"WebSite","@id":"https:\/\/www.upjs.sk\/prirodovedecka-fakulta\/#website","url":"https:\/\/www.upjs.sk\/prirodovedecka-fakulta\/","name":"Pr\u00edrodovedeck\u00e1 fakulta | UPJ\u0160","description":"","publisher":{"@id":"https:\/\/www.upjs.sk\/prirodovedecka-fakulta\/#organization"},"potentialAction":[{"@type":"SearchAction","target":{"@type":"EntryPoint","urlTemplate":"https:\/\/www.upjs.sk\/prirodovedecka-fakulta\/?s={search_term_string}"},"query-input":{"@type":"PropertyValueSpecification","valueRequired":true,"valueName":"search_term_string"}}],"inLanguage":"sk-SK"},{"@type":"Organization","@id":"https:\/\/www.upjs.sk\/prirodovedecka-fakulta\/#organization","name":"Pr\u00edrodovedeck\u00e1 fakulta | UPJ\u0160","url":"https:\/\/www.upjs.sk\/prirodovedecka-fakulta\/","logo":{"@type":"ImageObject","inLanguage":"sk-SK","@id":"https:\/\/www.upjs.sk\/prirodovedecka-fakulta\/#\/schema\/logo\/image\/","url":"https:\/\/www.upjs.sk\/app\/uploads\/sites\/10\/2022\/09\/logo-prirodovedecka-fakulta.png","contentUrl":"https:\/\/www.upjs.sk\/app\/uploads\/sites\/10\/2022\/09\/logo-prirodovedecka-fakulta.png","width":415,"height":87,"caption":"Pr\u00edrodovedeck\u00e1 fakulta | UPJ\u0160"},"image":{"@id":"https:\/\/www.upjs.sk\/prirodovedecka-fakulta\/#\/schema\/logo\/image\/"}}]}},"_links":{"self":[{"href":"https:\/\/www.upjs.sk\/prirodovedecka-fakulta\/wp-json\/wp\/v2\/pages\/14798","targetHints":{"allow":["GET"]}}],"collection":[{"href":"https:\/\/www.upjs.sk\/prirodovedecka-fakulta\/wp-json\/wp\/v2\/pages"}],"about":[{"href":"https:\/\/www.upjs.sk\/prirodovedecka-fakulta\/wp-json\/wp\/v2\/types\/page"}],"author":[{"embeddable":true,"href":"https:\/\/www.upjs.sk\/prirodovedecka-fakulta\/wp-json\/wp\/v2\/users\/1"}],"replies":[{"embeddable":true,"href":"https:\/\/www.upjs.sk\/prirodovedecka-fakulta\/wp-json\/wp\/v2\/comments?post=14798"}],"version-history":[{"count":1,"href":"https:\/\/www.upjs.sk\/prirodovedecka-fakulta\/wp-json\/wp\/v2\/pages\/14798\/revisions"}],"predecessor-version":[{"id":14799,"href":"https:\/\/www.upjs.sk\/prirodovedecka-fakulta\/wp-json\/wp\/v2\/pages\/14798\/revisions\/14799"}],"up":[{"embeddable":true,"href":"https:\/\/www.upjs.sk\/prirodovedecka-fakulta\/wp-json\/wp\/v2\/pages\/12994"}],"wp:featuredmedia":[{"embeddable":true,"href":"https:\/\/www.upjs.sk\/prirodovedecka-fakulta\/wp-json\/wp\/v2\/media\/14800"}],"wp:attachment":[{"href":"https:\/\/www.upjs.sk\/prirodovedecka-fakulta\/wp-json\/wp\/v2\/media?parent=14798"}],"wp:term":[{"taxonomy":"category","embeddable":true,"href":"https:\/\/www.upjs.sk\/prirodovedecka-fakulta\/wp-json\/wp\/v2\/categories?post=14798"},{"taxonomy":"post_tag","embeddable":true,"href":"https:\/\/www.upjs.sk\/prirodovedecka-fakulta\/wp-json\/wp\/v2\/tags?post=14798"}],"curies":[{"name":"wp","href":"https:\/\/api.w.org\/{rel}","templated":true}]}}