{"id":14860,"date":"2016-12-12T10:41:48","date_gmt":"2016-12-12T10:41:48","guid":{"rendered":"https:\/\/www.upjs.sk\/prirodovedecka-fakulta\/root\/absolventi\/clenovia-oz\/"},"modified":"2022-10-26T08:13:26","modified_gmt":"2022-10-26T08:13:26","slug":"clenovia-oz","status":"publish","type":"page","link":"https:\/\/www.upjs.sk\/prirodovedecka-fakulta\/absolventi\/clenovia-oz\/","title":{"rendered":"Zoznam \u010dlenov OZ Pr\u00edrodovedec k 15.1.2016"},"content":{"rendered":"<table border=\"0\" cellpadding=\"5\" cellspacing=\"0\" style=\"width:90%\">\n<tbody>\n<tr>\n<td>\u00a0<\/td>\n<td><strong>Meno a priezvisko<\/strong><\/td>\n<td><strong>Rok uk.<\/strong><\/td>\n<td>e-mail<\/td>\n<\/tr>\n<tr>\n<td style=\"text-align: right;\">1.<\/td>\n<td>Ba\u010dkor Martin<\/td>\n<td>\u00a0<\/td>\n<td><a href=\"mailto:martin.backor@upjs.sk\">martin.backor@upjs.sk<\/a><\/td>\n<\/tr>\n<tr>\n<td style=\"text-align: right;\">2.<\/td>\n<td>Bob\u00e1k Andrej<\/td>\n<td>1972<\/td>\n<td><a href=\"http:\/\/andrej.bobak@upjs.sk\">andrej.<\/a><a href=\"mailto:bobak@upjs.sk\">bobak@upjs.sk<\/a><\/td>\n<\/tr>\n<tr>\n<td style=\"text-align: right;\">3.<\/td>\n<td>Bere\u0161ov\u00e1 Monika<\/td>\n<td>1984<\/td>\n<td><a href=\"http:\/\/beresovamonika3@gmail.com\">beresovamonika3@gmail.com<\/a><\/td>\n<\/tr>\n<tr>\n<td style=\"text-align: right;\">4.<\/td>\n<td>\u010cell\u00e1rov\u00e1 Eva<\/td>\n<td>1978<\/td>\n<td><a href=\"http:\/\/eva.cellarova@upjs.sk\">eva.<\/a><a href=\"mailto:cellarova@upjs.sk\">cellarova@upjs.sk<\/a><\/td>\n<\/tr>\n<tr>\n<td style=\"text-align: right;\">5.<\/td>\n<td>\u010cern\u00e1k Juraj<\/td>\n<td>1980<\/td>\n<td><a href=\"http:\/\/juraj.cernak@upjs.sk\">juraj.<\/a><a href=\"mailto:cernak@upjs.sk\">cernak@upjs.sk<\/a><\/td>\n<\/tr>\n<tr>\n<td style=\"text-align: right;\">6.<\/td>\n<td>\u010curilla Jaroslav<\/td>\n<td>1982<\/td>\n<td><a href=\"mailto:jcurilla@sk.uss.com\">jcurilla@sk.uss.com<\/a><\/td>\n<\/tr>\n<tr>\n<td style=\"text-align: right;\">7.<\/td>\n<td>Dvorsk\u00fd \u0160tefan<\/td>\n<td>1981<\/td>\n<td><a href=\"http:\/\/steve@step.sk\">steve@step.sk<\/a><\/td>\n<\/tr>\n<tr>\n<td style=\"text-align: right;\">8.<\/td>\n<td>Feher Alexander<\/td>\n<td>1971<\/td>\n<td><a href=\"http:\/\/alexander.feher@upjs.sk\">alexander.<\/a><a href=\"mailto:feher@upjs.sk\">feher@upjs.sk<\/a><\/td>\n<\/tr>\n<tr>\n<td style=\"text-align: right;\">9.<\/td>\n<td>Firment Jozef<\/td>\n<td>1979<\/td>\n<td><a href=\"http:\/\/fpmlsro@stonline.sk\">fpmlsro@stonline.sk<\/a><\/td>\n<\/tr>\n<tr>\n<td style=\"text-align: right;\">10.<\/td>\n<td>Harvan Jozef<\/td>\n<td>1979<\/td>\n<td><a href=\"mailto:jozefharvan@nekopo.sk\">jozefharvan@nekopo.sk<\/a><\/td>\n<\/tr>\n<tr>\n<td style=\"text-align: right;\">11.<\/td>\n<td>Havrilov\u00e1 Katar\u00edna<\/td>\n<td>1978<\/td>\n<td><a href=\"mailto:katarina.havrilova@upjs.sk\">katarina.havrilova@upjs.sk<\/a><\/td>\n<\/tr>\n<tr>\n<td style=\"text-align: right;\">12.<\/td>\n<td>Imrich J\u00e1n<\/td>\n<td>1974<\/td>\n<td><a href=\"mailto:imrich@upjs.sk\">jan.imrich@upjs.sk<\/a><\/td>\n<\/tr>\n<tr>\n<td style=\"text-align: right;\">13.<\/td>\n<td>Ja\u0161\u010dur Michal<\/td>\n<td>198<\/td>\n<td><a href=\"http:\/\/michal.jascur@upjs.sk\">michal.jascur@upjs.sk<\/a><\/td>\n<\/tr>\n<tr>\n<td style=\"text-align: right;\">14.<\/td>\n<td>Juh\u00e1s Pavol<\/td>\n<td>1981<\/td>\n<td><a href=\"http:\/\/juhas.pavol@gmail.com\">juhas.pavol@gmail.com<\/a><\/td>\n<\/tr>\n<tr>\n<td style=\"text-align: right;\">15.<\/td>\n<td>Kim\u00e1kov\u00e1 Katar\u00edna<\/td>\n<td>1980<\/td>\n<td><a href=\"http:\/\/katarina.kimakova@upjs.sk\">katarina.<\/a><a href=\"mailto:kimakova@upjs.sk\">kimakova@upjs.sk<\/a><\/td>\n<\/tr>\n<tr>\n<td style=\"text-align: right;\">16.<\/td>\n<td>Keke\u0148\u00e1k Roman<\/td>\n<td>1989<\/td>\n<td><a href=\"http:\/\/roman.kekenak@toryconsulting.sk\">roman.kekenak@toryconsulting.sk<\/a><\/td>\n<\/tr>\n<tr>\n<td style=\"text-align: right;\">17.<\/td>\n<td>Kire\u0161 Mari\u00e1n<\/td>\n<td>1992<\/td>\n<td><a href=\"http:\/\/marian.kires@upjs.sk\">marian.kires@upjs.sk<\/a><\/td>\n<\/tr>\n<tr>\n<td style=\"text-align: right;\">18.<\/td>\n<td>Kov\u00e1\u010dik Miroslav<\/td>\n<td>1981<\/td>\n<td><a href=\"http:\/\/m_kovacik@stonline.sk\">m_kovacik@stonline.sk<\/a><\/td>\n<\/tr>\n<tr>\n<td style=\"text-align: right;\">19.<\/td>\n<td>Martonfi Pavol<\/td>\n<td>1989<\/td>\n<td><a href=\"http:\/\/pavol.martonfi @upjs.sk\">pavol.martonfi @upjs.sk<\/a><\/td>\n<\/tr>\n<tr>\n<td style=\"text-align: right;\">20.<\/td>\n<td>Ond\u00e1\u0161 Jozef<\/td>\n<td>1974<\/td>\n<td><a href=\"http:\/\/pavol.martonfi @upjs.sk\">pavol.martonfi @upjs.sk<\/a><\/td>\n<\/tr>\n<tr>\n<td style=\"text-align: right;\">21.<\/td>\n<td>Petru\u0161ka Igor<\/td>\n<td>1980<\/td>\n<td><a href=\"mailto:ipetruska@sk.uss.com\">ipetruska@sk.uss.com<\/a><\/td>\n<\/tr>\n<tr>\n<td style=\"text-align: right;\">22.<\/td>\n<td>Rychnavsk\u00fd \u0160tefan<\/td>\n<td>1976<\/td>\n<td><a href=\"mailto:szz.ksk@stonline.sk\">szz.ksk@stonline.sk<\/a><\/td>\n<\/tr>\n<tr>\n<td style=\"text-align: right;\">23.<\/td>\n<td>Sabol J\u00e1n<\/td>\n<td>1979<\/td>\n<td><a href=\"mailto:jsabol@stonline.sk\">jsabol@stonline.sk<\/a><\/td>\n<\/tr>\n<tr>\n<td style=\"text-align: right;\">24.<\/td>\n<td>Semani\u0161in Gabriel<\/td>\n<td>1993<\/td>\n<td><a href=\"http:\/\/gabriel.semanisin@upjs.sk\">gabriel.semanisin@upjs.sk<\/a><\/td>\n<\/tr>\n<tr>\n<td style=\"text-align: right;\">25.<\/td>\n<td>Smerek J\u00e1n<\/td>\n<td>1979<\/td>\n<td><a href=\"mailto:smerekj@icos.sk\">smerekj@icos.sk<\/a><\/td>\n<\/tr>\n<tr>\n<td style=\"text-align: right;\">26.<\/td>\n<td>Sot\u00e1k Roman<\/td>\n<td>1992<\/td>\n<td><a href=\"mailto:sotak@science.upjs.sk\">roman.sotak@upjs.sk<\/a><\/td>\n<\/tr>\n<tr>\n<td style=\"text-align: right;\">27.<\/td>\n<td>Sov\u00e1k Pavol<\/td>\n<td>1983<\/td>\n<td><a href=\"mailto:psovak@upjs.sk\">pavol.sovak.upjs.sk<\/a><\/td>\n<\/tr>\n<tr>\n<td style=\"text-align: right;\">28.<\/td>\n<td>\u0160enitko Du\u0161an<\/td>\n<td>1981<\/td>\n<td><a href=\"http:\/\/dsenitko@gmail.com\">dsenitko@gmail.com<\/a><\/td>\n<\/tr>\n<tr>\n<td style=\"text-align: right;\">29.<\/td>\n<td>\u0160tef\u00e1nyi Peter<\/td>\n<td>1985<\/td>\n<td><a href=\"mailto:peter.stefanyi@upjs.sk\">peter.stefanyi@upjs.sk<\/a><\/td>\n<\/tr>\n<tr>\n<td style=\"text-align: right;\">30.<\/td>\n<td>Szak\u00e1cs Peter<\/td>\n<td>1985<\/td>\n<td><a href=\"http:\/\/peter.szakacs@vszp.sk\">peter.szakacs@vszp.sk<\/a><\/td>\n<\/tr>\n<tr>\n<td style=\"text-align: right;\">31.<\/td>\n<td>\u0160veda Du\u0161an<\/td>\n<td>1981<\/td>\n<td><a href=\"mailto:sveda@science.upjs.sk\">dusan.sveda@upjs.sk<\/a><\/td>\n<\/tr>\n<tr>\n<td style=\"text-align: right;\">32.<\/td>\n<td>Tk\u00e1\u010d Michal<\/td>\n<td>1986<\/td>\n<td><a href=\"mailto:michal.tkac@upjs.sk\">michal.tkac@upjs.sk<\/a><\/td>\n<\/tr>\n<tr>\n<td style=\"text-align: right;\">33.<\/td>\n<td>Vasky Roman<\/td>\n<td>1994<\/td>\n<td><a href=\"http:\/\/vasky@vsl.sk\">vasky@vsl.sk<\/a><\/td>\n<\/tr>\n<tr>\n<td style=\"text-align: right;\">34.<\/td>\n<td>Vojtov\u00e1 Edita<\/td>\n<td>1981<\/td>\n<td><a href=\"http:\/\/edita.vojtova@upjs.sk\">edita.vojtova@upjs.sk<\/a><\/td>\n<\/tr>\n<tr>\n<td style=\"text-align: right;\">35.<\/td>\n<td>Zele\u0148\u00e1k Vladim\u00edr<\/td>\n<td>1992<\/td>\n<td><a href=\"http:\/\/vladimir.zelenak@upjs.sk\">vladimir.zelenak@upjs.sk<\/a><\/td>\n<\/tr>\n<\/tbody>\n<\/table>\n<p>\u00a0<\/p>\n","protected":false},"excerpt":{"rendered":"<p>\u00a0 Meno a priezvisko Rok uk. e-mail 1. Ba\u010dkor Martin \u00a0 martin.backor@upjs.sk 2. Bob\u00e1k Andrej 1972 andrej.bobak@upjs.sk 3. Bere\u0161ov\u00e1 Monika 1984 beresovamonika3@gmail.com 4. \u010cell\u00e1rov\u00e1 Eva 1978 eva.cellarova@upjs.sk 5. \u010cern\u00e1k Juraj 1980 juraj.cernak@upjs.sk 6. \u010curilla Jaroslav 1982 jcurilla@sk.uss.com 7. Dvorsk\u00fd \u0160tefan 1981 steve@step.sk 8. Feher Alexander 1971 alexander.feher@upjs.sk 9. Firment Jozef 1979 fpmlsro@stonline.sk 10. Harvan Jozef &hellip; <a href=\"https:\/\/www.upjs.sk\/prirodovedecka-fakulta\/absolventi\/clenovia-oz\/\">\u010c\u00edta\u0165 \u010falej<\/a><\/p>\n","protected":false},"author":1,"featured_media":0,"parent":13007,"menu_order":2,"comment_status":"closed","ping_status":"closed","template":"","meta":{"_acf_changed":false,"_editorskit_title_hidden":false,"_editorskit_reading_time":0,"_editorskit_is_block_options_detached":false,"_editorskit_block_options_position":"{}","footnotes":""},"categories":[],"tags":[],"class_list":["post-14860","page","type-page","status-publish","hentry"],"acf":{"acf_link_na_externy_obsah":""},"yoast_head":"<!-- This site is optimized with the Yoast SEO plugin v27.2 - https:\/\/yoast.com\/product\/yoast-seo-wordpress\/ -->\n<title>Zoznam \u010dlenov OZ Pr\u00edrodovedec k 15.1.2016 - Pr\u00edrodovedeck\u00e1 fakulta | UPJ\u0160<\/title>\n<meta name=\"robots\" content=\"index, follow, max-snippet:-1, max-image-preview:large, max-video-preview:-1\" \/>\n<link rel=\"canonical\" href=\"https:\/\/www.upjs.sk\/prirodovedecka-fakulta\/absolventi\/clenovia-oz\/\" \/>\n<meta property=\"og:locale\" content=\"sk_SK\" \/>\n<meta property=\"og:type\" content=\"article\" \/>\n<meta property=\"og:title\" content=\"Zoznam \u010dlenov OZ Pr\u00edrodovedec k 15.1.2016 - Pr\u00edrodovedeck\u00e1 fakulta | UPJ\u0160\" \/>\n<meta property=\"og:description\" content=\"\u00a0 Meno a priezvisko Rok uk. e-mail 1. Ba\u010dkor Martin \u00a0 martin.backor@upjs.sk 2. Bob\u00e1k Andrej 1972 andrej.bobak@upjs.sk 3. Bere\u0161ov\u00e1 Monika 1984 beresovamonika3@gmail.com 4. \u010cell\u00e1rov\u00e1 Eva 1978 eva.cellarova@upjs.sk 5. \u010cern\u00e1k Juraj 1980 juraj.cernak@upjs.sk 6. \u010curilla Jaroslav 1982 jcurilla@sk.uss.com 7. Dvorsk\u00fd \u0160tefan 1981 steve@step.sk 8. Feher Alexander 1971 alexander.feher@upjs.sk 9. Firment Jozef 1979 fpmlsro@stonline.sk 10. Harvan Jozef &hellip; \u010c\u00edta\u0165 \u010falej\" \/>\n<meta property=\"og:url\" content=\"https:\/\/www.upjs.sk\/prirodovedecka-fakulta\/absolventi\/clenovia-oz\/\" \/>\n<meta property=\"og:site_name\" content=\"Pr\u00edrodovedeck\u00e1 fakulta | UPJ\u0160\" \/>\n<meta property=\"article:modified_time\" content=\"2022-10-26T08:13:26+00:00\" \/>\n<meta name=\"twitter:card\" content=\"summary_large_image\" \/>\n<meta name=\"twitter:label1\" content=\"Predpokladan\u00fd \u010das \u010d\u00edtania\" \/>\n\t<meta name=\"twitter:data1\" content=\"1 min\u00fata\" \/>\n<script type=\"application\/ld+json\" class=\"yoast-schema-graph\">{\"@context\":\"https:\/\/schema.org\",\"@graph\":[{\"@type\":\"WebPage\",\"@id\":\"https:\/\/www.upjs.sk\/prirodovedecka-fakulta\/absolventi\/clenovia-oz\/\",\"url\":\"https:\/\/www.upjs.sk\/prirodovedecka-fakulta\/absolventi\/clenovia-oz\/\",\"name\":\"Zoznam \u010dlenov OZ Pr\u00edrodovedec k 15.1.2016 - Pr\u00edrodovedeck\u00e1 fakulta | UPJ\u0160\",\"isPartOf\":{\"@id\":\"https:\/\/www.upjs.sk\/prirodovedecka-fakulta\/#website\"},\"datePublished\":\"2016-12-12T10:41:48+00:00\",\"dateModified\":\"2022-10-26T08:13:26+00:00\",\"breadcrumb\":{\"@id\":\"https:\/\/www.upjs.sk\/prirodovedecka-fakulta\/absolventi\/clenovia-oz\/#breadcrumb\"},\"inLanguage\":\"sk-SK\",\"potentialAction\":[{\"@type\":\"ReadAction\",\"target\":[\"https:\/\/www.upjs.sk\/prirodovedecka-fakulta\/absolventi\/clenovia-oz\/\"]}]},{\"@type\":\"BreadcrumbList\",\"@id\":\"https:\/\/www.upjs.sk\/prirodovedecka-fakulta\/absolventi\/clenovia-oz\/#breadcrumb\",\"itemListElement\":[{\"@type\":\"ListItem\",\"position\":1,\"name\":\"Home\",\"item\":\"https:\/\/www.upjs.sk\/prirodovedecka-fakulta\/\"},{\"@type\":\"ListItem\",\"position\":2,\"name\":\"Inform\u00e1cie pre absolventov\",\"item\":\"https:\/\/www.upjs.sk\/prirodovedecka-fakulta\/?page_id=13007\"},{\"@type\":\"ListItem\",\"position\":3,\"name\":\"Zoznam \u010dlenov OZ Pr\u00edrodovedec k 15.1.2016\"}]},{\"@type\":\"WebSite\",\"@id\":\"https:\/\/www.upjs.sk\/prirodovedecka-fakulta\/#website\",\"url\":\"https:\/\/www.upjs.sk\/prirodovedecka-fakulta\/\",\"name\":\"Pr\u00edrodovedeck\u00e1 fakulta | UPJ\u0160\",\"description\":\"\",\"publisher\":{\"@id\":\"https:\/\/www.upjs.sk\/prirodovedecka-fakulta\/#organization\"},\"potentialAction\":[{\"@type\":\"SearchAction\",\"target\":{\"@type\":\"EntryPoint\",\"urlTemplate\":\"https:\/\/www.upjs.sk\/prirodovedecka-fakulta\/?s={search_term_string}\"},\"query-input\":{\"@type\":\"PropertyValueSpecification\",\"valueRequired\":true,\"valueName\":\"search_term_string\"}}],\"inLanguage\":\"sk-SK\"},{\"@type\":\"Organization\",\"@id\":\"https:\/\/www.upjs.sk\/prirodovedecka-fakulta\/#organization\",\"name\":\"Pr\u00edrodovedeck\u00e1 fakulta | UPJ\u0160\",\"url\":\"https:\/\/www.upjs.sk\/prirodovedecka-fakulta\/\",\"logo\":{\"@type\":\"ImageObject\",\"inLanguage\":\"sk-SK\",\"@id\":\"https:\/\/www.upjs.sk\/prirodovedecka-fakulta\/#\/schema\/logo\/image\/\",\"url\":\"https:\/\/www.upjs.sk\/app\/uploads\/sites\/10\/2022\/09\/logo-prirodovedecka-fakulta.png\",\"contentUrl\":\"https:\/\/www.upjs.sk\/app\/uploads\/sites\/10\/2022\/09\/logo-prirodovedecka-fakulta.png\",\"width\":415,\"height\":87,\"caption\":\"Pr\u00edrodovedeck\u00e1 fakulta | UPJ\u0160\"},\"image\":{\"@id\":\"https:\/\/www.upjs.sk\/prirodovedecka-fakulta\/#\/schema\/logo\/image\/\"}}]}<\/script>\n<!-- \/ Yoast SEO plugin. -->","yoast_head_json":{"title":"Zoznam \u010dlenov OZ Pr\u00edrodovedec k 15.1.2016 - Pr\u00edrodovedeck\u00e1 fakulta | UPJ\u0160","robots":{"index":"index","follow":"follow","max-snippet":"max-snippet:-1","max-image-preview":"max-image-preview:large","max-video-preview":"max-video-preview:-1"},"canonical":"https:\/\/www.upjs.sk\/prirodovedecka-fakulta\/absolventi\/clenovia-oz\/","og_locale":"sk_SK","og_type":"article","og_title":"Zoznam \u010dlenov OZ Pr\u00edrodovedec k 15.1.2016 - Pr\u00edrodovedeck\u00e1 fakulta | UPJ\u0160","og_description":"\u00a0 Meno a priezvisko Rok uk. e-mail 1. Ba\u010dkor Martin \u00a0 martin.backor@upjs.sk 2. Bob\u00e1k Andrej 1972 andrej.bobak@upjs.sk 3. Bere\u0161ov\u00e1 Monika 1984 beresovamonika3@gmail.com 4. \u010cell\u00e1rov\u00e1 Eva 1978 eva.cellarova@upjs.sk 5. \u010cern\u00e1k Juraj 1980 juraj.cernak@upjs.sk 6. \u010curilla Jaroslav 1982 jcurilla@sk.uss.com 7. Dvorsk\u00fd \u0160tefan 1981 steve@step.sk 8. Feher Alexander 1971 alexander.feher@upjs.sk 9. Firment Jozef 1979 fpmlsro@stonline.sk 10. Harvan Jozef &hellip; \u010c\u00edta\u0165 \u010falej","og_url":"https:\/\/www.upjs.sk\/prirodovedecka-fakulta\/absolventi\/clenovia-oz\/","og_site_name":"Pr\u00edrodovedeck\u00e1 fakulta | UPJ\u0160","article_modified_time":"2022-10-26T08:13:26+00:00","twitter_card":"summary_large_image","twitter_misc":{"Predpokladan\u00fd \u010das \u010d\u00edtania":"1 min\u00fata"},"schema":{"@context":"https:\/\/schema.org","@graph":[{"@type":"WebPage","@id":"https:\/\/www.upjs.sk\/prirodovedecka-fakulta\/absolventi\/clenovia-oz\/","url":"https:\/\/www.upjs.sk\/prirodovedecka-fakulta\/absolventi\/clenovia-oz\/","name":"Zoznam \u010dlenov OZ Pr\u00edrodovedec k 15.1.2016 - Pr\u00edrodovedeck\u00e1 fakulta | UPJ\u0160","isPartOf":{"@id":"https:\/\/www.upjs.sk\/prirodovedecka-fakulta\/#website"},"datePublished":"2016-12-12T10:41:48+00:00","dateModified":"2022-10-26T08:13:26+00:00","breadcrumb":{"@id":"https:\/\/www.upjs.sk\/prirodovedecka-fakulta\/absolventi\/clenovia-oz\/#breadcrumb"},"inLanguage":"sk-SK","potentialAction":[{"@type":"ReadAction","target":["https:\/\/www.upjs.sk\/prirodovedecka-fakulta\/absolventi\/clenovia-oz\/"]}]},{"@type":"BreadcrumbList","@id":"https:\/\/www.upjs.sk\/prirodovedecka-fakulta\/absolventi\/clenovia-oz\/#breadcrumb","itemListElement":[{"@type":"ListItem","position":1,"name":"Home","item":"https:\/\/www.upjs.sk\/prirodovedecka-fakulta\/"},{"@type":"ListItem","position":2,"name":"Inform\u00e1cie pre absolventov","item":"https:\/\/www.upjs.sk\/prirodovedecka-fakulta\/?page_id=13007"},{"@type":"ListItem","position":3,"name":"Zoznam \u010dlenov OZ Pr\u00edrodovedec k 15.1.2016"}]},{"@type":"WebSite","@id":"https:\/\/www.upjs.sk\/prirodovedecka-fakulta\/#website","url":"https:\/\/www.upjs.sk\/prirodovedecka-fakulta\/","name":"Pr\u00edrodovedeck\u00e1 fakulta | UPJ\u0160","description":"","publisher":{"@id":"https:\/\/www.upjs.sk\/prirodovedecka-fakulta\/#organization"},"potentialAction":[{"@type":"SearchAction","target":{"@type":"EntryPoint","urlTemplate":"https:\/\/www.upjs.sk\/prirodovedecka-fakulta\/?s={search_term_string}"},"query-input":{"@type":"PropertyValueSpecification","valueRequired":true,"valueName":"search_term_string"}}],"inLanguage":"sk-SK"},{"@type":"Organization","@id":"https:\/\/www.upjs.sk\/prirodovedecka-fakulta\/#organization","name":"Pr\u00edrodovedeck\u00e1 fakulta | UPJ\u0160","url":"https:\/\/www.upjs.sk\/prirodovedecka-fakulta\/","logo":{"@type":"ImageObject","inLanguage":"sk-SK","@id":"https:\/\/www.upjs.sk\/prirodovedecka-fakulta\/#\/schema\/logo\/image\/","url":"https:\/\/www.upjs.sk\/app\/uploads\/sites\/10\/2022\/09\/logo-prirodovedecka-fakulta.png","contentUrl":"https:\/\/www.upjs.sk\/app\/uploads\/sites\/10\/2022\/09\/logo-prirodovedecka-fakulta.png","width":415,"height":87,"caption":"Pr\u00edrodovedeck\u00e1 fakulta | UPJ\u0160"},"image":{"@id":"https:\/\/www.upjs.sk\/prirodovedecka-fakulta\/#\/schema\/logo\/image\/"}}]}},"_links":{"self":[{"href":"https:\/\/www.upjs.sk\/prirodovedecka-fakulta\/wp-json\/wp\/v2\/pages\/14860","targetHints":{"allow":["GET"]}}],"collection":[{"href":"https:\/\/www.upjs.sk\/prirodovedecka-fakulta\/wp-json\/wp\/v2\/pages"}],"about":[{"href":"https:\/\/www.upjs.sk\/prirodovedecka-fakulta\/wp-json\/wp\/v2\/types\/page"}],"author":[{"embeddable":true,"href":"https:\/\/www.upjs.sk\/prirodovedecka-fakulta\/wp-json\/wp\/v2\/users\/1"}],"replies":[{"embeddable":true,"href":"https:\/\/www.upjs.sk\/prirodovedecka-fakulta\/wp-json\/wp\/v2\/comments?post=14860"}],"version-history":[{"count":1,"href":"https:\/\/www.upjs.sk\/prirodovedecka-fakulta\/wp-json\/wp\/v2\/pages\/14860\/revisions"}],"predecessor-version":[{"id":19069,"href":"https:\/\/www.upjs.sk\/prirodovedecka-fakulta\/wp-json\/wp\/v2\/pages\/14860\/revisions\/19069"}],"up":[{"embeddable":true,"href":"https:\/\/www.upjs.sk\/prirodovedecka-fakulta\/wp-json\/wp\/v2\/pages\/13007"}],"wp:attachment":[{"href":"https:\/\/www.upjs.sk\/prirodovedecka-fakulta\/wp-json\/wp\/v2\/media?parent=14860"}],"wp:term":[{"taxonomy":"category","embeddable":true,"href":"https:\/\/www.upjs.sk\/prirodovedecka-fakulta\/wp-json\/wp\/v2\/categories?post=14860"},{"taxonomy":"post_tag","embeddable":true,"href":"https:\/\/www.upjs.sk\/prirodovedecka-fakulta\/wp-json\/wp\/v2\/tags?post=14860"}],"curies":[{"name":"wp","href":"https:\/\/api.w.org\/{rel}","templated":true}]}}