{"id":14866,"date":"2014-01-27T19:47:06","date_gmt":"2014-01-27T19:47:06","guid":{"rendered":"https:\/\/www.upjs.sk\/prirodovedecka-fakulta\/root\/absolventi\/as\/as-07022014\/"},"modified":"2022-10-26T08:13:29","modified_gmt":"2022-10-26T08:13:29","slug":"as-07022014","status":"publish","type":"page","link":"https:\/\/www.upjs.sk\/prirodovedecka-fakulta\/absolventi\/as\/as-07022014\/","title":{"rendered":"ALUMNI SPACE \u2013 De\u0148 otvoren\u00fdch dver\u00ed 7. febru\u00e1r 2014 (Moyzesova 11, posl.RB0A5)"},"content":{"rendered":"<p style=\"text-align: justify;\"> \tJe to priestor pre stretnutia\u00a0 \u0161tudentov stredn\u00fdch \u0161k\u00f4l, ale aj \u010fal\u0161\u00edch z\u00e1ujemcov z radov u\u010dite\u013eov a \u0161tudentov na\u0161ej fakulty, \u010di mimo nej, s absolventmi Pr\u00edrodovedeckej fakulty UPJ\u0160 v Ko\u0161iciach, ktor\u00ed sa \u00faspe\u0161ne uplat\u0148uj\u00fa v praxi. \u00a0Je to priestor dozvedie\u0165 sa viac o n\u00e1plni a charaktere ich pr\u00e1ce, no predov\u0161etk\u00fdm ich vyjadreniach, ako a \u010d\u00edm im pomohlo \u0161t\u00fadium pr\u00edrodn\u00fdch vied, matematiky a informatiky k \u00faspe\u0161nej sebarealiz\u00e1cii v praxi a naplnilo aj\u00a0 ich \u2026 <strong>cestu za \u00faspechom<\/strong>.<\/p>\n<h4 style=\"text-align: justify;\"> \tPozvan\u00ed hostia-absolventi:<\/h4>\n<ul>\n<li> \t\t<a href=\"\/prirodovedecka-fakulta\/absolventi\/as\/07022014-Vranova\/\"><strong>RNDr. Eva Vranov\u00e1, PhD.<\/strong><\/a><\/li>\n<\/ul>\n<p style=\"margin-left: 40px;\"> \t\u00dastav biologick\u00fdch a ekologick\u00fdch vied, Katedra genetiky, PF UPJ\u0160 Ko\u0161ice<br \/> \tOdbor a rok ukon\u010denia \u0161t\u00fadia: V\u0161eobecn\u00e1 biol\u00f3gia, 1995<br \/> \tT\u00e9ma prezent\u00e1cie:<strong><span style=\"color:#006400;\"> Rastliny ako chemick\u00e9 tov\u00e1rne<\/span><\/strong><\/p>\n<ul>\n<li> \t\t<a href=\"\/prirodovedecka-fakulta\/absolventi\/as\/07022014-Bombara\/\"><strong>RNDr. Marek Bombara, PhD.<\/strong><\/a><\/li>\n<\/ul>\n<p style=\"margin-left: 40px;\"> \t\u00dastav fyzik\u00e1lnych vied PF UPJ\u0160<br \/> \tOdbor a rok ukon\u010denia \u0161t\u00fadia: Fyzika, \u0161pecializ\u00e1cia Jadrov\u00e1 a subjadrov\u00e1 fyzika, 2001<br \/> \tT\u00e9ma prezent\u00e1cie::\u00a0 <strong><span style=\"color:#006400;\">Odkia\u013e z\u00edskali element\u00e1rne \u010dastice svoju hmotnos\u0165?<\/span><\/strong><\/p>\n<ul>\n<li> \t\t<a href=\"\/prirodovedecka-fakulta\/absolventi\/as\/07022014-Harakaly\/\"><strong>RNDr. R\u00f3bert Harakaly, PhD.<\/strong><\/a><\/li>\n<\/ul>\n<p style=\"margin-left: 40px;\"> \tD-Core Systems, S.A., Nyon, \u0160vaj\u010diarsko, hlavn\u00fd technologicky riadite\u013e<br \/> \tOdbor a rok ukon\u010denia \u0161t\u00fadia:Fyzika tuh\u00fdch l\u00e1tok, 1993<br \/> \tT\u00e9ma prezent\u00e1cie:: <strong><span style=\"color:#006400;\">Od supratekutosti k biznisu<\/span><\/strong><\/p>\n<ul>\n<li> \t\t<a href=\"http:\/\/ais-old.upjs.sk\/prezentacia.jsp?name=semanig0\" target=\"_blank\" rel=\"noopener\"><strong>doc. RNDr. Gabriel Semani\u0161in, PhD.<\/strong><\/a><strong>, dekan PF UPJ\u0160<\/strong><\/li>\n<\/ul>\n<p style=\"margin-left: 40px;\"> \tOdbor a rok ukon\u010denia \u0161t\u00fadia: Teoretick\u00e1 kybernetika, matematick\u00e1 informatika a te\u00f3ria syst\u00e9mov, 1993<br \/> \tT\u00e9ma prezent\u00e1cie: <a href=\"https:\/\/www.upjs.sk\/prirodovedecka-fakulta\/10074\"><strong>SAP \u2013 v\u00fdzva pre informatikov<\/strong><\/a><br \/> \t\u00a0<\/p>\n<p style=\"margin-left: 40px; text-align: center;\"> \t<img decoding=\"async\" alt=\"\" src=\"http:\/\/www.upjs.sk\/\/app\/uploads\/sites\/10\/2022\/09\/plagat_Alumni_07022014.jpg\" style=\"width: 453px; height: 640px;\" \/><\/p>\n","protected":false},"excerpt":{"rendered":"<p>Je to priestor pre stretnutia\u00a0 \u0161tudentov stredn\u00fdch \u0161k\u00f4l, ale aj \u010fal\u0161\u00edch z\u00e1ujemcov z radov u\u010dite\u013eov a \u0161tudentov na\u0161ej fakulty, \u010di mimo nej, s absolventmi Pr\u00edrodovedeckej fakulty UPJ\u0160 v Ko\u0161iciach, ktor\u00ed sa \u00faspe\u0161ne uplat\u0148uj\u00fa v praxi. \u00a0Je to priestor dozvedie\u0165 sa viac o n\u00e1plni a charaktere ich pr\u00e1ce, no predov\u0161etk\u00fdm ich vyjadreniach, ako a \u010d\u00edm im &hellip; <a href=\"https:\/\/www.upjs.sk\/prirodovedecka-fakulta\/absolventi\/as\/as-07022014\/\">\u010c\u00edta\u0165 \u010falej<\/a><\/p>\n","protected":false},"author":1,"featured_media":14867,"parent":13020,"menu_order":1,"comment_status":"closed","ping_status":"closed","template":"","meta":{"_acf_changed":false,"_editorskit_title_hidden":false,"_editorskit_reading_time":0,"_editorskit_is_block_options_detached":false,"_editorskit_block_options_position":"{}","footnotes":""},"categories":[],"tags":[],"class_list":["post-14866","page","type-page","status-publish","has-post-thumbnail","hentry"],"acf":{"acf_link_na_externy_obsah":""},"yoast_head":"<!-- This site is optimized with the Yoast SEO plugin v27.2 - https:\/\/yoast.com\/product\/yoast-seo-wordpress\/ -->\n<title>ALUMNI SPACE \u2013 De\u0148 otvoren\u00fdch dver\u00ed 7. febru\u00e1r 2014 (Moyzesova 11, posl.RB0A5) - Pr\u00edrodovedeck\u00e1 fakulta | UPJ\u0160<\/title>\n<meta name=\"robots\" content=\"index, follow, max-snippet:-1, max-image-preview:large, max-video-preview:-1\" \/>\n<link rel=\"canonical\" href=\"https:\/\/www.upjs.sk\/prirodovedecka-fakulta\/absolventi\/as\/as-07022014\/\" \/>\n<meta property=\"og:locale\" content=\"sk_SK\" \/>\n<meta property=\"og:type\" content=\"article\" \/>\n<meta property=\"og:title\" content=\"ALUMNI SPACE \u2013 De\u0148 otvoren\u00fdch dver\u00ed 7. febru\u00e1r 2014 (Moyzesova 11, posl.RB0A5) - Pr\u00edrodovedeck\u00e1 fakulta | UPJ\u0160\" \/>\n<meta property=\"og:description\" content=\"Je to priestor pre stretnutia\u00a0 \u0161tudentov stredn\u00fdch \u0161k\u00f4l, ale aj \u010fal\u0161\u00edch z\u00e1ujemcov z radov u\u010dite\u013eov a \u0161tudentov na\u0161ej fakulty, \u010di mimo nej, s absolventmi Pr\u00edrodovedeckej fakulty UPJ\u0160 v Ko\u0161iciach, ktor\u00ed sa \u00faspe\u0161ne uplat\u0148uj\u00fa v praxi. \u00a0Je to priestor dozvedie\u0165 sa viac o n\u00e1plni a charaktere ich pr\u00e1ce, no predov\u0161etk\u00fdm ich vyjadreniach, ako a \u010d\u00edm im &hellip; \u010c\u00edta\u0165 \u010falej\" \/>\n<meta property=\"og:url\" content=\"https:\/\/www.upjs.sk\/prirodovedecka-fakulta\/absolventi\/as\/as-07022014\/\" \/>\n<meta property=\"og:site_name\" content=\"Pr\u00edrodovedeck\u00e1 fakulta | UPJ\u0160\" \/>\n<meta property=\"article:modified_time\" content=\"2022-10-26T08:13:29+00:00\" \/>\n<meta property=\"og:image\" content=\"https:\/\/www.upjs.sk\/app\/uploads\/sites\/10\/2022\/09\/plagat_Alumni_07022014.jpg\" \/>\n\t<meta property=\"og:image:width\" content=\"453\" \/>\n\t<meta property=\"og:image:height\" content=\"640\" \/>\n\t<meta property=\"og:image:type\" content=\"image\/jpeg\" \/>\n<meta name=\"twitter:card\" content=\"summary_large_image\" \/>\n<meta name=\"twitter:label1\" content=\"Predpokladan\u00fd \u010das \u010d\u00edtania\" \/>\n\t<meta name=\"twitter:data1\" content=\"1 min\u00fata\" \/>\n<script type=\"application\/ld+json\" class=\"yoast-schema-graph\">{\"@context\":\"https:\/\/schema.org\",\"@graph\":[{\"@type\":\"WebPage\",\"@id\":\"https:\/\/www.upjs.sk\/prirodovedecka-fakulta\/absolventi\/as\/as-07022014\/\",\"url\":\"https:\/\/www.upjs.sk\/prirodovedecka-fakulta\/absolventi\/as\/as-07022014\/\",\"name\":\"ALUMNI SPACE \u2013 De\u0148 otvoren\u00fdch dver\u00ed 7. febru\u00e1r 2014 (Moyzesova 11, posl.RB0A5) - Pr\u00edrodovedeck\u00e1 fakulta | UPJ\u0160\",\"isPartOf\":{\"@id\":\"https:\/\/www.upjs.sk\/prirodovedecka-fakulta\/#website\"},\"primaryImageOfPage\":{\"@id\":\"https:\/\/www.upjs.sk\/prirodovedecka-fakulta\/absolventi\/as\/as-07022014\/#primaryimage\"},\"image\":{\"@id\":\"https:\/\/www.upjs.sk\/prirodovedecka-fakulta\/absolventi\/as\/as-07022014\/#primaryimage\"},\"thumbnailUrl\":\"https:\/\/www.upjs.sk\/app\/uploads\/sites\/10\/2022\/09\/plagat_Alumni_07022014.jpg\",\"datePublished\":\"2014-01-27T19:47:06+00:00\",\"dateModified\":\"2022-10-26T08:13:29+00:00\",\"breadcrumb\":{\"@id\":\"https:\/\/www.upjs.sk\/prirodovedecka-fakulta\/absolventi\/as\/as-07022014\/#breadcrumb\"},\"inLanguage\":\"sk-SK\",\"potentialAction\":[{\"@type\":\"ReadAction\",\"target\":[\"https:\/\/www.upjs.sk\/prirodovedecka-fakulta\/absolventi\/as\/as-07022014\/\"]}]},{\"@type\":\"ImageObject\",\"inLanguage\":\"sk-SK\",\"@id\":\"https:\/\/www.upjs.sk\/prirodovedecka-fakulta\/absolventi\/as\/as-07022014\/#primaryimage\",\"url\":\"https:\/\/www.upjs.sk\/app\/uploads\/sites\/10\/2022\/09\/plagat_Alumni_07022014.jpg\",\"contentUrl\":\"https:\/\/www.upjs.sk\/app\/uploads\/sites\/10\/2022\/09\/plagat_Alumni_07022014.jpg\",\"width\":453,\"height\":640,\"caption\":\"AS-07022014\"},{\"@type\":\"BreadcrumbList\",\"@id\":\"https:\/\/www.upjs.sk\/prirodovedecka-fakulta\/absolventi\/as\/as-07022014\/#breadcrumb\",\"itemListElement\":[{\"@type\":\"ListItem\",\"position\":1,\"name\":\"Home\",\"item\":\"https:\/\/www.upjs.sk\/prirodovedecka-fakulta\/\"},{\"@type\":\"ListItem\",\"position\":2,\"name\":\"Inform\u00e1cie pre absolventov\",\"item\":\"https:\/\/www.upjs.sk\/prirodovedecka-fakulta\/?page_id=13007\"},{\"@type\":\"ListItem\",\"position\":3,\"name\":\"ALUMNI SPACE &#8230;.cesta za \u00faspechom\",\"item\":\"https:\/\/www.upjs.sk\/prirodovedecka-fakulta\/absolventi\/as\/\"},{\"@type\":\"ListItem\",\"position\":4,\"name\":\"ALUMNI SPACE \u2013 De\u0148 otvoren\u00fdch dver\u00ed 7. febru\u00e1r 2014 (Moyzesova 11, posl.RB0A5)\"}]},{\"@type\":\"WebSite\",\"@id\":\"https:\/\/www.upjs.sk\/prirodovedecka-fakulta\/#website\",\"url\":\"https:\/\/www.upjs.sk\/prirodovedecka-fakulta\/\",\"name\":\"Pr\u00edrodovedeck\u00e1 fakulta | UPJ\u0160\",\"description\":\"\",\"publisher\":{\"@id\":\"https:\/\/www.upjs.sk\/prirodovedecka-fakulta\/#organization\"},\"potentialAction\":[{\"@type\":\"SearchAction\",\"target\":{\"@type\":\"EntryPoint\",\"urlTemplate\":\"https:\/\/www.upjs.sk\/prirodovedecka-fakulta\/?s={search_term_string}\"},\"query-input\":{\"@type\":\"PropertyValueSpecification\",\"valueRequired\":true,\"valueName\":\"search_term_string\"}}],\"inLanguage\":\"sk-SK\"},{\"@type\":\"Organization\",\"@id\":\"https:\/\/www.upjs.sk\/prirodovedecka-fakulta\/#organization\",\"name\":\"Pr\u00edrodovedeck\u00e1 fakulta | UPJ\u0160\",\"url\":\"https:\/\/www.upjs.sk\/prirodovedecka-fakulta\/\",\"logo\":{\"@type\":\"ImageObject\",\"inLanguage\":\"sk-SK\",\"@id\":\"https:\/\/www.upjs.sk\/prirodovedecka-fakulta\/#\/schema\/logo\/image\/\",\"url\":\"https:\/\/www.upjs.sk\/app\/uploads\/sites\/10\/2022\/09\/logo-prirodovedecka-fakulta.png\",\"contentUrl\":\"https:\/\/www.upjs.sk\/app\/uploads\/sites\/10\/2022\/09\/logo-prirodovedecka-fakulta.png\",\"width\":415,\"height\":87,\"caption\":\"Pr\u00edrodovedeck\u00e1 fakulta | UPJ\u0160\"},\"image\":{\"@id\":\"https:\/\/www.upjs.sk\/prirodovedecka-fakulta\/#\/schema\/logo\/image\/\"}}]}<\/script>\n<!-- \/ Yoast SEO plugin. -->","yoast_head_json":{"title":"ALUMNI SPACE \u2013 De\u0148 otvoren\u00fdch dver\u00ed 7. febru\u00e1r 2014 (Moyzesova 11, posl.RB0A5) - Pr\u00edrodovedeck\u00e1 fakulta | UPJ\u0160","robots":{"index":"index","follow":"follow","max-snippet":"max-snippet:-1","max-image-preview":"max-image-preview:large","max-video-preview":"max-video-preview:-1"},"canonical":"https:\/\/www.upjs.sk\/prirodovedecka-fakulta\/absolventi\/as\/as-07022014\/","og_locale":"sk_SK","og_type":"article","og_title":"ALUMNI SPACE \u2013 De\u0148 otvoren\u00fdch dver\u00ed 7. febru\u00e1r 2014 (Moyzesova 11, posl.RB0A5) - Pr\u00edrodovedeck\u00e1 fakulta | UPJ\u0160","og_description":"Je to priestor pre stretnutia\u00a0 \u0161tudentov stredn\u00fdch \u0161k\u00f4l, ale aj \u010fal\u0161\u00edch z\u00e1ujemcov z radov u\u010dite\u013eov a \u0161tudentov na\u0161ej fakulty, \u010di mimo nej, s absolventmi Pr\u00edrodovedeckej fakulty UPJ\u0160 v Ko\u0161iciach, ktor\u00ed sa \u00faspe\u0161ne uplat\u0148uj\u00fa v praxi. \u00a0Je to priestor dozvedie\u0165 sa viac o n\u00e1plni a charaktere ich pr\u00e1ce, no predov\u0161etk\u00fdm ich vyjadreniach, ako a \u010d\u00edm im &hellip; \u010c\u00edta\u0165 \u010falej","og_url":"https:\/\/www.upjs.sk\/prirodovedecka-fakulta\/absolventi\/as\/as-07022014\/","og_site_name":"Pr\u00edrodovedeck\u00e1 fakulta | UPJ\u0160","article_modified_time":"2022-10-26T08:13:29+00:00","og_image":[{"width":453,"height":640,"url":"https:\/\/www.upjs.sk\/app\/uploads\/sites\/10\/2022\/09\/plagat_Alumni_07022014.jpg","type":"image\/jpeg"}],"twitter_card":"summary_large_image","twitter_misc":{"Predpokladan\u00fd \u010das \u010d\u00edtania":"1 min\u00fata"},"schema":{"@context":"https:\/\/schema.org","@graph":[{"@type":"WebPage","@id":"https:\/\/www.upjs.sk\/prirodovedecka-fakulta\/absolventi\/as\/as-07022014\/","url":"https:\/\/www.upjs.sk\/prirodovedecka-fakulta\/absolventi\/as\/as-07022014\/","name":"ALUMNI SPACE \u2013 De\u0148 otvoren\u00fdch dver\u00ed 7. febru\u00e1r 2014 (Moyzesova 11, posl.RB0A5) - Pr\u00edrodovedeck\u00e1 fakulta | UPJ\u0160","isPartOf":{"@id":"https:\/\/www.upjs.sk\/prirodovedecka-fakulta\/#website"},"primaryImageOfPage":{"@id":"https:\/\/www.upjs.sk\/prirodovedecka-fakulta\/absolventi\/as\/as-07022014\/#primaryimage"},"image":{"@id":"https:\/\/www.upjs.sk\/prirodovedecka-fakulta\/absolventi\/as\/as-07022014\/#primaryimage"},"thumbnailUrl":"https:\/\/www.upjs.sk\/app\/uploads\/sites\/10\/2022\/09\/plagat_Alumni_07022014.jpg","datePublished":"2014-01-27T19:47:06+00:00","dateModified":"2022-10-26T08:13:29+00:00","breadcrumb":{"@id":"https:\/\/www.upjs.sk\/prirodovedecka-fakulta\/absolventi\/as\/as-07022014\/#breadcrumb"},"inLanguage":"sk-SK","potentialAction":[{"@type":"ReadAction","target":["https:\/\/www.upjs.sk\/prirodovedecka-fakulta\/absolventi\/as\/as-07022014\/"]}]},{"@type":"ImageObject","inLanguage":"sk-SK","@id":"https:\/\/www.upjs.sk\/prirodovedecka-fakulta\/absolventi\/as\/as-07022014\/#primaryimage","url":"https:\/\/www.upjs.sk\/app\/uploads\/sites\/10\/2022\/09\/plagat_Alumni_07022014.jpg","contentUrl":"https:\/\/www.upjs.sk\/app\/uploads\/sites\/10\/2022\/09\/plagat_Alumni_07022014.jpg","width":453,"height":640,"caption":"AS-07022014"},{"@type":"BreadcrumbList","@id":"https:\/\/www.upjs.sk\/prirodovedecka-fakulta\/absolventi\/as\/as-07022014\/#breadcrumb","itemListElement":[{"@type":"ListItem","position":1,"name":"Home","item":"https:\/\/www.upjs.sk\/prirodovedecka-fakulta\/"},{"@type":"ListItem","position":2,"name":"Inform\u00e1cie pre absolventov","item":"https:\/\/www.upjs.sk\/prirodovedecka-fakulta\/?page_id=13007"},{"@type":"ListItem","position":3,"name":"ALUMNI SPACE &#8230;.cesta za \u00faspechom","item":"https:\/\/www.upjs.sk\/prirodovedecka-fakulta\/absolventi\/as\/"},{"@type":"ListItem","position":4,"name":"ALUMNI SPACE \u2013 De\u0148 otvoren\u00fdch dver\u00ed 7. febru\u00e1r 2014 (Moyzesova 11, posl.RB0A5)"}]},{"@type":"WebSite","@id":"https:\/\/www.upjs.sk\/prirodovedecka-fakulta\/#website","url":"https:\/\/www.upjs.sk\/prirodovedecka-fakulta\/","name":"Pr\u00edrodovedeck\u00e1 fakulta | UPJ\u0160","description":"","publisher":{"@id":"https:\/\/www.upjs.sk\/prirodovedecka-fakulta\/#organization"},"potentialAction":[{"@type":"SearchAction","target":{"@type":"EntryPoint","urlTemplate":"https:\/\/www.upjs.sk\/prirodovedecka-fakulta\/?s={search_term_string}"},"query-input":{"@type":"PropertyValueSpecification","valueRequired":true,"valueName":"search_term_string"}}],"inLanguage":"sk-SK"},{"@type":"Organization","@id":"https:\/\/www.upjs.sk\/prirodovedecka-fakulta\/#organization","name":"Pr\u00edrodovedeck\u00e1 fakulta | UPJ\u0160","url":"https:\/\/www.upjs.sk\/prirodovedecka-fakulta\/","logo":{"@type":"ImageObject","inLanguage":"sk-SK","@id":"https:\/\/www.upjs.sk\/prirodovedecka-fakulta\/#\/schema\/logo\/image\/","url":"https:\/\/www.upjs.sk\/app\/uploads\/sites\/10\/2022\/09\/logo-prirodovedecka-fakulta.png","contentUrl":"https:\/\/www.upjs.sk\/app\/uploads\/sites\/10\/2022\/09\/logo-prirodovedecka-fakulta.png","width":415,"height":87,"caption":"Pr\u00edrodovedeck\u00e1 fakulta | UPJ\u0160"},"image":{"@id":"https:\/\/www.upjs.sk\/prirodovedecka-fakulta\/#\/schema\/logo\/image\/"}}]}},"_links":{"self":[{"href":"https:\/\/www.upjs.sk\/prirodovedecka-fakulta\/wp-json\/wp\/v2\/pages\/14866","targetHints":{"allow":["GET"]}}],"collection":[{"href":"https:\/\/www.upjs.sk\/prirodovedecka-fakulta\/wp-json\/wp\/v2\/pages"}],"about":[{"href":"https:\/\/www.upjs.sk\/prirodovedecka-fakulta\/wp-json\/wp\/v2\/types\/page"}],"author":[{"embeddable":true,"href":"https:\/\/www.upjs.sk\/prirodovedecka-fakulta\/wp-json\/wp\/v2\/users\/1"}],"replies":[{"embeddable":true,"href":"https:\/\/www.upjs.sk\/prirodovedecka-fakulta\/wp-json\/wp\/v2\/comments?post=14866"}],"version-history":[{"count":1,"href":"https:\/\/www.upjs.sk\/prirodovedecka-fakulta\/wp-json\/wp\/v2\/pages\/14866\/revisions"}],"predecessor-version":[{"id":14868,"href":"https:\/\/www.upjs.sk\/prirodovedecka-fakulta\/wp-json\/wp\/v2\/pages\/14866\/revisions\/14868"}],"up":[{"embeddable":true,"href":"https:\/\/www.upjs.sk\/prirodovedecka-fakulta\/wp-json\/wp\/v2\/pages\/13020"}],"wp:featuredmedia":[{"embeddable":true,"href":"https:\/\/www.upjs.sk\/prirodovedecka-fakulta\/wp-json\/wp\/v2\/media\/14867"}],"wp:attachment":[{"href":"https:\/\/www.upjs.sk\/prirodovedecka-fakulta\/wp-json\/wp\/v2\/media?parent=14866"}],"wp:term":[{"taxonomy":"category","embeddable":true,"href":"https:\/\/www.upjs.sk\/prirodovedecka-fakulta\/wp-json\/wp\/v2\/categories?post=14866"},{"taxonomy":"post_tag","embeddable":true,"href":"https:\/\/www.upjs.sk\/prirodovedecka-fakulta\/wp-json\/wp\/v2\/tags?post=14866"}],"curies":[{"name":"wp","href":"https:\/\/api.w.org\/{rel}","templated":true}]}}