{"id":14937,"date":"2021-08-20T15:28:53","date_gmt":"2021-08-20T15:28:53","guid":{"rendered":"https:\/\/www.upjs.sk\/prirodovedecka-fakulta\/root\/fakulta\/sekretariat\/"},"modified":"2025-03-14T14:21:20","modified_gmt":"2025-03-14T13:21:20","slug":"sekretariat","status":"publish","type":"page","link":"https:\/\/www.upjs.sk\/prirodovedecka-fakulta\/fakulta\/sekretariat\/","title":{"rendered":"Sekretari\u00e1t dekana a tajomn\u00ed\u010dky"},"content":{"rendered":"\n<p class=\"has-medium-font-size\"><strong>Adresa:<\/strong> \u0160rob\u00e1rova 2, 041&nbsp;54 Ko\u0161ice<br><strong>Telef\u00f3nne \u010d\u00edslo:<\/strong> 055 \/ 234 2181<\/p>\n\n\n<style>.kb-row-layout-id14937_359113-62 > .kt-row-column-wrap{align-content:start;}:where(.kb-row-layout-id14937_359113-62 > .kt-row-column-wrap) > .wp-block-kadence-column{justify-content:start;}.kb-row-layout-id14937_359113-62 > .kt-row-column-wrap{column-gap:var(--global-kb-gap-md, 2rem);row-gap:var(--global-kb-gap-md, 2rem);padding-top:0px;padding-bottom:25px;grid-template-columns:repeat(2, minmax(0, 1fr));}.kb-row-layout-id14937_359113-62 > .kt-row-layout-overlay{opacity:0.30;}@media all and (max-width: 1024px){.kb-row-layout-id14937_359113-62 > .kt-row-column-wrap{grid-template-columns:repeat(2, minmax(0, 1fr));}}@media all and (max-width: 767px){.kb-row-layout-id14937_359113-62 > .kt-row-column-wrap{grid-template-columns:minmax(0, 1fr);}}<\/style><div class=\"kb-row-layout-wrap kb-row-layout-id14937_359113-62 alignnone wp-block-kadence-rowlayout\"><div class=\"kt-row-column-wrap kt-has-2-columns kt-row-layout-equal kt-tab-layout-inherit kt-mobile-layout-row kt-row-valign-top\">\n<style>.kadence-column14937_540472-dd > .kt-inside-inner-col,.kadence-column14937_540472-dd > .kt-inside-inner-col:before{border-top-left-radius:0px;border-top-right-radius:0px;border-bottom-right-radius:0px;border-bottom-left-radius:0px;}.kadence-column14937_540472-dd > .kt-inside-inner-col{column-gap:var(--global-kb-gap-sm, 1rem);}.kadence-column14937_540472-dd > .kt-inside-inner-col{flex-direction:column;}.kadence-column14937_540472-dd > .kt-inside-inner-col > .aligncenter{width:100%;}.kadence-column14937_540472-dd > .kt-inside-inner-col:before{opacity:0.3;}.kadence-column14937_540472-dd{position:relative;}@media all and (max-width: 1024px){.kadence-column14937_540472-dd > .kt-inside-inner-col{flex-direction:column;justify-content:center;}}@media all and (max-width: 767px){.kadence-column14937_540472-dd > .kt-inside-inner-col{flex-direction:column;justify-content:center;}}<\/style>\n<div class=\"wp-block-kadence-column kadence-column14937_540472-dd inner-column-1\"><div class=\"kt-inside-inner-col\">\n<p>Ved\u00faca sekretari\u00e1tu:<\/p>\n\n\n<style>.kb-image14937_acbce6-6e .kb-image-has-overlay:after{opacity:0.3;}.kb-image14937_acbce6-6e img.kb-img, .kb-image14937_acbce6-6e .kb-img img{box-shadow:7px 7px 14px 0px #008338;}<\/style>\n<figure class=\"wp-block-kadence-image kb-image14937_acbce6-6e size-full\"><img loading=\"lazy\" decoding=\"async\" width=\"200\" height=\"300\" src=\"https:\/\/www.upjs.sk\/app\/uploads\/sites\/10\/2022\/11\/Libova.jpg\" alt=\"\" class=\"kb-img wp-image-47299\"\/><figcaption><strong>PhDr. Svetlana Libov\u00e1<\/strong><br><br>tel.: 055\/234 2179<br>e-mail: <a href=\"mailto:svetlana.libova@upjs.sk\">svetlana.libova@upjs.sk<\/a><\/figcaption><\/figure>\n<\/div><\/div>\n\n\n<style>.kadence-column14937_113cb5-b9 > .kt-inside-inner-col,.kadence-column14937_113cb5-b9 > .kt-inside-inner-col:before{border-top-left-radius:0px;border-top-right-radius:0px;border-bottom-right-radius:0px;border-bottom-left-radius:0px;}.kadence-column14937_113cb5-b9 > .kt-inside-inner-col{column-gap:var(--global-kb-gap-sm, 1rem);}.kadence-column14937_113cb5-b9 > .kt-inside-inner-col{flex-direction:column;}.kadence-column14937_113cb5-b9 > .kt-inside-inner-col > .aligncenter{width:100%;}.kadence-column14937_113cb5-b9 > .kt-inside-inner-col:before{opacity:0.3;}.kadence-column14937_113cb5-b9{position:relative;}@media all and (max-width: 1024px){.kadence-column14937_113cb5-b9 > .kt-inside-inner-col{flex-direction:column;justify-content:center;}}@media all and (max-width: 767px){.kadence-column14937_113cb5-b9 > .kt-inside-inner-col{flex-direction:column;justify-content:center;}}<\/style>\n<div class=\"wp-block-kadence-column kadence-column14937_113cb5-b9 inner-column-2\"><div class=\"kt-inside-inner-col\">\n<p>Sekret\u00e1rka:<\/p>\n\n\n\n<p><strong>Petra Troj\u010d\u00e1k \u010cern\u00e1<\/strong><\/p>\n\n\n\n<p>tel.: 055\/234 2181<br>e-mail:\u00a0<a href=\"mailto:pfsekret@upjs.sk\">pfsekret@upjs.sk<\/a><\/p>\n<\/div><\/div>\n\n<\/div><\/div>","protected":false},"excerpt":{"rendered":"<p>Adresa: \u0160rob\u00e1rova 2, 041&nbsp;54 Ko\u0161iceTelef\u00f3nne \u010d\u00edslo: 055 \/ 234 2181 Ved\u00faca sekretari\u00e1tu: Sekret\u00e1rka: Petra Troj\u010d\u00e1k \u010cern\u00e1 tel.: 055\/234 2181e-mail:\u00a0pfsekret@upjs.sk<\/p>\n","protected":false},"author":1,"featured_media":0,"parent":13022,"menu_order":4,"comment_status":"closed","ping_status":"closed","template":"","meta":{"_acf_changed":false,"_editorskit_title_hidden":false,"_editorskit_reading_time":1,"_editorskit_is_block_options_detached":false,"_editorskit_block_options_position":"{}","footnotes":""},"categories":[],"tags":[],"class_list":["post-14937","page","type-page","status-publish","hentry"],"acf":{"acf_link_na_externy_obsah":""},"yoast_head":"<!-- This site is optimized with the Yoast SEO plugin v27.2 - https:\/\/yoast.com\/product\/yoast-seo-wordpress\/ -->\n<title>Sekretari\u00e1t dekana a tajomn\u00ed\u010dky - Pr\u00edrodovedeck\u00e1 fakulta | UPJ\u0160<\/title>\n<meta name=\"robots\" content=\"index, follow, max-snippet:-1, max-image-preview:large, max-video-preview:-1\" \/>\n<link rel=\"canonical\" href=\"https:\/\/www.upjs.sk\/prirodovedecka-fakulta\/fakulta\/sekretariat\/\" \/>\n<meta property=\"og:locale\" content=\"sk_SK\" \/>\n<meta property=\"og:type\" content=\"article\" \/>\n<meta property=\"og:title\" content=\"Sekretari\u00e1t dekana a tajomn\u00ed\u010dky - Pr\u00edrodovedeck\u00e1 fakulta | UPJ\u0160\" \/>\n<meta property=\"og:description\" content=\"Adresa: \u0160rob\u00e1rova 2, 041&nbsp;54 Ko\u0161iceTelef\u00f3nne \u010d\u00edslo: 055 \/ 234 2181 Ved\u00faca sekretari\u00e1tu: Sekret\u00e1rka: Petra Troj\u010d\u00e1k \u010cern\u00e1 tel.: 055\/234 2181e-mail:\u00a0pfsekret@upjs.sk\" \/>\n<meta property=\"og:url\" content=\"https:\/\/www.upjs.sk\/prirodovedecka-fakulta\/fakulta\/sekretariat\/\" \/>\n<meta property=\"og:site_name\" content=\"Pr\u00edrodovedeck\u00e1 fakulta | UPJ\u0160\" \/>\n<meta property=\"article:modified_time\" content=\"2025-03-14T13:21:20+00:00\" \/>\n<meta property=\"og:image\" content=\"https:\/\/www.upjs.sk\/app\/uploads\/sites\/10\/2022\/11\/Libova.jpg\" \/>\n\t<meta property=\"og:image:width\" content=\"200\" \/>\n\t<meta property=\"og:image:height\" content=\"300\" \/>\n\t<meta property=\"og:image:type\" content=\"image\/jpeg\" \/>\n<meta name=\"twitter:card\" content=\"summary_large_image\" \/>\n<meta name=\"twitter:label1\" content=\"Predpokladan\u00fd \u010das \u010d\u00edtania\" \/>\n\t<meta name=\"twitter:data1\" content=\"1 min\u00fata\" \/>\n<script type=\"application\/ld+json\" class=\"yoast-schema-graph\">{\"@context\":\"https:\/\/schema.org\",\"@graph\":[{\"@type\":\"WebPage\",\"@id\":\"https:\/\/www.upjs.sk\/prirodovedecka-fakulta\/fakulta\/sekretariat\/\",\"url\":\"https:\/\/www.upjs.sk\/prirodovedecka-fakulta\/fakulta\/sekretariat\/\",\"name\":\"Sekretari\u00e1t dekana a tajomn\u00ed\u010dky - Pr\u00edrodovedeck\u00e1 fakulta | UPJ\u0160\",\"isPartOf\":{\"@id\":\"https:\/\/www.upjs.sk\/prirodovedecka-fakulta\/#website\"},\"primaryImageOfPage\":{\"@id\":\"https:\/\/www.upjs.sk\/prirodovedecka-fakulta\/fakulta\/sekretariat\/#primaryimage\"},\"image\":{\"@id\":\"https:\/\/www.upjs.sk\/prirodovedecka-fakulta\/fakulta\/sekretariat\/#primaryimage\"},\"thumbnailUrl\":\"https:\/\/www.upjs.sk\/app\/uploads\/sites\/10\/2022\/11\/Libova.jpg\",\"datePublished\":\"2021-08-20T15:28:53+00:00\",\"dateModified\":\"2025-03-14T13:21:20+00:00\",\"breadcrumb\":{\"@id\":\"https:\/\/www.upjs.sk\/prirodovedecka-fakulta\/fakulta\/sekretariat\/#breadcrumb\"},\"inLanguage\":\"sk-SK\",\"potentialAction\":[{\"@type\":\"ReadAction\",\"target\":[\"https:\/\/www.upjs.sk\/prirodovedecka-fakulta\/fakulta\/sekretariat\/\"]}]},{\"@type\":\"ImageObject\",\"inLanguage\":\"sk-SK\",\"@id\":\"https:\/\/www.upjs.sk\/prirodovedecka-fakulta\/fakulta\/sekretariat\/#primaryimage\",\"url\":\"https:\/\/www.upjs.sk\/app\/uploads\/sites\/10\/2022\/11\/Libova.jpg\",\"contentUrl\":\"https:\/\/www.upjs.sk\/app\/uploads\/sites\/10\/2022\/11\/Libova.jpg\"},{\"@type\":\"BreadcrumbList\",\"@id\":\"https:\/\/www.upjs.sk\/prirodovedecka-fakulta\/fakulta\/sekretariat\/#breadcrumb\",\"itemListElement\":[{\"@type\":\"ListItem\",\"position\":1,\"name\":\"Home\",\"item\":\"https:\/\/www.upjs.sk\/prirodovedecka-fakulta\/\"},{\"@type\":\"ListItem\",\"position\":2,\"name\":\"Inform\u00e1cie o fakulte\",\"item\":\"https:\/\/www.upjs.sk\/prirodovedecka-fakulta\/fakulta\/\"},{\"@type\":\"ListItem\",\"position\":3,\"name\":\"Sekretari\u00e1t dekana a tajomn\u00ed\u010dky\"}]},{\"@type\":\"WebSite\",\"@id\":\"https:\/\/www.upjs.sk\/prirodovedecka-fakulta\/#website\",\"url\":\"https:\/\/www.upjs.sk\/prirodovedecka-fakulta\/\",\"name\":\"Pr\u00edrodovedeck\u00e1 fakulta | UPJ\u0160\",\"description\":\"\",\"publisher\":{\"@id\":\"https:\/\/www.upjs.sk\/prirodovedecka-fakulta\/#organization\"},\"potentialAction\":[{\"@type\":\"SearchAction\",\"target\":{\"@type\":\"EntryPoint\",\"urlTemplate\":\"https:\/\/www.upjs.sk\/prirodovedecka-fakulta\/?s={search_term_string}\"},\"query-input\":{\"@type\":\"PropertyValueSpecification\",\"valueRequired\":true,\"valueName\":\"search_term_string\"}}],\"inLanguage\":\"sk-SK\"},{\"@type\":\"Organization\",\"@id\":\"https:\/\/www.upjs.sk\/prirodovedecka-fakulta\/#organization\",\"name\":\"Pr\u00edrodovedeck\u00e1 fakulta | UPJ\u0160\",\"url\":\"https:\/\/www.upjs.sk\/prirodovedecka-fakulta\/\",\"logo\":{\"@type\":\"ImageObject\",\"inLanguage\":\"sk-SK\",\"@id\":\"https:\/\/www.upjs.sk\/prirodovedecka-fakulta\/#\/schema\/logo\/image\/\",\"url\":\"https:\/\/www.upjs.sk\/app\/uploads\/sites\/10\/2022\/09\/logo-prirodovedecka-fakulta.png\",\"contentUrl\":\"https:\/\/www.upjs.sk\/app\/uploads\/sites\/10\/2022\/09\/logo-prirodovedecka-fakulta.png\",\"width\":415,\"height\":87,\"caption\":\"Pr\u00edrodovedeck\u00e1 fakulta | UPJ\u0160\"},\"image\":{\"@id\":\"https:\/\/www.upjs.sk\/prirodovedecka-fakulta\/#\/schema\/logo\/image\/\"}}]}<\/script>\n<!-- \/ Yoast SEO plugin. -->","yoast_head_json":{"title":"Sekretari\u00e1t dekana a tajomn\u00ed\u010dky - Pr\u00edrodovedeck\u00e1 fakulta | UPJ\u0160","robots":{"index":"index","follow":"follow","max-snippet":"max-snippet:-1","max-image-preview":"max-image-preview:large","max-video-preview":"max-video-preview:-1"},"canonical":"https:\/\/www.upjs.sk\/prirodovedecka-fakulta\/fakulta\/sekretariat\/","og_locale":"sk_SK","og_type":"article","og_title":"Sekretari\u00e1t dekana a tajomn\u00ed\u010dky - Pr\u00edrodovedeck\u00e1 fakulta | UPJ\u0160","og_description":"Adresa: \u0160rob\u00e1rova 2, 041&nbsp;54 Ko\u0161iceTelef\u00f3nne \u010d\u00edslo: 055 \/ 234 2181 Ved\u00faca sekretari\u00e1tu: Sekret\u00e1rka: Petra Troj\u010d\u00e1k \u010cern\u00e1 tel.: 055\/234 2181e-mail:\u00a0pfsekret@upjs.sk","og_url":"https:\/\/www.upjs.sk\/prirodovedecka-fakulta\/fakulta\/sekretariat\/","og_site_name":"Pr\u00edrodovedeck\u00e1 fakulta | UPJ\u0160","article_modified_time":"2025-03-14T13:21:20+00:00","og_image":[{"width":200,"height":300,"url":"https:\/\/www.upjs.sk\/app\/uploads\/sites\/10\/2022\/11\/Libova.jpg","type":"image\/jpeg"}],"twitter_card":"summary_large_image","twitter_misc":{"Predpokladan\u00fd \u010das \u010d\u00edtania":"1 min\u00fata"},"schema":{"@context":"https:\/\/schema.org","@graph":[{"@type":"WebPage","@id":"https:\/\/www.upjs.sk\/prirodovedecka-fakulta\/fakulta\/sekretariat\/","url":"https:\/\/www.upjs.sk\/prirodovedecka-fakulta\/fakulta\/sekretariat\/","name":"Sekretari\u00e1t dekana a tajomn\u00ed\u010dky - Pr\u00edrodovedeck\u00e1 fakulta | UPJ\u0160","isPartOf":{"@id":"https:\/\/www.upjs.sk\/prirodovedecka-fakulta\/#website"},"primaryImageOfPage":{"@id":"https:\/\/www.upjs.sk\/prirodovedecka-fakulta\/fakulta\/sekretariat\/#primaryimage"},"image":{"@id":"https:\/\/www.upjs.sk\/prirodovedecka-fakulta\/fakulta\/sekretariat\/#primaryimage"},"thumbnailUrl":"https:\/\/www.upjs.sk\/app\/uploads\/sites\/10\/2022\/11\/Libova.jpg","datePublished":"2021-08-20T15:28:53+00:00","dateModified":"2025-03-14T13:21:20+00:00","breadcrumb":{"@id":"https:\/\/www.upjs.sk\/prirodovedecka-fakulta\/fakulta\/sekretariat\/#breadcrumb"},"inLanguage":"sk-SK","potentialAction":[{"@type":"ReadAction","target":["https:\/\/www.upjs.sk\/prirodovedecka-fakulta\/fakulta\/sekretariat\/"]}]},{"@type":"ImageObject","inLanguage":"sk-SK","@id":"https:\/\/www.upjs.sk\/prirodovedecka-fakulta\/fakulta\/sekretariat\/#primaryimage","url":"https:\/\/www.upjs.sk\/app\/uploads\/sites\/10\/2022\/11\/Libova.jpg","contentUrl":"https:\/\/www.upjs.sk\/app\/uploads\/sites\/10\/2022\/11\/Libova.jpg"},{"@type":"BreadcrumbList","@id":"https:\/\/www.upjs.sk\/prirodovedecka-fakulta\/fakulta\/sekretariat\/#breadcrumb","itemListElement":[{"@type":"ListItem","position":1,"name":"Home","item":"https:\/\/www.upjs.sk\/prirodovedecka-fakulta\/"},{"@type":"ListItem","position":2,"name":"Inform\u00e1cie o fakulte","item":"https:\/\/www.upjs.sk\/prirodovedecka-fakulta\/fakulta\/"},{"@type":"ListItem","position":3,"name":"Sekretari\u00e1t dekana a tajomn\u00ed\u010dky"}]},{"@type":"WebSite","@id":"https:\/\/www.upjs.sk\/prirodovedecka-fakulta\/#website","url":"https:\/\/www.upjs.sk\/prirodovedecka-fakulta\/","name":"Pr\u00edrodovedeck\u00e1 fakulta | UPJ\u0160","description":"","publisher":{"@id":"https:\/\/www.upjs.sk\/prirodovedecka-fakulta\/#organization"},"potentialAction":[{"@type":"SearchAction","target":{"@type":"EntryPoint","urlTemplate":"https:\/\/www.upjs.sk\/prirodovedecka-fakulta\/?s={search_term_string}"},"query-input":{"@type":"PropertyValueSpecification","valueRequired":true,"valueName":"search_term_string"}}],"inLanguage":"sk-SK"},{"@type":"Organization","@id":"https:\/\/www.upjs.sk\/prirodovedecka-fakulta\/#organization","name":"Pr\u00edrodovedeck\u00e1 fakulta | UPJ\u0160","url":"https:\/\/www.upjs.sk\/prirodovedecka-fakulta\/","logo":{"@type":"ImageObject","inLanguage":"sk-SK","@id":"https:\/\/www.upjs.sk\/prirodovedecka-fakulta\/#\/schema\/logo\/image\/","url":"https:\/\/www.upjs.sk\/app\/uploads\/sites\/10\/2022\/09\/logo-prirodovedecka-fakulta.png","contentUrl":"https:\/\/www.upjs.sk\/app\/uploads\/sites\/10\/2022\/09\/logo-prirodovedecka-fakulta.png","width":415,"height":87,"caption":"Pr\u00edrodovedeck\u00e1 fakulta | UPJ\u0160"},"image":{"@id":"https:\/\/www.upjs.sk\/prirodovedecka-fakulta\/#\/schema\/logo\/image\/"}}]}},"_links":{"self":[{"href":"https:\/\/www.upjs.sk\/prirodovedecka-fakulta\/wp-json\/wp\/v2\/pages\/14937","targetHints":{"allow":["GET"]}}],"collection":[{"href":"https:\/\/www.upjs.sk\/prirodovedecka-fakulta\/wp-json\/wp\/v2\/pages"}],"about":[{"href":"https:\/\/www.upjs.sk\/prirodovedecka-fakulta\/wp-json\/wp\/v2\/types\/page"}],"author":[{"embeddable":true,"href":"https:\/\/www.upjs.sk\/prirodovedecka-fakulta\/wp-json\/wp\/v2\/users\/1"}],"replies":[{"embeddable":true,"href":"https:\/\/www.upjs.sk\/prirodovedecka-fakulta\/wp-json\/wp\/v2\/comments?post=14937"}],"version-history":[{"count":19,"href":"https:\/\/www.upjs.sk\/prirodovedecka-fakulta\/wp-json\/wp\/v2\/pages\/14937\/revisions"}],"predecessor-version":[{"id":76839,"href":"https:\/\/www.upjs.sk\/prirodovedecka-fakulta\/wp-json\/wp\/v2\/pages\/14937\/revisions\/76839"}],"up":[{"embeddable":true,"href":"https:\/\/www.upjs.sk\/prirodovedecka-fakulta\/wp-json\/wp\/v2\/pages\/13022"}],"wp:attachment":[{"href":"https:\/\/www.upjs.sk\/prirodovedecka-fakulta\/wp-json\/wp\/v2\/media?parent=14937"}],"wp:term":[{"taxonomy":"category","embeddable":true,"href":"https:\/\/www.upjs.sk\/prirodovedecka-fakulta\/wp-json\/wp\/v2\/categories?post=14937"},{"taxonomy":"post_tag","embeddable":true,"href":"https:\/\/www.upjs.sk\/prirodovedecka-fakulta\/wp-json\/wp\/v2\/tags?post=14937"}],"curies":[{"name":"wp","href":"https:\/\/api.w.org\/{rel}","templated":true}]}}