{"id":14944,"date":"2013-07-25T14:58:15","date_gmt":"2013-07-25T14:58:15","guid":{"rendered":"https:\/\/www.upjs.sk\/prirodovedecka-fakulta\/root\/fakulta\/prof-hajko\/"},"modified":"2023-06-30T15:21:09","modified_gmt":"2023-06-30T14:21:09","slug":"prof-hajko","status":"publish","type":"page","link":"https:\/\/www.upjs.sk\/prirodovedecka-fakulta\/fakulta\/historia-fakulty\/prof-hajko\/","title":{"rendered":"Pam\u00e4tn\u00e1 tabu\u013ea akademika Vladim\u00edra Hajka, prv\u00e9ho dekana PF UPJ\u0160"},"content":{"rendered":"\n<div style=\"height:30px\" aria-hidden=\"true\" class=\"wp-block-spacer\"><\/div>\n\n\n<style>.kb-row-layout-id_328d6e-70 > .kt-row-column-wrap{align-content:start;}:where(.kb-row-layout-id_328d6e-70 > .kt-row-column-wrap) > .wp-block-kadence-column{justify-content:start;}.kb-row-layout-id_328d6e-70 > .kt-row-column-wrap{column-gap:var(--global-kb-gap-md, 2rem);row-gap:var(--global-kb-gap-md, 2rem);padding-top:var(--global-kb-spacing-sm, 1.5rem);padding-bottom:var(--global-kb-spacing-sm, 1.5rem);grid-template-columns:minmax(0, 1fr) minmax(0, 2fr);}.kb-row-layout-id_328d6e-70 > .kt-row-layout-overlay{opacity:0.30;}@media all and (max-width: 1024px){.kb-row-layout-id_328d6e-70 > .kt-row-column-wrap{grid-template-columns:minmax(0, 1fr) minmax(0, 2fr);}}@media all and (max-width: 767px){.kb-row-layout-id_328d6e-70 > .kt-row-column-wrap{grid-template-columns:minmax(0, 1fr);}}<\/style><div class=\"kb-row-layout-wrap kb-row-layout-id_328d6e-70 alignnone wp-block-kadence-rowlayout\"><div class=\"kt-row-column-wrap kt-has-2-columns kt-row-layout-right-golden kt-tab-layout-inherit kt-mobile-layout-row kt-row-valign-top\">\n<style>.kadence-column_c7b1d2-bf > .kt-inside-inner-col,.kadence-column_c7b1d2-bf > .kt-inside-inner-col:before{border-top-left-radius:0px;border-top-right-radius:0px;border-bottom-right-radius:0px;border-bottom-left-radius:0px;}.kadence-column_c7b1d2-bf > .kt-inside-inner-col{column-gap:var(--global-kb-gap-sm, 1rem);}.kadence-column_c7b1d2-bf > .kt-inside-inner-col{flex-direction:column;}.kadence-column_c7b1d2-bf > .kt-inside-inner-col > .aligncenter{width:100%;}.kadence-column_c7b1d2-bf > .kt-inside-inner-col:before{opacity:0.3;}.kadence-column_c7b1d2-bf{position:relative;}@media all and (max-width: 1024px){.kadence-column_c7b1d2-bf > .kt-inside-inner-col{flex-direction:column;justify-content:center;}}@media all and (max-width: 767px){.kadence-column_c7b1d2-bf > .kt-inside-inner-col{flex-direction:column;justify-content:center;}}<\/style>\n<div class=\"wp-block-kadence-column kadence-column_c7b1d2-bf\"><div class=\"kt-inside-inner-col\"><style>.kb-image_89ff91-68.kb-image-is-ratio-size, .kb-image_89ff91-68 .kb-image-is-ratio-size{max-width:280px;width:100%;}.wp-block-kadence-column > .kt-inside-inner-col > .kb-image_89ff91-68.kb-image-is-ratio-size, .wp-block-kadence-column > .kt-inside-inner-col > .kb-image_89ff91-68 .kb-image-is-ratio-size{align-self:unset;}.kb-image_89ff91-68 figure{max-width:280px;}.kb-image_89ff91-68 .image-is-svg, .kb-image_89ff91-68 .image-is-svg img{width:100%;}.kb-image_89ff91-68:not(.kb-image-is-ratio-size) .kb-img, .kb-image_89ff91-68.kb-image-is-ratio-size{padding-top:var(--global-kb-spacing-xxs, 0.5rem);padding-bottom:0px;}.kb-image_89ff91-68 .kb-image-has-overlay:after{opacity:0.3;}<\/style>\n<div class=\"wp-block-kadence-image kb-image_89ff91-68\"><figure class=\"aligncenter size-full\"><img loading=\"lazy\" decoding=\"async\" width=\"683\" height=\"1024\" src=\"https:\/\/www.upjs.sk\/app\/uploads\/sites\/10\/2022\/09\/IMG_8030.jpg\" alt=\"odhalenie-tabule-hajko\" class=\"kb-img wp-image-14945\" srcset=\"https:\/\/www.upjs.sk\/app\/uploads\/sites\/10\/2022\/09\/IMG_8030.jpg 683w, https:\/\/www.upjs.sk\/app\/uploads\/sites\/10\/2022\/09\/IMG_8030-200x300.jpg 200w\" sizes=\"auto, (max-width: 683px) 100vw, 683px\" \/><\/figure><\/div>\n<\/div><\/div>\n\n\n<style>.kadence-column_8df260-e1 > .kt-inside-inner-col{padding-right:0px;padding-left:0px;}.kadence-column_8df260-e1 > .kt-inside-inner-col,.kadence-column_8df260-e1 > .kt-inside-inner-col:before{border-top-left-radius:0px;border-top-right-radius:0px;border-bottom-right-radius:0px;border-bottom-left-radius:0px;}.kadence-column_8df260-e1 > .kt-inside-inner-col{column-gap:var(--global-kb-gap-sm, 1rem);}.kadence-column_8df260-e1 > .kt-inside-inner-col{flex-direction:column;}.kadence-column_8df260-e1 > .kt-inside-inner-col > .aligncenter{width:100%;}.kadence-column_8df260-e1 > .kt-inside-inner-col:before{opacity:0.3;}.kadence-column_8df260-e1{position:relative;}@media all and (max-width: 1024px){.kadence-column_8df260-e1 > .kt-inside-inner-col{flex-direction:column;justify-content:center;}}@media all and (max-width: 767px){.kadence-column_8df260-e1 > .kt-inside-inner-col{flex-direction:column;justify-content:center;}}<\/style>\n<div class=\"wp-block-kadence-column kadence-column_8df260-e1\"><div class=\"kt-inside-inner-col\">\n<p class=\"has-text-align-justify\">D\u0148a 20. m\u00e1ja 2013 sa v\u00a0priestoroch are\u00e1lu Park Angelinum, v\u00a0r\u00e1mci osl\u00e1v 50. v\u00fdro\u010dia vzniku Pr\u00edrodovedeckaj fakulty UPJ\u0160 v\u00a0Ko\u0161iciach, uskuto\u010dnil sl\u00e1vnostn\u00fd ceremoni\u00e1l odhalenia pam\u00e4tnej tabule<a href=\"http:\/\/www.upjs.sk\/public\/media\/7896\/prof.%20Hajko.pdf\"> <strong>Dr. h. c. prof. RNDr. Vladim\u00edra Hajka<\/strong><\/a>, prv\u00e9ho dekana PF UPJ\u0160 (v rokoch 1963-1969), ktor\u00fd mal mimoriadne z\u00e1sluhy na zalo\u017een\u00ed fakulty, dal jej pevn\u00fd organiza\u010dn\u00fd z\u00e1klad a vyt\u00fd\u010dil hlavn\u00e9 smery jej \u010fal\u0161ieho rozvoja, ktor\u00e9 s\u00fa aktu\u00e1lne dodnes.<\/p>\n\n\n\n<p class=\"has-text-align-justify\"><strong>Dr. h. c. prof. RNDr. Vladim\u00edr Hajko<\/strong> p\u00f4sobil aj ako rektor Univerzity Pavla Jozefa \u0160af\u00e1rika (v rokoch 1969\u20131974) a\u00a0n\u00e1sledne sa stal predsedom Slovenskej akad\u00e9mie vied, ktor\u00fa viedol do roku 1989. Zomrel v\u00a0roku 2011 vo veku nedo\u017eit\u00fdch 91 rokov.<br>V\u00a0sl\u00e1vnostnej atmosf\u00e9re univerzitnej \u0161tudovne A. Merici, za pr\u00edtomnosti pozvan\u00fdch host\u00ed a\u00a0zamestnancov fakulty odzneli\u00a0 pr\u00edhovory, venovan\u00e9\u00a0 spomienkam a\u00a0dielu akademika Vladim\u00edra Hajka, ktor\u00e9 predniesli riadite\u013e \u00dastavu fyzik\u00e1lnych vied PF UPJ\u0160 <a href=\"http:\/\/www.upjs.sk\/public\/media\/9151\/V.%20Hajko.ppt\" target=\"_blank\" rel=\"noreferrer noopener\"><em>prof. RNDr. Alexander Feher, DrSc. <\/em><\/a>a\u00a0<a href=\"http:\/\/www.upjs.sk\/public\/media\/9151\/Prihovor_Luby_20052013.pdf\" target=\"_blank\" rel=\"noreferrer noopener\"><em>prof. RNDr. \u0160tefan Luby, DrSc<\/em>.<\/a>, b\u00fdval\u00fd predseda SAV SR.<\/p>\n\n\n\n<p class=\"has-text-align-center\"><a href=\"https:\/\/www.upjs.sk\/prirodovedecka-fakulta\/fakulta\/historia-fakulty\/zivotopis-hajko\/\" class=\"ek-link\"><strong>\u017divotopis Dr. h. c. prof. RNDr. Vladim\u00edra Hajka<\/strong><\/a><\/p>\n\n\n\n<div style=\"height:10px\" aria-hidden=\"true\" class=\"wp-block-spacer\"><\/div>\n<\/div><\/div>\n\n<\/div><\/div>\n\n<style>.kadence-column_a4438d-3f > .kt-inside-inner-col{padding-top:var(--global-kb-spacing-xxs, 0.5rem);padding-right:var(--global-kb-spacing-xxs, 0.5rem);padding-bottom:var(--global-kb-spacing-xxs, 0.5rem);padding-left:var(--global-kb-spacing-xxs, 0.5rem);}.kadence-column_a4438d-3f > .kt-inside-inner-col,.kadence-column_a4438d-3f > .kt-inside-inner-col:before{border-top-left-radius:5px;border-top-right-radius:5px;border-bottom-right-radius:5px;border-bottom-left-radius:5px;}.kadence-column_a4438d-3f > .kt-inside-inner-col{column-gap:var(--global-kb-gap-sm, 1rem);}.kadence-column_a4438d-3f > .kt-inside-inner-col{flex-direction:column;}.kadence-column_a4438d-3f > .kt-inside-inner-col > .aligncenter{width:100%;}.kadence-column_a4438d-3f > .kt-inside-inner-col{background-color:#F4F4F4;}.kadence-column_a4438d-3f > .kt-inside-inner-col:before{opacity:0.3;}.kadence-column_a4438d-3f{position:relative;}@media all and (max-width: 1024px){.kadence-column_a4438d-3f > .kt-inside-inner-col{flex-direction:column;justify-content:center;}}@media all and (max-width: 767px){.kadence-column_a4438d-3f > .kt-inside-inner-col{flex-direction:column;justify-content:center;}}<\/style>\n<div class=\"wp-block-kadence-column kadence-column_a4438d-3f\"><div class=\"kt-inside-inner-col\">\n<p class=\"has-text-align-justify\"><strong>\u201eObraz profesora Vladim\u00edra Hajka by nebol \u00fapln\u00fd, ak by sme ho chceli vidie\u0165 iba ako vysoko\u0161kolsk\u00e9ho u\u010dite\u013ea, vedca a mana\u017e\u00e9ra vedy. Vladim\u00edr Hajko bol predov\u0161etk\u00fdm vz\u00e1cny a skromn\u00fd \u010dlovek s citliv\u00fdm pr\u00edstupom k \u013eu\u010fom, so schopnos\u0165ou z\u00edskava\u0165 spo\u013eahliv\u00fdch priate\u013eov a priaznivcov pre dobr\u00fa vec, nesmierne n\u00e1ro\u010dn\u00fd vo\u010di sebe i spolupracovn\u00edkom, \u010dlovek ve\u013emi pedantn\u00fd, pracovit\u00fd a tolerantn\u00fd, \u010dlovek so zmyslom pre jemn\u00fd werichovsk\u00fd humor, \u010dlovek s neopakovate\u013en\u00fdm \u0161armom. Profesor Hajko patril medzi v\u00fdrazn\u00e9 osobnosti slovenskej vedy a vysok\u00e9ho \u0161kolstva. Bol pri budovan\u00ed a rozvoji nov\u00fdch in\u0161tit\u00faci\u00ed, spoluvytv\u00e1ral ich smerovanie, podie\u013eal sa na v\u00fdchove cel\u00fdch gener\u00e1ci\u00ed pr\u00edrodovedcov a technikov, dl\u00e1\u017edil cestu rozvoja fyziky na Slovensku a t\u00fdm sa nezmazate\u013ene zap\u00edsal&nbsp; do jej hist\u00f3rie. Pe\u010da\u0165 jeho pr\u00e1ce nesieme mnoh\u00ed, ktor\u00ed mu v\u010fa\u010d\u00edme za \u00faspechy a spolo\u010densk\u00e9 postavenie, a ktor\u00ed svoju vlastn\u00fa vedeck\u00fa a pedagogick\u00fa \u017eivotn\u00fa dr\u00e1hu budovali na z\u00e1kladoch vytvoren\u00fdch s jeho pomocou\u201c.<\/strong><\/p>\n\n\n\n<p>(Dr.h.c. prof. RNDr. Alexander Feher, DrSc., riadite\u013e \u00dastavu fyzik\u00e1lnych vied UPJ\u0160, \u017eiak prof. V. Hajka).<\/p>\n<\/div><\/div>\n","protected":false},"excerpt":{"rendered":"<p>D\u0148a 20. m\u00e1ja 2013 sa v\u00a0priestoroch are\u00e1lu Park Angelinum, v\u00a0r\u00e1mci osl\u00e1v 50. v\u00fdro\u010dia vzniku Pr\u00edrodovedeckaj fakulty UPJ\u0160 v\u00a0Ko\u0161iciach, uskuto\u010dnil sl\u00e1vnostn\u00fd ceremoni\u00e1l odhalenia pam\u00e4tnej tabule Dr. h. c. prof. RNDr. Vladim\u00edra Hajka, prv\u00e9ho dekana PF UPJ\u0160 (v rokoch 1963-1969), ktor\u00fd mal mimoriadne z\u00e1sluhy na zalo\u017een\u00ed fakulty, dal jej pevn\u00fd organiza\u010dn\u00fd z\u00e1klad a vyt\u00fd\u010dil hlavn\u00e9 smery jej &hellip; <a href=\"https:\/\/www.upjs.sk\/prirodovedecka-fakulta\/fakulta\/historia-fakulty\/prof-hajko\/\">\u010c\u00edta\u0165 \u010falej<\/a><\/p>\n","protected":false},"author":1,"featured_media":14945,"parent":14904,"menu_order":1,"comment_status":"closed","ping_status":"closed","template":"","meta":{"_acf_changed":false,"_editorskit_title_hidden":false,"_editorskit_reading_time":1,"_editorskit_is_block_options_detached":false,"_editorskit_block_options_position":"{}","footnotes":""},"categories":[],"tags":[],"class_list":["post-14944","page","type-page","status-publish","has-post-thumbnail","hentry"],"acf":{"acf_link_na_externy_obsah":""},"yoast_head":"<!-- This site is optimized with the Yoast SEO plugin v27.4 - https:\/\/yoast.com\/product\/yoast-seo-wordpress\/ -->\n<title>Pam\u00e4tn\u00e1 tabu\u013ea akademika Vladim\u00edra Hajka, prv\u00e9ho dekana PF UPJ\u0160 - Pr\u00edrodovedeck\u00e1 fakulta | UPJ\u0160<\/title>\n<meta name=\"robots\" content=\"index, follow, max-snippet:-1, max-image-preview:large, max-video-preview:-1\" \/>\n<link rel=\"canonical\" href=\"https:\/\/www.upjs.sk\/prirodovedecka-fakulta\/fakulta\/historia-fakulty\/prof-hajko\/\" \/>\n<meta property=\"og:locale\" content=\"sk_SK\" \/>\n<meta property=\"og:type\" content=\"article\" \/>\n<meta property=\"og:title\" content=\"Pam\u00e4tn\u00e1 tabu\u013ea akademika Vladim\u00edra Hajka, prv\u00e9ho dekana PF UPJ\u0160 - Pr\u00edrodovedeck\u00e1 fakulta | UPJ\u0160\" \/>\n<meta property=\"og:description\" content=\"D\u0148a 20. m\u00e1ja 2013 sa v\u00a0priestoroch are\u00e1lu Park Angelinum, v\u00a0r\u00e1mci osl\u00e1v 50. v\u00fdro\u010dia vzniku Pr\u00edrodovedeckaj fakulty UPJ\u0160 v\u00a0Ko\u0161iciach, uskuto\u010dnil sl\u00e1vnostn\u00fd ceremoni\u00e1l odhalenia pam\u00e4tnej tabule Dr. h. c. prof. RNDr. Vladim\u00edra Hajka, prv\u00e9ho dekana PF UPJ\u0160 (v rokoch 1963-1969), ktor\u00fd mal mimoriadne z\u00e1sluhy na zalo\u017een\u00ed fakulty, dal jej pevn\u00fd organiza\u010dn\u00fd z\u00e1klad a vyt\u00fd\u010dil hlavn\u00e9 smery jej &hellip; \u010c\u00edta\u0165 \u010falej\" \/>\n<meta property=\"og:url\" content=\"https:\/\/www.upjs.sk\/prirodovedecka-fakulta\/fakulta\/historia-fakulty\/prof-hajko\/\" \/>\n<meta property=\"og:site_name\" content=\"Pr\u00edrodovedeck\u00e1 fakulta | UPJ\u0160\" \/>\n<meta property=\"article:modified_time\" content=\"2023-06-30T14:21:09+00:00\" \/>\n<meta property=\"og:image\" content=\"https:\/\/www.upjs.sk\/app\/uploads\/sites\/10\/2022\/09\/IMG_8030.jpg\" \/>\n\t<meta property=\"og:image:width\" content=\"683\" \/>\n\t<meta property=\"og:image:height\" content=\"1024\" \/>\n\t<meta property=\"og:image:type\" content=\"image\/jpeg\" \/>\n<meta name=\"twitter:card\" content=\"summary_large_image\" \/>\n<meta name=\"twitter:label1\" content=\"Predpokladan\u00fd \u010das \u010d\u00edtania\" \/>\n\t<meta name=\"twitter:data1\" content=\"2 min\u00faty\" \/>\n<script type=\"application\/ld+json\" class=\"yoast-schema-graph\">{\"@context\":\"https:\\\/\\\/schema.org\",\"@graph\":[{\"@type\":\"WebPage\",\"@id\":\"https:\\\/\\\/www.upjs.sk\\\/prirodovedecka-fakulta\\\/fakulta\\\/historia-fakulty\\\/prof-hajko\\\/\",\"url\":\"https:\\\/\\\/www.upjs.sk\\\/prirodovedecka-fakulta\\\/fakulta\\\/historia-fakulty\\\/prof-hajko\\\/\",\"name\":\"Pam\u00e4tn\u00e1 tabu\u013ea akademika Vladim\u00edra Hajka, prv\u00e9ho dekana PF UPJ\u0160 - Pr\u00edrodovedeck\u00e1 fakulta | UPJ\u0160\",\"isPartOf\":{\"@id\":\"https:\\\/\\\/www.upjs.sk\\\/prirodovedecka-fakulta\\\/#website\"},\"primaryImageOfPage\":{\"@id\":\"https:\\\/\\\/www.upjs.sk\\\/prirodovedecka-fakulta\\\/fakulta\\\/historia-fakulty\\\/prof-hajko\\\/#primaryimage\"},\"image\":{\"@id\":\"https:\\\/\\\/www.upjs.sk\\\/prirodovedecka-fakulta\\\/fakulta\\\/historia-fakulty\\\/prof-hajko\\\/#primaryimage\"},\"thumbnailUrl\":\"https:\\\/\\\/www.upjs.sk\\\/app\\\/uploads\\\/sites\\\/10\\\/2022\\\/09\\\/IMG_8030.jpg\",\"datePublished\":\"2013-07-25T14:58:15+00:00\",\"dateModified\":\"2023-06-30T14:21:09+00:00\",\"breadcrumb\":{\"@id\":\"https:\\\/\\\/www.upjs.sk\\\/prirodovedecka-fakulta\\\/fakulta\\\/historia-fakulty\\\/prof-hajko\\\/#breadcrumb\"},\"inLanguage\":\"sk-SK\",\"potentialAction\":[{\"@type\":\"ReadAction\",\"target\":[\"https:\\\/\\\/www.upjs.sk\\\/prirodovedecka-fakulta\\\/fakulta\\\/historia-fakulty\\\/prof-hajko\\\/\"]}]},{\"@type\":\"ImageObject\",\"inLanguage\":\"sk-SK\",\"@id\":\"https:\\\/\\\/www.upjs.sk\\\/prirodovedecka-fakulta\\\/fakulta\\\/historia-fakulty\\\/prof-hajko\\\/#primaryimage\",\"url\":\"https:\\\/\\\/www.upjs.sk\\\/app\\\/uploads\\\/sites\\\/10\\\/2022\\\/09\\\/IMG_8030.jpg\",\"contentUrl\":\"https:\\\/\\\/www.upjs.sk\\\/app\\\/uploads\\\/sites\\\/10\\\/2022\\\/09\\\/IMG_8030.jpg\",\"width\":683,\"height\":1024,\"caption\":\"odhalenie-tabule-hajko\"},{\"@type\":\"BreadcrumbList\",\"@id\":\"https:\\\/\\\/www.upjs.sk\\\/prirodovedecka-fakulta\\\/fakulta\\\/historia-fakulty\\\/prof-hajko\\\/#breadcrumb\",\"itemListElement\":[{\"@type\":\"ListItem\",\"position\":1,\"name\":\"Home\",\"item\":\"https:\\\/\\\/www.upjs.sk\\\/prirodovedecka-fakulta\\\/\"},{\"@type\":\"ListItem\",\"position\":2,\"name\":\"Inform\u00e1cie o fakulte\",\"item\":\"https:\\\/\\\/www.upjs.sk\\\/prirodovedecka-fakulta\\\/fakulta\\\/\"},{\"@type\":\"ListItem\",\"position\":3,\"name\":\"Hist\u00f3ria fakulty\",\"item\":\"https:\\\/\\\/www.upjs.sk\\\/prirodovedecka-fakulta\\\/fakulta\\\/historia-fakulty\\\/\"},{\"@type\":\"ListItem\",\"position\":4,\"name\":\"Pam\u00e4tn\u00e1 tabu\u013ea akademika Vladim\u00edra Hajka, prv\u00e9ho dekana PF UPJ\u0160\"}]},{\"@type\":\"WebSite\",\"@id\":\"https:\\\/\\\/www.upjs.sk\\\/prirodovedecka-fakulta\\\/#website\",\"url\":\"https:\\\/\\\/www.upjs.sk\\\/prirodovedecka-fakulta\\\/\",\"name\":\"Pr\u00edrodovedeck\u00e1 fakulta | UPJ\u0160\",\"description\":\"\",\"publisher\":{\"@id\":\"https:\\\/\\\/www.upjs.sk\\\/prirodovedecka-fakulta\\\/#organization\"},\"potentialAction\":[{\"@type\":\"SearchAction\",\"target\":{\"@type\":\"EntryPoint\",\"urlTemplate\":\"https:\\\/\\\/www.upjs.sk\\\/prirodovedecka-fakulta\\\/?s={search_term_string}\"},\"query-input\":{\"@type\":\"PropertyValueSpecification\",\"valueRequired\":true,\"valueName\":\"search_term_string\"}}],\"inLanguage\":\"sk-SK\"},{\"@type\":\"Organization\",\"@id\":\"https:\\\/\\\/www.upjs.sk\\\/prirodovedecka-fakulta\\\/#organization\",\"name\":\"Pr\u00edrodovedeck\u00e1 fakulta | UPJ\u0160\",\"url\":\"https:\\\/\\\/www.upjs.sk\\\/prirodovedecka-fakulta\\\/\",\"logo\":{\"@type\":\"ImageObject\",\"inLanguage\":\"sk-SK\",\"@id\":\"https:\\\/\\\/www.upjs.sk\\\/prirodovedecka-fakulta\\\/#\\\/schema\\\/logo\\\/image\\\/\",\"url\":\"https:\\\/\\\/www.upjs.sk\\\/app\\\/uploads\\\/sites\\\/10\\\/2022\\\/09\\\/logo-prirodovedecka-fakulta.png\",\"contentUrl\":\"https:\\\/\\\/www.upjs.sk\\\/app\\\/uploads\\\/sites\\\/10\\\/2022\\\/09\\\/logo-prirodovedecka-fakulta.png\",\"width\":415,\"height\":87,\"caption\":\"Pr\u00edrodovedeck\u00e1 fakulta | UPJ\u0160\"},\"image\":{\"@id\":\"https:\\\/\\\/www.upjs.sk\\\/prirodovedecka-fakulta\\\/#\\\/schema\\\/logo\\\/image\\\/\"}}]}<\/script>\n<!-- \/ Yoast SEO plugin. -->","yoast_head_json":{"title":"Pam\u00e4tn\u00e1 tabu\u013ea akademika Vladim\u00edra Hajka, prv\u00e9ho dekana PF UPJ\u0160 - Pr\u00edrodovedeck\u00e1 fakulta | UPJ\u0160","robots":{"index":"index","follow":"follow","max-snippet":"max-snippet:-1","max-image-preview":"max-image-preview:large","max-video-preview":"max-video-preview:-1"},"canonical":"https:\/\/www.upjs.sk\/prirodovedecka-fakulta\/fakulta\/historia-fakulty\/prof-hajko\/","og_locale":"sk_SK","og_type":"article","og_title":"Pam\u00e4tn\u00e1 tabu\u013ea akademika Vladim\u00edra Hajka, prv\u00e9ho dekana PF UPJ\u0160 - Pr\u00edrodovedeck\u00e1 fakulta | UPJ\u0160","og_description":"D\u0148a 20. m\u00e1ja 2013 sa v\u00a0priestoroch are\u00e1lu Park Angelinum, v\u00a0r\u00e1mci osl\u00e1v 50. v\u00fdro\u010dia vzniku Pr\u00edrodovedeckaj fakulty UPJ\u0160 v\u00a0Ko\u0161iciach, uskuto\u010dnil sl\u00e1vnostn\u00fd ceremoni\u00e1l odhalenia pam\u00e4tnej tabule Dr. h. c. prof. RNDr. Vladim\u00edra Hajka, prv\u00e9ho dekana PF UPJ\u0160 (v rokoch 1963-1969), ktor\u00fd mal mimoriadne z\u00e1sluhy na zalo\u017een\u00ed fakulty, dal jej pevn\u00fd organiza\u010dn\u00fd z\u00e1klad a vyt\u00fd\u010dil hlavn\u00e9 smery jej &hellip; \u010c\u00edta\u0165 \u010falej","og_url":"https:\/\/www.upjs.sk\/prirodovedecka-fakulta\/fakulta\/historia-fakulty\/prof-hajko\/","og_site_name":"Pr\u00edrodovedeck\u00e1 fakulta | UPJ\u0160","article_modified_time":"2023-06-30T14:21:09+00:00","og_image":[{"width":683,"height":1024,"url":"https:\/\/www.upjs.sk\/app\/uploads\/sites\/10\/2022\/09\/IMG_8030.jpg","type":"image\/jpeg"}],"twitter_card":"summary_large_image","twitter_misc":{"Predpokladan\u00fd \u010das \u010d\u00edtania":"2 min\u00faty"},"schema":{"@context":"https:\/\/schema.org","@graph":[{"@type":"WebPage","@id":"https:\/\/www.upjs.sk\/prirodovedecka-fakulta\/fakulta\/historia-fakulty\/prof-hajko\/","url":"https:\/\/www.upjs.sk\/prirodovedecka-fakulta\/fakulta\/historia-fakulty\/prof-hajko\/","name":"Pam\u00e4tn\u00e1 tabu\u013ea akademika Vladim\u00edra Hajka, prv\u00e9ho dekana PF UPJ\u0160 - Pr\u00edrodovedeck\u00e1 fakulta | UPJ\u0160","isPartOf":{"@id":"https:\/\/www.upjs.sk\/prirodovedecka-fakulta\/#website"},"primaryImageOfPage":{"@id":"https:\/\/www.upjs.sk\/prirodovedecka-fakulta\/fakulta\/historia-fakulty\/prof-hajko\/#primaryimage"},"image":{"@id":"https:\/\/www.upjs.sk\/prirodovedecka-fakulta\/fakulta\/historia-fakulty\/prof-hajko\/#primaryimage"},"thumbnailUrl":"https:\/\/www.upjs.sk\/app\/uploads\/sites\/10\/2022\/09\/IMG_8030.jpg","datePublished":"2013-07-25T14:58:15+00:00","dateModified":"2023-06-30T14:21:09+00:00","breadcrumb":{"@id":"https:\/\/www.upjs.sk\/prirodovedecka-fakulta\/fakulta\/historia-fakulty\/prof-hajko\/#breadcrumb"},"inLanguage":"sk-SK","potentialAction":[{"@type":"ReadAction","target":["https:\/\/www.upjs.sk\/prirodovedecka-fakulta\/fakulta\/historia-fakulty\/prof-hajko\/"]}]},{"@type":"ImageObject","inLanguage":"sk-SK","@id":"https:\/\/www.upjs.sk\/prirodovedecka-fakulta\/fakulta\/historia-fakulty\/prof-hajko\/#primaryimage","url":"https:\/\/www.upjs.sk\/app\/uploads\/sites\/10\/2022\/09\/IMG_8030.jpg","contentUrl":"https:\/\/www.upjs.sk\/app\/uploads\/sites\/10\/2022\/09\/IMG_8030.jpg","width":683,"height":1024,"caption":"odhalenie-tabule-hajko"},{"@type":"BreadcrumbList","@id":"https:\/\/www.upjs.sk\/prirodovedecka-fakulta\/fakulta\/historia-fakulty\/prof-hajko\/#breadcrumb","itemListElement":[{"@type":"ListItem","position":1,"name":"Home","item":"https:\/\/www.upjs.sk\/prirodovedecka-fakulta\/"},{"@type":"ListItem","position":2,"name":"Inform\u00e1cie o fakulte","item":"https:\/\/www.upjs.sk\/prirodovedecka-fakulta\/fakulta\/"},{"@type":"ListItem","position":3,"name":"Hist\u00f3ria fakulty","item":"https:\/\/www.upjs.sk\/prirodovedecka-fakulta\/fakulta\/historia-fakulty\/"},{"@type":"ListItem","position":4,"name":"Pam\u00e4tn\u00e1 tabu\u013ea akademika Vladim\u00edra Hajka, prv\u00e9ho dekana PF UPJ\u0160"}]},{"@type":"WebSite","@id":"https:\/\/www.upjs.sk\/prirodovedecka-fakulta\/#website","url":"https:\/\/www.upjs.sk\/prirodovedecka-fakulta\/","name":"Pr\u00edrodovedeck\u00e1 fakulta | UPJ\u0160","description":"","publisher":{"@id":"https:\/\/www.upjs.sk\/prirodovedecka-fakulta\/#organization"},"potentialAction":[{"@type":"SearchAction","target":{"@type":"EntryPoint","urlTemplate":"https:\/\/www.upjs.sk\/prirodovedecka-fakulta\/?s={search_term_string}"},"query-input":{"@type":"PropertyValueSpecification","valueRequired":true,"valueName":"search_term_string"}}],"inLanguage":"sk-SK"},{"@type":"Organization","@id":"https:\/\/www.upjs.sk\/prirodovedecka-fakulta\/#organization","name":"Pr\u00edrodovedeck\u00e1 fakulta | UPJ\u0160","url":"https:\/\/www.upjs.sk\/prirodovedecka-fakulta\/","logo":{"@type":"ImageObject","inLanguage":"sk-SK","@id":"https:\/\/www.upjs.sk\/prirodovedecka-fakulta\/#\/schema\/logo\/image\/","url":"https:\/\/www.upjs.sk\/app\/uploads\/sites\/10\/2022\/09\/logo-prirodovedecka-fakulta.png","contentUrl":"https:\/\/www.upjs.sk\/app\/uploads\/sites\/10\/2022\/09\/logo-prirodovedecka-fakulta.png","width":415,"height":87,"caption":"Pr\u00edrodovedeck\u00e1 fakulta | UPJ\u0160"},"image":{"@id":"https:\/\/www.upjs.sk\/prirodovedecka-fakulta\/#\/schema\/logo\/image\/"}}]}},"_links":{"self":[{"href":"https:\/\/www.upjs.sk\/prirodovedecka-fakulta\/wp-json\/wp\/v2\/pages\/14944","targetHints":{"allow":["GET"]}}],"collection":[{"href":"https:\/\/www.upjs.sk\/prirodovedecka-fakulta\/wp-json\/wp\/v2\/pages"}],"about":[{"href":"https:\/\/www.upjs.sk\/prirodovedecka-fakulta\/wp-json\/wp\/v2\/types\/page"}],"author":[{"embeddable":true,"href":"https:\/\/www.upjs.sk\/prirodovedecka-fakulta\/wp-json\/wp\/v2\/users\/1"}],"replies":[{"embeddable":true,"href":"https:\/\/www.upjs.sk\/prirodovedecka-fakulta\/wp-json\/wp\/v2\/comments?post=14944"}],"version-history":[{"count":27,"href":"https:\/\/www.upjs.sk\/prirodovedecka-fakulta\/wp-json\/wp\/v2\/pages\/14944\/revisions"}],"predecessor-version":[{"id":58361,"href":"https:\/\/www.upjs.sk\/prirodovedecka-fakulta\/wp-json\/wp\/v2\/pages\/14944\/revisions\/58361"}],"up":[{"embeddable":true,"href":"https:\/\/www.upjs.sk\/prirodovedecka-fakulta\/wp-json\/wp\/v2\/pages\/14904"}],"wp:featuredmedia":[{"embeddable":true,"href":"https:\/\/www.upjs.sk\/prirodovedecka-fakulta\/wp-json\/wp\/v2\/media\/14945"}],"wp:attachment":[{"href":"https:\/\/www.upjs.sk\/prirodovedecka-fakulta\/wp-json\/wp\/v2\/media?parent=14944"}],"wp:term":[{"taxonomy":"category","embeddable":true,"href":"https:\/\/www.upjs.sk\/prirodovedecka-fakulta\/wp-json\/wp\/v2\/categories?post=14944"},{"taxonomy":"post_tag","embeddable":true,"href":"https:\/\/www.upjs.sk\/prirodovedecka-fakulta\/wp-json\/wp\/v2\/tags?post=14944"}],"curies":[{"name":"wp","href":"https:\/\/api.w.org\/{rel}","templated":true}]}}