{"id":14959,"date":"2015-01-30T14:40:48","date_gmt":"2015-01-30T14:40:48","guid":{"rendered":"https:\/\/www.upjs.sk\/prirodovedecka-fakulta\/root\/fakulta\/as-dod2015\/"},"modified":"2022-10-26T08:13:48","modified_gmt":"2022-10-26T08:13:48","slug":"as-dod2015","status":"publish","type":"page","link":"https:\/\/www.upjs.sk\/prirodovedecka-fakulta\/fakulta\/as-dod2015\/","title":{"rendered":"ALUMNI SPACE \u2013 De\u0148 otvoren\u00fdch dver\u00ed 6. febru\u00e1ra 2015"},"content":{"rendered":"<p style=\"text-align: justify\"> \tALUMNI SPACE je priestor pre stretnutia\u00a0 \u0161tudentov stredn\u00fdch \u0161k\u00f4l, ale aj \u010fal\u0161\u00edch z\u00e1ujemcov z radov u\u010dite\u013eov a \u0161tudentov na\u0161ej fakulty, \u010di mimo nej, s absolventmi Pr\u00edrodovedeckej fakulty UPJ\u0160 v Ko\u0161iciach, ktor\u00ed sa \u00faspe\u0161ne uplat\u0148uj\u00fa v praxi. \u00a0Je to priestor dozvedie\u0165 sa viac o n\u00e1plni a charaktere ich pr\u00e1ce, no predov\u0161etk\u00fdm ich vyjadreniach, ako a \u010d\u00edm im pomohlo \u0161t\u00fadium pr\u00edrodn\u00fdch vied, matematiky a informatiky k \u00faspe\u0161nej sebarealiz\u00e1cii v praxi a naplnilo aj\u00a0 ich \u2026 <strong>cestu za \u00faspechom<\/strong>.<\/p>\n<p style=\"text-align: justify\"> \t<strong>Pozvan\u00ed hostia-absolventi:<\/strong><\/p>\n<ul>\n<li> \t\t<a href=\"\/public\/media\/11089\/CV_Oros.pdf\" target=\"_blank\" rel=\"noopener\"><strong>Mgr. Roman Oros<\/strong><\/a><br \/> \t\tSchimadzu Corporation Japan\/div\u00edzia Schimadzu Biotech<br \/> \t\t<strong>Odbor a rok ukon\u010denia \u0161t\u00fadia:<\/strong> Ch\u00e9mia, 1995<br \/> \t\t<strong>T\u00e9ma prezent\u00e1cie:<\/strong> <span style=\"color: #006400\">\u0160alvia divotvorn\u00e1 \u2013 som lie\u010dite\u013e alebo narkoman?<\/span><\/li>\n<\/ul>\n<ul>\n<li> \t\t<a href=\"\/public\/media\/11089\/CV_Huntosova.pdf\" target=\"_blank\" rel=\"noopener\"><strong>RNDr. Veronika Hunto\u0161ov\u00e1, PhD.<\/strong><\/a><br \/> \t\tCentrum interdisciplin\u00e1rnych biovied, PF UPJ\u0160<br \/> \t\t<strong>Odbor a rok ukon\u010denia \u0161t\u00fadia: <\/strong>Fyzika\/Biofyzika, 2006<br \/> \t\t<strong>T\u00e9ma prezent\u00e1cie:\u00a0 <\/strong><span style=\"color: #006400\">Fot\u00f3ny na ceste za sk\u00faman\u00edm bio\u0161trukt\u00far<\/span><\/li>\n<\/ul>\n<ul>\n<li> \t\t<a href=\"\/public\/media\/11089\/Radovan_Stas_CV_UPJS.pdf\" target=\"_blank\" rel=\"noopener\"><strong>Mgr. Radovan Sta\u0161<\/strong><\/a><br \/> \t\tIBM Slovensko, Custom and Mobile Development Leader<br \/> \t\t<strong>Odbor a rok ukon\u010denia \u0161t\u00fadia: <\/strong>Fyzika\/Informatika, r. 2005<br \/> \t\t<strong>T\u00e9ma prezent\u00e1cie:\u00a0<\/strong><span style=\"color: #006400\">Pre\u010do \u0161tudova\u0165 informatiku<\/span><\/li>\n<\/ul>\n<p> \t<strong><strong>\u00a0<\/strong><\/strong><\/p>\n","protected":false},"excerpt":{"rendered":"<p>ALUMNI SPACE je priestor pre stretnutia\u00a0 \u0161tudentov stredn\u00fdch \u0161k\u00f4l, ale aj \u010fal\u0161\u00edch z\u00e1ujemcov z radov u\u010dite\u013eov a \u0161tudentov na\u0161ej fakulty, \u010di mimo nej, s absolventmi Pr\u00edrodovedeckej fakulty UPJ\u0160 v Ko\u0161iciach, ktor\u00ed sa \u00faspe\u0161ne uplat\u0148uj\u00fa v praxi. \u00a0Je to priestor dozvedie\u0165 sa viac o n\u00e1plni a charaktere ich pr\u00e1ce, no predov\u0161etk\u00fdm ich vyjadreniach, ako a \u010d\u00edm &hellip; <a href=\"https:\/\/www.upjs.sk\/prirodovedecka-fakulta\/fakulta\/as-dod2015\/\">\u010c\u00edta\u0165 \u010falej<\/a><\/p>\n","protected":false},"author":1,"featured_media":0,"parent":13022,"menu_order":16,"comment_status":"closed","ping_status":"closed","template":"","meta":{"_acf_changed":false,"_editorskit_title_hidden":false,"_editorskit_reading_time":0,"_editorskit_is_block_options_detached":false,"_editorskit_block_options_position":"{}","footnotes":""},"categories":[],"tags":[],"class_list":["post-14959","page","type-page","status-publish","hentry"],"acf":{"acf_link_na_externy_obsah":""},"yoast_head":"<!-- This site is optimized with the Yoast SEO plugin v27.2 - https:\/\/yoast.com\/product\/yoast-seo-wordpress\/ -->\n<title>ALUMNI SPACE \u2013 De\u0148 otvoren\u00fdch dver\u00ed 6. febru\u00e1ra 2015 - Pr\u00edrodovedeck\u00e1 fakulta | UPJ\u0160<\/title>\n<meta name=\"robots\" content=\"index, follow, max-snippet:-1, max-image-preview:large, max-video-preview:-1\" \/>\n<link rel=\"canonical\" href=\"https:\/\/www.upjs.sk\/prirodovedecka-fakulta\/fakulta\/as-dod2015\/\" \/>\n<meta property=\"og:locale\" content=\"sk_SK\" \/>\n<meta property=\"og:type\" content=\"article\" \/>\n<meta property=\"og:title\" content=\"ALUMNI SPACE \u2013 De\u0148 otvoren\u00fdch dver\u00ed 6. febru\u00e1ra 2015 - Pr\u00edrodovedeck\u00e1 fakulta | UPJ\u0160\" \/>\n<meta property=\"og:description\" content=\"ALUMNI SPACE je priestor pre stretnutia\u00a0 \u0161tudentov stredn\u00fdch \u0161k\u00f4l, ale aj \u010fal\u0161\u00edch z\u00e1ujemcov z radov u\u010dite\u013eov a \u0161tudentov na\u0161ej fakulty, \u010di mimo nej, s absolventmi Pr\u00edrodovedeckej fakulty UPJ\u0160 v Ko\u0161iciach, ktor\u00ed sa \u00faspe\u0161ne uplat\u0148uj\u00fa v praxi. \u00a0Je to priestor dozvedie\u0165 sa viac o n\u00e1plni a charaktere ich pr\u00e1ce, no predov\u0161etk\u00fdm ich vyjadreniach, ako a \u010d\u00edm &hellip; \u010c\u00edta\u0165 \u010falej\" \/>\n<meta property=\"og:url\" content=\"https:\/\/www.upjs.sk\/prirodovedecka-fakulta\/fakulta\/as-dod2015\/\" \/>\n<meta property=\"og:site_name\" content=\"Pr\u00edrodovedeck\u00e1 fakulta | UPJ\u0160\" \/>\n<meta property=\"article:modified_time\" content=\"2022-10-26T08:13:48+00:00\" \/>\n<meta name=\"twitter:card\" content=\"summary_large_image\" \/>\n<meta name=\"twitter:label1\" content=\"Predpokladan\u00fd \u010das \u010d\u00edtania\" \/>\n\t<meta name=\"twitter:data1\" content=\"1 min\u00fata\" \/>\n<script type=\"application\/ld+json\" class=\"yoast-schema-graph\">{\"@context\":\"https:\/\/schema.org\",\"@graph\":[{\"@type\":\"WebPage\",\"@id\":\"https:\/\/www.upjs.sk\/prirodovedecka-fakulta\/fakulta\/as-dod2015\/\",\"url\":\"https:\/\/www.upjs.sk\/prirodovedecka-fakulta\/fakulta\/as-dod2015\/\",\"name\":\"ALUMNI SPACE \u2013 De\u0148 otvoren\u00fdch dver\u00ed 6. febru\u00e1ra 2015 - Pr\u00edrodovedeck\u00e1 fakulta | UPJ\u0160\",\"isPartOf\":{\"@id\":\"https:\/\/www.upjs.sk\/prirodovedecka-fakulta\/#website\"},\"datePublished\":\"2015-01-30T14:40:48+00:00\",\"dateModified\":\"2022-10-26T08:13:48+00:00\",\"breadcrumb\":{\"@id\":\"https:\/\/www.upjs.sk\/prirodovedecka-fakulta\/fakulta\/as-dod2015\/#breadcrumb\"},\"inLanguage\":\"sk-SK\",\"potentialAction\":[{\"@type\":\"ReadAction\",\"target\":[\"https:\/\/www.upjs.sk\/prirodovedecka-fakulta\/fakulta\/as-dod2015\/\"]}]},{\"@type\":\"BreadcrumbList\",\"@id\":\"https:\/\/www.upjs.sk\/prirodovedecka-fakulta\/fakulta\/as-dod2015\/#breadcrumb\",\"itemListElement\":[{\"@type\":\"ListItem\",\"position\":1,\"name\":\"Home\",\"item\":\"https:\/\/www.upjs.sk\/prirodovedecka-fakulta\/\"},{\"@type\":\"ListItem\",\"position\":2,\"name\":\"Inform\u00e1cie o fakulte\",\"item\":\"https:\/\/www.upjs.sk\/prirodovedecka-fakulta\/fakulta\/\"},{\"@type\":\"ListItem\",\"position\":3,\"name\":\"ALUMNI SPACE \u2013 De\u0148 otvoren\u00fdch dver\u00ed 6. febru\u00e1ra 2015\"}]},{\"@type\":\"WebSite\",\"@id\":\"https:\/\/www.upjs.sk\/prirodovedecka-fakulta\/#website\",\"url\":\"https:\/\/www.upjs.sk\/prirodovedecka-fakulta\/\",\"name\":\"Pr\u00edrodovedeck\u00e1 fakulta | UPJ\u0160\",\"description\":\"\",\"publisher\":{\"@id\":\"https:\/\/www.upjs.sk\/prirodovedecka-fakulta\/#organization\"},\"potentialAction\":[{\"@type\":\"SearchAction\",\"target\":{\"@type\":\"EntryPoint\",\"urlTemplate\":\"https:\/\/www.upjs.sk\/prirodovedecka-fakulta\/?s={search_term_string}\"},\"query-input\":{\"@type\":\"PropertyValueSpecification\",\"valueRequired\":true,\"valueName\":\"search_term_string\"}}],\"inLanguage\":\"sk-SK\"},{\"@type\":\"Organization\",\"@id\":\"https:\/\/www.upjs.sk\/prirodovedecka-fakulta\/#organization\",\"name\":\"Pr\u00edrodovedeck\u00e1 fakulta | UPJ\u0160\",\"url\":\"https:\/\/www.upjs.sk\/prirodovedecka-fakulta\/\",\"logo\":{\"@type\":\"ImageObject\",\"inLanguage\":\"sk-SK\",\"@id\":\"https:\/\/www.upjs.sk\/prirodovedecka-fakulta\/#\/schema\/logo\/image\/\",\"url\":\"https:\/\/www.upjs.sk\/app\/uploads\/sites\/10\/2022\/09\/logo-prirodovedecka-fakulta.png\",\"contentUrl\":\"https:\/\/www.upjs.sk\/app\/uploads\/sites\/10\/2022\/09\/logo-prirodovedecka-fakulta.png\",\"width\":415,\"height\":87,\"caption\":\"Pr\u00edrodovedeck\u00e1 fakulta | UPJ\u0160\"},\"image\":{\"@id\":\"https:\/\/www.upjs.sk\/prirodovedecka-fakulta\/#\/schema\/logo\/image\/\"}}]}<\/script>\n<!-- \/ Yoast SEO plugin. -->","yoast_head_json":{"title":"ALUMNI SPACE \u2013 De\u0148 otvoren\u00fdch dver\u00ed 6. febru\u00e1ra 2015 - Pr\u00edrodovedeck\u00e1 fakulta | UPJ\u0160","robots":{"index":"index","follow":"follow","max-snippet":"max-snippet:-1","max-image-preview":"max-image-preview:large","max-video-preview":"max-video-preview:-1"},"canonical":"https:\/\/www.upjs.sk\/prirodovedecka-fakulta\/fakulta\/as-dod2015\/","og_locale":"sk_SK","og_type":"article","og_title":"ALUMNI SPACE \u2013 De\u0148 otvoren\u00fdch dver\u00ed 6. febru\u00e1ra 2015 - Pr\u00edrodovedeck\u00e1 fakulta | UPJ\u0160","og_description":"ALUMNI SPACE je priestor pre stretnutia\u00a0 \u0161tudentov stredn\u00fdch \u0161k\u00f4l, ale aj \u010fal\u0161\u00edch z\u00e1ujemcov z radov u\u010dite\u013eov a \u0161tudentov na\u0161ej fakulty, \u010di mimo nej, s absolventmi Pr\u00edrodovedeckej fakulty UPJ\u0160 v Ko\u0161iciach, ktor\u00ed sa \u00faspe\u0161ne uplat\u0148uj\u00fa v praxi. \u00a0Je to priestor dozvedie\u0165 sa viac o n\u00e1plni a charaktere ich pr\u00e1ce, no predov\u0161etk\u00fdm ich vyjadreniach, ako a \u010d\u00edm &hellip; \u010c\u00edta\u0165 \u010falej","og_url":"https:\/\/www.upjs.sk\/prirodovedecka-fakulta\/fakulta\/as-dod2015\/","og_site_name":"Pr\u00edrodovedeck\u00e1 fakulta | UPJ\u0160","article_modified_time":"2022-10-26T08:13:48+00:00","twitter_card":"summary_large_image","twitter_misc":{"Predpokladan\u00fd \u010das \u010d\u00edtania":"1 min\u00fata"},"schema":{"@context":"https:\/\/schema.org","@graph":[{"@type":"WebPage","@id":"https:\/\/www.upjs.sk\/prirodovedecka-fakulta\/fakulta\/as-dod2015\/","url":"https:\/\/www.upjs.sk\/prirodovedecka-fakulta\/fakulta\/as-dod2015\/","name":"ALUMNI SPACE \u2013 De\u0148 otvoren\u00fdch dver\u00ed 6. febru\u00e1ra 2015 - Pr\u00edrodovedeck\u00e1 fakulta | UPJ\u0160","isPartOf":{"@id":"https:\/\/www.upjs.sk\/prirodovedecka-fakulta\/#website"},"datePublished":"2015-01-30T14:40:48+00:00","dateModified":"2022-10-26T08:13:48+00:00","breadcrumb":{"@id":"https:\/\/www.upjs.sk\/prirodovedecka-fakulta\/fakulta\/as-dod2015\/#breadcrumb"},"inLanguage":"sk-SK","potentialAction":[{"@type":"ReadAction","target":["https:\/\/www.upjs.sk\/prirodovedecka-fakulta\/fakulta\/as-dod2015\/"]}]},{"@type":"BreadcrumbList","@id":"https:\/\/www.upjs.sk\/prirodovedecka-fakulta\/fakulta\/as-dod2015\/#breadcrumb","itemListElement":[{"@type":"ListItem","position":1,"name":"Home","item":"https:\/\/www.upjs.sk\/prirodovedecka-fakulta\/"},{"@type":"ListItem","position":2,"name":"Inform\u00e1cie o fakulte","item":"https:\/\/www.upjs.sk\/prirodovedecka-fakulta\/fakulta\/"},{"@type":"ListItem","position":3,"name":"ALUMNI SPACE \u2013 De\u0148 otvoren\u00fdch dver\u00ed 6. febru\u00e1ra 2015"}]},{"@type":"WebSite","@id":"https:\/\/www.upjs.sk\/prirodovedecka-fakulta\/#website","url":"https:\/\/www.upjs.sk\/prirodovedecka-fakulta\/","name":"Pr\u00edrodovedeck\u00e1 fakulta | UPJ\u0160","description":"","publisher":{"@id":"https:\/\/www.upjs.sk\/prirodovedecka-fakulta\/#organization"},"potentialAction":[{"@type":"SearchAction","target":{"@type":"EntryPoint","urlTemplate":"https:\/\/www.upjs.sk\/prirodovedecka-fakulta\/?s={search_term_string}"},"query-input":{"@type":"PropertyValueSpecification","valueRequired":true,"valueName":"search_term_string"}}],"inLanguage":"sk-SK"},{"@type":"Organization","@id":"https:\/\/www.upjs.sk\/prirodovedecka-fakulta\/#organization","name":"Pr\u00edrodovedeck\u00e1 fakulta | UPJ\u0160","url":"https:\/\/www.upjs.sk\/prirodovedecka-fakulta\/","logo":{"@type":"ImageObject","inLanguage":"sk-SK","@id":"https:\/\/www.upjs.sk\/prirodovedecka-fakulta\/#\/schema\/logo\/image\/","url":"https:\/\/www.upjs.sk\/app\/uploads\/sites\/10\/2022\/09\/logo-prirodovedecka-fakulta.png","contentUrl":"https:\/\/www.upjs.sk\/app\/uploads\/sites\/10\/2022\/09\/logo-prirodovedecka-fakulta.png","width":415,"height":87,"caption":"Pr\u00edrodovedeck\u00e1 fakulta | UPJ\u0160"},"image":{"@id":"https:\/\/www.upjs.sk\/prirodovedecka-fakulta\/#\/schema\/logo\/image\/"}}]}},"_links":{"self":[{"href":"https:\/\/www.upjs.sk\/prirodovedecka-fakulta\/wp-json\/wp\/v2\/pages\/14959","targetHints":{"allow":["GET"]}}],"collection":[{"href":"https:\/\/www.upjs.sk\/prirodovedecka-fakulta\/wp-json\/wp\/v2\/pages"}],"about":[{"href":"https:\/\/www.upjs.sk\/prirodovedecka-fakulta\/wp-json\/wp\/v2\/types\/page"}],"author":[{"embeddable":true,"href":"https:\/\/www.upjs.sk\/prirodovedecka-fakulta\/wp-json\/wp\/v2\/users\/1"}],"replies":[{"embeddable":true,"href":"https:\/\/www.upjs.sk\/prirodovedecka-fakulta\/wp-json\/wp\/v2\/comments?post=14959"}],"version-history":[{"count":1,"href":"https:\/\/www.upjs.sk\/prirodovedecka-fakulta\/wp-json\/wp\/v2\/pages\/14959\/revisions"}],"predecessor-version":[{"id":19146,"href":"https:\/\/www.upjs.sk\/prirodovedecka-fakulta\/wp-json\/wp\/v2\/pages\/14959\/revisions\/19146"}],"up":[{"embeddable":true,"href":"https:\/\/www.upjs.sk\/prirodovedecka-fakulta\/wp-json\/wp\/v2\/pages\/13022"}],"wp:attachment":[{"href":"https:\/\/www.upjs.sk\/prirodovedecka-fakulta\/wp-json\/wp\/v2\/media?parent=14959"}],"wp:term":[{"taxonomy":"category","embeddable":true,"href":"https:\/\/www.upjs.sk\/prirodovedecka-fakulta\/wp-json\/wp\/v2\/categories?post=14959"},{"taxonomy":"post_tag","embeddable":true,"href":"https:\/\/www.upjs.sk\/prirodovedecka-fakulta\/wp-json\/wp\/v2\/tags?post=14959"}],"curies":[{"name":"wp","href":"https:\/\/api.w.org\/{rel}","templated":true}]}}