{"id":14971,"date":"2016-03-30T12:49:41","date_gmt":"2016-03-30T12:49:41","guid":{"rendered":"https:\/\/www.upjs.sk\/prirodovedecka-fakulta\/root\/fakulta\/centrum-exelentnosti-eu\/"},"modified":"2022-10-26T08:13:49","modified_gmt":"2022-10-26T08:13:49","slug":"centrum-exelentnosti-eu","status":"publish","type":"page","link":"https:\/\/www.upjs.sk\/prirodovedecka-fakulta\/fakulta\/centrum-exelentnosti-eu\/","title":{"rendered":"Eur\u00f3pske strategick\u00e9 f\u00f3rum pre v\u00fdskumn\u00fa infra\u0161trukt\u00faru (ESFRI)"},"content":{"rendered":"<h3><a href=\"http:\/\/www.eurobioimaging.eu\/content-page\/about-euro-bioimaging\" target=\"_blank\" rel=\"noopener\">Euro-Bioimaging &#8211; paneur\u00f3psky projekt pre v\u00fdskumn\u00fa infra\u0161trukt\u00faru<\/a><\/h3>\n<h4><strong>Centrum Interdisciplin\u00e1rnych Biovied<\/strong> <a href=\"http:\/\/www.cib-center.org\/en\/home\" target=\"_blank\" rel=\"noopener\">(http:\/\/www.cib-center.org\/en\/home<\/a>):\u00a0<\/h4>\n<p>Koordina\u010dn\u00e9 pracovisko \u201eSlovak Bio-imaging Network\u201c, ktor\u00e1 sa d\u0148a 30.11.2015 stala riadnym \u010dlenom Eur\u00f3pskej siete pracov\u00edsk v bio-zobrazovan\u00ed \u201eEuro-BioImaging\u201c\u00a0 (<a href=\"http:\/\/www.eurobioimaging.eu\/\" target=\"_blank\" rel=\"noopener\">http:\/\/www.eurobioimaging.eu\/ <\/a>)<\/p>\n<p><strong>Hlavn\u00e9 ciele CIB:<\/strong><\/p>\n<p>1. Medzin\u00e1rodne akceptovate\u013en\u00e1 \u00farove\u0148 z\u00e1kladn\u00e9ho v\u00fdskumu v programoch:<\/p>\n<ul>\n<li>Cielen\u00e1 terapia n\u00e1dorov\u00fdch ochoren\u00ed \u2013 nanomedic\u00ednske in\u017einierstvo<\/li>\n<li>Oxidat\u00edvny stres a starnutie \u2013 bio-energetika<\/li>\n<li>Display\u00a0 technol\u00f3gie\u00a0\u00a0\u00a0 &#8211;\u00a0 prote\u00ednov\u00e9 in\u017einierstvo\u00a0<\/li>\n<li>Komplexn\u00e9 biologick\u00e9 syst\u00e9my \u2013 teoretick\u00e9 pr\u00edstupy<\/li>\n<\/ul>\n<p>Ved\u00faci pracoviska: prof. RNDr. Pavol Mi\u0161kovsk\u00fd, DrSc.<\/p>\n<h4><strong>SAFTRA Photonics, s.r.o.<\/strong> (<a href=\"http:\/\/www.saftra-photonics.org\/en\/home\" target=\"_blank\" rel=\"noopener\">http:\/\/www.saftra-photonics.org\/en\/home<\/a> )<\/h4>\n<p>\u010clen \u201eSlovak Bio-Imaging Network\u201c, ktor\u00e1 sa d\u0148a 30.11.2015 stala riadnym \u010dlenom Eur\u00f3pskej siete pracov\u00edsk v biozobrazovan\u00ed \u201eEuro-BioImaging\u201c\u00a0 (<a href=\"http:\/\/www.eurobioimaging.eu\/\" target=\"_blank\" rel=\"noopener\">http:\/\/www.eurobioimaging.eu\/ <\/a>)<\/p>\n<p><strong>Hlavn\u00e9 ciele SAFTRA Photonics, s.r.o.:<\/strong><\/p>\n<p>1. Medzin\u00e1rodne akceptovate\u013en\u00e1 \u00farove\u0148 aplikovan\u00e9ho v\u00fdskumu.\u00a0<\/p>\n<p>2. Vysok\u00fd potenci\u00e1l pre transfer technol\u00f3gi\u00ed.<\/p>\n<p>3. Re\u00e1lna spolupr\u00e1ca s high-tech priemyslom.<\/p>\n<p>4. Vysok\u00fd potenci\u00e1l v pr\u00edspevku k rastu region\u00e1lnej\/n\u00e1rodnej ekonomiky a rastu zamestnanosti.<\/p>\n<p> Ved\u00faci pracoviska: prof. RNDr. Pavol Mi\u0161kovsk\u00fd, DrSc.<\/p>\n","protected":false},"excerpt":{"rendered":"<p>Euro-Bioimaging &#8211; paneur\u00f3psky projekt pre v\u00fdskumn\u00fa infra\u0161trukt\u00faru Centrum Interdisciplin\u00e1rnych Biovied (http:\/\/www.cib-center.org\/en\/home):\u00a0 Koordina\u010dn\u00e9 pracovisko \u201eSlovak Bio-imaging Network\u201c, ktor\u00e1 sa d\u0148a 30.11.2015 stala riadnym \u010dlenom Eur\u00f3pskej siete pracov\u00edsk v bio-zobrazovan\u00ed \u201eEuro-BioImaging\u201c\u00a0 (http:\/\/www.eurobioimaging.eu\/ ) Hlavn\u00e9 ciele CIB: 1. Medzin\u00e1rodne akceptovate\u013en\u00e1 \u00farove\u0148 z\u00e1kladn\u00e9ho v\u00fdskumu v programoch: Cielen\u00e1 terapia n\u00e1dorov\u00fdch ochoren\u00ed \u2013 nanomedic\u00ednske in\u017einierstvo Oxidat\u00edvny stres a starnutie \u2013 bio-energetika &hellip; <a href=\"https:\/\/www.upjs.sk\/prirodovedecka-fakulta\/fakulta\/centrum-exelentnosti-eu\/\">\u010c\u00edta\u0165 \u010falej<\/a><\/p>\n","protected":false},"author":1,"featured_media":0,"parent":13022,"menu_order":19,"comment_status":"closed","ping_status":"closed","template":"","meta":{"_acf_changed":false,"_editorskit_title_hidden":false,"_editorskit_reading_time":0,"_editorskit_is_block_options_detached":false,"_editorskit_block_options_position":"{}","footnotes":""},"categories":[],"tags":[],"class_list":["post-14971","page","type-page","status-publish","hentry"],"acf":{"acf_link_na_externy_obsah":""},"yoast_head":"<!-- This site is optimized with the Yoast SEO plugin v27.4 - https:\/\/yoast.com\/product\/yoast-seo-wordpress\/ -->\n<title>Eur\u00f3pske strategick\u00e9 f\u00f3rum pre v\u00fdskumn\u00fa infra\u0161trukt\u00faru (ESFRI) - Pr\u00edrodovedeck\u00e1 fakulta | UPJ\u0160<\/title>\n<meta name=\"robots\" content=\"index, follow, max-snippet:-1, max-image-preview:large, max-video-preview:-1\" \/>\n<link rel=\"canonical\" href=\"https:\/\/www.upjs.sk\/prirodovedecka-fakulta\/fakulta\/centrum-exelentnosti-eu\/\" \/>\n<meta property=\"og:locale\" content=\"sk_SK\" \/>\n<meta property=\"og:type\" content=\"article\" \/>\n<meta property=\"og:title\" content=\"Eur\u00f3pske strategick\u00e9 f\u00f3rum pre v\u00fdskumn\u00fa infra\u0161trukt\u00faru (ESFRI) - Pr\u00edrodovedeck\u00e1 fakulta | UPJ\u0160\" \/>\n<meta property=\"og:description\" content=\"Euro-Bioimaging &#8211; paneur\u00f3psky projekt pre v\u00fdskumn\u00fa infra\u0161trukt\u00faru Centrum Interdisciplin\u00e1rnych Biovied (http:\/\/www.cib-center.org\/en\/home):\u00a0 Koordina\u010dn\u00e9 pracovisko \u201eSlovak Bio-imaging Network\u201c, ktor\u00e1 sa d\u0148a 30.11.2015 stala riadnym \u010dlenom Eur\u00f3pskej siete pracov\u00edsk v bio-zobrazovan\u00ed \u201eEuro-BioImaging\u201c\u00a0 (http:\/\/www.eurobioimaging.eu\/ ) Hlavn\u00e9 ciele CIB: 1. Medzin\u00e1rodne akceptovate\u013en\u00e1 \u00farove\u0148 z\u00e1kladn\u00e9ho v\u00fdskumu v programoch: Cielen\u00e1 terapia n\u00e1dorov\u00fdch ochoren\u00ed \u2013 nanomedic\u00ednske in\u017einierstvo Oxidat\u00edvny stres a starnutie \u2013 bio-energetika &hellip; \u010c\u00edta\u0165 \u010falej\" \/>\n<meta property=\"og:url\" content=\"https:\/\/www.upjs.sk\/prirodovedecka-fakulta\/fakulta\/centrum-exelentnosti-eu\/\" \/>\n<meta property=\"og:site_name\" content=\"Pr\u00edrodovedeck\u00e1 fakulta | UPJ\u0160\" \/>\n<meta property=\"article:modified_time\" content=\"2022-10-26T08:13:49+00:00\" \/>\n<meta name=\"twitter:card\" content=\"summary_large_image\" \/>\n<meta name=\"twitter:label1\" content=\"Predpokladan\u00fd \u010das \u010d\u00edtania\" \/>\n\t<meta name=\"twitter:data1\" content=\"1 min\u00fata\" \/>\n<script type=\"application\/ld+json\" class=\"yoast-schema-graph\">{\"@context\":\"https:\\\/\\\/schema.org\",\"@graph\":[{\"@type\":\"WebPage\",\"@id\":\"https:\\\/\\\/www.upjs.sk\\\/prirodovedecka-fakulta\\\/fakulta\\\/centrum-exelentnosti-eu\\\/\",\"url\":\"https:\\\/\\\/www.upjs.sk\\\/prirodovedecka-fakulta\\\/fakulta\\\/centrum-exelentnosti-eu\\\/\",\"name\":\"Eur\u00f3pske strategick\u00e9 f\u00f3rum pre v\u00fdskumn\u00fa infra\u0161trukt\u00faru (ESFRI) - Pr\u00edrodovedeck\u00e1 fakulta | UPJ\u0160\",\"isPartOf\":{\"@id\":\"https:\\\/\\\/www.upjs.sk\\\/prirodovedecka-fakulta\\\/#website\"},\"datePublished\":\"2016-03-30T12:49:41+00:00\",\"dateModified\":\"2022-10-26T08:13:49+00:00\",\"breadcrumb\":{\"@id\":\"https:\\\/\\\/www.upjs.sk\\\/prirodovedecka-fakulta\\\/fakulta\\\/centrum-exelentnosti-eu\\\/#breadcrumb\"},\"inLanguage\":\"sk-SK\",\"potentialAction\":[{\"@type\":\"ReadAction\",\"target\":[\"https:\\\/\\\/www.upjs.sk\\\/prirodovedecka-fakulta\\\/fakulta\\\/centrum-exelentnosti-eu\\\/\"]}]},{\"@type\":\"BreadcrumbList\",\"@id\":\"https:\\\/\\\/www.upjs.sk\\\/prirodovedecka-fakulta\\\/fakulta\\\/centrum-exelentnosti-eu\\\/#breadcrumb\",\"itemListElement\":[{\"@type\":\"ListItem\",\"position\":1,\"name\":\"Home\",\"item\":\"https:\\\/\\\/www.upjs.sk\\\/prirodovedecka-fakulta\\\/\"},{\"@type\":\"ListItem\",\"position\":2,\"name\":\"Inform\u00e1cie o fakulte\",\"item\":\"https:\\\/\\\/www.upjs.sk\\\/prirodovedecka-fakulta\\\/fakulta\\\/\"},{\"@type\":\"ListItem\",\"position\":3,\"name\":\"Eur\u00f3pske strategick\u00e9 f\u00f3rum pre v\u00fdskumn\u00fa infra\u0161trukt\u00faru (ESFRI)\"}]},{\"@type\":\"WebSite\",\"@id\":\"https:\\\/\\\/www.upjs.sk\\\/prirodovedecka-fakulta\\\/#website\",\"url\":\"https:\\\/\\\/www.upjs.sk\\\/prirodovedecka-fakulta\\\/\",\"name\":\"Pr\u00edrodovedeck\u00e1 fakulta | UPJ\u0160\",\"description\":\"\",\"publisher\":{\"@id\":\"https:\\\/\\\/www.upjs.sk\\\/prirodovedecka-fakulta\\\/#organization\"},\"potentialAction\":[{\"@type\":\"SearchAction\",\"target\":{\"@type\":\"EntryPoint\",\"urlTemplate\":\"https:\\\/\\\/www.upjs.sk\\\/prirodovedecka-fakulta\\\/?s={search_term_string}\"},\"query-input\":{\"@type\":\"PropertyValueSpecification\",\"valueRequired\":true,\"valueName\":\"search_term_string\"}}],\"inLanguage\":\"sk-SK\"},{\"@type\":\"Organization\",\"@id\":\"https:\\\/\\\/www.upjs.sk\\\/prirodovedecka-fakulta\\\/#organization\",\"name\":\"Pr\u00edrodovedeck\u00e1 fakulta | UPJ\u0160\",\"url\":\"https:\\\/\\\/www.upjs.sk\\\/prirodovedecka-fakulta\\\/\",\"logo\":{\"@type\":\"ImageObject\",\"inLanguage\":\"sk-SK\",\"@id\":\"https:\\\/\\\/www.upjs.sk\\\/prirodovedecka-fakulta\\\/#\\\/schema\\\/logo\\\/image\\\/\",\"url\":\"https:\\\/\\\/www.upjs.sk\\\/app\\\/uploads\\\/sites\\\/10\\\/2022\\\/09\\\/logo-prirodovedecka-fakulta.png\",\"contentUrl\":\"https:\\\/\\\/www.upjs.sk\\\/app\\\/uploads\\\/sites\\\/10\\\/2022\\\/09\\\/logo-prirodovedecka-fakulta.png\",\"width\":415,\"height\":87,\"caption\":\"Pr\u00edrodovedeck\u00e1 fakulta | UPJ\u0160\"},\"image\":{\"@id\":\"https:\\\/\\\/www.upjs.sk\\\/prirodovedecka-fakulta\\\/#\\\/schema\\\/logo\\\/image\\\/\"}}]}<\/script>\n<!-- \/ Yoast SEO plugin. -->","yoast_head_json":{"title":"Eur\u00f3pske strategick\u00e9 f\u00f3rum pre v\u00fdskumn\u00fa infra\u0161trukt\u00faru (ESFRI) - Pr\u00edrodovedeck\u00e1 fakulta | UPJ\u0160","robots":{"index":"index","follow":"follow","max-snippet":"max-snippet:-1","max-image-preview":"max-image-preview:large","max-video-preview":"max-video-preview:-1"},"canonical":"https:\/\/www.upjs.sk\/prirodovedecka-fakulta\/fakulta\/centrum-exelentnosti-eu\/","og_locale":"sk_SK","og_type":"article","og_title":"Eur\u00f3pske strategick\u00e9 f\u00f3rum pre v\u00fdskumn\u00fa infra\u0161trukt\u00faru (ESFRI) - Pr\u00edrodovedeck\u00e1 fakulta | UPJ\u0160","og_description":"Euro-Bioimaging &#8211; paneur\u00f3psky projekt pre v\u00fdskumn\u00fa infra\u0161trukt\u00faru Centrum Interdisciplin\u00e1rnych Biovied (http:\/\/www.cib-center.org\/en\/home):\u00a0 Koordina\u010dn\u00e9 pracovisko \u201eSlovak Bio-imaging Network\u201c, ktor\u00e1 sa d\u0148a 30.11.2015 stala riadnym \u010dlenom Eur\u00f3pskej siete pracov\u00edsk v bio-zobrazovan\u00ed \u201eEuro-BioImaging\u201c\u00a0 (http:\/\/www.eurobioimaging.eu\/ ) Hlavn\u00e9 ciele CIB: 1. Medzin\u00e1rodne akceptovate\u013en\u00e1 \u00farove\u0148 z\u00e1kladn\u00e9ho v\u00fdskumu v programoch: Cielen\u00e1 terapia n\u00e1dorov\u00fdch ochoren\u00ed \u2013 nanomedic\u00ednske in\u017einierstvo Oxidat\u00edvny stres a starnutie \u2013 bio-energetika &hellip; \u010c\u00edta\u0165 \u010falej","og_url":"https:\/\/www.upjs.sk\/prirodovedecka-fakulta\/fakulta\/centrum-exelentnosti-eu\/","og_site_name":"Pr\u00edrodovedeck\u00e1 fakulta | UPJ\u0160","article_modified_time":"2022-10-26T08:13:49+00:00","twitter_card":"summary_large_image","twitter_misc":{"Predpokladan\u00fd \u010das \u010d\u00edtania":"1 min\u00fata"},"schema":{"@context":"https:\/\/schema.org","@graph":[{"@type":"WebPage","@id":"https:\/\/www.upjs.sk\/prirodovedecka-fakulta\/fakulta\/centrum-exelentnosti-eu\/","url":"https:\/\/www.upjs.sk\/prirodovedecka-fakulta\/fakulta\/centrum-exelentnosti-eu\/","name":"Eur\u00f3pske strategick\u00e9 f\u00f3rum pre v\u00fdskumn\u00fa infra\u0161trukt\u00faru (ESFRI) - Pr\u00edrodovedeck\u00e1 fakulta | UPJ\u0160","isPartOf":{"@id":"https:\/\/www.upjs.sk\/prirodovedecka-fakulta\/#website"},"datePublished":"2016-03-30T12:49:41+00:00","dateModified":"2022-10-26T08:13:49+00:00","breadcrumb":{"@id":"https:\/\/www.upjs.sk\/prirodovedecka-fakulta\/fakulta\/centrum-exelentnosti-eu\/#breadcrumb"},"inLanguage":"sk-SK","potentialAction":[{"@type":"ReadAction","target":["https:\/\/www.upjs.sk\/prirodovedecka-fakulta\/fakulta\/centrum-exelentnosti-eu\/"]}]},{"@type":"BreadcrumbList","@id":"https:\/\/www.upjs.sk\/prirodovedecka-fakulta\/fakulta\/centrum-exelentnosti-eu\/#breadcrumb","itemListElement":[{"@type":"ListItem","position":1,"name":"Home","item":"https:\/\/www.upjs.sk\/prirodovedecka-fakulta\/"},{"@type":"ListItem","position":2,"name":"Inform\u00e1cie o fakulte","item":"https:\/\/www.upjs.sk\/prirodovedecka-fakulta\/fakulta\/"},{"@type":"ListItem","position":3,"name":"Eur\u00f3pske strategick\u00e9 f\u00f3rum pre v\u00fdskumn\u00fa infra\u0161trukt\u00faru (ESFRI)"}]},{"@type":"WebSite","@id":"https:\/\/www.upjs.sk\/prirodovedecka-fakulta\/#website","url":"https:\/\/www.upjs.sk\/prirodovedecka-fakulta\/","name":"Pr\u00edrodovedeck\u00e1 fakulta | UPJ\u0160","description":"","publisher":{"@id":"https:\/\/www.upjs.sk\/prirodovedecka-fakulta\/#organization"},"potentialAction":[{"@type":"SearchAction","target":{"@type":"EntryPoint","urlTemplate":"https:\/\/www.upjs.sk\/prirodovedecka-fakulta\/?s={search_term_string}"},"query-input":{"@type":"PropertyValueSpecification","valueRequired":true,"valueName":"search_term_string"}}],"inLanguage":"sk-SK"},{"@type":"Organization","@id":"https:\/\/www.upjs.sk\/prirodovedecka-fakulta\/#organization","name":"Pr\u00edrodovedeck\u00e1 fakulta | UPJ\u0160","url":"https:\/\/www.upjs.sk\/prirodovedecka-fakulta\/","logo":{"@type":"ImageObject","inLanguage":"sk-SK","@id":"https:\/\/www.upjs.sk\/prirodovedecka-fakulta\/#\/schema\/logo\/image\/","url":"https:\/\/www.upjs.sk\/app\/uploads\/sites\/10\/2022\/09\/logo-prirodovedecka-fakulta.png","contentUrl":"https:\/\/www.upjs.sk\/app\/uploads\/sites\/10\/2022\/09\/logo-prirodovedecka-fakulta.png","width":415,"height":87,"caption":"Pr\u00edrodovedeck\u00e1 fakulta | UPJ\u0160"},"image":{"@id":"https:\/\/www.upjs.sk\/prirodovedecka-fakulta\/#\/schema\/logo\/image\/"}}]}},"_links":{"self":[{"href":"https:\/\/www.upjs.sk\/prirodovedecka-fakulta\/wp-json\/wp\/v2\/pages\/14971","targetHints":{"allow":["GET"]}}],"collection":[{"href":"https:\/\/www.upjs.sk\/prirodovedecka-fakulta\/wp-json\/wp\/v2\/pages"}],"about":[{"href":"https:\/\/www.upjs.sk\/prirodovedecka-fakulta\/wp-json\/wp\/v2\/types\/page"}],"author":[{"embeddable":true,"href":"https:\/\/www.upjs.sk\/prirodovedecka-fakulta\/wp-json\/wp\/v2\/users\/1"}],"replies":[{"embeddable":true,"href":"https:\/\/www.upjs.sk\/prirodovedecka-fakulta\/wp-json\/wp\/v2\/comments?post=14971"}],"version-history":[{"count":1,"href":"https:\/\/www.upjs.sk\/prirodovedecka-fakulta\/wp-json\/wp\/v2\/pages\/14971\/revisions"}],"predecessor-version":[{"id":19149,"href":"https:\/\/www.upjs.sk\/prirodovedecka-fakulta\/wp-json\/wp\/v2\/pages\/14971\/revisions\/19149"}],"up":[{"embeddable":true,"href":"https:\/\/www.upjs.sk\/prirodovedecka-fakulta\/wp-json\/wp\/v2\/pages\/13022"}],"wp:attachment":[{"href":"https:\/\/www.upjs.sk\/prirodovedecka-fakulta\/wp-json\/wp\/v2\/media?parent=14971"}],"wp:term":[{"taxonomy":"category","embeddable":true,"href":"https:\/\/www.upjs.sk\/prirodovedecka-fakulta\/wp-json\/wp\/v2\/categories?post=14971"},{"taxonomy":"post_tag","embeddable":true,"href":"https:\/\/www.upjs.sk\/prirodovedecka-fakulta\/wp-json\/wp\/v2\/tags?post=14971"}],"curies":[{"name":"wp","href":"https:\/\/api.w.org\/{rel}","templated":true}]}}