{"id":15183,"date":"2022-09-07T10:15:07","date_gmt":"2022-09-07T10:15:07","guid":{"rendered":"https:\/\/www.upjs.sk\/prirodovedecka-fakulta\/root\/fakulta\/organy-fakulty\/kd\/"},"modified":"2026-04-01T13:11:07","modified_gmt":"2026-04-01T12:11:07","slug":"kd","status":"publish","type":"page","link":"https:\/\/www.upjs.sk\/prirodovedecka-fakulta\/fakulta\/kd\/","title":{"rendered":"Kol\u00e9gium dekana"},"content":{"rendered":"<style>.kb-image15183_ec1952-ed .kb-image-has-overlay:after{opacity:0.3;border-top-left-radius:5px;border-top-right-radius:5px;border-bottom-right-radius:5px;border-bottom-left-radius:5px;}.kb-image15183_ec1952-ed img.kb-img, .kb-image15183_ec1952-ed .kb-img img{border-top-left-radius:5px;border-top-right-radius:5px;border-bottom-right-radius:5px;border-bottom-left-radius:5px;}<\/style>\n<figure class=\"wp-block-kadence-image kb-image15183_ec1952-ed size-full\"><img loading=\"lazy\" decoding=\"async\" width=\"1170\" height=\"200\" src=\"https:\/\/www.upjs.sk\/app\/uploads\/sites\/10\/2023\/10\/banner-il-kolegium-dekana-PF-UPJS.png\" alt=\"\" class=\"kb-img wp-image-60843\" srcset=\"https:\/\/www.upjs.sk\/app\/uploads\/sites\/10\/2023\/10\/banner-il-kolegium-dekana-PF-UPJS.png 1170w, https:\/\/www.upjs.sk\/app\/uploads\/sites\/10\/2023\/10\/banner-il-kolegium-dekana-PF-UPJS-300x51.png 300w, https:\/\/www.upjs.sk\/app\/uploads\/sites\/10\/2023\/10\/banner-il-kolegium-dekana-PF-UPJS-1024x175.png 1024w, https:\/\/www.upjs.sk\/app\/uploads\/sites\/10\/2023\/10\/banner-il-kolegium-dekana-PF-UPJS-768x131.png 768w\" sizes=\"auto, (max-width: 1170px) 100vw, 1170px\" \/><\/figure>\n\n\n\n<div style=\"height:20px\" aria-hidden=\"true\" class=\"wp-block-spacer\"><\/div>\n\n\n\n<h4 class=\"wp-block-heading\"><mark style=\"background-color:rgba(0, 0, 0, 0)\" class=\"has-inline-color has-prirodovedecka-f-color\">Dekan<\/mark><\/h4>\n\n\n\n<p><a href=\"https:\/\/www.upjs.sk\/PF\/zamestnanec\/roman.sotak\/\" target=\"_blank\" rel=\"noreferrer noopener\" class=\"ek-link\"><strong>doc. RNDr. Roman Sot\u00e1k, PhD.&nbsp;<\/strong><\/a><\/p>\n\n\n\n<div style=\"height:20px\" aria-hidden=\"true\" class=\"wp-block-spacer\"><\/div>\n\n\n\n<h4 class=\"wp-block-heading\"><mark style=\"background-color:rgba(0, 0, 0, 0)\" class=\"has-inline-color has-prirodovedecka-f-color\">\u010clenovia Kol\u00e9gia dekana<\/mark><\/h4>\n\n\n\n<p><strong><a href=\"https:\/\/www.upjs.sk\/PF\/zamestnanec\/marian.kires\/\">doc. RNDr. Mari\u00e1n Kire\u0161, PhD.<\/a><\/strong><br>prodekan pre vzdel\u00e1vanie<br><strong><a href=\"https:\/\/www.upjs.sk\/PF\/zamestnanec\/maichal.gallay\" class=\"ek-link\">doc. Mgr. Michal Gallay, PhD.<\/a><\/strong><br>prodekan pre vonkaj\u0161ie vz\u0165ahy<br><strong><a href=\"https:\/\/www.upjs.sk\/PF\/zamestnanec\/gabriel.semanisin\/\" class=\"ek-link\">prof. RNDr. Gabriel Semani\u0161in, PhD.<\/a><\/strong><br>prodekan pre rozvoj a\u00a0riadenie kvality<br><strong><a href=\"https:\/\/www.upjs.sk\/PF\/zamestnanec\/danka.kepicova\/\" class=\"ek-link\">Ing. Danka Kepi\u010dov\u00e1<\/a><\/strong><br>tajomn\u00ed\u010dka fakulty<br><strong><a href=\"https:\/\/www.upjs.sk\/PF\/zamestnanec\/rastislav.jendzelovsky\/\"><strong>doc. RNDr. Rastislav Jend\u017eelovsk\u00fd, PhD.<\/strong><\/a><\/strong><br>predseda Akademick\u00e9ho sen\u00e1tu<br><strong><a href=\"https:\/\/www.upjs.sk\/PF\/zamestnanec\/lubomir.kovac\/\">prof. RNDr. \u013dubom\u00edr Kov\u00e1\u010d, CSc.<\/a><\/strong><br>riadite\u013e \u00dastavu biologick\u00fdch vied<br><strong><a href=\"https:\/\/www.upjs.sk\/PF\/zamestnanec\/peter.kollar\/\" class=\"ek-link\">prof. RNDr. Peter Koll\u00e1r, DrSc.<\/a><\/strong><br>riadite\u013e \u00dastavu fyzik\u00e1lnych vied<br><strong><strong><a href=\"https:\/\/www.upjs.sk\/PF\/zamestnanec\/ladislav.novotny\/\" class=\"ek-link\">doc. Mgr. Ladislav Novotn\u00fd, PhD.<\/a><\/strong><\/strong><br>riadite\u013e \u00dastavu geografie<br><strong><a href=\"https:\/\/www.upjs.sk\/PF\/zamestnanec\/zuzana.vargova\/\" class=\"ek-link\">doc. RNDr. Zuzana Vargov\u00e1, PhD.<\/a><\/strong>.<br>riadite\u013eka \u00dastavu chemick\u00fdch vied<br><strong><strong><a href=\"https:\/\/www.upjs.sk\/PF\/zamestnanec\/jozef.kiselak\/\">doc. Mgr. Jozef Kise\u013e\u00e1k, PhD.<\/a><\/strong><\/strong><br>riadite\u013e \u00dastavu matematick\u00fdch vied<br><strong><a href=\"https:\/\/www.upjs.sk\/PF\/zamestnanec\/ondrej.kridlo\/\" class=\"ek-link\">doc. RNDr. Ondrej Kr\u00eddlo, PhD.<\/a><\/strong><br>riadite\u013e \u00dastavu informatiky<br><strong><a href=\"https:\/\/www.upjs.sk\/PF\/zamestnanec\/miron.kuzma\/\">Ing. Miron Kuzma, PhD.<\/a><\/strong><br>ved\u00faci Centra aplikovanej informatiky<\/p>\n\n\n\n<p><\/p>\n","protected":false},"excerpt":{"rendered":"<p>Dekan doc. RNDr. Roman Sot\u00e1k, PhD.&nbsp; \u010clenovia Kol\u00e9gia dekana doc. RNDr. Mari\u00e1n Kire\u0161, PhD.prodekan pre vzdel\u00e1vaniedoc. Mgr. Michal Gallay, PhD.prodekan pre vonkaj\u0161ie vz\u0165ahyprof. RNDr. Gabriel Semani\u0161in, PhD.prodekan pre rozvoj a\u00a0riadenie kvalityIng. Danka Kepi\u010dov\u00e1tajomn\u00ed\u010dka fakultydoc. RNDr. Rastislav Jend\u017eelovsk\u00fd, PhD.predseda Akademick\u00e9ho sen\u00e1tuprof. RNDr. \u013dubom\u00edr Kov\u00e1\u010d, CSc.riadite\u013e \u00dastavu biologick\u00fdch viedprof. RNDr. Peter Koll\u00e1r, DrSc.riadite\u013e \u00dastavu fyzik\u00e1lnych vieddoc. Mgr. &hellip; <a href=\"https:\/\/www.upjs.sk\/prirodovedecka-fakulta\/fakulta\/kd\/\">\u010c\u00edta\u0165 \u010falej<\/a><\/p>\n","protected":false},"author":1,"featured_media":0,"parent":13022,"menu_order":3,"comment_status":"closed","ping_status":"closed","template":"","meta":{"_acf_changed":false,"_editorskit_title_hidden":false,"_editorskit_reading_time":0,"_editorskit_is_block_options_detached":false,"_editorskit_block_options_position":"{}","footnotes":""},"categories":[],"tags":[],"class_list":["post-15183","page","type-page","status-publish","hentry"],"acf":{"acf_link_na_externy_obsah":""},"yoast_head":"<!-- This site is optimized with the Yoast SEO plugin v27.2 - https:\/\/yoast.com\/product\/yoast-seo-wordpress\/ -->\n<title>Kol\u00e9gium dekana - Pr\u00edrodovedeck\u00e1 fakulta | UPJ\u0160<\/title>\n<meta name=\"robots\" content=\"index, follow, max-snippet:-1, max-image-preview:large, max-video-preview:-1\" \/>\n<link rel=\"canonical\" href=\"https:\/\/www.upjs.sk\/prirodovedecka-fakulta\/fakulta\/kd\/\" \/>\n<meta property=\"og:locale\" content=\"sk_SK\" \/>\n<meta property=\"og:type\" content=\"article\" \/>\n<meta property=\"og:title\" content=\"Kol\u00e9gium dekana - Pr\u00edrodovedeck\u00e1 fakulta | UPJ\u0160\" \/>\n<meta property=\"og:description\" content=\"Dekan doc. RNDr. Roman Sot\u00e1k, PhD.&nbsp; \u010clenovia Kol\u00e9gia dekana doc. RNDr. Mari\u00e1n Kire\u0161, PhD.prodekan pre vzdel\u00e1vaniedoc. Mgr. Michal Gallay, PhD.prodekan pre vonkaj\u0161ie vz\u0165ahyprof. RNDr. Gabriel Semani\u0161in, PhD.prodekan pre rozvoj a\u00a0riadenie kvalityIng. Danka Kepi\u010dov\u00e1tajomn\u00ed\u010dka fakultydoc. RNDr. Rastislav Jend\u017eelovsk\u00fd, PhD.predseda Akademick\u00e9ho sen\u00e1tuprof. RNDr. \u013dubom\u00edr Kov\u00e1\u010d, CSc.riadite\u013e \u00dastavu biologick\u00fdch viedprof. RNDr. Peter Koll\u00e1r, DrSc.riadite\u013e \u00dastavu fyzik\u00e1lnych vieddoc. Mgr. &hellip; \u010c\u00edta\u0165 \u010falej\" \/>\n<meta property=\"og:url\" content=\"https:\/\/www.upjs.sk\/prirodovedecka-fakulta\/fakulta\/kd\/\" \/>\n<meta property=\"og:site_name\" content=\"Pr\u00edrodovedeck\u00e1 fakulta | UPJ\u0160\" \/>\n<meta property=\"article:modified_time\" content=\"2026-04-01T12:11:07+00:00\" \/>\n<meta property=\"og:image\" content=\"https:\/\/www.upjs.sk\/app\/uploads\/sites\/10\/2023\/10\/banner-il-kolegium-dekana-PF-UPJS.png\" \/>\n\t<meta property=\"og:image:width\" content=\"1170\" \/>\n\t<meta property=\"og:image:height\" content=\"200\" \/>\n\t<meta property=\"og:image:type\" content=\"image\/png\" \/>\n<meta name=\"twitter:card\" content=\"summary_large_image\" \/>\n<meta name=\"twitter:label1\" content=\"Predpokladan\u00fd \u010das \u010d\u00edtania\" \/>\n\t<meta name=\"twitter:data1\" content=\"1 min\u00fata\" \/>\n<script type=\"application\/ld+json\" class=\"yoast-schema-graph\">{\"@context\":\"https:\/\/schema.org\",\"@graph\":[{\"@type\":\"WebPage\",\"@id\":\"https:\/\/www.upjs.sk\/prirodovedecka-fakulta\/fakulta\/kd\/\",\"url\":\"https:\/\/www.upjs.sk\/prirodovedecka-fakulta\/fakulta\/kd\/\",\"name\":\"Kol\u00e9gium dekana - Pr\u00edrodovedeck\u00e1 fakulta | UPJ\u0160\",\"isPartOf\":{\"@id\":\"https:\/\/www.upjs.sk\/prirodovedecka-fakulta\/#website\"},\"primaryImageOfPage\":{\"@id\":\"https:\/\/www.upjs.sk\/prirodovedecka-fakulta\/fakulta\/kd\/#primaryimage\"},\"image\":{\"@id\":\"https:\/\/www.upjs.sk\/prirodovedecka-fakulta\/fakulta\/kd\/#primaryimage\"},\"thumbnailUrl\":\"https:\/\/www.upjs.sk\/app\/uploads\/sites\/10\/2023\/10\/banner-il-kolegium-dekana-PF-UPJS.png\",\"datePublished\":\"2022-09-07T10:15:07+00:00\",\"dateModified\":\"2026-04-01T12:11:07+00:00\",\"breadcrumb\":{\"@id\":\"https:\/\/www.upjs.sk\/prirodovedecka-fakulta\/fakulta\/kd\/#breadcrumb\"},\"inLanguage\":\"sk-SK\",\"potentialAction\":[{\"@type\":\"ReadAction\",\"target\":[\"https:\/\/www.upjs.sk\/prirodovedecka-fakulta\/fakulta\/kd\/\"]}]},{\"@type\":\"ImageObject\",\"inLanguage\":\"sk-SK\",\"@id\":\"https:\/\/www.upjs.sk\/prirodovedecka-fakulta\/fakulta\/kd\/#primaryimage\",\"url\":\"https:\/\/www.upjs.sk\/app\/uploads\/sites\/10\/2023\/10\/banner-il-kolegium-dekana-PF-UPJS.png\",\"contentUrl\":\"https:\/\/www.upjs.sk\/app\/uploads\/sites\/10\/2023\/10\/banner-il-kolegium-dekana-PF-UPJS.png\"},{\"@type\":\"BreadcrumbList\",\"@id\":\"https:\/\/www.upjs.sk\/prirodovedecka-fakulta\/fakulta\/kd\/#breadcrumb\",\"itemListElement\":[{\"@type\":\"ListItem\",\"position\":1,\"name\":\"Home\",\"item\":\"https:\/\/www.upjs.sk\/prirodovedecka-fakulta\/\"},{\"@type\":\"ListItem\",\"position\":2,\"name\":\"Inform\u00e1cie o fakulte\",\"item\":\"https:\/\/www.upjs.sk\/prirodovedecka-fakulta\/fakulta\/\"},{\"@type\":\"ListItem\",\"position\":3,\"name\":\"Kol\u00e9gium dekana\"}]},{\"@type\":\"WebSite\",\"@id\":\"https:\/\/www.upjs.sk\/prirodovedecka-fakulta\/#website\",\"url\":\"https:\/\/www.upjs.sk\/prirodovedecka-fakulta\/\",\"name\":\"Pr\u00edrodovedeck\u00e1 fakulta | UPJ\u0160\",\"description\":\"\",\"publisher\":{\"@id\":\"https:\/\/www.upjs.sk\/prirodovedecka-fakulta\/#organization\"},\"potentialAction\":[{\"@type\":\"SearchAction\",\"target\":{\"@type\":\"EntryPoint\",\"urlTemplate\":\"https:\/\/www.upjs.sk\/prirodovedecka-fakulta\/?s={search_term_string}\"},\"query-input\":{\"@type\":\"PropertyValueSpecification\",\"valueRequired\":true,\"valueName\":\"search_term_string\"}}],\"inLanguage\":\"sk-SK\"},{\"@type\":\"Organization\",\"@id\":\"https:\/\/www.upjs.sk\/prirodovedecka-fakulta\/#organization\",\"name\":\"Pr\u00edrodovedeck\u00e1 fakulta | UPJ\u0160\",\"url\":\"https:\/\/www.upjs.sk\/prirodovedecka-fakulta\/\",\"logo\":{\"@type\":\"ImageObject\",\"inLanguage\":\"sk-SK\",\"@id\":\"https:\/\/www.upjs.sk\/prirodovedecka-fakulta\/#\/schema\/logo\/image\/\",\"url\":\"https:\/\/www.upjs.sk\/app\/uploads\/sites\/10\/2022\/09\/logo-prirodovedecka-fakulta.png\",\"contentUrl\":\"https:\/\/www.upjs.sk\/app\/uploads\/sites\/10\/2022\/09\/logo-prirodovedecka-fakulta.png\",\"width\":415,\"height\":87,\"caption\":\"Pr\u00edrodovedeck\u00e1 fakulta | UPJ\u0160\"},\"image\":{\"@id\":\"https:\/\/www.upjs.sk\/prirodovedecka-fakulta\/#\/schema\/logo\/image\/\"}}]}<\/script>\n<!-- \/ Yoast SEO plugin. -->","yoast_head_json":{"title":"Kol\u00e9gium dekana - Pr\u00edrodovedeck\u00e1 fakulta | UPJ\u0160","robots":{"index":"index","follow":"follow","max-snippet":"max-snippet:-1","max-image-preview":"max-image-preview:large","max-video-preview":"max-video-preview:-1"},"canonical":"https:\/\/www.upjs.sk\/prirodovedecka-fakulta\/fakulta\/kd\/","og_locale":"sk_SK","og_type":"article","og_title":"Kol\u00e9gium dekana - Pr\u00edrodovedeck\u00e1 fakulta | UPJ\u0160","og_description":"Dekan doc. RNDr. Roman Sot\u00e1k, PhD.&nbsp; \u010clenovia Kol\u00e9gia dekana doc. RNDr. Mari\u00e1n Kire\u0161, PhD.prodekan pre vzdel\u00e1vaniedoc. Mgr. Michal Gallay, PhD.prodekan pre vonkaj\u0161ie vz\u0165ahyprof. RNDr. Gabriel Semani\u0161in, PhD.prodekan pre rozvoj a\u00a0riadenie kvalityIng. Danka Kepi\u010dov\u00e1tajomn\u00ed\u010dka fakultydoc. RNDr. Rastislav Jend\u017eelovsk\u00fd, PhD.predseda Akademick\u00e9ho sen\u00e1tuprof. RNDr. \u013dubom\u00edr Kov\u00e1\u010d, CSc.riadite\u013e \u00dastavu biologick\u00fdch viedprof. RNDr. Peter Koll\u00e1r, DrSc.riadite\u013e \u00dastavu fyzik\u00e1lnych vieddoc. Mgr. &hellip; \u010c\u00edta\u0165 \u010falej","og_url":"https:\/\/www.upjs.sk\/prirodovedecka-fakulta\/fakulta\/kd\/","og_site_name":"Pr\u00edrodovedeck\u00e1 fakulta | UPJ\u0160","article_modified_time":"2026-04-01T12:11:07+00:00","og_image":[{"width":1170,"height":200,"url":"https:\/\/www.upjs.sk\/app\/uploads\/sites\/10\/2023\/10\/banner-il-kolegium-dekana-PF-UPJS.png","type":"image\/png"}],"twitter_card":"summary_large_image","twitter_misc":{"Predpokladan\u00fd \u010das \u010d\u00edtania":"1 min\u00fata"},"schema":{"@context":"https:\/\/schema.org","@graph":[{"@type":"WebPage","@id":"https:\/\/www.upjs.sk\/prirodovedecka-fakulta\/fakulta\/kd\/","url":"https:\/\/www.upjs.sk\/prirodovedecka-fakulta\/fakulta\/kd\/","name":"Kol\u00e9gium dekana - Pr\u00edrodovedeck\u00e1 fakulta | UPJ\u0160","isPartOf":{"@id":"https:\/\/www.upjs.sk\/prirodovedecka-fakulta\/#website"},"primaryImageOfPage":{"@id":"https:\/\/www.upjs.sk\/prirodovedecka-fakulta\/fakulta\/kd\/#primaryimage"},"image":{"@id":"https:\/\/www.upjs.sk\/prirodovedecka-fakulta\/fakulta\/kd\/#primaryimage"},"thumbnailUrl":"https:\/\/www.upjs.sk\/app\/uploads\/sites\/10\/2023\/10\/banner-il-kolegium-dekana-PF-UPJS.png","datePublished":"2022-09-07T10:15:07+00:00","dateModified":"2026-04-01T12:11:07+00:00","breadcrumb":{"@id":"https:\/\/www.upjs.sk\/prirodovedecka-fakulta\/fakulta\/kd\/#breadcrumb"},"inLanguage":"sk-SK","potentialAction":[{"@type":"ReadAction","target":["https:\/\/www.upjs.sk\/prirodovedecka-fakulta\/fakulta\/kd\/"]}]},{"@type":"ImageObject","inLanguage":"sk-SK","@id":"https:\/\/www.upjs.sk\/prirodovedecka-fakulta\/fakulta\/kd\/#primaryimage","url":"https:\/\/www.upjs.sk\/app\/uploads\/sites\/10\/2023\/10\/banner-il-kolegium-dekana-PF-UPJS.png","contentUrl":"https:\/\/www.upjs.sk\/app\/uploads\/sites\/10\/2023\/10\/banner-il-kolegium-dekana-PF-UPJS.png"},{"@type":"BreadcrumbList","@id":"https:\/\/www.upjs.sk\/prirodovedecka-fakulta\/fakulta\/kd\/#breadcrumb","itemListElement":[{"@type":"ListItem","position":1,"name":"Home","item":"https:\/\/www.upjs.sk\/prirodovedecka-fakulta\/"},{"@type":"ListItem","position":2,"name":"Inform\u00e1cie o fakulte","item":"https:\/\/www.upjs.sk\/prirodovedecka-fakulta\/fakulta\/"},{"@type":"ListItem","position":3,"name":"Kol\u00e9gium dekana"}]},{"@type":"WebSite","@id":"https:\/\/www.upjs.sk\/prirodovedecka-fakulta\/#website","url":"https:\/\/www.upjs.sk\/prirodovedecka-fakulta\/","name":"Pr\u00edrodovedeck\u00e1 fakulta | UPJ\u0160","description":"","publisher":{"@id":"https:\/\/www.upjs.sk\/prirodovedecka-fakulta\/#organization"},"potentialAction":[{"@type":"SearchAction","target":{"@type":"EntryPoint","urlTemplate":"https:\/\/www.upjs.sk\/prirodovedecka-fakulta\/?s={search_term_string}"},"query-input":{"@type":"PropertyValueSpecification","valueRequired":true,"valueName":"search_term_string"}}],"inLanguage":"sk-SK"},{"@type":"Organization","@id":"https:\/\/www.upjs.sk\/prirodovedecka-fakulta\/#organization","name":"Pr\u00edrodovedeck\u00e1 fakulta | UPJ\u0160","url":"https:\/\/www.upjs.sk\/prirodovedecka-fakulta\/","logo":{"@type":"ImageObject","inLanguage":"sk-SK","@id":"https:\/\/www.upjs.sk\/prirodovedecka-fakulta\/#\/schema\/logo\/image\/","url":"https:\/\/www.upjs.sk\/app\/uploads\/sites\/10\/2022\/09\/logo-prirodovedecka-fakulta.png","contentUrl":"https:\/\/www.upjs.sk\/app\/uploads\/sites\/10\/2022\/09\/logo-prirodovedecka-fakulta.png","width":415,"height":87,"caption":"Pr\u00edrodovedeck\u00e1 fakulta | UPJ\u0160"},"image":{"@id":"https:\/\/www.upjs.sk\/prirodovedecka-fakulta\/#\/schema\/logo\/image\/"}}]}},"_links":{"self":[{"href":"https:\/\/www.upjs.sk\/prirodovedecka-fakulta\/wp-json\/wp\/v2\/pages\/15183","targetHints":{"allow":["GET"]}}],"collection":[{"href":"https:\/\/www.upjs.sk\/prirodovedecka-fakulta\/wp-json\/wp\/v2\/pages"}],"about":[{"href":"https:\/\/www.upjs.sk\/prirodovedecka-fakulta\/wp-json\/wp\/v2\/types\/page"}],"author":[{"embeddable":true,"href":"https:\/\/www.upjs.sk\/prirodovedecka-fakulta\/wp-json\/wp\/v2\/users\/1"}],"replies":[{"embeddable":true,"href":"https:\/\/www.upjs.sk\/prirodovedecka-fakulta\/wp-json\/wp\/v2\/comments?post=15183"}],"version-history":[{"count":20,"href":"https:\/\/www.upjs.sk\/prirodovedecka-fakulta\/wp-json\/wp\/v2\/pages\/15183\/revisions"}],"predecessor-version":[{"id":86602,"href":"https:\/\/www.upjs.sk\/prirodovedecka-fakulta\/wp-json\/wp\/v2\/pages\/15183\/revisions\/86602"}],"up":[{"embeddable":true,"href":"https:\/\/www.upjs.sk\/prirodovedecka-fakulta\/wp-json\/wp\/v2\/pages\/13022"}],"wp:attachment":[{"href":"https:\/\/www.upjs.sk\/prirodovedecka-fakulta\/wp-json\/wp\/v2\/media?parent=15183"}],"wp:term":[{"taxonomy":"category","embeddable":true,"href":"https:\/\/www.upjs.sk\/prirodovedecka-fakulta\/wp-json\/wp\/v2\/categories?post=15183"},{"taxonomy":"post_tag","embeddable":true,"href":"https:\/\/www.upjs.sk\/prirodovedecka-fakulta\/wp-json\/wp\/v2\/tags?post=15183"}],"curies":[{"name":"wp","href":"https:\/\/api.w.org\/{rel}","templated":true}]}}