{"id":15212,"date":"2015-05-12T15:43:58","date_gmt":"2015-05-12T15:43:58","guid":{"rendered":"https:\/\/www.upjs.sk\/prirodovedecka-fakulta\/root\/aktivity-stredne-skoly\/predpoludnia-na-ss\/"},"modified":"2023-09-21T14:41:11","modified_gmt":"2023-09-21T13:41:11","slug":"predpoludnia-na-ss","status":"publish","type":"page","link":"https:\/\/www.upjs.sk\/prirodovedecka-fakulta\/rozvoj\/aktivity-stredne-skoly\/predpoludnia-na-ss\/","title":{"rendered":"Stretnutia na stredn\u00fdch \u0161kol\u00e1ch: Predpoludnia s fyzikou, matematikou a informatikou"},"content":{"rendered":"<ul>\n<li> \t\t<strong>2014<\/strong>\n<ul>\n<li> \t\t\t\t<a href=\"\/public\/media\/7118\/Krompachy_PF_UPJS_20.6.2014.pdf\" target=\"_blank\" rel=\"noopener\">20. j\u00fana 2014 Gymn\u00e1zium v Krompachoch<\/a><\/li>\n<li> \t\t\t\t<a href=\"\/public\/media\/7118\/Vranov_PF_UPJS_27.3.2014.pdf\" target=\"_blank\" rel=\"noopener\">27. marca 2014 Gymn\u00e1zium, Vranov nad Top\u013eou<\/a><\/li>\n<li> \t\t\t\t<a href=\"\/public\/media\/7118\/KK_PF_UPJS_20.5.2014.pdf\" target=\"_blank\" rel=\"noopener\">20. m\u00e1ja 2014 Gymn\u00e1zium P.O. Hviezdoslava v Ke\u017emarku<\/a><\/li>\n<\/ul>\n<\/li>\n<li> \t\t<strong>2013<\/strong>\n<ul>\n<li> \t\t\t\t<a href=\"\/public\/media\/7118\/Vranov_PF_UPJS_26.2.2013.pdf\" target=\"_blank\" rel=\"noopener\">26. febru\u00e1ra 2013 Gymn\u00e1zium, Vranov nad Top\u013eou<\/a><\/li>\n<li> \t\t\t\t<a href=\"\/public\/media\/7118\/SPSE_PF_UPJS_15.3.2013.pdf\" target=\"_blank\" rel=\"noopener\">15. marca 2013 SP\u0160 elektrotechnick\u00e1, Ko\u0161ice<\/a><\/li>\n<li> \t\t\t\t<a href=\"\/public\/media\/7118\/MI_PF_UPJS_13.5.2013.pdf\" target=\"_blank\" rel=\"noopener\">13. m\u00e1ja 2013 Gymn\u00e1zium Pavla Horova, Michalovce<\/a><\/li>\n<li> \t\t\t\t<a href=\"\/public\/media\/7118\/BJ_PF_UPJS_20.5.2013.pdf\" target=\"_blank\" rel=\"noopener\">20. m\u00e1ja 2013 Gymn\u00e1zium Leonarda St\u00f6ckela v Bardejove<\/a><\/li>\n<li> \t\t\t\t<a href=\"\/public\/media\/7118\/KK_PF_UPJS_21.5.2013.pdf\" target=\"_blank\" rel=\"noopener\">21. m\u00e1ja 2013 Gymn\u00e1zium P.O. Hviezdoslava v Ke\u017emarku<\/a><\/li>\n<li> \t\t\t\t<a href=\"\/public\/media\/7118\/SNI_PF_UPJS_22.5.2013.pdf\" target=\"_blank\" rel=\"noopener\">22. m\u00e1ja 2013 Gymn\u00e1zium v Snine<\/a><\/li>\n<li> \t\t\t\t<a href=\"\/public\/media\/7118\/PO_PF_UPJS_23.5.2013.pdf\" target=\"_blank\" rel=\"noopener\">23. m\u00e1ja 2013 Gymn\u00e1zium J.A. Raynmana v Pre\u0161ove<\/a><\/li>\n<li> \t\t\t\t<a href=\"\/public\/media\/7118\/MI_PF_UPJS_24.5.2013.pdf\" target=\"_blank\" rel=\"noopener\">24. m\u00e1ja 2013 Gymn\u00e1zium \u013d. \u0160t\u00fara, Michalovce<\/a><\/li>\n<li> \t\t\t\t<a href=\"\/public\/media\/7118\/HE_PF_UPJS_27.5.2013.pdf\" target=\"_blank\" rel=\"noopener\">27. m\u00e1ja 2013 Gymn\u00e1zium gen. L. Svobodu v Humennom<\/a><\/li>\n<li> \t\t\t\t&nbsp; <a href=\"\/public\/media\/7118\/PP_PF_UPJS_7.6.2013.pdf\" target=\"_blank\" rel=\"noopener\">7. j\u00fana 2013 Gymn\u00e1zium D. Tatarku v Poprade<\/a><\/li>\n<\/ul>\n<\/li>\n<li> \t\t<strong>2012<\/strong>\n<ul>\n<li> \t\t\t\t<a href=\"\/public\/media\/7118\/PP_PF_UPJS_3.4.2012.pdf\" target=\"_blank\" rel=\"noopener\">&nbsp; 3. apr\u00edla 2012 &#8211; Gymn\u00e1zium Dominika Tatarku v Poprade<\/a><\/li>\n<li> \t\t\t\t<a href=\"\/public\/media\/7118\/KK_PF_UPJS2012.pdf\" target=\"_blank\" rel=\"noopener\">23. m\u00e1ja 2012 &#8211; Gymn\u00e1zium P.O. Hviezdoslava v Ke\u017emarku<\/a><\/li>\n<li> \t\t\t\t<a href=\"\/public\/media\/7118\/BJ_PF_UPJS_24.5.2012.pdf\" target=\"_blank\" rel=\"noopener\">24. m\u00e1ja 2012 &#8211; Gymn\u00e1zium Leonarda St\u00f6ckela v Bardejove<\/a><\/li>\n<li> \t\t\t\t<a href=\"\/public\/media\/7118\/PO_PF_UPJS2012.pdf\" target=\"_blank\" rel=\"noopener\">25. m\u00e1ja 2012 &#8211; Gymn\u00e1zium J.A. Raymana v Pre\u0161ove&nbsp;<\/a><\/li>\n<li> \t\t\t\t<a href=\"\/public\/media\/7118\/HE_PF_UPJS2012.pdf\" target=\"_blank\" rel=\"noopener\">28. m\u00e1ja 2012 &#8211; Gymn\u00e1zium arm. gen. L. Svobodu v Humennom<\/a><\/li>\n<li> \t\t\t\t<a href=\"\/public\/media\/7118\/RO_PF_UPJS2012.pdf\" target=\"_blank\" rel=\"noopener\">22. j\u00fana&nbsp; 2012 &#8211; Gymn\u00e1zium P. J. \u0160af\u00e1rika v Ro\u017e\u0148ave<\/a><\/li>\n<\/ul>\n<\/li>\n<\/ul>\n","protected":false},"excerpt":{"rendered":"<p>2014 20. j\u00fana 2014 Gymn\u00e1zium v Krompachoch 27. marca 2014 Gymn\u00e1zium, Vranov nad Top\u013eou 20. m\u00e1ja 2014 Gymn\u00e1zium P.O. Hviezdoslava v Ke\u017emarku 2013 26. febru\u00e1ra 2013 Gymn\u00e1zium, Vranov nad Top\u013eou 15. marca 2013 SP\u0160 elektrotechnick\u00e1, Ko\u0161ice 13. m\u00e1ja 2013 Gymn\u00e1zium Pavla Horova, Michalovce 20. m\u00e1ja 2013 Gymn\u00e1zium Leonarda St\u00f6ckela v Bardejove 21. m\u00e1ja 2013 Gymn\u00e1zium &hellip; <a href=\"https:\/\/www.upjs.sk\/prirodovedecka-fakulta\/rozvoj\/aktivity-stredne-skoly\/predpoludnia-na-ss\/\">\u010c\u00edta\u0165 \u010falej<\/a><\/p>\n","protected":false},"author":1,"featured_media":0,"parent":13080,"menu_order":3,"comment_status":"closed","ping_status":"closed","template":"","meta":{"_acf_changed":false,"_editorskit_title_hidden":false,"_editorskit_reading_time":0,"_editorskit_is_block_options_detached":false,"_editorskit_block_options_position":"{}","footnotes":""},"categories":[],"tags":[],"class_list":["post-15212","page","type-page","status-publish","hentry"],"acf":{"acf_link_na_externy_obsah":""},"yoast_head":"<!-- This site is optimized with the Yoast SEO plugin v27.2 - https:\/\/yoast.com\/product\/yoast-seo-wordpress\/ -->\n<title>Stretnutia na stredn\u00fdch \u0161kol\u00e1ch: Predpoludnia s fyzikou, matematikou a informatikou - Pr\u00edrodovedeck\u00e1 fakulta | UPJ\u0160<\/title>\n<meta name=\"robots\" content=\"index, follow, max-snippet:-1, max-image-preview:large, max-video-preview:-1\" \/>\n<link rel=\"canonical\" href=\"https:\/\/www.upjs.sk\/prirodovedecka-fakulta\/rozvoj\/aktivity-stredne-skoly\/predpoludnia-na-ss\/\" \/>\n<meta property=\"og:locale\" content=\"sk_SK\" \/>\n<meta property=\"og:type\" content=\"article\" \/>\n<meta property=\"og:title\" content=\"Stretnutia na stredn\u00fdch \u0161kol\u00e1ch: Predpoludnia s fyzikou, matematikou a informatikou - Pr\u00edrodovedeck\u00e1 fakulta | UPJ\u0160\" \/>\n<meta property=\"og:description\" content=\"2014 20. j\u00fana 2014 Gymn\u00e1zium v Krompachoch 27. marca 2014 Gymn\u00e1zium, Vranov nad Top\u013eou 20. m\u00e1ja 2014 Gymn\u00e1zium P.O. Hviezdoslava v Ke\u017emarku 2013 26. febru\u00e1ra 2013 Gymn\u00e1zium, Vranov nad Top\u013eou 15. marca 2013 SP\u0160 elektrotechnick\u00e1, Ko\u0161ice 13. m\u00e1ja 2013 Gymn\u00e1zium Pavla Horova, Michalovce 20. m\u00e1ja 2013 Gymn\u00e1zium Leonarda St\u00f6ckela v Bardejove 21. m\u00e1ja 2013 Gymn\u00e1zium &hellip; \u010c\u00edta\u0165 \u010falej\" \/>\n<meta property=\"og:url\" content=\"https:\/\/www.upjs.sk\/prirodovedecka-fakulta\/rozvoj\/aktivity-stredne-skoly\/predpoludnia-na-ss\/\" \/>\n<meta property=\"og:site_name\" content=\"Pr\u00edrodovedeck\u00e1 fakulta | UPJ\u0160\" \/>\n<meta property=\"article:modified_time\" content=\"2023-09-21T13:41:11+00:00\" \/>\n<meta name=\"twitter:card\" content=\"summary_large_image\" \/>\n<meta name=\"twitter:label1\" content=\"Predpokladan\u00fd \u010das \u010d\u00edtania\" \/>\n\t<meta name=\"twitter:data1\" content=\"1 min\u00fata\" \/>\n<script type=\"application\/ld+json\" class=\"yoast-schema-graph\">{\"@context\":\"https:\/\/schema.org\",\"@graph\":[{\"@type\":\"WebPage\",\"@id\":\"https:\/\/www.upjs.sk\/prirodovedecka-fakulta\/rozvoj\/aktivity-stredne-skoly\/predpoludnia-na-ss\/\",\"url\":\"https:\/\/www.upjs.sk\/prirodovedecka-fakulta\/rozvoj\/aktivity-stredne-skoly\/predpoludnia-na-ss\/\",\"name\":\"Stretnutia na stredn\u00fdch \u0161kol\u00e1ch: Predpoludnia s fyzikou, matematikou a informatikou - Pr\u00edrodovedeck\u00e1 fakulta | UPJ\u0160\",\"isPartOf\":{\"@id\":\"https:\/\/www.upjs.sk\/prirodovedecka-fakulta\/#website\"},\"datePublished\":\"2015-05-12T15:43:58+00:00\",\"dateModified\":\"2023-09-21T13:41:11+00:00\",\"breadcrumb\":{\"@id\":\"https:\/\/www.upjs.sk\/prirodovedecka-fakulta\/rozvoj\/aktivity-stredne-skoly\/predpoludnia-na-ss\/#breadcrumb\"},\"inLanguage\":\"sk-SK\",\"potentialAction\":[{\"@type\":\"ReadAction\",\"target\":[\"https:\/\/www.upjs.sk\/prirodovedecka-fakulta\/rozvoj\/aktivity-stredne-skoly\/predpoludnia-na-ss\/\"]}]},{\"@type\":\"BreadcrumbList\",\"@id\":\"https:\/\/www.upjs.sk\/prirodovedecka-fakulta\/rozvoj\/aktivity-stredne-skoly\/predpoludnia-na-ss\/#breadcrumb\",\"itemListElement\":[{\"@type\":\"ListItem\",\"position\":1,\"name\":\"Home\",\"item\":\"https:\/\/www.upjs.sk\/prirodovedecka-fakulta\/\"},{\"@type\":\"ListItem\",\"position\":2,\"name\":\"Rozvoj\",\"item\":\"https:\/\/www.upjs.sk\/prirodovedecka-fakulta\/rozvoj\/\"},{\"@type\":\"ListItem\",\"position\":3,\"name\":\"Aktivity pre stredn\u00e9 \u0161koly\",\"item\":\"https:\/\/www.upjs.sk\/prirodovedecka-fakulta\/rozvoj\/aktivity-stredne-skoly\/\"},{\"@type\":\"ListItem\",\"position\":4,\"name\":\"Stretnutia na stredn\u00fdch \u0161kol\u00e1ch: Predpoludnia s fyzikou, matematikou a informatikou\"}]},{\"@type\":\"WebSite\",\"@id\":\"https:\/\/www.upjs.sk\/prirodovedecka-fakulta\/#website\",\"url\":\"https:\/\/www.upjs.sk\/prirodovedecka-fakulta\/\",\"name\":\"Pr\u00edrodovedeck\u00e1 fakulta | UPJ\u0160\",\"description\":\"\",\"publisher\":{\"@id\":\"https:\/\/www.upjs.sk\/prirodovedecka-fakulta\/#organization\"},\"potentialAction\":[{\"@type\":\"SearchAction\",\"target\":{\"@type\":\"EntryPoint\",\"urlTemplate\":\"https:\/\/www.upjs.sk\/prirodovedecka-fakulta\/?s={search_term_string}\"},\"query-input\":{\"@type\":\"PropertyValueSpecification\",\"valueRequired\":true,\"valueName\":\"search_term_string\"}}],\"inLanguage\":\"sk-SK\"},{\"@type\":\"Organization\",\"@id\":\"https:\/\/www.upjs.sk\/prirodovedecka-fakulta\/#organization\",\"name\":\"Pr\u00edrodovedeck\u00e1 fakulta | UPJ\u0160\",\"url\":\"https:\/\/www.upjs.sk\/prirodovedecka-fakulta\/\",\"logo\":{\"@type\":\"ImageObject\",\"inLanguage\":\"sk-SK\",\"@id\":\"https:\/\/www.upjs.sk\/prirodovedecka-fakulta\/#\/schema\/logo\/image\/\",\"url\":\"https:\/\/www.upjs.sk\/app\/uploads\/sites\/10\/2022\/09\/logo-prirodovedecka-fakulta.png\",\"contentUrl\":\"https:\/\/www.upjs.sk\/app\/uploads\/sites\/10\/2022\/09\/logo-prirodovedecka-fakulta.png\",\"width\":415,\"height\":87,\"caption\":\"Pr\u00edrodovedeck\u00e1 fakulta | UPJ\u0160\"},\"image\":{\"@id\":\"https:\/\/www.upjs.sk\/prirodovedecka-fakulta\/#\/schema\/logo\/image\/\"}}]}<\/script>\n<!-- \/ Yoast SEO plugin. -->","yoast_head_json":{"title":"Stretnutia na stredn\u00fdch \u0161kol\u00e1ch: Predpoludnia s fyzikou, matematikou a informatikou - Pr\u00edrodovedeck\u00e1 fakulta | UPJ\u0160","robots":{"index":"index","follow":"follow","max-snippet":"max-snippet:-1","max-image-preview":"max-image-preview:large","max-video-preview":"max-video-preview:-1"},"canonical":"https:\/\/www.upjs.sk\/prirodovedecka-fakulta\/rozvoj\/aktivity-stredne-skoly\/predpoludnia-na-ss\/","og_locale":"sk_SK","og_type":"article","og_title":"Stretnutia na stredn\u00fdch \u0161kol\u00e1ch: Predpoludnia s fyzikou, matematikou a informatikou - Pr\u00edrodovedeck\u00e1 fakulta | UPJ\u0160","og_description":"2014 20. j\u00fana 2014 Gymn\u00e1zium v Krompachoch 27. marca 2014 Gymn\u00e1zium, Vranov nad Top\u013eou 20. m\u00e1ja 2014 Gymn\u00e1zium P.O. Hviezdoslava v Ke\u017emarku 2013 26. febru\u00e1ra 2013 Gymn\u00e1zium, Vranov nad Top\u013eou 15. marca 2013 SP\u0160 elektrotechnick\u00e1, Ko\u0161ice 13. m\u00e1ja 2013 Gymn\u00e1zium Pavla Horova, Michalovce 20. m\u00e1ja 2013 Gymn\u00e1zium Leonarda St\u00f6ckela v Bardejove 21. m\u00e1ja 2013 Gymn\u00e1zium &hellip; \u010c\u00edta\u0165 \u010falej","og_url":"https:\/\/www.upjs.sk\/prirodovedecka-fakulta\/rozvoj\/aktivity-stredne-skoly\/predpoludnia-na-ss\/","og_site_name":"Pr\u00edrodovedeck\u00e1 fakulta | UPJ\u0160","article_modified_time":"2023-09-21T13:41:11+00:00","twitter_card":"summary_large_image","twitter_misc":{"Predpokladan\u00fd \u010das \u010d\u00edtania":"1 min\u00fata"},"schema":{"@context":"https:\/\/schema.org","@graph":[{"@type":"WebPage","@id":"https:\/\/www.upjs.sk\/prirodovedecka-fakulta\/rozvoj\/aktivity-stredne-skoly\/predpoludnia-na-ss\/","url":"https:\/\/www.upjs.sk\/prirodovedecka-fakulta\/rozvoj\/aktivity-stredne-skoly\/predpoludnia-na-ss\/","name":"Stretnutia na stredn\u00fdch \u0161kol\u00e1ch: Predpoludnia s fyzikou, matematikou a informatikou - Pr\u00edrodovedeck\u00e1 fakulta | UPJ\u0160","isPartOf":{"@id":"https:\/\/www.upjs.sk\/prirodovedecka-fakulta\/#website"},"datePublished":"2015-05-12T15:43:58+00:00","dateModified":"2023-09-21T13:41:11+00:00","breadcrumb":{"@id":"https:\/\/www.upjs.sk\/prirodovedecka-fakulta\/rozvoj\/aktivity-stredne-skoly\/predpoludnia-na-ss\/#breadcrumb"},"inLanguage":"sk-SK","potentialAction":[{"@type":"ReadAction","target":["https:\/\/www.upjs.sk\/prirodovedecka-fakulta\/rozvoj\/aktivity-stredne-skoly\/predpoludnia-na-ss\/"]}]},{"@type":"BreadcrumbList","@id":"https:\/\/www.upjs.sk\/prirodovedecka-fakulta\/rozvoj\/aktivity-stredne-skoly\/predpoludnia-na-ss\/#breadcrumb","itemListElement":[{"@type":"ListItem","position":1,"name":"Home","item":"https:\/\/www.upjs.sk\/prirodovedecka-fakulta\/"},{"@type":"ListItem","position":2,"name":"Rozvoj","item":"https:\/\/www.upjs.sk\/prirodovedecka-fakulta\/rozvoj\/"},{"@type":"ListItem","position":3,"name":"Aktivity pre stredn\u00e9 \u0161koly","item":"https:\/\/www.upjs.sk\/prirodovedecka-fakulta\/rozvoj\/aktivity-stredne-skoly\/"},{"@type":"ListItem","position":4,"name":"Stretnutia na stredn\u00fdch \u0161kol\u00e1ch: Predpoludnia s fyzikou, matematikou a informatikou"}]},{"@type":"WebSite","@id":"https:\/\/www.upjs.sk\/prirodovedecka-fakulta\/#website","url":"https:\/\/www.upjs.sk\/prirodovedecka-fakulta\/","name":"Pr\u00edrodovedeck\u00e1 fakulta | UPJ\u0160","description":"","publisher":{"@id":"https:\/\/www.upjs.sk\/prirodovedecka-fakulta\/#organization"},"potentialAction":[{"@type":"SearchAction","target":{"@type":"EntryPoint","urlTemplate":"https:\/\/www.upjs.sk\/prirodovedecka-fakulta\/?s={search_term_string}"},"query-input":{"@type":"PropertyValueSpecification","valueRequired":true,"valueName":"search_term_string"}}],"inLanguage":"sk-SK"},{"@type":"Organization","@id":"https:\/\/www.upjs.sk\/prirodovedecka-fakulta\/#organization","name":"Pr\u00edrodovedeck\u00e1 fakulta | UPJ\u0160","url":"https:\/\/www.upjs.sk\/prirodovedecka-fakulta\/","logo":{"@type":"ImageObject","inLanguage":"sk-SK","@id":"https:\/\/www.upjs.sk\/prirodovedecka-fakulta\/#\/schema\/logo\/image\/","url":"https:\/\/www.upjs.sk\/app\/uploads\/sites\/10\/2022\/09\/logo-prirodovedecka-fakulta.png","contentUrl":"https:\/\/www.upjs.sk\/app\/uploads\/sites\/10\/2022\/09\/logo-prirodovedecka-fakulta.png","width":415,"height":87,"caption":"Pr\u00edrodovedeck\u00e1 fakulta | UPJ\u0160"},"image":{"@id":"https:\/\/www.upjs.sk\/prirodovedecka-fakulta\/#\/schema\/logo\/image\/"}}]}},"_links":{"self":[{"href":"https:\/\/www.upjs.sk\/prirodovedecka-fakulta\/wp-json\/wp\/v2\/pages\/15212","targetHints":{"allow":["GET"]}}],"collection":[{"href":"https:\/\/www.upjs.sk\/prirodovedecka-fakulta\/wp-json\/wp\/v2\/pages"}],"about":[{"href":"https:\/\/www.upjs.sk\/prirodovedecka-fakulta\/wp-json\/wp\/v2\/types\/page"}],"author":[{"embeddable":true,"href":"https:\/\/www.upjs.sk\/prirodovedecka-fakulta\/wp-json\/wp\/v2\/users\/1"}],"replies":[{"embeddable":true,"href":"https:\/\/www.upjs.sk\/prirodovedecka-fakulta\/wp-json\/wp\/v2\/comments?post=15212"}],"version-history":[{"count":2,"href":"https:\/\/www.upjs.sk\/prirodovedecka-fakulta\/wp-json\/wp\/v2\/pages\/15212\/revisions"}],"predecessor-version":[{"id":60440,"href":"https:\/\/www.upjs.sk\/prirodovedecka-fakulta\/wp-json\/wp\/v2\/pages\/15212\/revisions\/60440"}],"up":[{"embeddable":true,"href":"https:\/\/www.upjs.sk\/prirodovedecka-fakulta\/wp-json\/wp\/v2\/pages\/13080"}],"wp:attachment":[{"href":"https:\/\/www.upjs.sk\/prirodovedecka-fakulta\/wp-json\/wp\/v2\/media?parent=15212"}],"wp:term":[{"taxonomy":"category","embeddable":true,"href":"https:\/\/www.upjs.sk\/prirodovedecka-fakulta\/wp-json\/wp\/v2\/categories?post=15212"},{"taxonomy":"post_tag","embeddable":true,"href":"https:\/\/www.upjs.sk\/prirodovedecka-fakulta\/wp-json\/wp\/v2\/tags?post=15212"}],"curies":[{"name":"wp","href":"https:\/\/api.w.org\/{rel}","templated":true}]}}