{"id":15269,"date":"2019-07-23T11:32:25","date_gmt":"2019-07-23T11:32:25","guid":{"rendered":"https:\/\/www.upjs.sk\/prirodovedecka-fakulta\/root\/kr-ss\/prezentacie\/kr-25062019\/"},"modified":"2024-08-15T12:32:16","modified_gmt":"2024-08-15T11:32:16","slug":"kr-25062019","status":"publish","type":"page","link":"https:\/\/www.upjs.sk\/prirodovedecka-fakulta\/rozvoj\/kr-ss\/prezentacie\/kr-25062019\/","title":{"rendered":"25.06. 2019"},"content":{"rendered":"<ul>\n<li><a href=\"\/public\/media\/21247\/KR25.6.2019biofyzika.pptx\" target=\"_blank\" rel=\"noopener\">Biofyzika<\/a><\/li>\n<li><a href=\"\/public\/media\/21247\/KR25.6.2019DataSciencePresentation.pdf\" target=\"_blank\" rel=\"noopener\">DATA ANALYSIS AND ARTIFICIAL INTELLIGENCE<br \/> \t&#8230; or why should you learn to understand data?<\/a><\/li>\n<li><a href=\"\/public\/media\/21247\/KR25.6.2019FyzikaKlubriaditelovSS25062019.pptx\" target=\"_blank\" rel=\"noopener\">Uk\u00e1\u017eky z inov\u00e1cie v\u00fdu\u010dby v predmete FYZIKA<\/a><\/li>\n<li><a href=\"\/public\/media\/21247\/KR25.6.2019Klubriaditelovchemia.pptx\" target=\"_blank\" rel=\"noopener\">Ch\u00e9mia &#8211; Pr\u00edrodovedn\u00e9 vzdel\u00e1vanie na strednej \u0161kole &#8211; U\u010d\u00edme sa pre bud\u00facnos\u0165<\/a><\/li>\n<li><a href=\"\/public\/media\/21247\/KR25.6.2019InformacneSystemy.pptx\" target=\"_blank\" rel=\"noopener\">Informa\u010dn\u00e9 syst\u00e9my vo verejnej spr\u00e1ve<\/a><\/li>\n<li><a href=\"\/public\/media\/21247\/Klub riaditelov_SS_BIOL.pptx\" target=\"_blank\" rel=\"noopener\">Biol\u00f3gia<\/a><\/li>\n<li><a href=\"\/public\/media\/21247\/KR25.6.2019Klubriaditelovstrednychskolanalyzadat.pptx\" target=\"_blank\" rel=\"noopener\">Medziodborov\u00fd \u0161tudijn\u00fd progam ANAL\u00ddZA D\u00c1T A UMEL\u00c1 INTELIGENCIA<\/a><\/li>\n<li><a href=\"\/public\/media\/21247\/KR25.6.2019Stavmatematickehovzdelavania25062019.pptx\" target=\"_blank\" rel=\"noopener\">Matematick\u00e9 vzdel\u00e1vanie \u2013 zmeny pre bud\u00facnos\u0165<\/a><\/li>\n<\/ul>\n","protected":false},"excerpt":{"rendered":"<p>Biofyzika DATA ANALYSIS AND ARTIFICIAL INTELLIGENCE &#8230; or why should you learn to understand data? Uk\u00e1\u017eky z inov\u00e1cie v\u00fdu\u010dby v predmete FYZIKA Ch\u00e9mia &#8211; Pr\u00edrodovedn\u00e9 vzdel\u00e1vanie na strednej \u0161kole &#8211; U\u010d\u00edme sa pre bud\u00facnos\u0165 Informa\u010dn\u00e9 syst\u00e9my vo verejnej spr\u00e1ve Biol\u00f3gia Medziodborov\u00fd \u0161tudijn\u00fd progam ANAL\u00ddZA D\u00c1T A UMEL\u00c1 INTELIGENCIA Matematick\u00e9 vzdel\u00e1vanie \u2013 zmeny pre bud\u00facnos\u0165<\/p>\n","protected":false},"author":1,"featured_media":0,"parent":13097,"menu_order":6,"comment_status":"closed","ping_status":"closed","template":"","meta":{"_acf_changed":false,"_editorskit_title_hidden":false,"_editorskit_reading_time":0,"_editorskit_is_block_options_detached":false,"_editorskit_block_options_position":"{}","footnotes":""},"categories":[],"tags":[],"class_list":["post-15269","page","type-page","status-publish","hentry"],"acf":{"acf_link_na_externy_obsah":""},"yoast_head":"<!-- This site is optimized with the Yoast SEO plugin v27.2 - https:\/\/yoast.com\/product\/yoast-seo-wordpress\/ -->\n<title>25.06. 2019 - Pr\u00edrodovedeck\u00e1 fakulta | UPJ\u0160<\/title>\n<meta name=\"robots\" content=\"index, follow, max-snippet:-1, max-image-preview:large, max-video-preview:-1\" \/>\n<link rel=\"canonical\" href=\"https:\/\/www.upjs.sk\/prirodovedecka-fakulta\/rozvoj\/kr-ss\/prezentacie\/kr-25062019\/\" \/>\n<meta property=\"og:locale\" content=\"sk_SK\" \/>\n<meta property=\"og:type\" content=\"article\" \/>\n<meta property=\"og:title\" content=\"25.06. 2019 - Pr\u00edrodovedeck\u00e1 fakulta | UPJ\u0160\" \/>\n<meta property=\"og:description\" content=\"Biofyzika DATA ANALYSIS AND ARTIFICIAL INTELLIGENCE &#8230; or why should you learn to understand data? Uk\u00e1\u017eky z inov\u00e1cie v\u00fdu\u010dby v predmete FYZIKA Ch\u00e9mia &#8211; Pr\u00edrodovedn\u00e9 vzdel\u00e1vanie na strednej \u0161kole &#8211; U\u010d\u00edme sa pre bud\u00facnos\u0165 Informa\u010dn\u00e9 syst\u00e9my vo verejnej spr\u00e1ve Biol\u00f3gia Medziodborov\u00fd \u0161tudijn\u00fd progam ANAL\u00ddZA D\u00c1T A UMEL\u00c1 INTELIGENCIA Matematick\u00e9 vzdel\u00e1vanie \u2013 zmeny pre bud\u00facnos\u0165\" \/>\n<meta property=\"og:url\" content=\"https:\/\/www.upjs.sk\/prirodovedecka-fakulta\/rozvoj\/kr-ss\/prezentacie\/kr-25062019\/\" \/>\n<meta property=\"og:site_name\" content=\"Pr\u00edrodovedeck\u00e1 fakulta | UPJ\u0160\" \/>\n<meta property=\"article:modified_time\" content=\"2024-08-15T11:32:16+00:00\" \/>\n<meta name=\"twitter:card\" content=\"summary_large_image\" \/>\n<meta name=\"twitter:label1\" content=\"Predpokladan\u00fd \u010das \u010d\u00edtania\" \/>\n\t<meta name=\"twitter:data1\" content=\"1 min\u00fata\" \/>\n<script type=\"application\/ld+json\" class=\"yoast-schema-graph\">{\"@context\":\"https:\/\/schema.org\",\"@graph\":[{\"@type\":\"WebPage\",\"@id\":\"https:\/\/www.upjs.sk\/prirodovedecka-fakulta\/rozvoj\/kr-ss\/prezentacie\/kr-25062019\/\",\"url\":\"https:\/\/www.upjs.sk\/prirodovedecka-fakulta\/rozvoj\/kr-ss\/prezentacie\/kr-25062019\/\",\"name\":\"25.06. 2019 - Pr\u00edrodovedeck\u00e1 fakulta | UPJ\u0160\",\"isPartOf\":{\"@id\":\"https:\/\/www.upjs.sk\/prirodovedecka-fakulta\/#website\"},\"datePublished\":\"2019-07-23T11:32:25+00:00\",\"dateModified\":\"2024-08-15T11:32:16+00:00\",\"breadcrumb\":{\"@id\":\"https:\/\/www.upjs.sk\/prirodovedecka-fakulta\/rozvoj\/kr-ss\/prezentacie\/kr-25062019\/#breadcrumb\"},\"inLanguage\":\"sk-SK\",\"potentialAction\":[{\"@type\":\"ReadAction\",\"target\":[\"https:\/\/www.upjs.sk\/prirodovedecka-fakulta\/rozvoj\/kr-ss\/prezentacie\/kr-25062019\/\"]}]},{\"@type\":\"BreadcrumbList\",\"@id\":\"https:\/\/www.upjs.sk\/prirodovedecka-fakulta\/rozvoj\/kr-ss\/prezentacie\/kr-25062019\/#breadcrumb\",\"itemListElement\":[{\"@type\":\"ListItem\",\"position\":1,\"name\":\"Home\",\"item\":\"https:\/\/www.upjs.sk\/prirodovedecka-fakulta\/\"},{\"@type\":\"ListItem\",\"position\":2,\"name\":\"Rozvoj\",\"item\":\"https:\/\/www.upjs.sk\/prirodovedecka-fakulta\/rozvoj\/\"},{\"@type\":\"ListItem\",\"position\":3,\"name\":\"Klub riadite\u013eov S\u0160 pri PF UPJ\u0160 v Ko\u0161iciach\",\"item\":\"https:\/\/www.upjs.sk\/prirodovedecka-fakulta\/rozvoj\/kr-ss\/\"},{\"@type\":\"ListItem\",\"position\":4,\"name\":\"Prezent\u00e1cie\",\"item\":\"https:\/\/www.upjs.sk\/prirodovedecka-fakulta\/rozvoj\/kr-ss\/prezentacie\/\"},{\"@type\":\"ListItem\",\"position\":5,\"name\":\"25.06. 2019\"}]},{\"@type\":\"WebSite\",\"@id\":\"https:\/\/www.upjs.sk\/prirodovedecka-fakulta\/#website\",\"url\":\"https:\/\/www.upjs.sk\/prirodovedecka-fakulta\/\",\"name\":\"Pr\u00edrodovedeck\u00e1 fakulta | UPJ\u0160\",\"description\":\"\",\"publisher\":{\"@id\":\"https:\/\/www.upjs.sk\/prirodovedecka-fakulta\/#organization\"},\"potentialAction\":[{\"@type\":\"SearchAction\",\"target\":{\"@type\":\"EntryPoint\",\"urlTemplate\":\"https:\/\/www.upjs.sk\/prirodovedecka-fakulta\/?s={search_term_string}\"},\"query-input\":{\"@type\":\"PropertyValueSpecification\",\"valueRequired\":true,\"valueName\":\"search_term_string\"}}],\"inLanguage\":\"sk-SK\"},{\"@type\":\"Organization\",\"@id\":\"https:\/\/www.upjs.sk\/prirodovedecka-fakulta\/#organization\",\"name\":\"Pr\u00edrodovedeck\u00e1 fakulta | UPJ\u0160\",\"url\":\"https:\/\/www.upjs.sk\/prirodovedecka-fakulta\/\",\"logo\":{\"@type\":\"ImageObject\",\"inLanguage\":\"sk-SK\",\"@id\":\"https:\/\/www.upjs.sk\/prirodovedecka-fakulta\/#\/schema\/logo\/image\/\",\"url\":\"https:\/\/www.upjs.sk\/app\/uploads\/sites\/10\/2022\/09\/logo-prirodovedecka-fakulta.png\",\"contentUrl\":\"https:\/\/www.upjs.sk\/app\/uploads\/sites\/10\/2022\/09\/logo-prirodovedecka-fakulta.png\",\"width\":415,\"height\":87,\"caption\":\"Pr\u00edrodovedeck\u00e1 fakulta | UPJ\u0160\"},\"image\":{\"@id\":\"https:\/\/www.upjs.sk\/prirodovedecka-fakulta\/#\/schema\/logo\/image\/\"}}]}<\/script>\n<!-- \/ Yoast SEO plugin. -->","yoast_head_json":{"title":"25.06. 2019 - Pr\u00edrodovedeck\u00e1 fakulta | UPJ\u0160","robots":{"index":"index","follow":"follow","max-snippet":"max-snippet:-1","max-image-preview":"max-image-preview:large","max-video-preview":"max-video-preview:-1"},"canonical":"https:\/\/www.upjs.sk\/prirodovedecka-fakulta\/rozvoj\/kr-ss\/prezentacie\/kr-25062019\/","og_locale":"sk_SK","og_type":"article","og_title":"25.06. 2019 - Pr\u00edrodovedeck\u00e1 fakulta | UPJ\u0160","og_description":"Biofyzika DATA ANALYSIS AND ARTIFICIAL INTELLIGENCE &#8230; or why should you learn to understand data? Uk\u00e1\u017eky z inov\u00e1cie v\u00fdu\u010dby v predmete FYZIKA Ch\u00e9mia &#8211; Pr\u00edrodovedn\u00e9 vzdel\u00e1vanie na strednej \u0161kole &#8211; U\u010d\u00edme sa pre bud\u00facnos\u0165 Informa\u010dn\u00e9 syst\u00e9my vo verejnej spr\u00e1ve Biol\u00f3gia Medziodborov\u00fd \u0161tudijn\u00fd progam ANAL\u00ddZA D\u00c1T A UMEL\u00c1 INTELIGENCIA Matematick\u00e9 vzdel\u00e1vanie \u2013 zmeny pre bud\u00facnos\u0165","og_url":"https:\/\/www.upjs.sk\/prirodovedecka-fakulta\/rozvoj\/kr-ss\/prezentacie\/kr-25062019\/","og_site_name":"Pr\u00edrodovedeck\u00e1 fakulta | UPJ\u0160","article_modified_time":"2024-08-15T11:32:16+00:00","twitter_card":"summary_large_image","twitter_misc":{"Predpokladan\u00fd \u010das \u010d\u00edtania":"1 min\u00fata"},"schema":{"@context":"https:\/\/schema.org","@graph":[{"@type":"WebPage","@id":"https:\/\/www.upjs.sk\/prirodovedecka-fakulta\/rozvoj\/kr-ss\/prezentacie\/kr-25062019\/","url":"https:\/\/www.upjs.sk\/prirodovedecka-fakulta\/rozvoj\/kr-ss\/prezentacie\/kr-25062019\/","name":"25.06. 2019 - Pr\u00edrodovedeck\u00e1 fakulta | UPJ\u0160","isPartOf":{"@id":"https:\/\/www.upjs.sk\/prirodovedecka-fakulta\/#website"},"datePublished":"2019-07-23T11:32:25+00:00","dateModified":"2024-08-15T11:32:16+00:00","breadcrumb":{"@id":"https:\/\/www.upjs.sk\/prirodovedecka-fakulta\/rozvoj\/kr-ss\/prezentacie\/kr-25062019\/#breadcrumb"},"inLanguage":"sk-SK","potentialAction":[{"@type":"ReadAction","target":["https:\/\/www.upjs.sk\/prirodovedecka-fakulta\/rozvoj\/kr-ss\/prezentacie\/kr-25062019\/"]}]},{"@type":"BreadcrumbList","@id":"https:\/\/www.upjs.sk\/prirodovedecka-fakulta\/rozvoj\/kr-ss\/prezentacie\/kr-25062019\/#breadcrumb","itemListElement":[{"@type":"ListItem","position":1,"name":"Home","item":"https:\/\/www.upjs.sk\/prirodovedecka-fakulta\/"},{"@type":"ListItem","position":2,"name":"Rozvoj","item":"https:\/\/www.upjs.sk\/prirodovedecka-fakulta\/rozvoj\/"},{"@type":"ListItem","position":3,"name":"Klub riadite\u013eov S\u0160 pri PF UPJ\u0160 v Ko\u0161iciach","item":"https:\/\/www.upjs.sk\/prirodovedecka-fakulta\/rozvoj\/kr-ss\/"},{"@type":"ListItem","position":4,"name":"Prezent\u00e1cie","item":"https:\/\/www.upjs.sk\/prirodovedecka-fakulta\/rozvoj\/kr-ss\/prezentacie\/"},{"@type":"ListItem","position":5,"name":"25.06. 2019"}]},{"@type":"WebSite","@id":"https:\/\/www.upjs.sk\/prirodovedecka-fakulta\/#website","url":"https:\/\/www.upjs.sk\/prirodovedecka-fakulta\/","name":"Pr\u00edrodovedeck\u00e1 fakulta | UPJ\u0160","description":"","publisher":{"@id":"https:\/\/www.upjs.sk\/prirodovedecka-fakulta\/#organization"},"potentialAction":[{"@type":"SearchAction","target":{"@type":"EntryPoint","urlTemplate":"https:\/\/www.upjs.sk\/prirodovedecka-fakulta\/?s={search_term_string}"},"query-input":{"@type":"PropertyValueSpecification","valueRequired":true,"valueName":"search_term_string"}}],"inLanguage":"sk-SK"},{"@type":"Organization","@id":"https:\/\/www.upjs.sk\/prirodovedecka-fakulta\/#organization","name":"Pr\u00edrodovedeck\u00e1 fakulta | UPJ\u0160","url":"https:\/\/www.upjs.sk\/prirodovedecka-fakulta\/","logo":{"@type":"ImageObject","inLanguage":"sk-SK","@id":"https:\/\/www.upjs.sk\/prirodovedecka-fakulta\/#\/schema\/logo\/image\/","url":"https:\/\/www.upjs.sk\/app\/uploads\/sites\/10\/2022\/09\/logo-prirodovedecka-fakulta.png","contentUrl":"https:\/\/www.upjs.sk\/app\/uploads\/sites\/10\/2022\/09\/logo-prirodovedecka-fakulta.png","width":415,"height":87,"caption":"Pr\u00edrodovedeck\u00e1 fakulta | UPJ\u0160"},"image":{"@id":"https:\/\/www.upjs.sk\/prirodovedecka-fakulta\/#\/schema\/logo\/image\/"}}]}},"_links":{"self":[{"href":"https:\/\/www.upjs.sk\/prirodovedecka-fakulta\/wp-json\/wp\/v2\/pages\/15269","targetHints":{"allow":["GET"]}}],"collection":[{"href":"https:\/\/www.upjs.sk\/prirodovedecka-fakulta\/wp-json\/wp\/v2\/pages"}],"about":[{"href":"https:\/\/www.upjs.sk\/prirodovedecka-fakulta\/wp-json\/wp\/v2\/types\/page"}],"author":[{"embeddable":true,"href":"https:\/\/www.upjs.sk\/prirodovedecka-fakulta\/wp-json\/wp\/v2\/users\/1"}],"replies":[{"embeddable":true,"href":"https:\/\/www.upjs.sk\/prirodovedecka-fakulta\/wp-json\/wp\/v2\/comments?post=15269"}],"version-history":[{"count":1,"href":"https:\/\/www.upjs.sk\/prirodovedecka-fakulta\/wp-json\/wp\/v2\/pages\/15269\/revisions"}],"predecessor-version":[{"id":19558,"href":"https:\/\/www.upjs.sk\/prirodovedecka-fakulta\/wp-json\/wp\/v2\/pages\/15269\/revisions\/19558"}],"up":[{"embeddable":true,"href":"https:\/\/www.upjs.sk\/prirodovedecka-fakulta\/wp-json\/wp\/v2\/pages\/13097"}],"wp:attachment":[{"href":"https:\/\/www.upjs.sk\/prirodovedecka-fakulta\/wp-json\/wp\/v2\/media?parent=15269"}],"wp:term":[{"taxonomy":"category","embeddable":true,"href":"https:\/\/www.upjs.sk\/prirodovedecka-fakulta\/wp-json\/wp\/v2\/categories?post=15269"},{"taxonomy":"post_tag","embeddable":true,"href":"https:\/\/www.upjs.sk\/prirodovedecka-fakulta\/wp-json\/wp\/v2\/tags?post=15269"}],"curies":[{"name":"wp","href":"https:\/\/api.w.org\/{rel}","templated":true}]}}