{"id":15357,"date":"2008-10-10T14:38:57","date_gmt":"2008-10-10T14:38:57","guid":{"rendered":"https:\/\/www.upjs.sk\/prirodovedecka-fakulta\/root\/verejnost-a-media\/verejnost-a-media\/fotogaleria\/"},"modified":"2022-10-26T08:14:45","modified_gmt":"2022-10-26T08:14:45","slug":"fotogaleria","status":"publish","type":"page","link":"https:\/\/www.upjs.sk\/prirodovedecka-fakulta\/nezobrazene\/verejnost-a-media\/verejnost-a-media\/fotogaleria\/","title":{"rendered":"Fotogal\u00e9ria"},"content":{"rendered":"<p>\u00a0<\/p>\n<p> <!-- Text --> <\/p>\n<ul>\n<li><strong><a href=\"\/prirodovedecka-fakulta\/fakulta\/organy-fakulty\/vedene-fakulty\/\">Vedenie fakulty<\/a><\/strong><\/li>\n<li><strong><a href=\"\/prirodovedecka-fakulta\/informacie-pre-ostatnych-zaujemcov\/verejnost-a-media\/riaditelia-ustavov\/\">Riaditelia \u00fastavov<\/a><\/strong><\/li>\n<li><strong>Fakulta <\/strong>\n<ul>\n<li><a href=\"\/prirodovedecka-fakulta\/informacie-pre-ostatnych-zaujemcov\/verejnost-a-media\/fakultne-budovy\/\">Fakultn\u00e9 budovy<\/a><\/li>\n<li><a href=\"\/prirodovedecka-fakulta\/informacie-pre-ostatnych-zaujemcov\/verejnost-a-media\/ucebne-laboratoria\/\">U\u010debne, laborat\u00f3ria<\/a><\/li>\n<\/ul>\n<\/li>\n<li><strong>Zo \u017eivota fakulty<\/strong>\n<ul>\n<li><a href=\"\/prirodovedecka-fakulta\/informacie-pre-ostatnych-zaujemcov\/verejnost-a-media\/promocia\/\">Sl\u00e1vnostn\u00e1 prom\u00f3cia<\/a><\/li>\n<li><a href=\"\/prirodovedecka-fakulta\/informacie-pre-ostatnych-zaujemcov\/verejnost-a-media\/otvorenie-dp-pf-upjs-roznava\/\">Otvorenie DP PF UPJ\u0160 v Ro\u017e\u0148ave<\/a><\/li>\n<li>Pr\u00edrodovedeck\u00e9 dni\n<ul>\n<li><a href=\"\/prirodovedecka-fakulta\/informacie-pre-ostatnych-zaujemcov\/verejnost-a-media\/svk\/\">\u0160VK &#8211; \u0161tudentsk\u00e1 vedeck\u00e1 konferencia<\/a><\/li>\n<li><a href=\"\/prirodovedecka-fakulta\/informacie-pre-ostatnych-zaujemcov\/verejnost-a-media\/strk\/ \">\u0160TRK &#8211; \u0161tudentsk\u00e1 recesistick\u00e1 konferencia<\/a><\/li>\n<li><a href=\"\/prirodovedecka-fakulta\/informacie-pre-ostatnych-zaujemcov\/verejnost-a-media\/vylet-do-prirody\/\">V\u00fdlet do pr\u00edrody<\/a> <br \/>             \u00a0<\/li>\n<\/ul>\n<\/li>\n<\/ul>\n<\/li>\n<\/ul>\n","protected":false},"excerpt":{"rendered":"<p>\u00a0 Vedenie fakulty Riaditelia \u00fastavov Fakulta Fakultn\u00e9 budovy U\u010debne, laborat\u00f3ria Zo \u017eivota fakulty Sl\u00e1vnostn\u00e1 prom\u00f3cia Otvorenie DP PF UPJ\u0160 v Ro\u017e\u0148ave Pr\u00edrodovedeck\u00e9 dni \u0160VK &#8211; \u0161tudentsk\u00e1 vedeck\u00e1 konferencia \u0160TRK &#8211; \u0161tudentsk\u00e1 recesistick\u00e1 konferencia V\u00fdlet do pr\u00edrody \u00a0<\/p>\n","protected":false},"author":1,"featured_media":0,"parent":13561,"menu_order":19,"comment_status":"closed","ping_status":"closed","template":"","meta":{"_acf_changed":false,"_editorskit_title_hidden":false,"_editorskit_reading_time":0,"_editorskit_is_block_options_detached":false,"_editorskit_block_options_position":"{}","footnotes":""},"categories":[],"tags":[],"class_list":["post-15357","page","type-page","status-publish","hentry"],"acf":{"acf_link_na_externy_obsah":""},"yoast_head":"<!-- This site is optimized with the Yoast SEO plugin v27.2 - https:\/\/yoast.com\/product\/yoast-seo-wordpress\/ -->\n<title>Fotogal\u00e9ria - Pr\u00edrodovedeck\u00e1 fakulta | UPJ\u0160<\/title>\n<meta name=\"robots\" content=\"index, follow, max-snippet:-1, max-image-preview:large, max-video-preview:-1\" \/>\n<link rel=\"canonical\" href=\"https:\/\/www.upjs.sk\/prirodovedecka-fakulta\/nezobrazene\/verejnost-a-media\/verejnost-a-media\/fotogaleria\/\" \/>\n<meta property=\"og:locale\" content=\"sk_SK\" \/>\n<meta property=\"og:type\" content=\"article\" \/>\n<meta property=\"og:title\" content=\"Fotogal\u00e9ria - Pr\u00edrodovedeck\u00e1 fakulta | UPJ\u0160\" \/>\n<meta property=\"og:description\" content=\"\u00a0 Vedenie fakulty Riaditelia \u00fastavov Fakulta Fakultn\u00e9 budovy U\u010debne, laborat\u00f3ria Zo \u017eivota fakulty Sl\u00e1vnostn\u00e1 prom\u00f3cia Otvorenie DP PF UPJ\u0160 v Ro\u017e\u0148ave Pr\u00edrodovedeck\u00e9 dni \u0160VK &#8211; \u0161tudentsk\u00e1 vedeck\u00e1 konferencia \u0160TRK &#8211; \u0161tudentsk\u00e1 recesistick\u00e1 konferencia V\u00fdlet do pr\u00edrody \u00a0\" \/>\n<meta property=\"og:url\" content=\"https:\/\/www.upjs.sk\/prirodovedecka-fakulta\/nezobrazene\/verejnost-a-media\/verejnost-a-media\/fotogaleria\/\" \/>\n<meta property=\"og:site_name\" content=\"Pr\u00edrodovedeck\u00e1 fakulta | UPJ\u0160\" \/>\n<meta property=\"article:modified_time\" content=\"2022-10-26T08:14:45+00:00\" \/>\n<meta name=\"twitter:card\" content=\"summary_large_image\" \/>\n<script type=\"application\/ld+json\" class=\"yoast-schema-graph\">{\"@context\":\"https:\/\/schema.org\",\"@graph\":[{\"@type\":\"WebPage\",\"@id\":\"https:\/\/www.upjs.sk\/prirodovedecka-fakulta\/nezobrazene\/verejnost-a-media\/verejnost-a-media\/fotogaleria\/\",\"url\":\"https:\/\/www.upjs.sk\/prirodovedecka-fakulta\/nezobrazene\/verejnost-a-media\/verejnost-a-media\/fotogaleria\/\",\"name\":\"Fotogal\u00e9ria - Pr\u00edrodovedeck\u00e1 fakulta | UPJ\u0160\",\"isPartOf\":{\"@id\":\"https:\/\/www.upjs.sk\/prirodovedecka-fakulta\/#website\"},\"datePublished\":\"2008-10-10T14:38:57+00:00\",\"dateModified\":\"2022-10-26T08:14:45+00:00\",\"breadcrumb\":{\"@id\":\"https:\/\/www.upjs.sk\/prirodovedecka-fakulta\/nezobrazene\/verejnost-a-media\/verejnost-a-media\/fotogaleria\/#breadcrumb\"},\"inLanguage\":\"sk-SK\",\"potentialAction\":[{\"@type\":\"ReadAction\",\"target\":[\"https:\/\/www.upjs.sk\/prirodovedecka-fakulta\/nezobrazene\/verejnost-a-media\/verejnost-a-media\/fotogaleria\/\"]}]},{\"@type\":\"BreadcrumbList\",\"@id\":\"https:\/\/www.upjs.sk\/prirodovedecka-fakulta\/nezobrazene\/verejnost-a-media\/verejnost-a-media\/fotogaleria\/#breadcrumb\",\"itemListElement\":[{\"@type\":\"ListItem\",\"position\":1,\"name\":\"Home\",\"item\":\"https:\/\/www.upjs.sk\/prirodovedecka-fakulta\/\"},{\"@type\":\"ListItem\",\"position\":2,\"name\":\"Verejnos\u0165 a m\u00e9di\u00e1\",\"item\":\"https:\/\/www.upjs.sk\/prirodovedecka-fakulta\/?page_id=13559\"},{\"@type\":\"ListItem\",\"position\":3,\"name\":\"Verejnos\u0165 a m\u00e9dia\",\"item\":\"https:\/\/www.upjs.sk\/prirodovedecka-fakulta\/verejnost-a-media\/verejnost-a-media\/\"},{\"@type\":\"ListItem\",\"position\":4,\"name\":\"Fotogal\u00e9ria\"}]},{\"@type\":\"WebSite\",\"@id\":\"https:\/\/www.upjs.sk\/prirodovedecka-fakulta\/#website\",\"url\":\"https:\/\/www.upjs.sk\/prirodovedecka-fakulta\/\",\"name\":\"Pr\u00edrodovedeck\u00e1 fakulta | UPJ\u0160\",\"description\":\"\",\"publisher\":{\"@id\":\"https:\/\/www.upjs.sk\/prirodovedecka-fakulta\/#organization\"},\"potentialAction\":[{\"@type\":\"SearchAction\",\"target\":{\"@type\":\"EntryPoint\",\"urlTemplate\":\"https:\/\/www.upjs.sk\/prirodovedecka-fakulta\/?s={search_term_string}\"},\"query-input\":{\"@type\":\"PropertyValueSpecification\",\"valueRequired\":true,\"valueName\":\"search_term_string\"}}],\"inLanguage\":\"sk-SK\"},{\"@type\":\"Organization\",\"@id\":\"https:\/\/www.upjs.sk\/prirodovedecka-fakulta\/#organization\",\"name\":\"Pr\u00edrodovedeck\u00e1 fakulta | UPJ\u0160\",\"url\":\"https:\/\/www.upjs.sk\/prirodovedecka-fakulta\/\",\"logo\":{\"@type\":\"ImageObject\",\"inLanguage\":\"sk-SK\",\"@id\":\"https:\/\/www.upjs.sk\/prirodovedecka-fakulta\/#\/schema\/logo\/image\/\",\"url\":\"https:\/\/www.upjs.sk\/app\/uploads\/sites\/10\/2022\/09\/logo-prirodovedecka-fakulta.png\",\"contentUrl\":\"https:\/\/www.upjs.sk\/app\/uploads\/sites\/10\/2022\/09\/logo-prirodovedecka-fakulta.png\",\"width\":415,\"height\":87,\"caption\":\"Pr\u00edrodovedeck\u00e1 fakulta | UPJ\u0160\"},\"image\":{\"@id\":\"https:\/\/www.upjs.sk\/prirodovedecka-fakulta\/#\/schema\/logo\/image\/\"}}]}<\/script>\n<!-- \/ Yoast SEO plugin. -->","yoast_head_json":{"title":"Fotogal\u00e9ria - Pr\u00edrodovedeck\u00e1 fakulta | UPJ\u0160","robots":{"index":"index","follow":"follow","max-snippet":"max-snippet:-1","max-image-preview":"max-image-preview:large","max-video-preview":"max-video-preview:-1"},"canonical":"https:\/\/www.upjs.sk\/prirodovedecka-fakulta\/nezobrazene\/verejnost-a-media\/verejnost-a-media\/fotogaleria\/","og_locale":"sk_SK","og_type":"article","og_title":"Fotogal\u00e9ria - Pr\u00edrodovedeck\u00e1 fakulta | UPJ\u0160","og_description":"\u00a0 Vedenie fakulty Riaditelia \u00fastavov Fakulta Fakultn\u00e9 budovy U\u010debne, laborat\u00f3ria Zo \u017eivota fakulty Sl\u00e1vnostn\u00e1 prom\u00f3cia Otvorenie DP PF UPJ\u0160 v Ro\u017e\u0148ave Pr\u00edrodovedeck\u00e9 dni \u0160VK &#8211; \u0161tudentsk\u00e1 vedeck\u00e1 konferencia \u0160TRK &#8211; \u0161tudentsk\u00e1 recesistick\u00e1 konferencia V\u00fdlet do pr\u00edrody \u00a0","og_url":"https:\/\/www.upjs.sk\/prirodovedecka-fakulta\/nezobrazene\/verejnost-a-media\/verejnost-a-media\/fotogaleria\/","og_site_name":"Pr\u00edrodovedeck\u00e1 fakulta | UPJ\u0160","article_modified_time":"2022-10-26T08:14:45+00:00","twitter_card":"summary_large_image","schema":{"@context":"https:\/\/schema.org","@graph":[{"@type":"WebPage","@id":"https:\/\/www.upjs.sk\/prirodovedecka-fakulta\/nezobrazene\/verejnost-a-media\/verejnost-a-media\/fotogaleria\/","url":"https:\/\/www.upjs.sk\/prirodovedecka-fakulta\/nezobrazene\/verejnost-a-media\/verejnost-a-media\/fotogaleria\/","name":"Fotogal\u00e9ria - Pr\u00edrodovedeck\u00e1 fakulta | UPJ\u0160","isPartOf":{"@id":"https:\/\/www.upjs.sk\/prirodovedecka-fakulta\/#website"},"datePublished":"2008-10-10T14:38:57+00:00","dateModified":"2022-10-26T08:14:45+00:00","breadcrumb":{"@id":"https:\/\/www.upjs.sk\/prirodovedecka-fakulta\/nezobrazene\/verejnost-a-media\/verejnost-a-media\/fotogaleria\/#breadcrumb"},"inLanguage":"sk-SK","potentialAction":[{"@type":"ReadAction","target":["https:\/\/www.upjs.sk\/prirodovedecka-fakulta\/nezobrazene\/verejnost-a-media\/verejnost-a-media\/fotogaleria\/"]}]},{"@type":"BreadcrumbList","@id":"https:\/\/www.upjs.sk\/prirodovedecka-fakulta\/nezobrazene\/verejnost-a-media\/verejnost-a-media\/fotogaleria\/#breadcrumb","itemListElement":[{"@type":"ListItem","position":1,"name":"Home","item":"https:\/\/www.upjs.sk\/prirodovedecka-fakulta\/"},{"@type":"ListItem","position":2,"name":"Verejnos\u0165 a m\u00e9di\u00e1","item":"https:\/\/www.upjs.sk\/prirodovedecka-fakulta\/?page_id=13559"},{"@type":"ListItem","position":3,"name":"Verejnos\u0165 a m\u00e9dia","item":"https:\/\/www.upjs.sk\/prirodovedecka-fakulta\/verejnost-a-media\/verejnost-a-media\/"},{"@type":"ListItem","position":4,"name":"Fotogal\u00e9ria"}]},{"@type":"WebSite","@id":"https:\/\/www.upjs.sk\/prirodovedecka-fakulta\/#website","url":"https:\/\/www.upjs.sk\/prirodovedecka-fakulta\/","name":"Pr\u00edrodovedeck\u00e1 fakulta | UPJ\u0160","description":"","publisher":{"@id":"https:\/\/www.upjs.sk\/prirodovedecka-fakulta\/#organization"},"potentialAction":[{"@type":"SearchAction","target":{"@type":"EntryPoint","urlTemplate":"https:\/\/www.upjs.sk\/prirodovedecka-fakulta\/?s={search_term_string}"},"query-input":{"@type":"PropertyValueSpecification","valueRequired":true,"valueName":"search_term_string"}}],"inLanguage":"sk-SK"},{"@type":"Organization","@id":"https:\/\/www.upjs.sk\/prirodovedecka-fakulta\/#organization","name":"Pr\u00edrodovedeck\u00e1 fakulta | UPJ\u0160","url":"https:\/\/www.upjs.sk\/prirodovedecka-fakulta\/","logo":{"@type":"ImageObject","inLanguage":"sk-SK","@id":"https:\/\/www.upjs.sk\/prirodovedecka-fakulta\/#\/schema\/logo\/image\/","url":"https:\/\/www.upjs.sk\/app\/uploads\/sites\/10\/2022\/09\/logo-prirodovedecka-fakulta.png","contentUrl":"https:\/\/www.upjs.sk\/app\/uploads\/sites\/10\/2022\/09\/logo-prirodovedecka-fakulta.png","width":415,"height":87,"caption":"Pr\u00edrodovedeck\u00e1 fakulta | UPJ\u0160"},"image":{"@id":"https:\/\/www.upjs.sk\/prirodovedecka-fakulta\/#\/schema\/logo\/image\/"}}]}},"_links":{"self":[{"href":"https:\/\/www.upjs.sk\/prirodovedecka-fakulta\/wp-json\/wp\/v2\/pages\/15357","targetHints":{"allow":["GET"]}}],"collection":[{"href":"https:\/\/www.upjs.sk\/prirodovedecka-fakulta\/wp-json\/wp\/v2\/pages"}],"about":[{"href":"https:\/\/www.upjs.sk\/prirodovedecka-fakulta\/wp-json\/wp\/v2\/types\/page"}],"author":[{"embeddable":true,"href":"https:\/\/www.upjs.sk\/prirodovedecka-fakulta\/wp-json\/wp\/v2\/users\/1"}],"replies":[{"embeddable":true,"href":"https:\/\/www.upjs.sk\/prirodovedecka-fakulta\/wp-json\/wp\/v2\/comments?post=15357"}],"version-history":[{"count":1,"href":"https:\/\/www.upjs.sk\/prirodovedecka-fakulta\/wp-json\/wp\/v2\/pages\/15357\/revisions"}],"predecessor-version":[{"id":19571,"href":"https:\/\/www.upjs.sk\/prirodovedecka-fakulta\/wp-json\/wp\/v2\/pages\/15357\/revisions\/19571"}],"up":[{"embeddable":true,"href":"https:\/\/www.upjs.sk\/prirodovedecka-fakulta\/wp-json\/wp\/v2\/pages\/13561"}],"wp:attachment":[{"href":"https:\/\/www.upjs.sk\/prirodovedecka-fakulta\/wp-json\/wp\/v2\/media?parent=15357"}],"wp:term":[{"taxonomy":"category","embeddable":true,"href":"https:\/\/www.upjs.sk\/prirodovedecka-fakulta\/wp-json\/wp\/v2\/categories?post=15357"},{"taxonomy":"post_tag","embeddable":true,"href":"https:\/\/www.upjs.sk\/prirodovedecka-fakulta\/wp-json\/wp\/v2\/tags?post=15357"}],"curies":[{"name":"wp","href":"https:\/\/api.w.org\/{rel}","templated":true}]}}