{"id":17197,"date":"2012-06-07T14:10:10","date_gmt":"2012-06-07T14:10:10","guid":{"rendered":"https:\/\/www.upjs.sk\/prirodovedecka-fakulta\/absolventi\/as\/archiv\/"},"modified":"2022-11-13T21:46:17","modified_gmt":"2022-11-13T20:46:17","slug":"archiv","status":"publish","type":"page","link":"https:\/\/www.upjs.sk\/prirodovedecka-fakulta\/absolventi\/as\/archiv\/","title":{"rendered":"ALUMNI SPACE &#8211; arch\u00edv"},"content":{"rendered":"<h3> \t<a href=\"\/prirodovedecka-fakulta\/absolventi\/as\/archiv\/as-04062012\/\">4. j\u00fan 2012<\/a><\/h3>\n<p> \t<strong>\u2666 Pozvan\u00ed absolventi: <\/strong><\/p>\n<ul>\n<li> \t\t<a href=\"\/prirodovedecka-fakulta\/fakulta\/hostia-jo\/\"><strong>RNDr. Jozef Ond\u00e1\u0161, CSc., MBA<\/strong> <\/a>\u2013 Partner and Senior consultant, Management Skill Base, s.r.o., b\u00fdval\u00fd gener\u00e1lny riadite\u013e spolo\u010dnosti T-Systems Slovakia, absolvent \u0161tudijn\u00e9ho odboru <strong>Matematika, r. 1974<\/strong><\/li>\n<li> \t\t<a href=\"\/prirodovedecka-fakulta\/fakulta\/hostia-mz\/\"><strong>RNDr. Miron Zelina , CSc.<\/strong><\/a><strong> \u2013 <\/strong>riadite\u013e odboru Treasury, PRIVAT Banka , absolvent \u0161tudijn\u00e9ho odboru <strong>Teoretick\u00e1 kybernetika, matematick\u00e1 informatika a te\u00f3ria syst\u00e9mov, r. 1990<\/strong><\/li>\n<li> \t\t<a href=\"\/prirodovedecka-fakulta\/fakulta\/hostia-md\/\"><strong>RNDr. Michal Danil\u00e1k<\/strong><\/a><strong><a href=\"\/prirodovedecka-fakulta\/fakulta\/hostia-md\/\"> <\/a>\u2013 <\/strong>v\u00fdkonn\u00fd riadite\u013e spolo\u010dnosti LYNX, s.r.o., absolvent \u0161tudijn\u00e9ho odboru <strong>Biofyzika a chemick\u00e1 fyzika, r. 1984<\/strong><\/li>\n<li> \t\t<a href=\"\/prirodovedecka-fakulta\/fakulta\/hostia-mdv\/\"><strong>Mgr. Mari\u00e1n Dvorsk\u00fd<\/strong><\/a><strong> \u2013 <\/strong>softv\u00e9rov\u00fd in\u017einier spolo\u010dnosti GOOGLE, Silicon Valley USA, absolvent \u0161tudijn\u00e9ho odboru <strong>Informatika, r. 2006 <\/strong>(ON LINE videokonferen\u010dne)<\/li>\n<\/ul>\n<p> \t<strong>\u2666 <a href=\"\/prirodovedecka-fakulta\/absolventi\/as\/archiv\/as-04062012\/\">Videoz\u00e1znamy<\/a><\/strong><\/p>\n","protected":false},"excerpt":{"rendered":"<p>4. j\u00fan 2012 \u2666 Pozvan\u00ed absolventi: RNDr. Jozef Ond\u00e1\u0161, CSc., MBA \u2013 Partner and Senior consultant, Management Skill Base, s.r.o., b\u00fdval\u00fd gener\u00e1lny riadite\u013e spolo\u010dnosti T-Systems Slovakia, absolvent \u0161tudijn\u00e9ho odboru Matematika, r. 1974 RNDr. Miron Zelina , CSc. \u2013 riadite\u013e odboru Treasury, PRIVAT Banka , absolvent \u0161tudijn\u00e9ho odboru Teoretick\u00e1 kybernetika, matematick\u00e1 informatika a te\u00f3ria syst\u00e9mov, r. &hellip; <a href=\"https:\/\/www.upjs.sk\/prirodovedecka-fakulta\/absolventi\/as\/archiv\/\">\u010c\u00edta\u0165 \u010falej<\/a><\/p>\n","protected":false},"author":1,"featured_media":0,"parent":13020,"menu_order":8,"comment_status":"closed","ping_status":"closed","template":"","meta":{"_acf_changed":false,"_editorskit_title_hidden":false,"_editorskit_reading_time":0,"_editorskit_is_block_options_detached":false,"_editorskit_block_options_position":"{}","footnotes":""},"categories":[],"tags":[],"class_list":["post-17197","page","type-page","status-publish","hentry"],"acf":{"acf_link_na_externy_obsah":""},"yoast_head":"<!-- This site is optimized with the Yoast SEO plugin v27.2 - https:\/\/yoast.com\/product\/yoast-seo-wordpress\/ -->\n<title>ALUMNI SPACE - arch\u00edv - Pr\u00edrodovedeck\u00e1 fakulta | UPJ\u0160<\/title>\n<meta name=\"robots\" content=\"index, follow, max-snippet:-1, max-image-preview:large, max-video-preview:-1\" \/>\n<link rel=\"canonical\" href=\"https:\/\/www.upjs.sk\/prirodovedecka-fakulta\/absolventi\/as\/archiv\/\" \/>\n<meta property=\"og:locale\" content=\"sk_SK\" \/>\n<meta property=\"og:type\" content=\"article\" \/>\n<meta property=\"og:title\" content=\"ALUMNI SPACE - arch\u00edv - Pr\u00edrodovedeck\u00e1 fakulta | UPJ\u0160\" \/>\n<meta property=\"og:description\" content=\"4. j\u00fan 2012 \u2666 Pozvan\u00ed absolventi: RNDr. Jozef Ond\u00e1\u0161, CSc., MBA \u2013 Partner and Senior consultant, Management Skill Base, s.r.o., b\u00fdval\u00fd gener\u00e1lny riadite\u013e spolo\u010dnosti T-Systems Slovakia, absolvent \u0161tudijn\u00e9ho odboru Matematika, r. 1974 RNDr. Miron Zelina , CSc. \u2013 riadite\u013e odboru Treasury, PRIVAT Banka , absolvent \u0161tudijn\u00e9ho odboru Teoretick\u00e1 kybernetika, matematick\u00e1 informatika a te\u00f3ria syst\u00e9mov, r. &hellip; \u010c\u00edta\u0165 \u010falej\" \/>\n<meta property=\"og:url\" content=\"https:\/\/www.upjs.sk\/prirodovedecka-fakulta\/absolventi\/as\/archiv\/\" \/>\n<meta property=\"og:site_name\" content=\"Pr\u00edrodovedeck\u00e1 fakulta | UPJ\u0160\" \/>\n<meta property=\"article:modified_time\" content=\"2022-11-13T20:46:17+00:00\" \/>\n<meta name=\"twitter:card\" content=\"summary_large_image\" \/>\n<meta name=\"twitter:label1\" content=\"Predpokladan\u00fd \u010das \u010d\u00edtania\" \/>\n\t<meta name=\"twitter:data1\" content=\"1 min\u00fata\" \/>\n<script type=\"application\/ld+json\" class=\"yoast-schema-graph\">{\"@context\":\"https:\/\/schema.org\",\"@graph\":[{\"@type\":\"WebPage\",\"@id\":\"https:\/\/www.upjs.sk\/prirodovedecka-fakulta\/absolventi\/as\/archiv\/\",\"url\":\"https:\/\/www.upjs.sk\/prirodovedecka-fakulta\/absolventi\/as\/archiv\/\",\"name\":\"ALUMNI SPACE - arch\u00edv - Pr\u00edrodovedeck\u00e1 fakulta | UPJ\u0160\",\"isPartOf\":{\"@id\":\"https:\/\/www.upjs.sk\/prirodovedecka-fakulta\/#website\"},\"datePublished\":\"2012-06-07T14:10:10+00:00\",\"dateModified\":\"2022-11-13T20:46:17+00:00\",\"breadcrumb\":{\"@id\":\"https:\/\/www.upjs.sk\/prirodovedecka-fakulta\/absolventi\/as\/archiv\/#breadcrumb\"},\"inLanguage\":\"sk-SK\",\"potentialAction\":[{\"@type\":\"ReadAction\",\"target\":[\"https:\/\/www.upjs.sk\/prirodovedecka-fakulta\/absolventi\/as\/archiv\/\"]}]},{\"@type\":\"BreadcrumbList\",\"@id\":\"https:\/\/www.upjs.sk\/prirodovedecka-fakulta\/absolventi\/as\/archiv\/#breadcrumb\",\"itemListElement\":[{\"@type\":\"ListItem\",\"position\":1,\"name\":\"Home\",\"item\":\"https:\/\/www.upjs.sk\/prirodovedecka-fakulta\/\"},{\"@type\":\"ListItem\",\"position\":2,\"name\":\"Inform\u00e1cie pre absolventov\",\"item\":\"https:\/\/www.upjs.sk\/prirodovedecka-fakulta\/?page_id=13007\"},{\"@type\":\"ListItem\",\"position\":3,\"name\":\"ALUMNI SPACE &#8230;.cesta za \u00faspechom\",\"item\":\"https:\/\/www.upjs.sk\/prirodovedecka-fakulta\/absolventi\/as\/\"},{\"@type\":\"ListItem\",\"position\":4,\"name\":\"ALUMNI SPACE &#8211; arch\u00edv\"}]},{\"@type\":\"WebSite\",\"@id\":\"https:\/\/www.upjs.sk\/prirodovedecka-fakulta\/#website\",\"url\":\"https:\/\/www.upjs.sk\/prirodovedecka-fakulta\/\",\"name\":\"Pr\u00edrodovedeck\u00e1 fakulta | UPJ\u0160\",\"description\":\"\",\"publisher\":{\"@id\":\"https:\/\/www.upjs.sk\/prirodovedecka-fakulta\/#organization\"},\"potentialAction\":[{\"@type\":\"SearchAction\",\"target\":{\"@type\":\"EntryPoint\",\"urlTemplate\":\"https:\/\/www.upjs.sk\/prirodovedecka-fakulta\/?s={search_term_string}\"},\"query-input\":{\"@type\":\"PropertyValueSpecification\",\"valueRequired\":true,\"valueName\":\"search_term_string\"}}],\"inLanguage\":\"sk-SK\"},{\"@type\":\"Organization\",\"@id\":\"https:\/\/www.upjs.sk\/prirodovedecka-fakulta\/#organization\",\"name\":\"Pr\u00edrodovedeck\u00e1 fakulta | UPJ\u0160\",\"url\":\"https:\/\/www.upjs.sk\/prirodovedecka-fakulta\/\",\"logo\":{\"@type\":\"ImageObject\",\"inLanguage\":\"sk-SK\",\"@id\":\"https:\/\/www.upjs.sk\/prirodovedecka-fakulta\/#\/schema\/logo\/image\/\",\"url\":\"https:\/\/www.upjs.sk\/app\/uploads\/sites\/10\/2022\/09\/logo-prirodovedecka-fakulta.png\",\"contentUrl\":\"https:\/\/www.upjs.sk\/app\/uploads\/sites\/10\/2022\/09\/logo-prirodovedecka-fakulta.png\",\"width\":415,\"height\":87,\"caption\":\"Pr\u00edrodovedeck\u00e1 fakulta | UPJ\u0160\"},\"image\":{\"@id\":\"https:\/\/www.upjs.sk\/prirodovedecka-fakulta\/#\/schema\/logo\/image\/\"}}]}<\/script>\n<!-- \/ Yoast SEO plugin. -->","yoast_head_json":{"title":"ALUMNI SPACE - arch\u00edv - Pr\u00edrodovedeck\u00e1 fakulta | UPJ\u0160","robots":{"index":"index","follow":"follow","max-snippet":"max-snippet:-1","max-image-preview":"max-image-preview:large","max-video-preview":"max-video-preview:-1"},"canonical":"https:\/\/www.upjs.sk\/prirodovedecka-fakulta\/absolventi\/as\/archiv\/","og_locale":"sk_SK","og_type":"article","og_title":"ALUMNI SPACE - arch\u00edv - Pr\u00edrodovedeck\u00e1 fakulta | UPJ\u0160","og_description":"4. j\u00fan 2012 \u2666 Pozvan\u00ed absolventi: RNDr. Jozef Ond\u00e1\u0161, CSc., MBA \u2013 Partner and Senior consultant, Management Skill Base, s.r.o., b\u00fdval\u00fd gener\u00e1lny riadite\u013e spolo\u010dnosti T-Systems Slovakia, absolvent \u0161tudijn\u00e9ho odboru Matematika, r. 1974 RNDr. Miron Zelina , CSc. \u2013 riadite\u013e odboru Treasury, PRIVAT Banka , absolvent \u0161tudijn\u00e9ho odboru Teoretick\u00e1 kybernetika, matematick\u00e1 informatika a te\u00f3ria syst\u00e9mov, r. &hellip; \u010c\u00edta\u0165 \u010falej","og_url":"https:\/\/www.upjs.sk\/prirodovedecka-fakulta\/absolventi\/as\/archiv\/","og_site_name":"Pr\u00edrodovedeck\u00e1 fakulta | UPJ\u0160","article_modified_time":"2022-11-13T20:46:17+00:00","twitter_card":"summary_large_image","twitter_misc":{"Predpokladan\u00fd \u010das \u010d\u00edtania":"1 min\u00fata"},"schema":{"@context":"https:\/\/schema.org","@graph":[{"@type":"WebPage","@id":"https:\/\/www.upjs.sk\/prirodovedecka-fakulta\/absolventi\/as\/archiv\/","url":"https:\/\/www.upjs.sk\/prirodovedecka-fakulta\/absolventi\/as\/archiv\/","name":"ALUMNI SPACE - arch\u00edv - Pr\u00edrodovedeck\u00e1 fakulta | UPJ\u0160","isPartOf":{"@id":"https:\/\/www.upjs.sk\/prirodovedecka-fakulta\/#website"},"datePublished":"2012-06-07T14:10:10+00:00","dateModified":"2022-11-13T20:46:17+00:00","breadcrumb":{"@id":"https:\/\/www.upjs.sk\/prirodovedecka-fakulta\/absolventi\/as\/archiv\/#breadcrumb"},"inLanguage":"sk-SK","potentialAction":[{"@type":"ReadAction","target":["https:\/\/www.upjs.sk\/prirodovedecka-fakulta\/absolventi\/as\/archiv\/"]}]},{"@type":"BreadcrumbList","@id":"https:\/\/www.upjs.sk\/prirodovedecka-fakulta\/absolventi\/as\/archiv\/#breadcrumb","itemListElement":[{"@type":"ListItem","position":1,"name":"Home","item":"https:\/\/www.upjs.sk\/prirodovedecka-fakulta\/"},{"@type":"ListItem","position":2,"name":"Inform\u00e1cie pre absolventov","item":"https:\/\/www.upjs.sk\/prirodovedecka-fakulta\/?page_id=13007"},{"@type":"ListItem","position":3,"name":"ALUMNI SPACE &#8230;.cesta za \u00faspechom","item":"https:\/\/www.upjs.sk\/prirodovedecka-fakulta\/absolventi\/as\/"},{"@type":"ListItem","position":4,"name":"ALUMNI SPACE &#8211; arch\u00edv"}]},{"@type":"WebSite","@id":"https:\/\/www.upjs.sk\/prirodovedecka-fakulta\/#website","url":"https:\/\/www.upjs.sk\/prirodovedecka-fakulta\/","name":"Pr\u00edrodovedeck\u00e1 fakulta | UPJ\u0160","description":"","publisher":{"@id":"https:\/\/www.upjs.sk\/prirodovedecka-fakulta\/#organization"},"potentialAction":[{"@type":"SearchAction","target":{"@type":"EntryPoint","urlTemplate":"https:\/\/www.upjs.sk\/prirodovedecka-fakulta\/?s={search_term_string}"},"query-input":{"@type":"PropertyValueSpecification","valueRequired":true,"valueName":"search_term_string"}}],"inLanguage":"sk-SK"},{"@type":"Organization","@id":"https:\/\/www.upjs.sk\/prirodovedecka-fakulta\/#organization","name":"Pr\u00edrodovedeck\u00e1 fakulta | UPJ\u0160","url":"https:\/\/www.upjs.sk\/prirodovedecka-fakulta\/","logo":{"@type":"ImageObject","inLanguage":"sk-SK","@id":"https:\/\/www.upjs.sk\/prirodovedecka-fakulta\/#\/schema\/logo\/image\/","url":"https:\/\/www.upjs.sk\/app\/uploads\/sites\/10\/2022\/09\/logo-prirodovedecka-fakulta.png","contentUrl":"https:\/\/www.upjs.sk\/app\/uploads\/sites\/10\/2022\/09\/logo-prirodovedecka-fakulta.png","width":415,"height":87,"caption":"Pr\u00edrodovedeck\u00e1 fakulta | UPJ\u0160"},"image":{"@id":"https:\/\/www.upjs.sk\/prirodovedecka-fakulta\/#\/schema\/logo\/image\/"}}]}},"_links":{"self":[{"href":"https:\/\/www.upjs.sk\/prirodovedecka-fakulta\/wp-json\/wp\/v2\/pages\/17197","targetHints":{"allow":["GET"]}}],"collection":[{"href":"https:\/\/www.upjs.sk\/prirodovedecka-fakulta\/wp-json\/wp\/v2\/pages"}],"about":[{"href":"https:\/\/www.upjs.sk\/prirodovedecka-fakulta\/wp-json\/wp\/v2\/types\/page"}],"author":[{"embeddable":true,"href":"https:\/\/www.upjs.sk\/prirodovedecka-fakulta\/wp-json\/wp\/v2\/users\/1"}],"replies":[{"embeddable":true,"href":"https:\/\/www.upjs.sk\/prirodovedecka-fakulta\/wp-json\/wp\/v2\/comments?post=17197"}],"version-history":[{"count":2,"href":"https:\/\/www.upjs.sk\/prirodovedecka-fakulta\/wp-json\/wp\/v2\/pages\/17197\/revisions"}],"predecessor-version":[{"id":46294,"href":"https:\/\/www.upjs.sk\/prirodovedecka-fakulta\/wp-json\/wp\/v2\/pages\/17197\/revisions\/46294"}],"up":[{"embeddable":true,"href":"https:\/\/www.upjs.sk\/prirodovedecka-fakulta\/wp-json\/wp\/v2\/pages\/13020"}],"wp:attachment":[{"href":"https:\/\/www.upjs.sk\/prirodovedecka-fakulta\/wp-json\/wp\/v2\/media?parent=17197"}],"wp:term":[{"taxonomy":"category","embeddable":true,"href":"https:\/\/www.upjs.sk\/prirodovedecka-fakulta\/wp-json\/wp\/v2\/categories?post=17197"},{"taxonomy":"post_tag","embeddable":true,"href":"https:\/\/www.upjs.sk\/prirodovedecka-fakulta\/wp-json\/wp\/v2\/tags?post=17197"}],"curies":[{"name":"wp","href":"https:\/\/api.w.org\/{rel}","templated":true}]}}