{"id":17235,"date":"2013-10-18T10:57:33","date_gmt":"2013-10-18T10:57:33","guid":{"rendered":"https:\/\/www.upjs.sk\/prirodovedecka-fakulta\/aktivity-stredne-skoly\/ziaci-ucitelia\/"},"modified":"2023-09-21T14:39:45","modified_gmt":"2023-09-21T13:39:45","slug":"ziaci-ucitelia","status":"publish","type":"page","link":"https:\/\/www.upjs.sk\/prirodovedecka-fakulta\/rozvoj\/aktivity-stredne-skoly\/ziaci-ucitelia\/","title":{"rendered":"Aktivity pre \u017eiakov a u\u010dite\u013eov"},"content":{"rendered":"<ul>\n<li> \t\t<a href=\"\/prirodovedecka-fakulta\/aktivity-stredne-skoly\/ziaci-ucitelia\/prednasky-odbornikov\/\">Predn\u00e1\u0161ky odborn\u00edkov v oblasti pr\u00edrodn\u00fdch vied, matematiky a&nbsp;informatiky<\/a><\/li>\n<li> \t\t<a href=\"\/prirodovedecka-fakulta\/aktivity-stredne-skoly\/predpoludnia-na-pfupjs\/\">Stretnutia s ko\u0161ick\u00fdmi \u0161kolami na p\u00f4de PF UPJ\u0160: Predpoludnia s pr\u00edrodn\u00fdmi vedami<\/a><\/li>\n<li> \t\t<a href=\"https:\/\/www.upjs.sk\/prirodovedecka-fakulta\/aktivity-stredne-skoly\/predpoludnia-na-ss\/\">Stretnutia ma stredn\u00fdch \u0161kol\u00e1ch: Predpoludnia s fyzikou, matematikou a informatikou<\/a><\/li>\n<li> \t\t<a href=\"https:\/\/www.upjs.sk\/prirodovedecka-fakulta\/9190\">Projekt pre stredn\u00e9 \u0161koly: Otvoren\u00e9 laborat\u00f3ri\u00e1 &#8211; fyzika, ch\u00e9mia, biol\u00f3gia, geografia<\/a><\/li>\n<li> \t\t<a href=\"https:\/\/www.upjs.sk\/prirodovedecka-fakulta\/7024\">Populariza\u010dn\u00e9 predn\u00e1\u0161ky v r\u00e1mci projektu <strong>&#8222;<\/strong><span style=\"color: rgb(0,51,0)\">Modern\u00e9 a interakt\u00edvne vzdel\u00e1vanie na UPJ\u0160<\/span><strong>&#8222;<\/strong><\/a><\/li>\n<\/ul>\n","protected":false},"excerpt":{"rendered":"<p>Predn\u00e1\u0161ky odborn\u00edkov v oblasti pr\u00edrodn\u00fdch vied, matematiky a&nbsp;informatiky Stretnutia s ko\u0161ick\u00fdmi \u0161kolami na p\u00f4de PF UPJ\u0160: Predpoludnia s pr\u00edrodn\u00fdmi vedami Stretnutia ma stredn\u00fdch \u0161kol\u00e1ch: Predpoludnia s fyzikou, matematikou a informatikou Projekt pre stredn\u00e9 \u0161koly: Otvoren\u00e9 laborat\u00f3ri\u00e1 &#8211; fyzika, ch\u00e9mia, biol\u00f3gia, geografia Populariza\u010dn\u00e9 predn\u00e1\u0161ky v r\u00e1mci projektu &#8222;Modern\u00e9 a interakt\u00edvne vzdel\u00e1vanie na UPJ\u0160&#8222;<\/p>\n","protected":false},"author":1,"featured_media":0,"parent":13080,"menu_order":2,"comment_status":"closed","ping_status":"closed","template":"","meta":{"_acf_changed":false,"_editorskit_title_hidden":false,"_editorskit_reading_time":0,"_editorskit_is_block_options_detached":false,"_editorskit_block_options_position":"{}","footnotes":""},"categories":[],"tags":[],"class_list":["post-17235","page","type-page","status-publish","hentry"],"acf":{"acf_link_na_externy_obsah":""},"yoast_head":"<!-- This site is optimized with the Yoast SEO plugin v27.4 - https:\/\/yoast.com\/product\/yoast-seo-wordpress\/ -->\n<title>Aktivity pre \u017eiakov a u\u010dite\u013eov - Pr\u00edrodovedeck\u00e1 fakulta | UPJ\u0160<\/title>\n<meta name=\"robots\" content=\"index, follow, max-snippet:-1, max-image-preview:large, max-video-preview:-1\" \/>\n<link rel=\"canonical\" href=\"https:\/\/www.upjs.sk\/prirodovedecka-fakulta\/rozvoj\/aktivity-stredne-skoly\/ziaci-ucitelia\/\" \/>\n<meta property=\"og:locale\" content=\"sk_SK\" \/>\n<meta property=\"og:type\" content=\"article\" \/>\n<meta property=\"og:title\" content=\"Aktivity pre \u017eiakov a u\u010dite\u013eov - Pr\u00edrodovedeck\u00e1 fakulta | UPJ\u0160\" \/>\n<meta property=\"og:description\" content=\"Predn\u00e1\u0161ky odborn\u00edkov v oblasti pr\u00edrodn\u00fdch vied, matematiky a&nbsp;informatiky Stretnutia s ko\u0161ick\u00fdmi \u0161kolami na p\u00f4de PF UPJ\u0160: Predpoludnia s pr\u00edrodn\u00fdmi vedami Stretnutia ma stredn\u00fdch \u0161kol\u00e1ch: Predpoludnia s fyzikou, matematikou a informatikou Projekt pre stredn\u00e9 \u0161koly: Otvoren\u00e9 laborat\u00f3ri\u00e1 &#8211; fyzika, ch\u00e9mia, biol\u00f3gia, geografia Populariza\u010dn\u00e9 predn\u00e1\u0161ky v r\u00e1mci projektu &#8222;Modern\u00e9 a interakt\u00edvne vzdel\u00e1vanie na UPJ\u0160&#8222;\" \/>\n<meta property=\"og:url\" content=\"https:\/\/www.upjs.sk\/prirodovedecka-fakulta\/rozvoj\/aktivity-stredne-skoly\/ziaci-ucitelia\/\" \/>\n<meta property=\"og:site_name\" content=\"Pr\u00edrodovedeck\u00e1 fakulta | UPJ\u0160\" \/>\n<meta property=\"article:modified_time\" content=\"2023-09-21T13:39:45+00:00\" \/>\n<meta name=\"twitter:card\" content=\"summary_large_image\" \/>\n<meta name=\"twitter:label1\" content=\"Predpokladan\u00fd \u010das \u010d\u00edtania\" \/>\n\t<meta name=\"twitter:data1\" content=\"1 min\u00fata\" \/>\n<script type=\"application\/ld+json\" class=\"yoast-schema-graph\">{\"@context\":\"https:\\\/\\\/schema.org\",\"@graph\":[{\"@type\":\"WebPage\",\"@id\":\"https:\\\/\\\/www.upjs.sk\\\/prirodovedecka-fakulta\\\/rozvoj\\\/aktivity-stredne-skoly\\\/ziaci-ucitelia\\\/\",\"url\":\"https:\\\/\\\/www.upjs.sk\\\/prirodovedecka-fakulta\\\/rozvoj\\\/aktivity-stredne-skoly\\\/ziaci-ucitelia\\\/\",\"name\":\"Aktivity pre \u017eiakov a u\u010dite\u013eov - Pr\u00edrodovedeck\u00e1 fakulta | UPJ\u0160\",\"isPartOf\":{\"@id\":\"https:\\\/\\\/www.upjs.sk\\\/prirodovedecka-fakulta\\\/#website\"},\"datePublished\":\"2013-10-18T10:57:33+00:00\",\"dateModified\":\"2023-09-21T13:39:45+00:00\",\"breadcrumb\":{\"@id\":\"https:\\\/\\\/www.upjs.sk\\\/prirodovedecka-fakulta\\\/rozvoj\\\/aktivity-stredne-skoly\\\/ziaci-ucitelia\\\/#breadcrumb\"},\"inLanguage\":\"sk-SK\",\"potentialAction\":[{\"@type\":\"ReadAction\",\"target\":[\"https:\\\/\\\/www.upjs.sk\\\/prirodovedecka-fakulta\\\/rozvoj\\\/aktivity-stredne-skoly\\\/ziaci-ucitelia\\\/\"]}]},{\"@type\":\"BreadcrumbList\",\"@id\":\"https:\\\/\\\/www.upjs.sk\\\/prirodovedecka-fakulta\\\/rozvoj\\\/aktivity-stredne-skoly\\\/ziaci-ucitelia\\\/#breadcrumb\",\"itemListElement\":[{\"@type\":\"ListItem\",\"position\":1,\"name\":\"Home\",\"item\":\"https:\\\/\\\/www.upjs.sk\\\/prirodovedecka-fakulta\\\/\"},{\"@type\":\"ListItem\",\"position\":2,\"name\":\"Rozvoj\",\"item\":\"https:\\\/\\\/www.upjs.sk\\\/prirodovedecka-fakulta\\\/rozvoj\\\/\"},{\"@type\":\"ListItem\",\"position\":3,\"name\":\"Aktivity pre stredn\u00e9 \u0161koly\",\"item\":\"https:\\\/\\\/www.upjs.sk\\\/prirodovedecka-fakulta\\\/rozvoj\\\/aktivity-stredne-skoly\\\/\"},{\"@type\":\"ListItem\",\"position\":4,\"name\":\"Aktivity pre \u017eiakov a u\u010dite\u013eov\"}]},{\"@type\":\"WebSite\",\"@id\":\"https:\\\/\\\/www.upjs.sk\\\/prirodovedecka-fakulta\\\/#website\",\"url\":\"https:\\\/\\\/www.upjs.sk\\\/prirodovedecka-fakulta\\\/\",\"name\":\"Pr\u00edrodovedeck\u00e1 fakulta | UPJ\u0160\",\"description\":\"\",\"publisher\":{\"@id\":\"https:\\\/\\\/www.upjs.sk\\\/prirodovedecka-fakulta\\\/#organization\"},\"potentialAction\":[{\"@type\":\"SearchAction\",\"target\":{\"@type\":\"EntryPoint\",\"urlTemplate\":\"https:\\\/\\\/www.upjs.sk\\\/prirodovedecka-fakulta\\\/?s={search_term_string}\"},\"query-input\":{\"@type\":\"PropertyValueSpecification\",\"valueRequired\":true,\"valueName\":\"search_term_string\"}}],\"inLanguage\":\"sk-SK\"},{\"@type\":\"Organization\",\"@id\":\"https:\\\/\\\/www.upjs.sk\\\/prirodovedecka-fakulta\\\/#organization\",\"name\":\"Pr\u00edrodovedeck\u00e1 fakulta | UPJ\u0160\",\"url\":\"https:\\\/\\\/www.upjs.sk\\\/prirodovedecka-fakulta\\\/\",\"logo\":{\"@type\":\"ImageObject\",\"inLanguage\":\"sk-SK\",\"@id\":\"https:\\\/\\\/www.upjs.sk\\\/prirodovedecka-fakulta\\\/#\\\/schema\\\/logo\\\/image\\\/\",\"url\":\"https:\\\/\\\/www.upjs.sk\\\/app\\\/uploads\\\/sites\\\/10\\\/2022\\\/09\\\/logo-prirodovedecka-fakulta.png\",\"contentUrl\":\"https:\\\/\\\/www.upjs.sk\\\/app\\\/uploads\\\/sites\\\/10\\\/2022\\\/09\\\/logo-prirodovedecka-fakulta.png\",\"width\":415,\"height\":87,\"caption\":\"Pr\u00edrodovedeck\u00e1 fakulta | UPJ\u0160\"},\"image\":{\"@id\":\"https:\\\/\\\/www.upjs.sk\\\/prirodovedecka-fakulta\\\/#\\\/schema\\\/logo\\\/image\\\/\"}}]}<\/script>\n<!-- \/ Yoast SEO plugin. -->","yoast_head_json":{"title":"Aktivity pre \u017eiakov a u\u010dite\u013eov - Pr\u00edrodovedeck\u00e1 fakulta | UPJ\u0160","robots":{"index":"index","follow":"follow","max-snippet":"max-snippet:-1","max-image-preview":"max-image-preview:large","max-video-preview":"max-video-preview:-1"},"canonical":"https:\/\/www.upjs.sk\/prirodovedecka-fakulta\/rozvoj\/aktivity-stredne-skoly\/ziaci-ucitelia\/","og_locale":"sk_SK","og_type":"article","og_title":"Aktivity pre \u017eiakov a u\u010dite\u013eov - Pr\u00edrodovedeck\u00e1 fakulta | UPJ\u0160","og_description":"Predn\u00e1\u0161ky odborn\u00edkov v oblasti pr\u00edrodn\u00fdch vied, matematiky a&nbsp;informatiky Stretnutia s ko\u0161ick\u00fdmi \u0161kolami na p\u00f4de PF UPJ\u0160: Predpoludnia s pr\u00edrodn\u00fdmi vedami Stretnutia ma stredn\u00fdch \u0161kol\u00e1ch: Predpoludnia s fyzikou, matematikou a informatikou Projekt pre stredn\u00e9 \u0161koly: Otvoren\u00e9 laborat\u00f3ri\u00e1 &#8211; fyzika, ch\u00e9mia, biol\u00f3gia, geografia Populariza\u010dn\u00e9 predn\u00e1\u0161ky v r\u00e1mci projektu &#8222;Modern\u00e9 a interakt\u00edvne vzdel\u00e1vanie na UPJ\u0160&#8222;","og_url":"https:\/\/www.upjs.sk\/prirodovedecka-fakulta\/rozvoj\/aktivity-stredne-skoly\/ziaci-ucitelia\/","og_site_name":"Pr\u00edrodovedeck\u00e1 fakulta | UPJ\u0160","article_modified_time":"2023-09-21T13:39:45+00:00","twitter_card":"summary_large_image","twitter_misc":{"Predpokladan\u00fd \u010das \u010d\u00edtania":"1 min\u00fata"},"schema":{"@context":"https:\/\/schema.org","@graph":[{"@type":"WebPage","@id":"https:\/\/www.upjs.sk\/prirodovedecka-fakulta\/rozvoj\/aktivity-stredne-skoly\/ziaci-ucitelia\/","url":"https:\/\/www.upjs.sk\/prirodovedecka-fakulta\/rozvoj\/aktivity-stredne-skoly\/ziaci-ucitelia\/","name":"Aktivity pre \u017eiakov a u\u010dite\u013eov - Pr\u00edrodovedeck\u00e1 fakulta | UPJ\u0160","isPartOf":{"@id":"https:\/\/www.upjs.sk\/prirodovedecka-fakulta\/#website"},"datePublished":"2013-10-18T10:57:33+00:00","dateModified":"2023-09-21T13:39:45+00:00","breadcrumb":{"@id":"https:\/\/www.upjs.sk\/prirodovedecka-fakulta\/rozvoj\/aktivity-stredne-skoly\/ziaci-ucitelia\/#breadcrumb"},"inLanguage":"sk-SK","potentialAction":[{"@type":"ReadAction","target":["https:\/\/www.upjs.sk\/prirodovedecka-fakulta\/rozvoj\/aktivity-stredne-skoly\/ziaci-ucitelia\/"]}]},{"@type":"BreadcrumbList","@id":"https:\/\/www.upjs.sk\/prirodovedecka-fakulta\/rozvoj\/aktivity-stredne-skoly\/ziaci-ucitelia\/#breadcrumb","itemListElement":[{"@type":"ListItem","position":1,"name":"Home","item":"https:\/\/www.upjs.sk\/prirodovedecka-fakulta\/"},{"@type":"ListItem","position":2,"name":"Rozvoj","item":"https:\/\/www.upjs.sk\/prirodovedecka-fakulta\/rozvoj\/"},{"@type":"ListItem","position":3,"name":"Aktivity pre stredn\u00e9 \u0161koly","item":"https:\/\/www.upjs.sk\/prirodovedecka-fakulta\/rozvoj\/aktivity-stredne-skoly\/"},{"@type":"ListItem","position":4,"name":"Aktivity pre \u017eiakov a u\u010dite\u013eov"}]},{"@type":"WebSite","@id":"https:\/\/www.upjs.sk\/prirodovedecka-fakulta\/#website","url":"https:\/\/www.upjs.sk\/prirodovedecka-fakulta\/","name":"Pr\u00edrodovedeck\u00e1 fakulta | UPJ\u0160","description":"","publisher":{"@id":"https:\/\/www.upjs.sk\/prirodovedecka-fakulta\/#organization"},"potentialAction":[{"@type":"SearchAction","target":{"@type":"EntryPoint","urlTemplate":"https:\/\/www.upjs.sk\/prirodovedecka-fakulta\/?s={search_term_string}"},"query-input":{"@type":"PropertyValueSpecification","valueRequired":true,"valueName":"search_term_string"}}],"inLanguage":"sk-SK"},{"@type":"Organization","@id":"https:\/\/www.upjs.sk\/prirodovedecka-fakulta\/#organization","name":"Pr\u00edrodovedeck\u00e1 fakulta | UPJ\u0160","url":"https:\/\/www.upjs.sk\/prirodovedecka-fakulta\/","logo":{"@type":"ImageObject","inLanguage":"sk-SK","@id":"https:\/\/www.upjs.sk\/prirodovedecka-fakulta\/#\/schema\/logo\/image\/","url":"https:\/\/www.upjs.sk\/app\/uploads\/sites\/10\/2022\/09\/logo-prirodovedecka-fakulta.png","contentUrl":"https:\/\/www.upjs.sk\/app\/uploads\/sites\/10\/2022\/09\/logo-prirodovedecka-fakulta.png","width":415,"height":87,"caption":"Pr\u00edrodovedeck\u00e1 fakulta | UPJ\u0160"},"image":{"@id":"https:\/\/www.upjs.sk\/prirodovedecka-fakulta\/#\/schema\/logo\/image\/"}}]}},"_links":{"self":[{"href":"https:\/\/www.upjs.sk\/prirodovedecka-fakulta\/wp-json\/wp\/v2\/pages\/17235","targetHints":{"allow":["GET"]}}],"collection":[{"href":"https:\/\/www.upjs.sk\/prirodovedecka-fakulta\/wp-json\/wp\/v2\/pages"}],"about":[{"href":"https:\/\/www.upjs.sk\/prirodovedecka-fakulta\/wp-json\/wp\/v2\/types\/page"}],"author":[{"embeddable":true,"href":"https:\/\/www.upjs.sk\/prirodovedecka-fakulta\/wp-json\/wp\/v2\/users\/1"}],"replies":[{"embeddable":true,"href":"https:\/\/www.upjs.sk\/prirodovedecka-fakulta\/wp-json\/wp\/v2\/comments?post=17235"}],"version-history":[{"count":4,"href":"https:\/\/www.upjs.sk\/prirodovedecka-fakulta\/wp-json\/wp\/v2\/pages\/17235\/revisions"}],"predecessor-version":[{"id":60439,"href":"https:\/\/www.upjs.sk\/prirodovedecka-fakulta\/wp-json\/wp\/v2\/pages\/17235\/revisions\/60439"}],"up":[{"embeddable":true,"href":"https:\/\/www.upjs.sk\/prirodovedecka-fakulta\/wp-json\/wp\/v2\/pages\/13080"}],"wp:attachment":[{"href":"https:\/\/www.upjs.sk\/prirodovedecka-fakulta\/wp-json\/wp\/v2\/media?parent=17235"}],"wp:term":[{"taxonomy":"category","embeddable":true,"href":"https:\/\/www.upjs.sk\/prirodovedecka-fakulta\/wp-json\/wp\/v2\/categories?post=17235"},{"taxonomy":"post_tag","embeddable":true,"href":"https:\/\/www.upjs.sk\/prirodovedecka-fakulta\/wp-json\/wp\/v2\/tags?post=17235"}],"curies":[{"name":"wp","href":"https:\/\/api.w.org\/{rel}","templated":true}]}}