{"id":18205,"date":"2018-06-18T15:12:41","date_gmt":"2018-06-18T15:12:41","guid":{"rendered":"https:\/\/www.upjs.sk\/prirodovedecka-fakulta\/laboratoria\/"},"modified":"2022-11-13T21:49:06","modified_gmt":"2022-11-13T20:49:06","slug":"laboratoria","status":"publish","type":"page","link":"https:\/\/www.upjs.sk\/prirodovedecka-fakulta\/rozvoj\/laboratoria\/","title":{"rendered":"Laborat\u00f3ria a semin\u00e1rne miestnosti"},"content":{"rendered":"<ul>\n<li><a href=\"\/prirodovedecka-fakulta\/laboratoria\/LIDA\"><strong>Laborat<\/strong><strong>\u00f3rium inteligentn\u00fdch d\u00e1tov\u00fdch anal\u00fdz<\/strong><\/a><\/li>\n<li><a href=\"\/prirodovedecka-fakulta\/laboratoria\/GIS\"><strong>Laborat\u00f3rium geografick\u00fdch informa\u010dn\u00fdch syst\u00e9mov<\/strong><\/a><\/li>\n<li><a href=\"\/prirodovedecka-fakulta\/laboratoria\/CIKS\"><strong>V\u00fdvojov\u00e9 laborat\u00f3rium pre informa\u010dn\u00e9 a\u00a0znalostn\u00e9 syst\u00e9my<\/strong><\/a><\/li>\n<li><a href=\"\/prirodovedecka-fakulta\/laboratoria\/mm\"><strong>Multisemin\u00e1rna miestnos\u0165<\/strong><\/a><\/li>\n<li><a href=\"\/prirodovedecka-fakulta\/laboratoria\/PCL\"><strong>Laborat\u00f3rium vn\u00edmania a\u00a0kogn\u00edcie<\/strong><\/a><\/li>\n<li><a href=\"\/prirodovedecka-fakulta\/laboratoria\/HVRL\"><strong>Laborat\u00f3rium haptiky a\u00a0virtu\u00e1lnej reality<\/strong><\/a><\/li>\n<li><a href=\"\/prirodovedecka-fakulta\/laboratoria\/IoT\"><strong>IoT Laborat\u00f3rium<\/strong><\/a><\/li>\n<li><a href=\"\/prirodovedecka-fakulta\/laboratoria\/eZuce\"><strong>Laborat\u00f3rium zjednotenej komunik\u00e1cie a\u00a0videokonferen\u010dn\u00fdch syst\u00e9mov<\/strong><\/a><\/li>\n<li><a href=\"\/prirodovedecka-fakulta\/laboratoria\/CSL\"><strong>Laborat\u00f3rium kybernetickej bezpe\u010dnosti<\/strong><\/a><\/li>\n<li><a href=\"\/prirodovedecka-fakulta\/laboratoria\/gr\"><strong>Guest room<\/strong><\/a><\/li>\n<li><a href=\"\/prirodovedecka-fakulta\/laboratoria\/vc\"><strong>V\u00fdpo\u010dtov\u00fd cloud<\/strong><\/a><\/li>\n<\/ul>\n","protected":false},"excerpt":{"rendered":"<p>Laborat\u00f3rium inteligentn\u00fdch d\u00e1tov\u00fdch anal\u00fdz Laborat\u00f3rium geografick\u00fdch informa\u010dn\u00fdch syst\u00e9mov V\u00fdvojov\u00e9 laborat\u00f3rium pre informa\u010dn\u00e9 a\u00a0znalostn\u00e9 syst\u00e9my Multisemin\u00e1rna miestnos\u0165 Laborat\u00f3rium vn\u00edmania a\u00a0kogn\u00edcie Laborat\u00f3rium haptiky a\u00a0virtu\u00e1lnej reality IoT Laborat\u00f3rium Laborat\u00f3rium zjednotenej komunik\u00e1cie a\u00a0videokonferen\u010dn\u00fdch syst\u00e9mov Laborat\u00f3rium kybernetickej bezpe\u010dnosti Guest room V\u00fdpo\u010dtov\u00fd cloud<\/p>\n","protected":false},"author":1,"featured_media":0,"parent":26484,"menu_order":11,"comment_status":"closed","ping_status":"closed","template":"","meta":{"_acf_changed":false,"_editorskit_title_hidden":false,"_editorskit_reading_time":0,"_editorskit_is_block_options_detached":false,"_editorskit_block_options_position":"{}","footnotes":""},"categories":[],"tags":[],"class_list":["post-18205","page","type-page","status-publish","hentry"],"acf":{"acf_link_na_externy_obsah":""},"yoast_head":"<!-- This site is optimized with the Yoast SEO plugin v27.4 - https:\/\/yoast.com\/product\/yoast-seo-wordpress\/ -->\n<title>Laborat\u00f3ria a semin\u00e1rne miestnosti - Pr\u00edrodovedeck\u00e1 fakulta | UPJ\u0160<\/title>\n<meta name=\"robots\" content=\"index, follow, max-snippet:-1, max-image-preview:large, max-video-preview:-1\" \/>\n<link rel=\"canonical\" href=\"https:\/\/www.upjs.sk\/prirodovedecka-fakulta\/rozvoj\/laboratoria\/\" \/>\n<meta property=\"og:locale\" content=\"sk_SK\" \/>\n<meta property=\"og:type\" content=\"article\" \/>\n<meta property=\"og:title\" content=\"Laborat\u00f3ria a semin\u00e1rne miestnosti - Pr\u00edrodovedeck\u00e1 fakulta | UPJ\u0160\" \/>\n<meta property=\"og:description\" content=\"Laborat\u00f3rium inteligentn\u00fdch d\u00e1tov\u00fdch anal\u00fdz Laborat\u00f3rium geografick\u00fdch informa\u010dn\u00fdch syst\u00e9mov V\u00fdvojov\u00e9 laborat\u00f3rium pre informa\u010dn\u00e9 a\u00a0znalostn\u00e9 syst\u00e9my Multisemin\u00e1rna miestnos\u0165 Laborat\u00f3rium vn\u00edmania a\u00a0kogn\u00edcie Laborat\u00f3rium haptiky a\u00a0virtu\u00e1lnej reality IoT Laborat\u00f3rium Laborat\u00f3rium zjednotenej komunik\u00e1cie a\u00a0videokonferen\u010dn\u00fdch syst\u00e9mov Laborat\u00f3rium kybernetickej bezpe\u010dnosti Guest room V\u00fdpo\u010dtov\u00fd cloud\" \/>\n<meta property=\"og:url\" content=\"https:\/\/www.upjs.sk\/prirodovedecka-fakulta\/rozvoj\/laboratoria\/\" \/>\n<meta property=\"og:site_name\" content=\"Pr\u00edrodovedeck\u00e1 fakulta | UPJ\u0160\" \/>\n<meta property=\"article:modified_time\" content=\"2022-11-13T20:49:06+00:00\" \/>\n<meta name=\"twitter:card\" content=\"summary_large_image\" \/>\n<script type=\"application\/ld+json\" class=\"yoast-schema-graph\">{\"@context\":\"https:\\\/\\\/schema.org\",\"@graph\":[{\"@type\":\"WebPage\",\"@id\":\"https:\\\/\\\/www.upjs.sk\\\/prirodovedecka-fakulta\\\/rozvoj\\\/laboratoria\\\/\",\"url\":\"https:\\\/\\\/www.upjs.sk\\\/prirodovedecka-fakulta\\\/rozvoj\\\/laboratoria\\\/\",\"name\":\"Laborat\u00f3ria a semin\u00e1rne miestnosti - Pr\u00edrodovedeck\u00e1 fakulta | UPJ\u0160\",\"isPartOf\":{\"@id\":\"https:\\\/\\\/www.upjs.sk\\\/prirodovedecka-fakulta\\\/#website\"},\"datePublished\":\"2018-06-18T15:12:41+00:00\",\"dateModified\":\"2022-11-13T20:49:06+00:00\",\"breadcrumb\":{\"@id\":\"https:\\\/\\\/www.upjs.sk\\\/prirodovedecka-fakulta\\\/rozvoj\\\/laboratoria\\\/#breadcrumb\"},\"inLanguage\":\"sk-SK\",\"potentialAction\":[{\"@type\":\"ReadAction\",\"target\":[\"https:\\\/\\\/www.upjs.sk\\\/prirodovedecka-fakulta\\\/rozvoj\\\/laboratoria\\\/\"]}]},{\"@type\":\"BreadcrumbList\",\"@id\":\"https:\\\/\\\/www.upjs.sk\\\/prirodovedecka-fakulta\\\/rozvoj\\\/laboratoria\\\/#breadcrumb\",\"itemListElement\":[{\"@type\":\"ListItem\",\"position\":1,\"name\":\"Home\",\"item\":\"https:\\\/\\\/www.upjs.sk\\\/prirodovedecka-fakulta\\\/\"},{\"@type\":\"ListItem\",\"position\":2,\"name\":\"Rozvoj\",\"item\":\"https:\\\/\\\/www.upjs.sk\\\/prirodovedecka-fakulta\\\/rozvoj\\\/\"},{\"@type\":\"ListItem\",\"position\":3,\"name\":\"Laborat\u00f3ria a semin\u00e1rne miestnosti\"}]},{\"@type\":\"WebSite\",\"@id\":\"https:\\\/\\\/www.upjs.sk\\\/prirodovedecka-fakulta\\\/#website\",\"url\":\"https:\\\/\\\/www.upjs.sk\\\/prirodovedecka-fakulta\\\/\",\"name\":\"Pr\u00edrodovedeck\u00e1 fakulta | UPJ\u0160\",\"description\":\"\",\"publisher\":{\"@id\":\"https:\\\/\\\/www.upjs.sk\\\/prirodovedecka-fakulta\\\/#organization\"},\"potentialAction\":[{\"@type\":\"SearchAction\",\"target\":{\"@type\":\"EntryPoint\",\"urlTemplate\":\"https:\\\/\\\/www.upjs.sk\\\/prirodovedecka-fakulta\\\/?s={search_term_string}\"},\"query-input\":{\"@type\":\"PropertyValueSpecification\",\"valueRequired\":true,\"valueName\":\"search_term_string\"}}],\"inLanguage\":\"sk-SK\"},{\"@type\":\"Organization\",\"@id\":\"https:\\\/\\\/www.upjs.sk\\\/prirodovedecka-fakulta\\\/#organization\",\"name\":\"Pr\u00edrodovedeck\u00e1 fakulta | UPJ\u0160\",\"url\":\"https:\\\/\\\/www.upjs.sk\\\/prirodovedecka-fakulta\\\/\",\"logo\":{\"@type\":\"ImageObject\",\"inLanguage\":\"sk-SK\",\"@id\":\"https:\\\/\\\/www.upjs.sk\\\/prirodovedecka-fakulta\\\/#\\\/schema\\\/logo\\\/image\\\/\",\"url\":\"https:\\\/\\\/www.upjs.sk\\\/app\\\/uploads\\\/sites\\\/10\\\/2022\\\/09\\\/logo-prirodovedecka-fakulta.png\",\"contentUrl\":\"https:\\\/\\\/www.upjs.sk\\\/app\\\/uploads\\\/sites\\\/10\\\/2022\\\/09\\\/logo-prirodovedecka-fakulta.png\",\"width\":415,\"height\":87,\"caption\":\"Pr\u00edrodovedeck\u00e1 fakulta | UPJ\u0160\"},\"image\":{\"@id\":\"https:\\\/\\\/www.upjs.sk\\\/prirodovedecka-fakulta\\\/#\\\/schema\\\/logo\\\/image\\\/\"}}]}<\/script>\n<!-- \/ Yoast SEO plugin. -->","yoast_head_json":{"title":"Laborat\u00f3ria a semin\u00e1rne miestnosti - Pr\u00edrodovedeck\u00e1 fakulta | UPJ\u0160","robots":{"index":"index","follow":"follow","max-snippet":"max-snippet:-1","max-image-preview":"max-image-preview:large","max-video-preview":"max-video-preview:-1"},"canonical":"https:\/\/www.upjs.sk\/prirodovedecka-fakulta\/rozvoj\/laboratoria\/","og_locale":"sk_SK","og_type":"article","og_title":"Laborat\u00f3ria a semin\u00e1rne miestnosti - Pr\u00edrodovedeck\u00e1 fakulta | UPJ\u0160","og_description":"Laborat\u00f3rium inteligentn\u00fdch d\u00e1tov\u00fdch anal\u00fdz Laborat\u00f3rium geografick\u00fdch informa\u010dn\u00fdch syst\u00e9mov V\u00fdvojov\u00e9 laborat\u00f3rium pre informa\u010dn\u00e9 a\u00a0znalostn\u00e9 syst\u00e9my Multisemin\u00e1rna miestnos\u0165 Laborat\u00f3rium vn\u00edmania a\u00a0kogn\u00edcie Laborat\u00f3rium haptiky a\u00a0virtu\u00e1lnej reality IoT Laborat\u00f3rium Laborat\u00f3rium zjednotenej komunik\u00e1cie a\u00a0videokonferen\u010dn\u00fdch syst\u00e9mov Laborat\u00f3rium kybernetickej bezpe\u010dnosti Guest room V\u00fdpo\u010dtov\u00fd cloud","og_url":"https:\/\/www.upjs.sk\/prirodovedecka-fakulta\/rozvoj\/laboratoria\/","og_site_name":"Pr\u00edrodovedeck\u00e1 fakulta | UPJ\u0160","article_modified_time":"2022-11-13T20:49:06+00:00","twitter_card":"summary_large_image","schema":{"@context":"https:\/\/schema.org","@graph":[{"@type":"WebPage","@id":"https:\/\/www.upjs.sk\/prirodovedecka-fakulta\/rozvoj\/laboratoria\/","url":"https:\/\/www.upjs.sk\/prirodovedecka-fakulta\/rozvoj\/laboratoria\/","name":"Laborat\u00f3ria a semin\u00e1rne miestnosti - Pr\u00edrodovedeck\u00e1 fakulta | UPJ\u0160","isPartOf":{"@id":"https:\/\/www.upjs.sk\/prirodovedecka-fakulta\/#website"},"datePublished":"2018-06-18T15:12:41+00:00","dateModified":"2022-11-13T20:49:06+00:00","breadcrumb":{"@id":"https:\/\/www.upjs.sk\/prirodovedecka-fakulta\/rozvoj\/laboratoria\/#breadcrumb"},"inLanguage":"sk-SK","potentialAction":[{"@type":"ReadAction","target":["https:\/\/www.upjs.sk\/prirodovedecka-fakulta\/rozvoj\/laboratoria\/"]}]},{"@type":"BreadcrumbList","@id":"https:\/\/www.upjs.sk\/prirodovedecka-fakulta\/rozvoj\/laboratoria\/#breadcrumb","itemListElement":[{"@type":"ListItem","position":1,"name":"Home","item":"https:\/\/www.upjs.sk\/prirodovedecka-fakulta\/"},{"@type":"ListItem","position":2,"name":"Rozvoj","item":"https:\/\/www.upjs.sk\/prirodovedecka-fakulta\/rozvoj\/"},{"@type":"ListItem","position":3,"name":"Laborat\u00f3ria a semin\u00e1rne miestnosti"}]},{"@type":"WebSite","@id":"https:\/\/www.upjs.sk\/prirodovedecka-fakulta\/#website","url":"https:\/\/www.upjs.sk\/prirodovedecka-fakulta\/","name":"Pr\u00edrodovedeck\u00e1 fakulta | UPJ\u0160","description":"","publisher":{"@id":"https:\/\/www.upjs.sk\/prirodovedecka-fakulta\/#organization"},"potentialAction":[{"@type":"SearchAction","target":{"@type":"EntryPoint","urlTemplate":"https:\/\/www.upjs.sk\/prirodovedecka-fakulta\/?s={search_term_string}"},"query-input":{"@type":"PropertyValueSpecification","valueRequired":true,"valueName":"search_term_string"}}],"inLanguage":"sk-SK"},{"@type":"Organization","@id":"https:\/\/www.upjs.sk\/prirodovedecka-fakulta\/#organization","name":"Pr\u00edrodovedeck\u00e1 fakulta | UPJ\u0160","url":"https:\/\/www.upjs.sk\/prirodovedecka-fakulta\/","logo":{"@type":"ImageObject","inLanguage":"sk-SK","@id":"https:\/\/www.upjs.sk\/prirodovedecka-fakulta\/#\/schema\/logo\/image\/","url":"https:\/\/www.upjs.sk\/app\/uploads\/sites\/10\/2022\/09\/logo-prirodovedecka-fakulta.png","contentUrl":"https:\/\/www.upjs.sk\/app\/uploads\/sites\/10\/2022\/09\/logo-prirodovedecka-fakulta.png","width":415,"height":87,"caption":"Pr\u00edrodovedeck\u00e1 fakulta | UPJ\u0160"},"image":{"@id":"https:\/\/www.upjs.sk\/prirodovedecka-fakulta\/#\/schema\/logo\/image\/"}}]}},"_links":{"self":[{"href":"https:\/\/www.upjs.sk\/prirodovedecka-fakulta\/wp-json\/wp\/v2\/pages\/18205","targetHints":{"allow":["GET"]}}],"collection":[{"href":"https:\/\/www.upjs.sk\/prirodovedecka-fakulta\/wp-json\/wp\/v2\/pages"}],"about":[{"href":"https:\/\/www.upjs.sk\/prirodovedecka-fakulta\/wp-json\/wp\/v2\/types\/page"}],"author":[{"embeddable":true,"href":"https:\/\/www.upjs.sk\/prirodovedecka-fakulta\/wp-json\/wp\/v2\/users\/1"}],"replies":[{"embeddable":true,"href":"https:\/\/www.upjs.sk\/prirodovedecka-fakulta\/wp-json\/wp\/v2\/comments?post=18205"}],"version-history":[{"count":2,"href":"https:\/\/www.upjs.sk\/prirodovedecka-fakulta\/wp-json\/wp\/v2\/pages\/18205\/revisions"}],"predecessor-version":[{"id":46382,"href":"https:\/\/www.upjs.sk\/prirodovedecka-fakulta\/wp-json\/wp\/v2\/pages\/18205\/revisions\/46382"}],"up":[{"embeddable":true,"href":"https:\/\/www.upjs.sk\/prirodovedecka-fakulta\/wp-json\/wp\/v2\/pages\/26484"}],"wp:attachment":[{"href":"https:\/\/www.upjs.sk\/prirodovedecka-fakulta\/wp-json\/wp\/v2\/media?parent=18205"}],"wp:term":[{"taxonomy":"category","embeddable":true,"href":"https:\/\/www.upjs.sk\/prirodovedecka-fakulta\/wp-json\/wp\/v2\/categories?post=18205"},{"taxonomy":"post_tag","embeddable":true,"href":"https:\/\/www.upjs.sk\/prirodovedecka-fakulta\/wp-json\/wp\/v2\/tags?post=18205"}],"curies":[{"name":"wp","href":"https:\/\/api.w.org\/{rel}","templated":true}]}}