{"id":18209,"date":"2018-08-28T12:20:17","date_gmt":"2018-08-28T12:20:17","guid":{"rendered":"https:\/\/www.upjs.sk\/prirodovedecka-fakulta\/laboratoria\/gis\/"},"modified":"2022-11-13T21:49:07","modified_gmt":"2022-11-13T20:49:07","slug":"gis","status":"publish","type":"page","link":"https:\/\/www.upjs.sk\/prirodovedecka-fakulta\/rozvoj\/laboratoria\/gis\/","title":{"rendered":"Laborat\u00f3rium geografick\u00fdch informa\u010dn\u00fdch syst\u00e9mov (GIS lab)"},"content":{"rendered":"<p>Laborat\u00f3rium sa vyu\u017e\u00edva na zber, spracovanie a anal\u00fdzu geografick\u00fdch inform\u00e1ci\u00ed.<\/p>\n<ul>\n<li><a href=\"\/prirodovedecka-fakulta\/laboratoria\/GIS\/vp\/\">V\u00fdskumn\u00ed pracovn\u00edci<\/a><\/li>\n<li><a href=\"\/prirodovedecka-fakulta\/laboratoria\/GIS\/tv\/\">Technick\u00e9 vybavenie<\/a><\/li>\n<li><a href=\"\/prirodovedecka-fakulta\/laboratoria\/GIS\/sl\/\">Softv\u00e9rov\u00e9 licencie<\/a><\/li>\n<li><a href=\"\/prirodovedecka-fakulta\/laboratoria\/GIS\/gu\/\">Geopriestorov\u00e9 \u00fadaje<\/a><\/li>\n<\/ul>\n","protected":false},"excerpt":{"rendered":"<p>Laborat\u00f3rium sa vyu\u017e\u00edva na zber, spracovanie a anal\u00fdzu geografick\u00fdch inform\u00e1ci\u00ed. V\u00fdskumn\u00ed pracovn\u00edci Technick\u00e9 vybavenie Softv\u00e9rov\u00e9 licencie Geopriestorov\u00e9 \u00fadaje<\/p>\n","protected":false},"author":1,"featured_media":18210,"parent":18205,"menu_order":1,"comment_status":"closed","ping_status":"closed","template":"","meta":{"_acf_changed":false,"_editorskit_title_hidden":false,"_editorskit_reading_time":0,"_editorskit_is_block_options_detached":false,"_editorskit_block_options_position":"{}","footnotes":""},"categories":[],"tags":[],"class_list":["post-18209","page","type-page","status-publish","has-post-thumbnail","hentry"],"acf":{"acf_link_na_externy_obsah":""},"yoast_head":"<!-- This site is optimized with the Yoast SEO plugin v27.2 - https:\/\/yoast.com\/product\/yoast-seo-wordpress\/ -->\n<title>Laborat\u00f3rium geografick\u00fdch informa\u010dn\u00fdch syst\u00e9mov (GIS lab) - Pr\u00edrodovedeck\u00e1 fakulta | UPJ\u0160<\/title>\n<meta name=\"robots\" content=\"index, follow, max-snippet:-1, max-image-preview:large, max-video-preview:-1\" \/>\n<link rel=\"canonical\" href=\"https:\/\/www.upjs.sk\/prirodovedecka-fakulta\/rozvoj\/laboratoria\/gis\/\" \/>\n<meta property=\"og:locale\" content=\"sk_SK\" \/>\n<meta property=\"og:type\" content=\"article\" \/>\n<meta property=\"og:title\" content=\"Laborat\u00f3rium geografick\u00fdch informa\u010dn\u00fdch syst\u00e9mov (GIS lab) - Pr\u00edrodovedeck\u00e1 fakulta | UPJ\u0160\" \/>\n<meta property=\"og:description\" content=\"Laborat\u00f3rium sa vyu\u017e\u00edva na zber, spracovanie a anal\u00fdzu geografick\u00fdch inform\u00e1ci\u00ed. V\u00fdskumn\u00ed pracovn\u00edci Technick\u00e9 vybavenie Softv\u00e9rov\u00e9 licencie Geopriestorov\u00e9 \u00fadaje\" \/>\n<meta property=\"og:url\" content=\"https:\/\/www.upjs.sk\/prirodovedecka-fakulta\/rozvoj\/laboratoria\/gis\/\" \/>\n<meta property=\"og:site_name\" content=\"Pr\u00edrodovedeck\u00e1 fakulta | UPJ\u0160\" \/>\n<meta property=\"article:modified_time\" content=\"2022-11-13T20:49:07+00:00\" \/>\n<meta property=\"og:image\" content=\"https:\/\/www.upjs.sk\/app\/uploads\/sites\/10\/2022\/10\/P5305967.jpg\" \/>\n\t<meta property=\"og:image:width\" content=\"2560\" \/>\n\t<meta property=\"og:image:height\" content=\"1920\" \/>\n\t<meta property=\"og:image:type\" content=\"image\/jpeg\" \/>\n<meta name=\"twitter:card\" content=\"summary_large_image\" \/>\n<script type=\"application\/ld+json\" class=\"yoast-schema-graph\">{\"@context\":\"https:\/\/schema.org\",\"@graph\":[{\"@type\":\"WebPage\",\"@id\":\"https:\/\/www.upjs.sk\/prirodovedecka-fakulta\/rozvoj\/laboratoria\/gis\/\",\"url\":\"https:\/\/www.upjs.sk\/prirodovedecka-fakulta\/rozvoj\/laboratoria\/gis\/\",\"name\":\"Laborat\u00f3rium geografick\u00fdch informa\u010dn\u00fdch syst\u00e9mov (GIS lab) - Pr\u00edrodovedeck\u00e1 fakulta | UPJ\u0160\",\"isPartOf\":{\"@id\":\"https:\/\/www.upjs.sk\/prirodovedecka-fakulta\/#website\"},\"primaryImageOfPage\":{\"@id\":\"https:\/\/www.upjs.sk\/prirodovedecka-fakulta\/rozvoj\/laboratoria\/gis\/#primaryimage\"},\"image\":{\"@id\":\"https:\/\/www.upjs.sk\/prirodovedecka-fakulta\/rozvoj\/laboratoria\/gis\/#primaryimage\"},\"thumbnailUrl\":\"https:\/\/www.upjs.sk\/app\/uploads\/sites\/10\/2022\/10\/P5305967.jpg\",\"datePublished\":\"2018-08-28T12:20:17+00:00\",\"dateModified\":\"2022-11-13T20:49:07+00:00\",\"breadcrumb\":{\"@id\":\"https:\/\/www.upjs.sk\/prirodovedecka-fakulta\/rozvoj\/laboratoria\/gis\/#breadcrumb\"},\"inLanguage\":\"sk-SK\",\"potentialAction\":[{\"@type\":\"ReadAction\",\"target\":[\"https:\/\/www.upjs.sk\/prirodovedecka-fakulta\/rozvoj\/laboratoria\/gis\/\"]}]},{\"@type\":\"ImageObject\",\"inLanguage\":\"sk-SK\",\"@id\":\"https:\/\/www.upjs.sk\/prirodovedecka-fakulta\/rozvoj\/laboratoria\/gis\/#primaryimage\",\"url\":\"https:\/\/www.upjs.sk\/app\/uploads\/sites\/10\/2022\/10\/P5305967.jpg\",\"contentUrl\":\"https:\/\/www.upjs.sk\/app\/uploads\/sites\/10\/2022\/10\/P5305967.jpg\",\"width\":2560,\"height\":1920,\"caption\":\"GIS\"},{\"@type\":\"BreadcrumbList\",\"@id\":\"https:\/\/www.upjs.sk\/prirodovedecka-fakulta\/rozvoj\/laboratoria\/gis\/#breadcrumb\",\"itemListElement\":[{\"@type\":\"ListItem\",\"position\":1,\"name\":\"Home\",\"item\":\"https:\/\/www.upjs.sk\/prirodovedecka-fakulta\/\"},{\"@type\":\"ListItem\",\"position\":2,\"name\":\"Rozvoj\",\"item\":\"https:\/\/www.upjs.sk\/prirodovedecka-fakulta\/rozvoj\/\"},{\"@type\":\"ListItem\",\"position\":3,\"name\":\"Laborat\u00f3ria a semin\u00e1rne miestnosti\",\"item\":\"https:\/\/www.upjs.sk\/prirodovedecka-fakulta\/rozvoj\/laboratoria\/\"},{\"@type\":\"ListItem\",\"position\":4,\"name\":\"Laborat\u00f3rium geografick\u00fdch informa\u010dn\u00fdch syst\u00e9mov (GIS lab)\"}]},{\"@type\":\"WebSite\",\"@id\":\"https:\/\/www.upjs.sk\/prirodovedecka-fakulta\/#website\",\"url\":\"https:\/\/www.upjs.sk\/prirodovedecka-fakulta\/\",\"name\":\"Pr\u00edrodovedeck\u00e1 fakulta | UPJ\u0160\",\"description\":\"\",\"publisher\":{\"@id\":\"https:\/\/www.upjs.sk\/prirodovedecka-fakulta\/#organization\"},\"potentialAction\":[{\"@type\":\"SearchAction\",\"target\":{\"@type\":\"EntryPoint\",\"urlTemplate\":\"https:\/\/www.upjs.sk\/prirodovedecka-fakulta\/?s={search_term_string}\"},\"query-input\":{\"@type\":\"PropertyValueSpecification\",\"valueRequired\":true,\"valueName\":\"search_term_string\"}}],\"inLanguage\":\"sk-SK\"},{\"@type\":\"Organization\",\"@id\":\"https:\/\/www.upjs.sk\/prirodovedecka-fakulta\/#organization\",\"name\":\"Pr\u00edrodovedeck\u00e1 fakulta | UPJ\u0160\",\"url\":\"https:\/\/www.upjs.sk\/prirodovedecka-fakulta\/\",\"logo\":{\"@type\":\"ImageObject\",\"inLanguage\":\"sk-SK\",\"@id\":\"https:\/\/www.upjs.sk\/prirodovedecka-fakulta\/#\/schema\/logo\/image\/\",\"url\":\"https:\/\/www.upjs.sk\/app\/uploads\/sites\/10\/2022\/09\/logo-prirodovedecka-fakulta.png\",\"contentUrl\":\"https:\/\/www.upjs.sk\/app\/uploads\/sites\/10\/2022\/09\/logo-prirodovedecka-fakulta.png\",\"width\":415,\"height\":87,\"caption\":\"Pr\u00edrodovedeck\u00e1 fakulta | UPJ\u0160\"},\"image\":{\"@id\":\"https:\/\/www.upjs.sk\/prirodovedecka-fakulta\/#\/schema\/logo\/image\/\"}}]}<\/script>\n<!-- \/ Yoast SEO plugin. -->","yoast_head_json":{"title":"Laborat\u00f3rium geografick\u00fdch informa\u010dn\u00fdch syst\u00e9mov (GIS lab) - Pr\u00edrodovedeck\u00e1 fakulta | UPJ\u0160","robots":{"index":"index","follow":"follow","max-snippet":"max-snippet:-1","max-image-preview":"max-image-preview:large","max-video-preview":"max-video-preview:-1"},"canonical":"https:\/\/www.upjs.sk\/prirodovedecka-fakulta\/rozvoj\/laboratoria\/gis\/","og_locale":"sk_SK","og_type":"article","og_title":"Laborat\u00f3rium geografick\u00fdch informa\u010dn\u00fdch syst\u00e9mov (GIS lab) - Pr\u00edrodovedeck\u00e1 fakulta | UPJ\u0160","og_description":"Laborat\u00f3rium sa vyu\u017e\u00edva na zber, spracovanie a anal\u00fdzu geografick\u00fdch inform\u00e1ci\u00ed. V\u00fdskumn\u00ed pracovn\u00edci Technick\u00e9 vybavenie Softv\u00e9rov\u00e9 licencie Geopriestorov\u00e9 \u00fadaje","og_url":"https:\/\/www.upjs.sk\/prirodovedecka-fakulta\/rozvoj\/laboratoria\/gis\/","og_site_name":"Pr\u00edrodovedeck\u00e1 fakulta | UPJ\u0160","article_modified_time":"2022-11-13T20:49:07+00:00","og_image":[{"width":2560,"height":1920,"url":"https:\/\/www.upjs.sk\/app\/uploads\/sites\/10\/2022\/10\/P5305967.jpg","type":"image\/jpeg"}],"twitter_card":"summary_large_image","schema":{"@context":"https:\/\/schema.org","@graph":[{"@type":"WebPage","@id":"https:\/\/www.upjs.sk\/prirodovedecka-fakulta\/rozvoj\/laboratoria\/gis\/","url":"https:\/\/www.upjs.sk\/prirodovedecka-fakulta\/rozvoj\/laboratoria\/gis\/","name":"Laborat\u00f3rium geografick\u00fdch informa\u010dn\u00fdch syst\u00e9mov (GIS lab) - Pr\u00edrodovedeck\u00e1 fakulta | UPJ\u0160","isPartOf":{"@id":"https:\/\/www.upjs.sk\/prirodovedecka-fakulta\/#website"},"primaryImageOfPage":{"@id":"https:\/\/www.upjs.sk\/prirodovedecka-fakulta\/rozvoj\/laboratoria\/gis\/#primaryimage"},"image":{"@id":"https:\/\/www.upjs.sk\/prirodovedecka-fakulta\/rozvoj\/laboratoria\/gis\/#primaryimage"},"thumbnailUrl":"https:\/\/www.upjs.sk\/app\/uploads\/sites\/10\/2022\/10\/P5305967.jpg","datePublished":"2018-08-28T12:20:17+00:00","dateModified":"2022-11-13T20:49:07+00:00","breadcrumb":{"@id":"https:\/\/www.upjs.sk\/prirodovedecka-fakulta\/rozvoj\/laboratoria\/gis\/#breadcrumb"},"inLanguage":"sk-SK","potentialAction":[{"@type":"ReadAction","target":["https:\/\/www.upjs.sk\/prirodovedecka-fakulta\/rozvoj\/laboratoria\/gis\/"]}]},{"@type":"ImageObject","inLanguage":"sk-SK","@id":"https:\/\/www.upjs.sk\/prirodovedecka-fakulta\/rozvoj\/laboratoria\/gis\/#primaryimage","url":"https:\/\/www.upjs.sk\/app\/uploads\/sites\/10\/2022\/10\/P5305967.jpg","contentUrl":"https:\/\/www.upjs.sk\/app\/uploads\/sites\/10\/2022\/10\/P5305967.jpg","width":2560,"height":1920,"caption":"GIS"},{"@type":"BreadcrumbList","@id":"https:\/\/www.upjs.sk\/prirodovedecka-fakulta\/rozvoj\/laboratoria\/gis\/#breadcrumb","itemListElement":[{"@type":"ListItem","position":1,"name":"Home","item":"https:\/\/www.upjs.sk\/prirodovedecka-fakulta\/"},{"@type":"ListItem","position":2,"name":"Rozvoj","item":"https:\/\/www.upjs.sk\/prirodovedecka-fakulta\/rozvoj\/"},{"@type":"ListItem","position":3,"name":"Laborat\u00f3ria a semin\u00e1rne miestnosti","item":"https:\/\/www.upjs.sk\/prirodovedecka-fakulta\/rozvoj\/laboratoria\/"},{"@type":"ListItem","position":4,"name":"Laborat\u00f3rium geografick\u00fdch informa\u010dn\u00fdch syst\u00e9mov (GIS lab)"}]},{"@type":"WebSite","@id":"https:\/\/www.upjs.sk\/prirodovedecka-fakulta\/#website","url":"https:\/\/www.upjs.sk\/prirodovedecka-fakulta\/","name":"Pr\u00edrodovedeck\u00e1 fakulta | UPJ\u0160","description":"","publisher":{"@id":"https:\/\/www.upjs.sk\/prirodovedecka-fakulta\/#organization"},"potentialAction":[{"@type":"SearchAction","target":{"@type":"EntryPoint","urlTemplate":"https:\/\/www.upjs.sk\/prirodovedecka-fakulta\/?s={search_term_string}"},"query-input":{"@type":"PropertyValueSpecification","valueRequired":true,"valueName":"search_term_string"}}],"inLanguage":"sk-SK"},{"@type":"Organization","@id":"https:\/\/www.upjs.sk\/prirodovedecka-fakulta\/#organization","name":"Pr\u00edrodovedeck\u00e1 fakulta | UPJ\u0160","url":"https:\/\/www.upjs.sk\/prirodovedecka-fakulta\/","logo":{"@type":"ImageObject","inLanguage":"sk-SK","@id":"https:\/\/www.upjs.sk\/prirodovedecka-fakulta\/#\/schema\/logo\/image\/","url":"https:\/\/www.upjs.sk\/app\/uploads\/sites\/10\/2022\/09\/logo-prirodovedecka-fakulta.png","contentUrl":"https:\/\/www.upjs.sk\/app\/uploads\/sites\/10\/2022\/09\/logo-prirodovedecka-fakulta.png","width":415,"height":87,"caption":"Pr\u00edrodovedeck\u00e1 fakulta | UPJ\u0160"},"image":{"@id":"https:\/\/www.upjs.sk\/prirodovedecka-fakulta\/#\/schema\/logo\/image\/"}}]}},"_links":{"self":[{"href":"https:\/\/www.upjs.sk\/prirodovedecka-fakulta\/wp-json\/wp\/v2\/pages\/18209","targetHints":{"allow":["GET"]}}],"collection":[{"href":"https:\/\/www.upjs.sk\/prirodovedecka-fakulta\/wp-json\/wp\/v2\/pages"}],"about":[{"href":"https:\/\/www.upjs.sk\/prirodovedecka-fakulta\/wp-json\/wp\/v2\/types\/page"}],"author":[{"embeddable":true,"href":"https:\/\/www.upjs.sk\/prirodovedecka-fakulta\/wp-json\/wp\/v2\/users\/1"}],"replies":[{"embeddable":true,"href":"https:\/\/www.upjs.sk\/prirodovedecka-fakulta\/wp-json\/wp\/v2\/comments?post=18209"}],"version-history":[{"count":2,"href":"https:\/\/www.upjs.sk\/prirodovedecka-fakulta\/wp-json\/wp\/v2\/pages\/18209\/revisions"}],"predecessor-version":[{"id":46386,"href":"https:\/\/www.upjs.sk\/prirodovedecka-fakulta\/wp-json\/wp\/v2\/pages\/18209\/revisions\/46386"}],"up":[{"embeddable":true,"href":"https:\/\/www.upjs.sk\/prirodovedecka-fakulta\/wp-json\/wp\/v2\/pages\/18205"}],"wp:featuredmedia":[{"embeddable":true,"href":"https:\/\/www.upjs.sk\/prirodovedecka-fakulta\/wp-json\/wp\/v2\/media\/18210"}],"wp:attachment":[{"href":"https:\/\/www.upjs.sk\/prirodovedecka-fakulta\/wp-json\/wp\/v2\/media?parent=18209"}],"wp:term":[{"taxonomy":"category","embeddable":true,"href":"https:\/\/www.upjs.sk\/prirodovedecka-fakulta\/wp-json\/wp\/v2\/categories?post=18209"},{"taxonomy":"post_tag","embeddable":true,"href":"https:\/\/www.upjs.sk\/prirodovedecka-fakulta\/wp-json\/wp\/v2\/tags?post=18209"}],"curies":[{"name":"wp","href":"https:\/\/api.w.org\/{rel}","templated":true}]}}