{"id":18216,"date":"2018-06-04T15:36:24","date_gmt":"2018-06-04T15:36:24","guid":{"rendered":"https:\/\/www.upjs.sk\/prirodovedecka-fakulta\/laboratoria\/gis\/tv\/"},"modified":"2022-11-13T21:49:08","modified_gmt":"2022-11-13T20:49:08","slug":"tv","status":"publish","type":"page","link":"https:\/\/www.upjs.sk\/prirodovedecka-fakulta\/rozvoj\/laboratoria\/gis\/tv\/","title":{"rendered":"Technick\u00e9 vybavenie"},"content":{"rendered":"<ul>\n<li style=\"text-align: justify;\">Tangible Landscape &#8211; zostava obsahuje PC s OS LINUX Ubuntu s GRASS GIS, xBox One Kinect, dataprojektor, st\u00f4l so stojanom a kinetick\u00fd piesok<\/li>\n<li style=\"text-align: justify;\">GNSS syst\u00e9m EPP Set \u2013 Hiper ll: Digital UHF 410-440 MHz s GSM\/GPRS modemom pre meranie v re\u00e1lnom \u010dase a zber d\u00e1t pre postprocesing od spolo\u010dnosti TOPCON, doplnen\u00fd o roz\u0161\u00edrenie ku GNSS syst\u00e9mu EPP Set \u2013 Hiper ll: Digital UHF 410-440 MHz s GSM\/GPRS modemom<\/li>\n<li style=\"text-align: justify;\">GPS Trimble Juno SB s podporn\u00fdm softv\u00e9rom GPS Pathfinder Office, Terra Sync<\/li>\n<li style=\"text-align: justify;\">GPS Garmin eTrex s podporn\u00fdm softv\u00e9rom Mapsource s topografick\u00fdm podkladom Slovakia Topo a Czech Topo<\/li>\n<li style=\"text-align: justify;\">geodetick\u00e1 elektronick\u00e1 tot\u00e1lna stanica Leica TC 605<\/li>\n<li style=\"text-align: justify;\">digit\u00e1lne dia\u013ekomery &#8211; Leica Disto D3, Leica Disto D510<\/li>\n<li style=\"text-align: justify;\">univerz\u00e1lny teodolit MOM-Te-D4<\/li>\n<li style=\"text-align: justify;\">nivela\u010dn\u00e9 pr\u00edstroje MEOPTA Kolibri<\/li>\n<li style=\"text-align: justify;\">farebn\u00fd stoln\u00fd skener EPSON GT\u201315\u00a0000<\/li>\n<\/ul>\n","protected":false},"excerpt":{"rendered":"<p>Tangible Landscape &#8211; zostava obsahuje PC s OS LINUX Ubuntu s GRASS GIS, xBox One Kinect, dataprojektor, st\u00f4l so stojanom a kinetick\u00fd piesok GNSS syst\u00e9m EPP Set \u2013 Hiper ll: Digital UHF 410-440 MHz s GSM\/GPRS modemom pre meranie v re\u00e1lnom \u010dase a zber d\u00e1t pre postprocesing od spolo\u010dnosti TOPCON, doplnen\u00fd o roz\u0161\u00edrenie ku GNSS &hellip; <a href=\"https:\/\/www.upjs.sk\/prirodovedecka-fakulta\/rozvoj\/laboratoria\/gis\/tv\/\">\u010c\u00edta\u0165 \u010falej<\/a><\/p>\n","protected":false},"author":1,"featured_media":0,"parent":18209,"menu_order":1,"comment_status":"closed","ping_status":"closed","template":"","meta":{"_acf_changed":false,"_editorskit_title_hidden":false,"_editorskit_reading_time":0,"_editorskit_is_block_options_detached":false,"_editorskit_block_options_position":"{}","footnotes":""},"categories":[],"tags":[],"class_list":["post-18216","page","type-page","status-publish","hentry"],"acf":{"acf_link_na_externy_obsah":""},"yoast_head":"<!-- This site is optimized with the Yoast SEO plugin v27.2 - https:\/\/yoast.com\/product\/yoast-seo-wordpress\/ -->\n<title>Technick\u00e9 vybavenie - Pr\u00edrodovedeck\u00e1 fakulta | UPJ\u0160<\/title>\n<meta name=\"robots\" content=\"index, follow, max-snippet:-1, max-image-preview:large, max-video-preview:-1\" \/>\n<link rel=\"canonical\" href=\"https:\/\/www.upjs.sk\/prirodovedecka-fakulta\/rozvoj\/laboratoria\/gis\/tv\/\" \/>\n<meta property=\"og:locale\" content=\"sk_SK\" \/>\n<meta property=\"og:type\" content=\"article\" \/>\n<meta property=\"og:title\" content=\"Technick\u00e9 vybavenie - Pr\u00edrodovedeck\u00e1 fakulta | UPJ\u0160\" \/>\n<meta property=\"og:description\" content=\"Tangible Landscape &#8211; zostava obsahuje PC s OS LINUX Ubuntu s GRASS GIS, xBox One Kinect, dataprojektor, st\u00f4l so stojanom a kinetick\u00fd piesok GNSS syst\u00e9m EPP Set \u2013 Hiper ll: Digital UHF 410-440 MHz s GSM\/GPRS modemom pre meranie v re\u00e1lnom \u010dase a zber d\u00e1t pre postprocesing od spolo\u010dnosti TOPCON, doplnen\u00fd o roz\u0161\u00edrenie ku GNSS &hellip; \u010c\u00edta\u0165 \u010falej\" \/>\n<meta property=\"og:url\" content=\"https:\/\/www.upjs.sk\/prirodovedecka-fakulta\/rozvoj\/laboratoria\/gis\/tv\/\" \/>\n<meta property=\"og:site_name\" content=\"Pr\u00edrodovedeck\u00e1 fakulta | UPJ\u0160\" \/>\n<meta property=\"article:modified_time\" content=\"2022-11-13T20:49:08+00:00\" \/>\n<meta name=\"twitter:card\" content=\"summary_large_image\" \/>\n<meta name=\"twitter:label1\" content=\"Predpokladan\u00fd \u010das \u010d\u00edtania\" \/>\n\t<meta name=\"twitter:data1\" content=\"1 min\u00fata\" \/>\n<script type=\"application\/ld+json\" class=\"yoast-schema-graph\">{\"@context\":\"https:\/\/schema.org\",\"@graph\":[{\"@type\":\"WebPage\",\"@id\":\"https:\/\/www.upjs.sk\/prirodovedecka-fakulta\/rozvoj\/laboratoria\/gis\/tv\/\",\"url\":\"https:\/\/www.upjs.sk\/prirodovedecka-fakulta\/rozvoj\/laboratoria\/gis\/tv\/\",\"name\":\"Technick\u00e9 vybavenie - Pr\u00edrodovedeck\u00e1 fakulta | UPJ\u0160\",\"isPartOf\":{\"@id\":\"https:\/\/www.upjs.sk\/prirodovedecka-fakulta\/#website\"},\"datePublished\":\"2018-06-04T15:36:24+00:00\",\"dateModified\":\"2022-11-13T20:49:08+00:00\",\"breadcrumb\":{\"@id\":\"https:\/\/www.upjs.sk\/prirodovedecka-fakulta\/rozvoj\/laboratoria\/gis\/tv\/#breadcrumb\"},\"inLanguage\":\"sk-SK\",\"potentialAction\":[{\"@type\":\"ReadAction\",\"target\":[\"https:\/\/www.upjs.sk\/prirodovedecka-fakulta\/rozvoj\/laboratoria\/gis\/tv\/\"]}]},{\"@type\":\"BreadcrumbList\",\"@id\":\"https:\/\/www.upjs.sk\/prirodovedecka-fakulta\/rozvoj\/laboratoria\/gis\/tv\/#breadcrumb\",\"itemListElement\":[{\"@type\":\"ListItem\",\"position\":1,\"name\":\"Home\",\"item\":\"https:\/\/www.upjs.sk\/prirodovedecka-fakulta\/\"},{\"@type\":\"ListItem\",\"position\":2,\"name\":\"Rozvoj\",\"item\":\"https:\/\/www.upjs.sk\/prirodovedecka-fakulta\/rozvoj\/\"},{\"@type\":\"ListItem\",\"position\":3,\"name\":\"Laborat\u00f3ria a semin\u00e1rne miestnosti\",\"item\":\"https:\/\/www.upjs.sk\/prirodovedecka-fakulta\/rozvoj\/laboratoria\/\"},{\"@type\":\"ListItem\",\"position\":4,\"name\":\"Laborat\u00f3rium geografick\u00fdch informa\u010dn\u00fdch syst\u00e9mov (GIS lab)\",\"item\":\"https:\/\/www.upjs.sk\/prirodovedecka-fakulta\/rozvoj\/laboratoria\/gis\/\"},{\"@type\":\"ListItem\",\"position\":5,\"name\":\"Technick\u00e9 vybavenie\"}]},{\"@type\":\"WebSite\",\"@id\":\"https:\/\/www.upjs.sk\/prirodovedecka-fakulta\/#website\",\"url\":\"https:\/\/www.upjs.sk\/prirodovedecka-fakulta\/\",\"name\":\"Pr\u00edrodovedeck\u00e1 fakulta | UPJ\u0160\",\"description\":\"\",\"publisher\":{\"@id\":\"https:\/\/www.upjs.sk\/prirodovedecka-fakulta\/#organization\"},\"potentialAction\":[{\"@type\":\"SearchAction\",\"target\":{\"@type\":\"EntryPoint\",\"urlTemplate\":\"https:\/\/www.upjs.sk\/prirodovedecka-fakulta\/?s={search_term_string}\"},\"query-input\":{\"@type\":\"PropertyValueSpecification\",\"valueRequired\":true,\"valueName\":\"search_term_string\"}}],\"inLanguage\":\"sk-SK\"},{\"@type\":\"Organization\",\"@id\":\"https:\/\/www.upjs.sk\/prirodovedecka-fakulta\/#organization\",\"name\":\"Pr\u00edrodovedeck\u00e1 fakulta | UPJ\u0160\",\"url\":\"https:\/\/www.upjs.sk\/prirodovedecka-fakulta\/\",\"logo\":{\"@type\":\"ImageObject\",\"inLanguage\":\"sk-SK\",\"@id\":\"https:\/\/www.upjs.sk\/prirodovedecka-fakulta\/#\/schema\/logo\/image\/\",\"url\":\"https:\/\/www.upjs.sk\/app\/uploads\/sites\/10\/2022\/09\/logo-prirodovedecka-fakulta.png\",\"contentUrl\":\"https:\/\/www.upjs.sk\/app\/uploads\/sites\/10\/2022\/09\/logo-prirodovedecka-fakulta.png\",\"width\":415,\"height\":87,\"caption\":\"Pr\u00edrodovedeck\u00e1 fakulta | UPJ\u0160\"},\"image\":{\"@id\":\"https:\/\/www.upjs.sk\/prirodovedecka-fakulta\/#\/schema\/logo\/image\/\"}}]}<\/script>\n<!-- \/ Yoast SEO plugin. -->","yoast_head_json":{"title":"Technick\u00e9 vybavenie - Pr\u00edrodovedeck\u00e1 fakulta | UPJ\u0160","robots":{"index":"index","follow":"follow","max-snippet":"max-snippet:-1","max-image-preview":"max-image-preview:large","max-video-preview":"max-video-preview:-1"},"canonical":"https:\/\/www.upjs.sk\/prirodovedecka-fakulta\/rozvoj\/laboratoria\/gis\/tv\/","og_locale":"sk_SK","og_type":"article","og_title":"Technick\u00e9 vybavenie - Pr\u00edrodovedeck\u00e1 fakulta | UPJ\u0160","og_description":"Tangible Landscape &#8211; zostava obsahuje PC s OS LINUX Ubuntu s GRASS GIS, xBox One Kinect, dataprojektor, st\u00f4l so stojanom a kinetick\u00fd piesok GNSS syst\u00e9m EPP Set \u2013 Hiper ll: Digital UHF 410-440 MHz s GSM\/GPRS modemom pre meranie v re\u00e1lnom \u010dase a zber d\u00e1t pre postprocesing od spolo\u010dnosti TOPCON, doplnen\u00fd o roz\u0161\u00edrenie ku GNSS &hellip; \u010c\u00edta\u0165 \u010falej","og_url":"https:\/\/www.upjs.sk\/prirodovedecka-fakulta\/rozvoj\/laboratoria\/gis\/tv\/","og_site_name":"Pr\u00edrodovedeck\u00e1 fakulta | UPJ\u0160","article_modified_time":"2022-11-13T20:49:08+00:00","twitter_card":"summary_large_image","twitter_misc":{"Predpokladan\u00fd \u010das \u010d\u00edtania":"1 min\u00fata"},"schema":{"@context":"https:\/\/schema.org","@graph":[{"@type":"WebPage","@id":"https:\/\/www.upjs.sk\/prirodovedecka-fakulta\/rozvoj\/laboratoria\/gis\/tv\/","url":"https:\/\/www.upjs.sk\/prirodovedecka-fakulta\/rozvoj\/laboratoria\/gis\/tv\/","name":"Technick\u00e9 vybavenie - Pr\u00edrodovedeck\u00e1 fakulta | UPJ\u0160","isPartOf":{"@id":"https:\/\/www.upjs.sk\/prirodovedecka-fakulta\/#website"},"datePublished":"2018-06-04T15:36:24+00:00","dateModified":"2022-11-13T20:49:08+00:00","breadcrumb":{"@id":"https:\/\/www.upjs.sk\/prirodovedecka-fakulta\/rozvoj\/laboratoria\/gis\/tv\/#breadcrumb"},"inLanguage":"sk-SK","potentialAction":[{"@type":"ReadAction","target":["https:\/\/www.upjs.sk\/prirodovedecka-fakulta\/rozvoj\/laboratoria\/gis\/tv\/"]}]},{"@type":"BreadcrumbList","@id":"https:\/\/www.upjs.sk\/prirodovedecka-fakulta\/rozvoj\/laboratoria\/gis\/tv\/#breadcrumb","itemListElement":[{"@type":"ListItem","position":1,"name":"Home","item":"https:\/\/www.upjs.sk\/prirodovedecka-fakulta\/"},{"@type":"ListItem","position":2,"name":"Rozvoj","item":"https:\/\/www.upjs.sk\/prirodovedecka-fakulta\/rozvoj\/"},{"@type":"ListItem","position":3,"name":"Laborat\u00f3ria a semin\u00e1rne miestnosti","item":"https:\/\/www.upjs.sk\/prirodovedecka-fakulta\/rozvoj\/laboratoria\/"},{"@type":"ListItem","position":4,"name":"Laborat\u00f3rium geografick\u00fdch informa\u010dn\u00fdch syst\u00e9mov (GIS lab)","item":"https:\/\/www.upjs.sk\/prirodovedecka-fakulta\/rozvoj\/laboratoria\/gis\/"},{"@type":"ListItem","position":5,"name":"Technick\u00e9 vybavenie"}]},{"@type":"WebSite","@id":"https:\/\/www.upjs.sk\/prirodovedecka-fakulta\/#website","url":"https:\/\/www.upjs.sk\/prirodovedecka-fakulta\/","name":"Pr\u00edrodovedeck\u00e1 fakulta | UPJ\u0160","description":"","publisher":{"@id":"https:\/\/www.upjs.sk\/prirodovedecka-fakulta\/#organization"},"potentialAction":[{"@type":"SearchAction","target":{"@type":"EntryPoint","urlTemplate":"https:\/\/www.upjs.sk\/prirodovedecka-fakulta\/?s={search_term_string}"},"query-input":{"@type":"PropertyValueSpecification","valueRequired":true,"valueName":"search_term_string"}}],"inLanguage":"sk-SK"},{"@type":"Organization","@id":"https:\/\/www.upjs.sk\/prirodovedecka-fakulta\/#organization","name":"Pr\u00edrodovedeck\u00e1 fakulta | UPJ\u0160","url":"https:\/\/www.upjs.sk\/prirodovedecka-fakulta\/","logo":{"@type":"ImageObject","inLanguage":"sk-SK","@id":"https:\/\/www.upjs.sk\/prirodovedecka-fakulta\/#\/schema\/logo\/image\/","url":"https:\/\/www.upjs.sk\/app\/uploads\/sites\/10\/2022\/09\/logo-prirodovedecka-fakulta.png","contentUrl":"https:\/\/www.upjs.sk\/app\/uploads\/sites\/10\/2022\/09\/logo-prirodovedecka-fakulta.png","width":415,"height":87,"caption":"Pr\u00edrodovedeck\u00e1 fakulta | UPJ\u0160"},"image":{"@id":"https:\/\/www.upjs.sk\/prirodovedecka-fakulta\/#\/schema\/logo\/image\/"}}]}},"_links":{"self":[{"href":"https:\/\/www.upjs.sk\/prirodovedecka-fakulta\/wp-json\/wp\/v2\/pages\/18216","targetHints":{"allow":["GET"]}}],"collection":[{"href":"https:\/\/www.upjs.sk\/prirodovedecka-fakulta\/wp-json\/wp\/v2\/pages"}],"about":[{"href":"https:\/\/www.upjs.sk\/prirodovedecka-fakulta\/wp-json\/wp\/v2\/types\/page"}],"author":[{"embeddable":true,"href":"https:\/\/www.upjs.sk\/prirodovedecka-fakulta\/wp-json\/wp\/v2\/users\/1"}],"replies":[{"embeddable":true,"href":"https:\/\/www.upjs.sk\/prirodovedecka-fakulta\/wp-json\/wp\/v2\/comments?post=18216"}],"version-history":[{"count":2,"href":"https:\/\/www.upjs.sk\/prirodovedecka-fakulta\/wp-json\/wp\/v2\/pages\/18216\/revisions"}],"predecessor-version":[{"id":46388,"href":"https:\/\/www.upjs.sk\/prirodovedecka-fakulta\/wp-json\/wp\/v2\/pages\/18216\/revisions\/46388"}],"up":[{"embeddable":true,"href":"https:\/\/www.upjs.sk\/prirodovedecka-fakulta\/wp-json\/wp\/v2\/pages\/18209"}],"wp:attachment":[{"href":"https:\/\/www.upjs.sk\/prirodovedecka-fakulta\/wp-json\/wp\/v2\/media?parent=18216"}],"wp:term":[{"taxonomy":"category","embeddable":true,"href":"https:\/\/www.upjs.sk\/prirodovedecka-fakulta\/wp-json\/wp\/v2\/categories?post=18216"},{"taxonomy":"post_tag","embeddable":true,"href":"https:\/\/www.upjs.sk\/prirodovedecka-fakulta\/wp-json\/wp\/v2\/tags?post=18216"}],"curies":[{"name":"wp","href":"https:\/\/api.w.org\/{rel}","templated":true}]}}