{"id":18789,"date":"2018-04-27T14:17:25","date_gmt":"2018-04-27T14:17:25","guid":{"rendered":"https:\/\/www.upjs.sk\/prirodovedecka-fakulta\/studium\/anketa\/studentska-anketa\/"},"modified":"2025-01-29T15:04:46","modified_gmt":"2025-01-29T14:04:46","slug":"studentska-anketa","status":"publish","type":"page","link":"https:\/\/www.upjs.sk\/prirodovedecka-fakulta\/studium\/anketa\/studentska-anketa\/","title":{"rendered":"\u0160tudentsk\u00e9 ankety"},"content":{"rendered":"<p style=\"text-align: justify;\">\u0160tudentsk\u00e9 ankety s\u00fa n\u00e1strojom, pomocou ktor\u00e9ho maj\u00fa \u0161tudenti mo\u017enos\u0165 vyjadri\u0165 sa k \u0161t\u00fadiu na PF UPJ\u0160, pouk\u00e1za\u0165 na jeho siln\u00e9 aj slab\u00e9 str\u00e1nky, s ktor\u00fdmi sa pri v\u00fdu\u010dbe jednotliv\u00fdch predmetov stretli. <strong>\u0160tudentsk\u00e1 anketa sa realizuje pomocou anonymn\u00e9ho dotazn\u00edka v AiS2<\/strong> a \u0161tudenti sa m\u00f4\u017eu vyjadri\u0165 ku kvalite predn\u00e1\u0161ok a ich v\u00fdkladu, kvalite a \u0161trukt\u00fare cvi\u010den\u00ed, priebe\u017en\u00e9mu hodnoteniu a sk\u00fa\u0161kam. V\u00fdsledkami ankiet sa zaober\u00e1 vedenie fakulty a vedenie \u00fastavov. V pr\u00edpade, \u017ee \u0161tudenti formou ankiet avizuj\u00fa probl\u00e9my s kvalitou v\u00fdu\u010dby, vedenie sa podnetmi zaober\u00e1 a sna\u017e\u00ed zjedna\u0165 n\u00e1pravu.<\/p>\n<p>V\u00fdsledky \u0161tudentsk\u00fdch ankiet:<\/p>\n<ul>\n<li><a href=\"https:\/\/www.upjs.sk\/app\/uploads\/sites\/10\/2022\/10\/VyhodnotenieZS_17_18.pdf\" target=\"_blank\" rel=\"noopener\">2017\/2018 &#8211; ZS<\/a><\/li>\n<li><a href=\"https:\/\/www.upjs.sk\/app\/uploads\/sites\/10\/2025\/01\/vyhodnotenie-PF-2016-17.pdf\" target=\"_blank\" rel=\"noopener\">2016\/2017<\/a><\/li>\n<li><a href=\"https:\/\/www.upjs.sk\/app\/uploads\/sites\/10\/2025\/01\/vyhodnotenie-PF-2015-16.pdf\" target=\"_blank\" rel=\"noopener\">2015\/2016<\/a><\/li>\n<li><a href=\"\/public\/media\/12627\/Anketa_vysledky_1314.pdf\" target=\"_blank\" rel=\"noopener\">2013\/2014<\/a><\/li>\n<li><a href=\"\/public\/media\/12627\/Anketa_vysledky_1213.pdf\" target=\"_blank\" rel=\"noopener\">2012\/2013<\/a><\/li>\n<li><a href=\"https:\/\/www.upjs.sk\/prirodovedecka-fakulta\/studium\/hodnotenie-vyucby-zs1213\">2011\/2012<\/a><\/li>\n<\/ul>\n\n\n<p><\/p>\n","protected":false},"excerpt":{"rendered":"<p>\u0160tudentsk\u00e9 ankety s\u00fa n\u00e1strojom, pomocou ktor\u00e9ho maj\u00fa \u0161tudenti mo\u017enos\u0165 vyjadri\u0165 sa k \u0161t\u00fadiu na PF UPJ\u0160, pouk\u00e1za\u0165 na jeho siln\u00e9 aj slab\u00e9 str\u00e1nky, s ktor\u00fdmi sa pri v\u00fdu\u010dbe jednotliv\u00fdch predmetov stretli. \u0160tudentsk\u00e1 anketa sa realizuje pomocou anonymn\u00e9ho dotazn\u00edka v AiS2 a \u0161tudenti sa m\u00f4\u017eu vyjadri\u0165 ku kvalite predn\u00e1\u0161ok a ich v\u00fdkladu, kvalite a \u0161trukt\u00fare cvi\u010den\u00ed, &hellip; <a href=\"https:\/\/www.upjs.sk\/prirodovedecka-fakulta\/studium\/anketa\/studentska-anketa\/\">\u010c\u00edta\u0165 \u010falej<\/a><\/p>\n","protected":false},"author":1,"featured_media":0,"parent":17182,"menu_order":1,"comment_status":"closed","ping_status":"closed","template":"","meta":{"_acf_changed":false,"_editorskit_title_hidden":false,"_editorskit_reading_time":0,"_editorskit_is_block_options_detached":false,"_editorskit_block_options_position":"{}","footnotes":""},"categories":[],"tags":[],"class_list":["post-18789","page","type-page","status-publish","hentry"],"acf":{"acf_link_na_externy_obsah":""},"yoast_head":"<!-- This site is optimized with the Yoast SEO plugin v27.2 - https:\/\/yoast.com\/product\/yoast-seo-wordpress\/ -->\n<title>\u0160tudentsk\u00e9 ankety - Pr\u00edrodovedeck\u00e1 fakulta | UPJ\u0160<\/title>\n<meta name=\"robots\" content=\"index, follow, max-snippet:-1, max-image-preview:large, max-video-preview:-1\" \/>\n<link rel=\"canonical\" href=\"https:\/\/www.upjs.sk\/prirodovedecka-fakulta\/studium\/anketa\/studentska-anketa\/\" \/>\n<meta property=\"og:locale\" content=\"sk_SK\" \/>\n<meta property=\"og:type\" content=\"article\" \/>\n<meta property=\"og:title\" content=\"\u0160tudentsk\u00e9 ankety - Pr\u00edrodovedeck\u00e1 fakulta | UPJ\u0160\" \/>\n<meta property=\"og:description\" content=\"\u0160tudentsk\u00e9 ankety s\u00fa n\u00e1strojom, pomocou ktor\u00e9ho maj\u00fa \u0161tudenti mo\u017enos\u0165 vyjadri\u0165 sa k \u0161t\u00fadiu na PF UPJ\u0160, pouk\u00e1za\u0165 na jeho siln\u00e9 aj slab\u00e9 str\u00e1nky, s ktor\u00fdmi sa pri v\u00fdu\u010dbe jednotliv\u00fdch predmetov stretli. \u0160tudentsk\u00e1 anketa sa realizuje pomocou anonymn\u00e9ho dotazn\u00edka v AiS2 a \u0161tudenti sa m\u00f4\u017eu vyjadri\u0165 ku kvalite predn\u00e1\u0161ok a ich v\u00fdkladu, kvalite a \u0161trukt\u00fare cvi\u010den\u00ed, &hellip; \u010c\u00edta\u0165 \u010falej\" \/>\n<meta property=\"og:url\" content=\"https:\/\/www.upjs.sk\/prirodovedecka-fakulta\/studium\/anketa\/studentska-anketa\/\" \/>\n<meta property=\"og:site_name\" content=\"Pr\u00edrodovedeck\u00e1 fakulta | UPJ\u0160\" \/>\n<meta property=\"article:modified_time\" content=\"2025-01-29T14:04:46+00:00\" \/>\n<meta name=\"twitter:card\" content=\"summary_large_image\" \/>\n<meta name=\"twitter:label1\" content=\"Predpokladan\u00fd \u010das \u010d\u00edtania\" \/>\n\t<meta name=\"twitter:data1\" content=\"1 min\u00fata\" \/>\n<script type=\"application\/ld+json\" class=\"yoast-schema-graph\">{\"@context\":\"https:\/\/schema.org\",\"@graph\":[{\"@type\":\"WebPage\",\"@id\":\"https:\/\/www.upjs.sk\/prirodovedecka-fakulta\/studium\/anketa\/studentska-anketa\/\",\"url\":\"https:\/\/www.upjs.sk\/prirodovedecka-fakulta\/studium\/anketa\/studentska-anketa\/\",\"name\":\"\u0160tudentsk\u00e9 ankety - Pr\u00edrodovedeck\u00e1 fakulta | UPJ\u0160\",\"isPartOf\":{\"@id\":\"https:\/\/www.upjs.sk\/prirodovedecka-fakulta\/#website\"},\"datePublished\":\"2018-04-27T14:17:25+00:00\",\"dateModified\":\"2025-01-29T14:04:46+00:00\",\"breadcrumb\":{\"@id\":\"https:\/\/www.upjs.sk\/prirodovedecka-fakulta\/studium\/anketa\/studentska-anketa\/#breadcrumb\"},\"inLanguage\":\"sk-SK\",\"potentialAction\":[{\"@type\":\"ReadAction\",\"target\":[\"https:\/\/www.upjs.sk\/prirodovedecka-fakulta\/studium\/anketa\/studentska-anketa\/\"]}]},{\"@type\":\"BreadcrumbList\",\"@id\":\"https:\/\/www.upjs.sk\/prirodovedecka-fakulta\/studium\/anketa\/studentska-anketa\/#breadcrumb\",\"itemListElement\":[{\"@type\":\"ListItem\",\"position\":1,\"name\":\"Home\",\"item\":\"https:\/\/www.upjs.sk\/prirodovedecka-fakulta\/\"},{\"@type\":\"ListItem\",\"position\":2,\"name\":\"O \u0161t\u00fadiu na fakulte\",\"item\":\"https:\/\/www.upjs.sk\/prirodovedecka-fakulta\/studium\/\"},{\"@type\":\"ListItem\",\"position\":3,\"name\":\"anketa\",\"item\":\"https:\/\/www.upjs.sk\/prirodovedecka-fakulta\/?page_id=17182\"},{\"@type\":\"ListItem\",\"position\":4,\"name\":\"\u0160tudentsk\u00e9 ankety\"}]},{\"@type\":\"WebSite\",\"@id\":\"https:\/\/www.upjs.sk\/prirodovedecka-fakulta\/#website\",\"url\":\"https:\/\/www.upjs.sk\/prirodovedecka-fakulta\/\",\"name\":\"Pr\u00edrodovedeck\u00e1 fakulta | UPJ\u0160\",\"description\":\"\",\"publisher\":{\"@id\":\"https:\/\/www.upjs.sk\/prirodovedecka-fakulta\/#organization\"},\"potentialAction\":[{\"@type\":\"SearchAction\",\"target\":{\"@type\":\"EntryPoint\",\"urlTemplate\":\"https:\/\/www.upjs.sk\/prirodovedecka-fakulta\/?s={search_term_string}\"},\"query-input\":{\"@type\":\"PropertyValueSpecification\",\"valueRequired\":true,\"valueName\":\"search_term_string\"}}],\"inLanguage\":\"sk-SK\"},{\"@type\":\"Organization\",\"@id\":\"https:\/\/www.upjs.sk\/prirodovedecka-fakulta\/#organization\",\"name\":\"Pr\u00edrodovedeck\u00e1 fakulta | UPJ\u0160\",\"url\":\"https:\/\/www.upjs.sk\/prirodovedecka-fakulta\/\",\"logo\":{\"@type\":\"ImageObject\",\"inLanguage\":\"sk-SK\",\"@id\":\"https:\/\/www.upjs.sk\/prirodovedecka-fakulta\/#\/schema\/logo\/image\/\",\"url\":\"https:\/\/www.upjs.sk\/app\/uploads\/sites\/10\/2022\/09\/logo-prirodovedecka-fakulta.png\",\"contentUrl\":\"https:\/\/www.upjs.sk\/app\/uploads\/sites\/10\/2022\/09\/logo-prirodovedecka-fakulta.png\",\"width\":415,\"height\":87,\"caption\":\"Pr\u00edrodovedeck\u00e1 fakulta | UPJ\u0160\"},\"image\":{\"@id\":\"https:\/\/www.upjs.sk\/prirodovedecka-fakulta\/#\/schema\/logo\/image\/\"}}]}<\/script>\n<!-- \/ Yoast SEO plugin. -->","yoast_head_json":{"title":"\u0160tudentsk\u00e9 ankety - Pr\u00edrodovedeck\u00e1 fakulta | UPJ\u0160","robots":{"index":"index","follow":"follow","max-snippet":"max-snippet:-1","max-image-preview":"max-image-preview:large","max-video-preview":"max-video-preview:-1"},"canonical":"https:\/\/www.upjs.sk\/prirodovedecka-fakulta\/studium\/anketa\/studentska-anketa\/","og_locale":"sk_SK","og_type":"article","og_title":"\u0160tudentsk\u00e9 ankety - Pr\u00edrodovedeck\u00e1 fakulta | UPJ\u0160","og_description":"\u0160tudentsk\u00e9 ankety s\u00fa n\u00e1strojom, pomocou ktor\u00e9ho maj\u00fa \u0161tudenti mo\u017enos\u0165 vyjadri\u0165 sa k \u0161t\u00fadiu na PF UPJ\u0160, pouk\u00e1za\u0165 na jeho siln\u00e9 aj slab\u00e9 str\u00e1nky, s ktor\u00fdmi sa pri v\u00fdu\u010dbe jednotliv\u00fdch predmetov stretli. \u0160tudentsk\u00e1 anketa sa realizuje pomocou anonymn\u00e9ho dotazn\u00edka v AiS2 a \u0161tudenti sa m\u00f4\u017eu vyjadri\u0165 ku kvalite predn\u00e1\u0161ok a ich v\u00fdkladu, kvalite a \u0161trukt\u00fare cvi\u010den\u00ed, &hellip; \u010c\u00edta\u0165 \u010falej","og_url":"https:\/\/www.upjs.sk\/prirodovedecka-fakulta\/studium\/anketa\/studentska-anketa\/","og_site_name":"Pr\u00edrodovedeck\u00e1 fakulta | UPJ\u0160","article_modified_time":"2025-01-29T14:04:46+00:00","twitter_card":"summary_large_image","twitter_misc":{"Predpokladan\u00fd \u010das \u010d\u00edtania":"1 min\u00fata"},"schema":{"@context":"https:\/\/schema.org","@graph":[{"@type":"WebPage","@id":"https:\/\/www.upjs.sk\/prirodovedecka-fakulta\/studium\/anketa\/studentska-anketa\/","url":"https:\/\/www.upjs.sk\/prirodovedecka-fakulta\/studium\/anketa\/studentska-anketa\/","name":"\u0160tudentsk\u00e9 ankety - Pr\u00edrodovedeck\u00e1 fakulta | UPJ\u0160","isPartOf":{"@id":"https:\/\/www.upjs.sk\/prirodovedecka-fakulta\/#website"},"datePublished":"2018-04-27T14:17:25+00:00","dateModified":"2025-01-29T14:04:46+00:00","breadcrumb":{"@id":"https:\/\/www.upjs.sk\/prirodovedecka-fakulta\/studium\/anketa\/studentska-anketa\/#breadcrumb"},"inLanguage":"sk-SK","potentialAction":[{"@type":"ReadAction","target":["https:\/\/www.upjs.sk\/prirodovedecka-fakulta\/studium\/anketa\/studentska-anketa\/"]}]},{"@type":"BreadcrumbList","@id":"https:\/\/www.upjs.sk\/prirodovedecka-fakulta\/studium\/anketa\/studentska-anketa\/#breadcrumb","itemListElement":[{"@type":"ListItem","position":1,"name":"Home","item":"https:\/\/www.upjs.sk\/prirodovedecka-fakulta\/"},{"@type":"ListItem","position":2,"name":"O \u0161t\u00fadiu na fakulte","item":"https:\/\/www.upjs.sk\/prirodovedecka-fakulta\/studium\/"},{"@type":"ListItem","position":3,"name":"anketa","item":"https:\/\/www.upjs.sk\/prirodovedecka-fakulta\/?page_id=17182"},{"@type":"ListItem","position":4,"name":"\u0160tudentsk\u00e9 ankety"}]},{"@type":"WebSite","@id":"https:\/\/www.upjs.sk\/prirodovedecka-fakulta\/#website","url":"https:\/\/www.upjs.sk\/prirodovedecka-fakulta\/","name":"Pr\u00edrodovedeck\u00e1 fakulta | UPJ\u0160","description":"","publisher":{"@id":"https:\/\/www.upjs.sk\/prirodovedecka-fakulta\/#organization"},"potentialAction":[{"@type":"SearchAction","target":{"@type":"EntryPoint","urlTemplate":"https:\/\/www.upjs.sk\/prirodovedecka-fakulta\/?s={search_term_string}"},"query-input":{"@type":"PropertyValueSpecification","valueRequired":true,"valueName":"search_term_string"}}],"inLanguage":"sk-SK"},{"@type":"Organization","@id":"https:\/\/www.upjs.sk\/prirodovedecka-fakulta\/#organization","name":"Pr\u00edrodovedeck\u00e1 fakulta | UPJ\u0160","url":"https:\/\/www.upjs.sk\/prirodovedecka-fakulta\/","logo":{"@type":"ImageObject","inLanguage":"sk-SK","@id":"https:\/\/www.upjs.sk\/prirodovedecka-fakulta\/#\/schema\/logo\/image\/","url":"https:\/\/www.upjs.sk\/app\/uploads\/sites\/10\/2022\/09\/logo-prirodovedecka-fakulta.png","contentUrl":"https:\/\/www.upjs.sk\/app\/uploads\/sites\/10\/2022\/09\/logo-prirodovedecka-fakulta.png","width":415,"height":87,"caption":"Pr\u00edrodovedeck\u00e1 fakulta | UPJ\u0160"},"image":{"@id":"https:\/\/www.upjs.sk\/prirodovedecka-fakulta\/#\/schema\/logo\/image\/"}}]}},"_links":{"self":[{"href":"https:\/\/www.upjs.sk\/prirodovedecka-fakulta\/wp-json\/wp\/v2\/pages\/18789","targetHints":{"allow":["GET"]}}],"collection":[{"href":"https:\/\/www.upjs.sk\/prirodovedecka-fakulta\/wp-json\/wp\/v2\/pages"}],"about":[{"href":"https:\/\/www.upjs.sk\/prirodovedecka-fakulta\/wp-json\/wp\/v2\/types\/page"}],"author":[{"embeddable":true,"href":"https:\/\/www.upjs.sk\/prirodovedecka-fakulta\/wp-json\/wp\/v2\/users\/1"}],"replies":[{"embeddable":true,"href":"https:\/\/www.upjs.sk\/prirodovedecka-fakulta\/wp-json\/wp\/v2\/comments?post=18789"}],"version-history":[{"count":4,"href":"https:\/\/www.upjs.sk\/prirodovedecka-fakulta\/wp-json\/wp\/v2\/pages\/18789\/revisions"}],"predecessor-version":[{"id":74895,"href":"https:\/\/www.upjs.sk\/prirodovedecka-fakulta\/wp-json\/wp\/v2\/pages\/18789\/revisions\/74895"}],"up":[{"embeddable":true,"href":"https:\/\/www.upjs.sk\/prirodovedecka-fakulta\/wp-json\/wp\/v2\/pages\/17182"}],"wp:attachment":[{"href":"https:\/\/www.upjs.sk\/prirodovedecka-fakulta\/wp-json\/wp\/v2\/media?parent=18789"}],"wp:term":[{"taxonomy":"category","embeddable":true,"href":"https:\/\/www.upjs.sk\/prirodovedecka-fakulta\/wp-json\/wp\/v2\/categories?post=18789"},{"taxonomy":"post_tag","embeddable":true,"href":"https:\/\/www.upjs.sk\/prirodovedecka-fakulta\/wp-json\/wp\/v2\/tags?post=18789"}],"curies":[{"name":"wp","href":"https:\/\/api.w.org\/{rel}","templated":true}]}}