{"id":19075,"date":"2014-02-24T09:28:39","date_gmt":"2014-02-24T09:28:39","guid":{"rendered":"https:\/\/www.upjs.sk\/prirodovedecka-fakulta\/absolventi\/as\/archiv\/as-04062012\/"},"modified":"2022-10-26T08:13:32","modified_gmt":"2022-10-26T08:13:32","slug":"as-04062012","status":"publish","type":"page","link":"https:\/\/www.upjs.sk\/prirodovedecka-fakulta\/absolventi\/as\/archiv\/as-04062012\/","title":{"rendered":"ALUMNI SPACE &#8211; 04. 06. 2012"},"content":{"rendered":"<p> \t<strong>\u2666 Pozvan\u00ed absolventi: <\/strong><\/p>\n<ul>\n<li> \t\t<a href=\"\/prirodovedecka-fakulta\/fakulta\/hostia-jo\/\"><strong>RNDr. Jozef Ond\u00e1\u0161, CSc., MBA<\/strong> <\/a>\u2013 Partner and Senior consultant, Management Skill Base, s.r.o., b\u00fdval\u00fd gener\u00e1lny riadite\u013e spolo\u010dnosti \u00a0T-Systems Slovakia, absolvent \u0161tudijn\u00e9ho odboru <strong>Matematika, r. 1974<\/strong>\n<ul>\n<li> \t\t\t\t<a href=\"http:\/\/158.197.33.200\/aluspac_120604\/ondas.htm\" target=\"_blank\" rel=\"noopener\"><strong>Videoz\u00e1znam prezent\u00e1cie<\/strong><\/a><\/li>\n<\/ul>\n<\/li>\n<li> \t\t<a href=\"\/prirodovedecka-fakulta\/fakulta\/hostia-mz\/\"><strong>RNDr. Miron Zelina , CSc.<\/strong><\/a><strong> \u2013 <\/strong>riadite\u013e odboru Treasury, PRIVAT Banka , absolvent \u0161tudijn\u00e9ho odboru <strong>Teoretick\u00e1 kybernetika,\u00a0\u00a0matematick\u00e1 informatika a\u00a0te\u00f3ria syst\u00e9mov, r. 1990<\/strong>\n<ul>\n<li> \t\t\t\t<a href=\"http:\/\/158.197.33.200\/aluspac_120604\/zelina.htm\" target=\"_blank\" rel=\"noopener\"><strong>Videoz\u00e1znam prezent\u00e1cie<\/strong><\/a><\/li>\n<\/ul>\n<\/li>\n<li> \t\t<a href=\"\/prirodovedecka-fakulta\/fakulta\/hostia-md\/\"><strong>RNDr. Michal Danil\u00e1k<\/strong><\/a><strong><a href=\"\/prirodovedecka-fakulta\/fakulta\/hostia-md\/\"> <\/a>\u2013 <\/strong>v\u00fdkonn\u00fd riadite\u013e\u00a0 spolo\u010dnosti LYNX, s.r.o., absolvent \u0161tudijn\u00e9ho odboru\u00a0 <strong>Biofyzika a\u00a0chemick\u00e1\u00a0fyzika, \u00a0r. 1984<\/strong>\n<ul>\n<li> \t\t\t\t<a href=\"http:\/\/158.197.33.200\/aluspac_120604\/danilak.htm\" target=\"_blank\" rel=\"noopener\"><strong>Videoz\u00e1znam prezent\u00e1cie<\/strong><\/a><\/li>\n<\/ul>\n<\/li>\n<li> \t\t<a href=\"\/prirodovedecka-fakulta\/fakulta\/hostia-mdv\/\"><strong>Mgr. Mari\u00e1n Dvorsk\u00fd<\/strong><\/a><strong> \u2013 <\/strong>softv\u00e9rov\u00fd in\u017einier\u00a0 spolo\u010dnosti GOOGLE, Silicon Valley USA, absolvent \u0161tudijn\u00e9ho odboru <strong>Informatika, r. 2006\u00a0\u00a0<\/strong>(ON LINE videokonferen\u010dne)\n<ul>\n<li> \t\t\t\t<a href=\"http:\/\/158.197.33.200\/aluspac_120604\/dvorsky.htm\" target=\"_blank\" rel=\"noopener\"><strong>Videoz\u00e1znam prezent\u00e1cie<\/strong><\/a><\/li>\n<\/ul>\n<\/li>\n<\/ul>\n<p> \t<strong>\u2666 \u010eal\u0161ie videoz\u00e1znamy: <a href=\"http:\/\/158.197.33.200\/aluspac_120604\/uvod.htm\" target=\"_blank\" rel=\"noopener\">\u00davod<\/a> \/<a href=\"http:\/\/158.197.33.200\/aluspac_120604\/diskusia.htm\" target=\"_blank\" rel=\"noopener\"> Ot\u00e1zky a odpovede<\/a><\/strong><\/p>\n<p> \t<strong>Podujatia sa z\u00fa\u010dastnili <\/strong><strong>\u0161tudenti ko\u0161ick\u00fdch gymn\u00e1zi\u00ed<\/strong>: <strong>Po<\/strong><strong>\u0161tov\u00e1, Alejov\u00e1, \u0160rob\u00e1rova a\u00a0Opatovsk\u00e1.<\/strong><\/p>\n<p> \t<strong>Videokonferen\u010dne<\/strong>: <strong>\u00a0<\/strong><\/p>\n<ul>\n<li> \t\t<strong>Gymn\u00e1zium Duklianskych hrdinov vo Svidn\u00edku<\/strong><\/li>\n<li> \t\t<strong>Gymn\u00e1zium v Snine<\/strong><\/li>\n<li> \t\t<strong>Gymn\u00e1zium J.A. Raymana v Pre\u0161ove<\/strong><\/li>\n<li> \t\t<strong>Gymn\u00e1zium sv. Mikul\u00e1\u0161a v Starej \u013dubovni<\/strong><\/li>\n<li> \t\t<strong>Gymn\u00e1zium P.O. Hviezdoslava v Ke\u017emarku<\/strong><\/li>\n<\/ul>\n<p> \t<strong>Moder\u00e1tori podujatia<\/strong><strong>:\u00a0 <\/strong>Jana Rimkov\u00e1 a Patrik \u0160u\u013e\u00e1k<\/p>\n<p style=\"text-align: center;\"> \t<a href=\"\/public\/media\/7169\/ALUMNI_SPACE_v.jpg\" target=\"_blank\" rel=\"noopener\"><img decoding=\"async\" alt=\"\" src=\"\/images\/resized\/7169\/ALUMNI_SPACE1.jpg\" style=\"width: 250px; height: 354px;\" \/><\/a><\/p>\n","protected":false},"excerpt":{"rendered":"<p>\u2666 Pozvan\u00ed absolventi: RNDr. Jozef Ond\u00e1\u0161, CSc., MBA \u2013 Partner and Senior consultant, Management Skill Base, s.r.o., b\u00fdval\u00fd gener\u00e1lny riadite\u013e spolo\u010dnosti \u00a0T-Systems Slovakia, absolvent \u0161tudijn\u00e9ho odboru Matematika, r. 1974 Videoz\u00e1znam prezent\u00e1cie RNDr. Miron Zelina , CSc. \u2013 riadite\u013e odboru Treasury, PRIVAT Banka , absolvent \u0161tudijn\u00e9ho odboru Teoretick\u00e1 kybernetika,\u00a0\u00a0matematick\u00e1 informatika a\u00a0te\u00f3ria syst\u00e9mov, r. 1990 Videoz\u00e1znam prezent\u00e1cie &hellip; <a href=\"https:\/\/www.upjs.sk\/prirodovedecka-fakulta\/absolventi\/as\/archiv\/as-04062012\/\">\u010c\u00edta\u0165 \u010falej<\/a><\/p>\n","protected":false},"author":1,"featured_media":19077,"parent":17197,"menu_order":0,"comment_status":"closed","ping_status":"closed","template":"","meta":{"_acf_changed":false,"_editorskit_title_hidden":false,"_editorskit_reading_time":0,"_editorskit_is_block_options_detached":false,"_editorskit_block_options_position":"{}","footnotes":""},"categories":[],"tags":[],"class_list":["post-19075","page","type-page","status-publish","has-post-thumbnail","hentry"],"acf":{"acf_link_na_externy_obsah":""},"yoast_head":"<!-- This site is optimized with the Yoast SEO plugin v27.2 - https:\/\/yoast.com\/product\/yoast-seo-wordpress\/ -->\n<title>ALUMNI SPACE - 04. 06. 2012 - Pr\u00edrodovedeck\u00e1 fakulta | UPJ\u0160<\/title>\n<meta name=\"robots\" content=\"index, follow, max-snippet:-1, max-image-preview:large, max-video-preview:-1\" \/>\n<link rel=\"canonical\" href=\"https:\/\/www.upjs.sk\/prirodovedecka-fakulta\/absolventi\/as\/archiv\/as-04062012\/\" \/>\n<meta property=\"og:locale\" content=\"sk_SK\" \/>\n<meta property=\"og:type\" content=\"article\" \/>\n<meta property=\"og:title\" content=\"ALUMNI SPACE - 04. 06. 2012 - Pr\u00edrodovedeck\u00e1 fakulta | UPJ\u0160\" \/>\n<meta property=\"og:description\" content=\"\u2666 Pozvan\u00ed absolventi: RNDr. Jozef Ond\u00e1\u0161, CSc., MBA \u2013 Partner and Senior consultant, Management Skill Base, s.r.o., b\u00fdval\u00fd gener\u00e1lny riadite\u013e spolo\u010dnosti \u00a0T-Systems Slovakia, absolvent \u0161tudijn\u00e9ho odboru Matematika, r. 1974 Videoz\u00e1znam prezent\u00e1cie RNDr. Miron Zelina , CSc. \u2013 riadite\u013e odboru Treasury, PRIVAT Banka , absolvent \u0161tudijn\u00e9ho odboru Teoretick\u00e1 kybernetika,\u00a0\u00a0matematick\u00e1 informatika a\u00a0te\u00f3ria syst\u00e9mov, r. 1990 Videoz\u00e1znam prezent\u00e1cie &hellip; \u010c\u00edta\u0165 \u010falej\" \/>\n<meta property=\"og:url\" content=\"https:\/\/www.upjs.sk\/prirodovedecka-fakulta\/absolventi\/as\/archiv\/as-04062012\/\" \/>\n<meta property=\"og:site_name\" content=\"Pr\u00edrodovedeck\u00e1 fakulta | UPJ\u0160\" \/>\n<meta property=\"article:modified_time\" content=\"2022-10-26T08:13:32+00:00\" \/>\n<meta property=\"og:image\" content=\"https:\/\/www.upjs.sk\/app\/uploads\/sites\/10\/2022\/10\/ALUMNI_SPACE1.jpg\" \/>\n\t<meta property=\"og:image:width\" content=\"453\" \/>\n\t<meta property=\"og:image:height\" content=\"640\" \/>\n\t<meta property=\"og:image:type\" content=\"image\/jpeg\" \/>\n<meta name=\"twitter:card\" content=\"summary_large_image\" \/>\n<meta name=\"twitter:label1\" content=\"Predpokladan\u00fd \u010das \u010d\u00edtania\" \/>\n\t<meta name=\"twitter:data1\" content=\"1 min\u00fata\" \/>\n<script type=\"application\/ld+json\" class=\"yoast-schema-graph\">{\"@context\":\"https:\/\/schema.org\",\"@graph\":[{\"@type\":\"WebPage\",\"@id\":\"https:\/\/www.upjs.sk\/prirodovedecka-fakulta\/absolventi\/as\/archiv\/as-04062012\/\",\"url\":\"https:\/\/www.upjs.sk\/prirodovedecka-fakulta\/absolventi\/as\/archiv\/as-04062012\/\",\"name\":\"ALUMNI SPACE - 04. 06. 2012 - Pr\u00edrodovedeck\u00e1 fakulta | UPJ\u0160\",\"isPartOf\":{\"@id\":\"https:\/\/www.upjs.sk\/prirodovedecka-fakulta\/#website\"},\"primaryImageOfPage\":{\"@id\":\"https:\/\/www.upjs.sk\/prirodovedecka-fakulta\/absolventi\/as\/archiv\/as-04062012\/#primaryimage\"},\"image\":{\"@id\":\"https:\/\/www.upjs.sk\/prirodovedecka-fakulta\/absolventi\/as\/archiv\/as-04062012\/#primaryimage\"},\"thumbnailUrl\":\"https:\/\/www.upjs.sk\/app\/uploads\/sites\/10\/2022\/10\/ALUMNI_SPACE1.jpg\",\"datePublished\":\"2014-02-24T09:28:39+00:00\",\"dateModified\":\"2022-10-26T08:13:32+00:00\",\"breadcrumb\":{\"@id\":\"https:\/\/www.upjs.sk\/prirodovedecka-fakulta\/absolventi\/as\/archiv\/as-04062012\/#breadcrumb\"},\"inLanguage\":\"sk-SK\",\"potentialAction\":[{\"@type\":\"ReadAction\",\"target\":[\"https:\/\/www.upjs.sk\/prirodovedecka-fakulta\/absolventi\/as\/archiv\/as-04062012\/\"]}]},{\"@type\":\"ImageObject\",\"inLanguage\":\"sk-SK\",\"@id\":\"https:\/\/www.upjs.sk\/prirodovedecka-fakulta\/absolventi\/as\/archiv\/as-04062012\/#primaryimage\",\"url\":\"https:\/\/www.upjs.sk\/app\/uploads\/sites\/10\/2022\/10\/ALUMNI_SPACE1.jpg\",\"contentUrl\":\"https:\/\/www.upjs.sk\/app\/uploads\/sites\/10\/2022\/10\/ALUMNI_SPACE1.jpg\",\"width\":453,\"height\":640,\"caption\":\"7115\"},{\"@type\":\"BreadcrumbList\",\"@id\":\"https:\/\/www.upjs.sk\/prirodovedecka-fakulta\/absolventi\/as\/archiv\/as-04062012\/#breadcrumb\",\"itemListElement\":[{\"@type\":\"ListItem\",\"position\":1,\"name\":\"Home\",\"item\":\"https:\/\/www.upjs.sk\/prirodovedecka-fakulta\/\"},{\"@type\":\"ListItem\",\"position\":2,\"name\":\"Inform\u00e1cie pre absolventov\",\"item\":\"https:\/\/www.upjs.sk\/prirodovedecka-fakulta\/?page_id=13007\"},{\"@type\":\"ListItem\",\"position\":3,\"name\":\"ALUMNI SPACE &#8230;.cesta za \u00faspechom\",\"item\":\"https:\/\/www.upjs.sk\/prirodovedecka-fakulta\/absolventi\/as\/\"},{\"@type\":\"ListItem\",\"position\":4,\"name\":\"ALUMNI SPACE &#8211; arch\u00edv\",\"item\":\"https:\/\/www.upjs.sk\/prirodovedecka-fakulta\/absolventi\/as\/archiv\/\"},{\"@type\":\"ListItem\",\"position\":5,\"name\":\"ALUMNI SPACE &#8211; 04. 06. 2012\"}]},{\"@type\":\"WebSite\",\"@id\":\"https:\/\/www.upjs.sk\/prirodovedecka-fakulta\/#website\",\"url\":\"https:\/\/www.upjs.sk\/prirodovedecka-fakulta\/\",\"name\":\"Pr\u00edrodovedeck\u00e1 fakulta | UPJ\u0160\",\"description\":\"\",\"publisher\":{\"@id\":\"https:\/\/www.upjs.sk\/prirodovedecka-fakulta\/#organization\"},\"potentialAction\":[{\"@type\":\"SearchAction\",\"target\":{\"@type\":\"EntryPoint\",\"urlTemplate\":\"https:\/\/www.upjs.sk\/prirodovedecka-fakulta\/?s={search_term_string}\"},\"query-input\":{\"@type\":\"PropertyValueSpecification\",\"valueRequired\":true,\"valueName\":\"search_term_string\"}}],\"inLanguage\":\"sk-SK\"},{\"@type\":\"Organization\",\"@id\":\"https:\/\/www.upjs.sk\/prirodovedecka-fakulta\/#organization\",\"name\":\"Pr\u00edrodovedeck\u00e1 fakulta | UPJ\u0160\",\"url\":\"https:\/\/www.upjs.sk\/prirodovedecka-fakulta\/\",\"logo\":{\"@type\":\"ImageObject\",\"inLanguage\":\"sk-SK\",\"@id\":\"https:\/\/www.upjs.sk\/prirodovedecka-fakulta\/#\/schema\/logo\/image\/\",\"url\":\"https:\/\/www.upjs.sk\/app\/uploads\/sites\/10\/2022\/09\/logo-prirodovedecka-fakulta.png\",\"contentUrl\":\"https:\/\/www.upjs.sk\/app\/uploads\/sites\/10\/2022\/09\/logo-prirodovedecka-fakulta.png\",\"width\":415,\"height\":87,\"caption\":\"Pr\u00edrodovedeck\u00e1 fakulta | UPJ\u0160\"},\"image\":{\"@id\":\"https:\/\/www.upjs.sk\/prirodovedecka-fakulta\/#\/schema\/logo\/image\/\"}}]}<\/script>\n<!-- \/ Yoast SEO plugin. -->","yoast_head_json":{"title":"ALUMNI SPACE - 04. 06. 2012 - Pr\u00edrodovedeck\u00e1 fakulta | UPJ\u0160","robots":{"index":"index","follow":"follow","max-snippet":"max-snippet:-1","max-image-preview":"max-image-preview:large","max-video-preview":"max-video-preview:-1"},"canonical":"https:\/\/www.upjs.sk\/prirodovedecka-fakulta\/absolventi\/as\/archiv\/as-04062012\/","og_locale":"sk_SK","og_type":"article","og_title":"ALUMNI SPACE - 04. 06. 2012 - Pr\u00edrodovedeck\u00e1 fakulta | UPJ\u0160","og_description":"\u2666 Pozvan\u00ed absolventi: RNDr. Jozef Ond\u00e1\u0161, CSc., MBA \u2013 Partner and Senior consultant, Management Skill Base, s.r.o., b\u00fdval\u00fd gener\u00e1lny riadite\u013e spolo\u010dnosti \u00a0T-Systems Slovakia, absolvent \u0161tudijn\u00e9ho odboru Matematika, r. 1974 Videoz\u00e1znam prezent\u00e1cie RNDr. Miron Zelina , CSc. \u2013 riadite\u013e odboru Treasury, PRIVAT Banka , absolvent \u0161tudijn\u00e9ho odboru Teoretick\u00e1 kybernetika,\u00a0\u00a0matematick\u00e1 informatika a\u00a0te\u00f3ria syst\u00e9mov, r. 1990 Videoz\u00e1znam prezent\u00e1cie &hellip; \u010c\u00edta\u0165 \u010falej","og_url":"https:\/\/www.upjs.sk\/prirodovedecka-fakulta\/absolventi\/as\/archiv\/as-04062012\/","og_site_name":"Pr\u00edrodovedeck\u00e1 fakulta | UPJ\u0160","article_modified_time":"2022-10-26T08:13:32+00:00","og_image":[{"width":453,"height":640,"url":"https:\/\/www.upjs.sk\/app\/uploads\/sites\/10\/2022\/10\/ALUMNI_SPACE1.jpg","type":"image\/jpeg"}],"twitter_card":"summary_large_image","twitter_misc":{"Predpokladan\u00fd \u010das \u010d\u00edtania":"1 min\u00fata"},"schema":{"@context":"https:\/\/schema.org","@graph":[{"@type":"WebPage","@id":"https:\/\/www.upjs.sk\/prirodovedecka-fakulta\/absolventi\/as\/archiv\/as-04062012\/","url":"https:\/\/www.upjs.sk\/prirodovedecka-fakulta\/absolventi\/as\/archiv\/as-04062012\/","name":"ALUMNI SPACE - 04. 06. 2012 - Pr\u00edrodovedeck\u00e1 fakulta | UPJ\u0160","isPartOf":{"@id":"https:\/\/www.upjs.sk\/prirodovedecka-fakulta\/#website"},"primaryImageOfPage":{"@id":"https:\/\/www.upjs.sk\/prirodovedecka-fakulta\/absolventi\/as\/archiv\/as-04062012\/#primaryimage"},"image":{"@id":"https:\/\/www.upjs.sk\/prirodovedecka-fakulta\/absolventi\/as\/archiv\/as-04062012\/#primaryimage"},"thumbnailUrl":"https:\/\/www.upjs.sk\/app\/uploads\/sites\/10\/2022\/10\/ALUMNI_SPACE1.jpg","datePublished":"2014-02-24T09:28:39+00:00","dateModified":"2022-10-26T08:13:32+00:00","breadcrumb":{"@id":"https:\/\/www.upjs.sk\/prirodovedecka-fakulta\/absolventi\/as\/archiv\/as-04062012\/#breadcrumb"},"inLanguage":"sk-SK","potentialAction":[{"@type":"ReadAction","target":["https:\/\/www.upjs.sk\/prirodovedecka-fakulta\/absolventi\/as\/archiv\/as-04062012\/"]}]},{"@type":"ImageObject","inLanguage":"sk-SK","@id":"https:\/\/www.upjs.sk\/prirodovedecka-fakulta\/absolventi\/as\/archiv\/as-04062012\/#primaryimage","url":"https:\/\/www.upjs.sk\/app\/uploads\/sites\/10\/2022\/10\/ALUMNI_SPACE1.jpg","contentUrl":"https:\/\/www.upjs.sk\/app\/uploads\/sites\/10\/2022\/10\/ALUMNI_SPACE1.jpg","width":453,"height":640,"caption":"7115"},{"@type":"BreadcrumbList","@id":"https:\/\/www.upjs.sk\/prirodovedecka-fakulta\/absolventi\/as\/archiv\/as-04062012\/#breadcrumb","itemListElement":[{"@type":"ListItem","position":1,"name":"Home","item":"https:\/\/www.upjs.sk\/prirodovedecka-fakulta\/"},{"@type":"ListItem","position":2,"name":"Inform\u00e1cie pre absolventov","item":"https:\/\/www.upjs.sk\/prirodovedecka-fakulta\/?page_id=13007"},{"@type":"ListItem","position":3,"name":"ALUMNI SPACE &#8230;.cesta za \u00faspechom","item":"https:\/\/www.upjs.sk\/prirodovedecka-fakulta\/absolventi\/as\/"},{"@type":"ListItem","position":4,"name":"ALUMNI SPACE &#8211; arch\u00edv","item":"https:\/\/www.upjs.sk\/prirodovedecka-fakulta\/absolventi\/as\/archiv\/"},{"@type":"ListItem","position":5,"name":"ALUMNI SPACE &#8211; 04. 06. 2012"}]},{"@type":"WebSite","@id":"https:\/\/www.upjs.sk\/prirodovedecka-fakulta\/#website","url":"https:\/\/www.upjs.sk\/prirodovedecka-fakulta\/","name":"Pr\u00edrodovedeck\u00e1 fakulta | UPJ\u0160","description":"","publisher":{"@id":"https:\/\/www.upjs.sk\/prirodovedecka-fakulta\/#organization"},"potentialAction":[{"@type":"SearchAction","target":{"@type":"EntryPoint","urlTemplate":"https:\/\/www.upjs.sk\/prirodovedecka-fakulta\/?s={search_term_string}"},"query-input":{"@type":"PropertyValueSpecification","valueRequired":true,"valueName":"search_term_string"}}],"inLanguage":"sk-SK"},{"@type":"Organization","@id":"https:\/\/www.upjs.sk\/prirodovedecka-fakulta\/#organization","name":"Pr\u00edrodovedeck\u00e1 fakulta | UPJ\u0160","url":"https:\/\/www.upjs.sk\/prirodovedecka-fakulta\/","logo":{"@type":"ImageObject","inLanguage":"sk-SK","@id":"https:\/\/www.upjs.sk\/prirodovedecka-fakulta\/#\/schema\/logo\/image\/","url":"https:\/\/www.upjs.sk\/app\/uploads\/sites\/10\/2022\/09\/logo-prirodovedecka-fakulta.png","contentUrl":"https:\/\/www.upjs.sk\/app\/uploads\/sites\/10\/2022\/09\/logo-prirodovedecka-fakulta.png","width":415,"height":87,"caption":"Pr\u00edrodovedeck\u00e1 fakulta | UPJ\u0160"},"image":{"@id":"https:\/\/www.upjs.sk\/prirodovedecka-fakulta\/#\/schema\/logo\/image\/"}}]}},"_links":{"self":[{"href":"https:\/\/www.upjs.sk\/prirodovedecka-fakulta\/wp-json\/wp\/v2\/pages\/19075","targetHints":{"allow":["GET"]}}],"collection":[{"href":"https:\/\/www.upjs.sk\/prirodovedecka-fakulta\/wp-json\/wp\/v2\/pages"}],"about":[{"href":"https:\/\/www.upjs.sk\/prirodovedecka-fakulta\/wp-json\/wp\/v2\/types\/page"}],"author":[{"embeddable":true,"href":"https:\/\/www.upjs.sk\/prirodovedecka-fakulta\/wp-json\/wp\/v2\/users\/1"}],"replies":[{"embeddable":true,"href":"https:\/\/www.upjs.sk\/prirodovedecka-fakulta\/wp-json\/wp\/v2\/comments?post=19075"}],"version-history":[{"count":1,"href":"https:\/\/www.upjs.sk\/prirodovedecka-fakulta\/wp-json\/wp\/v2\/pages\/19075\/revisions"}],"predecessor-version":[{"id":19076,"href":"https:\/\/www.upjs.sk\/prirodovedecka-fakulta\/wp-json\/wp\/v2\/pages\/19075\/revisions\/19076"}],"up":[{"embeddable":true,"href":"https:\/\/www.upjs.sk\/prirodovedecka-fakulta\/wp-json\/wp\/v2\/pages\/17197"}],"wp:featuredmedia":[{"embeddable":true,"href":"https:\/\/www.upjs.sk\/prirodovedecka-fakulta\/wp-json\/wp\/v2\/media\/19077"}],"wp:attachment":[{"href":"https:\/\/www.upjs.sk\/prirodovedecka-fakulta\/wp-json\/wp\/v2\/media?parent=19075"}],"wp:term":[{"taxonomy":"category","embeddable":true,"href":"https:\/\/www.upjs.sk\/prirodovedecka-fakulta\/wp-json\/wp\/v2\/categories?post=19075"},{"taxonomy":"post_tag","embeddable":true,"href":"https:\/\/www.upjs.sk\/prirodovedecka-fakulta\/wp-json\/wp\/v2\/tags?post=19075"}],"curies":[{"name":"wp","href":"https:\/\/api.w.org\/{rel}","templated":true}]}}