{"id":19098,"date":"2013-02-28T10:17:09","date_gmt":"2013-02-28T10:17:09","guid":{"rendered":"https:\/\/www.upjs.sk\/prirodovedecka-fakulta\/absolventi\/as\/archiv\/as-13022013\/"},"modified":"2022-10-26T08:13:35","modified_gmt":"2022-10-26T08:13:35","slug":"as-13022013","status":"publish","type":"page","link":"https:\/\/www.upjs.sk\/prirodovedecka-fakulta\/absolventi\/as\/archiv\/as-13022013\/","title":{"rendered":"ALUMNI SPACE &#8211; 13. 02. 2013"},"content":{"rendered":"<p> \t<strong>\u2666 Pozvan\u00ed absolventi: <\/strong><\/p>\n<ul>\n<li> \t\t<a href=\"https:\/\/www.upjs.sk\/prirodovedecka-fakulta\/absolventi\/as\/archiv\/hostia-lr\/\"><strong>RNDr. Ladislav Ro\u017eek<\/strong> <\/a>&#8211; v s\u00fa\u010dasnosti vykon\u00e1va funkciu riadite\u013ea spol. U.S.S.K.- Labortest, ktor\u00e1 je dc\u00e9rskou spolo\u010dnos\u0165ou USSK. Hlavnou n\u00e1pl\u0148ou \u010dinnosti tejto spolo\u010dnosti je vykon\u00e1vanie kontroly kvality v\u0161etk\u00fdch vstupn\u00fdch surov\u00edn, medziopera\u010dnej kontroly ako aj fin\u00e1lne meranie parametrov hotov\u00fdch v\u00fdrobkov USSK<\/li>\n<li sizcache=\"0\" sizset=\"7\" style=\"text-align: justify;\"> \t\t<a href=\"https:\/\/www.upjs.sk\/prirodovedecka-fakulta\/absolventi\/as\/archiv\/hostia-ps\/\"><strong>Prof. RNDr.Peter Samuely, DrSc. <\/strong><\/a>&#8211; je ved\u00facim Centra fyziky ve\u013emi n\u00edzkych tepl\u00f4t \u00dastavu experiment\u00e1lnej fyziky, Centra excelentnosti SAV a UPJ\u0160<\/li>\n<li sizcache=\"0\" sizset=\"8\" style=\"text-align: justify;\"> \t\t<a href=\"https:\/\/www.upjs.sk\/prirodovedecka-fakulta\/absolventi\/as\/archiv\/hostia-nw\/\"><strong>RNDr. Norbert Werner <\/strong><\/a>&#8211; v s\u00fa\u010dasnosti p\u00f4sob\u00ed ako astrofyzik na Standfordskej univerzite v Kalifornii, USA<\/li>\n<\/ul>\n<p sizcache=\"0\" sizset=\"8\" style=\"text-align: justify;\"> \t\u00a0<\/p>\n<p sizcache=\"0\" sizset=\"8\" style=\"text-align: center;\"> \t<a href=\"\/public\/media\/7931\/plagat_Alumni_012013.pdf\" target=\"_blank\" rel=\"noopener\"><img decoding=\"async\" alt=\"\" src=\"https:\/\/www.upjs.sk\/app\/uploads\/sites\/10\/2022\/10\/plagat_Alumni_012013_m.jpg\" style=\"width: 453px; height: 640px;\" \/><\/a><\/p>\n","protected":false},"excerpt":{"rendered":"<p>\u2666 Pozvan\u00ed absolventi: RNDr. Ladislav Ro\u017eek &#8211; v s\u00fa\u010dasnosti vykon\u00e1va funkciu riadite\u013ea spol. U.S.S.K.- Labortest, ktor\u00e1 je dc\u00e9rskou spolo\u010dnos\u0165ou USSK. Hlavnou n\u00e1pl\u0148ou \u010dinnosti tejto spolo\u010dnosti je vykon\u00e1vanie kontroly kvality v\u0161etk\u00fdch vstupn\u00fdch surov\u00edn, medziopera\u010dnej kontroly ako aj fin\u00e1lne meranie parametrov hotov\u00fdch v\u00fdrobkov USSK Prof. RNDr.Peter Samuely, DrSc. &#8211; je ved\u00facim Centra fyziky ve\u013emi n\u00edzkych tepl\u00f4t \u00dastavu &hellip; <a href=\"https:\/\/www.upjs.sk\/prirodovedecka-fakulta\/absolventi\/as\/archiv\/as-13022013\/\">\u010c\u00edta\u0165 \u010falej<\/a><\/p>\n","protected":false},"author":1,"featured_media":19099,"parent":17197,"menu_order":7,"comment_status":"closed","ping_status":"closed","template":"","meta":{"_acf_changed":false,"_editorskit_title_hidden":false,"_editorskit_reading_time":0,"_editorskit_is_block_options_detached":false,"_editorskit_block_options_position":"{}","footnotes":""},"categories":[],"tags":[],"class_list":["post-19098","page","type-page","status-publish","has-post-thumbnail","hentry"],"acf":{"acf_link_na_externy_obsah":""},"yoast_head":"<!-- This site is optimized with the Yoast SEO plugin v27.2 - https:\/\/yoast.com\/product\/yoast-seo-wordpress\/ -->\n<title>ALUMNI SPACE - 13. 02. 2013 - Pr\u00edrodovedeck\u00e1 fakulta | UPJ\u0160<\/title>\n<meta name=\"robots\" content=\"index, follow, max-snippet:-1, max-image-preview:large, max-video-preview:-1\" \/>\n<link rel=\"canonical\" href=\"https:\/\/www.upjs.sk\/prirodovedecka-fakulta\/absolventi\/as\/archiv\/as-13022013\/\" \/>\n<meta property=\"og:locale\" content=\"sk_SK\" \/>\n<meta property=\"og:type\" content=\"article\" \/>\n<meta property=\"og:title\" content=\"ALUMNI SPACE - 13. 02. 2013 - Pr\u00edrodovedeck\u00e1 fakulta | UPJ\u0160\" \/>\n<meta property=\"og:description\" content=\"\u2666 Pozvan\u00ed absolventi: RNDr. Ladislav Ro\u017eek &#8211; v s\u00fa\u010dasnosti vykon\u00e1va funkciu riadite\u013ea spol. U.S.S.K.- Labortest, ktor\u00e1 je dc\u00e9rskou spolo\u010dnos\u0165ou USSK. Hlavnou n\u00e1pl\u0148ou \u010dinnosti tejto spolo\u010dnosti je vykon\u00e1vanie kontroly kvality v\u0161etk\u00fdch vstupn\u00fdch surov\u00edn, medziopera\u010dnej kontroly ako aj fin\u00e1lne meranie parametrov hotov\u00fdch v\u00fdrobkov USSK Prof. RNDr.Peter Samuely, DrSc. &#8211; je ved\u00facim Centra fyziky ve\u013emi n\u00edzkych tepl\u00f4t \u00dastavu &hellip; \u010c\u00edta\u0165 \u010falej\" \/>\n<meta property=\"og:url\" content=\"https:\/\/www.upjs.sk\/prirodovedecka-fakulta\/absolventi\/as\/archiv\/as-13022013\/\" \/>\n<meta property=\"og:site_name\" content=\"Pr\u00edrodovedeck\u00e1 fakulta | UPJ\u0160\" \/>\n<meta property=\"article:modified_time\" content=\"2022-10-26T08:13:35+00:00\" \/>\n<meta property=\"og:image\" content=\"https:\/\/www.upjs.sk\/app\/uploads\/sites\/10\/2022\/10\/plagat_Alumni_012013_m.jpg\" \/>\n\t<meta property=\"og:image:width\" content=\"453\" \/>\n\t<meta property=\"og:image:height\" content=\"640\" \/>\n\t<meta property=\"og:image:type\" content=\"image\/jpeg\" \/>\n<meta name=\"twitter:card\" content=\"summary_large_image\" \/>\n<meta name=\"twitter:label1\" content=\"Predpokladan\u00fd \u010das \u010d\u00edtania\" \/>\n\t<meta name=\"twitter:data1\" content=\"1 min\u00fata\" \/>\n<script type=\"application\/ld+json\" class=\"yoast-schema-graph\">{\"@context\":\"https:\/\/schema.org\",\"@graph\":[{\"@type\":\"WebPage\",\"@id\":\"https:\/\/www.upjs.sk\/prirodovedecka-fakulta\/absolventi\/as\/archiv\/as-13022013\/\",\"url\":\"https:\/\/www.upjs.sk\/prirodovedecka-fakulta\/absolventi\/as\/archiv\/as-13022013\/\",\"name\":\"ALUMNI SPACE - 13. 02. 2013 - Pr\u00edrodovedeck\u00e1 fakulta | UPJ\u0160\",\"isPartOf\":{\"@id\":\"https:\/\/www.upjs.sk\/prirodovedecka-fakulta\/#website\"},\"primaryImageOfPage\":{\"@id\":\"https:\/\/www.upjs.sk\/prirodovedecka-fakulta\/absolventi\/as\/archiv\/as-13022013\/#primaryimage\"},\"image\":{\"@id\":\"https:\/\/www.upjs.sk\/prirodovedecka-fakulta\/absolventi\/as\/archiv\/as-13022013\/#primaryimage\"},\"thumbnailUrl\":\"https:\/\/www.upjs.sk\/app\/uploads\/sites\/10\/2022\/10\/plagat_Alumni_012013_m.jpg\",\"datePublished\":\"2013-02-28T10:17:09+00:00\",\"dateModified\":\"2022-10-26T08:13:35+00:00\",\"breadcrumb\":{\"@id\":\"https:\/\/www.upjs.sk\/prirodovedecka-fakulta\/absolventi\/as\/archiv\/as-13022013\/#breadcrumb\"},\"inLanguage\":\"sk-SK\",\"potentialAction\":[{\"@type\":\"ReadAction\",\"target\":[\"https:\/\/www.upjs.sk\/prirodovedecka-fakulta\/absolventi\/as\/archiv\/as-13022013\/\"]}]},{\"@type\":\"ImageObject\",\"inLanguage\":\"sk-SK\",\"@id\":\"https:\/\/www.upjs.sk\/prirodovedecka-fakulta\/absolventi\/as\/archiv\/as-13022013\/#primaryimage\",\"url\":\"https:\/\/www.upjs.sk\/app\/uploads\/sites\/10\/2022\/10\/plagat_Alumni_012013_m.jpg\",\"contentUrl\":\"https:\/\/www.upjs.sk\/app\/uploads\/sites\/10\/2022\/10\/plagat_Alumni_012013_m.jpg\",\"width\":453,\"height\":640,\"caption\":\"as-13022013\"},{\"@type\":\"BreadcrumbList\",\"@id\":\"https:\/\/www.upjs.sk\/prirodovedecka-fakulta\/absolventi\/as\/archiv\/as-13022013\/#breadcrumb\",\"itemListElement\":[{\"@type\":\"ListItem\",\"position\":1,\"name\":\"Home\",\"item\":\"https:\/\/www.upjs.sk\/prirodovedecka-fakulta\/\"},{\"@type\":\"ListItem\",\"position\":2,\"name\":\"Inform\u00e1cie pre absolventov\",\"item\":\"https:\/\/www.upjs.sk\/prirodovedecka-fakulta\/?page_id=13007\"},{\"@type\":\"ListItem\",\"position\":3,\"name\":\"ALUMNI SPACE &#8230;.cesta za \u00faspechom\",\"item\":\"https:\/\/www.upjs.sk\/prirodovedecka-fakulta\/absolventi\/as\/\"},{\"@type\":\"ListItem\",\"position\":4,\"name\":\"ALUMNI SPACE &#8211; arch\u00edv\",\"item\":\"https:\/\/www.upjs.sk\/prirodovedecka-fakulta\/absolventi\/as\/archiv\/\"},{\"@type\":\"ListItem\",\"position\":5,\"name\":\"ALUMNI SPACE &#8211; 13. 02. 2013\"}]},{\"@type\":\"WebSite\",\"@id\":\"https:\/\/www.upjs.sk\/prirodovedecka-fakulta\/#website\",\"url\":\"https:\/\/www.upjs.sk\/prirodovedecka-fakulta\/\",\"name\":\"Pr\u00edrodovedeck\u00e1 fakulta | UPJ\u0160\",\"description\":\"\",\"publisher\":{\"@id\":\"https:\/\/www.upjs.sk\/prirodovedecka-fakulta\/#organization\"},\"potentialAction\":[{\"@type\":\"SearchAction\",\"target\":{\"@type\":\"EntryPoint\",\"urlTemplate\":\"https:\/\/www.upjs.sk\/prirodovedecka-fakulta\/?s={search_term_string}\"},\"query-input\":{\"@type\":\"PropertyValueSpecification\",\"valueRequired\":true,\"valueName\":\"search_term_string\"}}],\"inLanguage\":\"sk-SK\"},{\"@type\":\"Organization\",\"@id\":\"https:\/\/www.upjs.sk\/prirodovedecka-fakulta\/#organization\",\"name\":\"Pr\u00edrodovedeck\u00e1 fakulta | UPJ\u0160\",\"url\":\"https:\/\/www.upjs.sk\/prirodovedecka-fakulta\/\",\"logo\":{\"@type\":\"ImageObject\",\"inLanguage\":\"sk-SK\",\"@id\":\"https:\/\/www.upjs.sk\/prirodovedecka-fakulta\/#\/schema\/logo\/image\/\",\"url\":\"https:\/\/www.upjs.sk\/app\/uploads\/sites\/10\/2022\/09\/logo-prirodovedecka-fakulta.png\",\"contentUrl\":\"https:\/\/www.upjs.sk\/app\/uploads\/sites\/10\/2022\/09\/logo-prirodovedecka-fakulta.png\",\"width\":415,\"height\":87,\"caption\":\"Pr\u00edrodovedeck\u00e1 fakulta | UPJ\u0160\"},\"image\":{\"@id\":\"https:\/\/www.upjs.sk\/prirodovedecka-fakulta\/#\/schema\/logo\/image\/\"}}]}<\/script>\n<!-- \/ Yoast SEO plugin. -->","yoast_head_json":{"title":"ALUMNI SPACE - 13. 02. 2013 - Pr\u00edrodovedeck\u00e1 fakulta | UPJ\u0160","robots":{"index":"index","follow":"follow","max-snippet":"max-snippet:-1","max-image-preview":"max-image-preview:large","max-video-preview":"max-video-preview:-1"},"canonical":"https:\/\/www.upjs.sk\/prirodovedecka-fakulta\/absolventi\/as\/archiv\/as-13022013\/","og_locale":"sk_SK","og_type":"article","og_title":"ALUMNI SPACE - 13. 02. 2013 - Pr\u00edrodovedeck\u00e1 fakulta | UPJ\u0160","og_description":"\u2666 Pozvan\u00ed absolventi: RNDr. Ladislav Ro\u017eek &#8211; v s\u00fa\u010dasnosti vykon\u00e1va funkciu riadite\u013ea spol. U.S.S.K.- Labortest, ktor\u00e1 je dc\u00e9rskou spolo\u010dnos\u0165ou USSK. Hlavnou n\u00e1pl\u0148ou \u010dinnosti tejto spolo\u010dnosti je vykon\u00e1vanie kontroly kvality v\u0161etk\u00fdch vstupn\u00fdch surov\u00edn, medziopera\u010dnej kontroly ako aj fin\u00e1lne meranie parametrov hotov\u00fdch v\u00fdrobkov USSK Prof. RNDr.Peter Samuely, DrSc. &#8211; je ved\u00facim Centra fyziky ve\u013emi n\u00edzkych tepl\u00f4t \u00dastavu &hellip; \u010c\u00edta\u0165 \u010falej","og_url":"https:\/\/www.upjs.sk\/prirodovedecka-fakulta\/absolventi\/as\/archiv\/as-13022013\/","og_site_name":"Pr\u00edrodovedeck\u00e1 fakulta | UPJ\u0160","article_modified_time":"2022-10-26T08:13:35+00:00","og_image":[{"width":453,"height":640,"url":"https:\/\/www.upjs.sk\/app\/uploads\/sites\/10\/2022\/10\/plagat_Alumni_012013_m.jpg","type":"image\/jpeg"}],"twitter_card":"summary_large_image","twitter_misc":{"Predpokladan\u00fd \u010das \u010d\u00edtania":"1 min\u00fata"},"schema":{"@context":"https:\/\/schema.org","@graph":[{"@type":"WebPage","@id":"https:\/\/www.upjs.sk\/prirodovedecka-fakulta\/absolventi\/as\/archiv\/as-13022013\/","url":"https:\/\/www.upjs.sk\/prirodovedecka-fakulta\/absolventi\/as\/archiv\/as-13022013\/","name":"ALUMNI SPACE - 13. 02. 2013 - Pr\u00edrodovedeck\u00e1 fakulta | UPJ\u0160","isPartOf":{"@id":"https:\/\/www.upjs.sk\/prirodovedecka-fakulta\/#website"},"primaryImageOfPage":{"@id":"https:\/\/www.upjs.sk\/prirodovedecka-fakulta\/absolventi\/as\/archiv\/as-13022013\/#primaryimage"},"image":{"@id":"https:\/\/www.upjs.sk\/prirodovedecka-fakulta\/absolventi\/as\/archiv\/as-13022013\/#primaryimage"},"thumbnailUrl":"https:\/\/www.upjs.sk\/app\/uploads\/sites\/10\/2022\/10\/plagat_Alumni_012013_m.jpg","datePublished":"2013-02-28T10:17:09+00:00","dateModified":"2022-10-26T08:13:35+00:00","breadcrumb":{"@id":"https:\/\/www.upjs.sk\/prirodovedecka-fakulta\/absolventi\/as\/archiv\/as-13022013\/#breadcrumb"},"inLanguage":"sk-SK","potentialAction":[{"@type":"ReadAction","target":["https:\/\/www.upjs.sk\/prirodovedecka-fakulta\/absolventi\/as\/archiv\/as-13022013\/"]}]},{"@type":"ImageObject","inLanguage":"sk-SK","@id":"https:\/\/www.upjs.sk\/prirodovedecka-fakulta\/absolventi\/as\/archiv\/as-13022013\/#primaryimage","url":"https:\/\/www.upjs.sk\/app\/uploads\/sites\/10\/2022\/10\/plagat_Alumni_012013_m.jpg","contentUrl":"https:\/\/www.upjs.sk\/app\/uploads\/sites\/10\/2022\/10\/plagat_Alumni_012013_m.jpg","width":453,"height":640,"caption":"as-13022013"},{"@type":"BreadcrumbList","@id":"https:\/\/www.upjs.sk\/prirodovedecka-fakulta\/absolventi\/as\/archiv\/as-13022013\/#breadcrumb","itemListElement":[{"@type":"ListItem","position":1,"name":"Home","item":"https:\/\/www.upjs.sk\/prirodovedecka-fakulta\/"},{"@type":"ListItem","position":2,"name":"Inform\u00e1cie pre absolventov","item":"https:\/\/www.upjs.sk\/prirodovedecka-fakulta\/?page_id=13007"},{"@type":"ListItem","position":3,"name":"ALUMNI SPACE &#8230;.cesta za \u00faspechom","item":"https:\/\/www.upjs.sk\/prirodovedecka-fakulta\/absolventi\/as\/"},{"@type":"ListItem","position":4,"name":"ALUMNI SPACE &#8211; arch\u00edv","item":"https:\/\/www.upjs.sk\/prirodovedecka-fakulta\/absolventi\/as\/archiv\/"},{"@type":"ListItem","position":5,"name":"ALUMNI SPACE &#8211; 13. 02. 2013"}]},{"@type":"WebSite","@id":"https:\/\/www.upjs.sk\/prirodovedecka-fakulta\/#website","url":"https:\/\/www.upjs.sk\/prirodovedecka-fakulta\/","name":"Pr\u00edrodovedeck\u00e1 fakulta | UPJ\u0160","description":"","publisher":{"@id":"https:\/\/www.upjs.sk\/prirodovedecka-fakulta\/#organization"},"potentialAction":[{"@type":"SearchAction","target":{"@type":"EntryPoint","urlTemplate":"https:\/\/www.upjs.sk\/prirodovedecka-fakulta\/?s={search_term_string}"},"query-input":{"@type":"PropertyValueSpecification","valueRequired":true,"valueName":"search_term_string"}}],"inLanguage":"sk-SK"},{"@type":"Organization","@id":"https:\/\/www.upjs.sk\/prirodovedecka-fakulta\/#organization","name":"Pr\u00edrodovedeck\u00e1 fakulta | UPJ\u0160","url":"https:\/\/www.upjs.sk\/prirodovedecka-fakulta\/","logo":{"@type":"ImageObject","inLanguage":"sk-SK","@id":"https:\/\/www.upjs.sk\/prirodovedecka-fakulta\/#\/schema\/logo\/image\/","url":"https:\/\/www.upjs.sk\/app\/uploads\/sites\/10\/2022\/09\/logo-prirodovedecka-fakulta.png","contentUrl":"https:\/\/www.upjs.sk\/app\/uploads\/sites\/10\/2022\/09\/logo-prirodovedecka-fakulta.png","width":415,"height":87,"caption":"Pr\u00edrodovedeck\u00e1 fakulta | UPJ\u0160"},"image":{"@id":"https:\/\/www.upjs.sk\/prirodovedecka-fakulta\/#\/schema\/logo\/image\/"}}]}},"_links":{"self":[{"href":"https:\/\/www.upjs.sk\/prirodovedecka-fakulta\/wp-json\/wp\/v2\/pages\/19098","targetHints":{"allow":["GET"]}}],"collection":[{"href":"https:\/\/www.upjs.sk\/prirodovedecka-fakulta\/wp-json\/wp\/v2\/pages"}],"about":[{"href":"https:\/\/www.upjs.sk\/prirodovedecka-fakulta\/wp-json\/wp\/v2\/types\/page"}],"author":[{"embeddable":true,"href":"https:\/\/www.upjs.sk\/prirodovedecka-fakulta\/wp-json\/wp\/v2\/users\/1"}],"replies":[{"embeddable":true,"href":"https:\/\/www.upjs.sk\/prirodovedecka-fakulta\/wp-json\/wp\/v2\/comments?post=19098"}],"version-history":[{"count":1,"href":"https:\/\/www.upjs.sk\/prirodovedecka-fakulta\/wp-json\/wp\/v2\/pages\/19098\/revisions"}],"predecessor-version":[{"id":19100,"href":"https:\/\/www.upjs.sk\/prirodovedecka-fakulta\/wp-json\/wp\/v2\/pages\/19098\/revisions\/19100"}],"up":[{"embeddable":true,"href":"https:\/\/www.upjs.sk\/prirodovedecka-fakulta\/wp-json\/wp\/v2\/pages\/17197"}],"wp:featuredmedia":[{"embeddable":true,"href":"https:\/\/www.upjs.sk\/prirodovedecka-fakulta\/wp-json\/wp\/v2\/media\/19099"}],"wp:attachment":[{"href":"https:\/\/www.upjs.sk\/prirodovedecka-fakulta\/wp-json\/wp\/v2\/media?parent=19098"}],"wp:term":[{"taxonomy":"category","embeddable":true,"href":"https:\/\/www.upjs.sk\/prirodovedecka-fakulta\/wp-json\/wp\/v2\/categories?post=19098"},{"taxonomy":"post_tag","embeddable":true,"href":"https:\/\/www.upjs.sk\/prirodovedecka-fakulta\/wp-json\/wp\/v2\/tags?post=19098"}],"curies":[{"name":"wp","href":"https:\/\/api.w.org\/{rel}","templated":true}]}}