{"id":19134,"date":"2017-02-17T09:41:37","date_gmt":"2017-02-17T09:41:37","guid":{"rendered":"https:\/\/www.upjs.sk\/prirodovedecka-fakulta\/absolventi\/as\/archiv\/as-09022017\/"},"modified":"2022-10-26T08:13:36","modified_gmt":"2022-10-26T08:13:36","slug":"as-09022017","status":"publish","type":"page","link":"https:\/\/www.upjs.sk\/prirodovedecka-fakulta\/absolventi\/as\/archiv\/as-09022017\/","title":{"rendered":"ALUMNI SPACE &#8211; 09 02. 2017"},"content":{"rendered":"<p style=\"box-sizing: inherit; margin: 0px 0px 0.75em; color: rgb(72, 72, 72); font-family: Roboto, sans-serif; font-size: 16px; font-style: normal; font-variant-ligatures: normal; font-variant-caps: normal; font-weight: 300; letter-spacing: normal; orphans: 2; text-align: start; text-indent: 0px; text-transform: none; white-space: normal; widows: 2; word-spacing: 0px; -webkit-text-stroke-width: 0px;\"><strong style=\"-webkit-text-stroke-width:0px; box-sizing:inherit; color:rgb(72, 72, 72); font-family:roboto,sans-serif; font-size:16px; font-style:normal; font-variant-caps:normal; font-variant-ligatures:normal; font-weight:500; letter-spacing:normal; orphans:2; text-align:start; text-indent:0px; text-transform:none; white-space:normal; widows:2; word-spacing:0px\"><a href=\"http:\/\/portal.ccvapp.upjs.sk\/videoarchiv\/video\/146\" target=\"_blank\" rel=\"noopener\">doc. RNDr. Gabriel Semani\u0161in, PhD.<\/a><em style=\"box-sizing:inherit\"> <\/em><\/strong><em style=\"-webkit-text-stroke-width:0px; box-sizing:inherit; color:rgb(72, 72, 72); font-family:roboto,sans-serif; font-size:16px; font-variant-caps:normal; font-variant-ligatures:normal; font-weight:300; letter-spacing:normal; orphans:2; text-align:start; text-indent:0px; text-transform:none; white-space:normal; widows:2; word-spacing:0px\">(<span style=\"box-sizing:inherit; font-size:9pt\">dekan PF UPJ\u0160<\/span>)<\/em><\/p>\n<p style=\"box-sizing: inherit; margin: 0px 0px 0.75em; color: rgb(72, 72, 72); font-family: Roboto, sans-serif; font-size: 16px; font-style: normal; font-variant-ligatures: normal; font-variant-caps: normal; font-weight: 300; letter-spacing: normal; orphans: 2; text-align: start; text-indent: 0px; text-transform: none; white-space: normal; widows: 2; word-spacing: 0px; -webkit-text-stroke-width: 0px;\"><strong><a href=\"http:\/\/portal.ccvapp.upjs.sk\/videoarchiv\/video\/142\" target=\"_blank\" rel=\"noopener\">doc. RNDr. Mari\u00e1n Kire\u0161, PhD.<\/a><\/strong> (<span style=\"font-size:12px\"><em>prodekan pre pre vedu, v\u00fdskum a rozvoj)<\/em><\/span><\/p>\n<p style=\"box-sizing: inherit; margin: 0px 0px 0.75em; color: rgb(72, 72, 72); font-family: Roboto, sans-serif; font-size: 16px; font-style: normal; font-variant-ligatures: normal; font-variant-caps: normal; font-weight: 300; letter-spacing: normal; orphans: 2; text-align: start; text-indent: 0px; text-transform: none; white-space: normal; widows: 2; word-spacing: 0px; -webkit-text-stroke-width: 0px;\">Pozvan\u00ed hostia:<\/p>\n<p style=\"box-sizing: inherit; margin: 0px 0px 0.75em; color: rgb(72, 72, 72); font-family: Roboto, sans-serif; font-size: 16px; font-style: normal; font-variant-ligatures: normal; font-variant-caps: normal; font-weight: 300; letter-spacing: normal; orphans: 2; text-align: start; text-indent: 0px; text-transform: none; white-space: normal; widows: 2; word-spacing: 0px; -webkit-text-stroke-width: 0px;\"><a href=\"\/prirodovedecka-fakulta\/absolventi\/as\/dod-09022107-PA\/\"><u>Odbor: matematika, fyzika, informatika<\/u><\/a><\/p>\n<p style=\"box-sizing: inherit; margin: 0px 0px 0.75em; color: rgb(72, 72, 72); font-family: Roboto, sans-serif; font-size: 16px; font-style: normal; font-variant-ligatures: normal; font-variant-caps: normal; font-weight: 300; letter-spacing: normal; orphans: 2; text-align: start; text-indent: 0px; text-transform: none; white-space: normal; widows: 2; word-spacing: 0px; -webkit-text-stroke-width: 0px;\"><a href=\"http:\/\/portal.ccvapp.upjs.sk\/videoarchiv\/video\/143\" target=\"_blank\" rel=\"noopener\"><strong style=\"box-sizing:inherit; font-weight:500\">Mgr. Darina Bro\u017eovsk\u00e1 (rod. To\u010dikov\u00e1)<\/strong><\/a><a href=\"http:\/\/portal.ccvapp.upjs.sk\/videoarchiv\/video\/143\" target=\"_blank\" rel=\"noopener\">,<\/a> poistn\u00fd matematik pre ne\u017eivotn\u00e9 poistenie, Zurich Insurance<\/p>\n<p style=\"box-sizing: inherit; margin: 0px 0px 0.75em; color: rgb(72, 72, 72); font-family: Roboto, sans-serif; font-size: 16px; font-style: normal; font-variant-ligatures: normal; font-variant-caps: normal; font-weight: 300; letter-spacing: normal; orphans: 2; text-align: start; text-indent: 0px; text-transform: none; white-space: normal; widows: 2; word-spacing: 0px; -webkit-text-stroke-width: 0px;\"><u style=\"box-sizing:inherit\">T\u00e9ma predn\u00e1\u0161ky:<\/u><em style=\"box-sizing:inherit\"> Kr\u00e1sny \u017eivot aktu\u00e1ra<\/em><\/p>\n<p style=\"box-sizing: inherit; margin: 0px 0px 0.75em; color: rgb(72, 72, 72); font-family: Roboto, sans-serif; font-size: 16px; font-style: normal; font-variant-ligatures: normal; font-variant-caps: normal; font-weight: 300; letter-spacing: normal; orphans: 2; text-align: start; text-indent: 0px; text-transform: none; white-space: normal; widows: 2; word-spacing: 0px; -webkit-text-stroke-width: 0px;\"><a href=\"http:\/\/portal.ccvapp.upjs.sk\/videoarchiv\/video\/144\" style=\"box-sizing: inherit; background-color: transparent; color: rgb(14, 153, 94); text-decoration: none;\" target=\"_blank\" rel=\"noopener\"><strong style=\"box-sizing:inherit; font-weight:500\">prof. RNDr. Rastislav Varga, DrSc.<\/strong><\/a>, PF UPJ\u0160v Ko\u0161iciach, RVmagnetics, a.s. Ko\u0161ice<\/p>\n<p style=\"box-sizing: inherit; margin: 0px 0px 0.75em; color: rgb(72, 72, 72); font-family: Roboto, sans-serif; font-size: 16px; font-style: normal; font-variant-ligatures: normal; font-variant-caps: normal; font-weight: 300; letter-spacing: normal; orphans: 2; text-align: start; text-indent: 0px; text-transform: none; white-space: normal; widows: 2; word-spacing: 0px; -webkit-text-stroke-width: 0px;\"><u style=\"box-sizing:inherit\">T\u00e9ma predn\u00e1\u0161ky:<\/u> <em style=\"box-sizing:inherit\">Ke\u010f na ve\u013ekosti z\u00e1le\u017e\u00ed<\/em><\/p>\n<p style=\"box-sizing: inherit; margin: 0px 0px 0.75em; color: rgb(72, 72, 72); font-family: Roboto, sans-serif; font-size: 16px; font-style: normal; font-variant-ligatures: normal; font-variant-caps: normal; font-weight: 300; letter-spacing: normal; orphans: 2; text-align: start; text-indent: 0px; text-transform: none; white-space: normal; widows: 2; word-spacing: 0px; -webkit-text-stroke-width: 0px;\"><a href=\"http:\/\/portal.ccvapp.upjs.sk\/videoarchiv\/video\/145\" style=\"box-sizing: inherit; background-color: transparent; color: rgb(14, 153, 94); text-decoration: none;\" target=\"_blank\" rel=\"noopener\"><strong style=\"box-sizing:inherit; font-weight:500\">Mgr. Radovan Sta\u0161<\/strong><\/a>, IBM Slovensko<\/p>\n<p style=\"box-sizing: inherit; margin: 0px 0px 0.75em; color: rgb(72, 72, 72); font-family: Roboto, sans-serif; font-size: 16px; font-style: normal; font-variant-ligatures: normal; font-variant-caps: normal; font-weight: 300; letter-spacing: normal; orphans: 2; text-align: start; text-indent: 0px; text-transform: none; white-space: normal; widows: 2; word-spacing: 0px; -webkit-text-stroke-width: 0px;\"><u style=\"box-sizing:inherit\">T\u00e9ma predn\u00e1\u0161ky:<\/u> <em style=\"box-sizing:inherit\">Stru\u010dn\u00fd \u00favod do \u017eivota IT-\u010dk\u00e1ra<\/em><\/p>\n<p style=\"box-sizing: inherit; margin: 0px 0px 0.75em; color: rgb(72, 72, 72); font-family: Roboto, sans-serif; font-size: 16px; font-style: normal; font-variant-ligatures: normal; font-variant-caps: normal; font-weight: 300; letter-spacing: normal; orphans: 2; text-align: start; text-indent: 0px; text-transform: none; white-space: normal; widows: 2; word-spacing: 0px; -webkit-text-stroke-width: 0px;\"><a href=\"\/prirodovedecka-fakulta\/absolventi\/as\/dod-09022107-S\/\"><u>Odbor: biol\u00f3gia\/ekol\u00f3gia, ch\u00e9mia, geografia<\/u><\/a><\/p>\n<p style=\"box-sizing: inherit; margin: 0px 0px 0.75em; color: rgb(72, 72, 72); font-family: Roboto, sans-serif; font-size: 16px; font-style: normal; font-variant-ligatures: normal; font-variant-caps: normal; font-weight: 300; letter-spacing: normal; orphans: 2; text-align: start; text-indent: 0px; text-transform: none; white-space: normal; widows: 2; word-spacing: 0px; -webkit-text-stroke-width: 0px;\"><a href=\"http:\/\/portal.ccvapp.upjs.sk\/videoarchiv\/video\/147\" target=\"_blank\" rel=\"noopener\"><strong style=\"box-sizing:inherit; font-weight:500\">doc. RNDr. Martin Kundr\u00e1t, PhD.<\/strong><\/a><a href=\"http:\/\/portal.ccvapp.upjs.sk\/videoarchiv\/video\/147\" target=\"_blank\" rel=\"noopener\">,<\/a> Centrum interdisciplin\u00e1rnych biovied PF UPJ\u0160 Ko\u0161ice<\/p>\n<p style=\"box-sizing: inherit; margin: 0px 0px 0.75em; color: rgb(72, 72, 72); font-family: Roboto, sans-serif; font-size: 16px; font-style: normal; font-variant-ligatures: normal; font-variant-caps: normal; font-weight: 300; letter-spacing: normal; orphans: 2; text-align: start; text-indent: 0px; text-transform: none; white-space: normal; widows: 2; word-spacing: 0px; -webkit-text-stroke-width: 0px;\"><u style=\"box-sizing:inherit\">T\u00e9ma predn\u00e1\u0161ky:<\/u> <em style=\"box-sizing:inherit\">Pravek vo vysokom rozl\u00ed\u0161en\u00ed<\/em><\/p>\n<p style=\"box-sizing: inherit; margin: 0px 0px 0.75em; color: rgb(72, 72, 72); font-family: Roboto, sans-serif; font-size: 16px; font-style: normal; font-variant-ligatures: normal; font-variant-caps: normal; font-weight: 300; letter-spacing: normal; orphans: 2; text-align: start; text-indent: 0px; text-transform: none; white-space: normal; widows: 2; word-spacing: 0px; -webkit-text-stroke-width: 0px;\"><a href=\"http:\/\/portal.ccvapp.upjs.sk\/videoarchiv\/video\/148\" style=\"box-sizing: inherit; background-color: transparent; color: rgb(14, 153, 94); text-decoration: none;\" target=\"_blank\" rel=\"noopener\"><strong style=\"box-sizing:inherit; font-weight:500\">Mgr. J\u00e1n Moln\u00e1r<\/strong><\/a>, N\u00e1rodn\u00e1 dia\u013eni\u010dn\u00e1 spolo\u010dnos\u0165 a. s., \u0161pecialista prev\u00e1dzky ETC (electronic toll colection \u2013 elektronick\u00fd v\u00fdber m\u00fdta)<\/p>\n<p style=\"box-sizing: inherit; margin: 0px 0px 0.75em; color: rgb(72, 72, 72); font-family: Roboto, sans-serif; font-size: 16px; font-style: normal; font-variant-ligatures: normal; font-variant-caps: normal; font-weight: 300; letter-spacing: normal; orphans: 2; text-align: start; text-indent: 0px; text-transform: none; white-space: normal; widows: 2; word-spacing: 0px; -webkit-text-stroke-width: 0px;\"><u style=\"box-sizing:inherit\">T\u00e9ma predn\u00e1\u0161ky:<\/u> <em style=\"box-sizing:inherit\">Mo\u017enosti vyu\u017eitia geografick\u00fdch informa\u010dn\u00fdch syst\u00e9mov v sektore dopravy<\/em><\/p>\n<p style=\"box-sizing: inherit; margin: 0px 0px 0.75em; color: rgb(72, 72, 72); font-family: Roboto, sans-serif; font-size: 16px; font-style: normal; font-variant-ligatures: normal; font-variant-caps: normal; font-weight: 300; letter-spacing: normal; orphans: 2; text-align: start; text-indent: 0px; text-transform: none; white-space: normal; widows: 2; word-spacing: 0px; -webkit-text-stroke-width: 0px;\"><a href=\"http:\/\/portal.ccvapp.upjs.sk\/videoarchiv\/video\/149\" style=\"box-sizing: inherit; background-color: transparent; color: rgb(14, 153, 94); text-decoration: none;\" target=\"_blank\" rel=\"noopener\"><strong style=\"box-sizing:inherit; font-weight:500\">RNDr. Peter Chovan<\/strong><\/a>, Kriminalistick\u00fd a expert\u00edzny \u00fastav PZ<\/p>\n<p style=\"box-sizing: inherit; margin: 0px 0px 0.75em; color: rgb(72, 72, 72); font-family: Roboto, sans-serif; font-size: 16px; font-style: normal; font-variant-ligatures: normal; font-variant-caps: normal; font-weight: 300; letter-spacing: normal; orphans: 2; text-align: start; text-indent: 0px; text-transform: none; white-space: normal; widows: 2; word-spacing: 0px; -webkit-text-stroke-width: 0px;\"><u style=\"box-sizing:inherit\">T\u00e9ma predn\u00e1\u0161ky:<\/u> <em style=\"box-sizing:inherit\">Ch\u00e9mia v kriminalistickej praxi<\/em><\/p>\n","protected":false},"excerpt":{"rendered":"<p>doc. RNDr. Gabriel Semani\u0161in, PhD. (dekan PF UPJ\u0160) doc. RNDr. Mari\u00e1n Kire\u0161, PhD. (prodekan pre pre vedu, v\u00fdskum a rozvoj) Pozvan\u00ed hostia: Odbor: matematika, fyzika, informatika Mgr. Darina Bro\u017eovsk\u00e1 (rod. To\u010dikov\u00e1), poistn\u00fd matematik pre ne\u017eivotn\u00e9 poistenie, Zurich Insurance T\u00e9ma predn\u00e1\u0161ky: Kr\u00e1sny \u017eivot aktu\u00e1ra prof. RNDr. Rastislav Varga, DrSc., PF UPJ\u0160v Ko\u0161iciach, RVmagnetics, a.s. Ko\u0161ice T\u00e9ma &hellip; <a href=\"https:\/\/www.upjs.sk\/prirodovedecka-fakulta\/absolventi\/as\/archiv\/as-09022017\/\">\u010c\u00edta\u0165 \u010falej<\/a><\/p>\n","protected":false},"author":1,"featured_media":0,"parent":17197,"menu_order":10,"comment_status":"closed","ping_status":"closed","template":"","meta":{"_acf_changed":false,"_editorskit_title_hidden":false,"_editorskit_reading_time":0,"_editorskit_is_block_options_detached":false,"_editorskit_block_options_position":"{}","footnotes":""},"categories":[],"tags":[],"class_list":["post-19134","page","type-page","status-publish","hentry"],"acf":{"acf_link_na_externy_obsah":""},"yoast_head":"<!-- This site is optimized with the Yoast SEO plugin v27.2 - https:\/\/yoast.com\/product\/yoast-seo-wordpress\/ -->\n<title>ALUMNI SPACE - 09 02. 2017 - Pr\u00edrodovedeck\u00e1 fakulta | UPJ\u0160<\/title>\n<meta name=\"robots\" content=\"index, follow, max-snippet:-1, max-image-preview:large, max-video-preview:-1\" \/>\n<link rel=\"canonical\" href=\"https:\/\/www.upjs.sk\/prirodovedecka-fakulta\/absolventi\/as\/archiv\/as-09022017\/\" \/>\n<meta property=\"og:locale\" content=\"sk_SK\" \/>\n<meta property=\"og:type\" content=\"article\" \/>\n<meta property=\"og:title\" content=\"ALUMNI SPACE - 09 02. 2017 - Pr\u00edrodovedeck\u00e1 fakulta | UPJ\u0160\" \/>\n<meta property=\"og:description\" content=\"doc. RNDr. Gabriel Semani\u0161in, PhD. (dekan PF UPJ\u0160) doc. RNDr. Mari\u00e1n Kire\u0161, PhD. (prodekan pre pre vedu, v\u00fdskum a rozvoj) Pozvan\u00ed hostia: Odbor: matematika, fyzika, informatika Mgr. Darina Bro\u017eovsk\u00e1 (rod. To\u010dikov\u00e1), poistn\u00fd matematik pre ne\u017eivotn\u00e9 poistenie, Zurich Insurance T\u00e9ma predn\u00e1\u0161ky: Kr\u00e1sny \u017eivot aktu\u00e1ra prof. RNDr. Rastislav Varga, DrSc., PF UPJ\u0160v Ko\u0161iciach, RVmagnetics, a.s. Ko\u0161ice T\u00e9ma &hellip; \u010c\u00edta\u0165 \u010falej\" \/>\n<meta property=\"og:url\" content=\"https:\/\/www.upjs.sk\/prirodovedecka-fakulta\/absolventi\/as\/archiv\/as-09022017\/\" \/>\n<meta property=\"og:site_name\" content=\"Pr\u00edrodovedeck\u00e1 fakulta | UPJ\u0160\" \/>\n<meta property=\"article:modified_time\" content=\"2022-10-26T08:13:36+00:00\" \/>\n<meta name=\"twitter:card\" content=\"summary_large_image\" \/>\n<meta name=\"twitter:label1\" content=\"Predpokladan\u00fd \u010das \u010d\u00edtania\" \/>\n\t<meta name=\"twitter:data1\" content=\"1 min\u00fata\" \/>\n<script type=\"application\/ld+json\" class=\"yoast-schema-graph\">{\"@context\":\"https:\/\/schema.org\",\"@graph\":[{\"@type\":\"WebPage\",\"@id\":\"https:\/\/www.upjs.sk\/prirodovedecka-fakulta\/absolventi\/as\/archiv\/as-09022017\/\",\"url\":\"https:\/\/www.upjs.sk\/prirodovedecka-fakulta\/absolventi\/as\/archiv\/as-09022017\/\",\"name\":\"ALUMNI SPACE - 09 02. 2017 - Pr\u00edrodovedeck\u00e1 fakulta | UPJ\u0160\",\"isPartOf\":{\"@id\":\"https:\/\/www.upjs.sk\/prirodovedecka-fakulta\/#website\"},\"datePublished\":\"2017-02-17T09:41:37+00:00\",\"dateModified\":\"2022-10-26T08:13:36+00:00\",\"breadcrumb\":{\"@id\":\"https:\/\/www.upjs.sk\/prirodovedecka-fakulta\/absolventi\/as\/archiv\/as-09022017\/#breadcrumb\"},\"inLanguage\":\"sk-SK\",\"potentialAction\":[{\"@type\":\"ReadAction\",\"target\":[\"https:\/\/www.upjs.sk\/prirodovedecka-fakulta\/absolventi\/as\/archiv\/as-09022017\/\"]}]},{\"@type\":\"BreadcrumbList\",\"@id\":\"https:\/\/www.upjs.sk\/prirodovedecka-fakulta\/absolventi\/as\/archiv\/as-09022017\/#breadcrumb\",\"itemListElement\":[{\"@type\":\"ListItem\",\"position\":1,\"name\":\"Home\",\"item\":\"https:\/\/www.upjs.sk\/prirodovedecka-fakulta\/\"},{\"@type\":\"ListItem\",\"position\":2,\"name\":\"Inform\u00e1cie pre absolventov\",\"item\":\"https:\/\/www.upjs.sk\/prirodovedecka-fakulta\/?page_id=13007\"},{\"@type\":\"ListItem\",\"position\":3,\"name\":\"ALUMNI SPACE &#8230;.cesta za \u00faspechom\",\"item\":\"https:\/\/www.upjs.sk\/prirodovedecka-fakulta\/absolventi\/as\/\"},{\"@type\":\"ListItem\",\"position\":4,\"name\":\"ALUMNI SPACE &#8211; arch\u00edv\",\"item\":\"https:\/\/www.upjs.sk\/prirodovedecka-fakulta\/absolventi\/as\/archiv\/\"},{\"@type\":\"ListItem\",\"position\":5,\"name\":\"ALUMNI SPACE &#8211; 09 02. 2017\"}]},{\"@type\":\"WebSite\",\"@id\":\"https:\/\/www.upjs.sk\/prirodovedecka-fakulta\/#website\",\"url\":\"https:\/\/www.upjs.sk\/prirodovedecka-fakulta\/\",\"name\":\"Pr\u00edrodovedeck\u00e1 fakulta | UPJ\u0160\",\"description\":\"\",\"publisher\":{\"@id\":\"https:\/\/www.upjs.sk\/prirodovedecka-fakulta\/#organization\"},\"potentialAction\":[{\"@type\":\"SearchAction\",\"target\":{\"@type\":\"EntryPoint\",\"urlTemplate\":\"https:\/\/www.upjs.sk\/prirodovedecka-fakulta\/?s={search_term_string}\"},\"query-input\":{\"@type\":\"PropertyValueSpecification\",\"valueRequired\":true,\"valueName\":\"search_term_string\"}}],\"inLanguage\":\"sk-SK\"},{\"@type\":\"Organization\",\"@id\":\"https:\/\/www.upjs.sk\/prirodovedecka-fakulta\/#organization\",\"name\":\"Pr\u00edrodovedeck\u00e1 fakulta | UPJ\u0160\",\"url\":\"https:\/\/www.upjs.sk\/prirodovedecka-fakulta\/\",\"logo\":{\"@type\":\"ImageObject\",\"inLanguage\":\"sk-SK\",\"@id\":\"https:\/\/www.upjs.sk\/prirodovedecka-fakulta\/#\/schema\/logo\/image\/\",\"url\":\"https:\/\/www.upjs.sk\/app\/uploads\/sites\/10\/2022\/09\/logo-prirodovedecka-fakulta.png\",\"contentUrl\":\"https:\/\/www.upjs.sk\/app\/uploads\/sites\/10\/2022\/09\/logo-prirodovedecka-fakulta.png\",\"width\":415,\"height\":87,\"caption\":\"Pr\u00edrodovedeck\u00e1 fakulta | UPJ\u0160\"},\"image\":{\"@id\":\"https:\/\/www.upjs.sk\/prirodovedecka-fakulta\/#\/schema\/logo\/image\/\"}}]}<\/script>\n<!-- \/ Yoast SEO plugin. -->","yoast_head_json":{"title":"ALUMNI SPACE - 09 02. 2017 - Pr\u00edrodovedeck\u00e1 fakulta | UPJ\u0160","robots":{"index":"index","follow":"follow","max-snippet":"max-snippet:-1","max-image-preview":"max-image-preview:large","max-video-preview":"max-video-preview:-1"},"canonical":"https:\/\/www.upjs.sk\/prirodovedecka-fakulta\/absolventi\/as\/archiv\/as-09022017\/","og_locale":"sk_SK","og_type":"article","og_title":"ALUMNI SPACE - 09 02. 2017 - Pr\u00edrodovedeck\u00e1 fakulta | UPJ\u0160","og_description":"doc. RNDr. Gabriel Semani\u0161in, PhD. (dekan PF UPJ\u0160) doc. RNDr. Mari\u00e1n Kire\u0161, PhD. (prodekan pre pre vedu, v\u00fdskum a rozvoj) Pozvan\u00ed hostia: Odbor: matematika, fyzika, informatika Mgr. Darina Bro\u017eovsk\u00e1 (rod. To\u010dikov\u00e1), poistn\u00fd matematik pre ne\u017eivotn\u00e9 poistenie, Zurich Insurance T\u00e9ma predn\u00e1\u0161ky: Kr\u00e1sny \u017eivot aktu\u00e1ra prof. RNDr. Rastislav Varga, DrSc., PF UPJ\u0160v Ko\u0161iciach, RVmagnetics, a.s. Ko\u0161ice T\u00e9ma &hellip; \u010c\u00edta\u0165 \u010falej","og_url":"https:\/\/www.upjs.sk\/prirodovedecka-fakulta\/absolventi\/as\/archiv\/as-09022017\/","og_site_name":"Pr\u00edrodovedeck\u00e1 fakulta | UPJ\u0160","article_modified_time":"2022-10-26T08:13:36+00:00","twitter_card":"summary_large_image","twitter_misc":{"Predpokladan\u00fd \u010das \u010d\u00edtania":"1 min\u00fata"},"schema":{"@context":"https:\/\/schema.org","@graph":[{"@type":"WebPage","@id":"https:\/\/www.upjs.sk\/prirodovedecka-fakulta\/absolventi\/as\/archiv\/as-09022017\/","url":"https:\/\/www.upjs.sk\/prirodovedecka-fakulta\/absolventi\/as\/archiv\/as-09022017\/","name":"ALUMNI SPACE - 09 02. 2017 - Pr\u00edrodovedeck\u00e1 fakulta | UPJ\u0160","isPartOf":{"@id":"https:\/\/www.upjs.sk\/prirodovedecka-fakulta\/#website"},"datePublished":"2017-02-17T09:41:37+00:00","dateModified":"2022-10-26T08:13:36+00:00","breadcrumb":{"@id":"https:\/\/www.upjs.sk\/prirodovedecka-fakulta\/absolventi\/as\/archiv\/as-09022017\/#breadcrumb"},"inLanguage":"sk-SK","potentialAction":[{"@type":"ReadAction","target":["https:\/\/www.upjs.sk\/prirodovedecka-fakulta\/absolventi\/as\/archiv\/as-09022017\/"]}]},{"@type":"BreadcrumbList","@id":"https:\/\/www.upjs.sk\/prirodovedecka-fakulta\/absolventi\/as\/archiv\/as-09022017\/#breadcrumb","itemListElement":[{"@type":"ListItem","position":1,"name":"Home","item":"https:\/\/www.upjs.sk\/prirodovedecka-fakulta\/"},{"@type":"ListItem","position":2,"name":"Inform\u00e1cie pre absolventov","item":"https:\/\/www.upjs.sk\/prirodovedecka-fakulta\/?page_id=13007"},{"@type":"ListItem","position":3,"name":"ALUMNI SPACE &#8230;.cesta za \u00faspechom","item":"https:\/\/www.upjs.sk\/prirodovedecka-fakulta\/absolventi\/as\/"},{"@type":"ListItem","position":4,"name":"ALUMNI SPACE &#8211; arch\u00edv","item":"https:\/\/www.upjs.sk\/prirodovedecka-fakulta\/absolventi\/as\/archiv\/"},{"@type":"ListItem","position":5,"name":"ALUMNI SPACE &#8211; 09 02. 2017"}]},{"@type":"WebSite","@id":"https:\/\/www.upjs.sk\/prirodovedecka-fakulta\/#website","url":"https:\/\/www.upjs.sk\/prirodovedecka-fakulta\/","name":"Pr\u00edrodovedeck\u00e1 fakulta | UPJ\u0160","description":"","publisher":{"@id":"https:\/\/www.upjs.sk\/prirodovedecka-fakulta\/#organization"},"potentialAction":[{"@type":"SearchAction","target":{"@type":"EntryPoint","urlTemplate":"https:\/\/www.upjs.sk\/prirodovedecka-fakulta\/?s={search_term_string}"},"query-input":{"@type":"PropertyValueSpecification","valueRequired":true,"valueName":"search_term_string"}}],"inLanguage":"sk-SK"},{"@type":"Organization","@id":"https:\/\/www.upjs.sk\/prirodovedecka-fakulta\/#organization","name":"Pr\u00edrodovedeck\u00e1 fakulta | UPJ\u0160","url":"https:\/\/www.upjs.sk\/prirodovedecka-fakulta\/","logo":{"@type":"ImageObject","inLanguage":"sk-SK","@id":"https:\/\/www.upjs.sk\/prirodovedecka-fakulta\/#\/schema\/logo\/image\/","url":"https:\/\/www.upjs.sk\/app\/uploads\/sites\/10\/2022\/09\/logo-prirodovedecka-fakulta.png","contentUrl":"https:\/\/www.upjs.sk\/app\/uploads\/sites\/10\/2022\/09\/logo-prirodovedecka-fakulta.png","width":415,"height":87,"caption":"Pr\u00edrodovedeck\u00e1 fakulta | UPJ\u0160"},"image":{"@id":"https:\/\/www.upjs.sk\/prirodovedecka-fakulta\/#\/schema\/logo\/image\/"}}]}},"_links":{"self":[{"href":"https:\/\/www.upjs.sk\/prirodovedecka-fakulta\/wp-json\/wp\/v2\/pages\/19134","targetHints":{"allow":["GET"]}}],"collection":[{"href":"https:\/\/www.upjs.sk\/prirodovedecka-fakulta\/wp-json\/wp\/v2\/pages"}],"about":[{"href":"https:\/\/www.upjs.sk\/prirodovedecka-fakulta\/wp-json\/wp\/v2\/types\/page"}],"author":[{"embeddable":true,"href":"https:\/\/www.upjs.sk\/prirodovedecka-fakulta\/wp-json\/wp\/v2\/users\/1"}],"replies":[{"embeddable":true,"href":"https:\/\/www.upjs.sk\/prirodovedecka-fakulta\/wp-json\/wp\/v2\/comments?post=19134"}],"version-history":[{"count":1,"href":"https:\/\/www.upjs.sk\/prirodovedecka-fakulta\/wp-json\/wp\/v2\/pages\/19134\/revisions"}],"predecessor-version":[{"id":19938,"href":"https:\/\/www.upjs.sk\/prirodovedecka-fakulta\/wp-json\/wp\/v2\/pages\/19134\/revisions\/19938"}],"up":[{"embeddable":true,"href":"https:\/\/www.upjs.sk\/prirodovedecka-fakulta\/wp-json\/wp\/v2\/pages\/17197"}],"wp:attachment":[{"href":"https:\/\/www.upjs.sk\/prirodovedecka-fakulta\/wp-json\/wp\/v2\/media?parent=19134"}],"wp:term":[{"taxonomy":"category","embeddable":true,"href":"https:\/\/www.upjs.sk\/prirodovedecka-fakulta\/wp-json\/wp\/v2\/categories?post=19134"},{"taxonomy":"post_tag","embeddable":true,"href":"https:\/\/www.upjs.sk\/prirodovedecka-fakulta\/wp-json\/wp\/v2\/tags?post=19134"}],"curies":[{"name":"wp","href":"https:\/\/api.w.org\/{rel}","templated":true}]}}