{"id":19180,"date":"2013-04-11T14:51:35","date_gmt":"2013-04-11T14:51:35","guid":{"rendered":"https:\/\/www.upjs.sk\/prirodovedecka-fakulta\/fakulta\/50-vyrocie\/science-fest\/"},"modified":"2022-10-26T08:14:02","modified_gmt":"2022-10-26T08:14:02","slug":"science-fest","status":"publish","type":"page","link":"https:\/\/www.upjs.sk\/prirodovedecka-fakulta\/nezobrazene\/50-vyrocie\/science-fest\/","title":{"rendered":"Program podujatia ScienceFest &#8211; 25. 04. 2013"},"content":{"rendered":"<h3> \t<a href=\"\/public\/media\/8005\/letak_ScienceFest.png\" target=\"_blank\" rel=\"noopener\">Aktivity v\u00a0are\u00e1li Park Angelinum 9 \u2013 Jesenn\u00e1 5<\/a><\/h3>\n<ul>\n<li> \t\t<a href=\"https:\/\/www.upjs.sk\/prirodovedecka-fakulta\/8049\"><strong>\u0160tudentsk\u00e1 vedeck\u00e1 konferencia<img decoding=\"async\" alt=\"\" src=\"https:\/\/www.upjs.sk\/app\/uploads\/sites\/10\/2022\/10\/svk_2013_baner_net_150x80-01.png\" style=\"width: 120px; float: right; height: 64px\" \/> <\/strong><\/a><br \/> \t\t<strong>8.00 \u2013\u00a0\u00a0 8.30 h. \u00a0\u00a0\u00a0 <\/strong>Otvorenie<strong> (posluch\u00e1re\u0148 SA1A1)<\/strong><br \/> \t\t<strong>8.30 \u2013 13.00 h. \u00a0\u00a0\u00a0 <\/strong>Rokovania v\u00a0sekci\u00e1ch<\/li>\n<li> \t\t<strong><a href=\"http:\/\/palma.strom.sk\/SVK2013\/\" target=\"_blank\" rel=\"noopener\">Program\u00e1torsk\u00e1 s\u00fa\u0165a\u017e<\/a> a\u00a0<a href=\"http:\/\/web.ics.upjs.sk\/ihra\/\" target=\"_blank\" rel=\"noopener\">s\u00fa\u0165a\u017e IHRA<\/a><\/strong><br \/> \t\t<strong>13.00 \u2013 15.00 h.<\/strong> \u00a0 \u00dastav informatiky<\/li>\n<li> \t\t<span style=\"color: rgb(0,100,0)\"><strong>Student happening<\/strong><\/span><br \/> \t\t<strong>12.00 \u2013 15.00 h.<\/strong> \u00a0 \u00e1trium P. Angelinum, \u0161tudov\u0148a A. Merici<\/li>\n<li> \t\t<span style=\"color: rgb(0,100,0)\"><strong>Otvoren\u00e9 laborat\u00f3ri\u00e1 <\/strong><\/span><br \/> \t\t<strong>13.00 \u2013 15.00 h.<\/strong> \u00a0 Prehliadka laborat\u00f3ri\u00ed<a href=\"http:\/\/ufv.science.upjs.sk\/\" target=\"_blank\" rel=\"noopener\"> \u00dastavu fyzik\u00e1lnych vied<\/a>, <a href=\"http:\/\/ufv.science.upjs.sk\/\" target=\"_blank\" rel=\"noopener\">\u00dastavu geografie<\/a>,<br \/> \t\t\u00a0\u00a0\u00a0\u00a0\u00a0\u00a0\u00a0\u00a0\u00a0\u00a0\u00a0\u00a0\u00a0\u00a0\u00a0\u00a0\u00a0\u00a0\u00a0\u00a0\u00a0\u00a0\u00a0\u00a0\u00a0\u00a0\u00a0\u00a0\u00a0\u00a0\u00a0<a href=\"http:\/\/www.ics.upjs.sk\/\" target=\"_blank\" rel=\"noopener\"> \u00dastavu informatiky<\/a>, <a href=\"http:\/\/umv.science.upjs.sk\/\" target=\"_blank\" rel=\"noopener\">\u00dastavu matematick\u00fdch vied<\/a>.<\/li>\n<\/ul>\n<p> \t\u00a0<\/p>\n<h3> \t<a href=\"\/public\/media\/8005\/letak_ScienceFest.png\" target=\"_blank\" rel=\"noopener\">Aktivity v\u00a0are\u00e1li \u0160rob\u00e1rova 2<\/a><\/h3>\n<ul>\n<li> \t\t<span style=\"color: rgb(0,100,0)\"><strong>Otvoren\u00e9 laborat\u00f3ri\u00e1<\/strong><\/span><br \/> \t\t<strong>15.30 \u2013 17.30 h. \u00a0 <\/strong>Prehliadka laborat\u00f3ri\u00ed<a href=\"http:\/\/ais-old.upjs.sk\/servlet\/javanet\/Report?_template=pw\/institucie1\/listprac.html.free&#038;cislo=350124&#038;jazyk=250112&#038;instit=350001\" target=\"_blank\" rel=\"noopener\"> \u00dastavu chemick\u00fdch vied<\/a> a\u00a0<a href=\"http:\/\/bio.science.upjs.sk\/\" target=\"_blank\" rel=\"noopener\">\u00dastavu biologick\u00fdch a ekologick\u00fdch vied<\/a>.<\/li>\n<li> \t\t<strong><a href=\"https:\/\/www.upjs.sk\/prirodovedecka-fakulta\/veda-vyskum\/cajovna\/\">Pr\u00edrodovedeck\u00e1 \u010dajov\u0148a<\/a><\/strong><br \/> \t\t<strong>15.30 \u2013 17.30 h. \u00a0 <\/strong>Vedecko-popul\u00e1rne predn\u00e1\u0161ky (aula RB0A5).<\/li>\n<li> \t\t<span style=\"color: rgb(0,100,0)\"><strong>Hudobn\u00e9 vyst\u00fapenie<\/strong><\/span><br \/> \t\t<strong>17.30 \u2013 18.30 h. \u00a0 <\/strong>(n\u00e1dvorie are\u00e1lu)<\/li>\n<li> \t\t<span style=\"color: rgb(0,100,0)\"><strong>Vyhl\u00e1senie v\u00fdsledkov \u0160VK 2013 <\/strong><\/span><br \/> \t\t<strong>18.30 \u2013 19.30 h. \u00a0 <\/strong>(aula RB0A5)<img decoding=\"async\" alt=\"\" src=\"https:\/\/www.upjs.sk\/app\/uploads\/sites\/10\/2022\/10\/ScienceFestProgram.png\" style=\"width: 100px; float: right; height: 100px\" \/><\/li>\n<li> \t\t<span style=\"color: rgb(0,100,0)\"><strong>Veda na dlani <\/strong><\/span><br \/> \t\t<strong>19.30 \u2013 21.00 h. \u00a0 <\/strong>demon\u0161tra\u010dn\u00e9 experimenty (are\u00e1l \u0160rob\u00e1rov\u00e1)<\/li>\n<li> \t\t<span style=\"color: rgb(0,100,0)\"><strong>Hudobn\u00e9 vyst\u00fapenie<\/strong><\/span><br \/> \t\t<strong>19.30 \u2013 21.00 h.\u00a0 <\/strong>(n\u00e1dvorie are\u00e1lu )\u00a0<\/li>\n<\/ul>\n","protected":false},"excerpt":{"rendered":"<p>Aktivity v\u00a0are\u00e1li Park Angelinum 9 \u2013 Jesenn\u00e1 5 \u0160tudentsk\u00e1 vedeck\u00e1 konferencia 8.00 \u2013\u00a0\u00a0 8.30 h. \u00a0\u00a0\u00a0 Otvorenie (posluch\u00e1re\u0148 SA1A1) 8.30 \u2013 13.00 h. \u00a0\u00a0\u00a0 Rokovania v\u00a0sekci\u00e1ch Program\u00e1torsk\u00e1 s\u00fa\u0165a\u017e a\u00a0s\u00fa\u0165a\u017e IHRA 13.00 \u2013 15.00 h. \u00a0 \u00dastav informatiky Student happening 12.00 \u2013 15.00 h. \u00a0 \u00e1trium P. Angelinum, \u0161tudov\u0148a A. Merici Otvoren\u00e9 laborat\u00f3ri\u00e1 13.00 \u2013 15.00 &hellip; <a href=\"https:\/\/www.upjs.sk\/prirodovedecka-fakulta\/nezobrazene\/50-vyrocie\/science-fest\/\">\u010c\u00edta\u0165 \u010falej<\/a><\/p>\n","protected":false},"author":1,"featured_media":19182,"parent":17211,"menu_order":10,"comment_status":"closed","ping_status":"closed","template":"","meta":{"_acf_changed":false,"_editorskit_title_hidden":false,"_editorskit_reading_time":0,"_editorskit_is_block_options_detached":false,"_editorskit_block_options_position":"{}","footnotes":""},"categories":[],"tags":[],"class_list":["post-19180","page","type-page","status-publish","has-post-thumbnail","hentry"],"acf":{"acf_link_na_externy_obsah":""},"yoast_head":"<!-- This site is optimized with the Yoast SEO plugin v27.4 - https:\/\/yoast.com\/product\/yoast-seo-wordpress\/ -->\n<title>Program podujatia ScienceFest - 25. 04. 2013 - Pr\u00edrodovedeck\u00e1 fakulta | UPJ\u0160<\/title>\n<meta name=\"robots\" content=\"index, follow, max-snippet:-1, max-image-preview:large, max-video-preview:-1\" \/>\n<link rel=\"canonical\" href=\"https:\/\/www.upjs.sk\/prirodovedecka-fakulta\/nezobrazene\/50-vyrocie\/science-fest\/\" \/>\n<meta property=\"og:locale\" content=\"sk_SK\" \/>\n<meta property=\"og:type\" content=\"article\" \/>\n<meta property=\"og:title\" content=\"Program podujatia ScienceFest - 25. 04. 2013 - Pr\u00edrodovedeck\u00e1 fakulta | UPJ\u0160\" \/>\n<meta property=\"og:description\" content=\"Aktivity v\u00a0are\u00e1li Park Angelinum 9 \u2013 Jesenn\u00e1 5 \u0160tudentsk\u00e1 vedeck\u00e1 konferencia 8.00 \u2013\u00a0\u00a0 8.30 h. \u00a0\u00a0\u00a0 Otvorenie (posluch\u00e1re\u0148 SA1A1) 8.30 \u2013 13.00 h. \u00a0\u00a0\u00a0 Rokovania v\u00a0sekci\u00e1ch Program\u00e1torsk\u00e1 s\u00fa\u0165a\u017e a\u00a0s\u00fa\u0165a\u017e IHRA 13.00 \u2013 15.00 h. \u00a0 \u00dastav informatiky Student happening 12.00 \u2013 15.00 h. \u00a0 \u00e1trium P. Angelinum, \u0161tudov\u0148a A. Merici Otvoren\u00e9 laborat\u00f3ri\u00e1 13.00 \u2013 15.00 &hellip; \u010c\u00edta\u0165 \u010falej\" \/>\n<meta property=\"og:url\" content=\"https:\/\/www.upjs.sk\/prirodovedecka-fakulta\/nezobrazene\/50-vyrocie\/science-fest\/\" \/>\n<meta property=\"og:site_name\" content=\"Pr\u00edrodovedeck\u00e1 fakulta | UPJ\u0160\" \/>\n<meta property=\"article:modified_time\" content=\"2022-10-26T08:14:02+00:00\" \/>\n<meta property=\"og:image\" content=\"https:\/\/www.upjs.sk\/app\/uploads\/sites\/10\/2022\/10\/ScienceFestProgram.png\" \/>\n\t<meta property=\"og:image:width\" content=\"160\" \/>\n\t<meta property=\"og:image:height\" content=\"160\" \/>\n\t<meta property=\"og:image:type\" content=\"image\/png\" \/>\n<meta name=\"twitter:card\" content=\"summary_large_image\" \/>\n<meta name=\"twitter:label1\" content=\"Predpokladan\u00fd \u010das \u010d\u00edtania\" \/>\n\t<meta name=\"twitter:data1\" content=\"1 min\u00fata\" \/>\n<script type=\"application\/ld+json\" class=\"yoast-schema-graph\">{\"@context\":\"https:\\\/\\\/schema.org\",\"@graph\":[{\"@type\":\"WebPage\",\"@id\":\"https:\\\/\\\/www.upjs.sk\\\/prirodovedecka-fakulta\\\/nezobrazene\\\/50-vyrocie\\\/science-fest\\\/\",\"url\":\"https:\\\/\\\/www.upjs.sk\\\/prirodovedecka-fakulta\\\/nezobrazene\\\/50-vyrocie\\\/science-fest\\\/\",\"name\":\"Program podujatia ScienceFest - 25. 04. 2013 - Pr\u00edrodovedeck\u00e1 fakulta | UPJ\u0160\",\"isPartOf\":{\"@id\":\"https:\\\/\\\/www.upjs.sk\\\/prirodovedecka-fakulta\\\/#website\"},\"primaryImageOfPage\":{\"@id\":\"https:\\\/\\\/www.upjs.sk\\\/prirodovedecka-fakulta\\\/nezobrazene\\\/50-vyrocie\\\/science-fest\\\/#primaryimage\"},\"image\":{\"@id\":\"https:\\\/\\\/www.upjs.sk\\\/prirodovedecka-fakulta\\\/nezobrazene\\\/50-vyrocie\\\/science-fest\\\/#primaryimage\"},\"thumbnailUrl\":\"https:\\\/\\\/www.upjs.sk\\\/app\\\/uploads\\\/sites\\\/10\\\/2022\\\/10\\\/ScienceFestProgram.png\",\"datePublished\":\"2013-04-11T14:51:35+00:00\",\"dateModified\":\"2022-10-26T08:14:02+00:00\",\"breadcrumb\":{\"@id\":\"https:\\\/\\\/www.upjs.sk\\\/prirodovedecka-fakulta\\\/nezobrazene\\\/50-vyrocie\\\/science-fest\\\/#breadcrumb\"},\"inLanguage\":\"sk-SK\",\"potentialAction\":[{\"@type\":\"ReadAction\",\"target\":[\"https:\\\/\\\/www.upjs.sk\\\/prirodovedecka-fakulta\\\/nezobrazene\\\/50-vyrocie\\\/science-fest\\\/\"]}]},{\"@type\":\"ImageObject\",\"inLanguage\":\"sk-SK\",\"@id\":\"https:\\\/\\\/www.upjs.sk\\\/prirodovedecka-fakulta\\\/nezobrazene\\\/50-vyrocie\\\/science-fest\\\/#primaryimage\",\"url\":\"https:\\\/\\\/www.upjs.sk\\\/app\\\/uploads\\\/sites\\\/10\\\/2022\\\/10\\\/ScienceFestProgram.png\",\"contentUrl\":\"https:\\\/\\\/www.upjs.sk\\\/app\\\/uploads\\\/sites\\\/10\\\/2022\\\/10\\\/ScienceFestProgram.png\",\"width\":160,\"height\":160,\"caption\":\"science-fest\"},{\"@type\":\"BreadcrumbList\",\"@id\":\"https:\\\/\\\/www.upjs.sk\\\/prirodovedecka-fakulta\\\/nezobrazene\\\/50-vyrocie\\\/science-fest\\\/#breadcrumb\",\"itemListElement\":[{\"@type\":\"ListItem\",\"position\":1,\"name\":\"Home\",\"item\":\"https:\\\/\\\/www.upjs.sk\\\/prirodovedecka-fakulta\\\/\"},{\"@type\":\"ListItem\",\"position\":2,\"name\":\"Inform\u00e1cie o fakulte\",\"item\":\"https:\\\/\\\/www.upjs.sk\\\/prirodovedecka-fakulta\\\/fakulta\\\/\"},{\"@type\":\"ListItem\",\"position\":3,\"name\":\"50. v\u00fdro\u010die &#8211; podujatia\",\"item\":\"https:\\\/\\\/www.upjs.sk\\\/prirodovedecka-fakulta\\\/?page_id=17211\"},{\"@type\":\"ListItem\",\"position\":4,\"name\":\"Program podujatia ScienceFest &#8211; 25. 04. 2013\"}]},{\"@type\":\"WebSite\",\"@id\":\"https:\\\/\\\/www.upjs.sk\\\/prirodovedecka-fakulta\\\/#website\",\"url\":\"https:\\\/\\\/www.upjs.sk\\\/prirodovedecka-fakulta\\\/\",\"name\":\"Pr\u00edrodovedeck\u00e1 fakulta | UPJ\u0160\",\"description\":\"\",\"publisher\":{\"@id\":\"https:\\\/\\\/www.upjs.sk\\\/prirodovedecka-fakulta\\\/#organization\"},\"potentialAction\":[{\"@type\":\"SearchAction\",\"target\":{\"@type\":\"EntryPoint\",\"urlTemplate\":\"https:\\\/\\\/www.upjs.sk\\\/prirodovedecka-fakulta\\\/?s={search_term_string}\"},\"query-input\":{\"@type\":\"PropertyValueSpecification\",\"valueRequired\":true,\"valueName\":\"search_term_string\"}}],\"inLanguage\":\"sk-SK\"},{\"@type\":\"Organization\",\"@id\":\"https:\\\/\\\/www.upjs.sk\\\/prirodovedecka-fakulta\\\/#organization\",\"name\":\"Pr\u00edrodovedeck\u00e1 fakulta | UPJ\u0160\",\"url\":\"https:\\\/\\\/www.upjs.sk\\\/prirodovedecka-fakulta\\\/\",\"logo\":{\"@type\":\"ImageObject\",\"inLanguage\":\"sk-SK\",\"@id\":\"https:\\\/\\\/www.upjs.sk\\\/prirodovedecka-fakulta\\\/#\\\/schema\\\/logo\\\/image\\\/\",\"url\":\"https:\\\/\\\/www.upjs.sk\\\/app\\\/uploads\\\/sites\\\/10\\\/2022\\\/09\\\/logo-prirodovedecka-fakulta.png\",\"contentUrl\":\"https:\\\/\\\/www.upjs.sk\\\/app\\\/uploads\\\/sites\\\/10\\\/2022\\\/09\\\/logo-prirodovedecka-fakulta.png\",\"width\":415,\"height\":87,\"caption\":\"Pr\u00edrodovedeck\u00e1 fakulta | UPJ\u0160\"},\"image\":{\"@id\":\"https:\\\/\\\/www.upjs.sk\\\/prirodovedecka-fakulta\\\/#\\\/schema\\\/logo\\\/image\\\/\"}}]}<\/script>\n<!-- \/ Yoast SEO plugin. -->","yoast_head_json":{"title":"Program podujatia ScienceFest - 25. 04. 2013 - Pr\u00edrodovedeck\u00e1 fakulta | UPJ\u0160","robots":{"index":"index","follow":"follow","max-snippet":"max-snippet:-1","max-image-preview":"max-image-preview:large","max-video-preview":"max-video-preview:-1"},"canonical":"https:\/\/www.upjs.sk\/prirodovedecka-fakulta\/nezobrazene\/50-vyrocie\/science-fest\/","og_locale":"sk_SK","og_type":"article","og_title":"Program podujatia ScienceFest - 25. 04. 2013 - Pr\u00edrodovedeck\u00e1 fakulta | UPJ\u0160","og_description":"Aktivity v\u00a0are\u00e1li Park Angelinum 9 \u2013 Jesenn\u00e1 5 \u0160tudentsk\u00e1 vedeck\u00e1 konferencia 8.00 \u2013\u00a0\u00a0 8.30 h. \u00a0\u00a0\u00a0 Otvorenie (posluch\u00e1re\u0148 SA1A1) 8.30 \u2013 13.00 h. \u00a0\u00a0\u00a0 Rokovania v\u00a0sekci\u00e1ch Program\u00e1torsk\u00e1 s\u00fa\u0165a\u017e a\u00a0s\u00fa\u0165a\u017e IHRA 13.00 \u2013 15.00 h. \u00a0 \u00dastav informatiky Student happening 12.00 \u2013 15.00 h. \u00a0 \u00e1trium P. Angelinum, \u0161tudov\u0148a A. Merici Otvoren\u00e9 laborat\u00f3ri\u00e1 13.00 \u2013 15.00 &hellip; \u010c\u00edta\u0165 \u010falej","og_url":"https:\/\/www.upjs.sk\/prirodovedecka-fakulta\/nezobrazene\/50-vyrocie\/science-fest\/","og_site_name":"Pr\u00edrodovedeck\u00e1 fakulta | UPJ\u0160","article_modified_time":"2022-10-26T08:14:02+00:00","og_image":[{"width":160,"height":160,"url":"https:\/\/www.upjs.sk\/app\/uploads\/sites\/10\/2022\/10\/ScienceFestProgram.png","type":"image\/png"}],"twitter_card":"summary_large_image","twitter_misc":{"Predpokladan\u00fd \u010das \u010d\u00edtania":"1 min\u00fata"},"schema":{"@context":"https:\/\/schema.org","@graph":[{"@type":"WebPage","@id":"https:\/\/www.upjs.sk\/prirodovedecka-fakulta\/nezobrazene\/50-vyrocie\/science-fest\/","url":"https:\/\/www.upjs.sk\/prirodovedecka-fakulta\/nezobrazene\/50-vyrocie\/science-fest\/","name":"Program podujatia ScienceFest - 25. 04. 2013 - Pr\u00edrodovedeck\u00e1 fakulta | UPJ\u0160","isPartOf":{"@id":"https:\/\/www.upjs.sk\/prirodovedecka-fakulta\/#website"},"primaryImageOfPage":{"@id":"https:\/\/www.upjs.sk\/prirodovedecka-fakulta\/nezobrazene\/50-vyrocie\/science-fest\/#primaryimage"},"image":{"@id":"https:\/\/www.upjs.sk\/prirodovedecka-fakulta\/nezobrazene\/50-vyrocie\/science-fest\/#primaryimage"},"thumbnailUrl":"https:\/\/www.upjs.sk\/app\/uploads\/sites\/10\/2022\/10\/ScienceFestProgram.png","datePublished":"2013-04-11T14:51:35+00:00","dateModified":"2022-10-26T08:14:02+00:00","breadcrumb":{"@id":"https:\/\/www.upjs.sk\/prirodovedecka-fakulta\/nezobrazene\/50-vyrocie\/science-fest\/#breadcrumb"},"inLanguage":"sk-SK","potentialAction":[{"@type":"ReadAction","target":["https:\/\/www.upjs.sk\/prirodovedecka-fakulta\/nezobrazene\/50-vyrocie\/science-fest\/"]}]},{"@type":"ImageObject","inLanguage":"sk-SK","@id":"https:\/\/www.upjs.sk\/prirodovedecka-fakulta\/nezobrazene\/50-vyrocie\/science-fest\/#primaryimage","url":"https:\/\/www.upjs.sk\/app\/uploads\/sites\/10\/2022\/10\/ScienceFestProgram.png","contentUrl":"https:\/\/www.upjs.sk\/app\/uploads\/sites\/10\/2022\/10\/ScienceFestProgram.png","width":160,"height":160,"caption":"science-fest"},{"@type":"BreadcrumbList","@id":"https:\/\/www.upjs.sk\/prirodovedecka-fakulta\/nezobrazene\/50-vyrocie\/science-fest\/#breadcrumb","itemListElement":[{"@type":"ListItem","position":1,"name":"Home","item":"https:\/\/www.upjs.sk\/prirodovedecka-fakulta\/"},{"@type":"ListItem","position":2,"name":"Inform\u00e1cie o fakulte","item":"https:\/\/www.upjs.sk\/prirodovedecka-fakulta\/fakulta\/"},{"@type":"ListItem","position":3,"name":"50. v\u00fdro\u010die &#8211; podujatia","item":"https:\/\/www.upjs.sk\/prirodovedecka-fakulta\/?page_id=17211"},{"@type":"ListItem","position":4,"name":"Program podujatia ScienceFest &#8211; 25. 04. 2013"}]},{"@type":"WebSite","@id":"https:\/\/www.upjs.sk\/prirodovedecka-fakulta\/#website","url":"https:\/\/www.upjs.sk\/prirodovedecka-fakulta\/","name":"Pr\u00edrodovedeck\u00e1 fakulta | UPJ\u0160","description":"","publisher":{"@id":"https:\/\/www.upjs.sk\/prirodovedecka-fakulta\/#organization"},"potentialAction":[{"@type":"SearchAction","target":{"@type":"EntryPoint","urlTemplate":"https:\/\/www.upjs.sk\/prirodovedecka-fakulta\/?s={search_term_string}"},"query-input":{"@type":"PropertyValueSpecification","valueRequired":true,"valueName":"search_term_string"}}],"inLanguage":"sk-SK"},{"@type":"Organization","@id":"https:\/\/www.upjs.sk\/prirodovedecka-fakulta\/#organization","name":"Pr\u00edrodovedeck\u00e1 fakulta | UPJ\u0160","url":"https:\/\/www.upjs.sk\/prirodovedecka-fakulta\/","logo":{"@type":"ImageObject","inLanguage":"sk-SK","@id":"https:\/\/www.upjs.sk\/prirodovedecka-fakulta\/#\/schema\/logo\/image\/","url":"https:\/\/www.upjs.sk\/app\/uploads\/sites\/10\/2022\/09\/logo-prirodovedecka-fakulta.png","contentUrl":"https:\/\/www.upjs.sk\/app\/uploads\/sites\/10\/2022\/09\/logo-prirodovedecka-fakulta.png","width":415,"height":87,"caption":"Pr\u00edrodovedeck\u00e1 fakulta | UPJ\u0160"},"image":{"@id":"https:\/\/www.upjs.sk\/prirodovedecka-fakulta\/#\/schema\/logo\/image\/"}}]}},"_links":{"self":[{"href":"https:\/\/www.upjs.sk\/prirodovedecka-fakulta\/wp-json\/wp\/v2\/pages\/19180","targetHints":{"allow":["GET"]}}],"collection":[{"href":"https:\/\/www.upjs.sk\/prirodovedecka-fakulta\/wp-json\/wp\/v2\/pages"}],"about":[{"href":"https:\/\/www.upjs.sk\/prirodovedecka-fakulta\/wp-json\/wp\/v2\/types\/page"}],"author":[{"embeddable":true,"href":"https:\/\/www.upjs.sk\/prirodovedecka-fakulta\/wp-json\/wp\/v2\/users\/1"}],"replies":[{"embeddable":true,"href":"https:\/\/www.upjs.sk\/prirodovedecka-fakulta\/wp-json\/wp\/v2\/comments?post=19180"}],"version-history":[{"count":1,"href":"https:\/\/www.upjs.sk\/prirodovedecka-fakulta\/wp-json\/wp\/v2\/pages\/19180\/revisions"}],"predecessor-version":[{"id":19183,"href":"https:\/\/www.upjs.sk\/prirodovedecka-fakulta\/wp-json\/wp\/v2\/pages\/19180\/revisions\/19183"}],"up":[{"embeddable":true,"href":"https:\/\/www.upjs.sk\/prirodovedecka-fakulta\/wp-json\/wp\/v2\/pages\/17211"}],"wp:featuredmedia":[{"embeddable":true,"href":"https:\/\/www.upjs.sk\/prirodovedecka-fakulta\/wp-json\/wp\/v2\/media\/19182"}],"wp:attachment":[{"href":"https:\/\/www.upjs.sk\/prirodovedecka-fakulta\/wp-json\/wp\/v2\/media?parent=19180"}],"wp:term":[{"taxonomy":"category","embeddable":true,"href":"https:\/\/www.upjs.sk\/prirodovedecka-fakulta\/wp-json\/wp\/v2\/categories?post=19180"},{"taxonomy":"post_tag","embeddable":true,"href":"https:\/\/www.upjs.sk\/prirodovedecka-fakulta\/wp-json\/wp\/v2\/tags?post=19180"}],"curies":[{"name":"wp","href":"https:\/\/api.w.org\/{rel}","templated":true}]}}