{"id":19289,"date":"2013-07-29T11:05:48","date_gmt":"2013-07-29T11:05:48","guid":{"rendered":"https:\/\/www.upjs.sk\/prirodovedecka-fakulta\/fakulta\/50-vyrocie\/zivotopis-hajko\/"},"modified":"2023-06-30T14:51:09","modified_gmt":"2023-06-30T13:51:09","slug":"zivotopis-hajko","status":"publish","type":"page","link":"https:\/\/www.upjs.sk\/prirodovedecka-fakulta\/fakulta\/historia-fakulty\/zivotopis-hajko\/","title":{"rendered":"\u017divotopis Dr. h. c. prof. RNDr. Vladim\u00edra Hajka"},"content":{"rendered":"\n<div style=\"height:30px\" aria-hidden=\"true\" class=\"wp-block-spacer\"><\/div>\n\n\n<style>.kb-row-layout-id_824451-a2 > .kt-row-column-wrap{align-content:start;}:where(.kb-row-layout-id_824451-a2 > .kt-row-column-wrap) > .wp-block-kadence-column{justify-content:start;}.kb-row-layout-id_824451-a2 > .kt-row-column-wrap{column-gap:var(--global-kb-gap-md, 2rem);row-gap:var(--global-kb-gap-md, 2rem);padding-top:var(--global-kb-spacing-sm, 1.5rem);grid-template-columns:minmax(0, 1fr) minmax(0, 2fr);}.kb-row-layout-id_824451-a2 > .kt-row-layout-overlay{opacity:0.30;}@media all and (max-width: 1024px){.kb-row-layout-id_824451-a2 > .kt-row-column-wrap{grid-template-columns:minmax(0, 1fr) minmax(0, 2fr);}}@media all and (max-width: 767px){.kb-row-layout-id_824451-a2 > .kt-row-column-wrap{grid-template-columns:minmax(0, 1fr);}}<\/style><div class=\"kb-row-layout-wrap kb-row-layout-id_824451-a2 alignnone wp-block-kadence-rowlayout\"><div class=\"kt-row-column-wrap kt-has-2-columns kt-row-layout-right-golden kt-tab-layout-inherit kt-mobile-layout-row kt-row-valign-top\">\n<style>.kadence-column_d89fc5-ad > .kt-inside-inner-col,.kadence-column_d89fc5-ad > .kt-inside-inner-col:before{border-top-left-radius:0px;border-top-right-radius:0px;border-bottom-right-radius:0px;border-bottom-left-radius:0px;}.kadence-column_d89fc5-ad > .kt-inside-inner-col{column-gap:var(--global-kb-gap-sm, 1rem);}.kadence-column_d89fc5-ad > .kt-inside-inner-col{flex-direction:column;}.kadence-column_d89fc5-ad > .kt-inside-inner-col > .aligncenter{width:100%;}.kadence-column_d89fc5-ad > .kt-inside-inner-col:before{opacity:0.3;}.kadence-column_d89fc5-ad{position:relative;}@media all and (max-width: 1024px){.kadence-column_d89fc5-ad > .kt-inside-inner-col{flex-direction:column;justify-content:center;}}@media all and (max-width: 767px){.kadence-column_d89fc5-ad > .kt-inside-inner-col{flex-direction:column;justify-content:center;}}<\/style>\n<div class=\"wp-block-kadence-column kadence-column_d89fc5-ad\"><div class=\"kt-inside-inner-col\"><style>.wp-block-kadence-image.kb-image_79e89a-bf:not(.kb-specificity-added):not(.kb-extra-specificity-added){margin-top:5px;margin-bottom:5px;margin-left:10px;}.kb-image_79e89a-bf .kb-image-has-overlay:after{opacity:0.3;border-top-left-radius:5px;border-top-right-radius:5px;border-bottom-right-radius:5px;border-bottom-left-radius:5px;}.kb-image_79e89a-bf img.kb-img, .kb-image_79e89a-bf .kb-img img{border-top-left-radius:5px;border-top-right-radius:5px;border-bottom-right-radius:5px;border-bottom-left-radius:5px;box-shadow:7px 7px 14px 0px #008338;}<\/style>\n<div class=\"wp-block-kadence-image kb-image_79e89a-bf\"><figure class=\"aligncenter size-full\"><img loading=\"lazy\" decoding=\"async\" width=\"450\" height=\"603\" src=\"https:\/\/www.upjs.sk\/app\/uploads\/sites\/10\/2022\/09\/prof_Hajko2.jpg\" alt=\"\" class=\"kb-img wp-image-16010\" srcset=\"https:\/\/www.upjs.sk\/app\/uploads\/sites\/10\/2022\/09\/prof_Hajko2.jpg 450w, https:\/\/www.upjs.sk\/app\/uploads\/sites\/10\/2022\/09\/prof_Hajko2-224x300.jpg 224w\" sizes=\"auto, (max-width: 450px) 100vw, 450px\" \/><figcaption><strong>Akademik Vladim\u00edr Hajko<\/strong><br>3. okt\u00f3ber 1920 \u2013  24. j\u00fal 2011<\/figcaption><\/figure><\/div>\n<\/div><\/div>\n\n\n<style>.kadence-column_11f26c-e6 > .kt-inside-inner-col,.kadence-column_11f26c-e6 > .kt-inside-inner-col:before{border-top-left-radius:0px;border-top-right-radius:0px;border-bottom-right-radius:0px;border-bottom-left-radius:0px;}.kadence-column_11f26c-e6 > .kt-inside-inner-col{column-gap:var(--global-kb-gap-sm, 1rem);}.kadence-column_11f26c-e6 > .kt-inside-inner-col{flex-direction:column;}.kadence-column_11f26c-e6 > .kt-inside-inner-col > .aligncenter{width:100%;}.kadence-column_11f26c-e6 > .kt-inside-inner-col:before{opacity:0.3;}.kadence-column_11f26c-e6{position:relative;}@media all and (max-width: 1024px){.kadence-column_11f26c-e6 > .kt-inside-inner-col{flex-direction:column;justify-content:center;}}@media all and (max-width: 767px){.kadence-column_11f26c-e6 > .kt-inside-inner-col{flex-direction:column;justify-content:center;}}<\/style>\n<div class=\"wp-block-kadence-column kadence-column_11f26c-e6\"><div class=\"kt-inside-inner-col\">\n<p class=\"has-text-align-justify\"><strong>Bol slovensk\u00fd fyzik, \u0161pecialista v oblasti fyziky pevn\u00fdch l\u00e1tok a magnetick\u00fdch javov, vysoko\u0161kolsk\u00fd u\u010dite\u013e,&nbsp; \u010dlen Slovenskej akad\u00e9mie vied a \u010ceskoslovenskej akad\u00e9mie vied. Ako u\u010dite\u013e p\u00f4sobil na Technickej univerzite v&nbsp;Ko\u0161iciach a Pr\u00edrodovedeckej fakulte UPJ\u0160, pri\u010dom vychoval viacer\u00fdch vynikaj\u00facich slovensk\u00fdch fyzikov.<\/strong><\/p>\n\n\n\n<p class=\"has-text-align-justify\">Vladim\u00edr Hajko sa narodil v&nbsp;Krompachoch a&nbsp;detstvo pre\u017eil v&nbsp; Tisovci, kde ukon\u010dil aj gymn\u00e1zium. Vysoko\u0161kolsk\u00e9 \u0161t\u00fadium v odbore matematika &#8211; fyzika absolvoval na Pr\u00edrodovedeckej fakulte Univerzity Komensk\u00e9ho v Bratislave (1944). Po obhajobe diplomovej pr\u00e1ce a vykonan\u00ed rigor\u00f3znych sk\u00fa\u0161ok bol v roku 1948 na Univerzite Komensk\u00e9ho promovan\u00fd za doktora pr\u00edrodn\u00fdch vied. Svoju vedecko-pedagogick\u00fa dr\u00e1hu Hajko za\u010dal na Katedre fyziky Slovenskej vysokej \u0161koly technickejv Bratislave, teraj\u0161ej STU, kde p\u00f4sobil ako bl\u00edzky spolupracovn\u00edk profesora Dion\u00fdza Ilkovi\u010da od roku 1948 do roku 1953, kedy odi\u0161iel do Ko\u0161\u00edc.<\/p>\n\n\n\n<p class=\"has-text-align-justify\">V Ko\u0161iciach zalo\u017eil Katedru fyziky Vysokej \u0161koly technickej (teraj\u0161ej TU). Jeho prechod do Ko\u0161\u00edc bol spojen\u00fd tie\u017e s habilit\u00e1ciou na docenta. Na Vysokej \u0161kole technickej vykon\u00e1val v rokoch 1953 a\u017e 1961 i funkciu prorektora. V roku 1963 st\u00e1l Hajko pri zrode Pr\u00edrodovedeckej fakulty Univerzity P. J. \u0160af\u00e1rika a stal sa jej prv\u00fdm dekanom (v rokoch 1963-1969), nesk\u00f4r, v rokoch 1969 a\u017e 1974, bol rektorom Univerzity P. J. \u0160af\u00e1rika v Ko\u0161iciach.<\/p>\n\n\n\n<p class=\"has-text-align-justify\">Od roku 1966 bol \u010dlenom-kore\u0161pondentom Slovenskej akad\u00e9mie vied a v roku 1974 bol vymenovan\u00fd do funkcie jej predsedu. V rokoch 1980-1985 vykon\u00e1val s\u00fa\u010dasne funkciu riadite\u013ea \u00dastavu experiment\u00e1lnej fyziky SAV v Ko\u0161iciach. Vo funkcii predsedu SAV p\u00f4sobil do roku 1989. Na tomto poste v\u00fdznamnou mierou prispel k rozvoju vedeck\u00e9ho b\u00e1dania. Bol tie\u017e \u010dlenom \u010ceskoslovenskej akad\u00e9mie vied, zahrani\u010dn\u00fdm \u010dlenom Ruskej akad\u00e9mie vied v Moskve a Ukrajinskej akad\u00e9mie vied v Kyjeve.<\/p>\n<\/div><\/div>\n\n<\/div><\/div>\n\n\n<p class=\"has-text-align-justify\">Vlastn\u00fdm vedn\u00fdm odborom profesora Hajka bol magnetizmus, predov\u0161etk\u00fdm \u0161t\u00fadium magnetiza\u010dn\u00fdch procesov. Zalo\u017eil a rozvinul ko\u0161ick\u00fa vedeck\u00fa \u0161kolu v odbore magnetizmu, okrem toho inicioval vznik a dlh\u00e9 roky podporoval rozvoj ko\u0161ickej fyziky n\u00edzkych tepl\u00f4t. V\u00fdsledky svojej vedecko-v\u00fdskumnej \u010dinnosti publikoval vo viac ako 40 vedeck\u00fdch pr\u00e1cach, ktor\u00e9 sa stretli so \u017eiv\u00fdm ohlasom dom\u00e1cej a medzin\u00e1rodnej vedeckej pospolitosti. Ve\u013emi plodn\u00e1 je kni\u017en\u00e1 publika\u010dn\u00e1 aktivita Hajka. V spolupr\u00e1ci s bl\u00edzkymi spolupracovn\u00edkmi vydal \u0161es\u0165 kni\u017en\u00fdch publik\u00e1ci\u00ed, napr\u00edklad Z\u00e1klady fyziky, Fyzika v pr\u00edkladoch, ktor\u00e1 bola prelo\u017een\u00e1 aj do in\u00fdch jazykov, Fyzika v experimentoch, ktor\u00e1 vy\u0161la aj v anglickej verzii \u010di Magnetiza\u010dn\u00e9 procesy.<\/p>\n\n\n\n<p class=\"has-text-align-justify\">Vladim\u00edr Hajko bol nosite\u013eom \u0160t\u00e1tnej ceny SSR (1973), Medaily J. A. Komensk\u00e9ho (1974), Zlatej medaily SAV (1999), \u010destn\u00fdm \u010dlenom JSMF (Jednoty slovensk\u00fdch matematikov a fyzikov, 1975) a SFS (Slovenskej fyzik\u00e1lnej spolo\u010dnosti, 1998).<\/p>\n","protected":false},"excerpt":{"rendered":"<p>Bol slovensk\u00fd fyzik, \u0161pecialista v oblasti fyziky pevn\u00fdch l\u00e1tok a magnetick\u00fdch javov, vysoko\u0161kolsk\u00fd u\u010dite\u013e,&nbsp; \u010dlen Slovenskej akad\u00e9mie vied a \u010ceskoslovenskej akad\u00e9mie vied. Ako u\u010dite\u013e p\u00f4sobil na Technickej univerzite v&nbsp;Ko\u0161iciach a Pr\u00edrodovedeckej fakulte UPJ\u0160, pri\u010dom vychoval viacer\u00fdch vynikaj\u00facich slovensk\u00fdch fyzikov. Vladim\u00edr Hajko sa narodil v&nbsp;Krompachoch a&nbsp;detstvo pre\u017eil v&nbsp; Tisovci, kde ukon\u010dil aj gymn\u00e1zium. Vysoko\u0161kolsk\u00e9 \u0161t\u00fadium v &hellip; <a href=\"https:\/\/www.upjs.sk\/prirodovedecka-fakulta\/fakulta\/historia-fakulty\/zivotopis-hajko\/\">\u010c\u00edta\u0165 \u010falej<\/a><\/p>\n","protected":false},"author":1,"featured_media":14949,"parent":14904,"menu_order":0,"comment_status":"closed","ping_status":"closed","template":"","meta":{"_acf_changed":false,"_editorskit_title_hidden":false,"_editorskit_reading_time":0,"_editorskit_is_block_options_detached":false,"_editorskit_block_options_position":"{}","footnotes":""},"categories":[],"tags":[],"class_list":["post-19289","page","type-page","status-publish","has-post-thumbnail","hentry"],"acf":{"acf_link_na_externy_obsah":""},"yoast_head":"<!-- This site is optimized with the Yoast SEO plugin v27.4 - https:\/\/yoast.com\/product\/yoast-seo-wordpress\/ -->\n<title>\u017divotopis Dr. h. c. prof. RNDr. Vladim\u00edra Hajka - Pr\u00edrodovedeck\u00e1 fakulta | UPJ\u0160<\/title>\n<meta name=\"robots\" content=\"index, follow, max-snippet:-1, max-image-preview:large, max-video-preview:-1\" \/>\n<link rel=\"canonical\" href=\"https:\/\/www.upjs.sk\/prirodovedecka-fakulta\/fakulta\/historia-fakulty\/zivotopis-hajko\/\" \/>\n<meta property=\"og:locale\" content=\"sk_SK\" \/>\n<meta property=\"og:type\" content=\"article\" \/>\n<meta property=\"og:title\" content=\"\u017divotopis Dr. h. c. prof. RNDr. Vladim\u00edra Hajka - Pr\u00edrodovedeck\u00e1 fakulta | UPJ\u0160\" \/>\n<meta property=\"og:description\" content=\"Bol slovensk\u00fd fyzik, \u0161pecialista v oblasti fyziky pevn\u00fdch l\u00e1tok a magnetick\u00fdch javov, vysoko\u0161kolsk\u00fd u\u010dite\u013e,&nbsp; \u010dlen Slovenskej akad\u00e9mie vied a \u010ceskoslovenskej akad\u00e9mie vied. Ako u\u010dite\u013e p\u00f4sobil na Technickej univerzite v&nbsp;Ko\u0161iciach a Pr\u00edrodovedeckej fakulte UPJ\u0160, pri\u010dom vychoval viacer\u00fdch vynikaj\u00facich slovensk\u00fdch fyzikov. Vladim\u00edr Hajko sa narodil v&nbsp;Krompachoch a&nbsp;detstvo pre\u017eil v&nbsp; Tisovci, kde ukon\u010dil aj gymn\u00e1zium. Vysoko\u0161kolsk\u00e9 \u0161t\u00fadium v &hellip; \u010c\u00edta\u0165 \u010falej\" \/>\n<meta property=\"og:url\" content=\"https:\/\/www.upjs.sk\/prirodovedecka-fakulta\/fakulta\/historia-fakulty\/zivotopis-hajko\/\" \/>\n<meta property=\"og:site_name\" content=\"Pr\u00edrodovedeck\u00e1 fakulta | UPJ\u0160\" \/>\n<meta property=\"article:modified_time\" content=\"2023-06-30T13:51:09+00:00\" \/>\n<meta property=\"og:image\" content=\"https:\/\/www.upjs.sk\/app\/uploads\/sites\/10\/2022\/09\/prof-hajko1.jpg\" \/>\n\t<meta property=\"og:image:width\" content=\"551\" \/>\n\t<meta property=\"og:image:height\" content=\"365\" \/>\n\t<meta property=\"og:image:type\" content=\"image\/jpeg\" \/>\n<meta name=\"twitter:card\" content=\"summary_large_image\" \/>\n<meta name=\"twitter:label1\" content=\"Predpokladan\u00fd \u010das \u010d\u00edtania\" \/>\n\t<meta name=\"twitter:data1\" content=\"3 min\u00faty\" \/>\n<script type=\"application\/ld+json\" class=\"yoast-schema-graph\">{\"@context\":\"https:\\\/\\\/schema.org\",\"@graph\":[{\"@type\":\"WebPage\",\"@id\":\"https:\\\/\\\/www.upjs.sk\\\/prirodovedecka-fakulta\\\/fakulta\\\/historia-fakulty\\\/zivotopis-hajko\\\/\",\"url\":\"https:\\\/\\\/www.upjs.sk\\\/prirodovedecka-fakulta\\\/fakulta\\\/historia-fakulty\\\/zivotopis-hajko\\\/\",\"name\":\"\u017divotopis Dr. h. c. prof. RNDr. Vladim\u00edra Hajka - Pr\u00edrodovedeck\u00e1 fakulta | UPJ\u0160\",\"isPartOf\":{\"@id\":\"https:\\\/\\\/www.upjs.sk\\\/prirodovedecka-fakulta\\\/#website\"},\"primaryImageOfPage\":{\"@id\":\"https:\\\/\\\/www.upjs.sk\\\/prirodovedecka-fakulta\\\/fakulta\\\/historia-fakulty\\\/zivotopis-hajko\\\/#primaryimage\"},\"image\":{\"@id\":\"https:\\\/\\\/www.upjs.sk\\\/prirodovedecka-fakulta\\\/fakulta\\\/historia-fakulty\\\/zivotopis-hajko\\\/#primaryimage\"},\"thumbnailUrl\":\"https:\\\/\\\/www.upjs.sk\\\/app\\\/uploads\\\/sites\\\/10\\\/2022\\\/09\\\/prof-hajko1.jpg\",\"datePublished\":\"2013-07-29T11:05:48+00:00\",\"dateModified\":\"2023-06-30T13:51:09+00:00\",\"breadcrumb\":{\"@id\":\"https:\\\/\\\/www.upjs.sk\\\/prirodovedecka-fakulta\\\/fakulta\\\/historia-fakulty\\\/zivotopis-hajko\\\/#breadcrumb\"},\"inLanguage\":\"sk-SK\",\"potentialAction\":[{\"@type\":\"ReadAction\",\"target\":[\"https:\\\/\\\/www.upjs.sk\\\/prirodovedecka-fakulta\\\/fakulta\\\/historia-fakulty\\\/zivotopis-hajko\\\/\"]}]},{\"@type\":\"ImageObject\",\"inLanguage\":\"sk-SK\",\"@id\":\"https:\\\/\\\/www.upjs.sk\\\/prirodovedecka-fakulta\\\/fakulta\\\/historia-fakulty\\\/zivotopis-hajko\\\/#primaryimage\",\"url\":\"https:\\\/\\\/www.upjs.sk\\\/app\\\/uploads\\\/sites\\\/10\\\/2022\\\/09\\\/prof-hajko1.jpg\",\"contentUrl\":\"https:\\\/\\\/www.upjs.sk\\\/app\\\/uploads\\\/sites\\\/10\\\/2022\\\/09\\\/prof-hajko1.jpg\",\"width\":551,\"height\":365,\"caption\":\"zivotopis-hajko\"},{\"@type\":\"BreadcrumbList\",\"@id\":\"https:\\\/\\\/www.upjs.sk\\\/prirodovedecka-fakulta\\\/fakulta\\\/historia-fakulty\\\/zivotopis-hajko\\\/#breadcrumb\",\"itemListElement\":[{\"@type\":\"ListItem\",\"position\":1,\"name\":\"Home\",\"item\":\"https:\\\/\\\/www.upjs.sk\\\/prirodovedecka-fakulta\\\/\"},{\"@type\":\"ListItem\",\"position\":2,\"name\":\"Inform\u00e1cie o fakulte\",\"item\":\"https:\\\/\\\/www.upjs.sk\\\/prirodovedecka-fakulta\\\/fakulta\\\/\"},{\"@type\":\"ListItem\",\"position\":3,\"name\":\"Hist\u00f3ria fakulty\",\"item\":\"https:\\\/\\\/www.upjs.sk\\\/prirodovedecka-fakulta\\\/fakulta\\\/historia-fakulty\\\/\"},{\"@type\":\"ListItem\",\"position\":4,\"name\":\"\u017divotopis Dr. h. c. prof. RNDr. Vladim\u00edra Hajka\"}]},{\"@type\":\"WebSite\",\"@id\":\"https:\\\/\\\/www.upjs.sk\\\/prirodovedecka-fakulta\\\/#website\",\"url\":\"https:\\\/\\\/www.upjs.sk\\\/prirodovedecka-fakulta\\\/\",\"name\":\"Pr\u00edrodovedeck\u00e1 fakulta | UPJ\u0160\",\"description\":\"\",\"publisher\":{\"@id\":\"https:\\\/\\\/www.upjs.sk\\\/prirodovedecka-fakulta\\\/#organization\"},\"potentialAction\":[{\"@type\":\"SearchAction\",\"target\":{\"@type\":\"EntryPoint\",\"urlTemplate\":\"https:\\\/\\\/www.upjs.sk\\\/prirodovedecka-fakulta\\\/?s={search_term_string}\"},\"query-input\":{\"@type\":\"PropertyValueSpecification\",\"valueRequired\":true,\"valueName\":\"search_term_string\"}}],\"inLanguage\":\"sk-SK\"},{\"@type\":\"Organization\",\"@id\":\"https:\\\/\\\/www.upjs.sk\\\/prirodovedecka-fakulta\\\/#organization\",\"name\":\"Pr\u00edrodovedeck\u00e1 fakulta | UPJ\u0160\",\"url\":\"https:\\\/\\\/www.upjs.sk\\\/prirodovedecka-fakulta\\\/\",\"logo\":{\"@type\":\"ImageObject\",\"inLanguage\":\"sk-SK\",\"@id\":\"https:\\\/\\\/www.upjs.sk\\\/prirodovedecka-fakulta\\\/#\\\/schema\\\/logo\\\/image\\\/\",\"url\":\"https:\\\/\\\/www.upjs.sk\\\/app\\\/uploads\\\/sites\\\/10\\\/2022\\\/09\\\/logo-prirodovedecka-fakulta.png\",\"contentUrl\":\"https:\\\/\\\/www.upjs.sk\\\/app\\\/uploads\\\/sites\\\/10\\\/2022\\\/09\\\/logo-prirodovedecka-fakulta.png\",\"width\":415,\"height\":87,\"caption\":\"Pr\u00edrodovedeck\u00e1 fakulta | UPJ\u0160\"},\"image\":{\"@id\":\"https:\\\/\\\/www.upjs.sk\\\/prirodovedecka-fakulta\\\/#\\\/schema\\\/logo\\\/image\\\/\"}}]}<\/script>\n<!-- \/ Yoast SEO plugin. -->","yoast_head_json":{"title":"\u017divotopis Dr. h. c. prof. RNDr. Vladim\u00edra Hajka - Pr\u00edrodovedeck\u00e1 fakulta | UPJ\u0160","robots":{"index":"index","follow":"follow","max-snippet":"max-snippet:-1","max-image-preview":"max-image-preview:large","max-video-preview":"max-video-preview:-1"},"canonical":"https:\/\/www.upjs.sk\/prirodovedecka-fakulta\/fakulta\/historia-fakulty\/zivotopis-hajko\/","og_locale":"sk_SK","og_type":"article","og_title":"\u017divotopis Dr. h. c. prof. RNDr. Vladim\u00edra Hajka - Pr\u00edrodovedeck\u00e1 fakulta | UPJ\u0160","og_description":"Bol slovensk\u00fd fyzik, \u0161pecialista v oblasti fyziky pevn\u00fdch l\u00e1tok a magnetick\u00fdch javov, vysoko\u0161kolsk\u00fd u\u010dite\u013e,&nbsp; \u010dlen Slovenskej akad\u00e9mie vied a \u010ceskoslovenskej akad\u00e9mie vied. Ako u\u010dite\u013e p\u00f4sobil na Technickej univerzite v&nbsp;Ko\u0161iciach a Pr\u00edrodovedeckej fakulte UPJ\u0160, pri\u010dom vychoval viacer\u00fdch vynikaj\u00facich slovensk\u00fdch fyzikov. Vladim\u00edr Hajko sa narodil v&nbsp;Krompachoch a&nbsp;detstvo pre\u017eil v&nbsp; Tisovci, kde ukon\u010dil aj gymn\u00e1zium. Vysoko\u0161kolsk\u00e9 \u0161t\u00fadium v &hellip; \u010c\u00edta\u0165 \u010falej","og_url":"https:\/\/www.upjs.sk\/prirodovedecka-fakulta\/fakulta\/historia-fakulty\/zivotopis-hajko\/","og_site_name":"Pr\u00edrodovedeck\u00e1 fakulta | UPJ\u0160","article_modified_time":"2023-06-30T13:51:09+00:00","og_image":[{"width":551,"height":365,"url":"https:\/\/www.upjs.sk\/app\/uploads\/sites\/10\/2022\/09\/prof-hajko1.jpg","type":"image\/jpeg"}],"twitter_card":"summary_large_image","twitter_misc":{"Predpokladan\u00fd \u010das \u010d\u00edtania":"3 min\u00faty"},"schema":{"@context":"https:\/\/schema.org","@graph":[{"@type":"WebPage","@id":"https:\/\/www.upjs.sk\/prirodovedecka-fakulta\/fakulta\/historia-fakulty\/zivotopis-hajko\/","url":"https:\/\/www.upjs.sk\/prirodovedecka-fakulta\/fakulta\/historia-fakulty\/zivotopis-hajko\/","name":"\u017divotopis Dr. h. c. prof. RNDr. Vladim\u00edra Hajka - Pr\u00edrodovedeck\u00e1 fakulta | UPJ\u0160","isPartOf":{"@id":"https:\/\/www.upjs.sk\/prirodovedecka-fakulta\/#website"},"primaryImageOfPage":{"@id":"https:\/\/www.upjs.sk\/prirodovedecka-fakulta\/fakulta\/historia-fakulty\/zivotopis-hajko\/#primaryimage"},"image":{"@id":"https:\/\/www.upjs.sk\/prirodovedecka-fakulta\/fakulta\/historia-fakulty\/zivotopis-hajko\/#primaryimage"},"thumbnailUrl":"https:\/\/www.upjs.sk\/app\/uploads\/sites\/10\/2022\/09\/prof-hajko1.jpg","datePublished":"2013-07-29T11:05:48+00:00","dateModified":"2023-06-30T13:51:09+00:00","breadcrumb":{"@id":"https:\/\/www.upjs.sk\/prirodovedecka-fakulta\/fakulta\/historia-fakulty\/zivotopis-hajko\/#breadcrumb"},"inLanguage":"sk-SK","potentialAction":[{"@type":"ReadAction","target":["https:\/\/www.upjs.sk\/prirodovedecka-fakulta\/fakulta\/historia-fakulty\/zivotopis-hajko\/"]}]},{"@type":"ImageObject","inLanguage":"sk-SK","@id":"https:\/\/www.upjs.sk\/prirodovedecka-fakulta\/fakulta\/historia-fakulty\/zivotopis-hajko\/#primaryimage","url":"https:\/\/www.upjs.sk\/app\/uploads\/sites\/10\/2022\/09\/prof-hajko1.jpg","contentUrl":"https:\/\/www.upjs.sk\/app\/uploads\/sites\/10\/2022\/09\/prof-hajko1.jpg","width":551,"height":365,"caption":"zivotopis-hajko"},{"@type":"BreadcrumbList","@id":"https:\/\/www.upjs.sk\/prirodovedecka-fakulta\/fakulta\/historia-fakulty\/zivotopis-hajko\/#breadcrumb","itemListElement":[{"@type":"ListItem","position":1,"name":"Home","item":"https:\/\/www.upjs.sk\/prirodovedecka-fakulta\/"},{"@type":"ListItem","position":2,"name":"Inform\u00e1cie o fakulte","item":"https:\/\/www.upjs.sk\/prirodovedecka-fakulta\/fakulta\/"},{"@type":"ListItem","position":3,"name":"Hist\u00f3ria fakulty","item":"https:\/\/www.upjs.sk\/prirodovedecka-fakulta\/fakulta\/historia-fakulty\/"},{"@type":"ListItem","position":4,"name":"\u017divotopis Dr. h. c. prof. RNDr. Vladim\u00edra Hajka"}]},{"@type":"WebSite","@id":"https:\/\/www.upjs.sk\/prirodovedecka-fakulta\/#website","url":"https:\/\/www.upjs.sk\/prirodovedecka-fakulta\/","name":"Pr\u00edrodovedeck\u00e1 fakulta | UPJ\u0160","description":"","publisher":{"@id":"https:\/\/www.upjs.sk\/prirodovedecka-fakulta\/#organization"},"potentialAction":[{"@type":"SearchAction","target":{"@type":"EntryPoint","urlTemplate":"https:\/\/www.upjs.sk\/prirodovedecka-fakulta\/?s={search_term_string}"},"query-input":{"@type":"PropertyValueSpecification","valueRequired":true,"valueName":"search_term_string"}}],"inLanguage":"sk-SK"},{"@type":"Organization","@id":"https:\/\/www.upjs.sk\/prirodovedecka-fakulta\/#organization","name":"Pr\u00edrodovedeck\u00e1 fakulta | UPJ\u0160","url":"https:\/\/www.upjs.sk\/prirodovedecka-fakulta\/","logo":{"@type":"ImageObject","inLanguage":"sk-SK","@id":"https:\/\/www.upjs.sk\/prirodovedecka-fakulta\/#\/schema\/logo\/image\/","url":"https:\/\/www.upjs.sk\/app\/uploads\/sites\/10\/2022\/09\/logo-prirodovedecka-fakulta.png","contentUrl":"https:\/\/www.upjs.sk\/app\/uploads\/sites\/10\/2022\/09\/logo-prirodovedecka-fakulta.png","width":415,"height":87,"caption":"Pr\u00edrodovedeck\u00e1 fakulta | UPJ\u0160"},"image":{"@id":"https:\/\/www.upjs.sk\/prirodovedecka-fakulta\/#\/schema\/logo\/image\/"}}]}},"_links":{"self":[{"href":"https:\/\/www.upjs.sk\/prirodovedecka-fakulta\/wp-json\/wp\/v2\/pages\/19289","targetHints":{"allow":["GET"]}}],"collection":[{"href":"https:\/\/www.upjs.sk\/prirodovedecka-fakulta\/wp-json\/wp\/v2\/pages"}],"about":[{"href":"https:\/\/www.upjs.sk\/prirodovedecka-fakulta\/wp-json\/wp\/v2\/types\/page"}],"author":[{"embeddable":true,"href":"https:\/\/www.upjs.sk\/prirodovedecka-fakulta\/wp-json\/wp\/v2\/users\/1"}],"replies":[{"embeddable":true,"href":"https:\/\/www.upjs.sk\/prirodovedecka-fakulta\/wp-json\/wp\/v2\/comments?post=19289"}],"version-history":[{"count":14,"href":"https:\/\/www.upjs.sk\/prirodovedecka-fakulta\/wp-json\/wp\/v2\/pages\/19289\/revisions"}],"predecessor-version":[{"id":58325,"href":"https:\/\/www.upjs.sk\/prirodovedecka-fakulta\/wp-json\/wp\/v2\/pages\/19289\/revisions\/58325"}],"up":[{"embeddable":true,"href":"https:\/\/www.upjs.sk\/prirodovedecka-fakulta\/wp-json\/wp\/v2\/pages\/14904"}],"wp:featuredmedia":[{"embeddable":true,"href":"https:\/\/www.upjs.sk\/prirodovedecka-fakulta\/wp-json\/wp\/v2\/media\/14949"}],"wp:attachment":[{"href":"https:\/\/www.upjs.sk\/prirodovedecka-fakulta\/wp-json\/wp\/v2\/media?parent=19289"}],"wp:term":[{"taxonomy":"category","embeddable":true,"href":"https:\/\/www.upjs.sk\/prirodovedecka-fakulta\/wp-json\/wp\/v2\/categories?post=19289"},{"taxonomy":"post_tag","embeddable":true,"href":"https:\/\/www.upjs.sk\/prirodovedecka-fakulta\/wp-json\/wp\/v2\/tags?post=19289"}],"curies":[{"name":"wp","href":"https:\/\/api.w.org\/{rel}","templated":true}]}}