{"id":19578,"date":"2011-10-19T12:15:58","date_gmt":"2011-10-19T12:15:58","guid":{"rendered":"https:\/\/www.upjs.sk\/prirodovedecka-fakulta\/podpora-projektov\/6228-2\/"},"modified":"2022-10-26T08:14:54","modified_gmt":"2022-10-26T08:14:54","slug":"6228-2","status":"publish","type":"page","link":"https:\/\/www.upjs.sk\/prirodovedecka-fakulta\/podpora-projektov\/6228-2\/","title":{"rendered":"Nad\u00e1cia Slovenskej sporite\u013ene"},"content":{"rendered":"<p> \tNad\u00e1cia Slovenskej sporite\u013ene je neziskov\u00fd subjekt s\u00a0celo\u0161t\u00e1tnou p\u00f4sobnos\u0165ou. Jej cie\u013eom je podpova\u0165 kvalitn\u00e9 verejnoprospe\u0161n\u00e9 projekty, ktor\u00e9 posil\u0148uj\u00fa z\u00e1kladn\u00e9 spolo\u010densk\u00e9 hodnoty a dosahuj\u00fa kvalitat\u00edvne zmeny v oblasti kult\u00fary, vzdel\u00e1vania, vedy, \u0161portu, zdravia, charity, \u010di tvorby a ochrany \u017eivotn\u00e9ho prostredia.<\/p>\n<p> \tPredkladan\u00e9 projekty by mali spada\u0165 do t\u00fdchto oblast\u00ed:<\/p>\n<ul>\n<li> \t\trozvoj a podpora vzdel\u00e1vania<\/li>\n<li> \t\trozvoj a ochrana kult\u00farnych hodn\u00f4t<\/li>\n<li> \t\tpodpora \u0161portu<\/li>\n<li> \t\tochrana a podpora zdravia<\/li>\n<li> \t\tpodpora charitat\u00edvnych a soci\u00e1lnych aktiv\u00edt<\/li>\n<li> \t\tochrana \u017eivotneho prostredia<\/li>\n<li> \t\tin\u00e9<\/li>\n<\/ul>\n<p> \tNajbli\u017e\u0161ia uz\u00e1vierka projektov Nad\u00e1cie SLSP je 7.11.2011, av\u0161ak intern\u00fd deadline pre UPJ\u0160 v Ko\u0161iciach je 31.10.2011. \u017diados\u0165 o podporu je potrebn\u00e9 zasla\u0165 na typizovanom formul\u00e1ri, ktor\u00fd je zverejnen\u00fd na <a class=\"moz-txt-link-freetext\" href=\"http:\/\/www.nadaciaslsp.sk\/downloads\/formular.doc\">http:\/\/www.nadaciaslsp.sk\/downloads\/formular.doc<\/a> Jeho elektronick\u00fa a tla\u010den\u00fa verziu je potrebn\u00e9 zasla\u0165 na adresu <a class=\"moz-txt-link-abbreviated\" href=\"mailto:beata.jureckova@upjs.sk\">beata.jureckova@upjs.sk<\/a> do 31.10.2011.<\/p>\n<p> \tV\u0161etky projekty bud\u00fa predlo\u017een\u00e9 na podpis rektorovi a n\u00e1sledne zaslan\u00e9 so sprievodn\u00fdm listom rektora na adresu Nad\u00e1cie SLSP. Kontaktn\u00fdm osob\u00e1m uveden\u00fdm v projektoch bud\u00fa doru\u010den\u00e9 fotok\u00f3pie podp\u00edsan\u00fdch projektov.<\/p>\n<p> \tPodrobnej\u0161ie inform\u00e1cie n\u00e1jdete na <a href=\"http:\/\/www.nadaciaslsp.sk\">http:\/\/www.nadaciaslsp.sk<\/a><\/p>\n","protected":false},"excerpt":{"rendered":"<p>Nad\u00e1cia Slovenskej sporite\u013ene je neziskov\u00fd subjekt s\u00a0celo\u0161t\u00e1tnou p\u00f4sobnos\u0165ou. Jej cie\u013eom je podpova\u0165 kvalitn\u00e9 verejnoprospe\u0161n\u00e9 projekty, ktor\u00e9 posil\u0148uj\u00fa z\u00e1kladn\u00e9 spolo\u010densk\u00e9 hodnoty a dosahuj\u00fa kvalitat\u00edvne zmeny v oblasti kult\u00fary, vzdel\u00e1vania, vedy, \u0161portu, zdravia, charity, \u010di tvorby a ochrany \u017eivotn\u00e9ho prostredia. Predkladan\u00e9 projekty by mali spada\u0165 do t\u00fdchto oblast\u00ed: rozvoj a podpora vzdel\u00e1vania rozvoj a ochrana kult\u00farnych hodn\u00f4t &hellip; <a href=\"https:\/\/www.upjs.sk\/prirodovedecka-fakulta\/podpora-projektov\/6228-2\/\">\u010c\u00edta\u0165 \u010falej<\/a><\/p>\n","protected":false},"author":1,"featured_media":0,"parent":17288,"menu_order":1,"comment_status":"closed","ping_status":"closed","template":"","meta":{"_acf_changed":false,"_editorskit_title_hidden":false,"_editorskit_reading_time":0,"_editorskit_is_block_options_detached":false,"_editorskit_block_options_position":"{}","footnotes":""},"categories":[],"tags":[],"class_list":["post-19578","page","type-page","status-publish","hentry"],"acf":{"acf_link_na_externy_obsah":""},"yoast_head":"<!-- This site is optimized with the Yoast SEO plugin v27.2 - https:\/\/yoast.com\/product\/yoast-seo-wordpress\/ -->\n<title>Nad\u00e1cia Slovenskej sporite\u013ene - Pr\u00edrodovedeck\u00e1 fakulta | UPJ\u0160<\/title>\n<meta name=\"robots\" content=\"index, follow, max-snippet:-1, max-image-preview:large, max-video-preview:-1\" \/>\n<link rel=\"canonical\" href=\"https:\/\/www.upjs.sk\/prirodovedecka-fakulta\/podpora-projektov\/6228-2\/\" \/>\n<meta property=\"og:locale\" content=\"sk_SK\" \/>\n<meta property=\"og:type\" content=\"article\" \/>\n<meta property=\"og:title\" content=\"Nad\u00e1cia Slovenskej sporite\u013ene - Pr\u00edrodovedeck\u00e1 fakulta | UPJ\u0160\" \/>\n<meta property=\"og:description\" content=\"Nad\u00e1cia Slovenskej sporite\u013ene je neziskov\u00fd subjekt s\u00a0celo\u0161t\u00e1tnou p\u00f4sobnos\u0165ou. Jej cie\u013eom je podpova\u0165 kvalitn\u00e9 verejnoprospe\u0161n\u00e9 projekty, ktor\u00e9 posil\u0148uj\u00fa z\u00e1kladn\u00e9 spolo\u010densk\u00e9 hodnoty a dosahuj\u00fa kvalitat\u00edvne zmeny v oblasti kult\u00fary, vzdel\u00e1vania, vedy, \u0161portu, zdravia, charity, \u010di tvorby a ochrany \u017eivotn\u00e9ho prostredia. Predkladan\u00e9 projekty by mali spada\u0165 do t\u00fdchto oblast\u00ed: rozvoj a podpora vzdel\u00e1vania rozvoj a ochrana kult\u00farnych hodn\u00f4t &hellip; \u010c\u00edta\u0165 \u010falej\" \/>\n<meta property=\"og:url\" content=\"https:\/\/www.upjs.sk\/prirodovedecka-fakulta\/podpora-projektov\/6228-2\/\" \/>\n<meta property=\"og:site_name\" content=\"Pr\u00edrodovedeck\u00e1 fakulta | UPJ\u0160\" \/>\n<meta property=\"article:modified_time\" content=\"2022-10-26T08:14:54+00:00\" \/>\n<meta name=\"twitter:card\" content=\"summary_large_image\" \/>\n<meta name=\"twitter:label1\" content=\"Predpokladan\u00fd \u010das \u010d\u00edtania\" \/>\n\t<meta name=\"twitter:data1\" content=\"1 min\u00fata\" \/>\n<script type=\"application\/ld+json\" class=\"yoast-schema-graph\">{\"@context\":\"https:\/\/schema.org\",\"@graph\":[{\"@type\":\"WebPage\",\"@id\":\"https:\/\/www.upjs.sk\/prirodovedecka-fakulta\/podpora-projektov\/6228-2\/\",\"url\":\"https:\/\/www.upjs.sk\/prirodovedecka-fakulta\/podpora-projektov\/6228-2\/\",\"name\":\"Nad\u00e1cia Slovenskej sporite\u013ene - Pr\u00edrodovedeck\u00e1 fakulta | UPJ\u0160\",\"isPartOf\":{\"@id\":\"https:\/\/www.upjs.sk\/prirodovedecka-fakulta\/#website\"},\"datePublished\":\"2011-10-19T12:15:58+00:00\",\"dateModified\":\"2022-10-26T08:14:54+00:00\",\"breadcrumb\":{\"@id\":\"https:\/\/www.upjs.sk\/prirodovedecka-fakulta\/podpora-projektov\/6228-2\/#breadcrumb\"},\"inLanguage\":\"sk-SK\",\"potentialAction\":[{\"@type\":\"ReadAction\",\"target\":[\"https:\/\/www.upjs.sk\/prirodovedecka-fakulta\/podpora-projektov\/6228-2\/\"]}]},{\"@type\":\"BreadcrumbList\",\"@id\":\"https:\/\/www.upjs.sk\/prirodovedecka-fakulta\/podpora-projektov\/6228-2\/#breadcrumb\",\"itemListElement\":[{\"@type\":\"ListItem\",\"position\":1,\"name\":\"Home\",\"item\":\"https:\/\/www.upjs.sk\/prirodovedecka-fakulta\/\"},{\"@type\":\"ListItem\",\"position\":2,\"name\":\"Podpora projektov\",\"item\":\"https:\/\/www.upjs.sk\/prirodovedecka-fakulta\/podpora-projektov\/\"},{\"@type\":\"ListItem\",\"position\":3,\"name\":\"Nad\u00e1cia Slovenskej sporite\u013ene\"}]},{\"@type\":\"WebSite\",\"@id\":\"https:\/\/www.upjs.sk\/prirodovedecka-fakulta\/#website\",\"url\":\"https:\/\/www.upjs.sk\/prirodovedecka-fakulta\/\",\"name\":\"Pr\u00edrodovedeck\u00e1 fakulta | UPJ\u0160\",\"description\":\"\",\"publisher\":{\"@id\":\"https:\/\/www.upjs.sk\/prirodovedecka-fakulta\/#organization\"},\"potentialAction\":[{\"@type\":\"SearchAction\",\"target\":{\"@type\":\"EntryPoint\",\"urlTemplate\":\"https:\/\/www.upjs.sk\/prirodovedecka-fakulta\/?s={search_term_string}\"},\"query-input\":{\"@type\":\"PropertyValueSpecification\",\"valueRequired\":true,\"valueName\":\"search_term_string\"}}],\"inLanguage\":\"sk-SK\"},{\"@type\":\"Organization\",\"@id\":\"https:\/\/www.upjs.sk\/prirodovedecka-fakulta\/#organization\",\"name\":\"Pr\u00edrodovedeck\u00e1 fakulta | UPJ\u0160\",\"url\":\"https:\/\/www.upjs.sk\/prirodovedecka-fakulta\/\",\"logo\":{\"@type\":\"ImageObject\",\"inLanguage\":\"sk-SK\",\"@id\":\"https:\/\/www.upjs.sk\/prirodovedecka-fakulta\/#\/schema\/logo\/image\/\",\"url\":\"https:\/\/www.upjs.sk\/app\/uploads\/sites\/10\/2022\/09\/logo-prirodovedecka-fakulta.png\",\"contentUrl\":\"https:\/\/www.upjs.sk\/app\/uploads\/sites\/10\/2022\/09\/logo-prirodovedecka-fakulta.png\",\"width\":415,\"height\":87,\"caption\":\"Pr\u00edrodovedeck\u00e1 fakulta | UPJ\u0160\"},\"image\":{\"@id\":\"https:\/\/www.upjs.sk\/prirodovedecka-fakulta\/#\/schema\/logo\/image\/\"}}]}<\/script>\n<!-- \/ Yoast SEO plugin. -->","yoast_head_json":{"title":"Nad\u00e1cia Slovenskej sporite\u013ene - Pr\u00edrodovedeck\u00e1 fakulta | UPJ\u0160","robots":{"index":"index","follow":"follow","max-snippet":"max-snippet:-1","max-image-preview":"max-image-preview:large","max-video-preview":"max-video-preview:-1"},"canonical":"https:\/\/www.upjs.sk\/prirodovedecka-fakulta\/podpora-projektov\/6228-2\/","og_locale":"sk_SK","og_type":"article","og_title":"Nad\u00e1cia Slovenskej sporite\u013ene - Pr\u00edrodovedeck\u00e1 fakulta | UPJ\u0160","og_description":"Nad\u00e1cia Slovenskej sporite\u013ene je neziskov\u00fd subjekt s\u00a0celo\u0161t\u00e1tnou p\u00f4sobnos\u0165ou. Jej cie\u013eom je podpova\u0165 kvalitn\u00e9 verejnoprospe\u0161n\u00e9 projekty, ktor\u00e9 posil\u0148uj\u00fa z\u00e1kladn\u00e9 spolo\u010densk\u00e9 hodnoty a dosahuj\u00fa kvalitat\u00edvne zmeny v oblasti kult\u00fary, vzdel\u00e1vania, vedy, \u0161portu, zdravia, charity, \u010di tvorby a ochrany \u017eivotn\u00e9ho prostredia. Predkladan\u00e9 projekty by mali spada\u0165 do t\u00fdchto oblast\u00ed: rozvoj a podpora vzdel\u00e1vania rozvoj a ochrana kult\u00farnych hodn\u00f4t &hellip; \u010c\u00edta\u0165 \u010falej","og_url":"https:\/\/www.upjs.sk\/prirodovedecka-fakulta\/podpora-projektov\/6228-2\/","og_site_name":"Pr\u00edrodovedeck\u00e1 fakulta | UPJ\u0160","article_modified_time":"2022-10-26T08:14:54+00:00","twitter_card":"summary_large_image","twitter_misc":{"Predpokladan\u00fd \u010das \u010d\u00edtania":"1 min\u00fata"},"schema":{"@context":"https:\/\/schema.org","@graph":[{"@type":"WebPage","@id":"https:\/\/www.upjs.sk\/prirodovedecka-fakulta\/podpora-projektov\/6228-2\/","url":"https:\/\/www.upjs.sk\/prirodovedecka-fakulta\/podpora-projektov\/6228-2\/","name":"Nad\u00e1cia Slovenskej sporite\u013ene - Pr\u00edrodovedeck\u00e1 fakulta | UPJ\u0160","isPartOf":{"@id":"https:\/\/www.upjs.sk\/prirodovedecka-fakulta\/#website"},"datePublished":"2011-10-19T12:15:58+00:00","dateModified":"2022-10-26T08:14:54+00:00","breadcrumb":{"@id":"https:\/\/www.upjs.sk\/prirodovedecka-fakulta\/podpora-projektov\/6228-2\/#breadcrumb"},"inLanguage":"sk-SK","potentialAction":[{"@type":"ReadAction","target":["https:\/\/www.upjs.sk\/prirodovedecka-fakulta\/podpora-projektov\/6228-2\/"]}]},{"@type":"BreadcrumbList","@id":"https:\/\/www.upjs.sk\/prirodovedecka-fakulta\/podpora-projektov\/6228-2\/#breadcrumb","itemListElement":[{"@type":"ListItem","position":1,"name":"Home","item":"https:\/\/www.upjs.sk\/prirodovedecka-fakulta\/"},{"@type":"ListItem","position":2,"name":"Podpora projektov","item":"https:\/\/www.upjs.sk\/prirodovedecka-fakulta\/podpora-projektov\/"},{"@type":"ListItem","position":3,"name":"Nad\u00e1cia Slovenskej sporite\u013ene"}]},{"@type":"WebSite","@id":"https:\/\/www.upjs.sk\/prirodovedecka-fakulta\/#website","url":"https:\/\/www.upjs.sk\/prirodovedecka-fakulta\/","name":"Pr\u00edrodovedeck\u00e1 fakulta | UPJ\u0160","description":"","publisher":{"@id":"https:\/\/www.upjs.sk\/prirodovedecka-fakulta\/#organization"},"potentialAction":[{"@type":"SearchAction","target":{"@type":"EntryPoint","urlTemplate":"https:\/\/www.upjs.sk\/prirodovedecka-fakulta\/?s={search_term_string}"},"query-input":{"@type":"PropertyValueSpecification","valueRequired":true,"valueName":"search_term_string"}}],"inLanguage":"sk-SK"},{"@type":"Organization","@id":"https:\/\/www.upjs.sk\/prirodovedecka-fakulta\/#organization","name":"Pr\u00edrodovedeck\u00e1 fakulta | UPJ\u0160","url":"https:\/\/www.upjs.sk\/prirodovedecka-fakulta\/","logo":{"@type":"ImageObject","inLanguage":"sk-SK","@id":"https:\/\/www.upjs.sk\/prirodovedecka-fakulta\/#\/schema\/logo\/image\/","url":"https:\/\/www.upjs.sk\/app\/uploads\/sites\/10\/2022\/09\/logo-prirodovedecka-fakulta.png","contentUrl":"https:\/\/www.upjs.sk\/app\/uploads\/sites\/10\/2022\/09\/logo-prirodovedecka-fakulta.png","width":415,"height":87,"caption":"Pr\u00edrodovedeck\u00e1 fakulta | UPJ\u0160"},"image":{"@id":"https:\/\/www.upjs.sk\/prirodovedecka-fakulta\/#\/schema\/logo\/image\/"}}]}},"_links":{"self":[{"href":"https:\/\/www.upjs.sk\/prirodovedecka-fakulta\/wp-json\/wp\/v2\/pages\/19578","targetHints":{"allow":["GET"]}}],"collection":[{"href":"https:\/\/www.upjs.sk\/prirodovedecka-fakulta\/wp-json\/wp\/v2\/pages"}],"about":[{"href":"https:\/\/www.upjs.sk\/prirodovedecka-fakulta\/wp-json\/wp\/v2\/types\/page"}],"author":[{"embeddable":true,"href":"https:\/\/www.upjs.sk\/prirodovedecka-fakulta\/wp-json\/wp\/v2\/users\/1"}],"replies":[{"embeddable":true,"href":"https:\/\/www.upjs.sk\/prirodovedecka-fakulta\/wp-json\/wp\/v2\/comments?post=19578"}],"version-history":[{"count":1,"href":"https:\/\/www.upjs.sk\/prirodovedecka-fakulta\/wp-json\/wp\/v2\/pages\/19578\/revisions"}],"predecessor-version":[{"id":19979,"href":"https:\/\/www.upjs.sk\/prirodovedecka-fakulta\/wp-json\/wp\/v2\/pages\/19578\/revisions\/19979"}],"up":[{"embeddable":true,"href":"https:\/\/www.upjs.sk\/prirodovedecka-fakulta\/wp-json\/wp\/v2\/pages\/17288"}],"wp:attachment":[{"href":"https:\/\/www.upjs.sk\/prirodovedecka-fakulta\/wp-json\/wp\/v2\/media?parent=19578"}],"wp:term":[{"taxonomy":"category","embeddable":true,"href":"https:\/\/www.upjs.sk\/prirodovedecka-fakulta\/wp-json\/wp\/v2\/categories?post=19578"},{"taxonomy":"post_tag","embeddable":true,"href":"https:\/\/www.upjs.sk\/prirodovedecka-fakulta\/wp-json\/wp\/v2\/tags?post=19578"}],"curies":[{"name":"wp","href":"https:\/\/api.w.org\/{rel}","templated":true}]}}