{"id":19579,"date":"2013-12-13T09:04:30","date_gmt":"2013-12-13T09:04:30","guid":{"rendered":"https:\/\/www.upjs.sk\/prirodovedecka-fakulta\/podpora-projektov\/6509-2\/"},"modified":"2022-10-26T08:14:55","modified_gmt":"2022-10-26T08:14:55","slug":"6509-2","status":"publish","type":"page","link":"https:\/\/www.upjs.sk\/prirodovedecka-fakulta\/podpora-projektov\/6509-2\/","title":{"rendered":"VVGS PF UPJ\u0160 2013-2014"},"content":{"rendered":"<p> \tV\u00fdzva sa riadi <a href=\"http:\/\/www.upjs.sk\/public\/media\/5964\/VVGS%20PF%20UPJS%20statut.pdf\">\u0160tat\u00fatom VVGS PF UPJ\u0160<\/a>.<\/p>\n<p> \tV\u0161etky \u010dinnosti spojen\u00e9 so spr\u00e1vou projektov\u00fdvh \u017eiadost\u00ed sa vykon\u00e1vaj\u00fa prostredn\u00edctvom elektronick\u00e9ho syst\u00e9mu na adrese <a href=\"http:\/\/vvgs.ics.upjs.sk\/\" target=\"_blank\" rel=\"noopener\">http:\/\/vvgs.ics.upjs.sk\/<\/a>.<\/p>\n<p> \t\u00a0<\/p>\n<p> \t<strong><a href=\"http:\/\/www.upjs.sk\/public\/media\/5964\/Financovan%C3%A9%20projekty%20v%C3%BDzvy%20VVGS%20PF%20UPJ%C5%A0%202013%20-%20sumy.pdf\">Financovan\u00e9 projekty v\u00fdzvy VVGS PF UPJ\u0160 2013 &#8211; 2014 &#8211; sumy<\/a><\/strong><\/p>\n<p> \t\u00a0<\/p>\n<p> \t<strong>Term\u00edny:<\/strong><\/p>\n<ul>\n<li> \t\tVyhl\u00e1senie v\u00fdzvy a\u00a0spr\u00edstupnenie formul\u00e1ru \u017eiadosti: <strong>10.12.2012<\/strong><\/li>\n<li> \t\tInforma\u010dn\u00fd semin\u00e1r k\u00a0pod\u00e1vaniu projektov: <strong>8.1.2013<\/strong><\/li>\n<li> \t\tTerm\u00edn podania projektu na Oddelenie pre vedu a\u00a0v\u00fdskum: <strong>do 8.2.2013, 12.00 h.<\/strong><\/li>\n<li> \t\tOponent\u00fara projektov: <strong>do 15.3.2013<\/strong><\/li>\n<li> \t\tRozhodnutie komisie VVGS a schv\u00e1lenie dekanom: <strong>do 29.3.2013<\/strong><\/li>\n<li> \t\tPodanie Z\u00e1vere\u010dnej spr\u00e1vy z rie\u0161enia projektu: <strong>do 15.7.2014<\/strong><\/li>\n<li> \t\tVyhodnotenie \u00faspe\u0161nosti projektov: <strong>do 17.9.2014<\/strong><\/li>\n<\/ul>\n<p> \t\u00a0<\/p>\n<p> \tDopl\u0148uj\u00face inform\u00e1cie:<\/p>\n<ul>\n<li> \t\t<a href=\"\/public\/media\/6509\/Oponentsk\u00fd posudok grantovej \u017eiadosti VVGS PF UPJ\u0160.pdf\">Oponentsk\u00fd posudok grantovej \u017eiadosti VVGS PF UPJ\u0160<\/a><\/li>\n<li> \t\t<a href=\"\/public\/media\/6509\/informacny seminar VVGS 2013-01-08.pdf\">Prezent\u00e1cia z informa\u010dn\u00e9ho semin\u00e1ra 8.1.2013<\/a><\/li>\n<li> \t\t<a href=\"\/public\/media\/6509\/aktualizacia riesitelskeho kolektivu.docx\">\u017diados\u0165 o aktualiz\u00e1ciu rie\u0161ite\u013esk\u00e9ho kolekt\u00edvu<\/a><\/li>\n<li> \t\t<a href=\"\/public\/media\/6509\/FAQ - VVGS PF UPJS.pdf\">FAQ<\/a> &#8211; odpovede na ot\u00e1zky, ktor\u00e9 zazneli na informa\u010dnom semin\u00e1ri<\/li>\n<\/ul>\n","protected":false},"excerpt":{"rendered":"<p>V\u00fdzva sa riadi \u0160tat\u00fatom VVGS PF UPJ\u0160. V\u0161etky \u010dinnosti spojen\u00e9 so spr\u00e1vou projektov\u00fdvh \u017eiadost\u00ed sa vykon\u00e1vaj\u00fa prostredn\u00edctvom elektronick\u00e9ho syst\u00e9mu na adrese http:\/\/vvgs.ics.upjs.sk\/. \u00a0 Financovan\u00e9 projekty v\u00fdzvy VVGS PF UPJ\u0160 2013 &#8211; 2014 &#8211; sumy \u00a0 Term\u00edny: Vyhl\u00e1senie v\u00fdzvy a\u00a0spr\u00edstupnenie formul\u00e1ru \u017eiadosti: 10.12.2012 Informa\u010dn\u00fd semin\u00e1r k\u00a0pod\u00e1vaniu projektov: 8.1.2013 Term\u00edn podania projektu na Oddelenie pre vedu a\u00a0v\u00fdskum: &hellip; <a href=\"https:\/\/www.upjs.sk\/prirodovedecka-fakulta\/podpora-projektov\/6509-2\/\">\u010c\u00edta\u0165 \u010falej<\/a><\/p>\n","protected":false},"author":1,"featured_media":0,"parent":17288,"menu_order":2,"comment_status":"closed","ping_status":"closed","template":"","meta":{"_acf_changed":false,"_editorskit_title_hidden":false,"_editorskit_reading_time":0,"_editorskit_is_block_options_detached":false,"_editorskit_block_options_position":"{}","footnotes":""},"categories":[],"tags":[],"class_list":["post-19579","page","type-page","status-publish","hentry"],"acf":{"acf_link_na_externy_obsah":""},"yoast_head":"<!-- This site is optimized with the Yoast SEO plugin v27.2 - https:\/\/yoast.com\/product\/yoast-seo-wordpress\/ -->\n<title>VVGS PF UPJ\u0160 2013-2014 - Pr\u00edrodovedeck\u00e1 fakulta | UPJ\u0160<\/title>\n<meta name=\"robots\" content=\"index, follow, max-snippet:-1, max-image-preview:large, max-video-preview:-1\" \/>\n<link rel=\"canonical\" href=\"https:\/\/www.upjs.sk\/prirodovedecka-fakulta\/podpora-projektov\/6509-2\/\" \/>\n<meta property=\"og:locale\" content=\"sk_SK\" \/>\n<meta property=\"og:type\" content=\"article\" \/>\n<meta property=\"og:title\" content=\"VVGS PF UPJ\u0160 2013-2014 - Pr\u00edrodovedeck\u00e1 fakulta | UPJ\u0160\" \/>\n<meta property=\"og:description\" content=\"V\u00fdzva sa riadi \u0160tat\u00fatom VVGS PF UPJ\u0160. V\u0161etky \u010dinnosti spojen\u00e9 so spr\u00e1vou projektov\u00fdvh \u017eiadost\u00ed sa vykon\u00e1vaj\u00fa prostredn\u00edctvom elektronick\u00e9ho syst\u00e9mu na adrese http:\/\/vvgs.ics.upjs.sk\/. \u00a0 Financovan\u00e9 projekty v\u00fdzvy VVGS PF UPJ\u0160 2013 &#8211; 2014 &#8211; sumy \u00a0 Term\u00edny: Vyhl\u00e1senie v\u00fdzvy a\u00a0spr\u00edstupnenie formul\u00e1ru \u017eiadosti: 10.12.2012 Informa\u010dn\u00fd semin\u00e1r k\u00a0pod\u00e1vaniu projektov: 8.1.2013 Term\u00edn podania projektu na Oddelenie pre vedu a\u00a0v\u00fdskum: &hellip; \u010c\u00edta\u0165 \u010falej\" \/>\n<meta property=\"og:url\" content=\"https:\/\/www.upjs.sk\/prirodovedecka-fakulta\/podpora-projektov\/6509-2\/\" \/>\n<meta property=\"og:site_name\" content=\"Pr\u00edrodovedeck\u00e1 fakulta | UPJ\u0160\" \/>\n<meta property=\"article:modified_time\" content=\"2022-10-26T08:14:55+00:00\" \/>\n<meta name=\"twitter:card\" content=\"summary_large_image\" \/>\n<meta name=\"twitter:label1\" content=\"Predpokladan\u00fd \u010das \u010d\u00edtania\" \/>\n\t<meta name=\"twitter:data1\" content=\"1 min\u00fata\" \/>\n<script type=\"application\/ld+json\" class=\"yoast-schema-graph\">{\"@context\":\"https:\/\/schema.org\",\"@graph\":[{\"@type\":\"WebPage\",\"@id\":\"https:\/\/www.upjs.sk\/prirodovedecka-fakulta\/podpora-projektov\/6509-2\/\",\"url\":\"https:\/\/www.upjs.sk\/prirodovedecka-fakulta\/podpora-projektov\/6509-2\/\",\"name\":\"VVGS PF UPJ\u0160 2013-2014 - Pr\u00edrodovedeck\u00e1 fakulta | UPJ\u0160\",\"isPartOf\":{\"@id\":\"https:\/\/www.upjs.sk\/prirodovedecka-fakulta\/#website\"},\"datePublished\":\"2013-12-13T09:04:30+00:00\",\"dateModified\":\"2022-10-26T08:14:55+00:00\",\"breadcrumb\":{\"@id\":\"https:\/\/www.upjs.sk\/prirodovedecka-fakulta\/podpora-projektov\/6509-2\/#breadcrumb\"},\"inLanguage\":\"sk-SK\",\"potentialAction\":[{\"@type\":\"ReadAction\",\"target\":[\"https:\/\/www.upjs.sk\/prirodovedecka-fakulta\/podpora-projektov\/6509-2\/\"]}]},{\"@type\":\"BreadcrumbList\",\"@id\":\"https:\/\/www.upjs.sk\/prirodovedecka-fakulta\/podpora-projektov\/6509-2\/#breadcrumb\",\"itemListElement\":[{\"@type\":\"ListItem\",\"position\":1,\"name\":\"Home\",\"item\":\"https:\/\/www.upjs.sk\/prirodovedecka-fakulta\/\"},{\"@type\":\"ListItem\",\"position\":2,\"name\":\"Podpora projektov\",\"item\":\"https:\/\/www.upjs.sk\/prirodovedecka-fakulta\/podpora-projektov\/\"},{\"@type\":\"ListItem\",\"position\":3,\"name\":\"VVGS PF UPJ\u0160 2013-2014\"}]},{\"@type\":\"WebSite\",\"@id\":\"https:\/\/www.upjs.sk\/prirodovedecka-fakulta\/#website\",\"url\":\"https:\/\/www.upjs.sk\/prirodovedecka-fakulta\/\",\"name\":\"Pr\u00edrodovedeck\u00e1 fakulta | UPJ\u0160\",\"description\":\"\",\"publisher\":{\"@id\":\"https:\/\/www.upjs.sk\/prirodovedecka-fakulta\/#organization\"},\"potentialAction\":[{\"@type\":\"SearchAction\",\"target\":{\"@type\":\"EntryPoint\",\"urlTemplate\":\"https:\/\/www.upjs.sk\/prirodovedecka-fakulta\/?s={search_term_string}\"},\"query-input\":{\"@type\":\"PropertyValueSpecification\",\"valueRequired\":true,\"valueName\":\"search_term_string\"}}],\"inLanguage\":\"sk-SK\"},{\"@type\":\"Organization\",\"@id\":\"https:\/\/www.upjs.sk\/prirodovedecka-fakulta\/#organization\",\"name\":\"Pr\u00edrodovedeck\u00e1 fakulta | UPJ\u0160\",\"url\":\"https:\/\/www.upjs.sk\/prirodovedecka-fakulta\/\",\"logo\":{\"@type\":\"ImageObject\",\"inLanguage\":\"sk-SK\",\"@id\":\"https:\/\/www.upjs.sk\/prirodovedecka-fakulta\/#\/schema\/logo\/image\/\",\"url\":\"https:\/\/www.upjs.sk\/app\/uploads\/sites\/10\/2022\/09\/logo-prirodovedecka-fakulta.png\",\"contentUrl\":\"https:\/\/www.upjs.sk\/app\/uploads\/sites\/10\/2022\/09\/logo-prirodovedecka-fakulta.png\",\"width\":415,\"height\":87,\"caption\":\"Pr\u00edrodovedeck\u00e1 fakulta | UPJ\u0160\"},\"image\":{\"@id\":\"https:\/\/www.upjs.sk\/prirodovedecka-fakulta\/#\/schema\/logo\/image\/\"}}]}<\/script>\n<!-- \/ Yoast SEO plugin. -->","yoast_head_json":{"title":"VVGS PF UPJ\u0160 2013-2014 - Pr\u00edrodovedeck\u00e1 fakulta | UPJ\u0160","robots":{"index":"index","follow":"follow","max-snippet":"max-snippet:-1","max-image-preview":"max-image-preview:large","max-video-preview":"max-video-preview:-1"},"canonical":"https:\/\/www.upjs.sk\/prirodovedecka-fakulta\/podpora-projektov\/6509-2\/","og_locale":"sk_SK","og_type":"article","og_title":"VVGS PF UPJ\u0160 2013-2014 - Pr\u00edrodovedeck\u00e1 fakulta | UPJ\u0160","og_description":"V\u00fdzva sa riadi \u0160tat\u00fatom VVGS PF UPJ\u0160. V\u0161etky \u010dinnosti spojen\u00e9 so spr\u00e1vou projektov\u00fdvh \u017eiadost\u00ed sa vykon\u00e1vaj\u00fa prostredn\u00edctvom elektronick\u00e9ho syst\u00e9mu na adrese http:\/\/vvgs.ics.upjs.sk\/. \u00a0 Financovan\u00e9 projekty v\u00fdzvy VVGS PF UPJ\u0160 2013 &#8211; 2014 &#8211; sumy \u00a0 Term\u00edny: Vyhl\u00e1senie v\u00fdzvy a\u00a0spr\u00edstupnenie formul\u00e1ru \u017eiadosti: 10.12.2012 Informa\u010dn\u00fd semin\u00e1r k\u00a0pod\u00e1vaniu projektov: 8.1.2013 Term\u00edn podania projektu na Oddelenie pre vedu a\u00a0v\u00fdskum: &hellip; \u010c\u00edta\u0165 \u010falej","og_url":"https:\/\/www.upjs.sk\/prirodovedecka-fakulta\/podpora-projektov\/6509-2\/","og_site_name":"Pr\u00edrodovedeck\u00e1 fakulta | UPJ\u0160","article_modified_time":"2022-10-26T08:14:55+00:00","twitter_card":"summary_large_image","twitter_misc":{"Predpokladan\u00fd \u010das \u010d\u00edtania":"1 min\u00fata"},"schema":{"@context":"https:\/\/schema.org","@graph":[{"@type":"WebPage","@id":"https:\/\/www.upjs.sk\/prirodovedecka-fakulta\/podpora-projektov\/6509-2\/","url":"https:\/\/www.upjs.sk\/prirodovedecka-fakulta\/podpora-projektov\/6509-2\/","name":"VVGS PF UPJ\u0160 2013-2014 - Pr\u00edrodovedeck\u00e1 fakulta | UPJ\u0160","isPartOf":{"@id":"https:\/\/www.upjs.sk\/prirodovedecka-fakulta\/#website"},"datePublished":"2013-12-13T09:04:30+00:00","dateModified":"2022-10-26T08:14:55+00:00","breadcrumb":{"@id":"https:\/\/www.upjs.sk\/prirodovedecka-fakulta\/podpora-projektov\/6509-2\/#breadcrumb"},"inLanguage":"sk-SK","potentialAction":[{"@type":"ReadAction","target":["https:\/\/www.upjs.sk\/prirodovedecka-fakulta\/podpora-projektov\/6509-2\/"]}]},{"@type":"BreadcrumbList","@id":"https:\/\/www.upjs.sk\/prirodovedecka-fakulta\/podpora-projektov\/6509-2\/#breadcrumb","itemListElement":[{"@type":"ListItem","position":1,"name":"Home","item":"https:\/\/www.upjs.sk\/prirodovedecka-fakulta\/"},{"@type":"ListItem","position":2,"name":"Podpora projektov","item":"https:\/\/www.upjs.sk\/prirodovedecka-fakulta\/podpora-projektov\/"},{"@type":"ListItem","position":3,"name":"VVGS PF UPJ\u0160 2013-2014"}]},{"@type":"WebSite","@id":"https:\/\/www.upjs.sk\/prirodovedecka-fakulta\/#website","url":"https:\/\/www.upjs.sk\/prirodovedecka-fakulta\/","name":"Pr\u00edrodovedeck\u00e1 fakulta | UPJ\u0160","description":"","publisher":{"@id":"https:\/\/www.upjs.sk\/prirodovedecka-fakulta\/#organization"},"potentialAction":[{"@type":"SearchAction","target":{"@type":"EntryPoint","urlTemplate":"https:\/\/www.upjs.sk\/prirodovedecka-fakulta\/?s={search_term_string}"},"query-input":{"@type":"PropertyValueSpecification","valueRequired":true,"valueName":"search_term_string"}}],"inLanguage":"sk-SK"},{"@type":"Organization","@id":"https:\/\/www.upjs.sk\/prirodovedecka-fakulta\/#organization","name":"Pr\u00edrodovedeck\u00e1 fakulta | UPJ\u0160","url":"https:\/\/www.upjs.sk\/prirodovedecka-fakulta\/","logo":{"@type":"ImageObject","inLanguage":"sk-SK","@id":"https:\/\/www.upjs.sk\/prirodovedecka-fakulta\/#\/schema\/logo\/image\/","url":"https:\/\/www.upjs.sk\/app\/uploads\/sites\/10\/2022\/09\/logo-prirodovedecka-fakulta.png","contentUrl":"https:\/\/www.upjs.sk\/app\/uploads\/sites\/10\/2022\/09\/logo-prirodovedecka-fakulta.png","width":415,"height":87,"caption":"Pr\u00edrodovedeck\u00e1 fakulta | UPJ\u0160"},"image":{"@id":"https:\/\/www.upjs.sk\/prirodovedecka-fakulta\/#\/schema\/logo\/image\/"}}]}},"_links":{"self":[{"href":"https:\/\/www.upjs.sk\/prirodovedecka-fakulta\/wp-json\/wp\/v2\/pages\/19579","targetHints":{"allow":["GET"]}}],"collection":[{"href":"https:\/\/www.upjs.sk\/prirodovedecka-fakulta\/wp-json\/wp\/v2\/pages"}],"about":[{"href":"https:\/\/www.upjs.sk\/prirodovedecka-fakulta\/wp-json\/wp\/v2\/types\/page"}],"author":[{"embeddable":true,"href":"https:\/\/www.upjs.sk\/prirodovedecka-fakulta\/wp-json\/wp\/v2\/users\/1"}],"replies":[{"embeddable":true,"href":"https:\/\/www.upjs.sk\/prirodovedecka-fakulta\/wp-json\/wp\/v2\/comments?post=19579"}],"version-history":[{"count":1,"href":"https:\/\/www.upjs.sk\/prirodovedecka-fakulta\/wp-json\/wp\/v2\/pages\/19579\/revisions"}],"predecessor-version":[{"id":19980,"href":"https:\/\/www.upjs.sk\/prirodovedecka-fakulta\/wp-json\/wp\/v2\/pages\/19579\/revisions\/19980"}],"up":[{"embeddable":true,"href":"https:\/\/www.upjs.sk\/prirodovedecka-fakulta\/wp-json\/wp\/v2\/pages\/17288"}],"wp:attachment":[{"href":"https:\/\/www.upjs.sk\/prirodovedecka-fakulta\/wp-json\/wp\/v2\/media?parent=19579"}],"wp:term":[{"taxonomy":"category","embeddable":true,"href":"https:\/\/www.upjs.sk\/prirodovedecka-fakulta\/wp-json\/wp\/v2\/categories?post=19579"},{"taxonomy":"post_tag","embeddable":true,"href":"https:\/\/www.upjs.sk\/prirodovedecka-fakulta\/wp-json\/wp\/v2\/tags?post=19579"}],"curies":[{"name":"wp","href":"https:\/\/api.w.org\/{rel}","templated":true}]}}