{"id":19587,"date":"2012-05-03T11:17:42","date_gmt":"2012-05-03T11:17:42","guid":{"rendered":"https:\/\/www.upjs.sk\/prirodovedecka-fakulta\/podpora-projektov\/7061-2\/"},"modified":"2022-10-26T08:14:55","modified_gmt":"2022-10-26T08:14:55","slug":"7061-2","status":"publish","type":"page","link":"https:\/\/www.upjs.sk\/prirodovedecka-fakulta\/podpora-projektov\/7061-2\/","title":{"rendered":"Bilater\u00e1lna v\u00fdzva APVV Slovensko &#8211; Po\u013esko 2012"},"content":{"rendered":"<p> \tAgent\u00fara na podporu v\u00fdskumu a v\u00fdvoja v spolupr\u00e1ci so Sekciou vedy a techniky Ministerstva \u0161kolstva, vedy, v\u00fdskumu a \u0161portu SR vyhlasuje verejn\u00fa v\u00fdzvu na pod\u00e1vanie \u017eiadost\u00ed na rie\u0161enie spolo\u010dn\u00fdch projektov v\u00fdskumu a v\u00fdvoja (VaV) podporuj\u00facich spolupr\u00e1cu medzi organiz\u00e1ciami v Slovenskej republike a v Po\u013eskej republike.<\/p>\n<p> \t<strong>D\u00e1tum otvorenia:<\/strong> 2.5.2012<br \/> \t<strong>D\u00e1tum a \u010das uzavretia:<\/strong> 29.6.2012, 12:00<br \/> \t<strong>Doba rie\u0161enia projektov:<\/strong> 1.1.2013 &#8211; 31.12.2014<br \/> \t<strong>Objem finan\u010dn\u00fdch prostriedkov:<\/strong> 66 400 \u20ac<\/p>\n<h3> \tCiele v\u00fdzvy<\/h3>\n<p> \tCie\u013eom projektov bilater\u00e1lnej spolupr\u00e1ce je nadviazanie novej alebo zintenz\u00edvnenie u\u017e existuj\u00facej vedecko-technickej spolupr\u00e1ce, a to pou\u017eit\u00edm hlavne t\u00fdchto n\u00e1strojov:<\/p>\n<ul>\n<li> \t\tpr\u00edprava spolo\u010dn\u00fdch medzin\u00e1rodn\u00fdch projektov;<\/li>\n<li> \t\tpr\u00edprava spolo\u010dn\u00fdch publik\u00e1ci\u00ed a in\u00fdch v\u00fdstupov;<\/li>\n<li> \t\tspolo\u010dn\u00e1 akt\u00edvna \u00fa\u010das\u0165 na konferenci\u00e1ch, organizovanie spolo\u010dn\u00fdch vedeck\u00fdch podujat\u00ed;<\/li>\n<li> \t\tvz\u00e1jomn\u00e9 vyu\u017e\u00edvanie pr\u00edstrojovej a laborat\u00f3rnej techniky;<\/li>\n<li> \t\tzbieranie v\u00fdskumn\u00fdch materi\u00e1lov;<\/li>\n<li> \t\tzapojenie doktorandov a\/alebo mlad\u00fdch vedeck\u00fdch pracovn\u00edkov (do 35 rokov).<\/li>\n<\/ul>\n<p> \tOpr\u00e1vnen\u00fdmi \u017eiadate\u013emi s\u00fa v\u0161etky pr\u00e1vnick\u00e9 osoby a fyzick\u00e9 osoby bez obmedzenia pr\u00edslu\u0161nosti k sektoru v\u00fdskumu a v\u00fdvoja.<\/p>\n<p> \tFinan\u010dn\u00e9 po\u017eiadavky sa m\u00f4\u017eu t\u00fdka\u0165 v\u00fdlu\u010dne n\u00e1kladov na <u>mobilitu os\u00f4b<\/u>, a to max. do v\u00fd\u0161ky <strong>2 000 \u20ac na kalend\u00e1rny rok\/projekt<\/strong> a max.<strong> 4 000 \u20ac na cel\u00fa dobu rie\u0161enia projektu<\/strong>.<\/p>\n<p> \t\u017diados\u0165 na rie\u0161enie projektu sa pod\u00e1va elektronicky cez <a href=\"https:\/\/vyzvy.apvv.sk\/SK-CN\/login.php\" target=\"_blank\" rel=\"noopener\">syst\u00e9m na predkladanie \u017eiadost\u00ed<\/a>.<\/p>\n<h4> \tKontaktn\u00e1 osoba<\/h4>\n<p style=\"margin-left: 40px;\"> \tRNDr. \u013dubom\u00edra Manco\u0161ov\u00e1<br \/> \ttel.: +421 2 572 04 576<br \/> \te-mail: <a href=\"mailto:lubomira.mancosova@apvv.sk\">lubomira.mancosova@apvv.sk<\/a><\/p>\n<p style=\"margin-left: 40px;\"> \t<a href=\"http:\/\/www.apvv.sk\/kontakt\/technicka-podpora\" target=\"_blank\" rel=\"noopener\">Formul\u00e1r pre technick\u00fa podporu<\/a><\/p>\n<p> \tPodrobnej\u0161ie inform\u00e1cie ako aj \u00fapln\u00e9 znenie v\u00fdzvy vr\u00e1tane v\u0161etk\u00fdch pr\u00edloh n\u00e1jdete na web str\u00e1nke <a href=\"http:\/\/www.apvv.sk\/grantove-schemy\/bilateralne-vyzvy\/polsko\/slovensko-polsko-2012\" target=\"_blank\" rel=\"noopener\">http:\/\/www.apvv.sk\/grantove-schemy\/bilateralne-vyzvy\/polsko\/slovensko-polsko-2012<\/a><\/p>\n","protected":false},"excerpt":{"rendered":"<p>Agent\u00fara na podporu v\u00fdskumu a v\u00fdvoja v spolupr\u00e1ci so Sekciou vedy a techniky Ministerstva \u0161kolstva, vedy, v\u00fdskumu a \u0161portu SR vyhlasuje verejn\u00fa v\u00fdzvu na pod\u00e1vanie \u017eiadost\u00ed na rie\u0161enie spolo\u010dn\u00fdch projektov v\u00fdskumu a v\u00fdvoja (VaV) podporuj\u00facich spolupr\u00e1cu medzi organiz\u00e1ciami v Slovenskej republike a v Po\u013eskej republike. D\u00e1tum otvorenia: 2.5.2012 D\u00e1tum a \u010das uzavretia: 29.6.2012, 12:00 Doba &hellip; <a href=\"https:\/\/www.upjs.sk\/prirodovedecka-fakulta\/podpora-projektov\/7061-2\/\">\u010c\u00edta\u0165 \u010falej<\/a><\/p>\n","protected":false},"author":1,"featured_media":0,"parent":17288,"menu_order":3,"comment_status":"closed","ping_status":"closed","template":"","meta":{"_acf_changed":false,"_editorskit_title_hidden":false,"_editorskit_reading_time":0,"_editorskit_is_block_options_detached":false,"_editorskit_block_options_position":"{}","footnotes":""},"categories":[],"tags":[],"class_list":["post-19587","page","type-page","status-publish","hentry"],"acf":{"acf_link_na_externy_obsah":""},"yoast_head":"<!-- This site is optimized with the Yoast SEO plugin v27.2 - https:\/\/yoast.com\/product\/yoast-seo-wordpress\/ -->\n<title>Bilater\u00e1lna v\u00fdzva APVV Slovensko - Po\u013esko 2012 - Pr\u00edrodovedeck\u00e1 fakulta | UPJ\u0160<\/title>\n<meta name=\"robots\" content=\"index, follow, max-snippet:-1, max-image-preview:large, max-video-preview:-1\" \/>\n<link rel=\"canonical\" href=\"https:\/\/www.upjs.sk\/prirodovedecka-fakulta\/podpora-projektov\/7061-2\/\" \/>\n<meta property=\"og:locale\" content=\"sk_SK\" \/>\n<meta property=\"og:type\" content=\"article\" \/>\n<meta property=\"og:title\" content=\"Bilater\u00e1lna v\u00fdzva APVV Slovensko - Po\u013esko 2012 - Pr\u00edrodovedeck\u00e1 fakulta | UPJ\u0160\" \/>\n<meta property=\"og:description\" content=\"Agent\u00fara na podporu v\u00fdskumu a v\u00fdvoja v spolupr\u00e1ci so Sekciou vedy a techniky Ministerstva \u0161kolstva, vedy, v\u00fdskumu a \u0161portu SR vyhlasuje verejn\u00fa v\u00fdzvu na pod\u00e1vanie \u017eiadost\u00ed na rie\u0161enie spolo\u010dn\u00fdch projektov v\u00fdskumu a v\u00fdvoja (VaV) podporuj\u00facich spolupr\u00e1cu medzi organiz\u00e1ciami v Slovenskej republike a v Po\u013eskej republike. D\u00e1tum otvorenia: 2.5.2012 D\u00e1tum a \u010das uzavretia: 29.6.2012, 12:00 Doba &hellip; \u010c\u00edta\u0165 \u010falej\" \/>\n<meta property=\"og:url\" content=\"https:\/\/www.upjs.sk\/prirodovedecka-fakulta\/podpora-projektov\/7061-2\/\" \/>\n<meta property=\"og:site_name\" content=\"Pr\u00edrodovedeck\u00e1 fakulta | UPJ\u0160\" \/>\n<meta property=\"article:modified_time\" content=\"2022-10-26T08:14:55+00:00\" \/>\n<meta name=\"twitter:card\" content=\"summary_large_image\" \/>\n<meta name=\"twitter:label1\" content=\"Predpokladan\u00fd \u010das \u010d\u00edtania\" \/>\n\t<meta name=\"twitter:data1\" content=\"2 min\u00faty\" \/>\n<script type=\"application\/ld+json\" class=\"yoast-schema-graph\">{\"@context\":\"https:\/\/schema.org\",\"@graph\":[{\"@type\":\"WebPage\",\"@id\":\"https:\/\/www.upjs.sk\/prirodovedecka-fakulta\/podpora-projektov\/7061-2\/\",\"url\":\"https:\/\/www.upjs.sk\/prirodovedecka-fakulta\/podpora-projektov\/7061-2\/\",\"name\":\"Bilater\u00e1lna v\u00fdzva APVV Slovensko - Po\u013esko 2012 - Pr\u00edrodovedeck\u00e1 fakulta | UPJ\u0160\",\"isPartOf\":{\"@id\":\"https:\/\/www.upjs.sk\/prirodovedecka-fakulta\/#website\"},\"datePublished\":\"2012-05-03T11:17:42+00:00\",\"dateModified\":\"2022-10-26T08:14:55+00:00\",\"breadcrumb\":{\"@id\":\"https:\/\/www.upjs.sk\/prirodovedecka-fakulta\/podpora-projektov\/7061-2\/#breadcrumb\"},\"inLanguage\":\"sk-SK\",\"potentialAction\":[{\"@type\":\"ReadAction\",\"target\":[\"https:\/\/www.upjs.sk\/prirodovedecka-fakulta\/podpora-projektov\/7061-2\/\"]}]},{\"@type\":\"BreadcrumbList\",\"@id\":\"https:\/\/www.upjs.sk\/prirodovedecka-fakulta\/podpora-projektov\/7061-2\/#breadcrumb\",\"itemListElement\":[{\"@type\":\"ListItem\",\"position\":1,\"name\":\"Home\",\"item\":\"https:\/\/www.upjs.sk\/prirodovedecka-fakulta\/\"},{\"@type\":\"ListItem\",\"position\":2,\"name\":\"Podpora projektov\",\"item\":\"https:\/\/www.upjs.sk\/prirodovedecka-fakulta\/podpora-projektov\/\"},{\"@type\":\"ListItem\",\"position\":3,\"name\":\"Bilater\u00e1lna v\u00fdzva APVV Slovensko &#8211; Po\u013esko 2012\"}]},{\"@type\":\"WebSite\",\"@id\":\"https:\/\/www.upjs.sk\/prirodovedecka-fakulta\/#website\",\"url\":\"https:\/\/www.upjs.sk\/prirodovedecka-fakulta\/\",\"name\":\"Pr\u00edrodovedeck\u00e1 fakulta | UPJ\u0160\",\"description\":\"\",\"publisher\":{\"@id\":\"https:\/\/www.upjs.sk\/prirodovedecka-fakulta\/#organization\"},\"potentialAction\":[{\"@type\":\"SearchAction\",\"target\":{\"@type\":\"EntryPoint\",\"urlTemplate\":\"https:\/\/www.upjs.sk\/prirodovedecka-fakulta\/?s={search_term_string}\"},\"query-input\":{\"@type\":\"PropertyValueSpecification\",\"valueRequired\":true,\"valueName\":\"search_term_string\"}}],\"inLanguage\":\"sk-SK\"},{\"@type\":\"Organization\",\"@id\":\"https:\/\/www.upjs.sk\/prirodovedecka-fakulta\/#organization\",\"name\":\"Pr\u00edrodovedeck\u00e1 fakulta | UPJ\u0160\",\"url\":\"https:\/\/www.upjs.sk\/prirodovedecka-fakulta\/\",\"logo\":{\"@type\":\"ImageObject\",\"inLanguage\":\"sk-SK\",\"@id\":\"https:\/\/www.upjs.sk\/prirodovedecka-fakulta\/#\/schema\/logo\/image\/\",\"url\":\"https:\/\/www.upjs.sk\/app\/uploads\/sites\/10\/2022\/09\/logo-prirodovedecka-fakulta.png\",\"contentUrl\":\"https:\/\/www.upjs.sk\/app\/uploads\/sites\/10\/2022\/09\/logo-prirodovedecka-fakulta.png\",\"width\":415,\"height\":87,\"caption\":\"Pr\u00edrodovedeck\u00e1 fakulta | UPJ\u0160\"},\"image\":{\"@id\":\"https:\/\/www.upjs.sk\/prirodovedecka-fakulta\/#\/schema\/logo\/image\/\"}}]}<\/script>\n<!-- \/ Yoast SEO plugin. -->","yoast_head_json":{"title":"Bilater\u00e1lna v\u00fdzva APVV Slovensko - Po\u013esko 2012 - Pr\u00edrodovedeck\u00e1 fakulta | UPJ\u0160","robots":{"index":"index","follow":"follow","max-snippet":"max-snippet:-1","max-image-preview":"max-image-preview:large","max-video-preview":"max-video-preview:-1"},"canonical":"https:\/\/www.upjs.sk\/prirodovedecka-fakulta\/podpora-projektov\/7061-2\/","og_locale":"sk_SK","og_type":"article","og_title":"Bilater\u00e1lna v\u00fdzva APVV Slovensko - Po\u013esko 2012 - Pr\u00edrodovedeck\u00e1 fakulta | UPJ\u0160","og_description":"Agent\u00fara na podporu v\u00fdskumu a v\u00fdvoja v spolupr\u00e1ci so Sekciou vedy a techniky Ministerstva \u0161kolstva, vedy, v\u00fdskumu a \u0161portu SR vyhlasuje verejn\u00fa v\u00fdzvu na pod\u00e1vanie \u017eiadost\u00ed na rie\u0161enie spolo\u010dn\u00fdch projektov v\u00fdskumu a v\u00fdvoja (VaV) podporuj\u00facich spolupr\u00e1cu medzi organiz\u00e1ciami v Slovenskej republike a v Po\u013eskej republike. D\u00e1tum otvorenia: 2.5.2012 D\u00e1tum a \u010das uzavretia: 29.6.2012, 12:00 Doba &hellip; \u010c\u00edta\u0165 \u010falej","og_url":"https:\/\/www.upjs.sk\/prirodovedecka-fakulta\/podpora-projektov\/7061-2\/","og_site_name":"Pr\u00edrodovedeck\u00e1 fakulta | UPJ\u0160","article_modified_time":"2022-10-26T08:14:55+00:00","twitter_card":"summary_large_image","twitter_misc":{"Predpokladan\u00fd \u010das \u010d\u00edtania":"2 min\u00faty"},"schema":{"@context":"https:\/\/schema.org","@graph":[{"@type":"WebPage","@id":"https:\/\/www.upjs.sk\/prirodovedecka-fakulta\/podpora-projektov\/7061-2\/","url":"https:\/\/www.upjs.sk\/prirodovedecka-fakulta\/podpora-projektov\/7061-2\/","name":"Bilater\u00e1lna v\u00fdzva APVV Slovensko - Po\u013esko 2012 - Pr\u00edrodovedeck\u00e1 fakulta | UPJ\u0160","isPartOf":{"@id":"https:\/\/www.upjs.sk\/prirodovedecka-fakulta\/#website"},"datePublished":"2012-05-03T11:17:42+00:00","dateModified":"2022-10-26T08:14:55+00:00","breadcrumb":{"@id":"https:\/\/www.upjs.sk\/prirodovedecka-fakulta\/podpora-projektov\/7061-2\/#breadcrumb"},"inLanguage":"sk-SK","potentialAction":[{"@type":"ReadAction","target":["https:\/\/www.upjs.sk\/prirodovedecka-fakulta\/podpora-projektov\/7061-2\/"]}]},{"@type":"BreadcrumbList","@id":"https:\/\/www.upjs.sk\/prirodovedecka-fakulta\/podpora-projektov\/7061-2\/#breadcrumb","itemListElement":[{"@type":"ListItem","position":1,"name":"Home","item":"https:\/\/www.upjs.sk\/prirodovedecka-fakulta\/"},{"@type":"ListItem","position":2,"name":"Podpora projektov","item":"https:\/\/www.upjs.sk\/prirodovedecka-fakulta\/podpora-projektov\/"},{"@type":"ListItem","position":3,"name":"Bilater\u00e1lna v\u00fdzva APVV Slovensko &#8211; Po\u013esko 2012"}]},{"@type":"WebSite","@id":"https:\/\/www.upjs.sk\/prirodovedecka-fakulta\/#website","url":"https:\/\/www.upjs.sk\/prirodovedecka-fakulta\/","name":"Pr\u00edrodovedeck\u00e1 fakulta | UPJ\u0160","description":"","publisher":{"@id":"https:\/\/www.upjs.sk\/prirodovedecka-fakulta\/#organization"},"potentialAction":[{"@type":"SearchAction","target":{"@type":"EntryPoint","urlTemplate":"https:\/\/www.upjs.sk\/prirodovedecka-fakulta\/?s={search_term_string}"},"query-input":{"@type":"PropertyValueSpecification","valueRequired":true,"valueName":"search_term_string"}}],"inLanguage":"sk-SK"},{"@type":"Organization","@id":"https:\/\/www.upjs.sk\/prirodovedecka-fakulta\/#organization","name":"Pr\u00edrodovedeck\u00e1 fakulta | UPJ\u0160","url":"https:\/\/www.upjs.sk\/prirodovedecka-fakulta\/","logo":{"@type":"ImageObject","inLanguage":"sk-SK","@id":"https:\/\/www.upjs.sk\/prirodovedecka-fakulta\/#\/schema\/logo\/image\/","url":"https:\/\/www.upjs.sk\/app\/uploads\/sites\/10\/2022\/09\/logo-prirodovedecka-fakulta.png","contentUrl":"https:\/\/www.upjs.sk\/app\/uploads\/sites\/10\/2022\/09\/logo-prirodovedecka-fakulta.png","width":415,"height":87,"caption":"Pr\u00edrodovedeck\u00e1 fakulta | UPJ\u0160"},"image":{"@id":"https:\/\/www.upjs.sk\/prirodovedecka-fakulta\/#\/schema\/logo\/image\/"}}]}},"_links":{"self":[{"href":"https:\/\/www.upjs.sk\/prirodovedecka-fakulta\/wp-json\/wp\/v2\/pages\/19587","targetHints":{"allow":["GET"]}}],"collection":[{"href":"https:\/\/www.upjs.sk\/prirodovedecka-fakulta\/wp-json\/wp\/v2\/pages"}],"about":[{"href":"https:\/\/www.upjs.sk\/prirodovedecka-fakulta\/wp-json\/wp\/v2\/types\/page"}],"author":[{"embeddable":true,"href":"https:\/\/www.upjs.sk\/prirodovedecka-fakulta\/wp-json\/wp\/v2\/users\/1"}],"replies":[{"embeddable":true,"href":"https:\/\/www.upjs.sk\/prirodovedecka-fakulta\/wp-json\/wp\/v2\/comments?post=19587"}],"version-history":[{"count":1,"href":"https:\/\/www.upjs.sk\/prirodovedecka-fakulta\/wp-json\/wp\/v2\/pages\/19587\/revisions"}],"predecessor-version":[{"id":19981,"href":"https:\/\/www.upjs.sk\/prirodovedecka-fakulta\/wp-json\/wp\/v2\/pages\/19587\/revisions\/19981"}],"up":[{"embeddable":true,"href":"https:\/\/www.upjs.sk\/prirodovedecka-fakulta\/wp-json\/wp\/v2\/pages\/17288"}],"wp:attachment":[{"href":"https:\/\/www.upjs.sk\/prirodovedecka-fakulta\/wp-json\/wp\/v2\/media?parent=19587"}],"wp:term":[{"taxonomy":"category","embeddable":true,"href":"https:\/\/www.upjs.sk\/prirodovedecka-fakulta\/wp-json\/wp\/v2\/categories?post=19587"},{"taxonomy":"post_tag","embeddable":true,"href":"https:\/\/www.upjs.sk\/prirodovedecka-fakulta\/wp-json\/wp\/v2\/tags?post=19587"}],"curies":[{"name":"wp","href":"https:\/\/api.w.org\/{rel}","templated":true}]}}