{"id":19588,"date":"2012-07-10T21:14:11","date_gmt":"2012-07-10T21:14:11","guid":{"rendered":"https:\/\/www.upjs.sk\/prirodovedecka-fakulta\/podpora-projektov\/7228-2\/"},"modified":"2022-10-26T08:14:56","modified_gmt":"2022-10-26T08:14:56","slug":"7228-2","status":"publish","type":"page","link":"https:\/\/www.upjs.sk\/prirodovedecka-fakulta\/podpora-projektov\/7228-2\/","title":{"rendered":"Posledn\u00e9 v\u00fdzvy v r\u00e1mci 7RP"},"content":{"rendered":"<p> \t<strong>Eur\u00f3pska komisia zverejnila 10. j\u00fala 2012 posledn\u00e9 v\u00fdzvy 7.RP na rok 2013. Celkovo bolo zverejnen\u00fdch 52 v\u00fdziev a rozdelen\u00fdch bude pribli\u017ene 8,1 miliardy Eur. Ide o najv\u00e4\u010d\u0161ie v\u00fdzvy v hist\u00f3rii v\u0161etk\u00fdch r\u00e1mcov\u00fdch programov.<\/strong><\/p>\n<div class=\"text\">\n<div>\n<p> \t\t\tEur\u00f3pska komisia predpoklad\u00e1, \u017ee podporen\u00fdch bude viac ako 1 300 projektov s viac ako 15 000 \u00fa\u010dastn\u00edkmi.<\/p>\n<p> \t\t\t<u><strong>D\u00f4raz na k\u013e\u00fa\u010dov\u00e9 v\u00fdzvy s\u00fa\u010dasnosti<\/strong><\/u><\/p>\n<p> \t\t\tViac ako 1,4 mld. Eur bude smerova\u0165 na rie\u0161enie k\u013e\u00fa\u010dov\u00fdch v\u00fdziev, ktor\u00fdm v s\u00fa\u010dasnosti Eur\u00f3pa a jej ob\u010dania \u010delia. Tieto v\u00fdzvy bud\u00fa podporovan\u00e9 naprie\u010d tematick\u00fdmi oblas\u0165ami a EK na ne bude d\u00e1va\u0165 zvl\u00e1\u0161tny d\u00f4raz. Ide o tieto oblasti:<\/p>\n<ul>\n<li> \t\t\t\tOceans of the future<\/li>\n<li> \t\t\t\tWater<\/li>\n<li> \t\t\t\tRaw materials<\/li>\n<li> \t\t\t\tSmart Cities<\/li>\n<li> \t\t\t\tSecure clean and efficient energy<\/li>\n<li> \t\t\t\tImproving delivery of Public Sector Services<\/li>\n<li> \t\t\t\tBrain research<\/li>\n<li> \t\t\t\tAnti-microbal resistance<\/li>\n<li> \t\t\t\tBio Resoruce Efficiency<\/li>\n<\/ul>\n<p class=\"bodytext\"> \t\t\t<u><strong>Z\u00e1kladn\u00e9 rozdelenie rozpo\u010dtu pod\u013ea jednotliv\u00fdch oblast\u00ed<\/strong><\/u><\/p>\n<ul>\n<li> \t\t\t\tt\u00e9my zameran\u00e9 na spolupr\u00e1cu (4,8 mld. EUR)<\/li>\n<li> \t\t\t\tMSP (1,2 mld. EUR)<\/li>\n<li> \t\t\t\tERC (1,75 mld. EUR)<\/li>\n<li> \t\t\t\tMarie Curie Actions (963 mil. EUR).<\/li>\n<\/ul>\n<p class=\"bodytext\"> \t\t\tKancel\u00e1ria podporn\u00fdch \u0161truk\u00far pripravuje inform\u00e1cie ku ka\u017edej z v\u00fdziev a tieto bud\u00fa zverejnen\u00e9 v najbli\u017e\u0161\u00edch d\u0148och.<\/p>\n<p class=\"bodytext\"> \t\t\t\u00a0<\/p>\n<p class=\"bodytext\"> \t\t\t<u><strong>Term\u00edny zasielania \u017eiadost\u00ed<\/strong><\/u><\/p>\n<p class=\"bodytext\"> \t\t\tTerm\u00edny zasielania \u017eiadost\u00ed sa l\u00ed\u0161ia pod\u013ea jednotliv\u00fdch tematick\u00fdch oblast\u00ed, ako aj pod\u013ea typu v\u00fdziev (jednokolov\u00e1, dvojkolov\u00e1), a to v rozmedz\u00ed <strong>od septembra 2012 do apr\u00edla 2013<\/strong>.<\/p>\n<p class=\"bodytext\"> \t\t\t\u00a0<\/p>\n<p class=\"bodytext\"> \t\t\t<u><strong>Pr\u00edle\u017eitosti pre slovensk\u00fdch v\u00fdskumn\u00edkov<\/strong><\/u><\/p>\n<p class=\"bodytext\"> \t\t\tV r\u00e1mci 7.RP ide o posledn\u00e9 v\u00fdzvy a je pravdepodobn\u00e9, \u017ee v\u00fdzvy z n\u00e1stupn\u00edckeho programu Horizont 2020 bud\u00fa spusten\u00e9 a\u017e v polovici roku 2014, obdobn\u00fd scen\u00e1r sa d\u00e1 o\u010dak\u00e1va\u0165 aj v \u0161truktur\u00e1lnych fondoch E\u00da. Na obdobie dvoch rokov ide teda o jedin\u00fd ve\u013ek\u00fd zdroj financovania v\u00fdskumu v SR.<\/p>\n<p> \t\t\tV pr\u00edpade, \u017ee sa pl\u00e1nujete zapoji\u0165 do niektorej z pl\u00e1novan\u00fdch v\u00fdziev a potrebujete partnerov, alebo konzorcium, tak vhodn\u00fdm n\u00e1strojom je tzv. <a href=\"http:\/\/www.nmp-partnersearch.eu\/index.php\" target=\"_blank\" rel=\"noopener\">Partner Search<\/a> na str\u00e1nke <a href=\"http:\/\/www.nmp-partnersearch.eu\/index.php\" target=\"_blank\" rel=\"noopener\">NMP TeAm-u<\/a>. T\u00e1to slu\u017eba umo\u017e\u0148uje detailne predstavi\u0165 seba a svoj t\u00edm a uvies\u0165 v\u00fdzvu, do ktorej sa pl\u00e1nujete zapoji\u0165.<\/p>\n<p class=\"bodytext\"> \t\t\t\u00a0<\/p>\n<p class=\"bodytext\"> \t\t\t<u><strong>\u010eal\u0161ie linky<\/strong><\/u><\/p>\n<ul>\n<li class=\"bodytext\"> \t\t\t\t<a href=\"http:\/\/ec.europa.eu\/research\/fp7\/index_en.cfm?pg=press\" target=\"_blank\" rel=\"noopener\">Inform\u00e1cie o v\u00fdzvach na str\u00e1nke <span class=\"external-link-new-window\">Eur\u00f3pskej komisie<\/span><\/a><\/li>\n<li class=\"bodytext\"> \t\t\t\t<a href=\"http:\/\/ec.europa.eu\/research\/participants\/portal\/page\/fp7_calls\" target=\"_blank\" rel=\"noopener\">Podrobn\u00e9 znenia v\u00fdziev<\/a><\/li>\n<li class=\"bodytext\"> \t\t\t\t<a href=\"http:\/\/ec.europa.eu\/research\/participants\/portal\/page\/fp7_documentation\" target=\"_blank\" rel=\"noopener\">Pracovn\u00e9 programy jednotliv\u00fdm tematick\u00fdm<\/a><\/li>\n<li class=\"bodytext\"> \t\t\t\t<a href=\"http:\/\/europa.eu\/rapid\/pressReleasesAction.do?reference=MEMO%2F12%2F528&#038;format=HTML\" target=\"_blank\" rel=\"noopener\">Ot\u00e1zky a odpovede<\/a><\/li>\n<\/ul>\n<p class=\"bodytext\"> \t\t\t<u><strong>Factsheets<\/strong><\/u><\/p>\n<ul>\n<li class=\"bodytext\"> \t\t\t\t<a href=\"http:\/\/ec.europa.eu\/research\/fp7\/pdf\/antimicrobial_resistance_fact_sheet.pdf#view=fit&#038;pagemode=none\" target=\"_blank\" rel=\"noopener\">Antimicrobial resistance<\/a>\u00a0(<img loading=\"lazy\" decoding=\"async\" border=\"0\" height=\"16\" src=\"http:\/\/ec.europa.eu\/research\/images\/pdficon.gif\" style=\"padding:0px\" width=\"16\" \/> 86\u00a0KB)<\/li>\n<li class=\"bodytext\"> \t\t\t\t<a href=\"http:\/\/ec.europa.eu\/research\/fp7\/pdf\/bioresource_fact_sheet.pdf#view=fit&#038;pagemode=none\" target=\"_blank\" rel=\"noopener\">Bioresource efficiency<\/a>\u00a0(<img loading=\"lazy\" decoding=\"async\" border=\"0\" height=\"16\" src=\"http:\/\/ec.europa.eu\/research\/images\/pdficon.gif\" style=\"padding:0px\" width=\"16\" \/> 48 KB)<\/li>\n<li class=\"bodytext\"> \t\t\t\t<a href=\"http:\/\/ec.europa.eu\/research\/fp7\/pdf\/brain_fact_sheet.pdf#view=fit&#038;pagemode=none\" target=\"_blank\" rel=\"noopener\">Brain research<\/a>\u00a0(<img loading=\"lazy\" decoding=\"async\" border=\"0\" height=\"16\" src=\"http:\/\/ec.europa.eu\/research\/images\/pdficon.gif\" style=\"padding:0px\" width=\"16\" \/> 51\u00a0KB)<\/li>\n<li class=\"bodytext\"> \t\t\t\t<a href=\"http:\/\/ec.europa.eu\/research\/fp7\/pdf\/energy_fact_sheet.pdf#view=fit&#038;pagemode=none\" target=\"_blank\" rel=\"noopener\">Energy<\/a>\u00a0(<img loading=\"lazy\" decoding=\"async\" border=\"0\" height=\"16\" src=\"http:\/\/ec.europa.eu\/research\/images\/pdficon.gif\" style=\"padding:0px\" width=\"16\" \/> 61\u00a0KB)<\/li>\n<li class=\"bodytext\"> \t\t\t\t<a href=\"http:\/\/ec.europa.eu\/research\/fp7\/pdf\/marie_curie_fact_sheet.pdf#view=fit&#038;pagemode=none\" target=\"_blank\" rel=\"noopener\">Marie Sk\u0142odowska-Curie actions<\/a>\u00a0(<img loading=\"lazy\" decoding=\"async\" border=\"0\" height=\"16\" src=\"http:\/\/ec.europa.eu\/research\/images\/pdficon.gif\" style=\"padding:0px\" width=\"16\" \/> 88\u00a0KB)<\/li>\n<li class=\"bodytext\"> \t\t\t\t<a href=\"http:\/\/ec.europa.eu\/research\/fp7\/pdf\/fact_sheet_raw_materials.pdf#view=fit&#038;pagemode=none\" target=\"_blank\" rel=\"noopener\">Raw materials<\/a>\u00a0(<img loading=\"lazy\" decoding=\"async\" border=\"0\" height=\"16\" src=\"http:\/\/ec.europa.eu\/research\/images\/pdficon.gif\" style=\"padding:0px\" width=\"16\" \/> 46 KB)<\/li>\n<li class=\"bodytext\"> \t\t\t\t<a href=\"http:\/\/ec.europa.eu\/research\/fp7\/pdf\/erc_fact_sheet.pdf#view=fit&#038;pagemode=none\" target=\"_blank\" rel=\"noopener\">ERC<\/a>\u00a0(<img loading=\"lazy\" decoding=\"async\" border=\"0\" height=\"16\" src=\"http:\/\/ec.europa.eu\/research\/images\/pdficon.gif\" style=\"padding:0px\" width=\"16\" \/> 50\u00a0KB)<\/li>\n<li class=\"bodytext\"> \t\t\t\t<a href=\"http:\/\/ec.europa.eu\/research\/fp7\/pdf\/oceans_fact_sheet.pdf#view=fit&#038;pagemode=none\" target=\"_blank\" rel=\"noopener\">Oceans of the future<\/a>\u00a0(<img loading=\"lazy\" decoding=\"async\" border=\"0\" height=\"16\" src=\"http:\/\/ec.europa.eu\/research\/images\/pdficon.gif\" style=\"padding:0px\" width=\"16\" \/> 44 KB)<\/li>\n<li class=\"bodytext\"> \t\t\t\t<a href=\"http:\/\/ec.europa.eu\/research\/fp7\/pdf\/public_sector_fact_sheet.pdf#view=fit&#038;pagemode=none\" target=\"_blank\" rel=\"noopener\">Public sector<\/a>\u00a0(<img loading=\"lazy\" decoding=\"async\" border=\"0\" height=\"16\" src=\"http:\/\/ec.europa.eu\/research\/images\/pdficon.gif\" style=\"padding:0px\" width=\"16\" \/> 52\u00a0KB)<\/li>\n<li class=\"bodytext\"> \t\t\t\t<a href=\"http:\/\/ec.europa.eu\/research\/fp7\/pdf\/smart_cities_fact_sheet.pdf#view=fit&#038;pagemode=none\" target=\"_blank\" rel=\"noopener\">Smart cities<\/a>\u00a0(<img loading=\"lazy\" decoding=\"async\" border=\"0\" height=\"16\" src=\"http:\/\/ec.europa.eu\/research\/images\/pdficon.gif\" style=\"padding:0px\" width=\"16\" \/> 43 KB)<\/li>\n<li class=\"bodytext\"> \t\t\t\t<a href=\"http:\/\/ec.europa.eu\/research\/fp7\/pdf\/water_fact_sheet.pdf#view=fit&#038;pagemode=none\" target=\"_blank\" rel=\"noopener\">Water<\/a> (<img loading=\"lazy\" decoding=\"async\" border=\"0\" height=\"16\" src=\"http:\/\/ec.europa.eu\/research\/images\/pdficon.gif\" style=\"padding:0px\" width=\"16\" \/> 44 KB)<\/li>\n<\/ul><\/div>\n<\/p><\/div>\n<p> \t\u00a0<\/p>\n<p> \t\u00a0<\/p>\n","protected":false},"excerpt":{"rendered":"<p>Eur\u00f3pska komisia zverejnila 10. j\u00fala 2012 posledn\u00e9 v\u00fdzvy 7.RP na rok 2013. Celkovo bolo zverejnen\u00fdch 52 v\u00fdziev a rozdelen\u00fdch bude pribli\u017ene 8,1 miliardy Eur. Ide o najv\u00e4\u010d\u0161ie v\u00fdzvy v hist\u00f3rii v\u0161etk\u00fdch r\u00e1mcov\u00fdch programov. Eur\u00f3pska komisia predpoklad\u00e1, \u017ee podporen\u00fdch bude viac ako 1 300 projektov s viac ako 15 000 \u00fa\u010dastn\u00edkmi. D\u00f4raz na k\u013e\u00fa\u010dov\u00e9 v\u00fdzvy s\u00fa\u010dasnosti &hellip; <a href=\"https:\/\/www.upjs.sk\/prirodovedecka-fakulta\/podpora-projektov\/7228-2\/\">\u010c\u00edta\u0165 \u010falej<\/a><\/p>\n","protected":false},"author":1,"featured_media":0,"parent":17288,"menu_order":4,"comment_status":"closed","ping_status":"closed","template":"","meta":{"_acf_changed":false,"_editorskit_title_hidden":false,"_editorskit_reading_time":0,"_editorskit_is_block_options_detached":false,"_editorskit_block_options_position":"{}","footnotes":""},"categories":[],"tags":[],"class_list":["post-19588","page","type-page","status-publish","hentry"],"acf":{"acf_link_na_externy_obsah":""},"yoast_head":"<!-- This site is optimized with the Yoast SEO plugin v27.2 - https:\/\/yoast.com\/product\/yoast-seo-wordpress\/ -->\n<title>Posledn\u00e9 v\u00fdzvy v r\u00e1mci 7RP - Pr\u00edrodovedeck\u00e1 fakulta | UPJ\u0160<\/title>\n<meta name=\"robots\" content=\"index, follow, max-snippet:-1, max-image-preview:large, max-video-preview:-1\" \/>\n<link rel=\"canonical\" href=\"https:\/\/www.upjs.sk\/prirodovedecka-fakulta\/podpora-projektov\/7228-2\/\" \/>\n<meta property=\"og:locale\" content=\"sk_SK\" \/>\n<meta property=\"og:type\" content=\"article\" \/>\n<meta property=\"og:title\" content=\"Posledn\u00e9 v\u00fdzvy v r\u00e1mci 7RP - Pr\u00edrodovedeck\u00e1 fakulta | UPJ\u0160\" \/>\n<meta property=\"og:description\" content=\"Eur\u00f3pska komisia zverejnila 10. j\u00fala 2012 posledn\u00e9 v\u00fdzvy 7.RP na rok 2013. Celkovo bolo zverejnen\u00fdch 52 v\u00fdziev a rozdelen\u00fdch bude pribli\u017ene 8,1 miliardy Eur. Ide o najv\u00e4\u010d\u0161ie v\u00fdzvy v hist\u00f3rii v\u0161etk\u00fdch r\u00e1mcov\u00fdch programov. Eur\u00f3pska komisia predpoklad\u00e1, \u017ee podporen\u00fdch bude viac ako 1 300 projektov s viac ako 15 000 \u00fa\u010dastn\u00edkmi. D\u00f4raz na k\u013e\u00fa\u010dov\u00e9 v\u00fdzvy s\u00fa\u010dasnosti &hellip; \u010c\u00edta\u0165 \u010falej\" \/>\n<meta property=\"og:url\" content=\"https:\/\/www.upjs.sk\/prirodovedecka-fakulta\/podpora-projektov\/7228-2\/\" \/>\n<meta property=\"og:site_name\" content=\"Pr\u00edrodovedeck\u00e1 fakulta | UPJ\u0160\" \/>\n<meta property=\"article:modified_time\" content=\"2022-10-26T08:14:56+00:00\" \/>\n<meta property=\"og:image\" content=\"http:\/\/ec.europa.eu\/research\/images\/pdficon.gif\" \/>\n<meta name=\"twitter:card\" content=\"summary_large_image\" \/>\n<meta name=\"twitter:label1\" content=\"Predpokladan\u00fd \u010das \u010d\u00edtania\" \/>\n\t<meta name=\"twitter:data1\" content=\"2 min\u00faty\" \/>\n<script type=\"application\/ld+json\" class=\"yoast-schema-graph\">{\"@context\":\"https:\/\/schema.org\",\"@graph\":[{\"@type\":\"WebPage\",\"@id\":\"https:\/\/www.upjs.sk\/prirodovedecka-fakulta\/podpora-projektov\/7228-2\/\",\"url\":\"https:\/\/www.upjs.sk\/prirodovedecka-fakulta\/podpora-projektov\/7228-2\/\",\"name\":\"Posledn\u00e9 v\u00fdzvy v r\u00e1mci 7RP - Pr\u00edrodovedeck\u00e1 fakulta | UPJ\u0160\",\"isPartOf\":{\"@id\":\"https:\/\/www.upjs.sk\/prirodovedecka-fakulta\/#website\"},\"primaryImageOfPage\":{\"@id\":\"https:\/\/www.upjs.sk\/prirodovedecka-fakulta\/podpora-projektov\/7228-2\/#primaryimage\"},\"image\":{\"@id\":\"https:\/\/www.upjs.sk\/prirodovedecka-fakulta\/podpora-projektov\/7228-2\/#primaryimage\"},\"thumbnailUrl\":\"http:\/\/ec.europa.eu\/research\/images\/pdficon.gif\",\"datePublished\":\"2012-07-10T21:14:11+00:00\",\"dateModified\":\"2022-10-26T08:14:56+00:00\",\"breadcrumb\":{\"@id\":\"https:\/\/www.upjs.sk\/prirodovedecka-fakulta\/podpora-projektov\/7228-2\/#breadcrumb\"},\"inLanguage\":\"sk-SK\",\"potentialAction\":[{\"@type\":\"ReadAction\",\"target\":[\"https:\/\/www.upjs.sk\/prirodovedecka-fakulta\/podpora-projektov\/7228-2\/\"]}]},{\"@type\":\"ImageObject\",\"inLanguage\":\"sk-SK\",\"@id\":\"https:\/\/www.upjs.sk\/prirodovedecka-fakulta\/podpora-projektov\/7228-2\/#primaryimage\",\"url\":\"http:\/\/ec.europa.eu\/research\/images\/pdficon.gif\",\"contentUrl\":\"http:\/\/ec.europa.eu\/research\/images\/pdficon.gif\"},{\"@type\":\"BreadcrumbList\",\"@id\":\"https:\/\/www.upjs.sk\/prirodovedecka-fakulta\/podpora-projektov\/7228-2\/#breadcrumb\",\"itemListElement\":[{\"@type\":\"ListItem\",\"position\":1,\"name\":\"Home\",\"item\":\"https:\/\/www.upjs.sk\/prirodovedecka-fakulta\/\"},{\"@type\":\"ListItem\",\"position\":2,\"name\":\"Podpora projektov\",\"item\":\"https:\/\/www.upjs.sk\/prirodovedecka-fakulta\/podpora-projektov\/\"},{\"@type\":\"ListItem\",\"position\":3,\"name\":\"Posledn\u00e9 v\u00fdzvy v r\u00e1mci 7RP\"}]},{\"@type\":\"WebSite\",\"@id\":\"https:\/\/www.upjs.sk\/prirodovedecka-fakulta\/#website\",\"url\":\"https:\/\/www.upjs.sk\/prirodovedecka-fakulta\/\",\"name\":\"Pr\u00edrodovedeck\u00e1 fakulta | UPJ\u0160\",\"description\":\"\",\"publisher\":{\"@id\":\"https:\/\/www.upjs.sk\/prirodovedecka-fakulta\/#organization\"},\"potentialAction\":[{\"@type\":\"SearchAction\",\"target\":{\"@type\":\"EntryPoint\",\"urlTemplate\":\"https:\/\/www.upjs.sk\/prirodovedecka-fakulta\/?s={search_term_string}\"},\"query-input\":{\"@type\":\"PropertyValueSpecification\",\"valueRequired\":true,\"valueName\":\"search_term_string\"}}],\"inLanguage\":\"sk-SK\"},{\"@type\":\"Organization\",\"@id\":\"https:\/\/www.upjs.sk\/prirodovedecka-fakulta\/#organization\",\"name\":\"Pr\u00edrodovedeck\u00e1 fakulta | UPJ\u0160\",\"url\":\"https:\/\/www.upjs.sk\/prirodovedecka-fakulta\/\",\"logo\":{\"@type\":\"ImageObject\",\"inLanguage\":\"sk-SK\",\"@id\":\"https:\/\/www.upjs.sk\/prirodovedecka-fakulta\/#\/schema\/logo\/image\/\",\"url\":\"https:\/\/www.upjs.sk\/app\/uploads\/sites\/10\/2022\/09\/logo-prirodovedecka-fakulta.png\",\"contentUrl\":\"https:\/\/www.upjs.sk\/app\/uploads\/sites\/10\/2022\/09\/logo-prirodovedecka-fakulta.png\",\"width\":415,\"height\":87,\"caption\":\"Pr\u00edrodovedeck\u00e1 fakulta | UPJ\u0160\"},\"image\":{\"@id\":\"https:\/\/www.upjs.sk\/prirodovedecka-fakulta\/#\/schema\/logo\/image\/\"}}]}<\/script>\n<!-- \/ Yoast SEO plugin. -->","yoast_head_json":{"title":"Posledn\u00e9 v\u00fdzvy v r\u00e1mci 7RP - Pr\u00edrodovedeck\u00e1 fakulta | UPJ\u0160","robots":{"index":"index","follow":"follow","max-snippet":"max-snippet:-1","max-image-preview":"max-image-preview:large","max-video-preview":"max-video-preview:-1"},"canonical":"https:\/\/www.upjs.sk\/prirodovedecka-fakulta\/podpora-projektov\/7228-2\/","og_locale":"sk_SK","og_type":"article","og_title":"Posledn\u00e9 v\u00fdzvy v r\u00e1mci 7RP - Pr\u00edrodovedeck\u00e1 fakulta | UPJ\u0160","og_description":"Eur\u00f3pska komisia zverejnila 10. j\u00fala 2012 posledn\u00e9 v\u00fdzvy 7.RP na rok 2013. Celkovo bolo zverejnen\u00fdch 52 v\u00fdziev a rozdelen\u00fdch bude pribli\u017ene 8,1 miliardy Eur. Ide o najv\u00e4\u010d\u0161ie v\u00fdzvy v hist\u00f3rii v\u0161etk\u00fdch r\u00e1mcov\u00fdch programov. Eur\u00f3pska komisia predpoklad\u00e1, \u017ee podporen\u00fdch bude viac ako 1 300 projektov s viac ako 15 000 \u00fa\u010dastn\u00edkmi. D\u00f4raz na k\u013e\u00fa\u010dov\u00e9 v\u00fdzvy s\u00fa\u010dasnosti &hellip; \u010c\u00edta\u0165 \u010falej","og_url":"https:\/\/www.upjs.sk\/prirodovedecka-fakulta\/podpora-projektov\/7228-2\/","og_site_name":"Pr\u00edrodovedeck\u00e1 fakulta | UPJ\u0160","article_modified_time":"2022-10-26T08:14:56+00:00","og_image":[{"url":"http:\/\/ec.europa.eu\/research\/images\/pdficon.gif","type":"","width":"","height":""}],"twitter_card":"summary_large_image","twitter_misc":{"Predpokladan\u00fd \u010das \u010d\u00edtania":"2 min\u00faty"},"schema":{"@context":"https:\/\/schema.org","@graph":[{"@type":"WebPage","@id":"https:\/\/www.upjs.sk\/prirodovedecka-fakulta\/podpora-projektov\/7228-2\/","url":"https:\/\/www.upjs.sk\/prirodovedecka-fakulta\/podpora-projektov\/7228-2\/","name":"Posledn\u00e9 v\u00fdzvy v r\u00e1mci 7RP - Pr\u00edrodovedeck\u00e1 fakulta | UPJ\u0160","isPartOf":{"@id":"https:\/\/www.upjs.sk\/prirodovedecka-fakulta\/#website"},"primaryImageOfPage":{"@id":"https:\/\/www.upjs.sk\/prirodovedecka-fakulta\/podpora-projektov\/7228-2\/#primaryimage"},"image":{"@id":"https:\/\/www.upjs.sk\/prirodovedecka-fakulta\/podpora-projektov\/7228-2\/#primaryimage"},"thumbnailUrl":"http:\/\/ec.europa.eu\/research\/images\/pdficon.gif","datePublished":"2012-07-10T21:14:11+00:00","dateModified":"2022-10-26T08:14:56+00:00","breadcrumb":{"@id":"https:\/\/www.upjs.sk\/prirodovedecka-fakulta\/podpora-projektov\/7228-2\/#breadcrumb"},"inLanguage":"sk-SK","potentialAction":[{"@type":"ReadAction","target":["https:\/\/www.upjs.sk\/prirodovedecka-fakulta\/podpora-projektov\/7228-2\/"]}]},{"@type":"ImageObject","inLanguage":"sk-SK","@id":"https:\/\/www.upjs.sk\/prirodovedecka-fakulta\/podpora-projektov\/7228-2\/#primaryimage","url":"http:\/\/ec.europa.eu\/research\/images\/pdficon.gif","contentUrl":"http:\/\/ec.europa.eu\/research\/images\/pdficon.gif"},{"@type":"BreadcrumbList","@id":"https:\/\/www.upjs.sk\/prirodovedecka-fakulta\/podpora-projektov\/7228-2\/#breadcrumb","itemListElement":[{"@type":"ListItem","position":1,"name":"Home","item":"https:\/\/www.upjs.sk\/prirodovedecka-fakulta\/"},{"@type":"ListItem","position":2,"name":"Podpora projektov","item":"https:\/\/www.upjs.sk\/prirodovedecka-fakulta\/podpora-projektov\/"},{"@type":"ListItem","position":3,"name":"Posledn\u00e9 v\u00fdzvy v r\u00e1mci 7RP"}]},{"@type":"WebSite","@id":"https:\/\/www.upjs.sk\/prirodovedecka-fakulta\/#website","url":"https:\/\/www.upjs.sk\/prirodovedecka-fakulta\/","name":"Pr\u00edrodovedeck\u00e1 fakulta | UPJ\u0160","description":"","publisher":{"@id":"https:\/\/www.upjs.sk\/prirodovedecka-fakulta\/#organization"},"potentialAction":[{"@type":"SearchAction","target":{"@type":"EntryPoint","urlTemplate":"https:\/\/www.upjs.sk\/prirodovedecka-fakulta\/?s={search_term_string}"},"query-input":{"@type":"PropertyValueSpecification","valueRequired":true,"valueName":"search_term_string"}}],"inLanguage":"sk-SK"},{"@type":"Organization","@id":"https:\/\/www.upjs.sk\/prirodovedecka-fakulta\/#organization","name":"Pr\u00edrodovedeck\u00e1 fakulta | UPJ\u0160","url":"https:\/\/www.upjs.sk\/prirodovedecka-fakulta\/","logo":{"@type":"ImageObject","inLanguage":"sk-SK","@id":"https:\/\/www.upjs.sk\/prirodovedecka-fakulta\/#\/schema\/logo\/image\/","url":"https:\/\/www.upjs.sk\/app\/uploads\/sites\/10\/2022\/09\/logo-prirodovedecka-fakulta.png","contentUrl":"https:\/\/www.upjs.sk\/app\/uploads\/sites\/10\/2022\/09\/logo-prirodovedecka-fakulta.png","width":415,"height":87,"caption":"Pr\u00edrodovedeck\u00e1 fakulta | UPJ\u0160"},"image":{"@id":"https:\/\/www.upjs.sk\/prirodovedecka-fakulta\/#\/schema\/logo\/image\/"}}]}},"_links":{"self":[{"href":"https:\/\/www.upjs.sk\/prirodovedecka-fakulta\/wp-json\/wp\/v2\/pages\/19588","targetHints":{"allow":["GET"]}}],"collection":[{"href":"https:\/\/www.upjs.sk\/prirodovedecka-fakulta\/wp-json\/wp\/v2\/pages"}],"about":[{"href":"https:\/\/www.upjs.sk\/prirodovedecka-fakulta\/wp-json\/wp\/v2\/types\/page"}],"author":[{"embeddable":true,"href":"https:\/\/www.upjs.sk\/prirodovedecka-fakulta\/wp-json\/wp\/v2\/users\/1"}],"replies":[{"embeddable":true,"href":"https:\/\/www.upjs.sk\/prirodovedecka-fakulta\/wp-json\/wp\/v2\/comments?post=19588"}],"version-history":[{"count":1,"href":"https:\/\/www.upjs.sk\/prirodovedecka-fakulta\/wp-json\/wp\/v2\/pages\/19588\/revisions"}],"predecessor-version":[{"id":19589,"href":"https:\/\/www.upjs.sk\/prirodovedecka-fakulta\/wp-json\/wp\/v2\/pages\/19588\/revisions\/19589"}],"up":[{"embeddable":true,"href":"https:\/\/www.upjs.sk\/prirodovedecka-fakulta\/wp-json\/wp\/v2\/pages\/17288"}],"wp:attachment":[{"href":"https:\/\/www.upjs.sk\/prirodovedecka-fakulta\/wp-json\/wp\/v2\/media?parent=19588"}],"wp:term":[{"taxonomy":"category","embeddable":true,"href":"https:\/\/www.upjs.sk\/prirodovedecka-fakulta\/wp-json\/wp\/v2\/categories?post=19588"},{"taxonomy":"post_tag","embeddable":true,"href":"https:\/\/www.upjs.sk\/prirodovedecka-fakulta\/wp-json\/wp\/v2\/tags?post=19588"}],"curies":[{"name":"wp","href":"https:\/\/api.w.org\/{rel}","templated":true}]}}