{"id":19591,"date":"2014-02-27T00:55:28","date_gmt":"2014-02-27T00:55:28","guid":{"rendered":"https:\/\/www.upjs.sk\/prirodovedecka-fakulta\/podpora-projektov\/7753-2\/"},"modified":"2022-10-26T08:14:57","modified_gmt":"2022-10-26T08:14:57","slug":"7753-2","status":"publish","type":"page","link":"https:\/\/www.upjs.sk\/prirodovedecka-fakulta\/podpora-projektov\/7753-2\/","title":{"rendered":"V\u00fdzva na predkladanie \u017eiadost\u00ed pre diplomantov, doktorandov, postdoktorandov, na letn\u00fd jazykov\u00fd kurz a \u0161tipendi\u00e1 na kr\u00e1tkodob\u00e9 pobyty"},"content":{"rendered":"<p> \tV r\u00e1mci <strong>Akcie Rak\u00fasko &#8211; Slovensko<\/strong> sa m\u00f4\u017eu\u00a0v roku 2014 \u017eiadatelia uch\u00e1dza\u0165 o nasleduj\u00face \u0161tipendi\u00e1:<\/p>\n<ul>\n<li> \t\tv\u00fdskumn\u00e9 pobyty <strong>doktorandov<\/strong> (3 \u2013 6 mesiacov) \u2013 <strong><a href=\"http:\/\/www.aktion.saia.sk\/sk\/main\/stipendia-akcie\/stipendia-pre-doktorandov\/uchadzaci-zo-slovenska\" target=\"_blank\" rel=\"noopener\">viac >>><\/a><\/strong><\/li>\n<li> \t\tv\u00fdskumn\u00e9 pobyty excelentn\u00fdch <strong>postdoktorandov<\/strong> (3 \u2013 6 mesiacov) \u2013 <strong><a href=\"http:\/\/www.aktion.saia.sk\/sk\/main\/stipendia-akcie\/stipendia-pre-doktorandov\/uchadzaci-zo-slovenska\" target=\"_blank\" rel=\"noopener\">viac >>><\/a><\/strong><\/li>\n<li> \t\tpobyty <strong>diplomantov<\/strong> v s\u00favislosti s pr\u00edpravou magisterskej\/in\u017einierskej diplomovej pr\u00e1ce (1 \u2013 3 mesiace) \u2013 <strong><a href=\"http:\/\/www.aktion.saia.sk\/sk\/main\/stipendia-akcie\/stipendia-pre-diplomantov\/uchadzaci-zo-slovenska\" target=\"_blank\" rel=\"noopener\">viac >>><\/a><\/strong><\/li>\n<li> \t\t<strong>letn\u00fd jazykov\u00fd kurz<\/strong> (uch\u00e1dza\u0165 sa m\u00f4\u017eu \u0161tudenti a doktorandi z\u00a0<strong>pr\u00edrodn\u00fdch<\/strong> odborov) \u2013 <strong><a href=\"http:\/\/www.aktion.saia.sk\/sk\/main\/stipendia-akcie\/stipendia-na-letny-jazykovy-kurz\/uchadzaci-zo-slovenska\" target=\"_blank\" rel=\"noopener\">viac >>><\/a><\/strong><\/li>\n<li> \t\tkr\u00e1tkodob\u00e9 pobyty (1 \u2013 3 dni) \/\u00a0<strong><a href=\"http:\/\/www.aktion.saia.sk\/sk\/main\/stipendia-akcie\/stipendia-na-kratkodobe-pobyty\/uchadzaci-zo-slovenska\" target=\"_blank\" rel=\"noopener\">viac >>><\/a><\/strong><\/li>\n<\/ul>\n<p> \tUz\u00e1vierka na predkladanie \u017eiadost\u00ed je\u00a0<strong>15. 3. 2014, 15.10.2014<\/strong><\/p>\n<p> \t\u00a0<\/p>\n<p> \tKa\u017ed\u00fd predkladate\u013e\u00a0\u017eiadosti sa mus\u00ed pred prv\u00fdm prihl\u00e1sen\u00edm zaregistrova\u0165 do syst\u00e9mu na <a href=\"http:\/\/www.scholarships.at\/\" target=\"_blank\" rel=\"noopener\">www.scholarships.at<\/a>. A\u017e po zaregistrovan\u00ed sa predkladate\u013e \u017eiadosti m\u00f4\u017ee prihl\u00e1si\u0165 do syst\u00e9mu a vytvori\u0165 \u017eiados\u0165 o \u0161tipendium.<\/p>\n<p> \tAk u\u017e ste sa v minulosti registrovali a m\u00e1te prihlasovacie \u00fadaje, sta\u010d\u00ed sa do syst\u00e9mu prihl\u00e1si\u0165 a po spr\u00edstupnen\u00ed pod\u00e1vania \u017eiadost\u00ed za\u010da\u0165 vytv\u00e1ra\u0165 \u017eiados\u0165.<\/p>\n<p> \tKompletn\u00e1 inform\u00e1cia o \u0161tipendi\u00e1ch je uverejnen\u00e1 na\u00a0<a href=\"http:\/\/www.aktion.saia.sk\/sk\/main\/stipendia-akcie\/\" target=\"_blank\" rel=\"noopener\">www.aktion.saia.sk<\/a>\u00a0v \u010dasti \u0160tipendi\u00e1 Akcie.<\/p>\n<p> \tPriamy link na pod\u00e1vanie \u0161tipendijn\u00fdch \u017eiadost\u00ed je\u00a0<a href=\"http:\/\/www.scholarships.at\/\" target=\"_blank\" rel=\"noopener\">www.scholarships.at<\/a>.<\/p>\n<p> \t\u00a0<\/p>\n<p> \tV kateg\u00f3rii\u00a0<strong><u>Kr\u00e1tkodob\u00e9 pobyty doktorandov, v\u00fdskumn\u00edkov a vysoko\u0161kolsk\u00fdch pedag\u00f3gov <\/u><\/strong>sa prij\u00edmaj\u00fa \u017eiadosti o \u0161tipendium priebe\u017ene po\u010das cel\u00e9ho roka.<\/p>\n","protected":false},"excerpt":{"rendered":"<p>V r\u00e1mci Akcie Rak\u00fasko &#8211; Slovensko sa m\u00f4\u017eu\u00a0v roku 2014 \u017eiadatelia uch\u00e1dza\u0165 o nasleduj\u00face \u0161tipendi\u00e1: v\u00fdskumn\u00e9 pobyty doktorandov (3 \u2013 6 mesiacov) \u2013 viac >>> v\u00fdskumn\u00e9 pobyty excelentn\u00fdch postdoktorandov (3 \u2013 6 mesiacov) \u2013 viac >>> pobyty diplomantov v s\u00favislosti s pr\u00edpravou magisterskej\/in\u017einierskej diplomovej pr\u00e1ce (1 \u2013 3 mesiace) \u2013 viac >>> letn\u00fd jazykov\u00fd kurz &hellip; <a href=\"https:\/\/www.upjs.sk\/prirodovedecka-fakulta\/podpora-projektov\/7753-2\/\">\u010c\u00edta\u0165 \u010falej<\/a><\/p>\n","protected":false},"author":1,"featured_media":0,"parent":17288,"menu_order":6,"comment_status":"closed","ping_status":"closed","template":"","meta":{"_acf_changed":false,"_editorskit_title_hidden":false,"_editorskit_reading_time":0,"_editorskit_is_block_options_detached":false,"_editorskit_block_options_position":"{}","footnotes":""},"categories":[],"tags":[],"class_list":["post-19591","page","type-page","status-publish","hentry"],"acf":{"acf_link_na_externy_obsah":""},"yoast_head":"<!-- This site is optimized with the Yoast SEO plugin v27.4 - https:\/\/yoast.com\/product\/yoast-seo-wordpress\/ -->\n<title>V\u00fdzva na predkladanie \u017eiadost\u00ed pre diplomantov, doktorandov, postdoktorandov, na letn\u00fd jazykov\u00fd kurz a \u0161tipendi\u00e1 na kr\u00e1tkodob\u00e9 pobyty - Pr\u00edrodovedeck\u00e1 fakulta | UPJ\u0160<\/title>\n<meta name=\"robots\" content=\"index, follow, max-snippet:-1, max-image-preview:large, max-video-preview:-1\" \/>\n<link rel=\"canonical\" href=\"https:\/\/www.upjs.sk\/prirodovedecka-fakulta\/podpora-projektov\/7753-2\/\" \/>\n<meta property=\"og:locale\" content=\"sk_SK\" \/>\n<meta property=\"og:type\" content=\"article\" \/>\n<meta property=\"og:title\" content=\"V\u00fdzva na predkladanie \u017eiadost\u00ed pre diplomantov, doktorandov, postdoktorandov, na letn\u00fd jazykov\u00fd kurz a \u0161tipendi\u00e1 na kr\u00e1tkodob\u00e9 pobyty - Pr\u00edrodovedeck\u00e1 fakulta | UPJ\u0160\" \/>\n<meta property=\"og:description\" content=\"V r\u00e1mci Akcie Rak\u00fasko &#8211; Slovensko sa m\u00f4\u017eu\u00a0v roku 2014 \u017eiadatelia uch\u00e1dza\u0165 o nasleduj\u00face \u0161tipendi\u00e1: v\u00fdskumn\u00e9 pobyty doktorandov (3 \u2013 6 mesiacov) \u2013 viac &gt;&gt;&gt; v\u00fdskumn\u00e9 pobyty excelentn\u00fdch postdoktorandov (3 \u2013 6 mesiacov) \u2013 viac &gt;&gt;&gt; pobyty diplomantov v s\u00favislosti s pr\u00edpravou magisterskej\/in\u017einierskej diplomovej pr\u00e1ce (1 \u2013 3 mesiace) \u2013 viac &gt;&gt;&gt; letn\u00fd jazykov\u00fd kurz &hellip; \u010c\u00edta\u0165 \u010falej\" \/>\n<meta property=\"og:url\" content=\"https:\/\/www.upjs.sk\/prirodovedecka-fakulta\/podpora-projektov\/7753-2\/\" \/>\n<meta property=\"og:site_name\" content=\"Pr\u00edrodovedeck\u00e1 fakulta | UPJ\u0160\" \/>\n<meta property=\"article:modified_time\" content=\"2022-10-26T08:14:57+00:00\" \/>\n<meta name=\"twitter:card\" content=\"summary_large_image\" \/>\n<meta name=\"twitter:label1\" content=\"Predpokladan\u00fd \u010das \u010d\u00edtania\" \/>\n\t<meta name=\"twitter:data1\" content=\"1 min\u00fata\" \/>\n<script type=\"application\/ld+json\" class=\"yoast-schema-graph\">{\"@context\":\"https:\\\/\\\/schema.org\",\"@graph\":[{\"@type\":\"WebPage\",\"@id\":\"https:\\\/\\\/www.upjs.sk\\\/prirodovedecka-fakulta\\\/podpora-projektov\\\/7753-2\\\/\",\"url\":\"https:\\\/\\\/www.upjs.sk\\\/prirodovedecka-fakulta\\\/podpora-projektov\\\/7753-2\\\/\",\"name\":\"V\u00fdzva na predkladanie \u017eiadost\u00ed pre diplomantov, doktorandov, postdoktorandov, na letn\u00fd jazykov\u00fd kurz a \u0161tipendi\u00e1 na kr\u00e1tkodob\u00e9 pobyty - Pr\u00edrodovedeck\u00e1 fakulta | UPJ\u0160\",\"isPartOf\":{\"@id\":\"https:\\\/\\\/www.upjs.sk\\\/prirodovedecka-fakulta\\\/#website\"},\"datePublished\":\"2014-02-27T00:55:28+00:00\",\"dateModified\":\"2022-10-26T08:14:57+00:00\",\"breadcrumb\":{\"@id\":\"https:\\\/\\\/www.upjs.sk\\\/prirodovedecka-fakulta\\\/podpora-projektov\\\/7753-2\\\/#breadcrumb\"},\"inLanguage\":\"sk-SK\",\"potentialAction\":[{\"@type\":\"ReadAction\",\"target\":[\"https:\\\/\\\/www.upjs.sk\\\/prirodovedecka-fakulta\\\/podpora-projektov\\\/7753-2\\\/\"]}]},{\"@type\":\"BreadcrumbList\",\"@id\":\"https:\\\/\\\/www.upjs.sk\\\/prirodovedecka-fakulta\\\/podpora-projektov\\\/7753-2\\\/#breadcrumb\",\"itemListElement\":[{\"@type\":\"ListItem\",\"position\":1,\"name\":\"Home\",\"item\":\"https:\\\/\\\/www.upjs.sk\\\/prirodovedecka-fakulta\\\/\"},{\"@type\":\"ListItem\",\"position\":2,\"name\":\"Podpora projektov\",\"item\":\"https:\\\/\\\/www.upjs.sk\\\/prirodovedecka-fakulta\\\/podpora-projektov\\\/\"},{\"@type\":\"ListItem\",\"position\":3,\"name\":\"V\u00fdzva na predkladanie \u017eiadost\u00ed pre diplomantov, doktorandov, postdoktorandov, na letn\u00fd jazykov\u00fd kurz a \u0161tipendi\u00e1 na kr\u00e1tkodob\u00e9 pobyty\"}]},{\"@type\":\"WebSite\",\"@id\":\"https:\\\/\\\/www.upjs.sk\\\/prirodovedecka-fakulta\\\/#website\",\"url\":\"https:\\\/\\\/www.upjs.sk\\\/prirodovedecka-fakulta\\\/\",\"name\":\"Pr\u00edrodovedeck\u00e1 fakulta | UPJ\u0160\",\"description\":\"\",\"publisher\":{\"@id\":\"https:\\\/\\\/www.upjs.sk\\\/prirodovedecka-fakulta\\\/#organization\"},\"potentialAction\":[{\"@type\":\"SearchAction\",\"target\":{\"@type\":\"EntryPoint\",\"urlTemplate\":\"https:\\\/\\\/www.upjs.sk\\\/prirodovedecka-fakulta\\\/?s={search_term_string}\"},\"query-input\":{\"@type\":\"PropertyValueSpecification\",\"valueRequired\":true,\"valueName\":\"search_term_string\"}}],\"inLanguage\":\"sk-SK\"},{\"@type\":\"Organization\",\"@id\":\"https:\\\/\\\/www.upjs.sk\\\/prirodovedecka-fakulta\\\/#organization\",\"name\":\"Pr\u00edrodovedeck\u00e1 fakulta | UPJ\u0160\",\"url\":\"https:\\\/\\\/www.upjs.sk\\\/prirodovedecka-fakulta\\\/\",\"logo\":{\"@type\":\"ImageObject\",\"inLanguage\":\"sk-SK\",\"@id\":\"https:\\\/\\\/www.upjs.sk\\\/prirodovedecka-fakulta\\\/#\\\/schema\\\/logo\\\/image\\\/\",\"url\":\"https:\\\/\\\/www.upjs.sk\\\/app\\\/uploads\\\/sites\\\/10\\\/2022\\\/09\\\/logo-prirodovedecka-fakulta.png\",\"contentUrl\":\"https:\\\/\\\/www.upjs.sk\\\/app\\\/uploads\\\/sites\\\/10\\\/2022\\\/09\\\/logo-prirodovedecka-fakulta.png\",\"width\":415,\"height\":87,\"caption\":\"Pr\u00edrodovedeck\u00e1 fakulta | UPJ\u0160\"},\"image\":{\"@id\":\"https:\\\/\\\/www.upjs.sk\\\/prirodovedecka-fakulta\\\/#\\\/schema\\\/logo\\\/image\\\/\"}}]}<\/script>\n<!-- \/ Yoast SEO plugin. -->","yoast_head_json":{"title":"V\u00fdzva na predkladanie \u017eiadost\u00ed pre diplomantov, doktorandov, postdoktorandov, na letn\u00fd jazykov\u00fd kurz a \u0161tipendi\u00e1 na kr\u00e1tkodob\u00e9 pobyty - Pr\u00edrodovedeck\u00e1 fakulta | UPJ\u0160","robots":{"index":"index","follow":"follow","max-snippet":"max-snippet:-1","max-image-preview":"max-image-preview:large","max-video-preview":"max-video-preview:-1"},"canonical":"https:\/\/www.upjs.sk\/prirodovedecka-fakulta\/podpora-projektov\/7753-2\/","og_locale":"sk_SK","og_type":"article","og_title":"V\u00fdzva na predkladanie \u017eiadost\u00ed pre diplomantov, doktorandov, postdoktorandov, na letn\u00fd jazykov\u00fd kurz a \u0161tipendi\u00e1 na kr\u00e1tkodob\u00e9 pobyty - Pr\u00edrodovedeck\u00e1 fakulta | UPJ\u0160","og_description":"V r\u00e1mci Akcie Rak\u00fasko &#8211; Slovensko sa m\u00f4\u017eu\u00a0v roku 2014 \u017eiadatelia uch\u00e1dza\u0165 o nasleduj\u00face \u0161tipendi\u00e1: v\u00fdskumn\u00e9 pobyty doktorandov (3 \u2013 6 mesiacov) \u2013 viac >>> v\u00fdskumn\u00e9 pobyty excelentn\u00fdch postdoktorandov (3 \u2013 6 mesiacov) \u2013 viac >>> pobyty diplomantov v s\u00favislosti s pr\u00edpravou magisterskej\/in\u017einierskej diplomovej pr\u00e1ce (1 \u2013 3 mesiace) \u2013 viac >>> letn\u00fd jazykov\u00fd kurz &hellip; \u010c\u00edta\u0165 \u010falej","og_url":"https:\/\/www.upjs.sk\/prirodovedecka-fakulta\/podpora-projektov\/7753-2\/","og_site_name":"Pr\u00edrodovedeck\u00e1 fakulta | UPJ\u0160","article_modified_time":"2022-10-26T08:14:57+00:00","twitter_card":"summary_large_image","twitter_misc":{"Predpokladan\u00fd \u010das \u010d\u00edtania":"1 min\u00fata"},"schema":{"@context":"https:\/\/schema.org","@graph":[{"@type":"WebPage","@id":"https:\/\/www.upjs.sk\/prirodovedecka-fakulta\/podpora-projektov\/7753-2\/","url":"https:\/\/www.upjs.sk\/prirodovedecka-fakulta\/podpora-projektov\/7753-2\/","name":"V\u00fdzva na predkladanie \u017eiadost\u00ed pre diplomantov, doktorandov, postdoktorandov, na letn\u00fd jazykov\u00fd kurz a \u0161tipendi\u00e1 na kr\u00e1tkodob\u00e9 pobyty - Pr\u00edrodovedeck\u00e1 fakulta | UPJ\u0160","isPartOf":{"@id":"https:\/\/www.upjs.sk\/prirodovedecka-fakulta\/#website"},"datePublished":"2014-02-27T00:55:28+00:00","dateModified":"2022-10-26T08:14:57+00:00","breadcrumb":{"@id":"https:\/\/www.upjs.sk\/prirodovedecka-fakulta\/podpora-projektov\/7753-2\/#breadcrumb"},"inLanguage":"sk-SK","potentialAction":[{"@type":"ReadAction","target":["https:\/\/www.upjs.sk\/prirodovedecka-fakulta\/podpora-projektov\/7753-2\/"]}]},{"@type":"BreadcrumbList","@id":"https:\/\/www.upjs.sk\/prirodovedecka-fakulta\/podpora-projektov\/7753-2\/#breadcrumb","itemListElement":[{"@type":"ListItem","position":1,"name":"Home","item":"https:\/\/www.upjs.sk\/prirodovedecka-fakulta\/"},{"@type":"ListItem","position":2,"name":"Podpora projektov","item":"https:\/\/www.upjs.sk\/prirodovedecka-fakulta\/podpora-projektov\/"},{"@type":"ListItem","position":3,"name":"V\u00fdzva na predkladanie \u017eiadost\u00ed pre diplomantov, doktorandov, postdoktorandov, na letn\u00fd jazykov\u00fd kurz a \u0161tipendi\u00e1 na kr\u00e1tkodob\u00e9 pobyty"}]},{"@type":"WebSite","@id":"https:\/\/www.upjs.sk\/prirodovedecka-fakulta\/#website","url":"https:\/\/www.upjs.sk\/prirodovedecka-fakulta\/","name":"Pr\u00edrodovedeck\u00e1 fakulta | UPJ\u0160","description":"","publisher":{"@id":"https:\/\/www.upjs.sk\/prirodovedecka-fakulta\/#organization"},"potentialAction":[{"@type":"SearchAction","target":{"@type":"EntryPoint","urlTemplate":"https:\/\/www.upjs.sk\/prirodovedecka-fakulta\/?s={search_term_string}"},"query-input":{"@type":"PropertyValueSpecification","valueRequired":true,"valueName":"search_term_string"}}],"inLanguage":"sk-SK"},{"@type":"Organization","@id":"https:\/\/www.upjs.sk\/prirodovedecka-fakulta\/#organization","name":"Pr\u00edrodovedeck\u00e1 fakulta | UPJ\u0160","url":"https:\/\/www.upjs.sk\/prirodovedecka-fakulta\/","logo":{"@type":"ImageObject","inLanguage":"sk-SK","@id":"https:\/\/www.upjs.sk\/prirodovedecka-fakulta\/#\/schema\/logo\/image\/","url":"https:\/\/www.upjs.sk\/app\/uploads\/sites\/10\/2022\/09\/logo-prirodovedecka-fakulta.png","contentUrl":"https:\/\/www.upjs.sk\/app\/uploads\/sites\/10\/2022\/09\/logo-prirodovedecka-fakulta.png","width":415,"height":87,"caption":"Pr\u00edrodovedeck\u00e1 fakulta | UPJ\u0160"},"image":{"@id":"https:\/\/www.upjs.sk\/prirodovedecka-fakulta\/#\/schema\/logo\/image\/"}}]}},"_links":{"self":[{"href":"https:\/\/www.upjs.sk\/prirodovedecka-fakulta\/wp-json\/wp\/v2\/pages\/19591","targetHints":{"allow":["GET"]}}],"collection":[{"href":"https:\/\/www.upjs.sk\/prirodovedecka-fakulta\/wp-json\/wp\/v2\/pages"}],"about":[{"href":"https:\/\/www.upjs.sk\/prirodovedecka-fakulta\/wp-json\/wp\/v2\/types\/page"}],"author":[{"embeddable":true,"href":"https:\/\/www.upjs.sk\/prirodovedecka-fakulta\/wp-json\/wp\/v2\/users\/1"}],"replies":[{"embeddable":true,"href":"https:\/\/www.upjs.sk\/prirodovedecka-fakulta\/wp-json\/wp\/v2\/comments?post=19591"}],"version-history":[{"count":1,"href":"https:\/\/www.upjs.sk\/prirodovedecka-fakulta\/wp-json\/wp\/v2\/pages\/19591\/revisions"}],"predecessor-version":[{"id":19983,"href":"https:\/\/www.upjs.sk\/prirodovedecka-fakulta\/wp-json\/wp\/v2\/pages\/19591\/revisions\/19983"}],"up":[{"embeddable":true,"href":"https:\/\/www.upjs.sk\/prirodovedecka-fakulta\/wp-json\/wp\/v2\/pages\/17288"}],"wp:attachment":[{"href":"https:\/\/www.upjs.sk\/prirodovedecka-fakulta\/wp-json\/wp\/v2\/media?parent=19591"}],"wp:term":[{"taxonomy":"category","embeddable":true,"href":"https:\/\/www.upjs.sk\/prirodovedecka-fakulta\/wp-json\/wp\/v2\/categories?post=19591"},{"taxonomy":"post_tag","embeddable":true,"href":"https:\/\/www.upjs.sk\/prirodovedecka-fakulta\/wp-json\/wp\/v2\/tags?post=19591"}],"curies":[{"name":"wp","href":"https:\/\/api.w.org\/{rel}","templated":true}]}}