{"id":19602,"date":"2014-01-27T08:59:24","date_gmt":"2014-01-27T08:59:24","guid":{"rendered":"https:\/\/www.upjs.sk\/prirodovedecka-fakulta\/podpora-projektov\/10108-2\/"},"modified":"2022-10-26T08:15:01","modified_gmt":"2022-10-26T08:15:01","slug":"10108-2","status":"publish","type":"page","link":"https:\/\/www.upjs.sk\/prirodovedecka-fakulta\/podpora-projektov\/10108-2\/","title":{"rendered":"Predkladanie \u017eiadost\u00ed k poskytovaniu dot\u00e1ci\u00ed na \u010dinnosti podporuj\u00face medzin\u00e1rodn\u00fa vedecko-technick\u00fa spolupr\u00e1cu v eur\u00f3pskom v\u00fdskumnom priestore formou st\u00e1\u017eov\u00fdch pobytov \u0161tudentov, doktorandov a postdoktorandov"},"content":{"rendered":"<p style=\"text-align: justify;\"> \tMinisterstvo \u0161kolstva, vedy, v\u00fdskumu a\u00a0\u0161portu SR poskytne dot\u00e1cie na medzin\u00e1rodn\u00fa vedecko-technick\u00fa spolupr\u00e1cu:<\/p>\n<ul>\n<li style=\"text-align: justify;\"> \t\tv\u00a0Eur\u00f3pskej organiz\u00e1cii pre jadrov\u00fd v\u00fdskum \u2013\u00a0<strong>CERN v\u00a0\u017deneve<\/strong>, Spojenom \u00fastave jadrov\u00e9ho v\u00fdskumu \u2013\u00a0<strong>SUJV Dubna<\/strong>\u00a0a\u00a0v\u00a0Medzin\u00e1rodnom centre pre genetick\u00e9 in\u017einierstvo a\u00a0biotechnol\u00f3gie \u2013\u00a0<strong>ICGEB v\u00a0Terste<\/strong>,<\/li>\n<li style=\"text-align: justify;\"> \t\tv\u00a0centre Eur\u00f3pskeho laseru vo\u013en\u00fdch elektr\u00f3nov, s.r.o. \u2013\u00a0<strong>European XFEL<\/strong>, neziskovej s.r.o. v\u00a0Hamburgu a\u00a0vo v\u00fdskumn\u00fdch centr\u00e1ch infra\u0161trukt\u00far Eur\u00f3pskeho strategick\u00e9ho f\u00f3ra o\u00a0v\u00fdskumn\u00fdch infra\u0161trukt\u00farach (<strong>ESFRI Roadmap<\/strong>).<\/li>\n<\/ul>\n<p style=\"text-align: justify;\"> \tNa zahrani\u010dn\u00e9 vedeck\u00e9 pobyty bude poskytnut\u00e1 dot\u00e1cia pre tieto\u00a0<strong>druhy \u010dinnost\u00ed:<\/strong><\/p>\n<ul>\n<li style=\"text-align: justify;\"> \t\tmateri\u00e1lov\u00fd v\u00fdskum a\u00a0nanotechnol\u00f3gie,<\/li>\n<li style=\"text-align: justify;\"> \t\tinforma\u010dn\u00e9 a\u00a0komunika\u010dn\u00e9 technol\u00f3gie a\u00a0cie\u013eov\u00e9 skupiny,<\/li>\n<li style=\"text-align: justify;\"> \t\tbiomedic\u00edna a\u00a0biotechnol\u00f3gie,<\/li>\n<li style=\"text-align: justify;\"> \t\tpriemyseln\u00e9 technol\u00f3gie,<\/li>\n<li style=\"text-align: justify;\"> \t\tudr\u017eate\u013en\u00e1 energetika a\u00a0energie,<\/li>\n<li style=\"text-align: justify;\"> \t\tp\u00f4dohospod\u00e1rstvo a\u00a0\u017eivotn\u00e9 prostredie,<\/li>\n<li style=\"text-align: justify;\"> \t\tvybran\u00e9 okruhy spolo\u010densk\u00fdch vied.<\/li>\n<\/ul>\n<p style=\"text-align: justify;\"> \tDot\u00e1cie na podporu vedecko-technick\u00fdch slu\u017eieb vo v\u00fdskume a\u00a0v\u00fdvoji bud\u00fa zameran\u00e9 na tieto\u00a0<strong>cie\u013eov\u00e9 skupiny:<\/strong><\/p>\n<ul>\n<li style=\"text-align: justify;\"> \t\t\u0161tudenti,<\/li>\n<li style=\"text-align: justify;\"> \t\tdoktorandi,<\/li>\n<li style=\"text-align: justify;\"> \t\tpostdoktorandi.<\/li>\n<\/ul>\n<p style=\"text-align: justify;\"> \tMaxim\u00e1lna v\u00fd\u0161ka finan\u010dn\u00fdch prostriedkov viazan\u00fdch na zverejnen\u00e9 ozn\u00e1menie je\u00a0<strong>100\u00a0000 eur.<\/strong><\/p>\n<p style=\"text-align: justify;\"> \tMinim\u00e1lna a\u00a0maxim\u00e1lna v\u00fd\u0161ka dot\u00e1cie, ktor\u00e1 bude poskytnut\u00e1 na jednu \u017eiados\u0165 o\u00a0poskytnutie dot\u00e1cie nie je vymedzen\u00e1, av\u0161ak na jedn\u00e9ho uch\u00e1dza\u010da m\u00f4\u017ee by\u0165 v\u00a0r\u00e1mci \u017eiadosti poskytnut\u00fdch\u00a0<strong>maxim\u00e1lne 16\u00a0000 eur\/6 mesiacov.\u00a0<\/strong>Obdobie \u010derpania finan\u010dn\u00fdch prostriedkov poskytnut\u00fdch v\u00a0r\u00e1mci dot\u00e1cie je\u00a0<strong>od marca 2014 do septembra 2014.<\/strong><\/p>\n<p style=\"text-align: justify;\"> \t<strong>\u017diadosti\u00a0<\/strong>o\u00a0poskytnutie dot\u00e1cie bud\u00fa prij\u00edman\u00e9\u00a0<strong>do 24.2.2014 do 14:00 hod.<\/strong><\/p>\n<p style=\"text-align: justify;\"> \tVyhodnocovanie \u017eiadost\u00ed o\u00a0poskytnutie dot\u00e1cie bude prebieha\u0165 v\u00a0obdob\u00ed<strong>\u00a0od 25.2.2014 do 21.3.2014.<\/strong><\/p>\n<p style=\"text-align: justify;\"> \t\u00a0<\/p>\n<p style=\"text-align: justify;\"> \t<strong>Viac inform\u00e1ci\u00ed n\u00e1jdete na:<\/strong><\/p>\n<ul>\n<li style=\"text-align: justify;\"> \t\t<a href=\"https:\/\/www.vedatechnika.sk\/SK\/dotacieVTsluzby\/Documents\/2014\/1_vlastny_material-Oznamenie-poskyt_dotacie.pdf\" target=\"_blank\" rel=\"noopener\">https:\/\/www.vedatechnika.sk\/SK\/dotacieVTsluzby\/Documents\/2014\/1_vlastny_material-Oznamenie-poskyt_dotacie.pdf<\/a><\/li>\n<li style=\"text-align: justify;\"> \t\t<a href=\"https:\/\/www.vedatechnika.sk\/SK\/dotacieVTsluzby\/Documents\/2014\/2_Priloha_1-oznamenie_poskyt_dotacie.pdf\" target=\"_blank\" rel=\"noopener\">https:\/\/www.vedatechnika.sk\/SK\/dotacieVTsluzby\/Documents\/2014\/2_Priloha_1-oznamenie_poskyt_dotacie.pdf<\/a><\/li>\n<\/ul>\n","protected":false},"excerpt":{"rendered":"<p>Ministerstvo \u0161kolstva, vedy, v\u00fdskumu a\u00a0\u0161portu SR poskytne dot\u00e1cie na medzin\u00e1rodn\u00fa vedecko-technick\u00fa spolupr\u00e1cu: v\u00a0Eur\u00f3pskej organiz\u00e1cii pre jadrov\u00fd v\u00fdskum \u2013\u00a0CERN v\u00a0\u017deneve, Spojenom \u00fastave jadrov\u00e9ho v\u00fdskumu \u2013\u00a0SUJV Dubna\u00a0a\u00a0v\u00a0Medzin\u00e1rodnom centre pre genetick\u00e9 in\u017einierstvo a\u00a0biotechnol\u00f3gie \u2013\u00a0ICGEB v\u00a0Terste, v\u00a0centre Eur\u00f3pskeho laseru vo\u013en\u00fdch elektr\u00f3nov, s.r.o. \u2013\u00a0European XFEL, neziskovej s.r.o. v\u00a0Hamburgu a\u00a0vo v\u00fdskumn\u00fdch centr\u00e1ch infra\u0161trukt\u00far Eur\u00f3pskeho strategick\u00e9ho f\u00f3ra o\u00a0v\u00fdskumn\u00fdch infra\u0161trukt\u00farach (ESFRI Roadmap). Na &hellip; <a href=\"https:\/\/www.upjs.sk\/prirodovedecka-fakulta\/podpora-projektov\/10108-2\/\">\u010c\u00edta\u0165 \u010falej<\/a><\/p>\n","protected":false},"author":1,"featured_media":0,"parent":17288,"menu_order":14,"comment_status":"closed","ping_status":"closed","template":"","meta":{"_acf_changed":false,"_editorskit_title_hidden":false,"_editorskit_reading_time":0,"_editorskit_is_block_options_detached":false,"_editorskit_block_options_position":"{}","footnotes":""},"categories":[],"tags":[],"class_list":["post-19602","page","type-page","status-publish","hentry"],"acf":{"acf_link_na_externy_obsah":""},"yoast_head":"<!-- This site is optimized with the Yoast SEO plugin v27.4 - https:\/\/yoast.com\/product\/yoast-seo-wordpress\/ -->\n<title>Predkladanie \u017eiadost\u00ed k poskytovaniu dot\u00e1ci\u00ed na \u010dinnosti podporuj\u00face medzin\u00e1rodn\u00fa vedecko-technick\u00fa spolupr\u00e1cu v eur\u00f3pskom v\u00fdskumnom priestore formou st\u00e1\u017eov\u00fdch pobytov \u0161tudentov, doktorandov a postdoktorandov - Pr\u00edrodovedeck\u00e1 fakulta | UPJ\u0160<\/title>\n<meta name=\"robots\" content=\"index, follow, max-snippet:-1, max-image-preview:large, max-video-preview:-1\" \/>\n<link rel=\"canonical\" href=\"https:\/\/www.upjs.sk\/prirodovedecka-fakulta\/podpora-projektov\/10108-2\/\" \/>\n<meta property=\"og:locale\" content=\"sk_SK\" \/>\n<meta property=\"og:type\" content=\"article\" \/>\n<meta property=\"og:title\" content=\"Predkladanie \u017eiadost\u00ed k poskytovaniu dot\u00e1ci\u00ed na \u010dinnosti podporuj\u00face medzin\u00e1rodn\u00fa vedecko-technick\u00fa spolupr\u00e1cu v eur\u00f3pskom v\u00fdskumnom priestore formou st\u00e1\u017eov\u00fdch pobytov \u0161tudentov, doktorandov a postdoktorandov - Pr\u00edrodovedeck\u00e1 fakulta | UPJ\u0160\" \/>\n<meta property=\"og:description\" content=\"Ministerstvo \u0161kolstva, vedy, v\u00fdskumu a\u00a0\u0161portu SR poskytne dot\u00e1cie na medzin\u00e1rodn\u00fa vedecko-technick\u00fa spolupr\u00e1cu: v\u00a0Eur\u00f3pskej organiz\u00e1cii pre jadrov\u00fd v\u00fdskum \u2013\u00a0CERN v\u00a0\u017deneve, Spojenom \u00fastave jadrov\u00e9ho v\u00fdskumu \u2013\u00a0SUJV Dubna\u00a0a\u00a0v\u00a0Medzin\u00e1rodnom centre pre genetick\u00e9 in\u017einierstvo a\u00a0biotechnol\u00f3gie \u2013\u00a0ICGEB v\u00a0Terste, v\u00a0centre Eur\u00f3pskeho laseru vo\u013en\u00fdch elektr\u00f3nov, s.r.o. \u2013\u00a0European XFEL, neziskovej s.r.o. v\u00a0Hamburgu a\u00a0vo v\u00fdskumn\u00fdch centr\u00e1ch infra\u0161trukt\u00far Eur\u00f3pskeho strategick\u00e9ho f\u00f3ra o\u00a0v\u00fdskumn\u00fdch infra\u0161trukt\u00farach (ESFRI Roadmap). Na &hellip; \u010c\u00edta\u0165 \u010falej\" \/>\n<meta property=\"og:url\" content=\"https:\/\/www.upjs.sk\/prirodovedecka-fakulta\/podpora-projektov\/10108-2\/\" \/>\n<meta property=\"og:site_name\" content=\"Pr\u00edrodovedeck\u00e1 fakulta | UPJ\u0160\" \/>\n<meta property=\"article:modified_time\" content=\"2022-10-26T08:15:01+00:00\" \/>\n<meta name=\"twitter:card\" content=\"summary_large_image\" \/>\n<meta name=\"twitter:label1\" content=\"Predpokladan\u00fd \u010das \u010d\u00edtania\" \/>\n\t<meta name=\"twitter:data1\" content=\"2 min\u00faty\" \/>\n<script type=\"application\/ld+json\" class=\"yoast-schema-graph\">{\"@context\":\"https:\\\/\\\/schema.org\",\"@graph\":[{\"@type\":\"WebPage\",\"@id\":\"https:\\\/\\\/www.upjs.sk\\\/prirodovedecka-fakulta\\\/podpora-projektov\\\/10108-2\\\/\",\"url\":\"https:\\\/\\\/www.upjs.sk\\\/prirodovedecka-fakulta\\\/podpora-projektov\\\/10108-2\\\/\",\"name\":\"Predkladanie \u017eiadost\u00ed k poskytovaniu dot\u00e1ci\u00ed na \u010dinnosti podporuj\u00face medzin\u00e1rodn\u00fa vedecko-technick\u00fa spolupr\u00e1cu v eur\u00f3pskom v\u00fdskumnom priestore formou st\u00e1\u017eov\u00fdch pobytov \u0161tudentov, doktorandov a postdoktorandov - Pr\u00edrodovedeck\u00e1 fakulta | UPJ\u0160\",\"isPartOf\":{\"@id\":\"https:\\\/\\\/www.upjs.sk\\\/prirodovedecka-fakulta\\\/#website\"},\"datePublished\":\"2014-01-27T08:59:24+00:00\",\"dateModified\":\"2022-10-26T08:15:01+00:00\",\"breadcrumb\":{\"@id\":\"https:\\\/\\\/www.upjs.sk\\\/prirodovedecka-fakulta\\\/podpora-projektov\\\/10108-2\\\/#breadcrumb\"},\"inLanguage\":\"sk-SK\",\"potentialAction\":[{\"@type\":\"ReadAction\",\"target\":[\"https:\\\/\\\/www.upjs.sk\\\/prirodovedecka-fakulta\\\/podpora-projektov\\\/10108-2\\\/\"]}]},{\"@type\":\"BreadcrumbList\",\"@id\":\"https:\\\/\\\/www.upjs.sk\\\/prirodovedecka-fakulta\\\/podpora-projektov\\\/10108-2\\\/#breadcrumb\",\"itemListElement\":[{\"@type\":\"ListItem\",\"position\":1,\"name\":\"Home\",\"item\":\"https:\\\/\\\/www.upjs.sk\\\/prirodovedecka-fakulta\\\/\"},{\"@type\":\"ListItem\",\"position\":2,\"name\":\"Podpora projektov\",\"item\":\"https:\\\/\\\/www.upjs.sk\\\/prirodovedecka-fakulta\\\/podpora-projektov\\\/\"},{\"@type\":\"ListItem\",\"position\":3,\"name\":\"Predkladanie \u017eiadost\u00ed k poskytovaniu dot\u00e1ci\u00ed na \u010dinnosti podporuj\u00face medzin\u00e1rodn\u00fa vedecko-technick\u00fa spolupr\u00e1cu v eur\u00f3pskom v\u00fdskumnom priestore formou st\u00e1\u017eov\u00fdch pobytov \u0161tudentov, doktorandov a postdoktorandov\"}]},{\"@type\":\"WebSite\",\"@id\":\"https:\\\/\\\/www.upjs.sk\\\/prirodovedecka-fakulta\\\/#website\",\"url\":\"https:\\\/\\\/www.upjs.sk\\\/prirodovedecka-fakulta\\\/\",\"name\":\"Pr\u00edrodovedeck\u00e1 fakulta | UPJ\u0160\",\"description\":\"\",\"publisher\":{\"@id\":\"https:\\\/\\\/www.upjs.sk\\\/prirodovedecka-fakulta\\\/#organization\"},\"potentialAction\":[{\"@type\":\"SearchAction\",\"target\":{\"@type\":\"EntryPoint\",\"urlTemplate\":\"https:\\\/\\\/www.upjs.sk\\\/prirodovedecka-fakulta\\\/?s={search_term_string}\"},\"query-input\":{\"@type\":\"PropertyValueSpecification\",\"valueRequired\":true,\"valueName\":\"search_term_string\"}}],\"inLanguage\":\"sk-SK\"},{\"@type\":\"Organization\",\"@id\":\"https:\\\/\\\/www.upjs.sk\\\/prirodovedecka-fakulta\\\/#organization\",\"name\":\"Pr\u00edrodovedeck\u00e1 fakulta | UPJ\u0160\",\"url\":\"https:\\\/\\\/www.upjs.sk\\\/prirodovedecka-fakulta\\\/\",\"logo\":{\"@type\":\"ImageObject\",\"inLanguage\":\"sk-SK\",\"@id\":\"https:\\\/\\\/www.upjs.sk\\\/prirodovedecka-fakulta\\\/#\\\/schema\\\/logo\\\/image\\\/\",\"url\":\"https:\\\/\\\/www.upjs.sk\\\/app\\\/uploads\\\/sites\\\/10\\\/2022\\\/09\\\/logo-prirodovedecka-fakulta.png\",\"contentUrl\":\"https:\\\/\\\/www.upjs.sk\\\/app\\\/uploads\\\/sites\\\/10\\\/2022\\\/09\\\/logo-prirodovedecka-fakulta.png\",\"width\":415,\"height\":87,\"caption\":\"Pr\u00edrodovedeck\u00e1 fakulta | UPJ\u0160\"},\"image\":{\"@id\":\"https:\\\/\\\/www.upjs.sk\\\/prirodovedecka-fakulta\\\/#\\\/schema\\\/logo\\\/image\\\/\"}}]}<\/script>\n<!-- \/ Yoast SEO plugin. -->","yoast_head_json":{"title":"Predkladanie \u017eiadost\u00ed k poskytovaniu dot\u00e1ci\u00ed na \u010dinnosti podporuj\u00face medzin\u00e1rodn\u00fa vedecko-technick\u00fa spolupr\u00e1cu v eur\u00f3pskom v\u00fdskumnom priestore formou st\u00e1\u017eov\u00fdch pobytov \u0161tudentov, doktorandov a postdoktorandov - Pr\u00edrodovedeck\u00e1 fakulta | UPJ\u0160","robots":{"index":"index","follow":"follow","max-snippet":"max-snippet:-1","max-image-preview":"max-image-preview:large","max-video-preview":"max-video-preview:-1"},"canonical":"https:\/\/www.upjs.sk\/prirodovedecka-fakulta\/podpora-projektov\/10108-2\/","og_locale":"sk_SK","og_type":"article","og_title":"Predkladanie \u017eiadost\u00ed k poskytovaniu dot\u00e1ci\u00ed na \u010dinnosti podporuj\u00face medzin\u00e1rodn\u00fa vedecko-technick\u00fa spolupr\u00e1cu v eur\u00f3pskom v\u00fdskumnom priestore formou st\u00e1\u017eov\u00fdch pobytov \u0161tudentov, doktorandov a postdoktorandov - Pr\u00edrodovedeck\u00e1 fakulta | UPJ\u0160","og_description":"Ministerstvo \u0161kolstva, vedy, v\u00fdskumu a\u00a0\u0161portu SR poskytne dot\u00e1cie na medzin\u00e1rodn\u00fa vedecko-technick\u00fa spolupr\u00e1cu: v\u00a0Eur\u00f3pskej organiz\u00e1cii pre jadrov\u00fd v\u00fdskum \u2013\u00a0CERN v\u00a0\u017deneve, Spojenom \u00fastave jadrov\u00e9ho v\u00fdskumu \u2013\u00a0SUJV Dubna\u00a0a\u00a0v\u00a0Medzin\u00e1rodnom centre pre genetick\u00e9 in\u017einierstvo a\u00a0biotechnol\u00f3gie \u2013\u00a0ICGEB v\u00a0Terste, v\u00a0centre Eur\u00f3pskeho laseru vo\u013en\u00fdch elektr\u00f3nov, s.r.o. \u2013\u00a0European XFEL, neziskovej s.r.o. v\u00a0Hamburgu a\u00a0vo v\u00fdskumn\u00fdch centr\u00e1ch infra\u0161trukt\u00far Eur\u00f3pskeho strategick\u00e9ho f\u00f3ra o\u00a0v\u00fdskumn\u00fdch infra\u0161trukt\u00farach (ESFRI Roadmap). Na &hellip; \u010c\u00edta\u0165 \u010falej","og_url":"https:\/\/www.upjs.sk\/prirodovedecka-fakulta\/podpora-projektov\/10108-2\/","og_site_name":"Pr\u00edrodovedeck\u00e1 fakulta | UPJ\u0160","article_modified_time":"2022-10-26T08:15:01+00:00","twitter_card":"summary_large_image","twitter_misc":{"Predpokladan\u00fd \u010das \u010d\u00edtania":"2 min\u00faty"},"schema":{"@context":"https:\/\/schema.org","@graph":[{"@type":"WebPage","@id":"https:\/\/www.upjs.sk\/prirodovedecka-fakulta\/podpora-projektov\/10108-2\/","url":"https:\/\/www.upjs.sk\/prirodovedecka-fakulta\/podpora-projektov\/10108-2\/","name":"Predkladanie \u017eiadost\u00ed k poskytovaniu dot\u00e1ci\u00ed na \u010dinnosti podporuj\u00face medzin\u00e1rodn\u00fa vedecko-technick\u00fa spolupr\u00e1cu v eur\u00f3pskom v\u00fdskumnom priestore formou st\u00e1\u017eov\u00fdch pobytov \u0161tudentov, doktorandov a postdoktorandov - Pr\u00edrodovedeck\u00e1 fakulta | UPJ\u0160","isPartOf":{"@id":"https:\/\/www.upjs.sk\/prirodovedecka-fakulta\/#website"},"datePublished":"2014-01-27T08:59:24+00:00","dateModified":"2022-10-26T08:15:01+00:00","breadcrumb":{"@id":"https:\/\/www.upjs.sk\/prirodovedecka-fakulta\/podpora-projektov\/10108-2\/#breadcrumb"},"inLanguage":"sk-SK","potentialAction":[{"@type":"ReadAction","target":["https:\/\/www.upjs.sk\/prirodovedecka-fakulta\/podpora-projektov\/10108-2\/"]}]},{"@type":"BreadcrumbList","@id":"https:\/\/www.upjs.sk\/prirodovedecka-fakulta\/podpora-projektov\/10108-2\/#breadcrumb","itemListElement":[{"@type":"ListItem","position":1,"name":"Home","item":"https:\/\/www.upjs.sk\/prirodovedecka-fakulta\/"},{"@type":"ListItem","position":2,"name":"Podpora projektov","item":"https:\/\/www.upjs.sk\/prirodovedecka-fakulta\/podpora-projektov\/"},{"@type":"ListItem","position":3,"name":"Predkladanie \u017eiadost\u00ed k poskytovaniu dot\u00e1ci\u00ed na \u010dinnosti podporuj\u00face medzin\u00e1rodn\u00fa vedecko-technick\u00fa spolupr\u00e1cu v eur\u00f3pskom v\u00fdskumnom priestore formou st\u00e1\u017eov\u00fdch pobytov \u0161tudentov, doktorandov a postdoktorandov"}]},{"@type":"WebSite","@id":"https:\/\/www.upjs.sk\/prirodovedecka-fakulta\/#website","url":"https:\/\/www.upjs.sk\/prirodovedecka-fakulta\/","name":"Pr\u00edrodovedeck\u00e1 fakulta | UPJ\u0160","description":"","publisher":{"@id":"https:\/\/www.upjs.sk\/prirodovedecka-fakulta\/#organization"},"potentialAction":[{"@type":"SearchAction","target":{"@type":"EntryPoint","urlTemplate":"https:\/\/www.upjs.sk\/prirodovedecka-fakulta\/?s={search_term_string}"},"query-input":{"@type":"PropertyValueSpecification","valueRequired":true,"valueName":"search_term_string"}}],"inLanguage":"sk-SK"},{"@type":"Organization","@id":"https:\/\/www.upjs.sk\/prirodovedecka-fakulta\/#organization","name":"Pr\u00edrodovedeck\u00e1 fakulta | UPJ\u0160","url":"https:\/\/www.upjs.sk\/prirodovedecka-fakulta\/","logo":{"@type":"ImageObject","inLanguage":"sk-SK","@id":"https:\/\/www.upjs.sk\/prirodovedecka-fakulta\/#\/schema\/logo\/image\/","url":"https:\/\/www.upjs.sk\/app\/uploads\/sites\/10\/2022\/09\/logo-prirodovedecka-fakulta.png","contentUrl":"https:\/\/www.upjs.sk\/app\/uploads\/sites\/10\/2022\/09\/logo-prirodovedecka-fakulta.png","width":415,"height":87,"caption":"Pr\u00edrodovedeck\u00e1 fakulta | UPJ\u0160"},"image":{"@id":"https:\/\/www.upjs.sk\/prirodovedecka-fakulta\/#\/schema\/logo\/image\/"}}]}},"_links":{"self":[{"href":"https:\/\/www.upjs.sk\/prirodovedecka-fakulta\/wp-json\/wp\/v2\/pages\/19602","targetHints":{"allow":["GET"]}}],"collection":[{"href":"https:\/\/www.upjs.sk\/prirodovedecka-fakulta\/wp-json\/wp\/v2\/pages"}],"about":[{"href":"https:\/\/www.upjs.sk\/prirodovedecka-fakulta\/wp-json\/wp\/v2\/types\/page"}],"author":[{"embeddable":true,"href":"https:\/\/www.upjs.sk\/prirodovedecka-fakulta\/wp-json\/wp\/v2\/users\/1"}],"replies":[{"embeddable":true,"href":"https:\/\/www.upjs.sk\/prirodovedecka-fakulta\/wp-json\/wp\/v2\/comments?post=19602"}],"version-history":[{"count":1,"href":"https:\/\/www.upjs.sk\/prirodovedecka-fakulta\/wp-json\/wp\/v2\/pages\/19602\/revisions"}],"predecessor-version":[{"id":19991,"href":"https:\/\/www.upjs.sk\/prirodovedecka-fakulta\/wp-json\/wp\/v2\/pages\/19602\/revisions\/19991"}],"up":[{"embeddable":true,"href":"https:\/\/www.upjs.sk\/prirodovedecka-fakulta\/wp-json\/wp\/v2\/pages\/17288"}],"wp:attachment":[{"href":"https:\/\/www.upjs.sk\/prirodovedecka-fakulta\/wp-json\/wp\/v2\/media?parent=19602"}],"wp:term":[{"taxonomy":"category","embeddable":true,"href":"https:\/\/www.upjs.sk\/prirodovedecka-fakulta\/wp-json\/wp\/v2\/categories?post=19602"},{"taxonomy":"post_tag","embeddable":true,"href":"https:\/\/www.upjs.sk\/prirodovedecka-fakulta\/wp-json\/wp\/v2\/tags?post=19602"}],"curies":[{"name":"wp","href":"https:\/\/api.w.org\/{rel}","templated":true}]}}