{"id":19604,"date":"2014-02-27T00:49:49","date_gmt":"2014-02-27T00:49:49","guid":{"rendered":"https:\/\/www.upjs.sk\/prirodovedecka-fakulta\/podpora-projektov\/10217-2\/"},"modified":"2022-10-26T08:15:02","modified_gmt":"2022-10-26T08:15:02","slug":"10217-2","status":"publish","type":"page","link":"https:\/\/www.upjs.sk\/prirodovedecka-fakulta\/podpora-projektov\/10217-2\/","title":{"rendered":"Harmonogram \u010dinnost\u00ed KEGA v roku 2014 a v 1. kvart\u00e1li 2015"},"content":{"rendered":"<table border=\"1\" cellpadding=\"0\" cellspacing=\"0\">\n<tbody>\n<tr>\n<td style=\"width:300px;\">\n<p> \t\t\t\t\t<strong>\u010cinnos\u0165 <\/strong><\/p>\n<\/td>\n<td style=\"width:180px;\">\n<p> \t\t\t\t\t<strong>Term\u00edn <\/strong><\/p>\n<\/td>\n<td style=\"width:134px;\">\n<p> \t\t\t\t\t<strong>Mesiac <\/strong><\/p>\n<\/td>\n<\/tr>\n<tr>\n<td style=\"width:300px;\">\n<p> \t\t\t\t\t<strong>Pre pod\u00e1vate\u013eov projektov KEGA<\/strong> \u2013\u00a0 zverejnenie v\u00fdzvy na pod\u00e1vanie \u017eiadost\u00ed o dot\u00e1ciu KEGA so za\u010diatkom rie\u0161enia v roku 2015<\/p>\n<\/td>\n<td style=\"width:180px;\">\n<p> \t\t\t\t\t<strong>\u00a0do 30. 4. 2014<\/strong><\/p>\n<\/td>\n<td style=\"width:134px;\">\n<p> \t\t\t\t\t\u00a0<strong>marec\/apr\u00edl 2014<\/strong><\/p>\n<\/td>\n<\/tr>\n<tr>\n<td style=\"width:300px;\">\n<p> \t\t\t\t\t<strong>Komisie KEGA<\/strong> \u2013 1. kolo hodnotenia \u017eiadost\u00ed so za\u010diatkom rie\u0161enia v roku 2015<\/p>\n<\/td>\n<td style=\"width:180px;\">\n<p> \t\t\t\t\t\u00a0&#8211;<\/p>\n<\/td>\n<td style=\"width:134px;\">\n<p> \t\t\t\t\tm\u00e1j\/j\u00fan 2014<\/p>\n<\/td>\n<\/tr>\n<tr>\n<td style=\"width:300px;\">\n<p> \t\t\t\t\t<strong>Predsedn\u00edctvo KEGA<\/strong> \u2013 schv\u00e1lenie hodnotenia nov\u00fdch projektov so za\u010diatkom rie\u0161enia v roku 2015 po 1. kole v\u00fdberu projektov<\/p>\n<\/td>\n<td style=\"width:180px;\">\n<p> \t\t\t\t\tpo ukon\u010den\u00ed zasadnut\u00ed v\u0161etk\u00fdch komisi\u00ed<\/p>\n<\/td>\n<td style=\"width:134px;\">\n<p> \t\t\t\t\t&#8211;<\/p>\n<\/td>\n<\/tr>\n<tr>\n<td style=\"width:300px;\">\n<p> \t\t\t\t\t<strong>Ved\u00faci projektov KEGA<\/strong> \u2013 pod\u00e1vanie ro\u010dn\u00fdch spr\u00e1v rie\u0161en\u00fdch projektov v roku 2014<\/p>\n<\/td>\n<td style=\"width:180px;\">\n<p> \t\t\t\t\tdo 14. 11. 2014<\/p>\n<\/td>\n<td style=\"width:134px;\">\n<p> \t\t\t\t\tnovember 2014<\/p>\n<\/td>\n<\/tr>\n<tr>\n<td style=\"width:300px;\">\n<p> \t\t\t\t\t<strong>Komisie KEGA<\/strong> \u2013 2. kolo hodnotenia \u017eiadost\u00ed so za\u010diatkom rie\u0161enia v roku 2015 po 2. kole v\u00fdberu projektov a hodnotenie ro\u010dn\u00fdch spr\u00e1v rie\u0161en\u00fdch projektov v roku 2014<\/p>\n<\/td>\n<td style=\"width:180px;\">\n<p> \t\t\t\t\t\u00a0&#8211;<\/p>\n<\/td>\n<td style=\"width:134px;\">\n<p> \t\t\t\t\tdecember 2014<\/p>\n<\/td>\n<\/tr>\n<tr>\n<td style=\"width:300px;\">\n<p> \t\t\t\t\t<strong>Predsedn\u00edctvo KEGA<\/strong> \u2013 schv\u00e1lenie hodnotenia nov\u00fdch projektov so za\u010diatkom rie\u0161enia v roku 2015 a rie\u0161en\u00fdch projektov v roku 2014<\/p>\n<\/td>\n<td style=\"width:180px;\">\n<p> \t\t\t\t\tpo ukon\u010den\u00ed zasadnut\u00ed v\u0161etk\u00fdch komisi\u00ed<\/p>\n<\/td>\n<td style=\"width:134px;\">\n<p> \t\t\t\t\t&#8211;<\/p>\n<\/td>\n<\/tr>\n<tr>\n<td style=\"width:300px;\">\n<p> \t\t\t\t\t<strong>Ved\u00faci projektov KEGA<\/strong> \u2013 pod\u00e1vanie z\u00e1vere\u010dn\u00fdch spr\u00e1v projektov, ktor\u00fdch rie\u0161enie sa skon\u010dilo v roku 2014<\/p>\n<\/td>\n<td style=\"width:180px;\">\n<p> \t\t\t\t\tdo 16. 1. 2015<\/p>\n<\/td>\n<td style=\"width:134px;\">\n<p> \t\t\t\t\tjanu\u00e1r 2015<\/p>\n<\/td>\n<\/tr>\n<tr>\n<td style=\"width:300px;\">\n<p> \t\t\t\t\t<strong>Spr\u00e1vca agendy KEGA<\/strong> \u2013 rozpis dot\u00e1ci\u00ed na nov\u00e9 a pokra\u010duj\u00face projekty na rok 2015<\/p>\n<\/td>\n<td style=\"width:180px;\">\n<p> \t\t\t\t\tv s\u00falade s term\u00ednom ur\u010den\u00fdm MF SR\u00a0<\/p>\n<\/td>\n<td style=\"width:134px;\">\n<p> \t\t\t\t\t&#8211;<\/p>\n<\/td>\n<\/tr>\n<tr>\n<td style=\"width:300px;\">\n<p> \t\t\t\t\t<strong>Komisie KEGA<\/strong> \u2013 hodnotenie kon\u010diacich projektov v roku 2014<\/p>\n<\/td>\n<td style=\"width:180px;\">\n<p> \t\t\t\t\t&#8211;<\/p>\n<\/td>\n<td style=\"width:134px;\">\n<p> \t\t\t\t\tfebru\u00e1r\/marec 2015<\/p>\n<\/td>\n<\/tr>\n<tr>\n<td style=\"width:300px;\">\n<p> \t\t\t\t\t<strong>Predsedn\u00edctvo KEGA<\/strong> \u2013 schv\u00e1lenie hodnotenia kon\u010diacich projektov v roku 2014<\/p>\n<\/td>\n<td style=\"width:180px;\">\n<p> \t\t\t\t\tpo ukon\u010den\u00ed zasadnut\u00ed v\u0161etk\u00fdch komisi\u00ed<\/p>\n<\/td>\n<td style=\"width:134px;\">\n<p> \t\t\t\t\t&#8211;<\/p>\n<\/td>\n<\/tr>\n<\/tbody>\n<\/table>\n<p> \t\u00a0<\/p>\n<p> \t<a href=\"http:\/\/www.minedu.sk\/aktualne-informacie-a-pokyny-pre-veducich-riesitelov-projektov-kega\/\" target=\"_blank\" rel=\"noopener\">\u010eal\u0161ie inform\u00e1cie<\/a><\/p>\n","protected":false},"excerpt":{"rendered":"<p>\u010cinnos\u0165 Term\u00edn Mesiac Pre pod\u00e1vate\u013eov projektov KEGA \u2013\u00a0 zverejnenie v\u00fdzvy na pod\u00e1vanie \u017eiadost\u00ed o dot\u00e1ciu KEGA so za\u010diatkom rie\u0161enia v roku 2015 \u00a0do 30. 4. 2014 \u00a0marec\/apr\u00edl 2014 Komisie KEGA \u2013 1. kolo hodnotenia \u017eiadost\u00ed so za\u010diatkom rie\u0161enia v roku 2015 \u00a0&#8211; m\u00e1j\/j\u00fan 2014 Predsedn\u00edctvo KEGA \u2013 schv\u00e1lenie hodnotenia nov\u00fdch projektov so za\u010diatkom rie\u0161enia v &hellip; <a href=\"https:\/\/www.upjs.sk\/prirodovedecka-fakulta\/podpora-projektov\/10217-2\/\">\u010c\u00edta\u0165 \u010falej<\/a><\/p>\n","protected":false},"author":1,"featured_media":0,"parent":17288,"menu_order":16,"comment_status":"closed","ping_status":"closed","template":"","meta":{"_acf_changed":false,"_editorskit_title_hidden":false,"_editorskit_reading_time":0,"_editorskit_is_block_options_detached":false,"_editorskit_block_options_position":"{}","footnotes":""},"categories":[],"tags":[],"class_list":["post-19604","page","type-page","status-publish","hentry"],"acf":{"acf_link_na_externy_obsah":""},"yoast_head":"<!-- This site is optimized with the Yoast SEO plugin v27.4 - https:\/\/yoast.com\/product\/yoast-seo-wordpress\/ -->\n<title>Harmonogram \u010dinnost\u00ed KEGA v roku 2014 a v 1. kvart\u00e1li 2015 - Pr\u00edrodovedeck\u00e1 fakulta | UPJ\u0160<\/title>\n<meta name=\"robots\" content=\"index, follow, max-snippet:-1, max-image-preview:large, max-video-preview:-1\" \/>\n<link rel=\"canonical\" href=\"https:\/\/www.upjs.sk\/prirodovedecka-fakulta\/podpora-projektov\/10217-2\/\" \/>\n<meta property=\"og:locale\" content=\"sk_SK\" \/>\n<meta property=\"og:type\" content=\"article\" \/>\n<meta property=\"og:title\" content=\"Harmonogram \u010dinnost\u00ed KEGA v roku 2014 a v 1. kvart\u00e1li 2015 - Pr\u00edrodovedeck\u00e1 fakulta | UPJ\u0160\" \/>\n<meta property=\"og:description\" content=\"\u010cinnos\u0165 Term\u00edn Mesiac Pre pod\u00e1vate\u013eov projektov KEGA \u2013\u00a0 zverejnenie v\u00fdzvy na pod\u00e1vanie \u017eiadost\u00ed o dot\u00e1ciu KEGA so za\u010diatkom rie\u0161enia v roku 2015 \u00a0do 30. 4. 2014 \u00a0marec\/apr\u00edl 2014 Komisie KEGA \u2013 1. kolo hodnotenia \u017eiadost\u00ed so za\u010diatkom rie\u0161enia v roku 2015 \u00a0&#8211; m\u00e1j\/j\u00fan 2014 Predsedn\u00edctvo KEGA \u2013 schv\u00e1lenie hodnotenia nov\u00fdch projektov so za\u010diatkom rie\u0161enia v &hellip; \u010c\u00edta\u0165 \u010falej\" \/>\n<meta property=\"og:url\" content=\"https:\/\/www.upjs.sk\/prirodovedecka-fakulta\/podpora-projektov\/10217-2\/\" \/>\n<meta property=\"og:site_name\" content=\"Pr\u00edrodovedeck\u00e1 fakulta | UPJ\u0160\" \/>\n<meta property=\"article:modified_time\" content=\"2022-10-26T08:15:02+00:00\" \/>\n<meta name=\"twitter:card\" content=\"summary_large_image\" \/>\n<meta name=\"twitter:label1\" content=\"Predpokladan\u00fd \u010das \u010d\u00edtania\" \/>\n\t<meta name=\"twitter:data1\" content=\"1 min\u00fata\" \/>\n<script type=\"application\/ld+json\" class=\"yoast-schema-graph\">{\"@context\":\"https:\\\/\\\/schema.org\",\"@graph\":[{\"@type\":\"WebPage\",\"@id\":\"https:\\\/\\\/www.upjs.sk\\\/prirodovedecka-fakulta\\\/podpora-projektov\\\/10217-2\\\/\",\"url\":\"https:\\\/\\\/www.upjs.sk\\\/prirodovedecka-fakulta\\\/podpora-projektov\\\/10217-2\\\/\",\"name\":\"Harmonogram \u010dinnost\u00ed KEGA v roku 2014 a v 1. kvart\u00e1li 2015 - Pr\u00edrodovedeck\u00e1 fakulta | UPJ\u0160\",\"isPartOf\":{\"@id\":\"https:\\\/\\\/www.upjs.sk\\\/prirodovedecka-fakulta\\\/#website\"},\"datePublished\":\"2014-02-27T00:49:49+00:00\",\"dateModified\":\"2022-10-26T08:15:02+00:00\",\"breadcrumb\":{\"@id\":\"https:\\\/\\\/www.upjs.sk\\\/prirodovedecka-fakulta\\\/podpora-projektov\\\/10217-2\\\/#breadcrumb\"},\"inLanguage\":\"sk-SK\",\"potentialAction\":[{\"@type\":\"ReadAction\",\"target\":[\"https:\\\/\\\/www.upjs.sk\\\/prirodovedecka-fakulta\\\/podpora-projektov\\\/10217-2\\\/\"]}]},{\"@type\":\"BreadcrumbList\",\"@id\":\"https:\\\/\\\/www.upjs.sk\\\/prirodovedecka-fakulta\\\/podpora-projektov\\\/10217-2\\\/#breadcrumb\",\"itemListElement\":[{\"@type\":\"ListItem\",\"position\":1,\"name\":\"Home\",\"item\":\"https:\\\/\\\/www.upjs.sk\\\/prirodovedecka-fakulta\\\/\"},{\"@type\":\"ListItem\",\"position\":2,\"name\":\"Podpora projektov\",\"item\":\"https:\\\/\\\/www.upjs.sk\\\/prirodovedecka-fakulta\\\/podpora-projektov\\\/\"},{\"@type\":\"ListItem\",\"position\":3,\"name\":\"Harmonogram \u010dinnost\u00ed KEGA v roku 2014 a v 1. kvart\u00e1li 2015\"}]},{\"@type\":\"WebSite\",\"@id\":\"https:\\\/\\\/www.upjs.sk\\\/prirodovedecka-fakulta\\\/#website\",\"url\":\"https:\\\/\\\/www.upjs.sk\\\/prirodovedecka-fakulta\\\/\",\"name\":\"Pr\u00edrodovedeck\u00e1 fakulta | UPJ\u0160\",\"description\":\"\",\"publisher\":{\"@id\":\"https:\\\/\\\/www.upjs.sk\\\/prirodovedecka-fakulta\\\/#organization\"},\"potentialAction\":[{\"@type\":\"SearchAction\",\"target\":{\"@type\":\"EntryPoint\",\"urlTemplate\":\"https:\\\/\\\/www.upjs.sk\\\/prirodovedecka-fakulta\\\/?s={search_term_string}\"},\"query-input\":{\"@type\":\"PropertyValueSpecification\",\"valueRequired\":true,\"valueName\":\"search_term_string\"}}],\"inLanguage\":\"sk-SK\"},{\"@type\":\"Organization\",\"@id\":\"https:\\\/\\\/www.upjs.sk\\\/prirodovedecka-fakulta\\\/#organization\",\"name\":\"Pr\u00edrodovedeck\u00e1 fakulta | UPJ\u0160\",\"url\":\"https:\\\/\\\/www.upjs.sk\\\/prirodovedecka-fakulta\\\/\",\"logo\":{\"@type\":\"ImageObject\",\"inLanguage\":\"sk-SK\",\"@id\":\"https:\\\/\\\/www.upjs.sk\\\/prirodovedecka-fakulta\\\/#\\\/schema\\\/logo\\\/image\\\/\",\"url\":\"https:\\\/\\\/www.upjs.sk\\\/app\\\/uploads\\\/sites\\\/10\\\/2022\\\/09\\\/logo-prirodovedecka-fakulta.png\",\"contentUrl\":\"https:\\\/\\\/www.upjs.sk\\\/app\\\/uploads\\\/sites\\\/10\\\/2022\\\/09\\\/logo-prirodovedecka-fakulta.png\",\"width\":415,\"height\":87,\"caption\":\"Pr\u00edrodovedeck\u00e1 fakulta | UPJ\u0160\"},\"image\":{\"@id\":\"https:\\\/\\\/www.upjs.sk\\\/prirodovedecka-fakulta\\\/#\\\/schema\\\/logo\\\/image\\\/\"}}]}<\/script>\n<!-- \/ Yoast SEO plugin. -->","yoast_head_json":{"title":"Harmonogram \u010dinnost\u00ed KEGA v roku 2014 a v 1. kvart\u00e1li 2015 - Pr\u00edrodovedeck\u00e1 fakulta | UPJ\u0160","robots":{"index":"index","follow":"follow","max-snippet":"max-snippet:-1","max-image-preview":"max-image-preview:large","max-video-preview":"max-video-preview:-1"},"canonical":"https:\/\/www.upjs.sk\/prirodovedecka-fakulta\/podpora-projektov\/10217-2\/","og_locale":"sk_SK","og_type":"article","og_title":"Harmonogram \u010dinnost\u00ed KEGA v roku 2014 a v 1. kvart\u00e1li 2015 - Pr\u00edrodovedeck\u00e1 fakulta | UPJ\u0160","og_description":"\u010cinnos\u0165 Term\u00edn Mesiac Pre pod\u00e1vate\u013eov projektov KEGA \u2013\u00a0 zverejnenie v\u00fdzvy na pod\u00e1vanie \u017eiadost\u00ed o dot\u00e1ciu KEGA so za\u010diatkom rie\u0161enia v roku 2015 \u00a0do 30. 4. 2014 \u00a0marec\/apr\u00edl 2014 Komisie KEGA \u2013 1. kolo hodnotenia \u017eiadost\u00ed so za\u010diatkom rie\u0161enia v roku 2015 \u00a0&#8211; m\u00e1j\/j\u00fan 2014 Predsedn\u00edctvo KEGA \u2013 schv\u00e1lenie hodnotenia nov\u00fdch projektov so za\u010diatkom rie\u0161enia v &hellip; \u010c\u00edta\u0165 \u010falej","og_url":"https:\/\/www.upjs.sk\/prirodovedecka-fakulta\/podpora-projektov\/10217-2\/","og_site_name":"Pr\u00edrodovedeck\u00e1 fakulta | UPJ\u0160","article_modified_time":"2022-10-26T08:15:02+00:00","twitter_card":"summary_large_image","twitter_misc":{"Predpokladan\u00fd \u010das \u010d\u00edtania":"1 min\u00fata"},"schema":{"@context":"https:\/\/schema.org","@graph":[{"@type":"WebPage","@id":"https:\/\/www.upjs.sk\/prirodovedecka-fakulta\/podpora-projektov\/10217-2\/","url":"https:\/\/www.upjs.sk\/prirodovedecka-fakulta\/podpora-projektov\/10217-2\/","name":"Harmonogram \u010dinnost\u00ed KEGA v roku 2014 a v 1. kvart\u00e1li 2015 - Pr\u00edrodovedeck\u00e1 fakulta | UPJ\u0160","isPartOf":{"@id":"https:\/\/www.upjs.sk\/prirodovedecka-fakulta\/#website"},"datePublished":"2014-02-27T00:49:49+00:00","dateModified":"2022-10-26T08:15:02+00:00","breadcrumb":{"@id":"https:\/\/www.upjs.sk\/prirodovedecka-fakulta\/podpora-projektov\/10217-2\/#breadcrumb"},"inLanguage":"sk-SK","potentialAction":[{"@type":"ReadAction","target":["https:\/\/www.upjs.sk\/prirodovedecka-fakulta\/podpora-projektov\/10217-2\/"]}]},{"@type":"BreadcrumbList","@id":"https:\/\/www.upjs.sk\/prirodovedecka-fakulta\/podpora-projektov\/10217-2\/#breadcrumb","itemListElement":[{"@type":"ListItem","position":1,"name":"Home","item":"https:\/\/www.upjs.sk\/prirodovedecka-fakulta\/"},{"@type":"ListItem","position":2,"name":"Podpora projektov","item":"https:\/\/www.upjs.sk\/prirodovedecka-fakulta\/podpora-projektov\/"},{"@type":"ListItem","position":3,"name":"Harmonogram \u010dinnost\u00ed KEGA v roku 2014 a v 1. kvart\u00e1li 2015"}]},{"@type":"WebSite","@id":"https:\/\/www.upjs.sk\/prirodovedecka-fakulta\/#website","url":"https:\/\/www.upjs.sk\/prirodovedecka-fakulta\/","name":"Pr\u00edrodovedeck\u00e1 fakulta | UPJ\u0160","description":"","publisher":{"@id":"https:\/\/www.upjs.sk\/prirodovedecka-fakulta\/#organization"},"potentialAction":[{"@type":"SearchAction","target":{"@type":"EntryPoint","urlTemplate":"https:\/\/www.upjs.sk\/prirodovedecka-fakulta\/?s={search_term_string}"},"query-input":{"@type":"PropertyValueSpecification","valueRequired":true,"valueName":"search_term_string"}}],"inLanguage":"sk-SK"},{"@type":"Organization","@id":"https:\/\/www.upjs.sk\/prirodovedecka-fakulta\/#organization","name":"Pr\u00edrodovedeck\u00e1 fakulta | UPJ\u0160","url":"https:\/\/www.upjs.sk\/prirodovedecka-fakulta\/","logo":{"@type":"ImageObject","inLanguage":"sk-SK","@id":"https:\/\/www.upjs.sk\/prirodovedecka-fakulta\/#\/schema\/logo\/image\/","url":"https:\/\/www.upjs.sk\/app\/uploads\/sites\/10\/2022\/09\/logo-prirodovedecka-fakulta.png","contentUrl":"https:\/\/www.upjs.sk\/app\/uploads\/sites\/10\/2022\/09\/logo-prirodovedecka-fakulta.png","width":415,"height":87,"caption":"Pr\u00edrodovedeck\u00e1 fakulta | UPJ\u0160"},"image":{"@id":"https:\/\/www.upjs.sk\/prirodovedecka-fakulta\/#\/schema\/logo\/image\/"}}]}},"_links":{"self":[{"href":"https:\/\/www.upjs.sk\/prirodovedecka-fakulta\/wp-json\/wp\/v2\/pages\/19604","targetHints":{"allow":["GET"]}}],"collection":[{"href":"https:\/\/www.upjs.sk\/prirodovedecka-fakulta\/wp-json\/wp\/v2\/pages"}],"about":[{"href":"https:\/\/www.upjs.sk\/prirodovedecka-fakulta\/wp-json\/wp\/v2\/types\/page"}],"author":[{"embeddable":true,"href":"https:\/\/www.upjs.sk\/prirodovedecka-fakulta\/wp-json\/wp\/v2\/users\/1"}],"replies":[{"embeddable":true,"href":"https:\/\/www.upjs.sk\/prirodovedecka-fakulta\/wp-json\/wp\/v2\/comments?post=19604"}],"version-history":[{"count":1,"href":"https:\/\/www.upjs.sk\/prirodovedecka-fakulta\/wp-json\/wp\/v2\/pages\/19604\/revisions"}],"predecessor-version":[{"id":19993,"href":"https:\/\/www.upjs.sk\/prirodovedecka-fakulta\/wp-json\/wp\/v2\/pages\/19604\/revisions\/19993"}],"up":[{"embeddable":true,"href":"https:\/\/www.upjs.sk\/prirodovedecka-fakulta\/wp-json\/wp\/v2\/pages\/17288"}],"wp:attachment":[{"href":"https:\/\/www.upjs.sk\/prirodovedecka-fakulta\/wp-json\/wp\/v2\/media?parent=19604"}],"wp:term":[{"taxonomy":"category","embeddable":true,"href":"https:\/\/www.upjs.sk\/prirodovedecka-fakulta\/wp-json\/wp\/v2\/categories?post=19604"},{"taxonomy":"post_tag","embeddable":true,"href":"https:\/\/www.upjs.sk\/prirodovedecka-fakulta\/wp-json\/wp\/v2\/tags?post=19604"}],"curies":[{"name":"wp","href":"https:\/\/api.w.org\/{rel}","templated":true}]}}