{"id":19608,"date":"2015-01-07T10:04:15","date_gmt":"2015-01-07T10:04:15","guid":{"rendered":"https:\/\/www.upjs.sk\/prirodovedecka-fakulta\/podpora-projektov\/10893-2\/"},"modified":"2022-10-26T08:15:03","modified_gmt":"2022-10-26T08:15:03","slug":"10893-2","status":"publish","type":"page","link":"https:\/\/www.upjs.sk\/prirodovedecka-fakulta\/podpora-projektov\/10893-2\/","title":{"rendered":"Pod\u00e1vanie ro\u010dn\u00fdch spr\u00e1v pokra\u010duj\u00facich projektov a z\u00e1vere\u010dn\u00fdch spr\u00e1v kon\u010diacich projektov KEGA v roku 2014"},"content":{"rendered":"<p> \tTerm\u00edny pod\u00e1vania spr\u00e1v:<\/p>\n<ul>\n<li> \t\tro\u010dn\u00e9 spr\u00e1vy &#8211; <strong>do 14.11.2014 do 14.00 hod.<\/strong><\/li>\n<li> \t\tz\u00e1vere\u010dn\u00e9 spr\u00e1vy kon\u010diacich projektov &#8211; <strong>do 16.1.2015 do 14.00 hod. <\/strong><\/li>\n<\/ul>\n<p style=\"text-align: justify\"> \tVed\u00faci projektu KEGA, ktor\u00fd <strong>pokra\u010duje v rie\u0161en\u00ed <\/strong>v roku 2014, je povinn\u00fd najnesk\u00f4r do 14. 11. 2014 do 14.00 hod. <strong>elektronicky<\/strong> poda\u0165 ro\u010dn\u00fa spr\u00e1vu projektu prostredn\u00edctvom Port\u00e1lu vysok\u00fdch \u0161k\u00f4l. Ved\u00faci projektu KEGA, ktor\u00e9ho <strong>rie\u0161enie m\u00e1 by\u0165 ukon\u010den\u00e9 <\/strong>v roku 2014, je povinn\u00fd najnesk\u00f4r do 16. 1. 2015 do 14.00 hod.<strong> elektronicky <\/strong>poda\u0165 z\u00e1vere\u010dn\u00fa spr\u00e1vu projektu prostredn\u00edctvom Port\u00e1lu vysok\u00fdch \u0161k\u00f4l.<\/p>\n<p style=\"text-align: justify\"> \t<strong>Po\u0161tou <\/strong>sa zasiela len <strong>potvrdenie o podan\u00ed spr\u00e1vy <\/strong>so z\u00e1kladn\u00fdmi \u00fadajmi, ktor\u00e9 bude podp\u00edsan\u00e9 ved\u00facim rie\u0161ite\u013eom a z\u00e1rove\u0148<strong> dekanom<\/strong>, resp. poveren\u00fdm akademick\u00fdm funkcion\u00e1rom spolu s odtla\u010dkom pe\u010diatky pracoviska, na ktorom sa projekt rie\u0161i. Potvrdenie o podan\u00ed ro\u010dnej\/z\u00e1vere\u010dnej spr\u00e1vy je potrebn\u00e9 posla\u0165 po\u0161tou na M\u0160VVa\u0160 SR najnesk\u00f4r do 3 pracovn\u00fdch dn\u00ed po stanovenom term\u00edne elektronick\u00e9ho podania (rozhoduje d\u00e1tum na po\u0161tovej pe\u010diatke). Z\u00a0tohto d\u00f4vodu V\u00e1s pros\u00edme o\u00a0 zaslanie vygenerovan\u00fdch a\u00a0podp\u00edsan\u00fdch potvrden\u00ed o\u00a0podan\u00ed <strong>ro\u010dn\u00fdch spr\u00e1v do 12.11.2014<\/strong> a\u00a0<strong>z\u00e1vere\u010dn\u00fdch spr\u00e1v do 16.1.2015<\/strong> Mgr. Lenke Sabov\u010d\u00edkovej na Oddelenie vedy a\u00a0v\u00fdskumu PF UPJ\u0160, ktor\u00e1 zabezpe\u010d\u00ed ich podp\u00edsanie p\u00e1nom dekanom, resp. poveren\u00fdm akademick\u00fdm funkcion\u00e1rom a\u00a0hromadne odo\u0161le potvrdenia na adresu M\u0160VVa\u0160 SR.<\/p>\n<p style=\"text-align: justify\"> \tJednotliv\u00e9 v\u00fdstupy za cel\u00e9 obdobie rie\u0161enia projektu sa dokladuj\u00fa k z\u00e1vere\u010dnej spr\u00e1ve iba elektronicky v \u010dasti \u201ePr\u00edlohy\u201c, ke\u010f\u017ee odborn\u00e9 komisie KEGA bud\u00fa doru\u010den\u00e9 z\u00e1vere\u010dn\u00e9 spr\u00e1vy hodnoti\u0165 on-line. Pri publika\u010dn\u00fdch v\u00fdstupoch v pr\u00edlohe sta\u010d\u00ed vlo\u017ei\u0165 s\u00fabory so zdrojov\u00fdm textom alebo s naskenovan\u00fdmi stranami (obsahuj\u00facimi tituln\u00fa stranu, obsah a \u010fal\u0161ie strany, ktor\u00fdmi sa d\u00e1 jednozna\u010dne ur\u010di\u0165 autorstvo, rozsah a vydavate\u013e, a stranu, na ktorej sa uv\u00e1dza domovsk\u00e9 pracovisko rie\u0161ite\u013ea\/rie\u0161ite\u013eov a registra\u010dn\u00e9 \u010d\u00edslo projektu KEGA, na ktor\u00fd bola poskytnut\u00e1 finan\u010dn\u00e1 dot\u00e1cia po\u010das rie\u0161enia dan\u00e9ho projektu). K umeleck\u00fdm v\u00fdkonom a in\u00fdm v\u00fdstupom treba dolo\u017ei\u0165 k\u00f3pie dokumentov potvrdzuj\u00facich ich konanie (pozv\u00e1nky a programy v\u00fdstav, koncertov, s\u00fa\u0165a\u017en\u00fdch vyst\u00fapen\u00ed, konferenci\u00ed, semin\u00e1rov, fotografie a pod.), ako aj relevantn\u00e9 ohlasy.<\/p>\n<p style=\"text-align: justify\"> \tV pr\u00edpade nedodr\u017eiavania povinnost\u00ed vypl\u00fdvaj\u00facich zo \u0161tat\u00fatu a pravidiel KEGA (napr. nepodanie z\u00e1vere\u010dnej spr\u00e1vy) nebude m\u00f4c\u0165 tak\u00fdto ved\u00faci projektu predlo\u017ei\u0165 \u017eiados\u0165 o dot\u00e1ciu na nov\u00fd projekt KEGA po\u010das 3 nasleduj\u00facich rokov.<\/p>\n<p style=\"text-align: justify\"> \t\u00a0<\/p>\n<p style=\"text-align: justify\"> \tD\u00f4le\u017eit\u00e9 linky:<\/p>\n<ul>\n<li> \t\t<a href=\"http:\/\/www.minedu.sk\/data\/att\/6013.pdf\" target=\"_blank\" rel=\"noopener\">\u00dapln\u00e9 znenie v\u00fdzvy a\u00a0pokyny k\u00a0pod\u00e1vaniu spr\u00e1v<\/a><\/li>\n<li> \t\t<a href=\"https:\/\/www.portalvs.sk\/sk\/uzivatel\" target=\"_blank\" rel=\"noopener\">Port\u00e1l vysok\u00fdch \u0161k\u00f4l<\/a><\/li>\n<li> \t\t<a href=\"http:\/\/www.minedu.sk\/zakladne-dokumenty-kega\/\">Z\u00e1kladn\u00e9 dokumenty KEGA (\u0161tat\u00fat, pravidl\u00e1 a\u00a0pod.)<\/a><\/li>\n<\/ul>\n","protected":false},"excerpt":{"rendered":"<p>Term\u00edny pod\u00e1vania spr\u00e1v: ro\u010dn\u00e9 spr\u00e1vy &#8211; do 14.11.2014 do 14.00 hod. z\u00e1vere\u010dn\u00e9 spr\u00e1vy kon\u010diacich projektov &#8211; do 16.1.2015 do 14.00 hod. Ved\u00faci projektu KEGA, ktor\u00fd pokra\u010duje v rie\u0161en\u00ed v roku 2014, je povinn\u00fd najnesk\u00f4r do 14. 11. 2014 do 14.00 hod. elektronicky poda\u0165 ro\u010dn\u00fa spr\u00e1vu projektu prostredn\u00edctvom Port\u00e1lu vysok\u00fdch \u0161k\u00f4l. Ved\u00faci projektu KEGA, ktor\u00e9ho rie\u0161enie &hellip; <a href=\"https:\/\/www.upjs.sk\/prirodovedecka-fakulta\/podpora-projektov\/10893-2\/\">\u010c\u00edta\u0165 \u010falej<\/a><\/p>\n","protected":false},"author":1,"featured_media":0,"parent":17288,"menu_order":19,"comment_status":"closed","ping_status":"closed","template":"","meta":{"_acf_changed":false,"_editorskit_title_hidden":false,"_editorskit_reading_time":0,"_editorskit_is_block_options_detached":false,"_editorskit_block_options_position":"{}","footnotes":""},"categories":[],"tags":[],"class_list":["post-19608","page","type-page","status-publish","hentry"],"acf":{"acf_link_na_externy_obsah":""},"yoast_head":"<!-- This site is optimized with the Yoast SEO plugin v27.2 - https:\/\/yoast.com\/product\/yoast-seo-wordpress\/ -->\n<title>Pod\u00e1vanie ro\u010dn\u00fdch spr\u00e1v pokra\u010duj\u00facich projektov a z\u00e1vere\u010dn\u00fdch spr\u00e1v kon\u010diacich projektov KEGA v roku 2014 - Pr\u00edrodovedeck\u00e1 fakulta | UPJ\u0160<\/title>\n<meta name=\"robots\" content=\"index, follow, max-snippet:-1, max-image-preview:large, max-video-preview:-1\" \/>\n<link rel=\"canonical\" href=\"https:\/\/www.upjs.sk\/prirodovedecka-fakulta\/podpora-projektov\/10893-2\/\" \/>\n<meta property=\"og:locale\" content=\"sk_SK\" \/>\n<meta property=\"og:type\" content=\"article\" \/>\n<meta property=\"og:title\" content=\"Pod\u00e1vanie ro\u010dn\u00fdch spr\u00e1v pokra\u010duj\u00facich projektov a z\u00e1vere\u010dn\u00fdch spr\u00e1v kon\u010diacich projektov KEGA v roku 2014 - Pr\u00edrodovedeck\u00e1 fakulta | UPJ\u0160\" \/>\n<meta property=\"og:description\" content=\"Term\u00edny pod\u00e1vania spr\u00e1v: ro\u010dn\u00e9 spr\u00e1vy &#8211; do 14.11.2014 do 14.00 hod. z\u00e1vere\u010dn\u00e9 spr\u00e1vy kon\u010diacich projektov &#8211; do 16.1.2015 do 14.00 hod. Ved\u00faci projektu KEGA, ktor\u00fd pokra\u010duje v rie\u0161en\u00ed v roku 2014, je povinn\u00fd najnesk\u00f4r do 14. 11. 2014 do 14.00 hod. elektronicky poda\u0165 ro\u010dn\u00fa spr\u00e1vu projektu prostredn\u00edctvom Port\u00e1lu vysok\u00fdch \u0161k\u00f4l. Ved\u00faci projektu KEGA, ktor\u00e9ho rie\u0161enie &hellip; \u010c\u00edta\u0165 \u010falej\" \/>\n<meta property=\"og:url\" content=\"https:\/\/www.upjs.sk\/prirodovedecka-fakulta\/podpora-projektov\/10893-2\/\" \/>\n<meta property=\"og:site_name\" content=\"Pr\u00edrodovedeck\u00e1 fakulta | UPJ\u0160\" \/>\n<meta property=\"article:modified_time\" content=\"2022-10-26T08:15:03+00:00\" \/>\n<meta name=\"twitter:card\" content=\"summary_large_image\" \/>\n<meta name=\"twitter:label1\" content=\"Predpokladan\u00fd \u010das \u010d\u00edtania\" \/>\n\t<meta name=\"twitter:data1\" content=\"2 min\u00faty\" \/>\n<script type=\"application\/ld+json\" class=\"yoast-schema-graph\">{\"@context\":\"https:\/\/schema.org\",\"@graph\":[{\"@type\":\"WebPage\",\"@id\":\"https:\/\/www.upjs.sk\/prirodovedecka-fakulta\/podpora-projektov\/10893-2\/\",\"url\":\"https:\/\/www.upjs.sk\/prirodovedecka-fakulta\/podpora-projektov\/10893-2\/\",\"name\":\"Pod\u00e1vanie ro\u010dn\u00fdch spr\u00e1v pokra\u010duj\u00facich projektov a z\u00e1vere\u010dn\u00fdch spr\u00e1v kon\u010diacich projektov KEGA v roku 2014 - Pr\u00edrodovedeck\u00e1 fakulta | UPJ\u0160\",\"isPartOf\":{\"@id\":\"https:\/\/www.upjs.sk\/prirodovedecka-fakulta\/#website\"},\"datePublished\":\"2015-01-07T10:04:15+00:00\",\"dateModified\":\"2022-10-26T08:15:03+00:00\",\"breadcrumb\":{\"@id\":\"https:\/\/www.upjs.sk\/prirodovedecka-fakulta\/podpora-projektov\/10893-2\/#breadcrumb\"},\"inLanguage\":\"sk-SK\",\"potentialAction\":[{\"@type\":\"ReadAction\",\"target\":[\"https:\/\/www.upjs.sk\/prirodovedecka-fakulta\/podpora-projektov\/10893-2\/\"]}]},{\"@type\":\"BreadcrumbList\",\"@id\":\"https:\/\/www.upjs.sk\/prirodovedecka-fakulta\/podpora-projektov\/10893-2\/#breadcrumb\",\"itemListElement\":[{\"@type\":\"ListItem\",\"position\":1,\"name\":\"Home\",\"item\":\"https:\/\/www.upjs.sk\/prirodovedecka-fakulta\/\"},{\"@type\":\"ListItem\",\"position\":2,\"name\":\"Podpora projektov\",\"item\":\"https:\/\/www.upjs.sk\/prirodovedecka-fakulta\/podpora-projektov\/\"},{\"@type\":\"ListItem\",\"position\":3,\"name\":\"Pod\u00e1vanie ro\u010dn\u00fdch spr\u00e1v pokra\u010duj\u00facich projektov a z\u00e1vere\u010dn\u00fdch spr\u00e1v kon\u010diacich projektov KEGA v roku 2014\"}]},{\"@type\":\"WebSite\",\"@id\":\"https:\/\/www.upjs.sk\/prirodovedecka-fakulta\/#website\",\"url\":\"https:\/\/www.upjs.sk\/prirodovedecka-fakulta\/\",\"name\":\"Pr\u00edrodovedeck\u00e1 fakulta | UPJ\u0160\",\"description\":\"\",\"publisher\":{\"@id\":\"https:\/\/www.upjs.sk\/prirodovedecka-fakulta\/#organization\"},\"potentialAction\":[{\"@type\":\"SearchAction\",\"target\":{\"@type\":\"EntryPoint\",\"urlTemplate\":\"https:\/\/www.upjs.sk\/prirodovedecka-fakulta\/?s={search_term_string}\"},\"query-input\":{\"@type\":\"PropertyValueSpecification\",\"valueRequired\":true,\"valueName\":\"search_term_string\"}}],\"inLanguage\":\"sk-SK\"},{\"@type\":\"Organization\",\"@id\":\"https:\/\/www.upjs.sk\/prirodovedecka-fakulta\/#organization\",\"name\":\"Pr\u00edrodovedeck\u00e1 fakulta | UPJ\u0160\",\"url\":\"https:\/\/www.upjs.sk\/prirodovedecka-fakulta\/\",\"logo\":{\"@type\":\"ImageObject\",\"inLanguage\":\"sk-SK\",\"@id\":\"https:\/\/www.upjs.sk\/prirodovedecka-fakulta\/#\/schema\/logo\/image\/\",\"url\":\"https:\/\/www.upjs.sk\/app\/uploads\/sites\/10\/2022\/09\/logo-prirodovedecka-fakulta.png\",\"contentUrl\":\"https:\/\/www.upjs.sk\/app\/uploads\/sites\/10\/2022\/09\/logo-prirodovedecka-fakulta.png\",\"width\":415,\"height\":87,\"caption\":\"Pr\u00edrodovedeck\u00e1 fakulta | UPJ\u0160\"},\"image\":{\"@id\":\"https:\/\/www.upjs.sk\/prirodovedecka-fakulta\/#\/schema\/logo\/image\/\"}}]}<\/script>\n<!-- \/ Yoast SEO plugin. -->","yoast_head_json":{"title":"Pod\u00e1vanie ro\u010dn\u00fdch spr\u00e1v pokra\u010duj\u00facich projektov a z\u00e1vere\u010dn\u00fdch spr\u00e1v kon\u010diacich projektov KEGA v roku 2014 - Pr\u00edrodovedeck\u00e1 fakulta | UPJ\u0160","robots":{"index":"index","follow":"follow","max-snippet":"max-snippet:-1","max-image-preview":"max-image-preview:large","max-video-preview":"max-video-preview:-1"},"canonical":"https:\/\/www.upjs.sk\/prirodovedecka-fakulta\/podpora-projektov\/10893-2\/","og_locale":"sk_SK","og_type":"article","og_title":"Pod\u00e1vanie ro\u010dn\u00fdch spr\u00e1v pokra\u010duj\u00facich projektov a z\u00e1vere\u010dn\u00fdch spr\u00e1v kon\u010diacich projektov KEGA v roku 2014 - Pr\u00edrodovedeck\u00e1 fakulta | UPJ\u0160","og_description":"Term\u00edny pod\u00e1vania spr\u00e1v: ro\u010dn\u00e9 spr\u00e1vy &#8211; do 14.11.2014 do 14.00 hod. z\u00e1vere\u010dn\u00e9 spr\u00e1vy kon\u010diacich projektov &#8211; do 16.1.2015 do 14.00 hod. Ved\u00faci projektu KEGA, ktor\u00fd pokra\u010duje v rie\u0161en\u00ed v roku 2014, je povinn\u00fd najnesk\u00f4r do 14. 11. 2014 do 14.00 hod. elektronicky poda\u0165 ro\u010dn\u00fa spr\u00e1vu projektu prostredn\u00edctvom Port\u00e1lu vysok\u00fdch \u0161k\u00f4l. Ved\u00faci projektu KEGA, ktor\u00e9ho rie\u0161enie &hellip; \u010c\u00edta\u0165 \u010falej","og_url":"https:\/\/www.upjs.sk\/prirodovedecka-fakulta\/podpora-projektov\/10893-2\/","og_site_name":"Pr\u00edrodovedeck\u00e1 fakulta | UPJ\u0160","article_modified_time":"2022-10-26T08:15:03+00:00","twitter_card":"summary_large_image","twitter_misc":{"Predpokladan\u00fd \u010das \u010d\u00edtania":"2 min\u00faty"},"schema":{"@context":"https:\/\/schema.org","@graph":[{"@type":"WebPage","@id":"https:\/\/www.upjs.sk\/prirodovedecka-fakulta\/podpora-projektov\/10893-2\/","url":"https:\/\/www.upjs.sk\/prirodovedecka-fakulta\/podpora-projektov\/10893-2\/","name":"Pod\u00e1vanie ro\u010dn\u00fdch spr\u00e1v pokra\u010duj\u00facich projektov a z\u00e1vere\u010dn\u00fdch spr\u00e1v kon\u010diacich projektov KEGA v roku 2014 - Pr\u00edrodovedeck\u00e1 fakulta | UPJ\u0160","isPartOf":{"@id":"https:\/\/www.upjs.sk\/prirodovedecka-fakulta\/#website"},"datePublished":"2015-01-07T10:04:15+00:00","dateModified":"2022-10-26T08:15:03+00:00","breadcrumb":{"@id":"https:\/\/www.upjs.sk\/prirodovedecka-fakulta\/podpora-projektov\/10893-2\/#breadcrumb"},"inLanguage":"sk-SK","potentialAction":[{"@type":"ReadAction","target":["https:\/\/www.upjs.sk\/prirodovedecka-fakulta\/podpora-projektov\/10893-2\/"]}]},{"@type":"BreadcrumbList","@id":"https:\/\/www.upjs.sk\/prirodovedecka-fakulta\/podpora-projektov\/10893-2\/#breadcrumb","itemListElement":[{"@type":"ListItem","position":1,"name":"Home","item":"https:\/\/www.upjs.sk\/prirodovedecka-fakulta\/"},{"@type":"ListItem","position":2,"name":"Podpora projektov","item":"https:\/\/www.upjs.sk\/prirodovedecka-fakulta\/podpora-projektov\/"},{"@type":"ListItem","position":3,"name":"Pod\u00e1vanie ro\u010dn\u00fdch spr\u00e1v pokra\u010duj\u00facich projektov a z\u00e1vere\u010dn\u00fdch spr\u00e1v kon\u010diacich projektov KEGA v roku 2014"}]},{"@type":"WebSite","@id":"https:\/\/www.upjs.sk\/prirodovedecka-fakulta\/#website","url":"https:\/\/www.upjs.sk\/prirodovedecka-fakulta\/","name":"Pr\u00edrodovedeck\u00e1 fakulta | UPJ\u0160","description":"","publisher":{"@id":"https:\/\/www.upjs.sk\/prirodovedecka-fakulta\/#organization"},"potentialAction":[{"@type":"SearchAction","target":{"@type":"EntryPoint","urlTemplate":"https:\/\/www.upjs.sk\/prirodovedecka-fakulta\/?s={search_term_string}"},"query-input":{"@type":"PropertyValueSpecification","valueRequired":true,"valueName":"search_term_string"}}],"inLanguage":"sk-SK"},{"@type":"Organization","@id":"https:\/\/www.upjs.sk\/prirodovedecka-fakulta\/#organization","name":"Pr\u00edrodovedeck\u00e1 fakulta | UPJ\u0160","url":"https:\/\/www.upjs.sk\/prirodovedecka-fakulta\/","logo":{"@type":"ImageObject","inLanguage":"sk-SK","@id":"https:\/\/www.upjs.sk\/prirodovedecka-fakulta\/#\/schema\/logo\/image\/","url":"https:\/\/www.upjs.sk\/app\/uploads\/sites\/10\/2022\/09\/logo-prirodovedecka-fakulta.png","contentUrl":"https:\/\/www.upjs.sk\/app\/uploads\/sites\/10\/2022\/09\/logo-prirodovedecka-fakulta.png","width":415,"height":87,"caption":"Pr\u00edrodovedeck\u00e1 fakulta | UPJ\u0160"},"image":{"@id":"https:\/\/www.upjs.sk\/prirodovedecka-fakulta\/#\/schema\/logo\/image\/"}}]}},"_links":{"self":[{"href":"https:\/\/www.upjs.sk\/prirodovedecka-fakulta\/wp-json\/wp\/v2\/pages\/19608","targetHints":{"allow":["GET"]}}],"collection":[{"href":"https:\/\/www.upjs.sk\/prirodovedecka-fakulta\/wp-json\/wp\/v2\/pages"}],"about":[{"href":"https:\/\/www.upjs.sk\/prirodovedecka-fakulta\/wp-json\/wp\/v2\/types\/page"}],"author":[{"embeddable":true,"href":"https:\/\/www.upjs.sk\/prirodovedecka-fakulta\/wp-json\/wp\/v2\/users\/1"}],"replies":[{"embeddable":true,"href":"https:\/\/www.upjs.sk\/prirodovedecka-fakulta\/wp-json\/wp\/v2\/comments?post=19608"}],"version-history":[{"count":1,"href":"https:\/\/www.upjs.sk\/prirodovedecka-fakulta\/wp-json\/wp\/v2\/pages\/19608\/revisions"}],"predecessor-version":[{"id":19996,"href":"https:\/\/www.upjs.sk\/prirodovedecka-fakulta\/wp-json\/wp\/v2\/pages\/19608\/revisions\/19996"}],"up":[{"embeddable":true,"href":"https:\/\/www.upjs.sk\/prirodovedecka-fakulta\/wp-json\/wp\/v2\/pages\/17288"}],"wp:attachment":[{"href":"https:\/\/www.upjs.sk\/prirodovedecka-fakulta\/wp-json\/wp\/v2\/media?parent=19608"}],"wp:term":[{"taxonomy":"category","embeddable":true,"href":"https:\/\/www.upjs.sk\/prirodovedecka-fakulta\/wp-json\/wp\/v2\/categories?post=19608"},{"taxonomy":"post_tag","embeddable":true,"href":"https:\/\/www.upjs.sk\/prirodovedecka-fakulta\/wp-json\/wp\/v2\/tags?post=19608"}],"curies":[{"name":"wp","href":"https:\/\/api.w.org\/{rel}","templated":true}]}}