{"id":19624,"date":"2015-06-23T13:18:17","date_gmt":"2015-06-23T13:18:17","guid":{"rendered":"https:\/\/www.upjs.sk\/prirodovedecka-fakulta\/podpora-projektov\/11661-2\/"},"modified":"2022-10-26T08:15:10","modified_gmt":"2022-10-26T08:15:10","slug":"11661-2","status":"publish","type":"page","link":"https:\/\/www.upjs.sk\/prirodovedecka-fakulta\/podpora-projektov\/11661-2\/","title":{"rendered":"Bilater\u00e1lna v\u00fdzva Slovensko \u2013 Po\u013esko 2015"},"content":{"rendered":"<p style=\"text-align: justify\"> \tAgent\u00fara na podporu v\u00fdskumu a v\u00fdvoja (<strong>APVV<\/strong>) v\u00a0spolupr\u00e1ci so sekciou vysok\u00fdch \u0161k\u00f4l, vedy a\u00a0v\u00fdskumu M\u0160VVa\u0160 SR vyhlasuje verejn\u00fa v\u00fdzvu na pod\u00e1vanie \u017eiadost\u00ed na rie\u0161enie spolo\u010dn\u00fdch projektov v\u00fdskumu a v\u00fdvoja podporuj\u00facich spolupr\u00e1cu medzi organiz\u00e1ciami v\u00a0Slovenskej republike a\u00a0v\u00a0Po\u013eskej republike.<\/p>\n<ul>\n<li> \t\t<u>D\u00e1tum vyhl\u00e1senia<\/u>: <strong>30.4.2015<\/strong><\/li>\n<li> \t\t<u>D\u00e1tum ukon\u010denia v\u00fdzvy<\/u>: <strong>30.6.2015<\/strong><\/li>\n<li> \t\t<u>Doba rie\u0161enia projektov:<\/u> <strong>1.1.2016-31.12.2017<\/strong><\/li>\n<li> \t\t<u>Celkov\u00fd objem finan\u010dn\u00fdch prostriedkov:<\/u> <strong>66 400 \u20ac.<\/strong><\/li>\n<\/ul>\n<p> \t<u>Ciele v\u00fdzvy<\/u>:<\/p>\n<ul>\n<li> \t\tpr\u00edprava spolo\u010dn\u00fdch medzin\u00e1rodn\u00fdch projektov;<\/li>\n<li> \t\tpr\u00edprava spolo\u010dn\u00fdch publik\u00e1ci\u00ed a in\u00fdch v\u00fdstupov;<\/li>\n<li> \t\takt\u00edvna \u00fa\u010das\u0165 na konferenci\u00e1ch, organizovanie spolo\u010dn\u00fdch vedeck\u00fdch podujat\u00ed;<\/li>\n<li> \t\tvz\u00e1jomn\u00e9 vyu\u017e\u00edvanie pr\u00edstrojovej a laborat\u00f3rnej techniky;<\/li>\n<li> \t\tzbieranie v\u00fdskumn\u00fdch materi\u00e1lov;<\/li>\n<li> \t\tzapojenie doktorandov a\/alebo mlad\u00fdch vedeck\u00fdch pracovn\u00edkov (do 35 rokov).<\/li>\n<\/ul>\n<p> \t\u00a0<\/p>\n<p style=\"text-align: justify\"> \t<strong>Pred podan\u00edm \u017eiadosti V\u00e1s pros\u00edme, aby\u00a0ste\u00a0svoje projekty zaregistrovali v\u00a0<a href=\"https:\/\/docs.google.com\/spreadsheet\/viewform?hl=sk&#038;pli=1&#038;formkey=dFRJWGZIMThoZW51Q0dtajdINExrMkE6MQ#gid=0\" target=\"_blank\" rel=\"noopener\">Registr\u00e1cii pripravovan\u00fdch projektov<\/a>\u00a0a ROZPO\u010cET projektu prekonzultovali s pani Ing. Silviou Medovou (<a href=\"mailto:silvia.medova@upjs.sk\"><strong>silvia.medova@upjs.sk<\/strong><\/a><strong>, kl.: 2128).<\/strong><\/strong><strong><strong><strong>\u00a0V pr\u00edpade, \u017ee t\u00fato povinnos\u0165 ved\u00faci projektu zanedb\u00e1, \u0161tatut\u00e1rny z\u00e1stupca\u00a0nemus\u00ed \u017eiados\u0165 projektu podp\u00edsa\u0165.<\/strong>\u00a0<span id=\"cke_bm_134S\" style=\"display: none\">\u00a0<\/span><\/strong><\/strong><\/p>\n<p style=\"text-align: justify\"> \t\u00a0<\/p>\n<p style=\"text-align: justify\"> \tAk v pripravovanom projekte APVV bude rie\u0161ite\u013esk\u00fd kolekt\u00edv zlo\u017een\u00fd zo zamestnancov viacer\u00fdch fak\u00falt UPJ\u0160, je potrebn\u00e9, aby \u017eiados\u0165 pre\u0161la finan\u010dnou kontrolou tajomn\u00ed\u010dok participuj\u00facich fak\u00falt.<\/p>\n<p> \tFinan\u010dn\u00e9 po\u017eiadavky sa m\u00f4\u017eu t\u00fdka\u0165 v\u00fdlu\u010dne n\u00e1kladov na mobilitu os\u00f4b, a to max. do v\u00fd\u0161ky <strong>2 000 \u20ac na kalend\u00e1rny rok\/projekt <\/strong>a max. <strong>4 000 \u20ac na cel\u00fa dobu rie\u0161enia projektu.<\/strong><\/p>\n<p style=\"text-align: justify\"> \t\u00a0<\/p>\n<p style=\"text-align: justify\"> \t\u017diadosti sa predkladaj\u00fa v\u00a0slovenskom aj anglickom jazyku <strong>elektronicky<\/strong> prostredn\u00edctvom elektronick\u00e9ho syst\u00e9mu na pod\u00e1vanie \u017eiadost\u00ed na rie\u0161enie projektov, ktor\u00fd je pr\u00edstupn\u00fd na internetovej str\u00e1nke agent\u00fary <a href=\"http:\/\/www.apvv.sk\/\" target=\"_blank\" rel=\"noopener\">www.apvv.sk<\/a>. Informa\u010dn\u00fd syst\u00e9m na elektronick\u00e9 pod\u00e1vanie \u017eiadosti sa uzatvor\u00ed d\u0148a <strong>30.06.2015 o\u00a012.00 hod<\/strong>.\u00a0Jeden podp\u00edsan\u00fd origin\u00e1l \u017eiadosti v\u00a0listinnom vyhotoven\u00ed je potrebn\u00e9 doru\u010di\u0165 na adresu APVV do <strong>30.06.2015 do 16.00 hod<\/strong>. Po uvedenom term\u00edne nebude mo\u017en\u00e9 n\u00e1vrh predlo\u017ei\u0165. Rie\u0161itelia by preto mali projekt pod\u00e1va\u0165 na Oddelenie vedy a v\u00fdskumu PF UPJ\u0160 s dostato\u010dn\u00fdm predstihom. <strong>Elektronick\u00fa verziu \u017eiadosti v slovenskom aj v anglickom jazyku bezprostredne\u00a0po podan\u00ed \u017eiadosti v elektronickom syst\u00e9me APVV po\u0161lite aj na e-mailov\u00fa adresu: <\/strong><a href=\"mailto:lenka.sabovcikova@upjs.sk\"><strong>lenka.sabovcikova@upjs.sk<\/strong><\/a>.<\/p>\n<p> \t\u00a0<\/p>\n<p style=\"text-align: justify\"> \t\u017diados\u0165 v listinnej podobe mus\u00ed v pr\u00edslu\u0161n\u00fdch \u010dastiach vygenerovan\u00fdch formul\u00e1rov obsahova\u0165 podpisy zodpovedn\u00e9ho rie\u0161ite\u013ea a \u0161tatut\u00e1rneho z\u00e1stupcu slovensk\u00e9ho \u017eiadate\u013ea (E 01 a E 04) a zodpovedn\u00e9ho rie\u0161ite\u013ea a \u0161tatut\u00e1rneho z\u00e1stupcu partnerskej organiz\u00e1cie (A5 04 a A5 05). Faxov\u00e9\/oskenovan\u00e9 podpisy zahrani\u010dn\u00e9ho partnera bud\u00fa akceptovan\u00e9.<\/p>\n<p style=\"text-align: justify\"> \tNeoddelite\u013enou s\u00fa\u010das\u0165ou \u017eiadosti je \u010destn\u00e9 vyhl\u00e1senie \u017eiadate\u013ea, \u017ee m\u00e1 platn\u00e9 osved\u010denia o sp\u00f4sobilosti vykon\u00e1va\u0165 v\u00fdskum a v\u00fdvoj. Samotn\u00e9 \u010destn\u00e9 vyhl\u00e1senie podpisuje \u0161tatut\u00e1rny z\u00e1stupca \u017eiadate\u013ea. \u00a0Ako \u0161tatut\u00e1rneho z\u00e1stupcu je potrebn\u00e9 uvies\u0165 meno p\u00e1na rektora UPJ\u0160, prof. MUDr. Ladislava Mirossaya, DrSc., dokument v\u0161ak podpisuje <strong>dekan<\/strong> pr\u00edslu\u0161nej fakulty v zast\u00fapen\u00ed.<\/p>\n<p style=\"text-align: justify\"> \t\u00a0<\/p>\n<p style=\"text-align: justify\"> \t<strong>\u017diadosti na podpis p\u00e1novi dekanovi odovzdajte na Oddelen\u00ed vedy a v\u00fdskumu Mgr. Lenke Sabov\u010d\u00edkovej v dostato\u010dnom predstihu, najnesk\u00f4r v\u0161ak do 29.06.2015 do 12.00 hod.<\/strong><\/p>\n<p> \t\u00a0<\/p>\n<p style=\"text-align: justify\"> \tPredklada\u0165 mo\u017eno n\u00e1vrhy projektov zo v\u0161etk\u00fdch oblast\u00ed VaV s dobou trvania maxim\u00e1lne 24 mesiacov na z\u00e1klade spolo\u010dn\u00fdch aktiv\u00edt VaV. Spolupracuj\u00faci partneri z v\u00fdskumno-v\u00fdvojov\u00fdch organiz\u00e1ci\u00ed na oboch stran\u00e1ch spolo\u010dne vypracuj\u00fa obsahovo toto\u017en\u00e9 projekty. \u017diados\u0165 mus\u00ed by\u0165 predlo\u017een\u00e1 s\u00fa\u010dasne v SR slovenskou rie\u0161ite\u013eskou organiz\u00e1ciou a\u00a0v\u00a0Po\u013esku po\u013eskou rie\u0161ite\u013eskou organiz\u00e1ciou. Zodpovedn\u00fd rie\u0161ite\u013e na ka\u017edej strane pod\u00e1 n\u00e1vrh projektu na pr\u00edslu\u0161n\u00fdch formul\u00e1roch v slovenskom (resp. po\u013eskom) a anglickom jazyku.<\/p>\n<p style=\"text-align: justify\"> \t\u00a0\u00a0<\/p>\n<p> \t\u00a0<\/p>\n<p> \tPodrobnej\u0161ie inform\u00e1cie o v\u00fdzve m\u00f4\u017eete n\u00e1js\u0165 na webovej str\u00e1nke: <a href=\"http:\/\/www.apvv.sk\/grantove-schemy\/bilateralne-vyzvy\/polsko\/slovensko-polsko-2015\" target=\"_blank\" rel=\"noopener\">http:\/\/www.apvv.sk\/grantove-schemy\/bilateralne-vyzvy\/polsko\/slovensko-polsko-2015<\/a><\/p>\n<p> \t\u00a0<\/p>\n<p> \t\u00a0<\/p>\n","protected":false},"excerpt":{"rendered":"<p>Agent\u00fara na podporu v\u00fdskumu a v\u00fdvoja (APVV) v\u00a0spolupr\u00e1ci so sekciou vysok\u00fdch \u0161k\u00f4l, vedy a\u00a0v\u00fdskumu M\u0160VVa\u0160 SR vyhlasuje verejn\u00fa v\u00fdzvu na pod\u00e1vanie \u017eiadost\u00ed na rie\u0161enie spolo\u010dn\u00fdch projektov v\u00fdskumu a v\u00fdvoja podporuj\u00facich spolupr\u00e1cu medzi organiz\u00e1ciami v\u00a0Slovenskej republike a\u00a0v\u00a0Po\u013eskej republike. D\u00e1tum vyhl\u00e1senia: 30.4.2015 D\u00e1tum ukon\u010denia v\u00fdzvy: 30.6.2015 Doba rie\u0161enia projektov: 1.1.2016-31.12.2017 Celkov\u00fd objem finan\u010dn\u00fdch prostriedkov: 66 400 \u20ac. &hellip; <a href=\"https:\/\/www.upjs.sk\/prirodovedecka-fakulta\/podpora-projektov\/11661-2\/\">\u010c\u00edta\u0165 \u010falej<\/a><\/p>\n","protected":false},"author":1,"featured_media":0,"parent":17288,"menu_order":31,"comment_status":"closed","ping_status":"closed","template":"","meta":{"_acf_changed":false,"_editorskit_title_hidden":false,"_editorskit_reading_time":0,"_editorskit_is_block_options_detached":false,"_editorskit_block_options_position":"{}","footnotes":""},"categories":[],"tags":[],"class_list":["post-19624","page","type-page","status-publish","hentry"],"acf":{"acf_link_na_externy_obsah":""},"yoast_head":"<!-- This site is optimized with the Yoast SEO plugin v27.2 - https:\/\/yoast.com\/product\/yoast-seo-wordpress\/ -->\n<title>Bilater\u00e1lna v\u00fdzva Slovensko \u2013 Po\u013esko 2015 - Pr\u00edrodovedeck\u00e1 fakulta | UPJ\u0160<\/title>\n<meta name=\"robots\" content=\"index, follow, max-snippet:-1, max-image-preview:large, max-video-preview:-1\" \/>\n<link rel=\"canonical\" href=\"https:\/\/www.upjs.sk\/prirodovedecka-fakulta\/podpora-projektov\/11661-2\/\" \/>\n<meta property=\"og:locale\" content=\"sk_SK\" \/>\n<meta property=\"og:type\" content=\"article\" \/>\n<meta property=\"og:title\" content=\"Bilater\u00e1lna v\u00fdzva Slovensko \u2013 Po\u013esko 2015 - Pr\u00edrodovedeck\u00e1 fakulta | UPJ\u0160\" \/>\n<meta property=\"og:description\" content=\"Agent\u00fara na podporu v\u00fdskumu a v\u00fdvoja (APVV) v\u00a0spolupr\u00e1ci so sekciou vysok\u00fdch \u0161k\u00f4l, vedy a\u00a0v\u00fdskumu M\u0160VVa\u0160 SR vyhlasuje verejn\u00fa v\u00fdzvu na pod\u00e1vanie \u017eiadost\u00ed na rie\u0161enie spolo\u010dn\u00fdch projektov v\u00fdskumu a v\u00fdvoja podporuj\u00facich spolupr\u00e1cu medzi organiz\u00e1ciami v\u00a0Slovenskej republike a\u00a0v\u00a0Po\u013eskej republike. D\u00e1tum vyhl\u00e1senia: 30.4.2015 D\u00e1tum ukon\u010denia v\u00fdzvy: 30.6.2015 Doba rie\u0161enia projektov: 1.1.2016-31.12.2017 Celkov\u00fd objem finan\u010dn\u00fdch prostriedkov: 66 400 \u20ac. &hellip; \u010c\u00edta\u0165 \u010falej\" \/>\n<meta property=\"og:url\" content=\"https:\/\/www.upjs.sk\/prirodovedecka-fakulta\/podpora-projektov\/11661-2\/\" \/>\n<meta property=\"og:site_name\" content=\"Pr\u00edrodovedeck\u00e1 fakulta | UPJ\u0160\" \/>\n<meta property=\"article:modified_time\" content=\"2022-10-26T08:15:10+00:00\" \/>\n<meta name=\"twitter:card\" content=\"summary_large_image\" \/>\n<meta name=\"twitter:label1\" content=\"Predpokladan\u00fd \u010das \u010d\u00edtania\" \/>\n\t<meta name=\"twitter:data1\" content=\"3 min\u00faty\" \/>\n<script type=\"application\/ld+json\" class=\"yoast-schema-graph\">{\"@context\":\"https:\/\/schema.org\",\"@graph\":[{\"@type\":\"WebPage\",\"@id\":\"https:\/\/www.upjs.sk\/prirodovedecka-fakulta\/podpora-projektov\/11661-2\/\",\"url\":\"https:\/\/www.upjs.sk\/prirodovedecka-fakulta\/podpora-projektov\/11661-2\/\",\"name\":\"Bilater\u00e1lna v\u00fdzva Slovensko \u2013 Po\u013esko 2015 - Pr\u00edrodovedeck\u00e1 fakulta | UPJ\u0160\",\"isPartOf\":{\"@id\":\"https:\/\/www.upjs.sk\/prirodovedecka-fakulta\/#website\"},\"datePublished\":\"2015-06-23T13:18:17+00:00\",\"dateModified\":\"2022-10-26T08:15:10+00:00\",\"breadcrumb\":{\"@id\":\"https:\/\/www.upjs.sk\/prirodovedecka-fakulta\/podpora-projektov\/11661-2\/#breadcrumb\"},\"inLanguage\":\"sk-SK\",\"potentialAction\":[{\"@type\":\"ReadAction\",\"target\":[\"https:\/\/www.upjs.sk\/prirodovedecka-fakulta\/podpora-projektov\/11661-2\/\"]}]},{\"@type\":\"BreadcrumbList\",\"@id\":\"https:\/\/www.upjs.sk\/prirodovedecka-fakulta\/podpora-projektov\/11661-2\/#breadcrumb\",\"itemListElement\":[{\"@type\":\"ListItem\",\"position\":1,\"name\":\"Home\",\"item\":\"https:\/\/www.upjs.sk\/prirodovedecka-fakulta\/\"},{\"@type\":\"ListItem\",\"position\":2,\"name\":\"Podpora projektov\",\"item\":\"https:\/\/www.upjs.sk\/prirodovedecka-fakulta\/podpora-projektov\/\"},{\"@type\":\"ListItem\",\"position\":3,\"name\":\"Bilater\u00e1lna v\u00fdzva Slovensko \u2013 Po\u013esko 2015\"}]},{\"@type\":\"WebSite\",\"@id\":\"https:\/\/www.upjs.sk\/prirodovedecka-fakulta\/#website\",\"url\":\"https:\/\/www.upjs.sk\/prirodovedecka-fakulta\/\",\"name\":\"Pr\u00edrodovedeck\u00e1 fakulta | UPJ\u0160\",\"description\":\"\",\"publisher\":{\"@id\":\"https:\/\/www.upjs.sk\/prirodovedecka-fakulta\/#organization\"},\"potentialAction\":[{\"@type\":\"SearchAction\",\"target\":{\"@type\":\"EntryPoint\",\"urlTemplate\":\"https:\/\/www.upjs.sk\/prirodovedecka-fakulta\/?s={search_term_string}\"},\"query-input\":{\"@type\":\"PropertyValueSpecification\",\"valueRequired\":true,\"valueName\":\"search_term_string\"}}],\"inLanguage\":\"sk-SK\"},{\"@type\":\"Organization\",\"@id\":\"https:\/\/www.upjs.sk\/prirodovedecka-fakulta\/#organization\",\"name\":\"Pr\u00edrodovedeck\u00e1 fakulta | UPJ\u0160\",\"url\":\"https:\/\/www.upjs.sk\/prirodovedecka-fakulta\/\",\"logo\":{\"@type\":\"ImageObject\",\"inLanguage\":\"sk-SK\",\"@id\":\"https:\/\/www.upjs.sk\/prirodovedecka-fakulta\/#\/schema\/logo\/image\/\",\"url\":\"https:\/\/www.upjs.sk\/app\/uploads\/sites\/10\/2022\/09\/logo-prirodovedecka-fakulta.png\",\"contentUrl\":\"https:\/\/www.upjs.sk\/app\/uploads\/sites\/10\/2022\/09\/logo-prirodovedecka-fakulta.png\",\"width\":415,\"height\":87,\"caption\":\"Pr\u00edrodovedeck\u00e1 fakulta | UPJ\u0160\"},\"image\":{\"@id\":\"https:\/\/www.upjs.sk\/prirodovedecka-fakulta\/#\/schema\/logo\/image\/\"}}]}<\/script>\n<!-- \/ Yoast SEO plugin. -->","yoast_head_json":{"title":"Bilater\u00e1lna v\u00fdzva Slovensko \u2013 Po\u013esko 2015 - Pr\u00edrodovedeck\u00e1 fakulta | UPJ\u0160","robots":{"index":"index","follow":"follow","max-snippet":"max-snippet:-1","max-image-preview":"max-image-preview:large","max-video-preview":"max-video-preview:-1"},"canonical":"https:\/\/www.upjs.sk\/prirodovedecka-fakulta\/podpora-projektov\/11661-2\/","og_locale":"sk_SK","og_type":"article","og_title":"Bilater\u00e1lna v\u00fdzva Slovensko \u2013 Po\u013esko 2015 - Pr\u00edrodovedeck\u00e1 fakulta | UPJ\u0160","og_description":"Agent\u00fara na podporu v\u00fdskumu a v\u00fdvoja (APVV) v\u00a0spolupr\u00e1ci so sekciou vysok\u00fdch \u0161k\u00f4l, vedy a\u00a0v\u00fdskumu M\u0160VVa\u0160 SR vyhlasuje verejn\u00fa v\u00fdzvu na pod\u00e1vanie \u017eiadost\u00ed na rie\u0161enie spolo\u010dn\u00fdch projektov v\u00fdskumu a v\u00fdvoja podporuj\u00facich spolupr\u00e1cu medzi organiz\u00e1ciami v\u00a0Slovenskej republike a\u00a0v\u00a0Po\u013eskej republike. D\u00e1tum vyhl\u00e1senia: 30.4.2015 D\u00e1tum ukon\u010denia v\u00fdzvy: 30.6.2015 Doba rie\u0161enia projektov: 1.1.2016-31.12.2017 Celkov\u00fd objem finan\u010dn\u00fdch prostriedkov: 66 400 \u20ac. &hellip; \u010c\u00edta\u0165 \u010falej","og_url":"https:\/\/www.upjs.sk\/prirodovedecka-fakulta\/podpora-projektov\/11661-2\/","og_site_name":"Pr\u00edrodovedeck\u00e1 fakulta | UPJ\u0160","article_modified_time":"2022-10-26T08:15:10+00:00","twitter_card":"summary_large_image","twitter_misc":{"Predpokladan\u00fd \u010das \u010d\u00edtania":"3 min\u00faty"},"schema":{"@context":"https:\/\/schema.org","@graph":[{"@type":"WebPage","@id":"https:\/\/www.upjs.sk\/prirodovedecka-fakulta\/podpora-projektov\/11661-2\/","url":"https:\/\/www.upjs.sk\/prirodovedecka-fakulta\/podpora-projektov\/11661-2\/","name":"Bilater\u00e1lna v\u00fdzva Slovensko \u2013 Po\u013esko 2015 - Pr\u00edrodovedeck\u00e1 fakulta | UPJ\u0160","isPartOf":{"@id":"https:\/\/www.upjs.sk\/prirodovedecka-fakulta\/#website"},"datePublished":"2015-06-23T13:18:17+00:00","dateModified":"2022-10-26T08:15:10+00:00","breadcrumb":{"@id":"https:\/\/www.upjs.sk\/prirodovedecka-fakulta\/podpora-projektov\/11661-2\/#breadcrumb"},"inLanguage":"sk-SK","potentialAction":[{"@type":"ReadAction","target":["https:\/\/www.upjs.sk\/prirodovedecka-fakulta\/podpora-projektov\/11661-2\/"]}]},{"@type":"BreadcrumbList","@id":"https:\/\/www.upjs.sk\/prirodovedecka-fakulta\/podpora-projektov\/11661-2\/#breadcrumb","itemListElement":[{"@type":"ListItem","position":1,"name":"Home","item":"https:\/\/www.upjs.sk\/prirodovedecka-fakulta\/"},{"@type":"ListItem","position":2,"name":"Podpora projektov","item":"https:\/\/www.upjs.sk\/prirodovedecka-fakulta\/podpora-projektov\/"},{"@type":"ListItem","position":3,"name":"Bilater\u00e1lna v\u00fdzva Slovensko \u2013 Po\u013esko 2015"}]},{"@type":"WebSite","@id":"https:\/\/www.upjs.sk\/prirodovedecka-fakulta\/#website","url":"https:\/\/www.upjs.sk\/prirodovedecka-fakulta\/","name":"Pr\u00edrodovedeck\u00e1 fakulta | UPJ\u0160","description":"","publisher":{"@id":"https:\/\/www.upjs.sk\/prirodovedecka-fakulta\/#organization"},"potentialAction":[{"@type":"SearchAction","target":{"@type":"EntryPoint","urlTemplate":"https:\/\/www.upjs.sk\/prirodovedecka-fakulta\/?s={search_term_string}"},"query-input":{"@type":"PropertyValueSpecification","valueRequired":true,"valueName":"search_term_string"}}],"inLanguage":"sk-SK"},{"@type":"Organization","@id":"https:\/\/www.upjs.sk\/prirodovedecka-fakulta\/#organization","name":"Pr\u00edrodovedeck\u00e1 fakulta | UPJ\u0160","url":"https:\/\/www.upjs.sk\/prirodovedecka-fakulta\/","logo":{"@type":"ImageObject","inLanguage":"sk-SK","@id":"https:\/\/www.upjs.sk\/prirodovedecka-fakulta\/#\/schema\/logo\/image\/","url":"https:\/\/www.upjs.sk\/app\/uploads\/sites\/10\/2022\/09\/logo-prirodovedecka-fakulta.png","contentUrl":"https:\/\/www.upjs.sk\/app\/uploads\/sites\/10\/2022\/09\/logo-prirodovedecka-fakulta.png","width":415,"height":87,"caption":"Pr\u00edrodovedeck\u00e1 fakulta | UPJ\u0160"},"image":{"@id":"https:\/\/www.upjs.sk\/prirodovedecka-fakulta\/#\/schema\/logo\/image\/"}}]}},"_links":{"self":[{"href":"https:\/\/www.upjs.sk\/prirodovedecka-fakulta\/wp-json\/wp\/v2\/pages\/19624","targetHints":{"allow":["GET"]}}],"collection":[{"href":"https:\/\/www.upjs.sk\/prirodovedecka-fakulta\/wp-json\/wp\/v2\/pages"}],"about":[{"href":"https:\/\/www.upjs.sk\/prirodovedecka-fakulta\/wp-json\/wp\/v2\/types\/page"}],"author":[{"embeddable":true,"href":"https:\/\/www.upjs.sk\/prirodovedecka-fakulta\/wp-json\/wp\/v2\/users\/1"}],"replies":[{"embeddable":true,"href":"https:\/\/www.upjs.sk\/prirodovedecka-fakulta\/wp-json\/wp\/v2\/comments?post=19624"}],"version-history":[{"count":1,"href":"https:\/\/www.upjs.sk\/prirodovedecka-fakulta\/wp-json\/wp\/v2\/pages\/19624\/revisions"}],"predecessor-version":[{"id":20008,"href":"https:\/\/www.upjs.sk\/prirodovedecka-fakulta\/wp-json\/wp\/v2\/pages\/19624\/revisions\/20008"}],"up":[{"embeddable":true,"href":"https:\/\/www.upjs.sk\/prirodovedecka-fakulta\/wp-json\/wp\/v2\/pages\/17288"}],"wp:attachment":[{"href":"https:\/\/www.upjs.sk\/prirodovedecka-fakulta\/wp-json\/wp\/v2\/media?parent=19624"}],"wp:term":[{"taxonomy":"category","embeddable":true,"href":"https:\/\/www.upjs.sk\/prirodovedecka-fakulta\/wp-json\/wp\/v2\/categories?post=19624"},{"taxonomy":"post_tag","embeddable":true,"href":"https:\/\/www.upjs.sk\/prirodovedecka-fakulta\/wp-json\/wp\/v2\/tags?post=19624"}],"curies":[{"name":"wp","href":"https:\/\/api.w.org\/{rel}","templated":true}]}}