{"id":19653,"date":"2016-02-11T15:09:24","date_gmt":"2016-02-11T15:09:24","guid":{"rendered":"https:\/\/www.upjs.sk\/prirodovedecka-fakulta\/podpora-projektov\/12669-2\/"},"modified":"2022-10-26T08:15:16","modified_gmt":"2022-10-26T08:15:16","slug":"12669-2","status":"publish","type":"page","link":"https:\/\/www.upjs.sk\/prirodovedecka-fakulta\/podpora-projektov\/12669-2\/","title":{"rendered":"V\u00fdzva na predkladanie \u017doNFP na podporu Priemyseln\u00fdch v\u00fdskumno-v\u00fdvojov\u00fdch centier v oblastiach \u0161pecializ\u00e1cie RIS3 SK"},"content":{"rendered":"<p>\u00a0<\/p>\n<p><strong>Opera\u010dn\u00fd program:<\/strong> V\u00fdskum a inov\u00e1cie<\/p>\n<p style=\"text-align: justify;\"><strong>Zameranie:<\/strong> Podpora Priemyseln\u00fdch v\u00fdskumno-v\u00fdvojov\u00fdch centier v oblastiach \u0161pecializ\u00e1cie RIS3 SK<\/p>\n<p style=\"text-align: justify;\">V\u00a0s\u00falade so <strong>strategick\u00fdmi cie\u013emi RIS3 SK 1 a RIS3 SK 2<\/strong> je cie\u013eom v\u00fdzvy podpori\u0165 nov\u00e9, alebo existuj\u00face priemyseln\u00e9 v\u00fdskumno-v\u00fdvojov\u00e9 centr\u00e1 a ich v\u00fdskumno-v\u00fdvojov\u00e9 aktivity v r\u00e1mci dlhodob\u00fdch projektov, ktor\u00fdch doba trvania m\u00f4\u017ee by\u0165 a\u017e do konca programov\u00e9ho obdobia.<\/p>\n<p style=\"text-align: justify;\"><strong>Priemyseln\u00e9 v\u00fdskumno-v\u00fdvojov\u00e9 centrum \u2013 <\/strong>je v\u00fdskumn\u00e9 konzorcium (t.j. nie je to samostatn\u00fd pr\u00e1vny subjekt) funguj\u00face na z\u00e1klade partnerskej zmluvy, v ktorom l\u00eddrom je konkr\u00e9tny priemyseln\u00fd podnik, ktor\u00fd pre svoju \u010dinnos\u0165 potrebuje realizova\u0165 v\u00fdskum a v\u00fdvoj v konkr\u00e9tnej oblasti, ktor\u00e1 je spojen\u00e1 tematicky s jeho hospod\u00e1rskou \u010dinnos\u0165ou, pri\u010dom partnerom je minim\u00e1lne jedna v\u00fdskumn\u00e1 in\u0161tit\u00facia, alebo mal\u00fd, resp. stredn\u00fd podnik tak, aby v r\u00e1mci projektu do\u0161lo k efekt\u00edvnej spolupr\u00e1ci v zmysle sch\u00e9my \u0161t\u00e1tnej pomoci.<\/p>\n<p style=\"text-align: justify;\"><strong>Opr\u00e1vnen\u00fd \u017eiadate\u013e:<\/strong> Podnikate\u013esk\u00fd sektor VaV (mal\u00fd, stredn\u00fd, resp. ve\u013ek\u00fd podnik), ktor\u00fd v\u00a0r\u00e1mci svojich podnikate\u013esk\u00fdch \u010dinnost\u00ed uskuto\u010d\u0148uje aj VaV (opr\u00e1vnen\u00fd \u017eiadate\u013e m\u00f4\u017ee poda\u0165 projekt aj bez partnera)<\/p>\n<p style=\"text-align: justify;\"><strong>Opr\u00e1vnen\u00fd partner:<\/strong> sektor V\u0160, teda aj UPJ\u0160 so \u0161tandardn\u00fdm spolufinancovan\u00edm 5% (nie je definovan\u00fd podiel partnera na financovan\u00ed projektu \u2013 mohlo by to by\u0165 aj viac ako 50%)<\/p>\n<p style=\"text-align: justify;\"><strong>Opr\u00e1vnen\u00e9 aktivity:<\/strong><\/p>\n<ul>\n<li style=\"text-align: justify;\">realiz\u00e1cia z\u00e1kladn\u00e9ho v\u00fdskumu<\/li>\n<li style=\"text-align: justify;\">realiz\u00e1cia priemyseln\u00e9ho v\u00fdskumu<\/li>\n<li style=\"text-align: justify;\">realiz\u00e1cia experiment\u00e1lneho v\u00fdvoja<\/li>\n<\/ul>\n<p style=\"text-align: justify;\"><strong>V\u00fd\u0161ka pr\u00edspevku: <\/strong><\/p>\n<p style=\"margin-left: 2cm; text-align: justify;\">minim\u00e1lna: \u00a0\u00a0\u00a0\u00a0\u00a0\u00a0 1\u00a0000\u00a0000 \u20ac<\/p>\n<p style=\"margin-left: 2cm; text-align: justify;\">maxim\u00e1lna: \u00a0\u00a0\u00a0\u00a0\u00a0 7\u00a0000\u00a0000 \u20ac<\/p>\n<p style=\"text-align: justify;\"><strong>\u010casov\u00e1 realiz\u00e1cia:<\/strong><\/p>\n<p style=\"margin-left: 2cm; text-align: justify;\">minim\u00e1lna: \u00a0\u00a0\u00a0\u00a0\u00a0\u00a0 36 mesiacov<\/p>\n<p style=\"margin-left: 2cm; text-align: justify;\">maxim\u00e1lna: \u00a0\u00a0\u00a0\u00a0\u00a0 72 mesiacov<\/p>\n<p style=\"text-align: justify;\"><strong>Term\u00edny podania projektu: <\/strong><\/p>\n<p style=\"text-align: justify;\">31.3.2016, 31.5.2016, pr\u00edpadne \u010fal\u0161ie term\u00edny do vy\u010derpania alok\u00e1cie 200\u00a0000\u00a0000 \u20ac<\/p>\n<p style=\"text-align: justify;\"><strong>Cie\u013eov\u00e1 skupina rie\u0161ite\u013eov UPJ\u0160: <\/strong>v\u0161etky v\u00fdskumn\u00e9 t\u00edmy, ktor\u00e9 maj\u00fa potenci\u00e1l participova\u0165 na aktivit\u00e1ch projektu v\u00a0poz\u00edcii partnera.<\/p>\n<p>\u00a0<\/p>\n<p><strong>Podrobnej\u0161ie inform\u00e1cie: <\/strong><\/p>\n<p><a href=\"https:\/\/www.opvai.sk\/vyzvy\/dopytovo-orientovane-projekty\/opvai-va-dp-2016-1-2-1-01\/\" target=\"_blank\" rel=\"noopener\">https:\/\/www.opvai.sk\/vyzvy\/dopytovo-orientovane-projekty\/opvai-va-dp-2016-1-2-1-01\/<\/a><\/p>\n","protected":false},"excerpt":{"rendered":"<p>\u00a0 Opera\u010dn\u00fd program: V\u00fdskum a inov\u00e1cie Zameranie: Podpora Priemyseln\u00fdch v\u00fdskumno-v\u00fdvojov\u00fdch centier v oblastiach \u0161pecializ\u00e1cie RIS3 SK V\u00a0s\u00falade so strategick\u00fdmi cie\u013emi RIS3 SK 1 a RIS3 SK 2 je cie\u013eom v\u00fdzvy podpori\u0165 nov\u00e9, alebo existuj\u00face priemyseln\u00e9 v\u00fdskumno-v\u00fdvojov\u00e9 centr\u00e1 a ich v\u00fdskumno-v\u00fdvojov\u00e9 aktivity v r\u00e1mci dlhodob\u00fdch projektov, ktor\u00fdch doba trvania m\u00f4\u017ee by\u0165 a\u017e do konca programov\u00e9ho obdobia. &hellip; <a href=\"https:\/\/www.upjs.sk\/prirodovedecka-fakulta\/podpora-projektov\/12669-2\/\">\u010c\u00edta\u0165 \u010falej<\/a><\/p>\n","protected":false},"author":1,"featured_media":0,"parent":17288,"menu_order":43,"comment_status":"closed","ping_status":"closed","template":"","meta":{"_acf_changed":false,"_editorskit_title_hidden":false,"_editorskit_reading_time":0,"_editorskit_is_block_options_detached":false,"_editorskit_block_options_position":"{}","footnotes":""},"categories":[],"tags":[],"class_list":["post-19653","page","type-page","status-publish","hentry"],"acf":{"acf_link_na_externy_obsah":""},"yoast_head":"<!-- This site is optimized with the Yoast SEO plugin v27.2 - https:\/\/yoast.com\/product\/yoast-seo-wordpress\/ -->\n<title>V\u00fdzva na predkladanie \u017doNFP na podporu Priemyseln\u00fdch v\u00fdskumno-v\u00fdvojov\u00fdch centier v oblastiach \u0161pecializ\u00e1cie RIS3 SK - Pr\u00edrodovedeck\u00e1 fakulta | UPJ\u0160<\/title>\n<meta name=\"robots\" content=\"index, follow, max-snippet:-1, max-image-preview:large, max-video-preview:-1\" \/>\n<link rel=\"canonical\" href=\"https:\/\/www.upjs.sk\/prirodovedecka-fakulta\/podpora-projektov\/12669-2\/\" \/>\n<meta property=\"og:locale\" content=\"sk_SK\" \/>\n<meta property=\"og:type\" content=\"article\" \/>\n<meta property=\"og:title\" content=\"V\u00fdzva na predkladanie \u017doNFP na podporu Priemyseln\u00fdch v\u00fdskumno-v\u00fdvojov\u00fdch centier v oblastiach \u0161pecializ\u00e1cie RIS3 SK - Pr\u00edrodovedeck\u00e1 fakulta | UPJ\u0160\" \/>\n<meta property=\"og:description\" content=\"\u00a0 Opera\u010dn\u00fd program: V\u00fdskum a inov\u00e1cie Zameranie: Podpora Priemyseln\u00fdch v\u00fdskumno-v\u00fdvojov\u00fdch centier v oblastiach \u0161pecializ\u00e1cie RIS3 SK V\u00a0s\u00falade so strategick\u00fdmi cie\u013emi RIS3 SK 1 a RIS3 SK 2 je cie\u013eom v\u00fdzvy podpori\u0165 nov\u00e9, alebo existuj\u00face priemyseln\u00e9 v\u00fdskumno-v\u00fdvojov\u00e9 centr\u00e1 a ich v\u00fdskumno-v\u00fdvojov\u00e9 aktivity v r\u00e1mci dlhodob\u00fdch projektov, ktor\u00fdch doba trvania m\u00f4\u017ee by\u0165 a\u017e do konca programov\u00e9ho obdobia. &hellip; \u010c\u00edta\u0165 \u010falej\" \/>\n<meta property=\"og:url\" content=\"https:\/\/www.upjs.sk\/prirodovedecka-fakulta\/podpora-projektov\/12669-2\/\" \/>\n<meta property=\"og:site_name\" content=\"Pr\u00edrodovedeck\u00e1 fakulta | UPJ\u0160\" \/>\n<meta property=\"article:modified_time\" content=\"2022-10-26T08:15:16+00:00\" \/>\n<meta name=\"twitter:card\" content=\"summary_large_image\" \/>\n<meta name=\"twitter:label1\" content=\"Predpokladan\u00fd \u010das \u010d\u00edtania\" \/>\n\t<meta name=\"twitter:data1\" content=\"2 min\u00faty\" \/>\n<script type=\"application\/ld+json\" class=\"yoast-schema-graph\">{\"@context\":\"https:\/\/schema.org\",\"@graph\":[{\"@type\":\"WebPage\",\"@id\":\"https:\/\/www.upjs.sk\/prirodovedecka-fakulta\/podpora-projektov\/12669-2\/\",\"url\":\"https:\/\/www.upjs.sk\/prirodovedecka-fakulta\/podpora-projektov\/12669-2\/\",\"name\":\"V\u00fdzva na predkladanie \u017doNFP na podporu Priemyseln\u00fdch v\u00fdskumno-v\u00fdvojov\u00fdch centier v oblastiach \u0161pecializ\u00e1cie RIS3 SK - Pr\u00edrodovedeck\u00e1 fakulta | UPJ\u0160\",\"isPartOf\":{\"@id\":\"https:\/\/www.upjs.sk\/prirodovedecka-fakulta\/#website\"},\"datePublished\":\"2016-02-11T15:09:24+00:00\",\"dateModified\":\"2022-10-26T08:15:16+00:00\",\"breadcrumb\":{\"@id\":\"https:\/\/www.upjs.sk\/prirodovedecka-fakulta\/podpora-projektov\/12669-2\/#breadcrumb\"},\"inLanguage\":\"sk-SK\",\"potentialAction\":[{\"@type\":\"ReadAction\",\"target\":[\"https:\/\/www.upjs.sk\/prirodovedecka-fakulta\/podpora-projektov\/12669-2\/\"]}]},{\"@type\":\"BreadcrumbList\",\"@id\":\"https:\/\/www.upjs.sk\/prirodovedecka-fakulta\/podpora-projektov\/12669-2\/#breadcrumb\",\"itemListElement\":[{\"@type\":\"ListItem\",\"position\":1,\"name\":\"Home\",\"item\":\"https:\/\/www.upjs.sk\/prirodovedecka-fakulta\/\"},{\"@type\":\"ListItem\",\"position\":2,\"name\":\"Podpora projektov\",\"item\":\"https:\/\/www.upjs.sk\/prirodovedecka-fakulta\/podpora-projektov\/\"},{\"@type\":\"ListItem\",\"position\":3,\"name\":\"V\u00fdzva na predkladanie \u017doNFP na podporu Priemyseln\u00fdch v\u00fdskumno-v\u00fdvojov\u00fdch centier v oblastiach \u0161pecializ\u00e1cie RIS3 SK\"}]},{\"@type\":\"WebSite\",\"@id\":\"https:\/\/www.upjs.sk\/prirodovedecka-fakulta\/#website\",\"url\":\"https:\/\/www.upjs.sk\/prirodovedecka-fakulta\/\",\"name\":\"Pr\u00edrodovedeck\u00e1 fakulta | UPJ\u0160\",\"description\":\"\",\"publisher\":{\"@id\":\"https:\/\/www.upjs.sk\/prirodovedecka-fakulta\/#organization\"},\"potentialAction\":[{\"@type\":\"SearchAction\",\"target\":{\"@type\":\"EntryPoint\",\"urlTemplate\":\"https:\/\/www.upjs.sk\/prirodovedecka-fakulta\/?s={search_term_string}\"},\"query-input\":{\"@type\":\"PropertyValueSpecification\",\"valueRequired\":true,\"valueName\":\"search_term_string\"}}],\"inLanguage\":\"sk-SK\"},{\"@type\":\"Organization\",\"@id\":\"https:\/\/www.upjs.sk\/prirodovedecka-fakulta\/#organization\",\"name\":\"Pr\u00edrodovedeck\u00e1 fakulta | UPJ\u0160\",\"url\":\"https:\/\/www.upjs.sk\/prirodovedecka-fakulta\/\",\"logo\":{\"@type\":\"ImageObject\",\"inLanguage\":\"sk-SK\",\"@id\":\"https:\/\/www.upjs.sk\/prirodovedecka-fakulta\/#\/schema\/logo\/image\/\",\"url\":\"https:\/\/www.upjs.sk\/app\/uploads\/sites\/10\/2022\/09\/logo-prirodovedecka-fakulta.png\",\"contentUrl\":\"https:\/\/www.upjs.sk\/app\/uploads\/sites\/10\/2022\/09\/logo-prirodovedecka-fakulta.png\",\"width\":415,\"height\":87,\"caption\":\"Pr\u00edrodovedeck\u00e1 fakulta | UPJ\u0160\"},\"image\":{\"@id\":\"https:\/\/www.upjs.sk\/prirodovedecka-fakulta\/#\/schema\/logo\/image\/\"}}]}<\/script>\n<!-- \/ Yoast SEO plugin. -->","yoast_head_json":{"title":"V\u00fdzva na predkladanie \u017doNFP na podporu Priemyseln\u00fdch v\u00fdskumno-v\u00fdvojov\u00fdch centier v oblastiach \u0161pecializ\u00e1cie RIS3 SK - Pr\u00edrodovedeck\u00e1 fakulta | UPJ\u0160","robots":{"index":"index","follow":"follow","max-snippet":"max-snippet:-1","max-image-preview":"max-image-preview:large","max-video-preview":"max-video-preview:-1"},"canonical":"https:\/\/www.upjs.sk\/prirodovedecka-fakulta\/podpora-projektov\/12669-2\/","og_locale":"sk_SK","og_type":"article","og_title":"V\u00fdzva na predkladanie \u017doNFP na podporu Priemyseln\u00fdch v\u00fdskumno-v\u00fdvojov\u00fdch centier v oblastiach \u0161pecializ\u00e1cie RIS3 SK - Pr\u00edrodovedeck\u00e1 fakulta | UPJ\u0160","og_description":"\u00a0 Opera\u010dn\u00fd program: V\u00fdskum a inov\u00e1cie Zameranie: Podpora Priemyseln\u00fdch v\u00fdskumno-v\u00fdvojov\u00fdch centier v oblastiach \u0161pecializ\u00e1cie RIS3 SK V\u00a0s\u00falade so strategick\u00fdmi cie\u013emi RIS3 SK 1 a RIS3 SK 2 je cie\u013eom v\u00fdzvy podpori\u0165 nov\u00e9, alebo existuj\u00face priemyseln\u00e9 v\u00fdskumno-v\u00fdvojov\u00e9 centr\u00e1 a ich v\u00fdskumno-v\u00fdvojov\u00e9 aktivity v r\u00e1mci dlhodob\u00fdch projektov, ktor\u00fdch doba trvania m\u00f4\u017ee by\u0165 a\u017e do konca programov\u00e9ho obdobia. &hellip; \u010c\u00edta\u0165 \u010falej","og_url":"https:\/\/www.upjs.sk\/prirodovedecka-fakulta\/podpora-projektov\/12669-2\/","og_site_name":"Pr\u00edrodovedeck\u00e1 fakulta | UPJ\u0160","article_modified_time":"2022-10-26T08:15:16+00:00","twitter_card":"summary_large_image","twitter_misc":{"Predpokladan\u00fd \u010das \u010d\u00edtania":"2 min\u00faty"},"schema":{"@context":"https:\/\/schema.org","@graph":[{"@type":"WebPage","@id":"https:\/\/www.upjs.sk\/prirodovedecka-fakulta\/podpora-projektov\/12669-2\/","url":"https:\/\/www.upjs.sk\/prirodovedecka-fakulta\/podpora-projektov\/12669-2\/","name":"V\u00fdzva na predkladanie \u017doNFP na podporu Priemyseln\u00fdch v\u00fdskumno-v\u00fdvojov\u00fdch centier v oblastiach \u0161pecializ\u00e1cie RIS3 SK - Pr\u00edrodovedeck\u00e1 fakulta | UPJ\u0160","isPartOf":{"@id":"https:\/\/www.upjs.sk\/prirodovedecka-fakulta\/#website"},"datePublished":"2016-02-11T15:09:24+00:00","dateModified":"2022-10-26T08:15:16+00:00","breadcrumb":{"@id":"https:\/\/www.upjs.sk\/prirodovedecka-fakulta\/podpora-projektov\/12669-2\/#breadcrumb"},"inLanguage":"sk-SK","potentialAction":[{"@type":"ReadAction","target":["https:\/\/www.upjs.sk\/prirodovedecka-fakulta\/podpora-projektov\/12669-2\/"]}]},{"@type":"BreadcrumbList","@id":"https:\/\/www.upjs.sk\/prirodovedecka-fakulta\/podpora-projektov\/12669-2\/#breadcrumb","itemListElement":[{"@type":"ListItem","position":1,"name":"Home","item":"https:\/\/www.upjs.sk\/prirodovedecka-fakulta\/"},{"@type":"ListItem","position":2,"name":"Podpora projektov","item":"https:\/\/www.upjs.sk\/prirodovedecka-fakulta\/podpora-projektov\/"},{"@type":"ListItem","position":3,"name":"V\u00fdzva na predkladanie \u017doNFP na podporu Priemyseln\u00fdch v\u00fdskumno-v\u00fdvojov\u00fdch centier v oblastiach \u0161pecializ\u00e1cie RIS3 SK"}]},{"@type":"WebSite","@id":"https:\/\/www.upjs.sk\/prirodovedecka-fakulta\/#website","url":"https:\/\/www.upjs.sk\/prirodovedecka-fakulta\/","name":"Pr\u00edrodovedeck\u00e1 fakulta | UPJ\u0160","description":"","publisher":{"@id":"https:\/\/www.upjs.sk\/prirodovedecka-fakulta\/#organization"},"potentialAction":[{"@type":"SearchAction","target":{"@type":"EntryPoint","urlTemplate":"https:\/\/www.upjs.sk\/prirodovedecka-fakulta\/?s={search_term_string}"},"query-input":{"@type":"PropertyValueSpecification","valueRequired":true,"valueName":"search_term_string"}}],"inLanguage":"sk-SK"},{"@type":"Organization","@id":"https:\/\/www.upjs.sk\/prirodovedecka-fakulta\/#organization","name":"Pr\u00edrodovedeck\u00e1 fakulta | UPJ\u0160","url":"https:\/\/www.upjs.sk\/prirodovedecka-fakulta\/","logo":{"@type":"ImageObject","inLanguage":"sk-SK","@id":"https:\/\/www.upjs.sk\/prirodovedecka-fakulta\/#\/schema\/logo\/image\/","url":"https:\/\/www.upjs.sk\/app\/uploads\/sites\/10\/2022\/09\/logo-prirodovedecka-fakulta.png","contentUrl":"https:\/\/www.upjs.sk\/app\/uploads\/sites\/10\/2022\/09\/logo-prirodovedecka-fakulta.png","width":415,"height":87,"caption":"Pr\u00edrodovedeck\u00e1 fakulta | UPJ\u0160"},"image":{"@id":"https:\/\/www.upjs.sk\/prirodovedecka-fakulta\/#\/schema\/logo\/image\/"}}]}},"_links":{"self":[{"href":"https:\/\/www.upjs.sk\/prirodovedecka-fakulta\/wp-json\/wp\/v2\/pages\/19653","targetHints":{"allow":["GET"]}}],"collection":[{"href":"https:\/\/www.upjs.sk\/prirodovedecka-fakulta\/wp-json\/wp\/v2\/pages"}],"about":[{"href":"https:\/\/www.upjs.sk\/prirodovedecka-fakulta\/wp-json\/wp\/v2\/types\/page"}],"author":[{"embeddable":true,"href":"https:\/\/www.upjs.sk\/prirodovedecka-fakulta\/wp-json\/wp\/v2\/users\/1"}],"replies":[{"embeddable":true,"href":"https:\/\/www.upjs.sk\/prirodovedecka-fakulta\/wp-json\/wp\/v2\/comments?post=19653"}],"version-history":[{"count":1,"href":"https:\/\/www.upjs.sk\/prirodovedecka-fakulta\/wp-json\/wp\/v2\/pages\/19653\/revisions"}],"predecessor-version":[{"id":20020,"href":"https:\/\/www.upjs.sk\/prirodovedecka-fakulta\/wp-json\/wp\/v2\/pages\/19653\/revisions\/20020"}],"up":[{"embeddable":true,"href":"https:\/\/www.upjs.sk\/prirodovedecka-fakulta\/wp-json\/wp\/v2\/pages\/17288"}],"wp:attachment":[{"href":"https:\/\/www.upjs.sk\/prirodovedecka-fakulta\/wp-json\/wp\/v2\/media?parent=19653"}],"wp:term":[{"taxonomy":"category","embeddable":true,"href":"https:\/\/www.upjs.sk\/prirodovedecka-fakulta\/wp-json\/wp\/v2\/categories?post=19653"},{"taxonomy":"post_tag","embeddable":true,"href":"https:\/\/www.upjs.sk\/prirodovedecka-fakulta\/wp-json\/wp\/v2\/tags?post=19653"}],"curies":[{"name":"wp","href":"https:\/\/api.w.org\/{rel}","templated":true}]}}