{"id":19654,"date":"2016-02-17T13:51:39","date_gmt":"2016-02-17T13:51:39","guid":{"rendered":"https:\/\/www.upjs.sk\/prirodovedecka-fakulta\/podpora-projektov\/12727-2\/"},"modified":"2022-10-26T08:15:16","modified_gmt":"2022-10-26T08:15:16","slug":"12727-2","status":"publish","type":"page","link":"https:\/\/www.upjs.sk\/prirodovedecka-fakulta\/podpora-projektov\/12727-2\/","title":{"rendered":"V\u00fdzva na predkladanie \u017eiadost\u00ed o dot\u00e1ciu na rok 2016 v oblasti medzin\u00e1rodn\u00fdch vz\u0165ahov a zahrani\u010dnej politiky Slovenskej republiky zameran\u00e1 na predsedn\u00edctvo Slovenskej republiky v Rade Eur\u00f3pskej \u00danie (SK PRES)"},"content":{"rendered":"<p style=\"text-align: justify;\"><strong>Zad\u00e1vate\u013e GS:<\/strong> Ministerstvo zahrani\u010dn\u00fdch vec\u00ed a eur\u00f3pskych z\u00e1le\u017eitost\u00ed Slovenskej republiky (MZVaEZ SR)<\/p>\n<p style=\"text-align: justify;\"><strong>Zameranie:<\/strong> podpora podujat\u00ed, ktor\u00e9 zapoja \u0161irok\u00fa verejnos\u0165 do SK PRES a zv\u00fd\u0161ia informovanos\u0165 o predsedn\u00edctve v slovensk\u00fdch regi\u00f3noch.<\/p>\n<p style=\"text-align: justify;\">Hlavn\u00fdm cie\u013eom poskytovania dot\u00e1ci\u00ed v p\u00f4sobnosti MZVaEZ SR je vyu\u017eitie expert\u00edzy mimovl\u00e1dneho sektora a akademickej obce pri tvorbe zahrani\u010dnej politiky SR, ako aj podpora verejnej diskusie na t\u00e9my medzin\u00e1rodn\u00fdch vz\u0165ahov a zahrani\u010dnej politiky SR. Cie\u013eom v\u00fdzvy je oslovi\u0165 \u0161irok\u00fa verejnos\u0165 naprie\u010d\u00a0 regi\u00f3nmi prostredn\u00edctvom aktiv\u00edt, odborn\u00fdch \u0161t\u00fadi\u00ed, anal\u00fdz, tematick\u00fdch publik\u00e1ci\u00ed a verejno-vzdel\u00e1vac\u00edch podujat\u00ed s\u00favisiacich s predsedn\u00edctvom<\/p>\n<p style=\"text-align: justify;\"><strong>Opr\u00e1vnen\u00fd \u017eiadate\u013e:<\/strong><\/p>\n<ul style=\"list-style-type:circle;\">\n<li style=\"text-align: justify;\">ob\u010dianske zdru\u017eenie,<\/li>\n<li style=\"text-align: justify;\">nad\u00e1cia,<\/li>\n<li style=\"text-align: justify;\">z\u00e1ujmov\u00e9 zdru\u017eenie pr\u00e1vnick\u00fdch os\u00f4b, ktor\u00e9 je pr\u00e1vnickou osobou,<\/li>\n<li style=\"text-align: justify;\">neziskov\u00e1 organiz\u00e1cia poskytuj\u00faca v\u0161eobecne prospe\u0161n\u00e9 slu\u017eby,<\/li>\n<li style=\"text-align: justify;\"><strong><u>pr\u00e1vnick\u00e1 osoba zriaden\u00e1 z\u00e1konom<\/u><\/strong> alebo<\/li>\n<li style=\"text-align: justify;\">fyzick\u00e1 osoba.<\/li>\n<\/ul>\n<p style=\"text-align: justify;\"><strong>Opr\u00e1vnen\u00e9 aktivity:<\/strong><\/p>\n<ul>\n<li style=\"text-align: justify;\">podujatia a\u00a0aktivity za \u00fa\u010delom zv\u00fd\u0161enia informovanosti slovenskej verejnosti o\u00a0predsedn\u00edctve SR v Rade E\u00da, o \u00fanii a \u010dlenstve SR v nej, ako aj pr\u00edspevok k\u00a0spolo\u010dn\u00e9mu vlastn\u00edctvu SK PRES \u0161irokou verejnos\u0165ou, pr\u00edpadne tematick\u00fd presah podujat\u00ed a aktiv\u00edt na SK PRES a\u00a0ich rovnomern\u00e1 geografick\u00e1 distrib\u00facia v regi\u00f3noch<\/li>\n<\/ul>\n<p style=\"text-align: justify;\"><strong>Na v\u00fdzvu v roku 2016 bolo vy\u010dlenen\u00fdch 320 000 EUR.<\/strong><\/p>\n<p style=\"text-align: justify;\"><strong>V\u00fd\u0161ka pr\u00edspevku: <\/strong>v\u00fd\u0161ka sumy, o ktor\u00fa mo\u017eno \u017eiada\u0165, je ohrani\u010den\u00e1 sumou vy\u010dlenenou na financovanie dota\u010dnej sch\u00e9my a po\u010dtom a kvalitou doru\u010den\u00fdch \u017eiadost\u00ed.<\/p>\n<p style=\"text-align: justify;\"><strong>Spolufinancovanie:<\/strong> najmenej vo v\u00fd\u0161ke 5 %<\/p>\n<p style=\"text-align: justify;\"><strong>\u010casov\u00e1 realiz\u00e1cia: <\/strong>do konca roku 2016, predpoklad za\u010diatku realiz\u00e1cie &#8211; na prelome apr\u00edla a m\u00e1ja 2016.<\/p>\n<p style=\"text-align: justify;\"><strong><u>Term\u00edn podania projektu: 11. marec 2016<\/u><\/strong><\/p>\n<p style=\"text-align: justify;\"><strong>Cie\u013eov\u00e1 skupina rie\u0161ite\u013eov UPJ\u0160: <\/strong>ka\u017ed\u00fd, kto m\u00e1 potenci\u00e1l realizova\u0165 projekt.<\/p>\n<p style=\"text-align: justify;\">\u00a0<\/p>\n<p style=\"text-align: justify;\"><strong>Podrobnej\u0161ie inform\u00e1cie: <\/strong><\/p>\n<p style=\"text-align: justify;\"><a href=\"http:\/\/www.mzv.sk\/europske_zalezitosti\/predsednictvo_v_rade_eu-grantova_schema_predsednictva_pre_mimovladne_organizacie_a_skoly\" target=\"_blank\" rel=\"noopener\">http:\/\/www.mzv.sk\/europske_zalezitosti\/predsednictvo_v_rade_eu-grantova_schema_predsednictva_pre_mimovladne_organizacie_a_skoly<\/a><\/p>\n","protected":false},"excerpt":{"rendered":"<p>Zad\u00e1vate\u013e GS: Ministerstvo zahrani\u010dn\u00fdch vec\u00ed a eur\u00f3pskych z\u00e1le\u017eitost\u00ed Slovenskej republiky (MZVaEZ SR) Zameranie: podpora podujat\u00ed, ktor\u00e9 zapoja \u0161irok\u00fa verejnos\u0165 do SK PRES a zv\u00fd\u0161ia informovanos\u0165 o predsedn\u00edctve v slovensk\u00fdch regi\u00f3noch. Hlavn\u00fdm cie\u013eom poskytovania dot\u00e1ci\u00ed v p\u00f4sobnosti MZVaEZ SR je vyu\u017eitie expert\u00edzy mimovl\u00e1dneho sektora a akademickej obce pri tvorbe zahrani\u010dnej politiky SR, ako aj podpora verejnej &hellip; <a href=\"https:\/\/www.upjs.sk\/prirodovedecka-fakulta\/podpora-projektov\/12727-2\/\">\u010c\u00edta\u0165 \u010falej<\/a><\/p>\n","protected":false},"author":1,"featured_media":0,"parent":17288,"menu_order":44,"comment_status":"closed","ping_status":"closed","template":"","meta":{"_acf_changed":false,"_editorskit_title_hidden":false,"_editorskit_reading_time":0,"_editorskit_is_block_options_detached":false,"_editorskit_block_options_position":"{}","footnotes":""},"categories":[],"tags":[],"class_list":["post-19654","page","type-page","status-publish","hentry"],"acf":{"acf_link_na_externy_obsah":""},"yoast_head":"<!-- This site is optimized with the Yoast SEO plugin v27.2 - https:\/\/yoast.com\/product\/yoast-seo-wordpress\/ -->\n<title>V\u00fdzva na predkladanie \u017eiadost\u00ed o dot\u00e1ciu na rok 2016 v oblasti medzin\u00e1rodn\u00fdch vz\u0165ahov a zahrani\u010dnej politiky Slovenskej republiky zameran\u00e1 na predsedn\u00edctvo Slovenskej republiky v Rade Eur\u00f3pskej \u00danie (SK PRES) - Pr\u00edrodovedeck\u00e1 fakulta | UPJ\u0160<\/title>\n<meta name=\"robots\" content=\"index, follow, max-snippet:-1, max-image-preview:large, max-video-preview:-1\" \/>\n<link rel=\"canonical\" href=\"https:\/\/www.upjs.sk\/prirodovedecka-fakulta\/podpora-projektov\/12727-2\/\" \/>\n<meta property=\"og:locale\" content=\"sk_SK\" \/>\n<meta property=\"og:type\" content=\"article\" \/>\n<meta property=\"og:title\" content=\"V\u00fdzva na predkladanie \u017eiadost\u00ed o dot\u00e1ciu na rok 2016 v oblasti medzin\u00e1rodn\u00fdch vz\u0165ahov a zahrani\u010dnej politiky Slovenskej republiky zameran\u00e1 na predsedn\u00edctvo Slovenskej republiky v Rade Eur\u00f3pskej \u00danie (SK PRES) - Pr\u00edrodovedeck\u00e1 fakulta | UPJ\u0160\" \/>\n<meta property=\"og:description\" content=\"Zad\u00e1vate\u013e GS: Ministerstvo zahrani\u010dn\u00fdch vec\u00ed a eur\u00f3pskych z\u00e1le\u017eitost\u00ed Slovenskej republiky (MZVaEZ SR) Zameranie: podpora podujat\u00ed, ktor\u00e9 zapoja \u0161irok\u00fa verejnos\u0165 do SK PRES a zv\u00fd\u0161ia informovanos\u0165 o predsedn\u00edctve v slovensk\u00fdch regi\u00f3noch. Hlavn\u00fdm cie\u013eom poskytovania dot\u00e1ci\u00ed v p\u00f4sobnosti MZVaEZ SR je vyu\u017eitie expert\u00edzy mimovl\u00e1dneho sektora a akademickej obce pri tvorbe zahrani\u010dnej politiky SR, ako aj podpora verejnej &hellip; \u010c\u00edta\u0165 \u010falej\" \/>\n<meta property=\"og:url\" content=\"https:\/\/www.upjs.sk\/prirodovedecka-fakulta\/podpora-projektov\/12727-2\/\" \/>\n<meta property=\"og:site_name\" content=\"Pr\u00edrodovedeck\u00e1 fakulta | UPJ\u0160\" \/>\n<meta property=\"article:modified_time\" content=\"2022-10-26T08:15:16+00:00\" \/>\n<meta name=\"twitter:card\" content=\"summary_large_image\" \/>\n<meta name=\"twitter:label1\" content=\"Predpokladan\u00fd \u010das \u010d\u00edtania\" \/>\n\t<meta name=\"twitter:data1\" content=\"2 min\u00faty\" \/>\n<script type=\"application\/ld+json\" class=\"yoast-schema-graph\">{\"@context\":\"https:\/\/schema.org\",\"@graph\":[{\"@type\":\"WebPage\",\"@id\":\"https:\/\/www.upjs.sk\/prirodovedecka-fakulta\/podpora-projektov\/12727-2\/\",\"url\":\"https:\/\/www.upjs.sk\/prirodovedecka-fakulta\/podpora-projektov\/12727-2\/\",\"name\":\"V\u00fdzva na predkladanie \u017eiadost\u00ed o dot\u00e1ciu na rok 2016 v oblasti medzin\u00e1rodn\u00fdch vz\u0165ahov a zahrani\u010dnej politiky Slovenskej republiky zameran\u00e1 na predsedn\u00edctvo Slovenskej republiky v Rade Eur\u00f3pskej \u00danie (SK PRES) - Pr\u00edrodovedeck\u00e1 fakulta | UPJ\u0160\",\"isPartOf\":{\"@id\":\"https:\/\/www.upjs.sk\/prirodovedecka-fakulta\/#website\"},\"datePublished\":\"2016-02-17T13:51:39+00:00\",\"dateModified\":\"2022-10-26T08:15:16+00:00\",\"breadcrumb\":{\"@id\":\"https:\/\/www.upjs.sk\/prirodovedecka-fakulta\/podpora-projektov\/12727-2\/#breadcrumb\"},\"inLanguage\":\"sk-SK\",\"potentialAction\":[{\"@type\":\"ReadAction\",\"target\":[\"https:\/\/www.upjs.sk\/prirodovedecka-fakulta\/podpora-projektov\/12727-2\/\"]}]},{\"@type\":\"BreadcrumbList\",\"@id\":\"https:\/\/www.upjs.sk\/prirodovedecka-fakulta\/podpora-projektov\/12727-2\/#breadcrumb\",\"itemListElement\":[{\"@type\":\"ListItem\",\"position\":1,\"name\":\"Home\",\"item\":\"https:\/\/www.upjs.sk\/prirodovedecka-fakulta\/\"},{\"@type\":\"ListItem\",\"position\":2,\"name\":\"Podpora projektov\",\"item\":\"https:\/\/www.upjs.sk\/prirodovedecka-fakulta\/podpora-projektov\/\"},{\"@type\":\"ListItem\",\"position\":3,\"name\":\"V\u00fdzva na predkladanie \u017eiadost\u00ed o dot\u00e1ciu na rok 2016 v oblasti medzin\u00e1rodn\u00fdch vz\u0165ahov a zahrani\u010dnej politiky Slovenskej republiky zameran\u00e1 na predsedn\u00edctvo Slovenskej republiky v Rade Eur\u00f3pskej \u00danie (SK PRES)\"}]},{\"@type\":\"WebSite\",\"@id\":\"https:\/\/www.upjs.sk\/prirodovedecka-fakulta\/#website\",\"url\":\"https:\/\/www.upjs.sk\/prirodovedecka-fakulta\/\",\"name\":\"Pr\u00edrodovedeck\u00e1 fakulta | UPJ\u0160\",\"description\":\"\",\"publisher\":{\"@id\":\"https:\/\/www.upjs.sk\/prirodovedecka-fakulta\/#organization\"},\"potentialAction\":[{\"@type\":\"SearchAction\",\"target\":{\"@type\":\"EntryPoint\",\"urlTemplate\":\"https:\/\/www.upjs.sk\/prirodovedecka-fakulta\/?s={search_term_string}\"},\"query-input\":{\"@type\":\"PropertyValueSpecification\",\"valueRequired\":true,\"valueName\":\"search_term_string\"}}],\"inLanguage\":\"sk-SK\"},{\"@type\":\"Organization\",\"@id\":\"https:\/\/www.upjs.sk\/prirodovedecka-fakulta\/#organization\",\"name\":\"Pr\u00edrodovedeck\u00e1 fakulta | UPJ\u0160\",\"url\":\"https:\/\/www.upjs.sk\/prirodovedecka-fakulta\/\",\"logo\":{\"@type\":\"ImageObject\",\"inLanguage\":\"sk-SK\",\"@id\":\"https:\/\/www.upjs.sk\/prirodovedecka-fakulta\/#\/schema\/logo\/image\/\",\"url\":\"https:\/\/www.upjs.sk\/app\/uploads\/sites\/10\/2022\/09\/logo-prirodovedecka-fakulta.png\",\"contentUrl\":\"https:\/\/www.upjs.sk\/app\/uploads\/sites\/10\/2022\/09\/logo-prirodovedecka-fakulta.png\",\"width\":415,\"height\":87,\"caption\":\"Pr\u00edrodovedeck\u00e1 fakulta | UPJ\u0160\"},\"image\":{\"@id\":\"https:\/\/www.upjs.sk\/prirodovedecka-fakulta\/#\/schema\/logo\/image\/\"}}]}<\/script>\n<!-- \/ Yoast SEO plugin. -->","yoast_head_json":{"title":"V\u00fdzva na predkladanie \u017eiadost\u00ed o dot\u00e1ciu na rok 2016 v oblasti medzin\u00e1rodn\u00fdch vz\u0165ahov a zahrani\u010dnej politiky Slovenskej republiky zameran\u00e1 na predsedn\u00edctvo Slovenskej republiky v Rade Eur\u00f3pskej \u00danie (SK PRES) - Pr\u00edrodovedeck\u00e1 fakulta | UPJ\u0160","robots":{"index":"index","follow":"follow","max-snippet":"max-snippet:-1","max-image-preview":"max-image-preview:large","max-video-preview":"max-video-preview:-1"},"canonical":"https:\/\/www.upjs.sk\/prirodovedecka-fakulta\/podpora-projektov\/12727-2\/","og_locale":"sk_SK","og_type":"article","og_title":"V\u00fdzva na predkladanie \u017eiadost\u00ed o dot\u00e1ciu na rok 2016 v oblasti medzin\u00e1rodn\u00fdch vz\u0165ahov a zahrani\u010dnej politiky Slovenskej republiky zameran\u00e1 na predsedn\u00edctvo Slovenskej republiky v Rade Eur\u00f3pskej \u00danie (SK PRES) - Pr\u00edrodovedeck\u00e1 fakulta | UPJ\u0160","og_description":"Zad\u00e1vate\u013e GS: Ministerstvo zahrani\u010dn\u00fdch vec\u00ed a eur\u00f3pskych z\u00e1le\u017eitost\u00ed Slovenskej republiky (MZVaEZ SR) Zameranie: podpora podujat\u00ed, ktor\u00e9 zapoja \u0161irok\u00fa verejnos\u0165 do SK PRES a zv\u00fd\u0161ia informovanos\u0165 o predsedn\u00edctve v slovensk\u00fdch regi\u00f3noch. Hlavn\u00fdm cie\u013eom poskytovania dot\u00e1ci\u00ed v p\u00f4sobnosti MZVaEZ SR je vyu\u017eitie expert\u00edzy mimovl\u00e1dneho sektora a akademickej obce pri tvorbe zahrani\u010dnej politiky SR, ako aj podpora verejnej &hellip; \u010c\u00edta\u0165 \u010falej","og_url":"https:\/\/www.upjs.sk\/prirodovedecka-fakulta\/podpora-projektov\/12727-2\/","og_site_name":"Pr\u00edrodovedeck\u00e1 fakulta | UPJ\u0160","article_modified_time":"2022-10-26T08:15:16+00:00","twitter_card":"summary_large_image","twitter_misc":{"Predpokladan\u00fd \u010das \u010d\u00edtania":"2 min\u00faty"},"schema":{"@context":"https:\/\/schema.org","@graph":[{"@type":"WebPage","@id":"https:\/\/www.upjs.sk\/prirodovedecka-fakulta\/podpora-projektov\/12727-2\/","url":"https:\/\/www.upjs.sk\/prirodovedecka-fakulta\/podpora-projektov\/12727-2\/","name":"V\u00fdzva na predkladanie \u017eiadost\u00ed o dot\u00e1ciu na rok 2016 v oblasti medzin\u00e1rodn\u00fdch vz\u0165ahov a zahrani\u010dnej politiky Slovenskej republiky zameran\u00e1 na predsedn\u00edctvo Slovenskej republiky v Rade Eur\u00f3pskej \u00danie (SK PRES) - Pr\u00edrodovedeck\u00e1 fakulta | UPJ\u0160","isPartOf":{"@id":"https:\/\/www.upjs.sk\/prirodovedecka-fakulta\/#website"},"datePublished":"2016-02-17T13:51:39+00:00","dateModified":"2022-10-26T08:15:16+00:00","breadcrumb":{"@id":"https:\/\/www.upjs.sk\/prirodovedecka-fakulta\/podpora-projektov\/12727-2\/#breadcrumb"},"inLanguage":"sk-SK","potentialAction":[{"@type":"ReadAction","target":["https:\/\/www.upjs.sk\/prirodovedecka-fakulta\/podpora-projektov\/12727-2\/"]}]},{"@type":"BreadcrumbList","@id":"https:\/\/www.upjs.sk\/prirodovedecka-fakulta\/podpora-projektov\/12727-2\/#breadcrumb","itemListElement":[{"@type":"ListItem","position":1,"name":"Home","item":"https:\/\/www.upjs.sk\/prirodovedecka-fakulta\/"},{"@type":"ListItem","position":2,"name":"Podpora projektov","item":"https:\/\/www.upjs.sk\/prirodovedecka-fakulta\/podpora-projektov\/"},{"@type":"ListItem","position":3,"name":"V\u00fdzva na predkladanie \u017eiadost\u00ed o dot\u00e1ciu na rok 2016 v oblasti medzin\u00e1rodn\u00fdch vz\u0165ahov a zahrani\u010dnej politiky Slovenskej republiky zameran\u00e1 na predsedn\u00edctvo Slovenskej republiky v Rade Eur\u00f3pskej \u00danie (SK PRES)"}]},{"@type":"WebSite","@id":"https:\/\/www.upjs.sk\/prirodovedecka-fakulta\/#website","url":"https:\/\/www.upjs.sk\/prirodovedecka-fakulta\/","name":"Pr\u00edrodovedeck\u00e1 fakulta | UPJ\u0160","description":"","publisher":{"@id":"https:\/\/www.upjs.sk\/prirodovedecka-fakulta\/#organization"},"potentialAction":[{"@type":"SearchAction","target":{"@type":"EntryPoint","urlTemplate":"https:\/\/www.upjs.sk\/prirodovedecka-fakulta\/?s={search_term_string}"},"query-input":{"@type":"PropertyValueSpecification","valueRequired":true,"valueName":"search_term_string"}}],"inLanguage":"sk-SK"},{"@type":"Organization","@id":"https:\/\/www.upjs.sk\/prirodovedecka-fakulta\/#organization","name":"Pr\u00edrodovedeck\u00e1 fakulta | UPJ\u0160","url":"https:\/\/www.upjs.sk\/prirodovedecka-fakulta\/","logo":{"@type":"ImageObject","inLanguage":"sk-SK","@id":"https:\/\/www.upjs.sk\/prirodovedecka-fakulta\/#\/schema\/logo\/image\/","url":"https:\/\/www.upjs.sk\/app\/uploads\/sites\/10\/2022\/09\/logo-prirodovedecka-fakulta.png","contentUrl":"https:\/\/www.upjs.sk\/app\/uploads\/sites\/10\/2022\/09\/logo-prirodovedecka-fakulta.png","width":415,"height":87,"caption":"Pr\u00edrodovedeck\u00e1 fakulta | UPJ\u0160"},"image":{"@id":"https:\/\/www.upjs.sk\/prirodovedecka-fakulta\/#\/schema\/logo\/image\/"}}]}},"_links":{"self":[{"href":"https:\/\/www.upjs.sk\/prirodovedecka-fakulta\/wp-json\/wp\/v2\/pages\/19654","targetHints":{"allow":["GET"]}}],"collection":[{"href":"https:\/\/www.upjs.sk\/prirodovedecka-fakulta\/wp-json\/wp\/v2\/pages"}],"about":[{"href":"https:\/\/www.upjs.sk\/prirodovedecka-fakulta\/wp-json\/wp\/v2\/types\/page"}],"author":[{"embeddable":true,"href":"https:\/\/www.upjs.sk\/prirodovedecka-fakulta\/wp-json\/wp\/v2\/users\/1"}],"replies":[{"embeddable":true,"href":"https:\/\/www.upjs.sk\/prirodovedecka-fakulta\/wp-json\/wp\/v2\/comments?post=19654"}],"version-history":[{"count":1,"href":"https:\/\/www.upjs.sk\/prirodovedecka-fakulta\/wp-json\/wp\/v2\/pages\/19654\/revisions"}],"predecessor-version":[{"id":20021,"href":"https:\/\/www.upjs.sk\/prirodovedecka-fakulta\/wp-json\/wp\/v2\/pages\/19654\/revisions\/20021"}],"up":[{"embeddable":true,"href":"https:\/\/www.upjs.sk\/prirodovedecka-fakulta\/wp-json\/wp\/v2\/pages\/17288"}],"wp:attachment":[{"href":"https:\/\/www.upjs.sk\/prirodovedecka-fakulta\/wp-json\/wp\/v2\/media?parent=19654"}],"wp:term":[{"taxonomy":"category","embeddable":true,"href":"https:\/\/www.upjs.sk\/prirodovedecka-fakulta\/wp-json\/wp\/v2\/categories?post=19654"},{"taxonomy":"post_tag","embeddable":true,"href":"https:\/\/www.upjs.sk\/prirodovedecka-fakulta\/wp-json\/wp\/v2\/tags?post=19654"}],"curies":[{"name":"wp","href":"https:\/\/api.w.org\/{rel}","templated":true}]}}