{"id":50478,"date":"2023-02-17T15:02:19","date_gmt":"2023-02-17T14:02:19","guid":{"rendered":"https:\/\/www.upjs.sk\/prirodovedecka-fakulta\/?page_id=50478"},"modified":"2023-02-17T15:02:25","modified_gmt":"2023-02-17T14:02:25","slug":"uzitocne-linky","status":"publish","type":"page","link":"https:\/\/www.upjs.sk\/prirodovedecka-fakulta\/nezobrazene\/uzitocne-linky\/","title":{"rendered":"U\u017eito\u010dn\u00e9 linky"},"content":{"rendered":"\n<ul class=\"wp-block-list\">\n<li><a href=\"http:\/\/erasmusplus.sk\/\" target=\"_blank\" rel=\"noreferrer noopener\">SAAIC \u2013 N\u00e1rodn\u00e1 agent\u00fara programu Erasmus+ pre vzdel\u00e1vanie a odborn\u00fa pr\u00edpravu<\/a><\/li>\n\n\n\n<li><a href=\"http:\/\/ec.europa.eu\/programmes\/erasmus-plus\/node_en\" target=\"_blank\" rel=\"noreferrer noopener\">Eur\u00f3pska komisia \u2013 Program Erasmus+<\/a><\/li>\n\n\n\n<li><a href=\"https:\/\/eacea.ec.europa.eu\/homepage\" target=\"_blank\" rel=\"noreferrer noopener\">Education, Audiovisual and Culture Executive Agency (EACEA)<\/a><\/li>\n\n\n\n<li><a href=\"http:\/\/ec.europa.eu\/programmes\/erasmus-plus\/resources\/distance-calculator_en\" target=\"_blank\" rel=\"noreferrer noopener\">Kalkula\u010dka vzdialenost\u00ed \u2013 Erasmus+<\/a><\/li>\n\n\n\n<li><a href=\"http:\/\/ec.europa.eu\/programmes\/erasmus-plus\/resources\/online-linguistic-support_en\" target=\"_blank\" rel=\"noreferrer noopener\">Online Linguistic Support<\/a><\/li>\n\n\n\n<li><a href=\"https:\/\/www.saia.sk\/\" target=\"_blank\" rel=\"noreferrer noopener\">Slovensk\u00e1 akademick\u00e1 informa\u010dn\u00e1 agent\u00fara<\/a><\/li>\n\n\n\n<li><a href=\"https:\/\/ceepus.saia.sk\/\" target=\"_blank\" rel=\"noreferrer noopener\">Ceepus<\/a><\/li>\n\n\n\n<li><a href=\"https:\/\/www.aktion.saia.sk\/\" target=\"_blank\" rel=\"noreferrer noopener\">Akcia Rak\u00fasko \u2013 Slovensko<\/a><\/li>\n\n\n\n<li><a href=\"https:\/\/www.stipendia.sk\/\" target=\"_blank\" rel=\"noreferrer noopener\">N\u00e1rodn\u00fd \u0161tipendijn\u00fd program<\/a><\/li>\n\n\n\n<li><a href=\"https:\/\/www.saia.sk\/sk\/main\/programy-saia\/servisne-centrum-euraxess-pre-vyskumnych-pracovnikov\/\" target=\"_blank\" rel=\"noreferrer noopener\">Euraxess Slovensko<\/a><\/li>\n\n\n\n<li><a href=\"https:\/\/www.euraxess.sk\/_user\/documents\/Euraxess\/publikacie\/Navigacia_2019_SK.pdf\" target=\"_blank\" rel=\"noreferrer noopener\">VSTUP, POBYT A ZAMESTN\u00c1VANIE CUDZINCOV NA SLOVENSKU<\/a>&nbsp;\u2013 praktick\u00e1 navig\u00e1cia administrat\u00edvnymi postupmi<\/li>\n\n\n\n<li><a href=\"https:\/\/www.visegradfund.org\/\" target=\"_blank\" rel=\"noreferrer noopener\">Vi\u0161egr\u00e1dsky fond<\/a><\/li>\n\n\n\n<li><a href=\"http:\/\/www.mzv.sk\/\" target=\"_blank\" rel=\"noreferrer noopener\">Ministerstvo zahrani\u010dn\u00fdch vec\u00ed\u00ad a eur\u00f3pskych z\u00e1le\u017eitost\u00ed\u00ad Slovenskej republiky<\/a>&nbsp;&nbsp;<\/li>\n\n\n\n<li><a href=\"https:\/\/www.mzv.sk\/cestovanie-a-konzularne-info\" target=\"_blank\" rel=\"noreferrer noopener\">V\u00edza, konzul\u00e1rne info<\/a><\/li>\n\n\n\n<li><a href=\"https:\/\/eacea.ec.europa.eu\/homepage_en\" target=\"_blank\" rel=\"noreferrer noopener\">European Commission: Education, Audiovisual and Culture Executive Agency<\/a><\/li>\n\n\n\n<li><a href=\"https:\/\/www.study.eu\/\">Study.eu<\/a>&nbsp;\u2013 vyh\u013ead\u00e1va\u010d \u0161tudijn\u00fdch programov<\/li>\n\n\n\n<li><a href=\"https:\/\/www.study.eu\/article\/doing-an-internship-abroad-all-you-need-to-know\">V\u0161etko, \u010do potrebujete vedie\u0165 o zahrani\u010dn\u00fdch st\u00e1\u017each<\/a>&nbsp;(v angli\u010dtine)<\/li>\n<\/ul>\n","protected":false},"excerpt":{"rendered":"","protected":false},"author":25,"featured_media":0,"parent":13057,"menu_order":13,"comment_status":"closed","ping_status":"closed","template":"","meta":{"_acf_changed":false,"_editorskit_title_hidden":false,"_editorskit_reading_time":1,"_editorskit_is_block_options_detached":false,"_editorskit_block_options_position":"{}","footnotes":""},"categories":[],"tags":[],"class_list":["post-50478","page","type-page","status-publish","hentry"],"acf":{"acf_link_na_externy_obsah":""},"yoast_head":"<!-- This site is optimized with the Yoast SEO plugin v27.2 - https:\/\/yoast.com\/product\/yoast-seo-wordpress\/ -->\n<title>U\u017eito\u010dn\u00e9 linky - Pr\u00edrodovedeck\u00e1 fakulta | UPJ\u0160<\/title>\n<meta name=\"robots\" content=\"index, follow, max-snippet:-1, max-image-preview:large, max-video-preview:-1\" \/>\n<link rel=\"canonical\" href=\"https:\/\/www.upjs.sk\/prirodovedecka-fakulta\/nezobrazene\/uzitocne-linky\/\" \/>\n<meta property=\"og:locale\" content=\"sk_SK\" \/>\n<meta property=\"og:type\" content=\"article\" \/>\n<meta property=\"og:title\" content=\"U\u017eito\u010dn\u00e9 linky - Pr\u00edrodovedeck\u00e1 fakulta | UPJ\u0160\" \/>\n<meta property=\"og:url\" content=\"https:\/\/www.upjs.sk\/prirodovedecka-fakulta\/nezobrazene\/uzitocne-linky\/\" \/>\n<meta property=\"og:site_name\" content=\"Pr\u00edrodovedeck\u00e1 fakulta | UPJ\u0160\" \/>\n<meta property=\"article:modified_time\" content=\"2023-02-17T14:02:25+00:00\" \/>\n<meta name=\"twitter:card\" content=\"summary_large_image\" \/>\n<meta name=\"twitter:label1\" content=\"Predpokladan\u00fd \u010das \u010d\u00edtania\" \/>\n\t<meta name=\"twitter:data1\" content=\"1 min\u00fata\" \/>\n<script type=\"application\/ld+json\" class=\"yoast-schema-graph\">{\"@context\":\"https:\/\/schema.org\",\"@graph\":[{\"@type\":\"WebPage\",\"@id\":\"https:\/\/www.upjs.sk\/prirodovedecka-fakulta\/nezobrazene\/uzitocne-linky\/\",\"url\":\"https:\/\/www.upjs.sk\/prirodovedecka-fakulta\/nezobrazene\/uzitocne-linky\/\",\"name\":\"U\u017eito\u010dn\u00e9 linky - Pr\u00edrodovedeck\u00e1 fakulta | UPJ\u0160\",\"isPartOf\":{\"@id\":\"https:\/\/www.upjs.sk\/prirodovedecka-fakulta\/#website\"},\"datePublished\":\"2023-02-17T14:02:19+00:00\",\"dateModified\":\"2023-02-17T14:02:25+00:00\",\"breadcrumb\":{\"@id\":\"https:\/\/www.upjs.sk\/prirodovedecka-fakulta\/nezobrazene\/uzitocne-linky\/#breadcrumb\"},\"inLanguage\":\"sk-SK\",\"potentialAction\":[{\"@type\":\"ReadAction\",\"target\":[\"https:\/\/www.upjs.sk\/prirodovedecka-fakulta\/nezobrazene\/uzitocne-linky\/\"]}]},{\"@type\":\"BreadcrumbList\",\"@id\":\"https:\/\/www.upjs.sk\/prirodovedecka-fakulta\/nezobrazene\/uzitocne-linky\/#breadcrumb\",\"itemListElement\":[{\"@type\":\"ListItem\",\"position\":1,\"name\":\"Home\",\"item\":\"https:\/\/www.upjs.sk\/prirodovedecka-fakulta\/\"},{\"@type\":\"ListItem\",\"position\":2,\"name\":\"U\u017eito\u010dn\u00e9 linky\"}]},{\"@type\":\"WebSite\",\"@id\":\"https:\/\/www.upjs.sk\/prirodovedecka-fakulta\/#website\",\"url\":\"https:\/\/www.upjs.sk\/prirodovedecka-fakulta\/\",\"name\":\"Pr\u00edrodovedeck\u00e1 fakulta | UPJ\u0160\",\"description\":\"\",\"publisher\":{\"@id\":\"https:\/\/www.upjs.sk\/prirodovedecka-fakulta\/#organization\"},\"potentialAction\":[{\"@type\":\"SearchAction\",\"target\":{\"@type\":\"EntryPoint\",\"urlTemplate\":\"https:\/\/www.upjs.sk\/prirodovedecka-fakulta\/?s={search_term_string}\"},\"query-input\":{\"@type\":\"PropertyValueSpecification\",\"valueRequired\":true,\"valueName\":\"search_term_string\"}}],\"inLanguage\":\"sk-SK\"},{\"@type\":\"Organization\",\"@id\":\"https:\/\/www.upjs.sk\/prirodovedecka-fakulta\/#organization\",\"name\":\"Pr\u00edrodovedeck\u00e1 fakulta | UPJ\u0160\",\"url\":\"https:\/\/www.upjs.sk\/prirodovedecka-fakulta\/\",\"logo\":{\"@type\":\"ImageObject\",\"inLanguage\":\"sk-SK\",\"@id\":\"https:\/\/www.upjs.sk\/prirodovedecka-fakulta\/#\/schema\/logo\/image\/\",\"url\":\"https:\/\/www.upjs.sk\/app\/uploads\/sites\/10\/2022\/09\/logo-prirodovedecka-fakulta.png\",\"contentUrl\":\"https:\/\/www.upjs.sk\/app\/uploads\/sites\/10\/2022\/09\/logo-prirodovedecka-fakulta.png\",\"width\":415,\"height\":87,\"caption\":\"Pr\u00edrodovedeck\u00e1 fakulta | UPJ\u0160\"},\"image\":{\"@id\":\"https:\/\/www.upjs.sk\/prirodovedecka-fakulta\/#\/schema\/logo\/image\/\"}}]}<\/script>\n<!-- \/ Yoast SEO plugin. -->","yoast_head_json":{"title":"U\u017eito\u010dn\u00e9 linky - Pr\u00edrodovedeck\u00e1 fakulta | UPJ\u0160","robots":{"index":"index","follow":"follow","max-snippet":"max-snippet:-1","max-image-preview":"max-image-preview:large","max-video-preview":"max-video-preview:-1"},"canonical":"https:\/\/www.upjs.sk\/prirodovedecka-fakulta\/nezobrazene\/uzitocne-linky\/","og_locale":"sk_SK","og_type":"article","og_title":"U\u017eito\u010dn\u00e9 linky - Pr\u00edrodovedeck\u00e1 fakulta | UPJ\u0160","og_url":"https:\/\/www.upjs.sk\/prirodovedecka-fakulta\/nezobrazene\/uzitocne-linky\/","og_site_name":"Pr\u00edrodovedeck\u00e1 fakulta | UPJ\u0160","article_modified_time":"2023-02-17T14:02:25+00:00","twitter_card":"summary_large_image","twitter_misc":{"Predpokladan\u00fd \u010das \u010d\u00edtania":"1 min\u00fata"},"schema":{"@context":"https:\/\/schema.org","@graph":[{"@type":"WebPage","@id":"https:\/\/www.upjs.sk\/prirodovedecka-fakulta\/nezobrazene\/uzitocne-linky\/","url":"https:\/\/www.upjs.sk\/prirodovedecka-fakulta\/nezobrazene\/uzitocne-linky\/","name":"U\u017eito\u010dn\u00e9 linky - Pr\u00edrodovedeck\u00e1 fakulta | UPJ\u0160","isPartOf":{"@id":"https:\/\/www.upjs.sk\/prirodovedecka-fakulta\/#website"},"datePublished":"2023-02-17T14:02:19+00:00","dateModified":"2023-02-17T14:02:25+00:00","breadcrumb":{"@id":"https:\/\/www.upjs.sk\/prirodovedecka-fakulta\/nezobrazene\/uzitocne-linky\/#breadcrumb"},"inLanguage":"sk-SK","potentialAction":[{"@type":"ReadAction","target":["https:\/\/www.upjs.sk\/prirodovedecka-fakulta\/nezobrazene\/uzitocne-linky\/"]}]},{"@type":"BreadcrumbList","@id":"https:\/\/www.upjs.sk\/prirodovedecka-fakulta\/nezobrazene\/uzitocne-linky\/#breadcrumb","itemListElement":[{"@type":"ListItem","position":1,"name":"Home","item":"https:\/\/www.upjs.sk\/prirodovedecka-fakulta\/"},{"@type":"ListItem","position":2,"name":"U\u017eito\u010dn\u00e9 linky"}]},{"@type":"WebSite","@id":"https:\/\/www.upjs.sk\/prirodovedecka-fakulta\/#website","url":"https:\/\/www.upjs.sk\/prirodovedecka-fakulta\/","name":"Pr\u00edrodovedeck\u00e1 fakulta | UPJ\u0160","description":"","publisher":{"@id":"https:\/\/www.upjs.sk\/prirodovedecka-fakulta\/#organization"},"potentialAction":[{"@type":"SearchAction","target":{"@type":"EntryPoint","urlTemplate":"https:\/\/www.upjs.sk\/prirodovedecka-fakulta\/?s={search_term_string}"},"query-input":{"@type":"PropertyValueSpecification","valueRequired":true,"valueName":"search_term_string"}}],"inLanguage":"sk-SK"},{"@type":"Organization","@id":"https:\/\/www.upjs.sk\/prirodovedecka-fakulta\/#organization","name":"Pr\u00edrodovedeck\u00e1 fakulta | UPJ\u0160","url":"https:\/\/www.upjs.sk\/prirodovedecka-fakulta\/","logo":{"@type":"ImageObject","inLanguage":"sk-SK","@id":"https:\/\/www.upjs.sk\/prirodovedecka-fakulta\/#\/schema\/logo\/image\/","url":"https:\/\/www.upjs.sk\/app\/uploads\/sites\/10\/2022\/09\/logo-prirodovedecka-fakulta.png","contentUrl":"https:\/\/www.upjs.sk\/app\/uploads\/sites\/10\/2022\/09\/logo-prirodovedecka-fakulta.png","width":415,"height":87,"caption":"Pr\u00edrodovedeck\u00e1 fakulta | UPJ\u0160"},"image":{"@id":"https:\/\/www.upjs.sk\/prirodovedecka-fakulta\/#\/schema\/logo\/image\/"}}]}},"_links":{"self":[{"href":"https:\/\/www.upjs.sk\/prirodovedecka-fakulta\/wp-json\/wp\/v2\/pages\/50478","targetHints":{"allow":["GET"]}}],"collection":[{"href":"https:\/\/www.upjs.sk\/prirodovedecka-fakulta\/wp-json\/wp\/v2\/pages"}],"about":[{"href":"https:\/\/www.upjs.sk\/prirodovedecka-fakulta\/wp-json\/wp\/v2\/types\/page"}],"author":[{"embeddable":true,"href":"https:\/\/www.upjs.sk\/prirodovedecka-fakulta\/wp-json\/wp\/v2\/users\/25"}],"replies":[{"embeddable":true,"href":"https:\/\/www.upjs.sk\/prirodovedecka-fakulta\/wp-json\/wp\/v2\/comments?post=50478"}],"version-history":[{"count":1,"href":"https:\/\/www.upjs.sk\/prirodovedecka-fakulta\/wp-json\/wp\/v2\/pages\/50478\/revisions"}],"predecessor-version":[{"id":50479,"href":"https:\/\/www.upjs.sk\/prirodovedecka-fakulta\/wp-json\/wp\/v2\/pages\/50478\/revisions\/50479"}],"up":[{"embeddable":true,"href":"https:\/\/www.upjs.sk\/prirodovedecka-fakulta\/wp-json\/wp\/v2\/pages\/13057"}],"wp:attachment":[{"href":"https:\/\/www.upjs.sk\/prirodovedecka-fakulta\/wp-json\/wp\/v2\/media?parent=50478"}],"wp:term":[{"taxonomy":"category","embeddable":true,"href":"https:\/\/www.upjs.sk\/prirodovedecka-fakulta\/wp-json\/wp\/v2\/categories?post=50478"},{"taxonomy":"post_tag","embeddable":true,"href":"https:\/\/www.upjs.sk\/prirodovedecka-fakulta\/wp-json\/wp\/v2\/tags?post=50478"}],"curies":[{"name":"wp","href":"https:\/\/api.w.org\/{rel}","templated":true}]}}