{"id":53184,"date":"2023-03-27T23:06:49","date_gmt":"2023-03-27T22:06:49","guid":{"rendered":"https:\/\/www.upjs.sk\/prirodovedecka-fakulta\/?page_id=53184"},"modified":"2026-03-05T11:35:34","modified_gmt":"2026-03-05T10:35:34","slug":"prirodovedecke-dni","status":"publish","type":"page","link":"https:\/\/www.upjs.sk\/prirodovedecka-fakulta\/prirodovedecke-dni\/","title":{"rendered":"Pr\u00edrodovedeck\u00e9 dni"},"content":{"rendered":"<style>.kb-image53184_0a1bc4-da .kb-image-has-overlay:after{opacity:0.3;border-top-left-radius:5px;border-top-right-radius:5px;border-bottom-right-radius:5px;border-bottom-left-radius:5px;}.kb-image53184_0a1bc4-da img.kb-img, .kb-image53184_0a1bc4-da .kb-img img{border-top-left-radius:5px;border-top-right-radius:5px;border-bottom-right-radius:5px;border-bottom-left-radius:5px;}<\/style>\n<figure class=\"wp-block-kadence-image kb-image53184_0a1bc4-da size-full\"><img loading=\"lazy\" decoding=\"async\" width=\"1170\" height=\"200\" src=\"https:\/\/www.upjs.sk\/app\/uploads\/sites\/10\/2026\/03\/banner-il-PD-1.png\" alt=\"\" class=\"kb-img wp-image-85537\" srcset=\"https:\/\/www.upjs.sk\/app\/uploads\/sites\/10\/2026\/03\/banner-il-PD-1.png 1170w, https:\/\/www.upjs.sk\/app\/uploads\/sites\/10\/2026\/03\/banner-il-PD-1-300x51.png 300w, https:\/\/www.upjs.sk\/app\/uploads\/sites\/10\/2026\/03\/banner-il-PD-1-1024x175.png 1024w, https:\/\/www.upjs.sk\/app\/uploads\/sites\/10\/2026\/03\/banner-il-PD-1-768x131.png 768w\" sizes=\"auto, (max-width: 1170px) 100vw, 1170px\" \/><\/figure>\n\n\n<section class=\"aktuality aktuality-container mx-auto \">\r\n    <div class=\"aktuality-heading pb-6 md:pb-12\">\r\n        <h2 class=\"aktuality-heading-text uppercase block ml-4 md:ml-0 text-left md:text-center\">2023<\/h2>\r\n    <\/div>\r\n        <div class=\"hidden md:grid gap-x-8 gap-y-4 lg:grid-cols-3 md:grid-cols-2 grid-cols-1 article-container lg:px-24 md:px-16 px-12 \">\r\n                     <article class=\"w-full article relative\">\n  <div data-aos=\"fade-up\" class=\"lg:w-full mx-auto\">\n      <div class=\"article-img rounded-t-lg overflow-hidden transition duration-500 ease-in-out transform-gpu hover:scale-105 hover:shadow-2xl\">\n          <a href=\"https:\/\/www.upjs.sk\/prirodovedecka-fakulta\/19-april-2023-zlata-promocia\/\">\n            <img loading=\"lazy\" decoding=\"async\" width=\"600\" height=\"420\" src=\"https:\/\/www.upjs.sk\/app\/uploads\/sites\/10\/2023\/03\/ZP-archiv-73.png\" class=\"attachment-post-thumbnail size-post-thumbnail wp-post-image\" alt=\"\" srcset=\"https:\/\/www.upjs.sk\/app\/uploads\/sites\/10\/2023\/03\/ZP-archiv-73.png 600w, https:\/\/www.upjs.sk\/app\/uploads\/sites\/10\/2023\/03\/ZP-archiv-73-300x210.png 300w\" sizes=\"auto, (max-width: 600px) 100vw, 600px\" \/>\n          <\/a>\n      <\/div>\n  <\/div>\n  <div class=\"artilce-content border-x border-b upjs-grey p-4 rounded-b-lg\">\n      <a href=\"https:\/\/www.upjs.sk\/prirodovedecka-fakulta\/19-april-2023-zlata-promocia\/\" class=\"aktualita-nadpis\">\n          <h4 class=\"aktualita-nadpis font-bold line-clamp-2\"><strong>Zlat\u00e1 prom\u00f3cia<\/strong> absolventov &#8211; ro\u010dn\u00edk 1973<\/h4>\n      <\/a>\n      <div class=\"aktualita-excerpt mt-4 text-xs mb-5 line-clamp-5\">\n        \n        absolventov magistersk\u00e9ho \u0161t\u00fadia, ktor\u00ed   ukon\u010dili \u0161t\u00fadium v r. 1973\n      <\/div>\n      <div class=\"inline-date absolute bottom-0 left-0  mb-4 flex justify-between items-center w-full\">\n        <div class=\"inline-block pb-1 pl-4 mt-4 text-upjs-blue underline underline-offset-1 text-xs \">\n          <a href=\"https:\/\/www.upjs.sk\/prirodovedecka-fakulta\/19-april-2023-zlata-promocia\/\">Zobrazi\u0165 viac<span aria-hidden=\"true\">&rarr;<\/span><\/a> \n       <\/div>\n\n       <div class=\"inline-block text-xs pb-1 pr-4 mt-4\">\n         6. marca 2023\n       <\/div>\n      <\/div>\n  <\/div>\n<\/article>                     <article class=\"w-full article relative\">\n  <div data-aos=\"fade-up\" class=\"lg:w-full mx-auto\">\n      <div class=\"article-img rounded-t-lg overflow-hidden transition duration-500 ease-in-out transform-gpu hover:scale-105 hover:shadow-2xl\">\n          <a href=\"https:\/\/www.upjs.sk\/prirodovedecka-fakulta\/19-april-2023-science-fest\/\">\n            <img loading=\"lazy\" decoding=\"async\" width=\"800\" height=\"534\" src=\"https:\/\/www.upjs.sk\/app\/uploads\/sites\/10\/2023\/03\/SF_50_vyrocie.jpg\" class=\"attachment-post-thumbnail size-post-thumbnail wp-post-image\" alt=\"\" srcset=\"https:\/\/www.upjs.sk\/app\/uploads\/sites\/10\/2023\/03\/SF_50_vyrocie.jpg 800w, https:\/\/www.upjs.sk\/app\/uploads\/sites\/10\/2023\/03\/SF_50_vyrocie-300x200.jpg 300w, https:\/\/www.upjs.sk\/app\/uploads\/sites\/10\/2023\/03\/SF_50_vyrocie-768x513.jpg 768w\" sizes=\"auto, (max-width: 800px) 100vw, 800px\" \/>\n          <\/a>\n      <\/div>\n  <\/div>\n  <div class=\"artilce-content border-x border-b upjs-grey p-4 rounded-b-lg\">\n      <a href=\"https:\/\/www.upjs.sk\/prirodovedecka-fakulta\/19-april-2023-science-fest\/\" class=\"aktualita-nadpis\">\n          <h4 class=\"aktualita-nadpis font-bold line-clamp-2\">19. apr\u00edl 2023 &#8211; SCIENCE FEST<\/h4>\n      <\/a>\n      <div class=\"aktualita-excerpt mt-4 text-xs mb-5 line-clamp-5\">\n        \n        Pr\u00edrodovedeck\u00e1 fakulta UPJ\u0160 v Ko\u0161iciach ka\u017edoro\u010dne organizuje de\u0148 pln\u00fd ve\u013ekej pohody a z\u00e1bavy\n      <\/div>\n      <div class=\"inline-date absolute bottom-0 left-0  mb-4 flex justify-between items-center w-full\">\n        <div class=\"inline-block pb-1 pl-4 mt-4 text-upjs-blue underline underline-offset-1 text-xs \">\n          <a href=\"https:\/\/www.upjs.sk\/prirodovedecka-fakulta\/19-april-2023-science-fest\/\">Zobrazi\u0165 viac<span aria-hidden=\"true\">&rarr;<\/span><\/a> \n       <\/div>\n\n       <div class=\"inline-block text-xs pb-1 pr-4 mt-4\">\n         6. marca 2023\n       <\/div>\n      <\/div>\n  <\/div>\n<\/article>                     <article class=\"w-full article relative\">\n  <div data-aos=\"fade-up\" class=\"lg:w-full mx-auto\">\n      <div class=\"article-img rounded-t-lg overflow-hidden transition duration-500 ease-in-out transform-gpu hover:scale-105 hover:shadow-2xl\">\n          <a href=\"https:\/\/www.upjs.sk\/prirodovedecka-fakulta\/19-april-2023-prechadzky-prirodovedcov-prirodou-pr-pr-prd\/\">\n            <img loading=\"lazy\" decoding=\"async\" width=\"900\" height=\"599\" src=\"https:\/\/www.upjs.sk\/app\/uploads\/sites\/10\/2022\/09\/Alpinka9.jpg\" class=\"attachment-post-thumbnail size-post-thumbnail wp-post-image\" alt=\"\" srcset=\"https:\/\/www.upjs.sk\/app\/uploads\/sites\/10\/2022\/09\/Alpinka9.jpg 900w, https:\/\/www.upjs.sk\/app\/uploads\/sites\/10\/2022\/09\/Alpinka9-300x200.jpg 300w, https:\/\/www.upjs.sk\/app\/uploads\/sites\/10\/2022\/09\/Alpinka9-768x511.jpg 768w\" sizes=\"auto, (max-width: 900px) 100vw, 900px\" \/>\n          <\/a>\n      <\/div>\n  <\/div>\n  <div class=\"artilce-content border-x border-b upjs-grey p-4 rounded-b-lg\">\n      <a href=\"https:\/\/www.upjs.sk\/prirodovedecka-fakulta\/19-april-2023-prechadzky-prirodovedcov-prirodou-pr-pr-prd\/\" class=\"aktualita-nadpis\">\n          <h4 class=\"aktualita-nadpis font-bold line-clamp-2\">20. apr\u00edl 2023 &#8211; Prech\u00e1dzky pr\u00edrodovedcov pr\u00edrodou \u201ePR-PR-PRD\u201c<\/h4>\n      <\/a>\n      <div class=\"aktualita-excerpt mt-4 text-xs mb-5 line-clamp-5\">\n        \n        V\u00fdlet \u0161tudentov a zamestnancov na\u0161ej fakulty do pr\u00edrody, tradi\u010dne spojen\u00fd s pod\u00e1van\u00edm gul\u00e1\u0161u a ob\u010derstvenia.\n      <\/div>\n      <div class=\"inline-date absolute bottom-0 left-0  mb-4 flex justify-between items-center w-full\">\n        <div class=\"inline-block pb-1 pl-4 mt-4 text-upjs-blue underline underline-offset-1 text-xs \">\n          <a href=\"https:\/\/www.upjs.sk\/prirodovedecka-fakulta\/19-april-2023-prechadzky-prirodovedcov-prirodou-pr-pr-prd\/\">Zobrazi\u0165 viac<span aria-hidden=\"true\">&rarr;<\/span><\/a> \n       <\/div>\n\n       <div class=\"inline-block text-xs pb-1 pr-4 mt-4\">\n         6. marca 2023\n       <\/div>\n      <\/div>\n  <\/div>\n<\/article>            <\/div>\r\n    <\/section>\r\n\r\n\r\n<style type=\"text\/css\">\r\n  [data- block_fe7c2620867264a85235b8fe979efed7] {\r\n    background:  ;\r\n    color: ;\r\n  }\r\n<\/style>\r\n","protected":false},"excerpt":{"rendered":"","protected":false},"author":25,"featured_media":0,"parent":0,"menu_order":17,"comment_status":"closed","ping_status":"closed","template":"","meta":{"_acf_changed":false,"_editorskit_title_hidden":false,"_editorskit_reading_time":1,"_editorskit_is_block_options_detached":false,"_editorskit_block_options_position":"{}","footnotes":""},"categories":[],"tags":[],"class_list":["post-53184","page","type-page","status-publish","hentry"],"acf":{"acf_link_na_externy_obsah":""},"yoast_head":"<!-- This site is optimized with the Yoast SEO plugin v27.2 - https:\/\/yoast.com\/product\/yoast-seo-wordpress\/ -->\n<title>Pr\u00edrodovedeck\u00e9 dni - Pr\u00edrodovedeck\u00e1 fakulta | UPJ\u0160<\/title>\n<meta name=\"robots\" content=\"index, follow, max-snippet:-1, max-image-preview:large, max-video-preview:-1\" \/>\n<link rel=\"canonical\" href=\"https:\/\/www.upjs.sk\/prirodovedecka-fakulta\/prirodovedecke-dni\/\" \/>\n<meta property=\"og:locale\" content=\"sk_SK\" \/>\n<meta property=\"og:type\" content=\"article\" \/>\n<meta property=\"og:title\" content=\"Pr\u00edrodovedeck\u00e9 dni - Pr\u00edrodovedeck\u00e1 fakulta | UPJ\u0160\" \/>\n<meta property=\"og:url\" content=\"https:\/\/www.upjs.sk\/prirodovedecka-fakulta\/prirodovedecke-dni\/\" \/>\n<meta property=\"og:site_name\" content=\"Pr\u00edrodovedeck\u00e1 fakulta | UPJ\u0160\" \/>\n<meta property=\"article:modified_time\" content=\"2026-03-05T10:35:34+00:00\" \/>\n<meta property=\"og:image\" content=\"https:\/\/www.upjs.sk\/app\/uploads\/sites\/10\/2026\/03\/banner-il-PD-1.png\" \/>\n\t<meta property=\"og:image:width\" content=\"1170\" \/>\n\t<meta property=\"og:image:height\" content=\"200\" \/>\n\t<meta property=\"og:image:type\" content=\"image\/png\" \/>\n<meta name=\"twitter:card\" content=\"summary_large_image\" \/>\n<meta name=\"twitter:label1\" content=\"Predpokladan\u00fd \u010das \u010d\u00edtania\" \/>\n\t<meta name=\"twitter:data1\" content=\"1 min\u00fata\" \/>\n<script type=\"application\/ld+json\" class=\"yoast-schema-graph\">{\"@context\":\"https:\/\/schema.org\",\"@graph\":[{\"@type\":\"WebPage\",\"@id\":\"https:\/\/www.upjs.sk\/prirodovedecka-fakulta\/prirodovedecke-dni\/\",\"url\":\"https:\/\/www.upjs.sk\/prirodovedecka-fakulta\/prirodovedecke-dni\/\",\"name\":\"Pr\u00edrodovedeck\u00e9 dni - Pr\u00edrodovedeck\u00e1 fakulta | UPJ\u0160\",\"isPartOf\":{\"@id\":\"https:\/\/www.upjs.sk\/prirodovedecka-fakulta\/#website\"},\"primaryImageOfPage\":{\"@id\":\"https:\/\/www.upjs.sk\/prirodovedecka-fakulta\/prirodovedecke-dni\/#primaryimage\"},\"image\":{\"@id\":\"https:\/\/www.upjs.sk\/prirodovedecka-fakulta\/prirodovedecke-dni\/#primaryimage\"},\"thumbnailUrl\":\"https:\/\/www.upjs.sk\/app\/uploads\/sites\/10\/2026\/03\/banner-il-PD-1.png\",\"datePublished\":\"2023-03-27T22:06:49+00:00\",\"dateModified\":\"2026-03-05T10:35:34+00:00\",\"breadcrumb\":{\"@id\":\"https:\/\/www.upjs.sk\/prirodovedecka-fakulta\/prirodovedecke-dni\/#breadcrumb\"},\"inLanguage\":\"sk-SK\",\"potentialAction\":[{\"@type\":\"ReadAction\",\"target\":[\"https:\/\/www.upjs.sk\/prirodovedecka-fakulta\/prirodovedecke-dni\/\"]}]},{\"@type\":\"ImageObject\",\"inLanguage\":\"sk-SK\",\"@id\":\"https:\/\/www.upjs.sk\/prirodovedecka-fakulta\/prirodovedecke-dni\/#primaryimage\",\"url\":\"https:\/\/www.upjs.sk\/app\/uploads\/sites\/10\/2026\/03\/banner-il-PD-1.png\",\"contentUrl\":\"https:\/\/www.upjs.sk\/app\/uploads\/sites\/10\/2026\/03\/banner-il-PD-1.png\"},{\"@type\":\"BreadcrumbList\",\"@id\":\"https:\/\/www.upjs.sk\/prirodovedecka-fakulta\/prirodovedecke-dni\/#breadcrumb\",\"itemListElement\":[{\"@type\":\"ListItem\",\"position\":1,\"name\":\"Home\",\"item\":\"https:\/\/www.upjs.sk\/prirodovedecka-fakulta\/\"},{\"@type\":\"ListItem\",\"position\":2,\"name\":\"Pr\u00edrodovedeck\u00e9 dni\"}]},{\"@type\":\"WebSite\",\"@id\":\"https:\/\/www.upjs.sk\/prirodovedecka-fakulta\/#website\",\"url\":\"https:\/\/www.upjs.sk\/prirodovedecka-fakulta\/\",\"name\":\"Pr\u00edrodovedeck\u00e1 fakulta | UPJ\u0160\",\"description\":\"\",\"publisher\":{\"@id\":\"https:\/\/www.upjs.sk\/prirodovedecka-fakulta\/#organization\"},\"potentialAction\":[{\"@type\":\"SearchAction\",\"target\":{\"@type\":\"EntryPoint\",\"urlTemplate\":\"https:\/\/www.upjs.sk\/prirodovedecka-fakulta\/?s={search_term_string}\"},\"query-input\":{\"@type\":\"PropertyValueSpecification\",\"valueRequired\":true,\"valueName\":\"search_term_string\"}}],\"inLanguage\":\"sk-SK\"},{\"@type\":\"Organization\",\"@id\":\"https:\/\/www.upjs.sk\/prirodovedecka-fakulta\/#organization\",\"name\":\"Pr\u00edrodovedeck\u00e1 fakulta | UPJ\u0160\",\"url\":\"https:\/\/www.upjs.sk\/prirodovedecka-fakulta\/\",\"logo\":{\"@type\":\"ImageObject\",\"inLanguage\":\"sk-SK\",\"@id\":\"https:\/\/www.upjs.sk\/prirodovedecka-fakulta\/#\/schema\/logo\/image\/\",\"url\":\"https:\/\/www.upjs.sk\/app\/uploads\/sites\/10\/2022\/09\/logo-prirodovedecka-fakulta.png\",\"contentUrl\":\"https:\/\/www.upjs.sk\/app\/uploads\/sites\/10\/2022\/09\/logo-prirodovedecka-fakulta.png\",\"width\":415,\"height\":87,\"caption\":\"Pr\u00edrodovedeck\u00e1 fakulta | UPJ\u0160\"},\"image\":{\"@id\":\"https:\/\/www.upjs.sk\/prirodovedecka-fakulta\/#\/schema\/logo\/image\/\"}}]}<\/script>\n<!-- \/ Yoast SEO plugin. -->","yoast_head_json":{"title":"Pr\u00edrodovedeck\u00e9 dni - Pr\u00edrodovedeck\u00e1 fakulta | UPJ\u0160","robots":{"index":"index","follow":"follow","max-snippet":"max-snippet:-1","max-image-preview":"max-image-preview:large","max-video-preview":"max-video-preview:-1"},"canonical":"https:\/\/www.upjs.sk\/prirodovedecka-fakulta\/prirodovedecke-dni\/","og_locale":"sk_SK","og_type":"article","og_title":"Pr\u00edrodovedeck\u00e9 dni - Pr\u00edrodovedeck\u00e1 fakulta | UPJ\u0160","og_url":"https:\/\/www.upjs.sk\/prirodovedecka-fakulta\/prirodovedecke-dni\/","og_site_name":"Pr\u00edrodovedeck\u00e1 fakulta | UPJ\u0160","article_modified_time":"2026-03-05T10:35:34+00:00","og_image":[{"width":1170,"height":200,"url":"https:\/\/www.upjs.sk\/app\/uploads\/sites\/10\/2026\/03\/banner-il-PD-1.png","type":"image\/png"}],"twitter_card":"summary_large_image","twitter_misc":{"Predpokladan\u00fd \u010das \u010d\u00edtania":"1 min\u00fata"},"schema":{"@context":"https:\/\/schema.org","@graph":[{"@type":"WebPage","@id":"https:\/\/www.upjs.sk\/prirodovedecka-fakulta\/prirodovedecke-dni\/","url":"https:\/\/www.upjs.sk\/prirodovedecka-fakulta\/prirodovedecke-dni\/","name":"Pr\u00edrodovedeck\u00e9 dni - Pr\u00edrodovedeck\u00e1 fakulta | UPJ\u0160","isPartOf":{"@id":"https:\/\/www.upjs.sk\/prirodovedecka-fakulta\/#website"},"primaryImageOfPage":{"@id":"https:\/\/www.upjs.sk\/prirodovedecka-fakulta\/prirodovedecke-dni\/#primaryimage"},"image":{"@id":"https:\/\/www.upjs.sk\/prirodovedecka-fakulta\/prirodovedecke-dni\/#primaryimage"},"thumbnailUrl":"https:\/\/www.upjs.sk\/app\/uploads\/sites\/10\/2026\/03\/banner-il-PD-1.png","datePublished":"2023-03-27T22:06:49+00:00","dateModified":"2026-03-05T10:35:34+00:00","breadcrumb":{"@id":"https:\/\/www.upjs.sk\/prirodovedecka-fakulta\/prirodovedecke-dni\/#breadcrumb"},"inLanguage":"sk-SK","potentialAction":[{"@type":"ReadAction","target":["https:\/\/www.upjs.sk\/prirodovedecka-fakulta\/prirodovedecke-dni\/"]}]},{"@type":"ImageObject","inLanguage":"sk-SK","@id":"https:\/\/www.upjs.sk\/prirodovedecka-fakulta\/prirodovedecke-dni\/#primaryimage","url":"https:\/\/www.upjs.sk\/app\/uploads\/sites\/10\/2026\/03\/banner-il-PD-1.png","contentUrl":"https:\/\/www.upjs.sk\/app\/uploads\/sites\/10\/2026\/03\/banner-il-PD-1.png"},{"@type":"BreadcrumbList","@id":"https:\/\/www.upjs.sk\/prirodovedecka-fakulta\/prirodovedecke-dni\/#breadcrumb","itemListElement":[{"@type":"ListItem","position":1,"name":"Home","item":"https:\/\/www.upjs.sk\/prirodovedecka-fakulta\/"},{"@type":"ListItem","position":2,"name":"Pr\u00edrodovedeck\u00e9 dni"}]},{"@type":"WebSite","@id":"https:\/\/www.upjs.sk\/prirodovedecka-fakulta\/#website","url":"https:\/\/www.upjs.sk\/prirodovedecka-fakulta\/","name":"Pr\u00edrodovedeck\u00e1 fakulta | UPJ\u0160","description":"","publisher":{"@id":"https:\/\/www.upjs.sk\/prirodovedecka-fakulta\/#organization"},"potentialAction":[{"@type":"SearchAction","target":{"@type":"EntryPoint","urlTemplate":"https:\/\/www.upjs.sk\/prirodovedecka-fakulta\/?s={search_term_string}"},"query-input":{"@type":"PropertyValueSpecification","valueRequired":true,"valueName":"search_term_string"}}],"inLanguage":"sk-SK"},{"@type":"Organization","@id":"https:\/\/www.upjs.sk\/prirodovedecka-fakulta\/#organization","name":"Pr\u00edrodovedeck\u00e1 fakulta | UPJ\u0160","url":"https:\/\/www.upjs.sk\/prirodovedecka-fakulta\/","logo":{"@type":"ImageObject","inLanguage":"sk-SK","@id":"https:\/\/www.upjs.sk\/prirodovedecka-fakulta\/#\/schema\/logo\/image\/","url":"https:\/\/www.upjs.sk\/app\/uploads\/sites\/10\/2022\/09\/logo-prirodovedecka-fakulta.png","contentUrl":"https:\/\/www.upjs.sk\/app\/uploads\/sites\/10\/2022\/09\/logo-prirodovedecka-fakulta.png","width":415,"height":87,"caption":"Pr\u00edrodovedeck\u00e1 fakulta | UPJ\u0160"},"image":{"@id":"https:\/\/www.upjs.sk\/prirodovedecka-fakulta\/#\/schema\/logo\/image\/"}}]}},"_links":{"self":[{"href":"https:\/\/www.upjs.sk\/prirodovedecka-fakulta\/wp-json\/wp\/v2\/pages\/53184","targetHints":{"allow":["GET"]}}],"collection":[{"href":"https:\/\/www.upjs.sk\/prirodovedecka-fakulta\/wp-json\/wp\/v2\/pages"}],"about":[{"href":"https:\/\/www.upjs.sk\/prirodovedecka-fakulta\/wp-json\/wp\/v2\/types\/page"}],"author":[{"embeddable":true,"href":"https:\/\/www.upjs.sk\/prirodovedecka-fakulta\/wp-json\/wp\/v2\/users\/25"}],"replies":[{"embeddable":true,"href":"https:\/\/www.upjs.sk\/prirodovedecka-fakulta\/wp-json\/wp\/v2\/comments?post=53184"}],"version-history":[{"count":20,"href":"https:\/\/www.upjs.sk\/prirodovedecka-fakulta\/wp-json\/wp\/v2\/pages\/53184\/revisions"}],"predecessor-version":[{"id":85543,"href":"https:\/\/www.upjs.sk\/prirodovedecka-fakulta\/wp-json\/wp\/v2\/pages\/53184\/revisions\/85543"}],"wp:attachment":[{"href":"https:\/\/www.upjs.sk\/prirodovedecka-fakulta\/wp-json\/wp\/v2\/media?parent=53184"}],"wp:term":[{"taxonomy":"category","embeddable":true,"href":"https:\/\/www.upjs.sk\/prirodovedecka-fakulta\/wp-json\/wp\/v2\/categories?post=53184"},{"taxonomy":"post_tag","embeddable":true,"href":"https:\/\/www.upjs.sk\/prirodovedecka-fakulta\/wp-json\/wp\/v2\/tags?post=53184"}],"curies":[{"name":"wp","href":"https:\/\/api.w.org\/{rel}","templated":true}]}}