{"id":61921,"date":"2023-10-23T10:51:21","date_gmt":"2023-10-23T09:51:21","guid":{"rendered":"https:\/\/www.upjs.sk\/prirodovedecka-fakulta\/veda-vyskum\/cajovna-arch\/archiv\/41-prirodovedecka-cajovna\/"},"modified":"2023-11-14T11:20:49","modified_gmt":"2023-11-14T10:20:49","slug":"41-prirodovedecka-cajovna","status":"publish","type":"page","link":"https:\/\/www.upjs.sk\/prirodovedecka-fakulta\/veda-vyskum\/cajovna-arch\/archiv\/41-prirodovedecka-cajovna\/","title":{"rendered":"41. Pr\u00edrodovedeck\u00e1 \u010dajov\u0148a"},"content":{"rendered":"<style>.kb-image61921_932290-39 .kb-image-has-overlay:after{opacity:0.3;border-top-left-radius:5px;border-top-right-radius:5px;border-bottom-right-radius:5px;border-bottom-left-radius:5px;}.kb-image61921_932290-39 img.kb-img, .kb-image61921_932290-39 .kb-img img{border-top-left-radius:5px;border-top-right-radius:5px;border-bottom-right-radius:5px;border-bottom-left-radius:5px;}<\/style>\n<figure class=\"wp-block-kadence-image kb-image61921_932290-39 size-full\"><img loading=\"lazy\" decoding=\"async\" width=\"1170\" height=\"150\" src=\"https:\/\/www.upjs.sk\/app\/uploads\/sites\/10\/2023\/05\/banner-prir-cajovna-archiv.png\" alt=\"\" class=\"kb-img wp-image-56424\" srcset=\"https:\/\/www.upjs.sk\/app\/uploads\/sites\/10\/2023\/05\/banner-prir-cajovna-archiv.png 1170w, https:\/\/www.upjs.sk\/app\/uploads\/sites\/10\/2023\/05\/banner-prir-cajovna-archiv-300x38.png 300w, https:\/\/www.upjs.sk\/app\/uploads\/sites\/10\/2023\/05\/banner-prir-cajovna-archiv-1024x131.png 1024w, https:\/\/www.upjs.sk\/app\/uploads\/sites\/10\/2023\/05\/banner-prir-cajovna-archiv-768x98.png 768w\" sizes=\"auto, (max-width: 1170px) 100vw, 1170px\" \/><\/figure>\n\n\n\n<h4 class=\"wp-block-heading has-prirodovedecka-f-color has-text-color\"><strong>T\u00e9ma: How AI will change higher education<\/strong><\/h4>\n\n\n\n<div style=\"height:20px\" aria-hidden=\"true\" class=\"wp-block-spacer\"><\/div>\n\n\n<style>.kadence-column61921_7750b8-ce > .kt-inside-inner-col,.kadence-column61921_7750b8-ce > .kt-inside-inner-col:before{border-top-left-radius:5px;border-top-right-radius:5px;border-bottom-right-radius:5px;border-bottom-left-radius:5px;}.kadence-column61921_7750b8-ce > .kt-inside-inner-col{column-gap:var(--global-kb-gap-sm, 1rem);}.kadence-column61921_7750b8-ce > .kt-inside-inner-col{flex-direction:column;}.kadence-column61921_7750b8-ce > .kt-inside-inner-col > .aligncenter{width:100%;}.kadence-column61921_7750b8-ce > .kt-inside-inner-col{background-color:#F4F4F4;}.kadence-column61921_7750b8-ce > .kt-inside-inner-col:before{opacity:0.3;}.kadence-column61921_7750b8-ce{position:relative;}@media all and (max-width: 1024px){.kadence-column61921_7750b8-ce > .kt-inside-inner-col{flex-direction:column;justify-content:center;}}@media all and (max-width: 767px){.kadence-column61921_7750b8-ce > .kt-inside-inner-col{flex-direction:column;justify-content:center;}}<\/style>\n<div class=\"wp-block-kadence-column kadence-column61921_7750b8-ce\"><div class=\"kt-inside-inner-col\"><style>.kb-image61921_fa4cc7-9e .kb-image-has-overlay:after{opacity:0.3;}<\/style>\n<div class=\"wp-block-kadence-image kb-image61921_fa4cc7-9e\"><figure class=\"aligncenter size-large\"><img loading=\"lazy\" decoding=\"async\" width=\"1024\" height=\"554\" src=\"https:\/\/www.upjs.sk\/app\/uploads\/sites\/10\/2023\/11\/video-41PC-19102023-1024x554.jpg\" alt=\"\" class=\"kb-img wp-image-63251\" srcset=\"https:\/\/www.upjs.sk\/app\/uploads\/sites\/10\/2023\/11\/video-41PC-19102023-1024x554.jpg 1024w, https:\/\/www.upjs.sk\/app\/uploads\/sites\/10\/2023\/11\/video-41PC-19102023-300x162.jpg 300w, https:\/\/www.upjs.sk\/app\/uploads\/sites\/10\/2023\/11\/video-41PC-19102023-768x416.jpg 768w, https:\/\/www.upjs.sk\/app\/uploads\/sites\/10\/2023\/11\/video-41PC-19102023.jpg 1478w\" sizes=\"auto, (max-width: 1024px) 100vw, 1024px\" \/><figcaption><a href=\"https:\/\/bbb-scalelite.science.upjs.sk\/playback\/presentation\/2.3\/9ef9b66184494df2697728780cdd01d6fcb88b40-1697711620960\" class=\"ek-link\"><strong>Videoz\u00e1znam<\/strong><\/a><\/figcaption><\/figure><\/div>\n\n\n\n<div style=\"height:20px\" aria-hidden=\"true\" class=\"wp-block-spacer\"><\/div>\n\n\n<style>.kb-image61921_e6c6b0-af .kb-image-has-overlay:after{opacity:0.3;}<\/style>\n<div class=\"wp-block-kadence-image kb-image61921_e6c6b0-af\"><figure class=\"aligncenter size-full\"><img loading=\"lazy\" decoding=\"async\" width=\"604\" height=\"860\" src=\"https:\/\/www.upjs.sk\/app\/uploads\/sites\/10\/2023\/10\/Prirodovedecka-cajovna-41-plagat-SK.jpg\" alt=\"\" class=\"kb-img wp-image-61157\" srcset=\"https:\/\/www.upjs.sk\/app\/uploads\/sites\/10\/2023\/10\/Prirodovedecka-cajovna-41-plagat-SK.jpg 604w, https:\/\/www.upjs.sk\/app\/uploads\/sites\/10\/2023\/10\/Prirodovedecka-cajovna-41-plagat-SK-211x300.jpg 211w\" sizes=\"auto, (max-width: 604px) 100vw, 604px\" \/><\/figure><\/div>\n<\/div><\/div>\n","protected":false},"excerpt":{"rendered":"<p>T\u00e9ma: How AI will change higher education<\/p>\n","protected":false},"author":25,"featured_media":61133,"parent":12979,"menu_order":40,"comment_status":"closed","ping_status":"closed","template":"","meta":{"_acf_changed":false,"_editorskit_title_hidden":false,"_editorskit_reading_time":0,"_editorskit_is_block_options_detached":false,"_editorskit_block_options_position":"{}","footnotes":""},"categories":[],"tags":[],"class_list":["post-61921","page","type-page","status-publish","has-post-thumbnail","hentry"],"acf":{"acf_link_na_externy_obsah":""},"yoast_head":"<!-- This site is optimized with the Yoast SEO plugin v27.2 - https:\/\/yoast.com\/product\/yoast-seo-wordpress\/ -->\n<title>41. Pr\u00edrodovedeck\u00e1 \u010dajov\u0148a - Pr\u00edrodovedeck\u00e1 fakulta | UPJ\u0160<\/title>\n<meta name=\"robots\" content=\"index, follow, max-snippet:-1, max-image-preview:large, max-video-preview:-1\" \/>\n<link rel=\"canonical\" href=\"https:\/\/www.upjs.sk\/prirodovedecka-fakulta\/veda-vyskum\/cajovna-arch\/archiv\/41-prirodovedecka-cajovna\/\" \/>\n<meta property=\"og:locale\" content=\"sk_SK\" \/>\n<meta property=\"og:type\" content=\"article\" \/>\n<meta property=\"og:title\" content=\"41. Pr\u00edrodovedeck\u00e1 \u010dajov\u0148a - Pr\u00edrodovedeck\u00e1 fakulta | UPJ\u0160\" \/>\n<meta property=\"og:description\" content=\"T\u00e9ma: How AI will change higher education\" \/>\n<meta property=\"og:url\" content=\"https:\/\/www.upjs.sk\/prirodovedecka-fakulta\/veda-vyskum\/cajovna-arch\/archiv\/41-prirodovedecka-cajovna\/\" \/>\n<meta property=\"og:site_name\" content=\"Pr\u00edrodovedeck\u00e1 fakulta | UPJ\u0160\" \/>\n<meta property=\"article:modified_time\" content=\"2023-11-14T10:20:49+00:00\" \/>\n<meta property=\"og:image\" content=\"https:\/\/www.upjs.sk\/app\/uploads\/sites\/10\/2023\/10\/banner-41-prirodovedecka-cajovna-mobil-horny-SK.png\" \/>\n\t<meta property=\"og:image:width\" content=\"780\" \/>\n\t<meta property=\"og:image:height\" content=\"1110\" \/>\n\t<meta property=\"og:image:type\" content=\"image\/png\" \/>\n<meta name=\"twitter:card\" content=\"summary_large_image\" \/>\n<meta name=\"twitter:label1\" content=\"Predpokladan\u00fd \u010das \u010d\u00edtania\" \/>\n\t<meta name=\"twitter:data1\" content=\"1 min\u00fata\" \/>\n<script type=\"application\/ld+json\" class=\"yoast-schema-graph\">{\"@context\":\"https:\/\/schema.org\",\"@graph\":[{\"@type\":\"WebPage\",\"@id\":\"https:\/\/www.upjs.sk\/prirodovedecka-fakulta\/veda-vyskum\/cajovna-arch\/archiv\/41-prirodovedecka-cajovna\/\",\"url\":\"https:\/\/www.upjs.sk\/prirodovedecka-fakulta\/veda-vyskum\/cajovna-arch\/archiv\/41-prirodovedecka-cajovna\/\",\"name\":\"41. Pr\u00edrodovedeck\u00e1 \u010dajov\u0148a - Pr\u00edrodovedeck\u00e1 fakulta | UPJ\u0160\",\"isPartOf\":{\"@id\":\"https:\/\/www.upjs.sk\/prirodovedecka-fakulta\/#website\"},\"primaryImageOfPage\":{\"@id\":\"https:\/\/www.upjs.sk\/prirodovedecka-fakulta\/veda-vyskum\/cajovna-arch\/archiv\/41-prirodovedecka-cajovna\/#primaryimage\"},\"image\":{\"@id\":\"https:\/\/www.upjs.sk\/prirodovedecka-fakulta\/veda-vyskum\/cajovna-arch\/archiv\/41-prirodovedecka-cajovna\/#primaryimage\"},\"thumbnailUrl\":\"https:\/\/www.upjs.sk\/app\/uploads\/sites\/10\/2023\/10\/banner-41-prirodovedecka-cajovna-mobil-horny-SK.png\",\"datePublished\":\"2023-10-23T09:51:21+00:00\",\"dateModified\":\"2023-11-14T10:20:49+00:00\",\"breadcrumb\":{\"@id\":\"https:\/\/www.upjs.sk\/prirodovedecka-fakulta\/veda-vyskum\/cajovna-arch\/archiv\/41-prirodovedecka-cajovna\/#breadcrumb\"},\"inLanguage\":\"sk-SK\",\"potentialAction\":[{\"@type\":\"ReadAction\",\"target\":[\"https:\/\/www.upjs.sk\/prirodovedecka-fakulta\/veda-vyskum\/cajovna-arch\/archiv\/41-prirodovedecka-cajovna\/\"]}]},{\"@type\":\"ImageObject\",\"inLanguage\":\"sk-SK\",\"@id\":\"https:\/\/www.upjs.sk\/prirodovedecka-fakulta\/veda-vyskum\/cajovna-arch\/archiv\/41-prirodovedecka-cajovna\/#primaryimage\",\"url\":\"https:\/\/www.upjs.sk\/app\/uploads\/sites\/10\/2023\/10\/banner-41-prirodovedecka-cajovna-mobil-horny-SK.png\",\"contentUrl\":\"https:\/\/www.upjs.sk\/app\/uploads\/sites\/10\/2023\/10\/banner-41-prirodovedecka-cajovna-mobil-horny-SK.png\",\"width\":780,\"height\":1110},{\"@type\":\"BreadcrumbList\",\"@id\":\"https:\/\/www.upjs.sk\/prirodovedecka-fakulta\/veda-vyskum\/cajovna-arch\/archiv\/41-prirodovedecka-cajovna\/#breadcrumb\",\"itemListElement\":[{\"@type\":\"ListItem\",\"position\":1,\"name\":\"Home\",\"item\":\"https:\/\/www.upjs.sk\/prirodovedecka-fakulta\/\"},{\"@type\":\"ListItem\",\"position\":2,\"name\":\"Veda, v\u00fdskum a rozvoj\",\"item\":\"https:\/\/www.upjs.sk\/prirodovedecka-fakulta\/?page_id=12917\"},{\"@type\":\"ListItem\",\"position\":3,\"name\":\"Pr\u00edrodovedeck\u00e1 \u010dajov\u0148a-st\",\"item\":\"https:\/\/www.upjs.sk\/prirodovedecka-fakulta\/?page_id=12959\"},{\"@type\":\"ListItem\",\"position\":4,\"name\":\"Pr\u00edrodovedeck\u00e1 \u010dajov\u0148a &#8211; arch\u00edv\",\"item\":\"https:\/\/www.upjs.sk\/prirodovedecka-fakulta\/?page_id=12979\"},{\"@type\":\"ListItem\",\"position\":5,\"name\":\"41. Pr\u00edrodovedeck\u00e1 \u010dajov\u0148a\"}]},{\"@type\":\"WebSite\",\"@id\":\"https:\/\/www.upjs.sk\/prirodovedecka-fakulta\/#website\",\"url\":\"https:\/\/www.upjs.sk\/prirodovedecka-fakulta\/\",\"name\":\"Pr\u00edrodovedeck\u00e1 fakulta | UPJ\u0160\",\"description\":\"\",\"publisher\":{\"@id\":\"https:\/\/www.upjs.sk\/prirodovedecka-fakulta\/#organization\"},\"potentialAction\":[{\"@type\":\"SearchAction\",\"target\":{\"@type\":\"EntryPoint\",\"urlTemplate\":\"https:\/\/www.upjs.sk\/prirodovedecka-fakulta\/?s={search_term_string}\"},\"query-input\":{\"@type\":\"PropertyValueSpecification\",\"valueRequired\":true,\"valueName\":\"search_term_string\"}}],\"inLanguage\":\"sk-SK\"},{\"@type\":\"Organization\",\"@id\":\"https:\/\/www.upjs.sk\/prirodovedecka-fakulta\/#organization\",\"name\":\"Pr\u00edrodovedeck\u00e1 fakulta | UPJ\u0160\",\"url\":\"https:\/\/www.upjs.sk\/prirodovedecka-fakulta\/\",\"logo\":{\"@type\":\"ImageObject\",\"inLanguage\":\"sk-SK\",\"@id\":\"https:\/\/www.upjs.sk\/prirodovedecka-fakulta\/#\/schema\/logo\/image\/\",\"url\":\"https:\/\/www.upjs.sk\/app\/uploads\/sites\/10\/2022\/09\/logo-prirodovedecka-fakulta.png\",\"contentUrl\":\"https:\/\/www.upjs.sk\/app\/uploads\/sites\/10\/2022\/09\/logo-prirodovedecka-fakulta.png\",\"width\":415,\"height\":87,\"caption\":\"Pr\u00edrodovedeck\u00e1 fakulta | UPJ\u0160\"},\"image\":{\"@id\":\"https:\/\/www.upjs.sk\/prirodovedecka-fakulta\/#\/schema\/logo\/image\/\"}}]}<\/script>\n<!-- \/ Yoast SEO plugin. -->","yoast_head_json":{"title":"41. Pr\u00edrodovedeck\u00e1 \u010dajov\u0148a - Pr\u00edrodovedeck\u00e1 fakulta | UPJ\u0160","robots":{"index":"index","follow":"follow","max-snippet":"max-snippet:-1","max-image-preview":"max-image-preview:large","max-video-preview":"max-video-preview:-1"},"canonical":"https:\/\/www.upjs.sk\/prirodovedecka-fakulta\/veda-vyskum\/cajovna-arch\/archiv\/41-prirodovedecka-cajovna\/","og_locale":"sk_SK","og_type":"article","og_title":"41. Pr\u00edrodovedeck\u00e1 \u010dajov\u0148a - Pr\u00edrodovedeck\u00e1 fakulta | UPJ\u0160","og_description":"T\u00e9ma: How AI will change higher education","og_url":"https:\/\/www.upjs.sk\/prirodovedecka-fakulta\/veda-vyskum\/cajovna-arch\/archiv\/41-prirodovedecka-cajovna\/","og_site_name":"Pr\u00edrodovedeck\u00e1 fakulta | UPJ\u0160","article_modified_time":"2023-11-14T10:20:49+00:00","og_image":[{"width":780,"height":1110,"url":"https:\/\/www.upjs.sk\/app\/uploads\/sites\/10\/2023\/10\/banner-41-prirodovedecka-cajovna-mobil-horny-SK.png","type":"image\/png"}],"twitter_card":"summary_large_image","twitter_misc":{"Predpokladan\u00fd \u010das \u010d\u00edtania":"1 min\u00fata"},"schema":{"@context":"https:\/\/schema.org","@graph":[{"@type":"WebPage","@id":"https:\/\/www.upjs.sk\/prirodovedecka-fakulta\/veda-vyskum\/cajovna-arch\/archiv\/41-prirodovedecka-cajovna\/","url":"https:\/\/www.upjs.sk\/prirodovedecka-fakulta\/veda-vyskum\/cajovna-arch\/archiv\/41-prirodovedecka-cajovna\/","name":"41. Pr\u00edrodovedeck\u00e1 \u010dajov\u0148a - Pr\u00edrodovedeck\u00e1 fakulta | UPJ\u0160","isPartOf":{"@id":"https:\/\/www.upjs.sk\/prirodovedecka-fakulta\/#website"},"primaryImageOfPage":{"@id":"https:\/\/www.upjs.sk\/prirodovedecka-fakulta\/veda-vyskum\/cajovna-arch\/archiv\/41-prirodovedecka-cajovna\/#primaryimage"},"image":{"@id":"https:\/\/www.upjs.sk\/prirodovedecka-fakulta\/veda-vyskum\/cajovna-arch\/archiv\/41-prirodovedecka-cajovna\/#primaryimage"},"thumbnailUrl":"https:\/\/www.upjs.sk\/app\/uploads\/sites\/10\/2023\/10\/banner-41-prirodovedecka-cajovna-mobil-horny-SK.png","datePublished":"2023-10-23T09:51:21+00:00","dateModified":"2023-11-14T10:20:49+00:00","breadcrumb":{"@id":"https:\/\/www.upjs.sk\/prirodovedecka-fakulta\/veda-vyskum\/cajovna-arch\/archiv\/41-prirodovedecka-cajovna\/#breadcrumb"},"inLanguage":"sk-SK","potentialAction":[{"@type":"ReadAction","target":["https:\/\/www.upjs.sk\/prirodovedecka-fakulta\/veda-vyskum\/cajovna-arch\/archiv\/41-prirodovedecka-cajovna\/"]}]},{"@type":"ImageObject","inLanguage":"sk-SK","@id":"https:\/\/www.upjs.sk\/prirodovedecka-fakulta\/veda-vyskum\/cajovna-arch\/archiv\/41-prirodovedecka-cajovna\/#primaryimage","url":"https:\/\/www.upjs.sk\/app\/uploads\/sites\/10\/2023\/10\/banner-41-prirodovedecka-cajovna-mobil-horny-SK.png","contentUrl":"https:\/\/www.upjs.sk\/app\/uploads\/sites\/10\/2023\/10\/banner-41-prirodovedecka-cajovna-mobil-horny-SK.png","width":780,"height":1110},{"@type":"BreadcrumbList","@id":"https:\/\/www.upjs.sk\/prirodovedecka-fakulta\/veda-vyskum\/cajovna-arch\/archiv\/41-prirodovedecka-cajovna\/#breadcrumb","itemListElement":[{"@type":"ListItem","position":1,"name":"Home","item":"https:\/\/www.upjs.sk\/prirodovedecka-fakulta\/"},{"@type":"ListItem","position":2,"name":"Veda, v\u00fdskum a rozvoj","item":"https:\/\/www.upjs.sk\/prirodovedecka-fakulta\/?page_id=12917"},{"@type":"ListItem","position":3,"name":"Pr\u00edrodovedeck\u00e1 \u010dajov\u0148a-st","item":"https:\/\/www.upjs.sk\/prirodovedecka-fakulta\/?page_id=12959"},{"@type":"ListItem","position":4,"name":"Pr\u00edrodovedeck\u00e1 \u010dajov\u0148a &#8211; arch\u00edv","item":"https:\/\/www.upjs.sk\/prirodovedecka-fakulta\/?page_id=12979"},{"@type":"ListItem","position":5,"name":"41. Pr\u00edrodovedeck\u00e1 \u010dajov\u0148a"}]},{"@type":"WebSite","@id":"https:\/\/www.upjs.sk\/prirodovedecka-fakulta\/#website","url":"https:\/\/www.upjs.sk\/prirodovedecka-fakulta\/","name":"Pr\u00edrodovedeck\u00e1 fakulta | UPJ\u0160","description":"","publisher":{"@id":"https:\/\/www.upjs.sk\/prirodovedecka-fakulta\/#organization"},"potentialAction":[{"@type":"SearchAction","target":{"@type":"EntryPoint","urlTemplate":"https:\/\/www.upjs.sk\/prirodovedecka-fakulta\/?s={search_term_string}"},"query-input":{"@type":"PropertyValueSpecification","valueRequired":true,"valueName":"search_term_string"}}],"inLanguage":"sk-SK"},{"@type":"Organization","@id":"https:\/\/www.upjs.sk\/prirodovedecka-fakulta\/#organization","name":"Pr\u00edrodovedeck\u00e1 fakulta | UPJ\u0160","url":"https:\/\/www.upjs.sk\/prirodovedecka-fakulta\/","logo":{"@type":"ImageObject","inLanguage":"sk-SK","@id":"https:\/\/www.upjs.sk\/prirodovedecka-fakulta\/#\/schema\/logo\/image\/","url":"https:\/\/www.upjs.sk\/app\/uploads\/sites\/10\/2022\/09\/logo-prirodovedecka-fakulta.png","contentUrl":"https:\/\/www.upjs.sk\/app\/uploads\/sites\/10\/2022\/09\/logo-prirodovedecka-fakulta.png","width":415,"height":87,"caption":"Pr\u00edrodovedeck\u00e1 fakulta | UPJ\u0160"},"image":{"@id":"https:\/\/www.upjs.sk\/prirodovedecka-fakulta\/#\/schema\/logo\/image\/"}}]}},"_links":{"self":[{"href":"https:\/\/www.upjs.sk\/prirodovedecka-fakulta\/wp-json\/wp\/v2\/pages\/61921","targetHints":{"allow":["GET"]}}],"collection":[{"href":"https:\/\/www.upjs.sk\/prirodovedecka-fakulta\/wp-json\/wp\/v2\/pages"}],"about":[{"href":"https:\/\/www.upjs.sk\/prirodovedecka-fakulta\/wp-json\/wp\/v2\/types\/page"}],"author":[{"embeddable":true,"href":"https:\/\/www.upjs.sk\/prirodovedecka-fakulta\/wp-json\/wp\/v2\/users\/25"}],"replies":[{"embeddable":true,"href":"https:\/\/www.upjs.sk\/prirodovedecka-fakulta\/wp-json\/wp\/v2\/comments?post=61921"}],"version-history":[{"count":20,"href":"https:\/\/www.upjs.sk\/prirodovedecka-fakulta\/wp-json\/wp\/v2\/pages\/61921\/revisions"}],"predecessor-version":[{"id":69882,"href":"https:\/\/www.upjs.sk\/prirodovedecka-fakulta\/wp-json\/wp\/v2\/pages\/61921\/revisions\/69882"}],"up":[{"embeddable":true,"href":"https:\/\/www.upjs.sk\/prirodovedecka-fakulta\/wp-json\/wp\/v2\/pages\/12979"}],"wp:featuredmedia":[{"embeddable":true,"href":"https:\/\/www.upjs.sk\/prirodovedecka-fakulta\/wp-json\/wp\/v2\/media\/61133"}],"wp:attachment":[{"href":"https:\/\/www.upjs.sk\/prirodovedecka-fakulta\/wp-json\/wp\/v2\/media?parent=61921"}],"wp:term":[{"taxonomy":"category","embeddable":true,"href":"https:\/\/www.upjs.sk\/prirodovedecka-fakulta\/wp-json\/wp\/v2\/categories?post=61921"},{"taxonomy":"post_tag","embeddable":true,"href":"https:\/\/www.upjs.sk\/prirodovedecka-fakulta\/wp-json\/wp\/v2\/tags?post=61921"}],"curies":[{"name":"wp","href":"https:\/\/api.w.org\/{rel}","templated":true}]}}