{"id":71495,"date":"2024-09-04T14:15:59","date_gmt":"2024-09-04T13:15:59","guid":{"rendered":"https:\/\/www.upjs.sk\/prirodovedecka-fakulta\/rozvoj\/spolocne-laboratoria\/"},"modified":"2024-09-04T15:55:06","modified_gmt":"2024-09-04T14:55:06","slug":"spolocne-laboratoria","status":"publish","type":"page","link":"https:\/\/www.upjs.sk\/prirodovedecka-fakulta\/rozvoj\/spolocne-laboratoria\/","title":{"rendered":"Spolo\u010dn\u00e9 laborat\u00f3ria"},"content":{"rendered":"<style>.kb-row-layout-id71495_ffb307-dc > .kt-row-column-wrap{align-content:start;}:where(.kb-row-layout-id71495_ffb307-dc > .kt-row-column-wrap) > .wp-block-kadence-column{justify-content:start;}.kb-row-layout-id71495_ffb307-dc > .kt-row-column-wrap{column-gap:var(--global-kb-gap-md, 2rem);row-gap:var(--global-kb-gap-md, 2rem);padding-top:var(--global-kb-spacing-sm, 1.5rem);grid-template-columns:minmax(0, calc(50% - ((var(--global-kb-gap-md, 2rem) * 1 )\/2)))minmax(0, calc(50% - ((var(--global-kb-gap-md, 2rem) * 1 )\/2)));}.kb-row-layout-id71495_ffb307-dc{border-top-left-radius:5px;border-top-right-radius:5px;border-bottom-right-radius:5px;border-bottom-left-radius:5px;overflow:clip;isolation:isolate;}.kb-row-layout-id71495_ffb307-dc > .kt-row-layout-overlay{border-top-left-radius:5px;border-top-right-radius:5px;border-bottom-right-radius:5px;border-bottom-left-radius:5px;}.kb-row-layout-id71495_ffb307-dc > .kt-row-layout-overlay{opacity:0.30;}@media all and (max-width: 1024px){.kb-row-layout-id71495_ffb307-dc > .kt-row-column-wrap{grid-template-columns:repeat(2, minmax(0, 1fr));}}@media all and (max-width: 767px){.kb-row-layout-id71495_ffb307-dc > .kt-row-column-wrap{grid-template-columns:minmax(0, 1fr);}}<\/style><div class=\"kb-row-layout-wrap kb-row-layout-id71495_ffb307-dc alignnone has-bg-siva-background-color kt-row-has-bg wp-block-kadence-rowlayout\"><div class=\"kt-row-column-wrap kt-has-2-columns kt-row-layout-equal kt-tab-layout-inherit kt-mobile-layout-row kt-row-valign-top\">\n<style>.kadence-column71495_a5f638-17 > .kt-inside-inner-col,.kadence-column71495_a5f638-17 > .kt-inside-inner-col:before{border-top-left-radius:0px;border-top-right-radius:0px;border-bottom-right-radius:0px;border-bottom-left-radius:0px;}.kadence-column71495_a5f638-17 > .kt-inside-inner-col{column-gap:var(--global-kb-gap-sm, 1rem);}.kadence-column71495_a5f638-17 > .kt-inside-inner-col{flex-direction:column;}.kadence-column71495_a5f638-17 > .kt-inside-inner-col > .aligncenter{width:100%;}.kadence-column71495_a5f638-17 > .kt-inside-inner-col:before{opacity:0.3;}.kadence-column71495_a5f638-17{position:relative;}@media all and (max-width: 1024px){.kadence-column71495_a5f638-17 > .kt-inside-inner-col{flex-direction:column;justify-content:center;}}@media all and (max-width: 767px){.kadence-column71495_a5f638-17 > .kt-inside-inner-col{flex-direction:column;justify-content:center;}}<\/style>\n<div class=\"wp-block-kadence-column kadence-column71495_a5f638-17\"><div class=\"kt-inside-inner-col\"><style>.kb-row-layout-id71495_5a1f09-58 > .kt-row-column-wrap{align-content:start;}:where(.kb-row-layout-id71495_5a1f09-58 > .kt-row-column-wrap) > .wp-block-kadence-column{justify-content:start;}.kb-row-layout-id71495_5a1f09-58 > .kt-row-column-wrap{column-gap:var(--global-kb-gap-md, 2rem);row-gap:var(--global-kb-gap-md, 2rem);padding-top:var(--global-kb-spacing-sm, 1.5rem);padding-bottom:var(--global-kb-spacing-sm, 1.5rem);grid-template-columns:minmax(0, 1fr);}.kb-row-layout-id71495_5a1f09-58 > .kt-row-layout-overlay{opacity:0.30;}@media all and (max-width: 1024px){.kb-row-layout-id71495_5a1f09-58 > .kt-row-column-wrap{grid-template-columns:minmax(0, 1fr);}}@media all and (max-width: 767px){.kb-row-layout-id71495_5a1f09-58 > .kt-row-column-wrap{grid-template-columns:minmax(0, 1fr);}}<\/style><div class=\"kb-row-layout-wrap kb-row-layout-id71495_5a1f09-58 alignnone wp-block-kadence-rowlayout\"><div class=\"kt-row-column-wrap kt-has-2-columns kt-row-layout-row kt-tab-layout-inherit kt-mobile-layout-row kt-row-valign-top\">\n<style>.kadence-column71495_452a28-27 > .kt-inside-inner-col,.kadence-column71495_452a28-27 > .kt-inside-inner-col:before{border-top-left-radius:0px;border-top-right-radius:0px;border-bottom-right-radius:0px;border-bottom-left-radius:0px;}.kadence-column71495_452a28-27 > .kt-inside-inner-col{column-gap:var(--global-kb-gap-sm, 1rem);}.kadence-column71495_452a28-27 > .kt-inside-inner-col{flex-direction:column;}.kadence-column71495_452a28-27 > .kt-inside-inner-col > .aligncenter{width:100%;}.kadence-column71495_452a28-27 > .kt-inside-inner-col:before{opacity:0.3;}.kadence-column71495_452a28-27{position:relative;}@media all and (max-width: 1024px){.kadence-column71495_452a28-27 > .kt-inside-inner-col{flex-direction:column;justify-content:center;}}@media all and (max-width: 767px){.kadence-column71495_452a28-27 > .kt-inside-inner-col{flex-direction:column;justify-content:center;}}<\/style>\n<div class=\"wp-block-kadence-column kadence-column71495_452a28-27\"><div class=\"kt-inside-inner-col\"><style>.kb-image71495_70c2a7-90 .kb-image-has-overlay:after{opacity:0.3;border-top-left-radius:5px;border-top-right-radius:5px;border-bottom-right-radius:5px;border-bottom-left-radius:5px;}.kb-image71495_70c2a7-90 img.kb-img, .kb-image71495_70c2a7-90 .kb-img img{border-top-left-radius:5px;border-top-right-radius:5px;border-bottom-right-radius:5px;border-bottom-left-radius:5px;}<\/style>\n<figure class=\"wp-block-kadence-image kb-image71495_70c2a7-90 size-full\"><img loading=\"lazy\" decoding=\"async\" width=\"972\" height=\"547\" src=\"https:\/\/www.upjs.sk\/app\/uploads\/sites\/10\/2022\/09\/technicom10.jpg\" alt=\"\" class=\"kb-img wp-image-17016\" srcset=\"https:\/\/www.upjs.sk\/app\/uploads\/sites\/10\/2022\/09\/technicom10.jpg 972w, https:\/\/www.upjs.sk\/app\/uploads\/sites\/10\/2022\/09\/technicom10-300x169.jpg 300w, https:\/\/www.upjs.sk\/app\/uploads\/sites\/10\/2022\/09\/technicom10-768x432.jpg 768w\" sizes=\"auto, (max-width: 972px) 100vw, 972px\" \/><\/figure>\n<\/div><\/div>\n\n\n<style>.kadence-column71495_9ce944-60 > .kt-inside-inner-col,.kadence-column71495_9ce944-60 > .kt-inside-inner-col:before{border-top-left-radius:0px;border-top-right-radius:0px;border-bottom-right-radius:0px;border-bottom-left-radius:0px;}.kadence-column71495_9ce944-60 > .kt-inside-inner-col{column-gap:var(--global-kb-gap-sm, 1rem);}.kadence-column71495_9ce944-60 > .kt-inside-inner-col{flex-direction:column;}.kadence-column71495_9ce944-60 > .kt-inside-inner-col > .aligncenter{width:100%;}.kadence-column71495_9ce944-60 > .kt-inside-inner-col:before{opacity:0.3;}.kadence-column71495_9ce944-60{position:relative;}@media all and (max-width: 1024px){.kadence-column71495_9ce944-60 > .kt-inside-inner-col{flex-direction:column;justify-content:center;}}@media all and (max-width: 767px){.kadence-column71495_9ce944-60 > .kt-inside-inner-col{flex-direction:column;justify-content:center;}}<\/style>\n<div class=\"wp-block-kadence-column kadence-column71495_9ce944-60\"><div class=\"kt-inside-inner-col\">\n<p class=\"has-text-align-center\"><strong><a href=\"https:\/\/www.upjs.sk\/prirodovedecka-fakulta\/rozvoj\/spolocne-laboratoria\/cezis-centrum-znalostnych-a-informacnych-systemov\/\">CeZIS \u2013 Centrum znalostn\u00fdch a\u00a0informa\u010dn\u00fdch syst\u00e9mov<\/a><\/strong><\/p>\n<\/div><\/div>\n\n<\/div><\/div><\/div><\/div>\n\n\n<style>.kadence-column71495_9914e0-45 > .kt-inside-inner-col,.kadence-column71495_9914e0-45 > .kt-inside-inner-col:before{border-top-left-radius:0px;border-top-right-radius:0px;border-bottom-right-radius:0px;border-bottom-left-radius:0px;}.kadence-column71495_9914e0-45 > .kt-inside-inner-col{column-gap:var(--global-kb-gap-sm, 1rem);}.kadence-column71495_9914e0-45 > .kt-inside-inner-col{flex-direction:column;}.kadence-column71495_9914e0-45 > .kt-inside-inner-col > .aligncenter{width:100%;}.kadence-column71495_9914e0-45 > .kt-inside-inner-col:before{opacity:0.3;}.kadence-column71495_9914e0-45{position:relative;}@media all and (max-width: 1024px){.kadence-column71495_9914e0-45 > .kt-inside-inner-col{flex-direction:column;justify-content:center;}}@media all and (max-width: 767px){.kadence-column71495_9914e0-45 > .kt-inside-inner-col{flex-direction:column;justify-content:center;}}<\/style>\n<div class=\"wp-block-kadence-column kadence-column71495_9914e0-45\"><div class=\"kt-inside-inner-col\"><style>.kb-row-layout-id71495_7957b2-68 > .kt-row-column-wrap{align-content:start;}:where(.kb-row-layout-id71495_7957b2-68 > .kt-row-column-wrap) > .wp-block-kadence-column{justify-content:start;}.kb-row-layout-id71495_7957b2-68 > .kt-row-column-wrap{column-gap:var(--global-kb-gap-md, 2rem);row-gap:var(--global-kb-gap-md, 2rem);padding-top:var(--global-kb-spacing-sm, 1.5rem);padding-bottom:var(--global-kb-spacing-sm, 1.5rem);grid-template-columns:minmax(0, 1fr);}.kb-row-layout-id71495_7957b2-68 > .kt-row-layout-overlay{opacity:0.30;}@media all and (max-width: 1024px){.kb-row-layout-id71495_7957b2-68 > .kt-row-column-wrap{grid-template-columns:minmax(0, 1fr);}}@media all and (max-width: 767px){.kb-row-layout-id71495_7957b2-68 > .kt-row-column-wrap{grid-template-columns:minmax(0, 1fr);}}<\/style><div class=\"kb-row-layout-wrap kb-row-layout-id71495_7957b2-68 alignnone wp-block-kadence-rowlayout\"><div class=\"kt-row-column-wrap kt-has-2-columns kt-row-layout-row kt-tab-layout-inherit kt-mobile-layout-row kt-row-valign-top\">\n<style>.kadence-column71495_9f6486-7f > .kt-inside-inner-col,.kadence-column71495_9f6486-7f > .kt-inside-inner-col:before{border-top-left-radius:0px;border-top-right-radius:0px;border-bottom-right-radius:0px;border-bottom-left-radius:0px;}.kadence-column71495_9f6486-7f > .kt-inside-inner-col{column-gap:var(--global-kb-gap-sm, 1rem);}.kadence-column71495_9f6486-7f > .kt-inside-inner-col{flex-direction:column;}.kadence-column71495_9f6486-7f > .kt-inside-inner-col > .aligncenter{width:100%;}.kadence-column71495_9f6486-7f > .kt-inside-inner-col:before{opacity:0.3;}.kadence-column71495_9f6486-7f{position:relative;}@media all and (max-width: 1024px){.kadence-column71495_9f6486-7f > .kt-inside-inner-col{flex-direction:column;justify-content:center;}}@media all and (max-width: 767px){.kadence-column71495_9f6486-7f > .kt-inside-inner-col{flex-direction:column;justify-content:center;}}<\/style>\n<div class=\"wp-block-kadence-column kadence-column71495_9f6486-7f\"><div class=\"kt-inside-inner-col\"><style>.kb-image71495_80df30-0a .kb-image-has-overlay:after{opacity:0.3;border-top-left-radius:5px;border-top-right-radius:5px;border-bottom-right-radius:5px;border-bottom-left-radius:5px;}.kb-image71495_80df30-0a img.kb-img, .kb-image71495_80df30-0a .kb-img img{background-color:#F4F4F4;border-top-left-radius:5px;border-top-right-radius:5px;border-bottom-right-radius:5px;border-bottom-left-radius:5px;}<\/style>\n<figure class=\"wp-block-kadence-image kb-image71495_80df30-0a size-full\"><img loading=\"lazy\" decoding=\"async\" width=\"972\" height=\"547\" src=\"https:\/\/www.upjs.sk\/app\/uploads\/sites\/10\/2024\/09\/VUCAP-lab.png\" alt=\"\" class=\"kb-img wp-image-71503\" srcset=\"https:\/\/www.upjs.sk\/app\/uploads\/sites\/10\/2024\/09\/VUCAP-lab.png 972w, https:\/\/www.upjs.sk\/app\/uploads\/sites\/10\/2024\/09\/VUCAP-lab-300x169.png 300w, https:\/\/www.upjs.sk\/app\/uploads\/sites\/10\/2024\/09\/VUCAP-lab-768x432.png 768w\" sizes=\"auto, (max-width: 972px) 100vw, 972px\" \/><\/figure>\n<\/div><\/div>\n\n\n<style>.kadence-column71495_2f578f-7c > .kt-inside-inner-col,.kadence-column71495_2f578f-7c > .kt-inside-inner-col:before{border-top-left-radius:0px;border-top-right-radius:0px;border-bottom-right-radius:0px;border-bottom-left-radius:0px;}.kadence-column71495_2f578f-7c > .kt-inside-inner-col{column-gap:var(--global-kb-gap-sm, 1rem);}.kadence-column71495_2f578f-7c > .kt-inside-inner-col{flex-direction:column;}.kadence-column71495_2f578f-7c > .kt-inside-inner-col > .aligncenter{width:100%;}.kadence-column71495_2f578f-7c > .kt-inside-inner-col:before{opacity:0.3;}.kadence-column71495_2f578f-7c{position:relative;}@media all and (max-width: 1024px){.kadence-column71495_2f578f-7c > .kt-inside-inner-col{flex-direction:column;justify-content:center;}}@media all and (max-width: 767px){.kadence-column71495_2f578f-7c > .kt-inside-inner-col{flex-direction:column;justify-content:center;}}<\/style>\n<div class=\"wp-block-kadence-column kadence-column71495_2f578f-7c\"><div class=\"kt-inside-inner-col\">\n<p class=\"has-text-align-center\"><strong><a href=\"https:\/\/www.upjs.sk\/prirodovedecka-fakulta\/rozvoj\/spolocne-laboratoria\/vucap\/\">VUCAP \u2013\u00a0 Vissim &amp; UPJS Colaborative Analytics Platform<\/a><\/strong><\/p>\n<\/div><\/div>\n\n<\/div><\/div><\/div><\/div>\n\n<\/div><\/div>\n\n\n<p><\/p>\n","protected":false},"excerpt":{"rendered":"<p>CeZIS \u2013 Centrum znalostn\u00fdch a\u00a0informa\u010dn\u00fdch syst\u00e9mov VUCAP \u2013\u00a0 Vissim &amp; UPJS Colaborative Analytics Platform<\/p>\n","protected":false},"author":25,"featured_media":0,"parent":26484,"menu_order":13,"comment_status":"closed","ping_status":"closed","template":"","meta":{"_acf_changed":false,"_editorskit_title_hidden":false,"_editorskit_reading_time":0,"_editorskit_is_block_options_detached":false,"_editorskit_block_options_position":"{}","footnotes":""},"categories":[],"tags":[],"class_list":["post-71495","page","type-page","status-publish","hentry"],"acf":{"acf_link_na_externy_obsah":""},"yoast_head":"<!-- This site is optimized with the Yoast SEO plugin v27.4 - https:\/\/yoast.com\/product\/yoast-seo-wordpress\/ -->\n<title>Spolo\u010dn\u00e9 laborat\u00f3ria - Pr\u00edrodovedeck\u00e1 fakulta | UPJ\u0160<\/title>\n<meta name=\"robots\" content=\"index, follow, max-snippet:-1, max-image-preview:large, max-video-preview:-1\" \/>\n<link rel=\"canonical\" href=\"https:\/\/www.upjs.sk\/prirodovedecka-fakulta\/rozvoj\/spolocne-laboratoria\/\" \/>\n<meta property=\"og:locale\" content=\"sk_SK\" \/>\n<meta property=\"og:type\" content=\"article\" \/>\n<meta property=\"og:title\" content=\"Spolo\u010dn\u00e9 laborat\u00f3ria - Pr\u00edrodovedeck\u00e1 fakulta | UPJ\u0160\" \/>\n<meta property=\"og:description\" content=\"CeZIS \u2013 Centrum znalostn\u00fdch a\u00a0informa\u010dn\u00fdch syst\u00e9mov VUCAP \u2013\u00a0 Vissim &amp; UPJS Colaborative Analytics Platform\" \/>\n<meta property=\"og:url\" content=\"https:\/\/www.upjs.sk\/prirodovedecka-fakulta\/rozvoj\/spolocne-laboratoria\/\" \/>\n<meta property=\"og:site_name\" content=\"Pr\u00edrodovedeck\u00e1 fakulta | UPJ\u0160\" \/>\n<meta property=\"article:modified_time\" content=\"2024-09-04T14:55:06+00:00\" \/>\n<meta property=\"og:image\" content=\"https:\/\/www.upjs.sk\/app\/uploads\/sites\/10\/2022\/09\/technicom10.jpg\" \/>\n<meta name=\"twitter:card\" content=\"summary_large_image\" \/>\n<meta name=\"twitter:label1\" content=\"Predpokladan\u00fd \u010das \u010d\u00edtania\" \/>\n\t<meta name=\"twitter:data1\" content=\"1 min\u00fata\" \/>\n<script type=\"application\/ld+json\" class=\"yoast-schema-graph\">{\"@context\":\"https:\\\/\\\/schema.org\",\"@graph\":[{\"@type\":\"WebPage\",\"@id\":\"https:\\\/\\\/www.upjs.sk\\\/prirodovedecka-fakulta\\\/rozvoj\\\/spolocne-laboratoria\\\/\",\"url\":\"https:\\\/\\\/www.upjs.sk\\\/prirodovedecka-fakulta\\\/rozvoj\\\/spolocne-laboratoria\\\/\",\"name\":\"Spolo\u010dn\u00e9 laborat\u00f3ria - Pr\u00edrodovedeck\u00e1 fakulta | UPJ\u0160\",\"isPartOf\":{\"@id\":\"https:\\\/\\\/www.upjs.sk\\\/prirodovedecka-fakulta\\\/#website\"},\"primaryImageOfPage\":{\"@id\":\"https:\\\/\\\/www.upjs.sk\\\/prirodovedecka-fakulta\\\/rozvoj\\\/spolocne-laboratoria\\\/#primaryimage\"},\"image\":{\"@id\":\"https:\\\/\\\/www.upjs.sk\\\/prirodovedecka-fakulta\\\/rozvoj\\\/spolocne-laboratoria\\\/#primaryimage\"},\"thumbnailUrl\":\"https:\\\/\\\/www.upjs.sk\\\/app\\\/uploads\\\/sites\\\/10\\\/2022\\\/09\\\/technicom10.jpg\",\"datePublished\":\"2024-09-04T13:15:59+00:00\",\"dateModified\":\"2024-09-04T14:55:06+00:00\",\"breadcrumb\":{\"@id\":\"https:\\\/\\\/www.upjs.sk\\\/prirodovedecka-fakulta\\\/rozvoj\\\/spolocne-laboratoria\\\/#breadcrumb\"},\"inLanguage\":\"sk-SK\",\"potentialAction\":[{\"@type\":\"ReadAction\",\"target\":[\"https:\\\/\\\/www.upjs.sk\\\/prirodovedecka-fakulta\\\/rozvoj\\\/spolocne-laboratoria\\\/\"]}]},{\"@type\":\"ImageObject\",\"inLanguage\":\"sk-SK\",\"@id\":\"https:\\\/\\\/www.upjs.sk\\\/prirodovedecka-fakulta\\\/rozvoj\\\/spolocne-laboratoria\\\/#primaryimage\",\"url\":\"https:\\\/\\\/www.upjs.sk\\\/app\\\/uploads\\\/sites\\\/10\\\/2022\\\/09\\\/technicom10.jpg\",\"contentUrl\":\"https:\\\/\\\/www.upjs.sk\\\/app\\\/uploads\\\/sites\\\/10\\\/2022\\\/09\\\/technicom10.jpg\"},{\"@type\":\"BreadcrumbList\",\"@id\":\"https:\\\/\\\/www.upjs.sk\\\/prirodovedecka-fakulta\\\/rozvoj\\\/spolocne-laboratoria\\\/#breadcrumb\",\"itemListElement\":[{\"@type\":\"ListItem\",\"position\":1,\"name\":\"Home\",\"item\":\"https:\\\/\\\/www.upjs.sk\\\/prirodovedecka-fakulta\\\/\"},{\"@type\":\"ListItem\",\"position\":2,\"name\":\"Rozvoj\",\"item\":\"https:\\\/\\\/www.upjs.sk\\\/prirodovedecka-fakulta\\\/rozvoj\\\/\"},{\"@type\":\"ListItem\",\"position\":3,\"name\":\"Spolo\u010dn\u00e9 laborat\u00f3ria\"}]},{\"@type\":\"WebSite\",\"@id\":\"https:\\\/\\\/www.upjs.sk\\\/prirodovedecka-fakulta\\\/#website\",\"url\":\"https:\\\/\\\/www.upjs.sk\\\/prirodovedecka-fakulta\\\/\",\"name\":\"Pr\u00edrodovedeck\u00e1 fakulta | UPJ\u0160\",\"description\":\"\",\"publisher\":{\"@id\":\"https:\\\/\\\/www.upjs.sk\\\/prirodovedecka-fakulta\\\/#organization\"},\"potentialAction\":[{\"@type\":\"SearchAction\",\"target\":{\"@type\":\"EntryPoint\",\"urlTemplate\":\"https:\\\/\\\/www.upjs.sk\\\/prirodovedecka-fakulta\\\/?s={search_term_string}\"},\"query-input\":{\"@type\":\"PropertyValueSpecification\",\"valueRequired\":true,\"valueName\":\"search_term_string\"}}],\"inLanguage\":\"sk-SK\"},{\"@type\":\"Organization\",\"@id\":\"https:\\\/\\\/www.upjs.sk\\\/prirodovedecka-fakulta\\\/#organization\",\"name\":\"Pr\u00edrodovedeck\u00e1 fakulta | UPJ\u0160\",\"url\":\"https:\\\/\\\/www.upjs.sk\\\/prirodovedecka-fakulta\\\/\",\"logo\":{\"@type\":\"ImageObject\",\"inLanguage\":\"sk-SK\",\"@id\":\"https:\\\/\\\/www.upjs.sk\\\/prirodovedecka-fakulta\\\/#\\\/schema\\\/logo\\\/image\\\/\",\"url\":\"https:\\\/\\\/www.upjs.sk\\\/app\\\/uploads\\\/sites\\\/10\\\/2022\\\/09\\\/logo-prirodovedecka-fakulta.png\",\"contentUrl\":\"https:\\\/\\\/www.upjs.sk\\\/app\\\/uploads\\\/sites\\\/10\\\/2022\\\/09\\\/logo-prirodovedecka-fakulta.png\",\"width\":415,\"height\":87,\"caption\":\"Pr\u00edrodovedeck\u00e1 fakulta | UPJ\u0160\"},\"image\":{\"@id\":\"https:\\\/\\\/www.upjs.sk\\\/prirodovedecka-fakulta\\\/#\\\/schema\\\/logo\\\/image\\\/\"}}]}<\/script>\n<!-- \/ Yoast SEO plugin. -->","yoast_head_json":{"title":"Spolo\u010dn\u00e9 laborat\u00f3ria - Pr\u00edrodovedeck\u00e1 fakulta | UPJ\u0160","robots":{"index":"index","follow":"follow","max-snippet":"max-snippet:-1","max-image-preview":"max-image-preview:large","max-video-preview":"max-video-preview:-1"},"canonical":"https:\/\/www.upjs.sk\/prirodovedecka-fakulta\/rozvoj\/spolocne-laboratoria\/","og_locale":"sk_SK","og_type":"article","og_title":"Spolo\u010dn\u00e9 laborat\u00f3ria - Pr\u00edrodovedeck\u00e1 fakulta | UPJ\u0160","og_description":"CeZIS \u2013 Centrum znalostn\u00fdch a\u00a0informa\u010dn\u00fdch syst\u00e9mov VUCAP \u2013\u00a0 Vissim &amp; UPJS Colaborative Analytics Platform","og_url":"https:\/\/www.upjs.sk\/prirodovedecka-fakulta\/rozvoj\/spolocne-laboratoria\/","og_site_name":"Pr\u00edrodovedeck\u00e1 fakulta | UPJ\u0160","article_modified_time":"2024-09-04T14:55:06+00:00","og_image":[{"url":"https:\/\/www.upjs.sk\/app\/uploads\/sites\/10\/2022\/09\/technicom10.jpg","type":"","width":"","height":""}],"twitter_card":"summary_large_image","twitter_misc":{"Predpokladan\u00fd \u010das \u010d\u00edtania":"1 min\u00fata"},"schema":{"@context":"https:\/\/schema.org","@graph":[{"@type":"WebPage","@id":"https:\/\/www.upjs.sk\/prirodovedecka-fakulta\/rozvoj\/spolocne-laboratoria\/","url":"https:\/\/www.upjs.sk\/prirodovedecka-fakulta\/rozvoj\/spolocne-laboratoria\/","name":"Spolo\u010dn\u00e9 laborat\u00f3ria - Pr\u00edrodovedeck\u00e1 fakulta | UPJ\u0160","isPartOf":{"@id":"https:\/\/www.upjs.sk\/prirodovedecka-fakulta\/#website"},"primaryImageOfPage":{"@id":"https:\/\/www.upjs.sk\/prirodovedecka-fakulta\/rozvoj\/spolocne-laboratoria\/#primaryimage"},"image":{"@id":"https:\/\/www.upjs.sk\/prirodovedecka-fakulta\/rozvoj\/spolocne-laboratoria\/#primaryimage"},"thumbnailUrl":"https:\/\/www.upjs.sk\/app\/uploads\/sites\/10\/2022\/09\/technicom10.jpg","datePublished":"2024-09-04T13:15:59+00:00","dateModified":"2024-09-04T14:55:06+00:00","breadcrumb":{"@id":"https:\/\/www.upjs.sk\/prirodovedecka-fakulta\/rozvoj\/spolocne-laboratoria\/#breadcrumb"},"inLanguage":"sk-SK","potentialAction":[{"@type":"ReadAction","target":["https:\/\/www.upjs.sk\/prirodovedecka-fakulta\/rozvoj\/spolocne-laboratoria\/"]}]},{"@type":"ImageObject","inLanguage":"sk-SK","@id":"https:\/\/www.upjs.sk\/prirodovedecka-fakulta\/rozvoj\/spolocne-laboratoria\/#primaryimage","url":"https:\/\/www.upjs.sk\/app\/uploads\/sites\/10\/2022\/09\/technicom10.jpg","contentUrl":"https:\/\/www.upjs.sk\/app\/uploads\/sites\/10\/2022\/09\/technicom10.jpg"},{"@type":"BreadcrumbList","@id":"https:\/\/www.upjs.sk\/prirodovedecka-fakulta\/rozvoj\/spolocne-laboratoria\/#breadcrumb","itemListElement":[{"@type":"ListItem","position":1,"name":"Home","item":"https:\/\/www.upjs.sk\/prirodovedecka-fakulta\/"},{"@type":"ListItem","position":2,"name":"Rozvoj","item":"https:\/\/www.upjs.sk\/prirodovedecka-fakulta\/rozvoj\/"},{"@type":"ListItem","position":3,"name":"Spolo\u010dn\u00e9 laborat\u00f3ria"}]},{"@type":"WebSite","@id":"https:\/\/www.upjs.sk\/prirodovedecka-fakulta\/#website","url":"https:\/\/www.upjs.sk\/prirodovedecka-fakulta\/","name":"Pr\u00edrodovedeck\u00e1 fakulta | UPJ\u0160","description":"","publisher":{"@id":"https:\/\/www.upjs.sk\/prirodovedecka-fakulta\/#organization"},"potentialAction":[{"@type":"SearchAction","target":{"@type":"EntryPoint","urlTemplate":"https:\/\/www.upjs.sk\/prirodovedecka-fakulta\/?s={search_term_string}"},"query-input":{"@type":"PropertyValueSpecification","valueRequired":true,"valueName":"search_term_string"}}],"inLanguage":"sk-SK"},{"@type":"Organization","@id":"https:\/\/www.upjs.sk\/prirodovedecka-fakulta\/#organization","name":"Pr\u00edrodovedeck\u00e1 fakulta | UPJ\u0160","url":"https:\/\/www.upjs.sk\/prirodovedecka-fakulta\/","logo":{"@type":"ImageObject","inLanguage":"sk-SK","@id":"https:\/\/www.upjs.sk\/prirodovedecka-fakulta\/#\/schema\/logo\/image\/","url":"https:\/\/www.upjs.sk\/app\/uploads\/sites\/10\/2022\/09\/logo-prirodovedecka-fakulta.png","contentUrl":"https:\/\/www.upjs.sk\/app\/uploads\/sites\/10\/2022\/09\/logo-prirodovedecka-fakulta.png","width":415,"height":87,"caption":"Pr\u00edrodovedeck\u00e1 fakulta | UPJ\u0160"},"image":{"@id":"https:\/\/www.upjs.sk\/prirodovedecka-fakulta\/#\/schema\/logo\/image\/"}}]}},"_links":{"self":[{"href":"https:\/\/www.upjs.sk\/prirodovedecka-fakulta\/wp-json\/wp\/v2\/pages\/71495","targetHints":{"allow":["GET"]}}],"collection":[{"href":"https:\/\/www.upjs.sk\/prirodovedecka-fakulta\/wp-json\/wp\/v2\/pages"}],"about":[{"href":"https:\/\/www.upjs.sk\/prirodovedecka-fakulta\/wp-json\/wp\/v2\/types\/page"}],"author":[{"embeddable":true,"href":"https:\/\/www.upjs.sk\/prirodovedecka-fakulta\/wp-json\/wp\/v2\/users\/25"}],"replies":[{"embeddable":true,"href":"https:\/\/www.upjs.sk\/prirodovedecka-fakulta\/wp-json\/wp\/v2\/comments?post=71495"}],"version-history":[{"count":8,"href":"https:\/\/www.upjs.sk\/prirodovedecka-fakulta\/wp-json\/wp\/v2\/pages\/71495\/revisions"}],"predecessor-version":[{"id":71531,"href":"https:\/\/www.upjs.sk\/prirodovedecka-fakulta\/wp-json\/wp\/v2\/pages\/71495\/revisions\/71531"}],"up":[{"embeddable":true,"href":"https:\/\/www.upjs.sk\/prirodovedecka-fakulta\/wp-json\/wp\/v2\/pages\/26484"}],"wp:attachment":[{"href":"https:\/\/www.upjs.sk\/prirodovedecka-fakulta\/wp-json\/wp\/v2\/media?parent=71495"}],"wp:term":[{"taxonomy":"category","embeddable":true,"href":"https:\/\/www.upjs.sk\/prirodovedecka-fakulta\/wp-json\/wp\/v2\/categories?post=71495"},{"taxonomy":"post_tag","embeddable":true,"href":"https:\/\/www.upjs.sk\/prirodovedecka-fakulta\/wp-json\/wp\/v2\/tags?post=71495"}],"curies":[{"name":"wp","href":"https:\/\/api.w.org\/{rel}","templated":true}]}}