{"id":71518,"date":"2024-09-04T15:45:00","date_gmt":"2024-09-04T14:45:28","guid":{"rendered":"https:\/\/www.upjs.sk\/prirodovedecka-fakulta\/rozvoj\/spolocne-laboratoria\/vucap-vissim-upjs-colaborative-analytics-platform\/"},"modified":"2024-09-04T15:51:25","modified_gmt":"2024-09-04T14:51:25","slug":"vucap","status":"publish","type":"page","link":"https:\/\/www.upjs.sk\/prirodovedecka-fakulta\/rozvoj\/spolocne-laboratoria\/vucap\/","title":{"rendered":"VUCAP &#8211; Vissim &#038; UPJS Colaborative Analytics Platform"},"content":{"rendered":"<style>.kadence-column71518_5884f2-02 > .kt-inside-inner-col,.kadence-column71518_5884f2-02 > .kt-inside-inner-col:before{border-top-left-radius:0px;border-top-right-radius:0px;border-bottom-right-radius:0px;border-bottom-left-radius:0px;}.kadence-column71518_5884f2-02 > .kt-inside-inner-col{column-gap:var(--global-kb-gap-sm, 1rem);}.kadence-column71518_5884f2-02 > .kt-inside-inner-col{flex-direction:column;}.kadence-column71518_5884f2-02 > .kt-inside-inner-col > .aligncenter{width:100%;}.kadence-column71518_5884f2-02 > .kt-inside-inner-col:before{opacity:0.3;}.kadence-column71518_5884f2-02{position:relative;}@media all and (max-width: 1024px){.kadence-column71518_5884f2-02 > .kt-inside-inner-col{flex-direction:column;justify-content:center;}}@media all and (max-width: 767px){.kadence-column71518_5884f2-02 > .kt-inside-inner-col{flex-direction:column;justify-content:center;}}<\/style>\n<div class=\"wp-block-kadence-column kadence-column71518_5884f2-02\"><div class=\"kt-inside-inner-col\"><style>.kb-row-layout-id71518_006c0b-9c > .kt-row-column-wrap{align-content:start;}:where(.kb-row-layout-id71518_006c0b-9c > .kt-row-column-wrap) > .wp-block-kadence-column{justify-content:start;}.kb-row-layout-id71518_006c0b-9c > .kt-row-column-wrap{column-gap:var(--global-kb-gap-md, 2rem);row-gap:var(--global-kb-gap-md, 2rem);padding-top:var(--global-kb-spacing-sm, 1.5rem);padding-bottom:var(--global-kb-spacing-sm, 1.5rem);grid-template-columns:minmax(0, calc(40% - ((var(--global-kb-gap-md, 2rem) * 1 )\/2)))minmax(0, calc(60% - ((var(--global-kb-gap-md, 2rem) * 1 )\/2)));}.kb-row-layout-id71518_006c0b-9c > .kt-row-layout-overlay{opacity:0.30;}@media all and (max-width: 1024px){.kb-row-layout-id71518_006c0b-9c > .kt-row-column-wrap{grid-template-columns:repeat(2, minmax(0, 1fr));}}@media all and (max-width: 767px){.kb-row-layout-id71518_006c0b-9c > .kt-row-column-wrap{grid-template-columns:minmax(0, 1fr);}}<\/style><div class=\"kb-row-layout-wrap kb-row-layout-id71518_006c0b-9c alignnone wp-block-kadence-rowlayout\"><div class=\"kt-row-column-wrap kt-has-2-columns kt-row-layout-equal kt-tab-layout-inherit kt-mobile-layout-row kt-row-valign-top\">\n<style>.kadence-column71518_eac8e0-b2 > .kt-inside-inner-col,.kadence-column71518_eac8e0-b2 > .kt-inside-inner-col:before{border-top-left-radius:0px;border-top-right-radius:0px;border-bottom-right-radius:0px;border-bottom-left-radius:0px;}.kadence-column71518_eac8e0-b2 > .kt-inside-inner-col{column-gap:var(--global-kb-gap-sm, 1rem);}.kadence-column71518_eac8e0-b2 > .kt-inside-inner-col{flex-direction:column;}.kadence-column71518_eac8e0-b2 > .kt-inside-inner-col > .aligncenter{width:100%;}.kadence-column71518_eac8e0-b2 > .kt-inside-inner-col:before{opacity:0.3;}.kadence-column71518_eac8e0-b2{position:relative;}@media all and (max-width: 1024px){.kadence-column71518_eac8e0-b2 > .kt-inside-inner-col{flex-direction:column;justify-content:center;}}@media all and (max-width: 767px){.kadence-column71518_eac8e0-b2 > .kt-inside-inner-col{flex-direction:column;justify-content:center;}}<\/style>\n<div class=\"wp-block-kadence-column kadence-column71518_eac8e0-b2\"><div class=\"kt-inside-inner-col\"><style>.kb-image71518_d9ba74-34 .kb-image-has-overlay:after{opacity:0.3;}<\/style>\n<div class=\"wp-block-kadence-image kb-image71518_d9ba74-34\"><figure class=\"aligncenter size-full\"><img loading=\"lazy\" decoding=\"async\" width=\"972\" height=\"547\" src=\"https:\/\/www.upjs.sk\/app\/uploads\/sites\/10\/2024\/09\/VUCAP-lab.png\" alt=\"\" class=\"kb-img wp-image-71503\" srcset=\"https:\/\/www.upjs.sk\/app\/uploads\/sites\/10\/2024\/09\/VUCAP-lab.png 972w, https:\/\/www.upjs.sk\/app\/uploads\/sites\/10\/2024\/09\/VUCAP-lab-300x169.png 300w, https:\/\/www.upjs.sk\/app\/uploads\/sites\/10\/2024\/09\/VUCAP-lab-768x432.png 768w\" sizes=\"auto, (max-width: 972px) 100vw, 972px\" \/><\/figure><\/div>\n<\/div><\/div>\n\n\n<style>.kadence-column71518_a345df-4c > .kt-inside-inner-col,.kadence-column71518_a345df-4c > .kt-inside-inner-col:before{border-top-left-radius:0px;border-top-right-radius:0px;border-bottom-right-radius:0px;border-bottom-left-radius:0px;}.kadence-column71518_a345df-4c > .kt-inside-inner-col{column-gap:var(--global-kb-gap-sm, 1rem);}.kadence-column71518_a345df-4c > .kt-inside-inner-col{flex-direction:column;}.kadence-column71518_a345df-4c > .kt-inside-inner-col > .aligncenter{width:100%;}.kadence-column71518_a345df-4c > .kt-inside-inner-col:before{opacity:0.3;}.kadence-column71518_a345df-4c{position:relative;}@media all and (max-width: 1024px){.kadence-column71518_a345df-4c > .kt-inside-inner-col{flex-direction:column;justify-content:center;}}@media all and (max-width: 767px){.kadence-column71518_a345df-4c > .kt-inside-inner-col{flex-direction:column;justify-content:center;}}<\/style>\n<div class=\"wp-block-kadence-column kadence-column71518_a345df-4c\"><div class=\"kt-inside-inner-col\">\n<p>Inteligentn\u00e9 spracovanie d\u00e1t a\u00a0aplik\u00e1cia met\u00f3d strojov\u00e9ho u\u010denia a\u00a0umelej inteligencie v\u00a0dne\u0161nej dobe umo\u017e\u0148uj\u00fa realizova\u0165 dramatick\u00e9 kvalitat\u00edvne zmeny v\u00a0r\u00f4znych oblastiach \u017eivota. Vo svete je zozbieran\u00e9 obrovsk\u00e9 mno\u017estvo d\u00e1t, ktor\u00e9 e\u0161te len \u010dakaj\u00fa na spracovanie a\u00a0skr\u00fdvaj\u00fa doteraz neobjaven\u00e9 inform\u00e1cie a\u00a0znalosti.<\/p>\n\n\n\n<p>Spolo\u010dnos\u0165&nbsp;<a rel=\"noreferrer noopener\" target=\"_blank\" href=\"https:\/\/www.vissim.no\/\">VISSIM<\/a>, ktor\u00e1 je dlhodobo etablovan\u00e1 v&nbsp;oblasti pobre\u017en\u00fdch vetern\u00fdch parkov a&nbsp;n\u00e1mornej dopravy vytvorila spolu s&nbsp;\u00dastavom informatiky Pr\u00edrodovedeckej fakulty UPJ\u0160 spolo\u010dn\u00e9 laborat\u00f3rium VUCAP, ktor\u00e9 cie\u013eom je rozv\u00edja\u0165 koordinovan\u00fd a&nbsp;aplikovan\u00fd v\u00fdskum a&nbsp;podporova\u0165 vzdel\u00e1vanie v&nbsp;oblasti d\u00e1tovej anal\u00fdzy na stredn\u00fdch a&nbsp;vysok\u00fdch \u0161kol\u00e1ch. Laborat\u00f3rium sa v&nbsp;s\u00fa\u010dasnosti venuje najm\u00e4 problematike logistick\u00fdch probl\u00e9mov vedeck\u00fdch parkov a&nbsp;detekcie anom\u00e1li\u00ed.<\/p>\n<\/div><\/div>\n\n<\/div><\/div>\n\n\n<p class=\"has-text-align-center\"><strong>S\u00fa\u0165a\u017e VUCAP Challenge<\/strong>:&nbsp;<a rel=\"noreferrer noopener\" target=\"_blank\" href=\"https:\/\/vucap-challenge.science.upjs.sk\/\">https:\/\/vucap-challenge.science.upjs.sk<\/a><\/p>\n<\/div><\/div>\n","protected":false},"excerpt":{"rendered":"<p>Inteligentn\u00e9 spracovanie d\u00e1t a\u00a0aplik\u00e1cia met\u00f3d strojov\u00e9ho u\u010denia a\u00a0umelej inteligencie v\u00a0dne\u0161nej dobe umo\u017e\u0148uj\u00fa realizova\u0165 dramatick\u00e9 kvalitat\u00edvne zmeny v\u00a0r\u00f4znych oblastiach \u017eivota. Vo svete je zozbieran\u00e9 obrovsk\u00e9 mno\u017estvo d\u00e1t, ktor\u00e9 e\u0161te len \u010dakaj\u00fa na spracovanie a\u00a0skr\u00fdvaj\u00fa doteraz neobjaven\u00e9 inform\u00e1cie a\u00a0znalosti. Spolo\u010dnos\u0165&nbsp;VISSIM, ktor\u00e1 je dlhodobo etablovan\u00e1 v&nbsp;oblasti pobre\u017en\u00fdch vetern\u00fdch parkov a&nbsp;n\u00e1mornej dopravy vytvorila spolu s&nbsp;\u00dastavom informatiky Pr\u00edrodovedeckej fakulty UPJ\u0160 &hellip; <a href=\"https:\/\/www.upjs.sk\/prirodovedecka-fakulta\/rozvoj\/spolocne-laboratoria\/vucap\/\">\u010c\u00edta\u0165 \u010falej<\/a><\/p>\n","protected":false},"author":25,"featured_media":0,"parent":71495,"menu_order":1,"comment_status":"closed","ping_status":"closed","template":"","meta":{"_acf_changed":false,"_editorskit_title_hidden":false,"_editorskit_reading_time":0,"_editorskit_is_block_options_detached":false,"_editorskit_block_options_position":"{}","footnotes":""},"categories":[],"tags":[],"class_list":["post-71518","page","type-page","status-publish","hentry"],"acf":{"acf_link_na_externy_obsah":""},"yoast_head":"<!-- This site is optimized with the Yoast SEO plugin v27.4 - https:\/\/yoast.com\/product\/yoast-seo-wordpress\/ -->\n<title>VUCAP - Vissim &amp; UPJS Colaborative Analytics Platform - Pr\u00edrodovedeck\u00e1 fakulta | UPJ\u0160<\/title>\n<meta name=\"robots\" content=\"index, follow, max-snippet:-1, max-image-preview:large, max-video-preview:-1\" \/>\n<link rel=\"canonical\" href=\"https:\/\/www.upjs.sk\/prirodovedecka-fakulta\/rozvoj\/spolocne-laboratoria\/vucap\/\" \/>\n<meta property=\"og:locale\" content=\"sk_SK\" \/>\n<meta property=\"og:type\" content=\"article\" \/>\n<meta property=\"og:title\" content=\"VUCAP - Vissim &amp; UPJS Colaborative Analytics Platform - Pr\u00edrodovedeck\u00e1 fakulta | UPJ\u0160\" \/>\n<meta property=\"og:description\" content=\"Inteligentn\u00e9 spracovanie d\u00e1t a\u00a0aplik\u00e1cia met\u00f3d strojov\u00e9ho u\u010denia a\u00a0umelej inteligencie v\u00a0dne\u0161nej dobe umo\u017e\u0148uj\u00fa realizova\u0165 dramatick\u00e9 kvalitat\u00edvne zmeny v\u00a0r\u00f4znych oblastiach \u017eivota. Vo svete je zozbieran\u00e9 obrovsk\u00e9 mno\u017estvo d\u00e1t, ktor\u00e9 e\u0161te len \u010dakaj\u00fa na spracovanie a\u00a0skr\u00fdvaj\u00fa doteraz neobjaven\u00e9 inform\u00e1cie a\u00a0znalosti. Spolo\u010dnos\u0165&nbsp;VISSIM, ktor\u00e1 je dlhodobo etablovan\u00e1 v&nbsp;oblasti pobre\u017en\u00fdch vetern\u00fdch parkov a&nbsp;n\u00e1mornej dopravy vytvorila spolu s&nbsp;\u00dastavom informatiky Pr\u00edrodovedeckej fakulty UPJ\u0160 &hellip; \u010c\u00edta\u0165 \u010falej\" \/>\n<meta property=\"og:url\" content=\"https:\/\/www.upjs.sk\/prirodovedecka-fakulta\/rozvoj\/spolocne-laboratoria\/vucap\/\" \/>\n<meta property=\"og:site_name\" content=\"Pr\u00edrodovedeck\u00e1 fakulta | UPJ\u0160\" \/>\n<meta property=\"article:modified_time\" content=\"2024-09-04T14:51:25+00:00\" \/>\n<meta property=\"og:image\" content=\"https:\/\/www.upjs.sk\/app\/uploads\/sites\/10\/2024\/09\/VUCAP-lab.png\" \/>\n<meta name=\"twitter:card\" content=\"summary_large_image\" \/>\n<meta name=\"twitter:label1\" content=\"Predpokladan\u00fd \u010das \u010d\u00edtania\" \/>\n\t<meta name=\"twitter:data1\" content=\"1 min\u00fata\" \/>\n<script type=\"application\/ld+json\" class=\"yoast-schema-graph\">{\"@context\":\"https:\\\/\\\/schema.org\",\"@graph\":[{\"@type\":\"WebPage\",\"@id\":\"https:\\\/\\\/www.upjs.sk\\\/prirodovedecka-fakulta\\\/rozvoj\\\/spolocne-laboratoria\\\/vucap\\\/\",\"url\":\"https:\\\/\\\/www.upjs.sk\\\/prirodovedecka-fakulta\\\/rozvoj\\\/spolocne-laboratoria\\\/vucap\\\/\",\"name\":\"VUCAP - Vissim & UPJS Colaborative Analytics Platform - Pr\u00edrodovedeck\u00e1 fakulta | UPJ\u0160\",\"isPartOf\":{\"@id\":\"https:\\\/\\\/www.upjs.sk\\\/prirodovedecka-fakulta\\\/#website\"},\"primaryImageOfPage\":{\"@id\":\"https:\\\/\\\/www.upjs.sk\\\/prirodovedecka-fakulta\\\/rozvoj\\\/spolocne-laboratoria\\\/vucap\\\/#primaryimage\"},\"image\":{\"@id\":\"https:\\\/\\\/www.upjs.sk\\\/prirodovedecka-fakulta\\\/rozvoj\\\/spolocne-laboratoria\\\/vucap\\\/#primaryimage\"},\"thumbnailUrl\":\"https:\\\/\\\/www.upjs.sk\\\/app\\\/uploads\\\/sites\\\/10\\\/2024\\\/09\\\/VUCAP-lab.png\",\"datePublished\":\"2024-09-04T14:45:28+00:00\",\"dateModified\":\"2024-09-04T14:51:25+00:00\",\"breadcrumb\":{\"@id\":\"https:\\\/\\\/www.upjs.sk\\\/prirodovedecka-fakulta\\\/rozvoj\\\/spolocne-laboratoria\\\/vucap\\\/#breadcrumb\"},\"inLanguage\":\"sk-SK\",\"potentialAction\":[{\"@type\":\"ReadAction\",\"target\":[\"https:\\\/\\\/www.upjs.sk\\\/prirodovedecka-fakulta\\\/rozvoj\\\/spolocne-laboratoria\\\/vucap\\\/\"]}]},{\"@type\":\"ImageObject\",\"inLanguage\":\"sk-SK\",\"@id\":\"https:\\\/\\\/www.upjs.sk\\\/prirodovedecka-fakulta\\\/rozvoj\\\/spolocne-laboratoria\\\/vucap\\\/#primaryimage\",\"url\":\"https:\\\/\\\/www.upjs.sk\\\/app\\\/uploads\\\/sites\\\/10\\\/2024\\\/09\\\/VUCAP-lab.png\",\"contentUrl\":\"https:\\\/\\\/www.upjs.sk\\\/app\\\/uploads\\\/sites\\\/10\\\/2024\\\/09\\\/VUCAP-lab.png\"},{\"@type\":\"BreadcrumbList\",\"@id\":\"https:\\\/\\\/www.upjs.sk\\\/prirodovedecka-fakulta\\\/rozvoj\\\/spolocne-laboratoria\\\/vucap\\\/#breadcrumb\",\"itemListElement\":[{\"@type\":\"ListItem\",\"position\":1,\"name\":\"Home\",\"item\":\"https:\\\/\\\/www.upjs.sk\\\/prirodovedecka-fakulta\\\/\"},{\"@type\":\"ListItem\",\"position\":2,\"name\":\"Rozvoj\",\"item\":\"https:\\\/\\\/www.upjs.sk\\\/prirodovedecka-fakulta\\\/rozvoj\\\/\"},{\"@type\":\"ListItem\",\"position\":3,\"name\":\"Spolo\u010dn\u00e9 laborat\u00f3ria\",\"item\":\"https:\\\/\\\/www.upjs.sk\\\/prirodovedecka-fakulta\\\/rozvoj\\\/spolocne-laboratoria\\\/\"},{\"@type\":\"ListItem\",\"position\":4,\"name\":\"VUCAP &#8211; Vissim &#038; UPJS Colaborative Analytics Platform\"}]},{\"@type\":\"WebSite\",\"@id\":\"https:\\\/\\\/www.upjs.sk\\\/prirodovedecka-fakulta\\\/#website\",\"url\":\"https:\\\/\\\/www.upjs.sk\\\/prirodovedecka-fakulta\\\/\",\"name\":\"Pr\u00edrodovedeck\u00e1 fakulta | UPJ\u0160\",\"description\":\"\",\"publisher\":{\"@id\":\"https:\\\/\\\/www.upjs.sk\\\/prirodovedecka-fakulta\\\/#organization\"},\"potentialAction\":[{\"@type\":\"SearchAction\",\"target\":{\"@type\":\"EntryPoint\",\"urlTemplate\":\"https:\\\/\\\/www.upjs.sk\\\/prirodovedecka-fakulta\\\/?s={search_term_string}\"},\"query-input\":{\"@type\":\"PropertyValueSpecification\",\"valueRequired\":true,\"valueName\":\"search_term_string\"}}],\"inLanguage\":\"sk-SK\"},{\"@type\":\"Organization\",\"@id\":\"https:\\\/\\\/www.upjs.sk\\\/prirodovedecka-fakulta\\\/#organization\",\"name\":\"Pr\u00edrodovedeck\u00e1 fakulta | UPJ\u0160\",\"url\":\"https:\\\/\\\/www.upjs.sk\\\/prirodovedecka-fakulta\\\/\",\"logo\":{\"@type\":\"ImageObject\",\"inLanguage\":\"sk-SK\",\"@id\":\"https:\\\/\\\/www.upjs.sk\\\/prirodovedecka-fakulta\\\/#\\\/schema\\\/logo\\\/image\\\/\",\"url\":\"https:\\\/\\\/www.upjs.sk\\\/app\\\/uploads\\\/sites\\\/10\\\/2022\\\/09\\\/logo-prirodovedecka-fakulta.png\",\"contentUrl\":\"https:\\\/\\\/www.upjs.sk\\\/app\\\/uploads\\\/sites\\\/10\\\/2022\\\/09\\\/logo-prirodovedecka-fakulta.png\",\"width\":415,\"height\":87,\"caption\":\"Pr\u00edrodovedeck\u00e1 fakulta | UPJ\u0160\"},\"image\":{\"@id\":\"https:\\\/\\\/www.upjs.sk\\\/prirodovedecka-fakulta\\\/#\\\/schema\\\/logo\\\/image\\\/\"}}]}<\/script>\n<!-- \/ Yoast SEO plugin. -->","yoast_head_json":{"title":"VUCAP - Vissim & UPJS Colaborative Analytics Platform - Pr\u00edrodovedeck\u00e1 fakulta | UPJ\u0160","robots":{"index":"index","follow":"follow","max-snippet":"max-snippet:-1","max-image-preview":"max-image-preview:large","max-video-preview":"max-video-preview:-1"},"canonical":"https:\/\/www.upjs.sk\/prirodovedecka-fakulta\/rozvoj\/spolocne-laboratoria\/vucap\/","og_locale":"sk_SK","og_type":"article","og_title":"VUCAP - Vissim & UPJS Colaborative Analytics Platform - Pr\u00edrodovedeck\u00e1 fakulta | UPJ\u0160","og_description":"Inteligentn\u00e9 spracovanie d\u00e1t a\u00a0aplik\u00e1cia met\u00f3d strojov\u00e9ho u\u010denia a\u00a0umelej inteligencie v\u00a0dne\u0161nej dobe umo\u017e\u0148uj\u00fa realizova\u0165 dramatick\u00e9 kvalitat\u00edvne zmeny v\u00a0r\u00f4znych oblastiach \u017eivota. Vo svete je zozbieran\u00e9 obrovsk\u00e9 mno\u017estvo d\u00e1t, ktor\u00e9 e\u0161te len \u010dakaj\u00fa na spracovanie a\u00a0skr\u00fdvaj\u00fa doteraz neobjaven\u00e9 inform\u00e1cie a\u00a0znalosti. Spolo\u010dnos\u0165&nbsp;VISSIM, ktor\u00e1 je dlhodobo etablovan\u00e1 v&nbsp;oblasti pobre\u017en\u00fdch vetern\u00fdch parkov a&nbsp;n\u00e1mornej dopravy vytvorila spolu s&nbsp;\u00dastavom informatiky Pr\u00edrodovedeckej fakulty UPJ\u0160 &hellip; \u010c\u00edta\u0165 \u010falej","og_url":"https:\/\/www.upjs.sk\/prirodovedecka-fakulta\/rozvoj\/spolocne-laboratoria\/vucap\/","og_site_name":"Pr\u00edrodovedeck\u00e1 fakulta | UPJ\u0160","article_modified_time":"2024-09-04T14:51:25+00:00","og_image":[{"url":"https:\/\/www.upjs.sk\/app\/uploads\/sites\/10\/2024\/09\/VUCAP-lab.png","type":"","width":"","height":""}],"twitter_card":"summary_large_image","twitter_misc":{"Predpokladan\u00fd \u010das \u010d\u00edtania":"1 min\u00fata"},"schema":{"@context":"https:\/\/schema.org","@graph":[{"@type":"WebPage","@id":"https:\/\/www.upjs.sk\/prirodovedecka-fakulta\/rozvoj\/spolocne-laboratoria\/vucap\/","url":"https:\/\/www.upjs.sk\/prirodovedecka-fakulta\/rozvoj\/spolocne-laboratoria\/vucap\/","name":"VUCAP - Vissim & UPJS Colaborative Analytics Platform - Pr\u00edrodovedeck\u00e1 fakulta | UPJ\u0160","isPartOf":{"@id":"https:\/\/www.upjs.sk\/prirodovedecka-fakulta\/#website"},"primaryImageOfPage":{"@id":"https:\/\/www.upjs.sk\/prirodovedecka-fakulta\/rozvoj\/spolocne-laboratoria\/vucap\/#primaryimage"},"image":{"@id":"https:\/\/www.upjs.sk\/prirodovedecka-fakulta\/rozvoj\/spolocne-laboratoria\/vucap\/#primaryimage"},"thumbnailUrl":"https:\/\/www.upjs.sk\/app\/uploads\/sites\/10\/2024\/09\/VUCAP-lab.png","datePublished":"2024-09-04T14:45:28+00:00","dateModified":"2024-09-04T14:51:25+00:00","breadcrumb":{"@id":"https:\/\/www.upjs.sk\/prirodovedecka-fakulta\/rozvoj\/spolocne-laboratoria\/vucap\/#breadcrumb"},"inLanguage":"sk-SK","potentialAction":[{"@type":"ReadAction","target":["https:\/\/www.upjs.sk\/prirodovedecka-fakulta\/rozvoj\/spolocne-laboratoria\/vucap\/"]}]},{"@type":"ImageObject","inLanguage":"sk-SK","@id":"https:\/\/www.upjs.sk\/prirodovedecka-fakulta\/rozvoj\/spolocne-laboratoria\/vucap\/#primaryimage","url":"https:\/\/www.upjs.sk\/app\/uploads\/sites\/10\/2024\/09\/VUCAP-lab.png","contentUrl":"https:\/\/www.upjs.sk\/app\/uploads\/sites\/10\/2024\/09\/VUCAP-lab.png"},{"@type":"BreadcrumbList","@id":"https:\/\/www.upjs.sk\/prirodovedecka-fakulta\/rozvoj\/spolocne-laboratoria\/vucap\/#breadcrumb","itemListElement":[{"@type":"ListItem","position":1,"name":"Home","item":"https:\/\/www.upjs.sk\/prirodovedecka-fakulta\/"},{"@type":"ListItem","position":2,"name":"Rozvoj","item":"https:\/\/www.upjs.sk\/prirodovedecka-fakulta\/rozvoj\/"},{"@type":"ListItem","position":3,"name":"Spolo\u010dn\u00e9 laborat\u00f3ria","item":"https:\/\/www.upjs.sk\/prirodovedecka-fakulta\/rozvoj\/spolocne-laboratoria\/"},{"@type":"ListItem","position":4,"name":"VUCAP &#8211; Vissim &#038; UPJS Colaborative Analytics Platform"}]},{"@type":"WebSite","@id":"https:\/\/www.upjs.sk\/prirodovedecka-fakulta\/#website","url":"https:\/\/www.upjs.sk\/prirodovedecka-fakulta\/","name":"Pr\u00edrodovedeck\u00e1 fakulta | UPJ\u0160","description":"","publisher":{"@id":"https:\/\/www.upjs.sk\/prirodovedecka-fakulta\/#organization"},"potentialAction":[{"@type":"SearchAction","target":{"@type":"EntryPoint","urlTemplate":"https:\/\/www.upjs.sk\/prirodovedecka-fakulta\/?s={search_term_string}"},"query-input":{"@type":"PropertyValueSpecification","valueRequired":true,"valueName":"search_term_string"}}],"inLanguage":"sk-SK"},{"@type":"Organization","@id":"https:\/\/www.upjs.sk\/prirodovedecka-fakulta\/#organization","name":"Pr\u00edrodovedeck\u00e1 fakulta | UPJ\u0160","url":"https:\/\/www.upjs.sk\/prirodovedecka-fakulta\/","logo":{"@type":"ImageObject","inLanguage":"sk-SK","@id":"https:\/\/www.upjs.sk\/prirodovedecka-fakulta\/#\/schema\/logo\/image\/","url":"https:\/\/www.upjs.sk\/app\/uploads\/sites\/10\/2022\/09\/logo-prirodovedecka-fakulta.png","contentUrl":"https:\/\/www.upjs.sk\/app\/uploads\/sites\/10\/2022\/09\/logo-prirodovedecka-fakulta.png","width":415,"height":87,"caption":"Pr\u00edrodovedeck\u00e1 fakulta | UPJ\u0160"},"image":{"@id":"https:\/\/www.upjs.sk\/prirodovedecka-fakulta\/#\/schema\/logo\/image\/"}}]}},"_links":{"self":[{"href":"https:\/\/www.upjs.sk\/prirodovedecka-fakulta\/wp-json\/wp\/v2\/pages\/71518","targetHints":{"allow":["GET"]}}],"collection":[{"href":"https:\/\/www.upjs.sk\/prirodovedecka-fakulta\/wp-json\/wp\/v2\/pages"}],"about":[{"href":"https:\/\/www.upjs.sk\/prirodovedecka-fakulta\/wp-json\/wp\/v2\/types\/page"}],"author":[{"embeddable":true,"href":"https:\/\/www.upjs.sk\/prirodovedecka-fakulta\/wp-json\/wp\/v2\/users\/25"}],"replies":[{"embeddable":true,"href":"https:\/\/www.upjs.sk\/prirodovedecka-fakulta\/wp-json\/wp\/v2\/comments?post=71518"}],"version-history":[{"count":6,"href":"https:\/\/www.upjs.sk\/prirodovedecka-fakulta\/wp-json\/wp\/v2\/pages\/71518\/revisions"}],"predecessor-version":[{"id":71528,"href":"https:\/\/www.upjs.sk\/prirodovedecka-fakulta\/wp-json\/wp\/v2\/pages\/71518\/revisions\/71528"}],"up":[{"embeddable":true,"href":"https:\/\/www.upjs.sk\/prirodovedecka-fakulta\/wp-json\/wp\/v2\/pages\/71495"}],"wp:attachment":[{"href":"https:\/\/www.upjs.sk\/prirodovedecka-fakulta\/wp-json\/wp\/v2\/media?parent=71518"}],"wp:term":[{"taxonomy":"category","embeddable":true,"href":"https:\/\/www.upjs.sk\/prirodovedecka-fakulta\/wp-json\/wp\/v2\/categories?post=71518"},{"taxonomy":"post_tag","embeddable":true,"href":"https:\/\/www.upjs.sk\/prirodovedecka-fakulta\/wp-json\/wp\/v2\/tags?post=71518"}],"curies":[{"name":"wp","href":"https:\/\/api.w.org\/{rel}","templated":true}]}}