{"id":76687,"date":"2025-03-11T13:34:00","date_gmt":"2025-03-11T12:34:41","guid":{"rendered":"https:\/\/www.upjs.sk\/prirodovedecka-fakulta\/vonkajsie-vztahy\/erasmusplus-mobility\/nagy-barutiak-2\/"},"modified":"2025-03-11T13:56:44","modified_gmt":"2025-03-11T12:56:44","slug":"ladislav-pacut","status":"publish","type":"page","link":"https:\/\/www.upjs.sk\/prirodovedecka-fakulta\/vonkajsie-vztahy\/erasmusplus-mobility\/ladislav-pacut\/","title":{"rendered":"Mgr. Ladislav Pa\u010dut"},"content":{"rendered":"<style>.kadence-column76687_7b5c11-d6 > .kt-inside-inner-col,.kadence-column76687_7b5c11-d6 > .kt-inside-inner-col:before{border-top-left-radius:0px;border-top-right-radius:0px;border-bottom-right-radius:0px;border-bottom-left-radius:0px;}.kadence-column76687_7b5c11-d6 > .kt-inside-inner-col{column-gap:var(--global-kb-gap-sm, 1rem);}.kadence-column76687_7b5c11-d6 > .kt-inside-inner-col{flex-direction:column;}.kadence-column76687_7b5c11-d6 > .kt-inside-inner-col > .aligncenter{width:100%;}.kadence-column76687_7b5c11-d6 > .kt-inside-inner-col:before{opacity:0.3;}.kadence-column76687_7b5c11-d6{position:relative;}@media all and (max-width: 1024px){.kadence-column76687_7b5c11-d6 > .kt-inside-inner-col{flex-direction:column;justify-content:center;}}@media all and (max-width: 767px){.kadence-column76687_7b5c11-d6 > .kt-inside-inner-col{flex-direction:column;justify-content:center;}}<\/style>\n<div class=\"wp-block-kadence-column kadence-column76687_7b5c11-d6\"><div class=\"kt-inside-inner-col\">\n<p class=\"has-text-align-justify\"><strong>Mgr. Ladislav Pa\u010dut<\/strong>, \u0161tudent druh\u00e9ho ro\u010dn\u00edka doktorandsk\u00e9ho \u0161t\u00fadia v\u00a0programe Molekul\u00e1rna cytol\u00f3gia\u00a0 a\u00a0genetika na PF UPJ\u0160 absolvoval koncom <strong>febru\u00e1ra 2025<\/strong> kr\u00e1tkodob\u00fd pobyt na \u0161pi\u010dkovom pracovisku <strong>Department of Neurobiology, Care Sciences and Society<\/strong> na <strong>Karolinska Institutet v\u00a0\u0160tokoholme<\/strong>. <\/p>\n\n\n\n<p class=\"has-text-align-justify\">Po\u010das mobility Ladislav z\u00edskal nov\u00e9 poznatky v\u00a0oblasti pokro\u010dil\u00fdch bioinformatick\u00fdch met\u00f3d,\u00a0met\u00f3d pou\u017e\u00edvan\u00fdch v molekulovej biol\u00f3gii (scRNA-Seq, spatial transcriptomics) a <em>in vitro<\/em> kultiv\u00e1cii neurosf\u00e9r a\u00a0organoidov. Ladislav taktie\u017e nav\u0161t\u00edvil \u0161pi\u010dkov\u00e9 mikroskopick\u00e9 centrum Biomedicum Imaging Core Facility a\u00a0prezentoval v\u00fdskum skupiny v\u00fdvinovej neurobiol\u00f3gie z katedry bunkovej biol\u00f3gie \u00daBEV. <\/p>\n\n\n\n<p class=\"has-text-align-justify\">Ver\u00edme, \u017ee aj Ladislavova mobilita bude in\u0161pir\u00e1ciou pre \u0161tudentov, ktor\u00ed maj\u00fa z\u00e1ujem o z\u00edskavanie nov\u00fdch vedomost\u00ed a zru\u010dnost\u00ed v\u00a0zahrani\u010d\u00ed v\u010faka programu ERASMUS+.<\/p>\n\n\n<style>.kb-row-layout-id76687_3cdb2d-51 > .kt-row-column-wrap{align-content:start;}:where(.kb-row-layout-id76687_3cdb2d-51 > .kt-row-column-wrap) > .wp-block-kadence-column{justify-content:start;}.kb-row-layout-id76687_3cdb2d-51 > .kt-row-column-wrap{column-gap:10px;row-gap:var(--global-kb-gap-md, 2rem);}.kb-row-layout-id76687_3cdb2d-51 > .kt-row-column-wrap > div:not(.added-for-specificity){grid-column:initial;}.kb-row-layout-id76687_3cdb2d-51 > .kt-row-column-wrap{grid-template-columns:repeat(3, minmax(0, 1fr));}.kb-row-layout-id76687_3cdb2d-51 > .kt-row-layout-overlay{opacity:0.30;}@media all and (max-width: 1024px){.kb-row-layout-id76687_3cdb2d-51 > .kt-row-column-wrap > div:not(.added-for-specificity){grid-column:initial;}}@media all and (max-width: 1024px){.kb-row-layout-id76687_3cdb2d-51 > .kt-row-column-wrap{grid-template-columns:repeat(3, minmax(0, 1fr));}}@media all and (max-width: 767px){.kb-row-layout-id76687_3cdb2d-51 > .kt-row-column-wrap > div:not(.added-for-specificity){grid-column:initial;}.kb-row-layout-id76687_3cdb2d-51 > .kt-row-column-wrap{grid-template-columns:minmax(0, 1fr);}}<\/style><div class=\"kb-row-layout-wrap kb-row-layout-id76687_3cdb2d-51 alignnone wp-block-kadence-rowlayout\"><div class=\"kt-row-column-wrap kt-has-3-columns kt-row-layout-equal kt-tab-layout-inherit kt-mobile-layout-row kt-row-valign-top\">\n<style>.kadence-column76687_8deeb7-fa > .kt-inside-inner-col,.kadence-column76687_8deeb7-fa > .kt-inside-inner-col:before{border-top-left-radius:0px;border-top-right-radius:0px;border-bottom-right-radius:0px;border-bottom-left-radius:0px;}.kadence-column76687_8deeb7-fa > .kt-inside-inner-col{column-gap:var(--global-kb-gap-sm, 1rem);}.kadence-column76687_8deeb7-fa > .kt-inside-inner-col{flex-direction:column;}.kadence-column76687_8deeb7-fa > .kt-inside-inner-col > .aligncenter{width:100%;}.kadence-column76687_8deeb7-fa > .kt-inside-inner-col:before{opacity:0.3;}.kadence-column76687_8deeb7-fa{position:relative;}@media all and (max-width: 1024px){.kadence-column76687_8deeb7-fa > .kt-inside-inner-col{flex-direction:column;justify-content:center;}}@media all and (max-width: 767px){.kadence-column76687_8deeb7-fa > .kt-inside-inner-col{flex-direction:column;justify-content:center;}}<\/style>\n<div class=\"wp-block-kadence-column kadence-column76687_8deeb7-fa\"><div class=\"kt-inside-inner-col\"><style>.kb-image76687_3b5b52-0c .kb-image-has-overlay:after{opacity:0.3;}<\/style>\n<div class=\"wp-block-kadence-image kb-image76687_3b5b52-0c\"><figure class=\"aligncenter size-medium\"><img loading=\"lazy\" decoding=\"async\" width=\"225\" height=\"300\" src=\"https:\/\/www.upjs.sk\/app\/uploads\/sites\/10\/2025\/03\/Pacut-Erasmus-1-225x300.jpg\" alt=\"\" class=\"kb-img wp-image-76682\" srcset=\"https:\/\/www.upjs.sk\/app\/uploads\/sites\/10\/2025\/03\/Pacut-Erasmus-1-225x300.jpg 225w, https:\/\/www.upjs.sk\/app\/uploads\/sites\/10\/2025\/03\/Pacut-Erasmus-1.jpg 525w\" sizes=\"auto, (max-width: 225px) 100vw, 225px\" \/><\/figure><\/div>\n<\/div><\/div>\n\n\n<style>.kadence-column76687_cac447-e4 > .kt-inside-inner-col,.kadence-column76687_cac447-e4 > .kt-inside-inner-col:before{border-top-left-radius:0px;border-top-right-radius:0px;border-bottom-right-radius:0px;border-bottom-left-radius:0px;}.kadence-column76687_cac447-e4 > .kt-inside-inner-col{column-gap:var(--global-kb-gap-sm, 1rem);}.kadence-column76687_cac447-e4 > .kt-inside-inner-col{flex-direction:column;}.kadence-column76687_cac447-e4 > .kt-inside-inner-col > .aligncenter{width:100%;}.kadence-column76687_cac447-e4 > .kt-inside-inner-col:before{opacity:0.3;}.kadence-column76687_cac447-e4{position:relative;}@media all and (max-width: 1024px){.kadence-column76687_cac447-e4 > .kt-inside-inner-col{flex-direction:column;justify-content:center;}}@media all and (max-width: 767px){.kadence-column76687_cac447-e4 > .kt-inside-inner-col{flex-direction:column;justify-content:center;}}<\/style>\n<div class=\"wp-block-kadence-column kadence-column76687_cac447-e4\"><div class=\"kt-inside-inner-col\"><style>.kb-image76687_9e4472-24 .kb-image-has-overlay:after{opacity:0.3;}<\/style>\n<div class=\"wp-block-kadence-image kb-image76687_9e4472-24\"><figure class=\"aligncenter size-medium\"><img loading=\"lazy\" decoding=\"async\" width=\"225\" height=\"300\" src=\"https:\/\/www.upjs.sk\/app\/uploads\/sites\/10\/2025\/03\/Pacut-Erasmus-2-225x300.jpg\" alt=\"\" class=\"kb-img wp-image-76695\" srcset=\"https:\/\/www.upjs.sk\/app\/uploads\/sites\/10\/2025\/03\/Pacut-Erasmus-2-225x300.jpg 225w, https:\/\/www.upjs.sk\/app\/uploads\/sites\/10\/2025\/03\/Pacut-Erasmus-2.jpg 525w\" sizes=\"auto, (max-width: 225px) 100vw, 225px\" \/><\/figure><\/div>\n<\/div><\/div>\n\n\n<style>.kadence-column76687_3c8a93-43 > .kt-inside-inner-col,.kadence-column76687_3c8a93-43 > .kt-inside-inner-col:before{border-top-left-radius:0px;border-top-right-radius:0px;border-bottom-right-radius:0px;border-bottom-left-radius:0px;}.kadence-column76687_3c8a93-43 > .kt-inside-inner-col{column-gap:var(--global-kb-gap-sm, 1rem);}.kadence-column76687_3c8a93-43 > .kt-inside-inner-col{flex-direction:column;}.kadence-column76687_3c8a93-43 > .kt-inside-inner-col > .aligncenter{width:100%;}.kadence-column76687_3c8a93-43 > .kt-inside-inner-col:before{opacity:0.3;}.kadence-column76687_3c8a93-43{position:relative;}@media all and (max-width: 1024px){.kadence-column76687_3c8a93-43 > .kt-inside-inner-col{flex-direction:column;justify-content:center;}}@media all and (max-width: 767px){.kadence-column76687_3c8a93-43 > .kt-inside-inner-col{flex-direction:column;justify-content:center;}}<\/style>\n<div class=\"wp-block-kadence-column kadence-column76687_3c8a93-43\"><div class=\"kt-inside-inner-col\"><style>.kb-image76687_a7eb72-7b .kb-image-has-overlay:after{opacity:0.3;}<\/style>\n<div class=\"wp-block-kadence-image kb-image76687_a7eb72-7b\"><figure class=\"aligncenter size-medium\"><img loading=\"lazy\" decoding=\"async\" width=\"222\" height=\"300\" src=\"https:\/\/www.upjs.sk\/app\/uploads\/sites\/10\/2025\/03\/Pacut-Erasmus-3-222x300.jpg\" alt=\"\" class=\"kb-img wp-image-76699\" srcset=\"https:\/\/www.upjs.sk\/app\/uploads\/sites\/10\/2025\/03\/Pacut-Erasmus-3-222x300.jpg 222w, https:\/\/www.upjs.sk\/app\/uploads\/sites\/10\/2025\/03\/Pacut-Erasmus-3.jpg 519w\" sizes=\"auto, (max-width: 222px) 100vw, 222px\" \/><\/figure><\/div>\n<\/div><\/div>\n\n<\/div><\/div><\/div><\/div>\n","protected":false},"excerpt":{"rendered":"<p>Mgr. Ladislav Pa\u010dut, \u0161tudent druh\u00e9ho ro\u010dn\u00edka doktorandsk\u00e9ho \u0161t\u00fadia v\u00a0programe Molekul\u00e1rna cytol\u00f3gia\u00a0 a\u00a0genetika na PF UPJ\u0160 absolvoval koncom febru\u00e1ra 2025 kr\u00e1tkodob\u00fd pobyt na \u0161pi\u010dkovom pracovisku Department of Neurobiology, Care Sciences and Society na Karolinska Institutet v\u00a0\u0160tokoholme. Po\u010das mobility Ladislav z\u00edskal nov\u00e9 poznatky v\u00a0oblasti pokro\u010dil\u00fdch bioinformatick\u00fdch met\u00f3d,\u00a0met\u00f3d pou\u017e\u00edvan\u00fdch v molekulovej biol\u00f3gii (scRNA-Seq, spatial transcriptomics) a in vitro &hellip; <a href=\"https:\/\/www.upjs.sk\/prirodovedecka-fakulta\/vonkajsie-vztahy\/erasmusplus-mobility\/ladislav-pacut\/\">\u010c\u00edta\u0165 \u010falej<\/a><\/p>\n","protected":false},"author":1,"featured_media":19935,"parent":50070,"menu_order":2,"comment_status":"closed","ping_status":"closed","template":"","meta":{"_acf_changed":false,"_editorskit_title_hidden":false,"_editorskit_reading_time":0,"_editorskit_is_block_options_detached":false,"_editorskit_block_options_position":"{}","footnotes":""},"categories":[],"tags":[],"class_list":["post-76687","page","type-page","status-publish","has-post-thumbnail","hentry"],"acf":{"acf_link_na_externy_obsah":""},"yoast_head":"<!-- This site is optimized with the Yoast SEO plugin v27.2 - https:\/\/yoast.com\/product\/yoast-seo-wordpress\/ -->\n<title>Mgr. Ladislav Pa\u010dut - Pr\u00edrodovedeck\u00e1 fakulta | UPJ\u0160<\/title>\n<meta name=\"robots\" content=\"index, follow, max-snippet:-1, max-image-preview:large, max-video-preview:-1\" \/>\n<link rel=\"canonical\" href=\"https:\/\/www.upjs.sk\/prirodovedecka-fakulta\/vonkajsie-vztahy\/erasmusplus-mobility\/ladislav-pacut\/\" \/>\n<meta property=\"og:locale\" content=\"sk_SK\" \/>\n<meta property=\"og:type\" content=\"article\" \/>\n<meta property=\"og:title\" content=\"Mgr. Ladislav Pa\u010dut - Pr\u00edrodovedeck\u00e1 fakulta | UPJ\u0160\" \/>\n<meta property=\"og:description\" content=\"Mgr. Ladislav Pa\u010dut, \u0161tudent druh\u00e9ho ro\u010dn\u00edka doktorandsk\u00e9ho \u0161t\u00fadia v\u00a0programe Molekul\u00e1rna cytol\u00f3gia\u00a0 a\u00a0genetika na PF UPJ\u0160 absolvoval koncom febru\u00e1ra 2025 kr\u00e1tkodob\u00fd pobyt na \u0161pi\u010dkovom pracovisku Department of Neurobiology, Care Sciences and Society na Karolinska Institutet v\u00a0\u0160tokoholme. Po\u010das mobility Ladislav z\u00edskal nov\u00e9 poznatky v\u00a0oblasti pokro\u010dil\u00fdch bioinformatick\u00fdch met\u00f3d,\u00a0met\u00f3d pou\u017e\u00edvan\u00fdch v molekulovej biol\u00f3gii (scRNA-Seq, spatial transcriptomics) a in vitro &hellip; \u010c\u00edta\u0165 \u010falej\" \/>\n<meta property=\"og:url\" content=\"https:\/\/www.upjs.sk\/prirodovedecka-fakulta\/vonkajsie-vztahy\/erasmusplus-mobility\/ladislav-pacut\/\" \/>\n<meta property=\"og:site_name\" content=\"Pr\u00edrodovedeck\u00e1 fakulta | UPJ\u0160\" \/>\n<meta property=\"article:modified_time\" content=\"2025-03-11T12:56:44+00:00\" \/>\n<meta property=\"og:image\" content=\"https:\/\/www.upjs.sk\/app\/uploads\/sites\/10\/2022\/10\/2Erasmus_Nagy_Barutiak.jpg\" \/>\n\t<meta property=\"og:image:width\" content=\"408\" \/>\n\t<meta property=\"og:image:height\" content=\"240\" \/>\n\t<meta property=\"og:image:type\" content=\"image\/jpeg\" \/>\n<meta name=\"twitter:card\" content=\"summary_large_image\" \/>\n<meta name=\"twitter:label1\" content=\"Predpokladan\u00fd \u010das \u010d\u00edtania\" \/>\n\t<meta name=\"twitter:data1\" content=\"2 min\u00faty\" \/>\n<script type=\"application\/ld+json\" class=\"yoast-schema-graph\">{\"@context\":\"https:\/\/schema.org\",\"@graph\":[{\"@type\":\"WebPage\",\"@id\":\"https:\/\/www.upjs.sk\/prirodovedecka-fakulta\/vonkajsie-vztahy\/erasmusplus-mobility\/ladislav-pacut\/\",\"url\":\"https:\/\/www.upjs.sk\/prirodovedecka-fakulta\/vonkajsie-vztahy\/erasmusplus-mobility\/ladislav-pacut\/\",\"name\":\"Mgr. Ladislav Pa\u010dut - Pr\u00edrodovedeck\u00e1 fakulta | UPJ\u0160\",\"isPartOf\":{\"@id\":\"https:\/\/www.upjs.sk\/prirodovedecka-fakulta\/#website\"},\"primaryImageOfPage\":{\"@id\":\"https:\/\/www.upjs.sk\/prirodovedecka-fakulta\/vonkajsie-vztahy\/erasmusplus-mobility\/ladislav-pacut\/#primaryimage\"},\"image\":{\"@id\":\"https:\/\/www.upjs.sk\/prirodovedecka-fakulta\/vonkajsie-vztahy\/erasmusplus-mobility\/ladislav-pacut\/#primaryimage\"},\"thumbnailUrl\":\"https:\/\/www.upjs.sk\/app\/uploads\/sites\/10\/2022\/10\/2Erasmus_Nagy_Barutiak.jpg\",\"datePublished\":\"2025-03-11T12:34:41+00:00\",\"dateModified\":\"2025-03-11T12:56:44+00:00\",\"breadcrumb\":{\"@id\":\"https:\/\/www.upjs.sk\/prirodovedecka-fakulta\/vonkajsie-vztahy\/erasmusplus-mobility\/ladislav-pacut\/#breadcrumb\"},\"inLanguage\":\"sk-SK\",\"potentialAction\":[{\"@type\":\"ReadAction\",\"target\":[\"https:\/\/www.upjs.sk\/prirodovedecka-fakulta\/vonkajsie-vztahy\/erasmusplus-mobility\/ladislav-pacut\/\"]}]},{\"@type\":\"ImageObject\",\"inLanguage\":\"sk-SK\",\"@id\":\"https:\/\/www.upjs.sk\/prirodovedecka-fakulta\/vonkajsie-vztahy\/erasmusplus-mobility\/ladislav-pacut\/#primaryimage\",\"url\":\"https:\/\/www.upjs.sk\/app\/uploads\/sites\/10\/2022\/10\/2Erasmus_Nagy_Barutiak.jpg\",\"contentUrl\":\"https:\/\/www.upjs.sk\/app\/uploads\/sites\/10\/2022\/10\/2Erasmus_Nagy_Barutiak.jpg\",\"width\":408,\"height\":240,\"caption\":\"Nagy-Barutiak\"},{\"@type\":\"BreadcrumbList\",\"@id\":\"https:\/\/www.upjs.sk\/prirodovedecka-fakulta\/vonkajsie-vztahy\/erasmusplus-mobility\/ladislav-pacut\/#breadcrumb\",\"itemListElement\":[{\"@type\":\"ListItem\",\"position\":1,\"name\":\"Home\",\"item\":\"https:\/\/www.upjs.sk\/prirodovedecka-fakulta\/\"},{\"@type\":\"ListItem\",\"position\":2,\"name\":\"Vonkaj\u0161ie vz\u0165ahy\",\"item\":\"https:\/\/www.upjs.sk\/prirodovedecka-fakulta\/vonkajsie-vztahy\/\"},{\"@type\":\"ListItem\",\"position\":3,\"name\":\"Erasmus+ a in\u00e9 zahrani\u010dn\u00e9 mobility\",\"item\":\"https:\/\/www.upjs.sk\/prirodovedecka-fakulta\/vonkajsie-vztahy\/erasmusplus-mobility\/\"},{\"@type\":\"ListItem\",\"position\":4,\"name\":\"Mgr. Ladislav Pa\u010dut\"}]},{\"@type\":\"WebSite\",\"@id\":\"https:\/\/www.upjs.sk\/prirodovedecka-fakulta\/#website\",\"url\":\"https:\/\/www.upjs.sk\/prirodovedecka-fakulta\/\",\"name\":\"Pr\u00edrodovedeck\u00e1 fakulta | UPJ\u0160\",\"description\":\"\",\"publisher\":{\"@id\":\"https:\/\/www.upjs.sk\/prirodovedecka-fakulta\/#organization\"},\"potentialAction\":[{\"@type\":\"SearchAction\",\"target\":{\"@type\":\"EntryPoint\",\"urlTemplate\":\"https:\/\/www.upjs.sk\/prirodovedecka-fakulta\/?s={search_term_string}\"},\"query-input\":{\"@type\":\"PropertyValueSpecification\",\"valueRequired\":true,\"valueName\":\"search_term_string\"}}],\"inLanguage\":\"sk-SK\"},{\"@type\":\"Organization\",\"@id\":\"https:\/\/www.upjs.sk\/prirodovedecka-fakulta\/#organization\",\"name\":\"Pr\u00edrodovedeck\u00e1 fakulta | UPJ\u0160\",\"url\":\"https:\/\/www.upjs.sk\/prirodovedecka-fakulta\/\",\"logo\":{\"@type\":\"ImageObject\",\"inLanguage\":\"sk-SK\",\"@id\":\"https:\/\/www.upjs.sk\/prirodovedecka-fakulta\/#\/schema\/logo\/image\/\",\"url\":\"https:\/\/www.upjs.sk\/app\/uploads\/sites\/10\/2022\/09\/logo-prirodovedecka-fakulta.png\",\"contentUrl\":\"https:\/\/www.upjs.sk\/app\/uploads\/sites\/10\/2022\/09\/logo-prirodovedecka-fakulta.png\",\"width\":415,\"height\":87,\"caption\":\"Pr\u00edrodovedeck\u00e1 fakulta | UPJ\u0160\"},\"image\":{\"@id\":\"https:\/\/www.upjs.sk\/prirodovedecka-fakulta\/#\/schema\/logo\/image\/\"}}]}<\/script>\n<!-- \/ Yoast SEO plugin. -->","yoast_head_json":{"title":"Mgr. Ladislav Pa\u010dut - Pr\u00edrodovedeck\u00e1 fakulta | UPJ\u0160","robots":{"index":"index","follow":"follow","max-snippet":"max-snippet:-1","max-image-preview":"max-image-preview:large","max-video-preview":"max-video-preview:-1"},"canonical":"https:\/\/www.upjs.sk\/prirodovedecka-fakulta\/vonkajsie-vztahy\/erasmusplus-mobility\/ladislav-pacut\/","og_locale":"sk_SK","og_type":"article","og_title":"Mgr. Ladislav Pa\u010dut - Pr\u00edrodovedeck\u00e1 fakulta | UPJ\u0160","og_description":"Mgr. Ladislav Pa\u010dut, \u0161tudent druh\u00e9ho ro\u010dn\u00edka doktorandsk\u00e9ho \u0161t\u00fadia v\u00a0programe Molekul\u00e1rna cytol\u00f3gia\u00a0 a\u00a0genetika na PF UPJ\u0160 absolvoval koncom febru\u00e1ra 2025 kr\u00e1tkodob\u00fd pobyt na \u0161pi\u010dkovom pracovisku Department of Neurobiology, Care Sciences and Society na Karolinska Institutet v\u00a0\u0160tokoholme. Po\u010das mobility Ladislav z\u00edskal nov\u00e9 poznatky v\u00a0oblasti pokro\u010dil\u00fdch bioinformatick\u00fdch met\u00f3d,\u00a0met\u00f3d pou\u017e\u00edvan\u00fdch v molekulovej biol\u00f3gii (scRNA-Seq, spatial transcriptomics) a in vitro &hellip; \u010c\u00edta\u0165 \u010falej","og_url":"https:\/\/www.upjs.sk\/prirodovedecka-fakulta\/vonkajsie-vztahy\/erasmusplus-mobility\/ladislav-pacut\/","og_site_name":"Pr\u00edrodovedeck\u00e1 fakulta | UPJ\u0160","article_modified_time":"2025-03-11T12:56:44+00:00","og_image":[{"width":408,"height":240,"url":"https:\/\/www.upjs.sk\/app\/uploads\/sites\/10\/2022\/10\/2Erasmus_Nagy_Barutiak.jpg","type":"image\/jpeg"}],"twitter_card":"summary_large_image","twitter_misc":{"Predpokladan\u00fd \u010das \u010d\u00edtania":"2 min\u00faty"},"schema":{"@context":"https:\/\/schema.org","@graph":[{"@type":"WebPage","@id":"https:\/\/www.upjs.sk\/prirodovedecka-fakulta\/vonkajsie-vztahy\/erasmusplus-mobility\/ladislav-pacut\/","url":"https:\/\/www.upjs.sk\/prirodovedecka-fakulta\/vonkajsie-vztahy\/erasmusplus-mobility\/ladislav-pacut\/","name":"Mgr. Ladislav Pa\u010dut - Pr\u00edrodovedeck\u00e1 fakulta | UPJ\u0160","isPartOf":{"@id":"https:\/\/www.upjs.sk\/prirodovedecka-fakulta\/#website"},"primaryImageOfPage":{"@id":"https:\/\/www.upjs.sk\/prirodovedecka-fakulta\/vonkajsie-vztahy\/erasmusplus-mobility\/ladislav-pacut\/#primaryimage"},"image":{"@id":"https:\/\/www.upjs.sk\/prirodovedecka-fakulta\/vonkajsie-vztahy\/erasmusplus-mobility\/ladislav-pacut\/#primaryimage"},"thumbnailUrl":"https:\/\/www.upjs.sk\/app\/uploads\/sites\/10\/2022\/10\/2Erasmus_Nagy_Barutiak.jpg","datePublished":"2025-03-11T12:34:41+00:00","dateModified":"2025-03-11T12:56:44+00:00","breadcrumb":{"@id":"https:\/\/www.upjs.sk\/prirodovedecka-fakulta\/vonkajsie-vztahy\/erasmusplus-mobility\/ladislav-pacut\/#breadcrumb"},"inLanguage":"sk-SK","potentialAction":[{"@type":"ReadAction","target":["https:\/\/www.upjs.sk\/prirodovedecka-fakulta\/vonkajsie-vztahy\/erasmusplus-mobility\/ladislav-pacut\/"]}]},{"@type":"ImageObject","inLanguage":"sk-SK","@id":"https:\/\/www.upjs.sk\/prirodovedecka-fakulta\/vonkajsie-vztahy\/erasmusplus-mobility\/ladislav-pacut\/#primaryimage","url":"https:\/\/www.upjs.sk\/app\/uploads\/sites\/10\/2022\/10\/2Erasmus_Nagy_Barutiak.jpg","contentUrl":"https:\/\/www.upjs.sk\/app\/uploads\/sites\/10\/2022\/10\/2Erasmus_Nagy_Barutiak.jpg","width":408,"height":240,"caption":"Nagy-Barutiak"},{"@type":"BreadcrumbList","@id":"https:\/\/www.upjs.sk\/prirodovedecka-fakulta\/vonkajsie-vztahy\/erasmusplus-mobility\/ladislav-pacut\/#breadcrumb","itemListElement":[{"@type":"ListItem","position":1,"name":"Home","item":"https:\/\/www.upjs.sk\/prirodovedecka-fakulta\/"},{"@type":"ListItem","position":2,"name":"Vonkaj\u0161ie vz\u0165ahy","item":"https:\/\/www.upjs.sk\/prirodovedecka-fakulta\/vonkajsie-vztahy\/"},{"@type":"ListItem","position":3,"name":"Erasmus+ a in\u00e9 zahrani\u010dn\u00e9 mobility","item":"https:\/\/www.upjs.sk\/prirodovedecka-fakulta\/vonkajsie-vztahy\/erasmusplus-mobility\/"},{"@type":"ListItem","position":4,"name":"Mgr. Ladislav Pa\u010dut"}]},{"@type":"WebSite","@id":"https:\/\/www.upjs.sk\/prirodovedecka-fakulta\/#website","url":"https:\/\/www.upjs.sk\/prirodovedecka-fakulta\/","name":"Pr\u00edrodovedeck\u00e1 fakulta | UPJ\u0160","description":"","publisher":{"@id":"https:\/\/www.upjs.sk\/prirodovedecka-fakulta\/#organization"},"potentialAction":[{"@type":"SearchAction","target":{"@type":"EntryPoint","urlTemplate":"https:\/\/www.upjs.sk\/prirodovedecka-fakulta\/?s={search_term_string}"},"query-input":{"@type":"PropertyValueSpecification","valueRequired":true,"valueName":"search_term_string"}}],"inLanguage":"sk-SK"},{"@type":"Organization","@id":"https:\/\/www.upjs.sk\/prirodovedecka-fakulta\/#organization","name":"Pr\u00edrodovedeck\u00e1 fakulta | UPJ\u0160","url":"https:\/\/www.upjs.sk\/prirodovedecka-fakulta\/","logo":{"@type":"ImageObject","inLanguage":"sk-SK","@id":"https:\/\/www.upjs.sk\/prirodovedecka-fakulta\/#\/schema\/logo\/image\/","url":"https:\/\/www.upjs.sk\/app\/uploads\/sites\/10\/2022\/09\/logo-prirodovedecka-fakulta.png","contentUrl":"https:\/\/www.upjs.sk\/app\/uploads\/sites\/10\/2022\/09\/logo-prirodovedecka-fakulta.png","width":415,"height":87,"caption":"Pr\u00edrodovedeck\u00e1 fakulta | UPJ\u0160"},"image":{"@id":"https:\/\/www.upjs.sk\/prirodovedecka-fakulta\/#\/schema\/logo\/image\/"}}]}},"_links":{"self":[{"href":"https:\/\/www.upjs.sk\/prirodovedecka-fakulta\/wp-json\/wp\/v2\/pages\/76687","targetHints":{"allow":["GET"]}}],"collection":[{"href":"https:\/\/www.upjs.sk\/prirodovedecka-fakulta\/wp-json\/wp\/v2\/pages"}],"about":[{"href":"https:\/\/www.upjs.sk\/prirodovedecka-fakulta\/wp-json\/wp\/v2\/types\/page"}],"author":[{"embeddable":true,"href":"https:\/\/www.upjs.sk\/prirodovedecka-fakulta\/wp-json\/wp\/v2\/users\/1"}],"replies":[{"embeddable":true,"href":"https:\/\/www.upjs.sk\/prirodovedecka-fakulta\/wp-json\/wp\/v2\/comments?post=76687"}],"version-history":[{"count":19,"href":"https:\/\/www.upjs.sk\/prirodovedecka-fakulta\/wp-json\/wp\/v2\/pages\/76687\/revisions"}],"predecessor-version":[{"id":76726,"href":"https:\/\/www.upjs.sk\/prirodovedecka-fakulta\/wp-json\/wp\/v2\/pages\/76687\/revisions\/76726"}],"up":[{"embeddable":true,"href":"https:\/\/www.upjs.sk\/prirodovedecka-fakulta\/wp-json\/wp\/v2\/pages\/50070"}],"wp:featuredmedia":[{"embeddable":true,"href":"https:\/\/www.upjs.sk\/prirodovedecka-fakulta\/wp-json\/wp\/v2\/media\/19935"}],"wp:attachment":[{"href":"https:\/\/www.upjs.sk\/prirodovedecka-fakulta\/wp-json\/wp\/v2\/media?parent=76687"}],"wp:term":[{"taxonomy":"category","embeddable":true,"href":"https:\/\/www.upjs.sk\/prirodovedecka-fakulta\/wp-json\/wp\/v2\/categories?post=76687"},{"taxonomy":"post_tag","embeddable":true,"href":"https:\/\/www.upjs.sk\/prirodovedecka-fakulta\/wp-json\/wp\/v2\/tags?post=76687"}],"curies":[{"name":"wp","href":"https:\/\/api.w.org\/{rel}","templated":true}]}}