{"id":77037,"date":"2025-03-20T12:34:00","date_gmt":"2025-03-20T11:34:32","guid":{"rendered":"https:\/\/www.upjs.sk\/prirodovedecka-fakulta\/rozvoj\/podpora-talentov-zs-ss\/vucap-challenge-2\/"},"modified":"2025-03-20T13:10:42","modified_gmt":"2025-03-20T12:10:42","slug":"databazova-olympiada","status":"publish","type":"page","link":"https:\/\/www.upjs.sk\/prirodovedecka-fakulta\/rozvoj\/podpora-talentov-zs-ss\/databazova-olympiada\/","title":{"rendered":"Datab\u00e1zov\u00e1 olympi\u00e1da"},"content":{"rendered":"<style>.kb-image77037_199bb3-ed .kb-image-has-overlay:after{opacity:0.3;border-top-left-radius:5px;border-top-right-radius:5px;border-bottom-right-radius:5px;border-bottom-left-radius:5px;}.kb-image77037_199bb3-ed img.kb-img, .kb-image77037_199bb3-ed .kb-img img{border-top-left-radius:5px;border-top-right-radius:5px;border-bottom-right-radius:5px;border-bottom-left-radius:5px;}<\/style>\n<figure class=\"wp-block-kadence-image kb-image77037_199bb3-ed size-full\"><img loading=\"lazy\" decoding=\"async\" width=\"1170\" height=\"200\" src=\"https:\/\/www.upjs.sk\/app\/uploads\/sites\/10\/2025\/03\/banner-il-talenty-DO.png\" alt=\"\" class=\"kb-img wp-image-77048\" srcset=\"https:\/\/www.upjs.sk\/app\/uploads\/sites\/10\/2025\/03\/banner-il-talenty-DO.png 1170w, https:\/\/www.upjs.sk\/app\/uploads\/sites\/10\/2025\/03\/banner-il-talenty-DO-300x51.png 300w, https:\/\/www.upjs.sk\/app\/uploads\/sites\/10\/2025\/03\/banner-il-talenty-DO-1024x175.png 1024w, https:\/\/www.upjs.sk\/app\/uploads\/sites\/10\/2025\/03\/banner-il-talenty-DO-768x131.png 768w\" sizes=\"auto, (max-width: 1170px) 100vw, 1170px\" \/><\/figure>\n\n\n<style>.kadence-column77037_10ead5-1f > .kt-inside-inner-col{padding-top:var(--global-kb-spacing-xs, 1rem);padding-right:var(--global-kb-spacing-xs, 1rem);padding-bottom:0px;padding-left:var(--global-kb-spacing-xs, 1rem);}.kadence-column77037_10ead5-1f > .kt-inside-inner-col,.kadence-column77037_10ead5-1f > .kt-inside-inner-col:before{border-top-left-radius:0px;border-top-right-radius:0px;border-bottom-right-radius:0px;border-bottom-left-radius:0px;}.kadence-column77037_10ead5-1f > .kt-inside-inner-col{column-gap:var(--global-kb-gap-sm, 1rem);}.kadence-column77037_10ead5-1f > .kt-inside-inner-col{flex-direction:column;}.kadence-column77037_10ead5-1f > .kt-inside-inner-col > .aligncenter{width:100%;}.kadence-column77037_10ead5-1f > .kt-inside-inner-col{background-color:#F4F4F4;}.kadence-column77037_10ead5-1f > .kt-inside-inner-col:before{opacity:0.3;}.kadence-column77037_10ead5-1f{position:relative;}@media all and (max-width: 1024px){.kadence-column77037_10ead5-1f > .kt-inside-inner-col{flex-direction:column;justify-content:center;}}@media all and (max-width: 767px){.kadence-column77037_10ead5-1f > .kt-inside-inner-col{flex-direction:column;justify-content:center;}}<\/style>\n<div class=\"wp-block-kadence-column kadence-column77037_10ead5-1f\"><div class=\"kt-inside-inner-col\">\n<p class=\"has-text-align-justify\">S\u00fa\u0165a\u017e\u00a0<strong>Datab\u00e1zov\u00e1 olympi\u00e1da<\/strong>\u00a0nadv\u00e4zuje na \u00a0realizovan\u00e9 aktivity a\u00a0v\u00fdstupy v r\u00e1mci n\u00e1rodn\u00e9ho projektu\u00a0<a href=\"https:\/\/itakademia.sk\/\" target=\"_blank\" rel=\"noreferrer noopener\">IT akad\u00e9mia<\/a>\u00a0a spo\u010d\u00edva v kon\u0161truovan\u00ed SQL dopytov.<\/p>\n<\/div><\/div>\n\n\n\n<div style=\"height:20px\" aria-hidden=\"true\" class=\"wp-block-spacer\"><\/div>\n\n\n<style>.kadence-column77037_5d752d-7b > .kt-inside-inner-col{padding-top:var(--global-kb-spacing-xs, 1rem);padding-right:var(--global-kb-spacing-xs, 1rem);padding-bottom:0px;padding-left:var(--global-kb-spacing-xs, 1rem);}.kadence-column77037_5d752d-7b > .kt-inside-inner-col,.kadence-column77037_5d752d-7b > .kt-inside-inner-col:before{border-top-left-radius:0px;border-top-right-radius:0px;border-bottom-right-radius:0px;border-bottom-left-radius:0px;}.kadence-column77037_5d752d-7b > .kt-inside-inner-col{column-gap:var(--global-kb-gap-sm, 1rem);}.kadence-column77037_5d752d-7b > .kt-inside-inner-col{flex-direction:column;}.kadence-column77037_5d752d-7b > .kt-inside-inner-col > .aligncenter{width:100%;}.kadence-column77037_5d752d-7b > .kt-inside-inner-col{background-color:#F4F4F4;}.kadence-column77037_5d752d-7b > .kt-inside-inner-col:before{opacity:0.3;}.kadence-column77037_5d752d-7b{position:relative;}@media all and (max-width: 1024px){.kadence-column77037_5d752d-7b > .kt-inside-inner-col{flex-direction:column;justify-content:center;}}@media all and (max-width: 767px){.kadence-column77037_5d752d-7b > .kt-inside-inner-col{flex-direction:column;justify-content:center;}}<\/style>\n<div class=\"wp-block-kadence-column kadence-column77037_5d752d-7b\"><div class=\"kt-inside-inner-col\"><style>.kb-row-layout-id77037_01b678-ae > .kt-row-column-wrap{align-content:center;}:where(.kb-row-layout-id77037_01b678-ae > .kt-row-column-wrap) > .wp-block-kadence-column{justify-content:center;}.kb-row-layout-id77037_01b678-ae > .kt-row-column-wrap{column-gap:var(--global-kb-gap-md, 2rem);row-gap:var(--global-kb-gap-md, 2rem);grid-template-columns:minmax(0, calc(25% - ((var(--global-kb-gap-md, 2rem) * 1 )\/2)))minmax(0, calc(75% - ((var(--global-kb-gap-md, 2rem) * 1 )\/2)));}.kb-row-layout-id77037_01b678-ae > .kt-row-layout-overlay{opacity:0.30;}@media all and (max-width: 1024px){.kb-row-layout-id77037_01b678-ae > .kt-row-column-wrap{grid-template-columns:repeat(2, minmax(0, 1fr));}}@media all and (max-width: 767px){.kb-row-layout-id77037_01b678-ae > .kt-row-column-wrap{grid-template-columns:minmax(0, 1fr);}}<\/style><div class=\"kb-row-layout-wrap kb-row-layout-id77037_01b678-ae alignnone wp-block-kadence-rowlayout\"><div class=\"kt-row-column-wrap kt-has-2-columns kt-row-layout-equal kt-tab-layout-inherit kt-mobile-layout-row kt-row-valign-middle\">\n<style>.kadence-column77037_9b8abd-53 > .kt-inside-inner-col{display:flex;}.kadence-column77037_9b8abd-53 > .kt-inside-inner-col,.kadence-column77037_9b8abd-53 > .kt-inside-inner-col:before{border-top-left-radius:0px;border-top-right-radius:0px;border-bottom-right-radius:0px;border-bottom-left-radius:0px;}.kadence-column77037_9b8abd-53 > .kt-inside-inner-col{column-gap:var(--global-kb-gap-sm, 1rem);}.kadence-column77037_9b8abd-53 > .kt-inside-inner-col{flex-direction:column;justify-content:center;align-items:center;}.kadence-column77037_9b8abd-53 > .kt-inside-inner-col > .kb-image-is-ratio-size{align-self:stretch;}.kadence-column77037_9b8abd-53 > .kt-inside-inner-col > .wp-block-kadence-advancedgallery{align-self:stretch;}.kadence-column77037_9b8abd-53 > .kt-inside-inner-col > .aligncenter{width:100%;}.kt-row-column-wrap > .kadence-column77037_9b8abd-53{align-self:center;}.kt-inner-column-height-full:not(.kt-has-1-columns) > .wp-block-kadence-column.kadence-column77037_9b8abd-53{align-self:auto;}.kt-inner-column-height-full:not(.kt-has-1-columns) > .wp-block-kadence-column.kadence-column77037_9b8abd-53 > .kt-inside-inner-col{flex-direction:column;justify-content:center;}.kadence-column77037_9b8abd-53 > .kt-inside-inner-col:before{opacity:0.3;}.kadence-column77037_9b8abd-53{position:relative;}@media all and (max-width: 1024px){.kt-row-column-wrap > .kadence-column77037_9b8abd-53{align-self:center;}}@media all and (max-width: 1024px){.kt-inner-column-height-full:not(.kt-has-1-columns) > .wp-block-kadence-column.kadence-column77037_9b8abd-53{align-self:auto;}}@media all and (max-width: 1024px){.kt-inner-column-height-full:not(.kt-has-1-columns) > .wp-block-kadence-column.kadence-column77037_9b8abd-53 > .kt-inside-inner-col{flex-direction:column;justify-content:center;}}@media all and (max-width: 1024px){.kadence-column77037_9b8abd-53 > .kt-inside-inner-col{flex-direction:column;justify-content:center;align-items:center;}}@media all and (max-width: 767px){.kt-row-column-wrap > .kadence-column77037_9b8abd-53{align-self:center;}.kt-inner-column-height-full:not(.kt-has-1-columns) > .wp-block-kadence-column.kadence-column77037_9b8abd-53{align-self:auto;}.kt-inner-column-height-full:not(.kt-has-1-columns) > .wp-block-kadence-column.kadence-column77037_9b8abd-53 > .kt-inside-inner-col{flex-direction:column;justify-content:center;}.kadence-column77037_9b8abd-53 > .kt-inside-inner-col{flex-direction:column;justify-content:center;align-items:center;}}<\/style>\n<div class=\"wp-block-kadence-column kadence-column77037_9b8abd-53\"><div class=\"kt-inside-inner-col\"><style>.kb-image77037_99cb12-d0 .kb-image-has-overlay:after{opacity:0.3;}<\/style>\n<div class=\"wp-block-kadence-image kb-image77037_99cb12-d0\"><figure class=\"aligncenter size-thumbnail\"><img loading=\"lazy\" decoding=\"async\" width=\"150\" height=\"150\" src=\"https:\/\/www.upjs.sk\/app\/uploads\/sites\/10\/2025\/03\/DatabazovaOlympiada-logo-150x150.jpg\" alt=\"\" class=\"kb-img wp-image-77051\"\/><\/figure><\/div>\n\n\n<style>.kb-image77037_a9c956-58.kb-image-is-ratio-size, .kb-image77037_a9c956-58 .kb-image-is-ratio-size{max-width:40px;width:100%;}.wp-block-kadence-column > .kt-inside-inner-col > .kb-image77037_a9c956-58.kb-image-is-ratio-size, .wp-block-kadence-column > .kt-inside-inner-col > .kb-image77037_a9c956-58 .kb-image-is-ratio-size{align-self:unset;}.kb-image77037_a9c956-58 figure{max-width:40px;}.kb-image77037_a9c956-58 .image-is-svg, .kb-image77037_a9c956-58 .image-is-svg img{width:100%;}.kb-image77037_a9c956-58 .kb-image-has-overlay:after{opacity:0.3;}<\/style>\n<div class=\"wp-block-kadence-image kb-image77037_a9c956-58\"><figure class=\"aligncenter size-thumbnail\"><a href=\"https:\/\/ics.upjs.sk\/~krajci\/DatabazovaOlympiada\/\" class=\"kb-advanced-image-link\" target=\"_blank\" rel=\"noopener noreferrer\"><img loading=\"lazy\" decoding=\"async\" width=\"150\" height=\"150\" src=\"https:\/\/www.upjs.sk\/app\/uploads\/sites\/10\/2021\/02\/web1-150x150.png\" alt=\"\" class=\"kb-img wp-image-54670\"\/><\/a><\/figure><\/div>\n<\/div><\/div>\n\n\n<style>.kadence-column77037_cf3d01-0b > .kt-inside-inner-col{display:flex;}.kadence-column77037_cf3d01-0b > .kt-inside-inner-col{padding-right:var(--global-kb-spacing-xs, 1rem);padding-left:var(--global-kb-spacing-xs, 1rem);}.kadence-column77037_cf3d01-0b > .kt-inside-inner-col,.kadence-column77037_cf3d01-0b > .kt-inside-inner-col:before{border-top-left-radius:0px;border-top-right-radius:0px;border-bottom-right-radius:0px;border-bottom-left-radius:0px;}.kadence-column77037_cf3d01-0b > .kt-inside-inner-col{column-gap:var(--global-kb-gap-sm, 1rem);}.kadence-column77037_cf3d01-0b > .kt-inside-inner-col{flex-direction:column;justify-content:center;}.kadence-column77037_cf3d01-0b > .kt-inside-inner-col > .aligncenter{width:100%;}.kt-row-column-wrap > .kadence-column77037_cf3d01-0b{align-self:center;}.kt-inner-column-height-full:not(.kt-has-1-columns) > .wp-block-kadence-column.kadence-column77037_cf3d01-0b{align-self:auto;}.kt-inner-column-height-full:not(.kt-has-1-columns) > .wp-block-kadence-column.kadence-column77037_cf3d01-0b > .kt-inside-inner-col{flex-direction:column;justify-content:center;}.kadence-column77037_cf3d01-0b > .kt-inside-inner-col:before{opacity:0.3;}.kadence-column77037_cf3d01-0b{position:relative;}@media all and (max-width: 1024px){.kt-row-column-wrap > .kadence-column77037_cf3d01-0b{align-self:center;}}@media all and (max-width: 1024px){.kt-inner-column-height-full:not(.kt-has-1-columns) > .wp-block-kadence-column.kadence-column77037_cf3d01-0b{align-self:auto;}}@media all and (max-width: 1024px){.kt-inner-column-height-full:not(.kt-has-1-columns) > .wp-block-kadence-column.kadence-column77037_cf3d01-0b > .kt-inside-inner-col{flex-direction:column;justify-content:center;}}@media all and (max-width: 1024px){.kadence-column77037_cf3d01-0b > .kt-inside-inner-col{flex-direction:column;justify-content:center;}}@media all and (max-width: 767px){.kt-row-column-wrap > .kadence-column77037_cf3d01-0b{align-self:center;}.kt-inner-column-height-full:not(.kt-has-1-columns) > .wp-block-kadence-column.kadence-column77037_cf3d01-0b{align-self:auto;}.kt-inner-column-height-full:not(.kt-has-1-columns) > .wp-block-kadence-column.kadence-column77037_cf3d01-0b > .kt-inside-inner-col{flex-direction:column;justify-content:center;}.kadence-column77037_cf3d01-0b > .kt-inside-inner-col{flex-direction:column;justify-content:center;}}<\/style>\n<div class=\"wp-block-kadence-column kadence-column77037_cf3d01-0b\"><div class=\"kt-inside-inner-col\">\n<p class=\"has-text-align-justify\">Koordin\u00e1tor: <a href=\"https:\/\/www.upjs.sk\/PF\/zamestnanec\/stanislav.krajci\/\">Prof.\u00a0RNDr.Stanislav Kraj\u010di, PhD.<\/a><\/p>\n\n\n\n<p class=\"has-text-align-justify\">Datab\u00e1zov\u00fa olympi\u00e1du organizuje a\u00a0odborne zastre\u0161uje\u00a0\u00a0<a href=\"https:\/\/ics.science.upjs.sk\/\" target=\"_blank\" rel=\"noreferrer noopener\">\u00dastav informatiky<\/a>\u202f<a href=\"https:\/\/nadvakroky.sk\/\" target=\"_blank\" rel=\"noreferrer noopener\">Pr\u00edrodovedeckej fakulty Univerzity Pavla Jozefa \u0160af\u00e1rika<\/a>.<\/p>\n<\/div><\/div>\n\n<\/div><\/div><\/div><\/div>\n","protected":false},"excerpt":{"rendered":"<p>S\u00fa\u0165a\u017e\u00a0Datab\u00e1zov\u00e1 olympi\u00e1da\u00a0nadv\u00e4zuje na \u00a0realizovan\u00e9 aktivity a\u00a0v\u00fdstupy v r\u00e1mci n\u00e1rodn\u00e9ho projektu\u00a0IT akad\u00e9mia\u00a0a spo\u010d\u00edva v kon\u0161truovan\u00ed SQL dopytov. Koordin\u00e1tor: Prof.\u00a0RNDr.Stanislav Kraj\u010di, PhD. Datab\u00e1zov\u00fa olympi\u00e1du organizuje a\u00a0odborne zastre\u0161uje\u00a0\u00a0\u00dastav informatiky\u202fPr\u00edrodovedeckej fakulty Univerzity Pavla Jozefa \u0160af\u00e1rika.<\/p>\n","protected":false},"author":1,"featured_media":77045,"parent":66712,"menu_order":12,"comment_status":"closed","ping_status":"closed","template":"","meta":{"_acf_changed":false,"_editorskit_title_hidden":false,"_editorskit_reading_time":0,"_editorskit_is_block_options_detached":false,"_editorskit_block_options_position":"{}","footnotes":""},"categories":[],"tags":[],"class_list":["post-77037","page","type-page","status-publish","has-post-thumbnail","hentry"],"acf":{"acf_link_na_externy_obsah":""},"yoast_head":"<!-- This site is optimized with the Yoast SEO plugin v27.2 - https:\/\/yoast.com\/product\/yoast-seo-wordpress\/ -->\n<title>Datab\u00e1zov\u00e1 olympi\u00e1da - Pr\u00edrodovedeck\u00e1 fakulta | UPJ\u0160<\/title>\n<meta name=\"robots\" content=\"index, follow, max-snippet:-1, max-image-preview:large, max-video-preview:-1\" \/>\n<link rel=\"canonical\" href=\"https:\/\/www.upjs.sk\/prirodovedecka-fakulta\/rozvoj\/podpora-talentov-zs-ss\/databazova-olympiada\/\" \/>\n<meta property=\"og:locale\" content=\"sk_SK\" \/>\n<meta property=\"og:type\" content=\"article\" \/>\n<meta property=\"og:title\" content=\"Datab\u00e1zov\u00e1 olympi\u00e1da - Pr\u00edrodovedeck\u00e1 fakulta | UPJ\u0160\" \/>\n<meta property=\"og:description\" content=\"S\u00fa\u0165a\u017e\u00a0Datab\u00e1zov\u00e1 olympi\u00e1da\u00a0nadv\u00e4zuje na \u00a0realizovan\u00e9 aktivity a\u00a0v\u00fdstupy v r\u00e1mci n\u00e1rodn\u00e9ho projektu\u00a0IT akad\u00e9mia\u00a0a spo\u010d\u00edva v kon\u0161truovan\u00ed SQL dopytov. Koordin\u00e1tor: Prof.\u00a0RNDr.Stanislav Kraj\u010di, PhD. Datab\u00e1zov\u00fa olympi\u00e1du organizuje a\u00a0odborne zastre\u0161uje\u00a0\u00a0\u00dastav informatiky\u202fPr\u00edrodovedeckej fakulty Univerzity Pavla Jozefa \u0160af\u00e1rika.\" \/>\n<meta property=\"og:url\" content=\"https:\/\/www.upjs.sk\/prirodovedecka-fakulta\/rozvoj\/podpora-talentov-zs-ss\/databazova-olympiada\/\" \/>\n<meta property=\"og:site_name\" content=\"Pr\u00edrodovedeck\u00e1 fakulta | UPJ\u0160\" \/>\n<meta property=\"article:modified_time\" content=\"2025-03-20T12:10:42+00:00\" \/>\n<meta property=\"og:image\" content=\"https:\/\/www.upjs.sk\/app\/uploads\/sites\/10\/2025\/03\/ilob-talenty-DO.png\" \/>\n\t<meta property=\"og:image:width\" content=\"600\" \/>\n\t<meta property=\"og:image:height\" content=\"420\" \/>\n\t<meta property=\"og:image:type\" content=\"image\/png\" \/>\n<meta name=\"twitter:card\" content=\"summary_large_image\" \/>\n<meta name=\"twitter:label1\" content=\"Predpokladan\u00fd \u010das \u010d\u00edtania\" \/>\n\t<meta name=\"twitter:data1\" content=\"2 min\u00faty\" \/>\n<script type=\"application\/ld+json\" class=\"yoast-schema-graph\">{\"@context\":\"https:\/\/schema.org\",\"@graph\":[{\"@type\":\"WebPage\",\"@id\":\"https:\/\/www.upjs.sk\/prirodovedecka-fakulta\/rozvoj\/podpora-talentov-zs-ss\/databazova-olympiada\/\",\"url\":\"https:\/\/www.upjs.sk\/prirodovedecka-fakulta\/rozvoj\/podpora-talentov-zs-ss\/databazova-olympiada\/\",\"name\":\"Datab\u00e1zov\u00e1 olympi\u00e1da - Pr\u00edrodovedeck\u00e1 fakulta | UPJ\u0160\",\"isPartOf\":{\"@id\":\"https:\/\/www.upjs.sk\/prirodovedecka-fakulta\/#website\"},\"primaryImageOfPage\":{\"@id\":\"https:\/\/www.upjs.sk\/prirodovedecka-fakulta\/rozvoj\/podpora-talentov-zs-ss\/databazova-olympiada\/#primaryimage\"},\"image\":{\"@id\":\"https:\/\/www.upjs.sk\/prirodovedecka-fakulta\/rozvoj\/podpora-talentov-zs-ss\/databazova-olympiada\/#primaryimage\"},\"thumbnailUrl\":\"https:\/\/www.upjs.sk\/app\/uploads\/sites\/10\/2025\/03\/ilob-talenty-DO.png\",\"datePublished\":\"2025-03-20T11:34:32+00:00\",\"dateModified\":\"2025-03-20T12:10:42+00:00\",\"breadcrumb\":{\"@id\":\"https:\/\/www.upjs.sk\/prirodovedecka-fakulta\/rozvoj\/podpora-talentov-zs-ss\/databazova-olympiada\/#breadcrumb\"},\"inLanguage\":\"sk-SK\",\"potentialAction\":[{\"@type\":\"ReadAction\",\"target\":[\"https:\/\/www.upjs.sk\/prirodovedecka-fakulta\/rozvoj\/podpora-talentov-zs-ss\/databazova-olympiada\/\"]}]},{\"@type\":\"ImageObject\",\"inLanguage\":\"sk-SK\",\"@id\":\"https:\/\/www.upjs.sk\/prirodovedecka-fakulta\/rozvoj\/podpora-talentov-zs-ss\/databazova-olympiada\/#primaryimage\",\"url\":\"https:\/\/www.upjs.sk\/app\/uploads\/sites\/10\/2025\/03\/ilob-talenty-DO.png\",\"contentUrl\":\"https:\/\/www.upjs.sk\/app\/uploads\/sites\/10\/2025\/03\/ilob-talenty-DO.png\",\"width\":600,\"height\":420},{\"@type\":\"BreadcrumbList\",\"@id\":\"https:\/\/www.upjs.sk\/prirodovedecka-fakulta\/rozvoj\/podpora-talentov-zs-ss\/databazova-olympiada\/#breadcrumb\",\"itemListElement\":[{\"@type\":\"ListItem\",\"position\":1,\"name\":\"Home\",\"item\":\"https:\/\/www.upjs.sk\/prirodovedecka-fakulta\/\"},{\"@type\":\"ListItem\",\"position\":2,\"name\":\"Rozvoj\",\"item\":\"https:\/\/www.upjs.sk\/prirodovedecka-fakulta\/rozvoj\/\"},{\"@type\":\"ListItem\",\"position\":3,\"name\":\"Podpora talentov na Z\u0160 a S\u0160\",\"item\":\"https:\/\/www.upjs.sk\/prirodovedecka-fakulta\/rozvoj\/podpora-talentov-zs-ss\/\"},{\"@type\":\"ListItem\",\"position\":4,\"name\":\"Datab\u00e1zov\u00e1 olympi\u00e1da\"}]},{\"@type\":\"WebSite\",\"@id\":\"https:\/\/www.upjs.sk\/prirodovedecka-fakulta\/#website\",\"url\":\"https:\/\/www.upjs.sk\/prirodovedecka-fakulta\/\",\"name\":\"Pr\u00edrodovedeck\u00e1 fakulta | UPJ\u0160\",\"description\":\"\",\"publisher\":{\"@id\":\"https:\/\/www.upjs.sk\/prirodovedecka-fakulta\/#organization\"},\"potentialAction\":[{\"@type\":\"SearchAction\",\"target\":{\"@type\":\"EntryPoint\",\"urlTemplate\":\"https:\/\/www.upjs.sk\/prirodovedecka-fakulta\/?s={search_term_string}\"},\"query-input\":{\"@type\":\"PropertyValueSpecification\",\"valueRequired\":true,\"valueName\":\"search_term_string\"}}],\"inLanguage\":\"sk-SK\"},{\"@type\":\"Organization\",\"@id\":\"https:\/\/www.upjs.sk\/prirodovedecka-fakulta\/#organization\",\"name\":\"Pr\u00edrodovedeck\u00e1 fakulta | UPJ\u0160\",\"url\":\"https:\/\/www.upjs.sk\/prirodovedecka-fakulta\/\",\"logo\":{\"@type\":\"ImageObject\",\"inLanguage\":\"sk-SK\",\"@id\":\"https:\/\/www.upjs.sk\/prirodovedecka-fakulta\/#\/schema\/logo\/image\/\",\"url\":\"https:\/\/www.upjs.sk\/app\/uploads\/sites\/10\/2022\/09\/logo-prirodovedecka-fakulta.png\",\"contentUrl\":\"https:\/\/www.upjs.sk\/app\/uploads\/sites\/10\/2022\/09\/logo-prirodovedecka-fakulta.png\",\"width\":415,\"height\":87,\"caption\":\"Pr\u00edrodovedeck\u00e1 fakulta | UPJ\u0160\"},\"image\":{\"@id\":\"https:\/\/www.upjs.sk\/prirodovedecka-fakulta\/#\/schema\/logo\/image\/\"}}]}<\/script>\n<!-- \/ Yoast SEO plugin. -->","yoast_head_json":{"title":"Datab\u00e1zov\u00e1 olympi\u00e1da - Pr\u00edrodovedeck\u00e1 fakulta | UPJ\u0160","robots":{"index":"index","follow":"follow","max-snippet":"max-snippet:-1","max-image-preview":"max-image-preview:large","max-video-preview":"max-video-preview:-1"},"canonical":"https:\/\/www.upjs.sk\/prirodovedecka-fakulta\/rozvoj\/podpora-talentov-zs-ss\/databazova-olympiada\/","og_locale":"sk_SK","og_type":"article","og_title":"Datab\u00e1zov\u00e1 olympi\u00e1da - Pr\u00edrodovedeck\u00e1 fakulta | UPJ\u0160","og_description":"S\u00fa\u0165a\u017e\u00a0Datab\u00e1zov\u00e1 olympi\u00e1da\u00a0nadv\u00e4zuje na \u00a0realizovan\u00e9 aktivity a\u00a0v\u00fdstupy v r\u00e1mci n\u00e1rodn\u00e9ho projektu\u00a0IT akad\u00e9mia\u00a0a spo\u010d\u00edva v kon\u0161truovan\u00ed SQL dopytov. Koordin\u00e1tor: Prof.\u00a0RNDr.Stanislav Kraj\u010di, PhD. Datab\u00e1zov\u00fa olympi\u00e1du organizuje a\u00a0odborne zastre\u0161uje\u00a0\u00a0\u00dastav informatiky\u202fPr\u00edrodovedeckej fakulty Univerzity Pavla Jozefa \u0160af\u00e1rika.","og_url":"https:\/\/www.upjs.sk\/prirodovedecka-fakulta\/rozvoj\/podpora-talentov-zs-ss\/databazova-olympiada\/","og_site_name":"Pr\u00edrodovedeck\u00e1 fakulta | UPJ\u0160","article_modified_time":"2025-03-20T12:10:42+00:00","og_image":[{"width":600,"height":420,"url":"https:\/\/www.upjs.sk\/app\/uploads\/sites\/10\/2025\/03\/ilob-talenty-DO.png","type":"image\/png"}],"twitter_card":"summary_large_image","twitter_misc":{"Predpokladan\u00fd \u010das \u010d\u00edtania":"2 min\u00faty"},"schema":{"@context":"https:\/\/schema.org","@graph":[{"@type":"WebPage","@id":"https:\/\/www.upjs.sk\/prirodovedecka-fakulta\/rozvoj\/podpora-talentov-zs-ss\/databazova-olympiada\/","url":"https:\/\/www.upjs.sk\/prirodovedecka-fakulta\/rozvoj\/podpora-talentov-zs-ss\/databazova-olympiada\/","name":"Datab\u00e1zov\u00e1 olympi\u00e1da - Pr\u00edrodovedeck\u00e1 fakulta | UPJ\u0160","isPartOf":{"@id":"https:\/\/www.upjs.sk\/prirodovedecka-fakulta\/#website"},"primaryImageOfPage":{"@id":"https:\/\/www.upjs.sk\/prirodovedecka-fakulta\/rozvoj\/podpora-talentov-zs-ss\/databazova-olympiada\/#primaryimage"},"image":{"@id":"https:\/\/www.upjs.sk\/prirodovedecka-fakulta\/rozvoj\/podpora-talentov-zs-ss\/databazova-olympiada\/#primaryimage"},"thumbnailUrl":"https:\/\/www.upjs.sk\/app\/uploads\/sites\/10\/2025\/03\/ilob-talenty-DO.png","datePublished":"2025-03-20T11:34:32+00:00","dateModified":"2025-03-20T12:10:42+00:00","breadcrumb":{"@id":"https:\/\/www.upjs.sk\/prirodovedecka-fakulta\/rozvoj\/podpora-talentov-zs-ss\/databazova-olympiada\/#breadcrumb"},"inLanguage":"sk-SK","potentialAction":[{"@type":"ReadAction","target":["https:\/\/www.upjs.sk\/prirodovedecka-fakulta\/rozvoj\/podpora-talentov-zs-ss\/databazova-olympiada\/"]}]},{"@type":"ImageObject","inLanguage":"sk-SK","@id":"https:\/\/www.upjs.sk\/prirodovedecka-fakulta\/rozvoj\/podpora-talentov-zs-ss\/databazova-olympiada\/#primaryimage","url":"https:\/\/www.upjs.sk\/app\/uploads\/sites\/10\/2025\/03\/ilob-talenty-DO.png","contentUrl":"https:\/\/www.upjs.sk\/app\/uploads\/sites\/10\/2025\/03\/ilob-talenty-DO.png","width":600,"height":420},{"@type":"BreadcrumbList","@id":"https:\/\/www.upjs.sk\/prirodovedecka-fakulta\/rozvoj\/podpora-talentov-zs-ss\/databazova-olympiada\/#breadcrumb","itemListElement":[{"@type":"ListItem","position":1,"name":"Home","item":"https:\/\/www.upjs.sk\/prirodovedecka-fakulta\/"},{"@type":"ListItem","position":2,"name":"Rozvoj","item":"https:\/\/www.upjs.sk\/prirodovedecka-fakulta\/rozvoj\/"},{"@type":"ListItem","position":3,"name":"Podpora talentov na Z\u0160 a S\u0160","item":"https:\/\/www.upjs.sk\/prirodovedecka-fakulta\/rozvoj\/podpora-talentov-zs-ss\/"},{"@type":"ListItem","position":4,"name":"Datab\u00e1zov\u00e1 olympi\u00e1da"}]},{"@type":"WebSite","@id":"https:\/\/www.upjs.sk\/prirodovedecka-fakulta\/#website","url":"https:\/\/www.upjs.sk\/prirodovedecka-fakulta\/","name":"Pr\u00edrodovedeck\u00e1 fakulta | UPJ\u0160","description":"","publisher":{"@id":"https:\/\/www.upjs.sk\/prirodovedecka-fakulta\/#organization"},"potentialAction":[{"@type":"SearchAction","target":{"@type":"EntryPoint","urlTemplate":"https:\/\/www.upjs.sk\/prirodovedecka-fakulta\/?s={search_term_string}"},"query-input":{"@type":"PropertyValueSpecification","valueRequired":true,"valueName":"search_term_string"}}],"inLanguage":"sk-SK"},{"@type":"Organization","@id":"https:\/\/www.upjs.sk\/prirodovedecka-fakulta\/#organization","name":"Pr\u00edrodovedeck\u00e1 fakulta | UPJ\u0160","url":"https:\/\/www.upjs.sk\/prirodovedecka-fakulta\/","logo":{"@type":"ImageObject","inLanguage":"sk-SK","@id":"https:\/\/www.upjs.sk\/prirodovedecka-fakulta\/#\/schema\/logo\/image\/","url":"https:\/\/www.upjs.sk\/app\/uploads\/sites\/10\/2022\/09\/logo-prirodovedecka-fakulta.png","contentUrl":"https:\/\/www.upjs.sk\/app\/uploads\/sites\/10\/2022\/09\/logo-prirodovedecka-fakulta.png","width":415,"height":87,"caption":"Pr\u00edrodovedeck\u00e1 fakulta | UPJ\u0160"},"image":{"@id":"https:\/\/www.upjs.sk\/prirodovedecka-fakulta\/#\/schema\/logo\/image\/"}}]}},"_links":{"self":[{"href":"https:\/\/www.upjs.sk\/prirodovedecka-fakulta\/wp-json\/wp\/v2\/pages\/77037","targetHints":{"allow":["GET"]}}],"collection":[{"href":"https:\/\/www.upjs.sk\/prirodovedecka-fakulta\/wp-json\/wp\/v2\/pages"}],"about":[{"href":"https:\/\/www.upjs.sk\/prirodovedecka-fakulta\/wp-json\/wp\/v2\/types\/page"}],"author":[{"embeddable":true,"href":"https:\/\/www.upjs.sk\/prirodovedecka-fakulta\/wp-json\/wp\/v2\/users\/1"}],"replies":[{"embeddable":true,"href":"https:\/\/www.upjs.sk\/prirodovedecka-fakulta\/wp-json\/wp\/v2\/comments?post=77037"}],"version-history":[{"count":6,"href":"https:\/\/www.upjs.sk\/prirodovedecka-fakulta\/wp-json\/wp\/v2\/pages\/77037\/revisions"}],"predecessor-version":[{"id":77058,"href":"https:\/\/www.upjs.sk\/prirodovedecka-fakulta\/wp-json\/wp\/v2\/pages\/77037\/revisions\/77058"}],"up":[{"embeddable":true,"href":"https:\/\/www.upjs.sk\/prirodovedecka-fakulta\/wp-json\/wp\/v2\/pages\/66712"}],"wp:featuredmedia":[{"embeddable":true,"href":"https:\/\/www.upjs.sk\/prirodovedecka-fakulta\/wp-json\/wp\/v2\/media\/77045"}],"wp:attachment":[{"href":"https:\/\/www.upjs.sk\/prirodovedecka-fakulta\/wp-json\/wp\/v2\/media?parent=77037"}],"wp:term":[{"taxonomy":"category","embeddable":true,"href":"https:\/\/www.upjs.sk\/prirodovedecka-fakulta\/wp-json\/wp\/v2\/categories?post=77037"},{"taxonomy":"post_tag","embeddable":true,"href":"https:\/\/www.upjs.sk\/prirodovedecka-fakulta\/wp-json\/wp\/v2\/tags?post=77037"}],"curies":[{"name":"wp","href":"https:\/\/api.w.org\/{rel}","templated":true}]}}