{"id":77102,"date":"2025-03-21T14:57:00","date_gmt":"2025-03-21T13:57:14","guid":{"rendered":"https:\/\/www.upjs.sk\/prirodovedecka-fakulta\/rozvoj\/podpora-talentov-zs-ss\/biologicka-olympiada-2\/"},"modified":"2025-03-21T15:44:22","modified_gmt":"2025-03-21T14:44:22","slug":"geograficka-olympiada","status":"publish","type":"page","link":"https:\/\/www.upjs.sk\/prirodovedecka-fakulta\/rozvoj\/podpora-talentov-zs-ss\/geograficka-olympiada\/","title":{"rendered":"Geografick\u00e1 olympi\u00e1da"},"content":{"rendered":"<style>.kb-image77102_45e7ff-a8 .kb-image-has-overlay:after{opacity:0.3;border-top-left-radius:5px;border-top-right-radius:5px;border-bottom-right-radius:5px;border-bottom-left-radius:5px;}.kb-image77102_45e7ff-a8 img.kb-img, .kb-image77102_45e7ff-a8 .kb-img img{border-top-left-radius:5px;border-top-right-radius:5px;border-bottom-right-radius:5px;border-bottom-left-radius:5px;}<\/style>\n<figure class=\"wp-block-kadence-image kb-image77102_45e7ff-a8 size-full\"><img loading=\"lazy\" decoding=\"async\" width=\"1170\" height=\"200\" src=\"https:\/\/www.upjs.sk\/app\/uploads\/sites\/10\/2025\/03\/banner-il-talenty-GO.png\" alt=\"\" class=\"kb-img wp-image-77104\" srcset=\"https:\/\/www.upjs.sk\/app\/uploads\/sites\/10\/2025\/03\/banner-il-talenty-GO.png 1170w, https:\/\/www.upjs.sk\/app\/uploads\/sites\/10\/2025\/03\/banner-il-talenty-GO-300x51.png 300w, https:\/\/www.upjs.sk\/app\/uploads\/sites\/10\/2025\/03\/banner-il-talenty-GO-1024x175.png 1024w, https:\/\/www.upjs.sk\/app\/uploads\/sites\/10\/2025\/03\/banner-il-talenty-GO-768x131.png 768w\" sizes=\"auto, (max-width: 1170px) 100vw, 1170px\" \/><\/figure>\n\n\n<style>.kadence-column77102_990d03-42 > .kt-inside-inner-col{padding-top:var(--global-kb-spacing-xs, 1rem);padding-right:var(--global-kb-spacing-xs, 1rem);padding-bottom:0px;padding-left:var(--global-kb-spacing-xs, 1rem);}.kadence-column77102_990d03-42 > .kt-inside-inner-col,.kadence-column77102_990d03-42 > .kt-inside-inner-col:before{border-top-left-radius:0px;border-top-right-radius:0px;border-bottom-right-radius:0px;border-bottom-left-radius:0px;}.kadence-column77102_990d03-42 > .kt-inside-inner-col{column-gap:var(--global-kb-gap-sm, 1rem);}.kadence-column77102_990d03-42 > .kt-inside-inner-col{flex-direction:column;}.kadence-column77102_990d03-42 > .kt-inside-inner-col > .aligncenter{width:100%;}.kadence-column77102_990d03-42 > .kt-inside-inner-col{background-color:#F4F4F4;}.kadence-column77102_990d03-42 > .kt-inside-inner-col:before{opacity:0.3;}.kadence-column77102_990d03-42{position:relative;}@media all and (max-width: 1024px){.kadence-column77102_990d03-42 > .kt-inside-inner-col{flex-direction:column;justify-content:center;}}@media all and (max-width: 767px){.kadence-column77102_990d03-42 > .kt-inside-inner-col{flex-direction:column;justify-content:center;}}<\/style>\n<div class=\"wp-block-kadence-column kadence-column77102_990d03-42\"><div class=\"kt-inside-inner-col\">\n<p class=\"has-text-align-justify\"><strong>Geografick\u00e1 olympi\u00e1da (GO)<\/strong> je ur\u010den\u00e1 \u017eiakom z\u00e1kladn\u00fdch \u0161k\u00f4l, osemro\u010dn\u00fdch gymn\u00e1zi\u00ed a stredn\u00fdch \u0161k\u00f4l so z\u00e1ujmom o geografiu a in\u00e9 geografii pr\u00edbuzn\u00e9 vedn\u00e9 odbory. \u010clen\u00ed sa na 9 kateg\u00f3ri\u00ed a organizuje sa v 4 kol\u00e1ch \u2013 \u0161kolskom, obvodnom, krajskom a celo\u0161t\u00e1tnom. Najlep\u0161\u00ed s\u00fa\u0165a\u017eiaci zo stredn\u00fdch \u0161k\u00f4l sa z\u00fa\u010dast\u0148uj\u00fa Medzin\u00e1rodnej geografickej olympi\u00e1dy (IGEO) a \u017eiaci zo z\u00e1kladn\u00fdch \u0161k\u00f4l National Geographic World Championship (NGWC).<br><strong><a href=\"https:\/\/www.uge.science.upjs.sk\/geografick%C3%A1-olympi%C3%A1da\" target=\"_blank\" rel=\"noreferrer noopener\">Viac<\/a><\/strong><\/p>\n<\/div><\/div>\n\n\n\n<div style=\"height:20px\" aria-hidden=\"true\" class=\"wp-block-spacer\"><\/div>\n\n\n<style>.kadence-column77102_1cbb10-2f > .kt-inside-inner-col{padding-top:var(--global-kb-spacing-xs, 1rem);padding-right:var(--global-kb-spacing-xs, 1rem);padding-bottom:0px;padding-left:var(--global-kb-spacing-xs, 1rem);}.kadence-column77102_1cbb10-2f > .kt-inside-inner-col,.kadence-column77102_1cbb10-2f > .kt-inside-inner-col:before{border-top-left-radius:0px;border-top-right-radius:0px;border-bottom-right-radius:0px;border-bottom-left-radius:0px;}.kadence-column77102_1cbb10-2f > .kt-inside-inner-col{column-gap:var(--global-kb-gap-sm, 1rem);}.kadence-column77102_1cbb10-2f > .kt-inside-inner-col{flex-direction:column;}.kadence-column77102_1cbb10-2f > .kt-inside-inner-col > .aligncenter{width:100%;}.kadence-column77102_1cbb10-2f > .kt-inside-inner-col{background-color:#F4F4F4;}.kadence-column77102_1cbb10-2f > .kt-inside-inner-col:before{opacity:0.3;}.kadence-column77102_1cbb10-2f{position:relative;}@media all and (max-width: 1024px){.kadence-column77102_1cbb10-2f > .kt-inside-inner-col{flex-direction:column;justify-content:center;}}@media all and (max-width: 767px){.kadence-column77102_1cbb10-2f > .kt-inside-inner-col{flex-direction:column;justify-content:center;}}<\/style>\n<div class=\"wp-block-kadence-column kadence-column77102_1cbb10-2f\"><div class=\"kt-inside-inner-col\">\n<p class=\"has-text-align-left\">Pri <a href=\"https:\/\/www.upjs.sk\/prirodovedecka-fakulta\/pracoviska\/ustavy-pf\/uge\/\">\u00dastave geografie <\/a>je zriaden\u00e1 krajsk\u00e1 komisia GO pre Ko\u0161ick\u00fd kraj.<\/p>\n\n\n<style>.kb-row-layout-id77102_63097b-71 > .kt-row-column-wrap{align-content:start;}:where(.kb-row-layout-id77102_63097b-71 > .kt-row-column-wrap) > .wp-block-kadence-column{justify-content:start;}.kb-row-layout-id77102_63097b-71 > .kt-row-column-wrap{column-gap:var(--global-kb-gap-md, 2rem);row-gap:var(--global-kb-gap-md, 2rem);grid-template-columns:repeat(2, minmax(0, 1fr));}.kb-row-layout-id77102_63097b-71 > .kt-row-layout-overlay{opacity:0.30;}@media all and (max-width: 1024px){.kb-row-layout-id77102_63097b-71 > .kt-row-column-wrap{grid-template-columns:repeat(2, minmax(0, 1fr));}}@media all and (max-width: 767px){.kb-row-layout-id77102_63097b-71 > .kt-row-column-wrap{grid-template-columns:minmax(0, 1fr);}}<\/style><div class=\"kb-row-layout-wrap kb-row-layout-id77102_63097b-71 alignnone wp-block-kadence-rowlayout\"><div class=\"kt-row-column-wrap kt-has-2-columns kt-row-layout-equal kt-tab-layout-inherit kt-mobile-layout-row kt-row-valign-top\">\n<style>.kadence-column77102_aee0c4-71 > .kt-inside-inner-col,.kadence-column77102_aee0c4-71 > .kt-inside-inner-col:before{border-top-left-radius:0px;border-top-right-radius:0px;border-bottom-right-radius:0px;border-bottom-left-radius:0px;}.kadence-column77102_aee0c4-71 > .kt-inside-inner-col{column-gap:var(--global-kb-gap-sm, 1rem);}.kadence-column77102_aee0c4-71 > .kt-inside-inner-col{flex-direction:column;}.kadence-column77102_aee0c4-71 > .kt-inside-inner-col > .aligncenter{width:100%;}.kadence-column77102_aee0c4-71 > .kt-inside-inner-col:before{opacity:0.3;}.kadence-column77102_aee0c4-71{position:relative;}@media all and (max-width: 1024px){.kadence-column77102_aee0c4-71 > .kt-inside-inner-col{flex-direction:column;justify-content:center;}}@media all and (max-width: 767px){.kadence-column77102_aee0c4-71 > .kt-inside-inner-col{flex-direction:column;justify-content:center;}}<\/style>\n<div class=\"wp-block-kadence-column kadence-column77102_aee0c4-71\"><div class=\"kt-inside-inner-col\">\n<p><strong><mark style=\"background-color:rgba(0, 0, 0, 0)\" class=\"has-inline-color has-prirodovedecka-f-color\">Predsedn\u00ed\u010dka krajskej komisie GO:<\/mark><\/strong><br><strong><strong><a href=\"https:\/\/www.upjs.sk\/PF\/zamestnanec\/stela.csachova\/\">RNDr. Stela CSACHOV\u00c1, PhD.<\/a><\/strong><\/strong><\/p>\n\n\n\n<p><strong><mark style=\"background-color:rgba(0, 0, 0, 0)\" class=\"has-inline-color has-prirodovedecka-f-color\">Podpredseda krajskej komisie GO:<\/mark><\/strong><br><a href=\"https:\/\/www.upjs.sk\/PF\/zamestnanec\/marian.kulla\/\"><strong>Mgr. Mari\u00e1n KULLA, PhD.<\/strong><\/a><\/p>\n<\/div><\/div>\n\n\n<style>.kadence-column77102_e04bfe-8c > .kt-inside-inner-col,.kadence-column77102_e04bfe-8c > .kt-inside-inner-col:before{border-top-left-radius:0px;border-top-right-radius:0px;border-bottom-right-radius:0px;border-bottom-left-radius:0px;}.kadence-column77102_e04bfe-8c > .kt-inside-inner-col{column-gap:var(--global-kb-gap-sm, 1rem);}.kadence-column77102_e04bfe-8c > .kt-inside-inner-col{flex-direction:column;}.kadence-column77102_e04bfe-8c > .kt-inside-inner-col > .aligncenter{width:100%;}.kadence-column77102_e04bfe-8c > .kt-inside-inner-col:before{opacity:0.3;}.kadence-column77102_e04bfe-8c{position:relative;}@media all and (max-width: 1024px){.kadence-column77102_e04bfe-8c > .kt-inside-inner-col{flex-direction:column;justify-content:center;}}@media all and (max-width: 767px){.kadence-column77102_e04bfe-8c > .kt-inside-inner-col{flex-direction:column;justify-content:center;}}<\/style>\n<div class=\"wp-block-kadence-column kadence-column77102_e04bfe-8c\"><div class=\"kt-inside-inner-col\">\n<p><strong><a href=\"https:\/\/nivam.sk\/olympiady-a-sutaze\/geograficka-olympiada\/\">Organiza\u010dn\u00fd poriadok a&nbsp;metodicko-organiza\u010dn\u00e9 pokyny<\/a><\/strong><\/p>\n<\/div><\/div>\n\n<\/div><\/div><\/div><\/div>\n\n\n\n<p>&nbsp;<\/p>\n\n\n<section class=\"aktuality aktuality-container mx-auto \">\r\n    <div class=\"aktuality-heading pb-6 md:pb-12\">\r\n        <h2 class=\"aktuality-heading-text uppercase block ml-4 md:ml-0 text-left md:text-center\">Aktivity<\/h2>\r\n    <\/div>\r\n        <div class=\"hidden md:grid gap-x-8 gap-y-4 lg:grid-cols-3 md:grid-cols-2 grid-cols-1 article-container lg:px-24 md:px-16 px-12 \">\r\n                     <article class=\"w-full article relative\">\n  <div data-aos=\"fade-up\" class=\"lg:w-full mx-auto\">\n      <div class=\"article-img rounded-t-lg overflow-hidden transition duration-500 ease-in-out transform-gpu hover:scale-105 hover:shadow-2xl\">\n          <a href=\"https:\/\/www.upjs.sk\/prirodovedecka-fakulta\/actuality\/vitazi-krajskych-kol-predmetovych-olympiad-kategorie-a\/\">\n            <img loading=\"lazy\" decoding=\"async\" width=\"600\" height=\"420\" src=\"https:\/\/www.upjs.sk\/app\/uploads\/sites\/10\/2024\/04\/ilob-aktual-vitazi-olymp-23-24.png\" class=\"attachment-post-thumbnail size-post-thumbnail wp-post-image\" alt=\"\" srcset=\"https:\/\/www.upjs.sk\/app\/uploads\/sites\/10\/2024\/04\/ilob-aktual-vitazi-olymp-23-24.png 600w, https:\/\/www.upjs.sk\/app\/uploads\/sites\/10\/2024\/04\/ilob-aktual-vitazi-olymp-23-24-300x210.png 300w\" sizes=\"auto, (max-width: 600px) 100vw, 600px\" \/>\n          <\/a>\n      <\/div>\n  <\/div>\n  <div class=\"artilce-content border-x border-b upjs-grey p-4 rounded-b-lg\">\n      <a href=\"https:\/\/www.upjs.sk\/prirodovedecka-fakulta\/actuality\/vitazi-krajskych-kol-predmetovych-olympiad-kategorie-a\/\" class=\"aktualita-nadpis\">\n          <h4 class=\"aktualita-nadpis font-bold line-clamp-2\">V\u00ed\u0165azi krajsk\u00fdch k\u00f4l predmetov\u00fdch olympi\u00e1d kateg\u00f3rie A<\/h4>\n      <\/a>\n      <div class=\"aktualita-excerpt mt-4 text-xs mb-5 line-clamp-5\">\n        \n        D\u0148a 4. apr\u00edla 2024 sa na p\u00f4de fakulty uskuto\u010dnilo, u\u017e po siedmy piaty kr\u00e1t, sl\u00e1vnostn\u00e9 odovzd\u00e1vanie ocenen\u00ed v\u00ed\u0165azom krajsk\u00fdch k\u00f4l predmetov\u00fdch olympi\u00e1d kateg\u00f3rie A. \n      <\/div>\n      <div class=\"inline-date absolute bottom-0 left-0  mb-4 flex justify-between items-center w-full\">\n        <div class=\"inline-block pb-1 pl-4 mt-4 text-upjs-blue underline underline-offset-1 text-xs \">\n          <a href=\"https:\/\/www.upjs.sk\/prirodovedecka-fakulta\/actuality\/vitazi-krajskych-kol-predmetovych-olympiad-kategorie-a\/\">Zobrazi\u0165 viac<span aria-hidden=\"true\">&rarr;<\/span><\/a> \n       <\/div>\n\n       <div class=\"inline-block text-xs pb-1 pr-4 mt-4\">\n         9. apr\u00edla 2024\n       <\/div>\n      <\/div>\n  <\/div>\n<\/article>            <\/div>\r\n    <\/section>\r\n\r\n\r\n<style type=\"text\/css\">\r\n  [data- block_a71fe2cad8527de0e3125f100462839d] {\r\n    background:  ;\r\n    color: ;\r\n  }\r\n<\/style>\r\n","protected":false},"excerpt":{"rendered":"<p>Geografick\u00e1 olympi\u00e1da (GO) je ur\u010den\u00e1 \u017eiakom z\u00e1kladn\u00fdch \u0161k\u00f4l, osemro\u010dn\u00fdch gymn\u00e1zi\u00ed a stredn\u00fdch \u0161k\u00f4l so z\u00e1ujmom o geografiu a in\u00e9 geografii pr\u00edbuzn\u00e9 vedn\u00e9 odbory. \u010clen\u00ed sa na 9 kateg\u00f3ri\u00ed a organizuje sa v 4 kol\u00e1ch \u2013 \u0161kolskom, obvodnom, krajskom a celo\u0161t\u00e1tnom. Najlep\u0161\u00ed s\u00fa\u0165a\u017eiaci zo stredn\u00fdch \u0161k\u00f4l sa z\u00fa\u010dast\u0148uj\u00fa Medzin\u00e1rodnej geografickej olympi\u00e1dy (IGEO) a \u017eiaci zo z\u00e1kladn\u00fdch &hellip; <a href=\"https:\/\/www.upjs.sk\/prirodovedecka-fakulta\/rozvoj\/podpora-talentov-zs-ss\/geograficka-olympiada\/\">\u010c\u00edta\u0165 \u010falej<\/a><\/p>\n","protected":false},"author":1,"featured_media":0,"parent":66712,"menu_order":3,"comment_status":"closed","ping_status":"closed","template":"","meta":{"_acf_changed":false,"_editorskit_title_hidden":false,"_editorskit_reading_time":0,"_editorskit_is_block_options_detached":false,"_editorskit_block_options_position":"{}","footnotes":""},"categories":[],"tags":[],"class_list":["post-77102","page","type-page","status-publish","hentry"],"acf":{"acf_link_na_externy_obsah":""},"yoast_head":"<!-- This site is optimized with the Yoast SEO plugin v27.2 - https:\/\/yoast.com\/product\/yoast-seo-wordpress\/ -->\n<title>Geografick\u00e1 olympi\u00e1da - Pr\u00edrodovedeck\u00e1 fakulta | UPJ\u0160<\/title>\n<meta name=\"robots\" content=\"index, follow, max-snippet:-1, max-image-preview:large, max-video-preview:-1\" \/>\n<link rel=\"canonical\" href=\"https:\/\/www.upjs.sk\/prirodovedecka-fakulta\/rozvoj\/podpora-talentov-zs-ss\/geograficka-olympiada\/\" \/>\n<meta property=\"og:locale\" content=\"sk_SK\" \/>\n<meta property=\"og:type\" content=\"article\" \/>\n<meta property=\"og:title\" content=\"Geografick\u00e1 olympi\u00e1da - Pr\u00edrodovedeck\u00e1 fakulta | UPJ\u0160\" \/>\n<meta property=\"og:description\" content=\"Geografick\u00e1 olympi\u00e1da (GO) je ur\u010den\u00e1 \u017eiakom z\u00e1kladn\u00fdch \u0161k\u00f4l, osemro\u010dn\u00fdch gymn\u00e1zi\u00ed a stredn\u00fdch \u0161k\u00f4l so z\u00e1ujmom o geografiu a in\u00e9 geografii pr\u00edbuzn\u00e9 vedn\u00e9 odbory. \u010clen\u00ed sa na 9 kateg\u00f3ri\u00ed a organizuje sa v 4 kol\u00e1ch \u2013 \u0161kolskom, obvodnom, krajskom a celo\u0161t\u00e1tnom. Najlep\u0161\u00ed s\u00fa\u0165a\u017eiaci zo stredn\u00fdch \u0161k\u00f4l sa z\u00fa\u010dast\u0148uj\u00fa Medzin\u00e1rodnej geografickej olympi\u00e1dy (IGEO) a \u017eiaci zo z\u00e1kladn\u00fdch &hellip; \u010c\u00edta\u0165 \u010falej\" \/>\n<meta property=\"og:url\" content=\"https:\/\/www.upjs.sk\/prirodovedecka-fakulta\/rozvoj\/podpora-talentov-zs-ss\/geograficka-olympiada\/\" \/>\n<meta property=\"og:site_name\" content=\"Pr\u00edrodovedeck\u00e1 fakulta | UPJ\u0160\" \/>\n<meta property=\"article:modified_time\" content=\"2025-03-21T14:44:22+00:00\" \/>\n<meta property=\"og:image\" content=\"https:\/\/www.upjs.sk\/app\/uploads\/sites\/10\/2025\/03\/banner-il-talenty-GO.png\" \/>\n\t<meta property=\"og:image:width\" content=\"1170\" \/>\n\t<meta property=\"og:image:height\" content=\"200\" \/>\n\t<meta property=\"og:image:type\" content=\"image\/png\" \/>\n<meta name=\"twitter:card\" content=\"summary_large_image\" \/>\n<meta name=\"twitter:label1\" content=\"Predpokladan\u00fd \u010das \u010d\u00edtania\" \/>\n\t<meta name=\"twitter:data1\" content=\"1 min\u00fata\" \/>\n<script type=\"application\/ld+json\" class=\"yoast-schema-graph\">{\"@context\":\"https:\/\/schema.org\",\"@graph\":[{\"@type\":\"WebPage\",\"@id\":\"https:\/\/www.upjs.sk\/prirodovedecka-fakulta\/rozvoj\/podpora-talentov-zs-ss\/geograficka-olympiada\/\",\"url\":\"https:\/\/www.upjs.sk\/prirodovedecka-fakulta\/rozvoj\/podpora-talentov-zs-ss\/geograficka-olympiada\/\",\"name\":\"Geografick\u00e1 olympi\u00e1da - Pr\u00edrodovedeck\u00e1 fakulta | UPJ\u0160\",\"isPartOf\":{\"@id\":\"https:\/\/www.upjs.sk\/prirodovedecka-fakulta\/#website\"},\"primaryImageOfPage\":{\"@id\":\"https:\/\/www.upjs.sk\/prirodovedecka-fakulta\/rozvoj\/podpora-talentov-zs-ss\/geograficka-olympiada\/#primaryimage\"},\"image\":{\"@id\":\"https:\/\/www.upjs.sk\/prirodovedecka-fakulta\/rozvoj\/podpora-talentov-zs-ss\/geograficka-olympiada\/#primaryimage\"},\"thumbnailUrl\":\"https:\/\/www.upjs.sk\/app\/uploads\/sites\/10\/2025\/03\/banner-il-talenty-GO.png\",\"datePublished\":\"2025-03-21T13:57:14+00:00\",\"dateModified\":\"2025-03-21T14:44:22+00:00\",\"breadcrumb\":{\"@id\":\"https:\/\/www.upjs.sk\/prirodovedecka-fakulta\/rozvoj\/podpora-talentov-zs-ss\/geograficka-olympiada\/#breadcrumb\"},\"inLanguage\":\"sk-SK\",\"potentialAction\":[{\"@type\":\"ReadAction\",\"target\":[\"https:\/\/www.upjs.sk\/prirodovedecka-fakulta\/rozvoj\/podpora-talentov-zs-ss\/geograficka-olympiada\/\"]}]},{\"@type\":\"ImageObject\",\"inLanguage\":\"sk-SK\",\"@id\":\"https:\/\/www.upjs.sk\/prirodovedecka-fakulta\/rozvoj\/podpora-talentov-zs-ss\/geograficka-olympiada\/#primaryimage\",\"url\":\"https:\/\/www.upjs.sk\/app\/uploads\/sites\/10\/2025\/03\/banner-il-talenty-GO.png\",\"contentUrl\":\"https:\/\/www.upjs.sk\/app\/uploads\/sites\/10\/2025\/03\/banner-il-talenty-GO.png\"},{\"@type\":\"BreadcrumbList\",\"@id\":\"https:\/\/www.upjs.sk\/prirodovedecka-fakulta\/rozvoj\/podpora-talentov-zs-ss\/geograficka-olympiada\/#breadcrumb\",\"itemListElement\":[{\"@type\":\"ListItem\",\"position\":1,\"name\":\"Home\",\"item\":\"https:\/\/www.upjs.sk\/prirodovedecka-fakulta\/\"},{\"@type\":\"ListItem\",\"position\":2,\"name\":\"Rozvoj\",\"item\":\"https:\/\/www.upjs.sk\/prirodovedecka-fakulta\/rozvoj\/\"},{\"@type\":\"ListItem\",\"position\":3,\"name\":\"Podpora talentov na Z\u0160 a S\u0160\",\"item\":\"https:\/\/www.upjs.sk\/prirodovedecka-fakulta\/rozvoj\/podpora-talentov-zs-ss\/\"},{\"@type\":\"ListItem\",\"position\":4,\"name\":\"Geografick\u00e1 olympi\u00e1da\"}]},{\"@type\":\"WebSite\",\"@id\":\"https:\/\/www.upjs.sk\/prirodovedecka-fakulta\/#website\",\"url\":\"https:\/\/www.upjs.sk\/prirodovedecka-fakulta\/\",\"name\":\"Pr\u00edrodovedeck\u00e1 fakulta | UPJ\u0160\",\"description\":\"\",\"publisher\":{\"@id\":\"https:\/\/www.upjs.sk\/prirodovedecka-fakulta\/#organization\"},\"potentialAction\":[{\"@type\":\"SearchAction\",\"target\":{\"@type\":\"EntryPoint\",\"urlTemplate\":\"https:\/\/www.upjs.sk\/prirodovedecka-fakulta\/?s={search_term_string}\"},\"query-input\":{\"@type\":\"PropertyValueSpecification\",\"valueRequired\":true,\"valueName\":\"search_term_string\"}}],\"inLanguage\":\"sk-SK\"},{\"@type\":\"Organization\",\"@id\":\"https:\/\/www.upjs.sk\/prirodovedecka-fakulta\/#organization\",\"name\":\"Pr\u00edrodovedeck\u00e1 fakulta | UPJ\u0160\",\"url\":\"https:\/\/www.upjs.sk\/prirodovedecka-fakulta\/\",\"logo\":{\"@type\":\"ImageObject\",\"inLanguage\":\"sk-SK\",\"@id\":\"https:\/\/www.upjs.sk\/prirodovedecka-fakulta\/#\/schema\/logo\/image\/\",\"url\":\"https:\/\/www.upjs.sk\/app\/uploads\/sites\/10\/2022\/09\/logo-prirodovedecka-fakulta.png\",\"contentUrl\":\"https:\/\/www.upjs.sk\/app\/uploads\/sites\/10\/2022\/09\/logo-prirodovedecka-fakulta.png\",\"width\":415,\"height\":87,\"caption\":\"Pr\u00edrodovedeck\u00e1 fakulta | UPJ\u0160\"},\"image\":{\"@id\":\"https:\/\/www.upjs.sk\/prirodovedecka-fakulta\/#\/schema\/logo\/image\/\"}}]}<\/script>\n<!-- \/ Yoast SEO plugin. -->","yoast_head_json":{"title":"Geografick\u00e1 olympi\u00e1da - Pr\u00edrodovedeck\u00e1 fakulta | UPJ\u0160","robots":{"index":"index","follow":"follow","max-snippet":"max-snippet:-1","max-image-preview":"max-image-preview:large","max-video-preview":"max-video-preview:-1"},"canonical":"https:\/\/www.upjs.sk\/prirodovedecka-fakulta\/rozvoj\/podpora-talentov-zs-ss\/geograficka-olympiada\/","og_locale":"sk_SK","og_type":"article","og_title":"Geografick\u00e1 olympi\u00e1da - Pr\u00edrodovedeck\u00e1 fakulta | UPJ\u0160","og_description":"Geografick\u00e1 olympi\u00e1da (GO) je ur\u010den\u00e1 \u017eiakom z\u00e1kladn\u00fdch \u0161k\u00f4l, osemro\u010dn\u00fdch gymn\u00e1zi\u00ed a stredn\u00fdch \u0161k\u00f4l so z\u00e1ujmom o geografiu a in\u00e9 geografii pr\u00edbuzn\u00e9 vedn\u00e9 odbory. \u010clen\u00ed sa na 9 kateg\u00f3ri\u00ed a organizuje sa v 4 kol\u00e1ch \u2013 \u0161kolskom, obvodnom, krajskom a celo\u0161t\u00e1tnom. Najlep\u0161\u00ed s\u00fa\u0165a\u017eiaci zo stredn\u00fdch \u0161k\u00f4l sa z\u00fa\u010dast\u0148uj\u00fa Medzin\u00e1rodnej geografickej olympi\u00e1dy (IGEO) a \u017eiaci zo z\u00e1kladn\u00fdch &hellip; \u010c\u00edta\u0165 \u010falej","og_url":"https:\/\/www.upjs.sk\/prirodovedecka-fakulta\/rozvoj\/podpora-talentov-zs-ss\/geograficka-olympiada\/","og_site_name":"Pr\u00edrodovedeck\u00e1 fakulta | UPJ\u0160","article_modified_time":"2025-03-21T14:44:22+00:00","og_image":[{"width":1170,"height":200,"url":"https:\/\/www.upjs.sk\/app\/uploads\/sites\/10\/2025\/03\/banner-il-talenty-GO.png","type":"image\/png"}],"twitter_card":"summary_large_image","twitter_misc":{"Predpokladan\u00fd \u010das \u010d\u00edtania":"1 min\u00fata"},"schema":{"@context":"https:\/\/schema.org","@graph":[{"@type":"WebPage","@id":"https:\/\/www.upjs.sk\/prirodovedecka-fakulta\/rozvoj\/podpora-talentov-zs-ss\/geograficka-olympiada\/","url":"https:\/\/www.upjs.sk\/prirodovedecka-fakulta\/rozvoj\/podpora-talentov-zs-ss\/geograficka-olympiada\/","name":"Geografick\u00e1 olympi\u00e1da - Pr\u00edrodovedeck\u00e1 fakulta | UPJ\u0160","isPartOf":{"@id":"https:\/\/www.upjs.sk\/prirodovedecka-fakulta\/#website"},"primaryImageOfPage":{"@id":"https:\/\/www.upjs.sk\/prirodovedecka-fakulta\/rozvoj\/podpora-talentov-zs-ss\/geograficka-olympiada\/#primaryimage"},"image":{"@id":"https:\/\/www.upjs.sk\/prirodovedecka-fakulta\/rozvoj\/podpora-talentov-zs-ss\/geograficka-olympiada\/#primaryimage"},"thumbnailUrl":"https:\/\/www.upjs.sk\/app\/uploads\/sites\/10\/2025\/03\/banner-il-talenty-GO.png","datePublished":"2025-03-21T13:57:14+00:00","dateModified":"2025-03-21T14:44:22+00:00","breadcrumb":{"@id":"https:\/\/www.upjs.sk\/prirodovedecka-fakulta\/rozvoj\/podpora-talentov-zs-ss\/geograficka-olympiada\/#breadcrumb"},"inLanguage":"sk-SK","potentialAction":[{"@type":"ReadAction","target":["https:\/\/www.upjs.sk\/prirodovedecka-fakulta\/rozvoj\/podpora-talentov-zs-ss\/geograficka-olympiada\/"]}]},{"@type":"ImageObject","inLanguage":"sk-SK","@id":"https:\/\/www.upjs.sk\/prirodovedecka-fakulta\/rozvoj\/podpora-talentov-zs-ss\/geograficka-olympiada\/#primaryimage","url":"https:\/\/www.upjs.sk\/app\/uploads\/sites\/10\/2025\/03\/banner-il-talenty-GO.png","contentUrl":"https:\/\/www.upjs.sk\/app\/uploads\/sites\/10\/2025\/03\/banner-il-talenty-GO.png"},{"@type":"BreadcrumbList","@id":"https:\/\/www.upjs.sk\/prirodovedecka-fakulta\/rozvoj\/podpora-talentov-zs-ss\/geograficka-olympiada\/#breadcrumb","itemListElement":[{"@type":"ListItem","position":1,"name":"Home","item":"https:\/\/www.upjs.sk\/prirodovedecka-fakulta\/"},{"@type":"ListItem","position":2,"name":"Rozvoj","item":"https:\/\/www.upjs.sk\/prirodovedecka-fakulta\/rozvoj\/"},{"@type":"ListItem","position":3,"name":"Podpora talentov na Z\u0160 a S\u0160","item":"https:\/\/www.upjs.sk\/prirodovedecka-fakulta\/rozvoj\/podpora-talentov-zs-ss\/"},{"@type":"ListItem","position":4,"name":"Geografick\u00e1 olympi\u00e1da"}]},{"@type":"WebSite","@id":"https:\/\/www.upjs.sk\/prirodovedecka-fakulta\/#website","url":"https:\/\/www.upjs.sk\/prirodovedecka-fakulta\/","name":"Pr\u00edrodovedeck\u00e1 fakulta | UPJ\u0160","description":"","publisher":{"@id":"https:\/\/www.upjs.sk\/prirodovedecka-fakulta\/#organization"},"potentialAction":[{"@type":"SearchAction","target":{"@type":"EntryPoint","urlTemplate":"https:\/\/www.upjs.sk\/prirodovedecka-fakulta\/?s={search_term_string}"},"query-input":{"@type":"PropertyValueSpecification","valueRequired":true,"valueName":"search_term_string"}}],"inLanguage":"sk-SK"},{"@type":"Organization","@id":"https:\/\/www.upjs.sk\/prirodovedecka-fakulta\/#organization","name":"Pr\u00edrodovedeck\u00e1 fakulta | UPJ\u0160","url":"https:\/\/www.upjs.sk\/prirodovedecka-fakulta\/","logo":{"@type":"ImageObject","inLanguage":"sk-SK","@id":"https:\/\/www.upjs.sk\/prirodovedecka-fakulta\/#\/schema\/logo\/image\/","url":"https:\/\/www.upjs.sk\/app\/uploads\/sites\/10\/2022\/09\/logo-prirodovedecka-fakulta.png","contentUrl":"https:\/\/www.upjs.sk\/app\/uploads\/sites\/10\/2022\/09\/logo-prirodovedecka-fakulta.png","width":415,"height":87,"caption":"Pr\u00edrodovedeck\u00e1 fakulta | UPJ\u0160"},"image":{"@id":"https:\/\/www.upjs.sk\/prirodovedecka-fakulta\/#\/schema\/logo\/image\/"}}]}},"_links":{"self":[{"href":"https:\/\/www.upjs.sk\/prirodovedecka-fakulta\/wp-json\/wp\/v2\/pages\/77102","targetHints":{"allow":["GET"]}}],"collection":[{"href":"https:\/\/www.upjs.sk\/prirodovedecka-fakulta\/wp-json\/wp\/v2\/pages"}],"about":[{"href":"https:\/\/www.upjs.sk\/prirodovedecka-fakulta\/wp-json\/wp\/v2\/types\/page"}],"author":[{"embeddable":true,"href":"https:\/\/www.upjs.sk\/prirodovedecka-fakulta\/wp-json\/wp\/v2\/users\/1"}],"replies":[{"embeddable":true,"href":"https:\/\/www.upjs.sk\/prirodovedecka-fakulta\/wp-json\/wp\/v2\/comments?post=77102"}],"version-history":[{"count":10,"href":"https:\/\/www.upjs.sk\/prirodovedecka-fakulta\/wp-json\/wp\/v2\/pages\/77102\/revisions"}],"predecessor-version":[{"id":77139,"href":"https:\/\/www.upjs.sk\/prirodovedecka-fakulta\/wp-json\/wp\/v2\/pages\/77102\/revisions\/77139"}],"up":[{"embeddable":true,"href":"https:\/\/www.upjs.sk\/prirodovedecka-fakulta\/wp-json\/wp\/v2\/pages\/66712"}],"wp:attachment":[{"href":"https:\/\/www.upjs.sk\/prirodovedecka-fakulta\/wp-json\/wp\/v2\/media?parent=77102"}],"wp:term":[{"taxonomy":"category","embeddable":true,"href":"https:\/\/www.upjs.sk\/prirodovedecka-fakulta\/wp-json\/wp\/v2\/categories?post=77102"},{"taxonomy":"post_tag","embeddable":true,"href":"https:\/\/www.upjs.sk\/prirodovedecka-fakulta\/wp-json\/wp\/v2\/tags?post=77102"}],"curies":[{"name":"wp","href":"https:\/\/api.w.org\/{rel}","templated":true}]}}