{"id":77185,"date":"2025-03-24T14:23:00","date_gmt":"2025-03-24T13:23:59","guid":{"rendered":"https:\/\/www.upjs.sk\/prirodovedecka-fakulta\/rozvoj\/podpora-talentov-zs-ss\/avamet-2\/"},"modified":"2025-03-24T14:25:25","modified_gmt":"2025-03-24T13:25:25","slug":"fyz-naboj","status":"publish","type":"page","link":"https:\/\/www.upjs.sk\/prirodovedecka-fakulta\/rozvoj\/podpora-talentov-zs-ss\/fyz-naboj\/","title":{"rendered":"Fyzik\u00e1ly n\u00e1boj"},"content":{"rendered":"<style>.kb-image77185_160c66-da .kb-image-has-overlay:after{opacity:0.3;border-top-left-radius:5px;border-top-right-radius:5px;border-bottom-right-radius:5px;border-bottom-left-radius:5px;}.kb-image77185_160c66-da img.kb-img, .kb-image77185_160c66-da .kb-img img{border-top-left-radius:5px;border-top-right-radius:5px;border-bottom-right-radius:5px;border-bottom-left-radius:5px;}<\/style>\n<figure class=\"wp-block-kadence-image kb-image77185_160c66-da size-full\"><img loading=\"lazy\" decoding=\"async\" width=\"1170\" height=\"200\" src=\"https:\/\/www.upjs.sk\/app\/uploads\/sites\/10\/2025\/03\/banner-il-talenty-FN.png\" alt=\"\" class=\"kb-img wp-image-77187\" srcset=\"https:\/\/www.upjs.sk\/app\/uploads\/sites\/10\/2025\/03\/banner-il-talenty-FN.png 1170w, https:\/\/www.upjs.sk\/app\/uploads\/sites\/10\/2025\/03\/banner-il-talenty-FN-300x51.png 300w, https:\/\/www.upjs.sk\/app\/uploads\/sites\/10\/2025\/03\/banner-il-talenty-FN-1024x175.png 1024w, https:\/\/www.upjs.sk\/app\/uploads\/sites\/10\/2025\/03\/banner-il-talenty-FN-768x131.png 768w\" sizes=\"auto, (max-width: 1170px) 100vw, 1170px\" \/><\/figure>\n\n\n\n<div style=\"height:20px\" aria-hidden=\"true\" class=\"wp-block-spacer\"><\/div>\n\n\n<section class=\"aktuality aktuality-container mx-auto \">\r\n    <div class=\"aktuality-heading pb-6 md:pb-12\">\r\n        <h2 class=\"aktuality-heading-text uppercase block ml-4 md:ml-0 text-left md:text-center\">Arch\u00edv<\/h2>\r\n    <\/div>\r\n        <div class=\"hidden md:grid gap-x-8 gap-y-4 lg:grid-cols-3 md:grid-cols-2 grid-cols-1 article-container lg:px-24 md:px-16 px-12 \">\r\n                     <article class=\"w-full article relative\">\n  <div data-aos=\"fade-up\" class=\"lg:w-full mx-auto\">\n      <div class=\"article-img rounded-t-lg overflow-hidden transition duration-500 ease-in-out transform-gpu hover:scale-105 hover:shadow-2xl\">\n          <a href=\"https:\/\/www.upjs.sk\/prirodovedecka-fakulta\/actuality\/fyzikalny-naboj-2025\/\">\n            <img loading=\"lazy\" decoding=\"async\" width=\"600\" height=\"420\" src=\"https:\/\/www.upjs.sk\/app\/uploads\/sites\/10\/2025\/11\/ilob-akt-Fyzikalny-naboj-2025.png\" class=\"attachment-post-thumbnail size-post-thumbnail wp-post-image\" alt=\"\" srcset=\"https:\/\/www.upjs.sk\/app\/uploads\/sites\/10\/2025\/11\/ilob-akt-Fyzikalny-naboj-2025.png 600w, https:\/\/www.upjs.sk\/app\/uploads\/sites\/10\/2025\/11\/ilob-akt-Fyzikalny-naboj-2025-300x210.png 300w\" sizes=\"auto, (max-width: 600px) 100vw, 600px\" \/>\n          <\/a>\n      <\/div>\n  <\/div>\n  <div class=\"artilce-content border-x border-b upjs-grey p-4 rounded-b-lg\">\n      <a href=\"https:\/\/www.upjs.sk\/prirodovedecka-fakulta\/actuality\/fyzikalny-naboj-2025\/\" class=\"aktualita-nadpis\">\n          <h4 class=\"aktualita-nadpis font-bold line-clamp-2\">Fyzik\u00e1lny n\u00e1boj 2025<\/h4>\n      <\/a>\n      <div class=\"aktualita-excerpt mt-4 text-xs mb-5 line-clamp-5\">\n        \n        Medzin\u00e1rodn\u00e1 s\u00fa\u0165a\u017e Fyzik\u00e1lny n\u00e1boj sa znova konala aj v&nbsp;priestoroch na\u0161ej fakulty. V&nbsp;piatok 7. 11. 2025, 12 juniorsk\u00fdch a&nbsp;17 seniorsk\u00fdch 5 \u010dlenn\u00fdch t\u00edmov, rie\u0161ilo po\u010das 2 hod\u00edn 40 zauj\u00edmav\u00fdch fyzik\u00e1lnych \u00faloh. V&nbsp;r\u00e1mci Slovenska sa do s\u00fa\u0165a\u017ee zapojilo 51 juniorsk\u00fdch a&nbsp;61 seniorsk\u00fdch t\u00edmov. V&nbsp;medzin\u00e1rodnom kole s\u00fa\u0165a\u017eilo 204 juniorsk\u00fdch a&nbsp;286 seniorsk\u00fdch t\u00edmov z&nbsp;\u010ceska, \u0160panielska, Ma\u010farska, Po\u013eska, Portugalska a&nbsp;Slovenska. &hellip; <a href=\"https:\/\/www.upjs.sk\/prirodovedecka-fakulta\/actuality\/fyzikalny-naboj-2025\/\">\u010c\u00edta\u0165 \u010falej<\/a>\n      <\/div>\n      <div class=\"inline-date absolute bottom-0 left-0  mb-4 flex justify-between items-center w-full\">\n        <div class=\"inline-block pb-1 pl-4 mt-4 text-upjs-blue underline underline-offset-1 text-xs \">\n          <a href=\"https:\/\/www.upjs.sk\/prirodovedecka-fakulta\/actuality\/fyzikalny-naboj-2025\/\">Zobrazi\u0165 viac<span aria-hidden=\"true\">&rarr;<\/span><\/a> \n       <\/div>\n\n       <div class=\"inline-block text-xs pb-1 pr-4 mt-4\">\n         16. novembra 2025\n       <\/div>\n      <\/div>\n  <\/div>\n<\/article>                     <article class=\"w-full article relative\">\n  <div data-aos=\"fade-up\" class=\"lg:w-full mx-auto\">\n      <div class=\"article-img rounded-t-lg overflow-hidden transition duration-500 ease-in-out transform-gpu hover:scale-105 hover:shadow-2xl\">\n          <a href=\"https:\/\/www.upjs.sk\/prirodovedecka-fakulta\/actuality\/fyzikalny-naboj-2024\/\">\n            <img loading=\"lazy\" decoding=\"async\" width=\"600\" height=\"420\" src=\"https:\/\/www.upjs.sk\/app\/uploads\/sites\/10\/2024\/11\/ilob-aktual-NABOJ-2024.png\" class=\"attachment-post-thumbnail size-post-thumbnail wp-post-image\" alt=\"\" srcset=\"https:\/\/www.upjs.sk\/app\/uploads\/sites\/10\/2024\/11\/ilob-aktual-NABOJ-2024.png 600w, https:\/\/www.upjs.sk\/app\/uploads\/sites\/10\/2024\/11\/ilob-aktual-NABOJ-2024-300x210.png 300w\" sizes=\"auto, (max-width: 600px) 100vw, 600px\" \/>\n          <\/a>\n      <\/div>\n  <\/div>\n  <div class=\"artilce-content border-x border-b upjs-grey p-4 rounded-b-lg\">\n      <a href=\"https:\/\/www.upjs.sk\/prirodovedecka-fakulta\/actuality\/fyzikalny-naboj-2024\/\" class=\"aktualita-nadpis\">\n          <h4 class=\"aktualita-nadpis font-bold line-clamp-2\">Fyzik\u00e1lny n\u00e1boj 2024<\/h4>\n      <\/a>\n      <div class=\"aktualita-excerpt mt-4 text-xs mb-5 line-clamp-5\">\n        \n        Medzin\u00e1rodn\u00e1 s\u00fa\u0165a\u017e Fyzik\u00e1lny n\u00e1boj sa znova konala aj v\u00a0priestoroch na\u0161ej fakulty. V\u00a0piatok 15. 11. 2024, 12 juniorsk\u00fdch a\u00a016 seniorsk\u00fdch 5 \u010dlenn\u00fdch t\u00edmov, rie\u0161ilo po\u010das 2 hod\u00edn 40 zauj\u00edmav\u00fdch fyzik\u00e1lnych \u00faloh.\n      <\/div>\n      <div class=\"inline-date absolute bottom-0 left-0  mb-4 flex justify-between items-center w-full\">\n        <div class=\"inline-block pb-1 pl-4 mt-4 text-upjs-blue underline underline-offset-1 text-xs \">\n          <a href=\"https:\/\/www.upjs.sk\/prirodovedecka-fakulta\/actuality\/fyzikalny-naboj-2024\/\">Zobrazi\u0165 viac<span aria-hidden=\"true\">&rarr;<\/span><\/a> \n       <\/div>\n\n       <div class=\"inline-block text-xs pb-1 pr-4 mt-4\">\n         22. novembra 2024\n       <\/div>\n      <\/div>\n  <\/div>\n<\/article>                     <article class=\"w-full article relative\">\n  <div data-aos=\"fade-up\" class=\"lg:w-full mx-auto\">\n      <div class=\"article-img rounded-t-lg overflow-hidden transition duration-500 ease-in-out transform-gpu hover:scale-105 hover:shadow-2xl\">\n          <a href=\"https:\/\/www.upjs.sk\/prirodovedecka-fakulta\/upjs-life\/fyzikalny-naboj-2023\/\">\n            <img loading=\"lazy\" decoding=\"async\" width=\"600\" height=\"420\" src=\"https:\/\/www.upjs.sk\/app\/uploads\/sites\/10\/2023\/11\/ilob-Fyzikalny-naboj.png\" class=\"attachment-post-thumbnail size-post-thumbnail wp-post-image\" alt=\"\" srcset=\"https:\/\/www.upjs.sk\/app\/uploads\/sites\/10\/2023\/11\/ilob-Fyzikalny-naboj.png 600w, https:\/\/www.upjs.sk\/app\/uploads\/sites\/10\/2023\/11\/ilob-Fyzikalny-naboj-300x210.png 300w\" sizes=\"auto, (max-width: 600px) 100vw, 600px\" \/>\n          <\/a>\n      <\/div>\n  <\/div>\n  <div class=\"artilce-content border-x border-b upjs-grey p-4 rounded-b-lg\">\n      <a href=\"https:\/\/www.upjs.sk\/prirodovedecka-fakulta\/upjs-life\/fyzikalny-naboj-2023\/\" class=\"aktualita-nadpis\">\n          <h4 class=\"aktualita-nadpis font-bold line-clamp-2\">Fyzik\u00e1lny n\u00e1boj 2023<\/h4>\n      <\/a>\n      <div class=\"aktualita-excerpt mt-4 text-xs mb-5 line-clamp-5\">\n        \n        Medzin\u00e1rodn\u00e1 s\u00fa\u0165a\u017e Fyzik\u00e1lny n\u00e1boj sa znova konala prezen\u010dne a to aj v priestoroch na\u0161ej fakulty.\n      <\/div>\n      <div class=\"inline-date absolute bottom-0 left-0  mb-4 flex justify-between items-center w-full\">\n        <div class=\"inline-block pb-1 pl-4 mt-4 text-upjs-blue underline underline-offset-1 text-xs \">\n          <a href=\"https:\/\/www.upjs.sk\/prirodovedecka-fakulta\/upjs-life\/fyzikalny-naboj-2023\/\">Zobrazi\u0165 viac<span aria-hidden=\"true\">&rarr;<\/span><\/a> \n       <\/div>\n\n       <div class=\"inline-block text-xs pb-1 pr-4 mt-4\">\n         7. novembra 2023\n       <\/div>\n      <\/div>\n  <\/div>\n<\/article>                     <article class=\"w-full article relative\">\n  <div data-aos=\"fade-up\" class=\"lg:w-full mx-auto\">\n      <div class=\"article-img rounded-t-lg overflow-hidden transition duration-500 ease-in-out transform-gpu hover:scale-105 hover:shadow-2xl\">\n          <a href=\"https:\/\/www.upjs.sk\/prirodovedecka-fakulta\/actuality\/fyzikalny-naboj\/\">\n            <img loading=\"lazy\" decoding=\"async\" width=\"451\" height=\"251\" src=\"https:\/\/www.upjs.sk\/app\/uploads\/sites\/10\/2022\/11\/logo_naboj.jpg\" class=\"attachment-post-thumbnail size-post-thumbnail wp-post-image\" alt=\"\" srcset=\"https:\/\/www.upjs.sk\/app\/uploads\/sites\/10\/2022\/11\/logo_naboj.jpg 451w, https:\/\/www.upjs.sk\/app\/uploads\/sites\/10\/2022\/11\/logo_naboj-300x167.jpg 300w\" sizes=\"auto, (max-width: 451px) 100vw, 451px\" \/>\n          <\/a>\n      <\/div>\n  <\/div>\n  <div class=\"artilce-content border-x border-b upjs-grey p-4 rounded-b-lg\">\n      <a href=\"https:\/\/www.upjs.sk\/prirodovedecka-fakulta\/actuality\/fyzikalny-naboj\/\" class=\"aktualita-nadpis\">\n          <h4 class=\"aktualita-nadpis font-bold line-clamp-2\">Fyzik\u00e1lny n\u00e1boj<\/h4>\n      <\/a>\n      <div class=\"aktualita-excerpt mt-4 text-xs mb-5 line-clamp-5\">\n        \n        Medzin\u00e1rodn\u00e1 s\u00fa\u0165a\u017e Fyzik\u00e1lny n\u00e1boj sa po dvoch rokoch online s\u00fa\u0165a\u017eenia, znova konala prezen\u010dne a to aj v priestoroch na\u0161ej fakulty. V piatok 04.11. 2022, 13 juniorsk\u00fdch a&nbsp;13 seniorsk\u00fdch 5 \u010dlenn\u00fdch t\u00edmov, rie\u0161ilo po\u010das 2 hod\u00edn 40 zauj\u00edmav\u00fdch fyzik\u00e1lnych \u00faloh. https:\/\/physics.naboj.org V&nbsp;r\u00e1mci Slovenska sa do s\u00fa\u0165a\u017ee zapojilo 50 juniorsk\u00fdch a&nbsp;54 seniorsk\u00fdch t\u00edmov. V&nbsp;medzin\u00e1rodnom kole s\u00fa\u0165a\u017eilo 114 &hellip; <a href=\"https:\/\/www.upjs.sk\/prirodovedecka-fakulta\/actuality\/fyzikalny-naboj\/\">\u010c\u00edta\u0165 \u010falej<\/a>\n      <\/div>\n      <div class=\"inline-date absolute bottom-0 left-0  mb-4 flex justify-between items-center w-full\">\n        <div class=\"inline-block pb-1 pl-4 mt-4 text-upjs-blue underline underline-offset-1 text-xs \">\n          <a href=\"https:\/\/www.upjs.sk\/prirodovedecka-fakulta\/actuality\/fyzikalny-naboj\/\">Zobrazi\u0165 viac<span aria-hidden=\"true\">&rarr;<\/span><\/a> \n       <\/div>\n\n       <div class=\"inline-block text-xs pb-1 pr-4 mt-4\">\n         7. novembra 2022\n       <\/div>\n      <\/div>\n  <\/div>\n<\/article>                     <article class=\"w-full article relative\">\n  <div data-aos=\"fade-up\" class=\"lg:w-full mx-auto\">\n      <div class=\"article-img rounded-t-lg overflow-hidden transition duration-500 ease-in-out transform-gpu hover:scale-105 hover:shadow-2xl\">\n          <a href=\"https:\/\/www.upjs.sk\/prirodovedecka-fakulta\/actuality\/22053-2\/\">\n            <img loading=\"lazy\" decoding=\"async\" width=\"1000\" height=\"750\" src=\"https:\/\/www.upjs.sk\/app\/uploads\/sites\/10\/2022\/09\/PB081689zmensena.jpg\" class=\"attachment-post-thumbnail size-post-thumbnail wp-post-image\" alt=\"22053\" srcset=\"https:\/\/www.upjs.sk\/app\/uploads\/sites\/10\/2022\/09\/PB081689zmensena.jpg 1000w, https:\/\/www.upjs.sk\/app\/uploads\/sites\/10\/2022\/09\/PB081689zmensena-300x225.jpg 300w, https:\/\/www.upjs.sk\/app\/uploads\/sites\/10\/2022\/09\/PB081689zmensena-768x576.jpg 768w\" sizes=\"auto, (max-width: 1000px) 100vw, 1000px\" \/>\n          <\/a>\n      <\/div>\n  <\/div>\n  <div class=\"artilce-content border-x border-b upjs-grey p-4 rounded-b-lg\">\n      <a href=\"https:\/\/www.upjs.sk\/prirodovedecka-fakulta\/actuality\/22053-2\/\" class=\"aktualita-nadpis\">\n          <h4 class=\"aktualita-nadpis font-bold line-clamp-2\">N\u00e1boj Physics &#8211; aj ko\u0161ick\u00ed stredo\u0161kol\u00e1ci sa \u201enab\u00edjaj\u00fa\u201c fyzikou<\/h4>\n      <\/a>\n      <div class=\"aktualita-excerpt mt-4 text-xs mb-5 line-clamp-5\">\n        \n        <p style=\"text-align: justify;\">U\u017e po tret\u00edkr\u00e1t zorganizovali \u0161tudenti\u00a0<em>fyziky PF UPJ\u0160<\/em>, za v\u00fdraznej podpory <em>RNDr. R\u00f3berta Hajduka, PhD. z\u00a0CCVaPP UPJ\u0160 a Mgr. Zuzany Ontkovi\u010dovej z \u00dastavu matematick\u00fdch vied PF UPJ\u0160<\/em>, na p\u00f4de na\u0161ej univerzity ko\u0161ick\u00fa \u010das\u0165 medzin\u00e1rodnej fyzik\u00e1lnej s\u00fa\u0165a\u017ee <span style=\"color:#A52A2A\"><strong>N\u00e1boj Physics<\/strong><\/span>.<\/p>\n      <\/div>\n      <div class=\"inline-date absolute bottom-0 left-0  mb-4 flex justify-between items-center w-full\">\n        <div class=\"inline-block pb-1 pl-4 mt-4 text-upjs-blue underline underline-offset-1 text-xs \">\n          <a href=\"https:\/\/www.upjs.sk\/prirodovedecka-fakulta\/actuality\/22053-2\/\">Zobrazi\u0165 viac<span aria-hidden=\"true\">&rarr;<\/span><\/a> \n       <\/div>\n\n       <div class=\"inline-block text-xs pb-1 pr-4 mt-4\">\n         20. novembra 2019\n       <\/div>\n      <\/div>\n  <\/div>\n<\/article>            <\/div>\r\n    <\/section>\r\n\r\n\r\n<style type=\"text\/css\">\r\n  [data- block_fcf9a5f537683eb3038c44755d71645f] {\r\n    background:  ;\r\n    color: ;\r\n  }\r\n<\/style>\r\n","protected":false},"excerpt":{"rendered":"","protected":false},"author":1,"featured_media":77045,"parent":66712,"menu_order":11,"comment_status":"closed","ping_status":"closed","template":"","meta":{"_acf_changed":false,"_editorskit_title_hidden":false,"_editorskit_reading_time":0,"_editorskit_is_block_options_detached":false,"_editorskit_block_options_position":"{}","footnotes":""},"categories":[],"tags":[],"class_list":["post-77185","page","type-page","status-publish","has-post-thumbnail","hentry"],"acf":{"acf_link_na_externy_obsah":""},"yoast_head":"<!-- This site is optimized with the Yoast SEO plugin v27.2 - https:\/\/yoast.com\/product\/yoast-seo-wordpress\/ -->\n<title>Fyzik\u00e1ly n\u00e1boj - Pr\u00edrodovedeck\u00e1 fakulta | UPJ\u0160<\/title>\n<meta name=\"robots\" content=\"index, follow, max-snippet:-1, max-image-preview:large, max-video-preview:-1\" \/>\n<link rel=\"canonical\" href=\"https:\/\/www.upjs.sk\/prirodovedecka-fakulta\/rozvoj\/podpora-talentov-zs-ss\/fyz-naboj\/\" \/>\n<meta property=\"og:locale\" content=\"sk_SK\" \/>\n<meta property=\"og:type\" content=\"article\" \/>\n<meta property=\"og:title\" content=\"Fyzik\u00e1ly n\u00e1boj - Pr\u00edrodovedeck\u00e1 fakulta | UPJ\u0160\" \/>\n<meta property=\"og:url\" content=\"https:\/\/www.upjs.sk\/prirodovedecka-fakulta\/rozvoj\/podpora-talentov-zs-ss\/fyz-naboj\/\" \/>\n<meta property=\"og:site_name\" content=\"Pr\u00edrodovedeck\u00e1 fakulta | UPJ\u0160\" \/>\n<meta property=\"article:modified_time\" content=\"2025-03-24T13:25:25+00:00\" \/>\n<meta property=\"og:image\" content=\"https:\/\/www.upjs.sk\/app\/uploads\/sites\/10\/2025\/03\/ilob-talenty-DO.png\" \/>\n\t<meta property=\"og:image:width\" content=\"600\" \/>\n\t<meta property=\"og:image:height\" content=\"420\" \/>\n\t<meta property=\"og:image:type\" content=\"image\/png\" \/>\n<meta name=\"twitter:card\" content=\"summary_large_image\" \/>\n<meta name=\"twitter:label1\" content=\"Predpokladan\u00fd \u010das \u010d\u00edtania\" \/>\n\t<meta name=\"twitter:data1\" content=\"1 min\u00fata\" \/>\n<script type=\"application\/ld+json\" class=\"yoast-schema-graph\">{\"@context\":\"https:\/\/schema.org\",\"@graph\":[{\"@type\":\"WebPage\",\"@id\":\"https:\/\/www.upjs.sk\/prirodovedecka-fakulta\/rozvoj\/podpora-talentov-zs-ss\/fyz-naboj\/\",\"url\":\"https:\/\/www.upjs.sk\/prirodovedecka-fakulta\/rozvoj\/podpora-talentov-zs-ss\/fyz-naboj\/\",\"name\":\"Fyzik\u00e1ly n\u00e1boj - Pr\u00edrodovedeck\u00e1 fakulta | UPJ\u0160\",\"isPartOf\":{\"@id\":\"https:\/\/www.upjs.sk\/prirodovedecka-fakulta\/#website\"},\"primaryImageOfPage\":{\"@id\":\"https:\/\/www.upjs.sk\/prirodovedecka-fakulta\/rozvoj\/podpora-talentov-zs-ss\/fyz-naboj\/#primaryimage\"},\"image\":{\"@id\":\"https:\/\/www.upjs.sk\/prirodovedecka-fakulta\/rozvoj\/podpora-talentov-zs-ss\/fyz-naboj\/#primaryimage\"},\"thumbnailUrl\":\"https:\/\/www.upjs.sk\/app\/uploads\/sites\/10\/2025\/03\/ilob-talenty-DO.png\",\"datePublished\":\"2025-03-24T13:23:59+00:00\",\"dateModified\":\"2025-03-24T13:25:25+00:00\",\"breadcrumb\":{\"@id\":\"https:\/\/www.upjs.sk\/prirodovedecka-fakulta\/rozvoj\/podpora-talentov-zs-ss\/fyz-naboj\/#breadcrumb\"},\"inLanguage\":\"sk-SK\",\"potentialAction\":[{\"@type\":\"ReadAction\",\"target\":[\"https:\/\/www.upjs.sk\/prirodovedecka-fakulta\/rozvoj\/podpora-talentov-zs-ss\/fyz-naboj\/\"]}]},{\"@type\":\"ImageObject\",\"inLanguage\":\"sk-SK\",\"@id\":\"https:\/\/www.upjs.sk\/prirodovedecka-fakulta\/rozvoj\/podpora-talentov-zs-ss\/fyz-naboj\/#primaryimage\",\"url\":\"https:\/\/www.upjs.sk\/app\/uploads\/sites\/10\/2025\/03\/ilob-talenty-DO.png\",\"contentUrl\":\"https:\/\/www.upjs.sk\/app\/uploads\/sites\/10\/2025\/03\/ilob-talenty-DO.png\",\"width\":600,\"height\":420},{\"@type\":\"BreadcrumbList\",\"@id\":\"https:\/\/www.upjs.sk\/prirodovedecka-fakulta\/rozvoj\/podpora-talentov-zs-ss\/fyz-naboj\/#breadcrumb\",\"itemListElement\":[{\"@type\":\"ListItem\",\"position\":1,\"name\":\"Home\",\"item\":\"https:\/\/www.upjs.sk\/prirodovedecka-fakulta\/\"},{\"@type\":\"ListItem\",\"position\":2,\"name\":\"Rozvoj\",\"item\":\"https:\/\/www.upjs.sk\/prirodovedecka-fakulta\/rozvoj\/\"},{\"@type\":\"ListItem\",\"position\":3,\"name\":\"Podpora talentov na Z\u0160 a S\u0160\",\"item\":\"https:\/\/www.upjs.sk\/prirodovedecka-fakulta\/rozvoj\/podpora-talentov-zs-ss\/\"},{\"@type\":\"ListItem\",\"position\":4,\"name\":\"Fyzik\u00e1ly n\u00e1boj\"}]},{\"@type\":\"WebSite\",\"@id\":\"https:\/\/www.upjs.sk\/prirodovedecka-fakulta\/#website\",\"url\":\"https:\/\/www.upjs.sk\/prirodovedecka-fakulta\/\",\"name\":\"Pr\u00edrodovedeck\u00e1 fakulta | UPJ\u0160\",\"description\":\"\",\"publisher\":{\"@id\":\"https:\/\/www.upjs.sk\/prirodovedecka-fakulta\/#organization\"},\"potentialAction\":[{\"@type\":\"SearchAction\",\"target\":{\"@type\":\"EntryPoint\",\"urlTemplate\":\"https:\/\/www.upjs.sk\/prirodovedecka-fakulta\/?s={search_term_string}\"},\"query-input\":{\"@type\":\"PropertyValueSpecification\",\"valueRequired\":true,\"valueName\":\"search_term_string\"}}],\"inLanguage\":\"sk-SK\"},{\"@type\":\"Organization\",\"@id\":\"https:\/\/www.upjs.sk\/prirodovedecka-fakulta\/#organization\",\"name\":\"Pr\u00edrodovedeck\u00e1 fakulta | UPJ\u0160\",\"url\":\"https:\/\/www.upjs.sk\/prirodovedecka-fakulta\/\",\"logo\":{\"@type\":\"ImageObject\",\"inLanguage\":\"sk-SK\",\"@id\":\"https:\/\/www.upjs.sk\/prirodovedecka-fakulta\/#\/schema\/logo\/image\/\",\"url\":\"https:\/\/www.upjs.sk\/app\/uploads\/sites\/10\/2022\/09\/logo-prirodovedecka-fakulta.png\",\"contentUrl\":\"https:\/\/www.upjs.sk\/app\/uploads\/sites\/10\/2022\/09\/logo-prirodovedecka-fakulta.png\",\"width\":415,\"height\":87,\"caption\":\"Pr\u00edrodovedeck\u00e1 fakulta | UPJ\u0160\"},\"image\":{\"@id\":\"https:\/\/www.upjs.sk\/prirodovedecka-fakulta\/#\/schema\/logo\/image\/\"}}]}<\/script>\n<!-- \/ Yoast SEO plugin. -->","yoast_head_json":{"title":"Fyzik\u00e1ly n\u00e1boj - Pr\u00edrodovedeck\u00e1 fakulta | UPJ\u0160","robots":{"index":"index","follow":"follow","max-snippet":"max-snippet:-1","max-image-preview":"max-image-preview:large","max-video-preview":"max-video-preview:-1"},"canonical":"https:\/\/www.upjs.sk\/prirodovedecka-fakulta\/rozvoj\/podpora-talentov-zs-ss\/fyz-naboj\/","og_locale":"sk_SK","og_type":"article","og_title":"Fyzik\u00e1ly n\u00e1boj - Pr\u00edrodovedeck\u00e1 fakulta | UPJ\u0160","og_url":"https:\/\/www.upjs.sk\/prirodovedecka-fakulta\/rozvoj\/podpora-talentov-zs-ss\/fyz-naboj\/","og_site_name":"Pr\u00edrodovedeck\u00e1 fakulta | UPJ\u0160","article_modified_time":"2025-03-24T13:25:25+00:00","og_image":[{"width":600,"height":420,"url":"https:\/\/www.upjs.sk\/app\/uploads\/sites\/10\/2025\/03\/ilob-talenty-DO.png","type":"image\/png"}],"twitter_card":"summary_large_image","twitter_misc":{"Predpokladan\u00fd \u010das \u010d\u00edtania":"1 min\u00fata"},"schema":{"@context":"https:\/\/schema.org","@graph":[{"@type":"WebPage","@id":"https:\/\/www.upjs.sk\/prirodovedecka-fakulta\/rozvoj\/podpora-talentov-zs-ss\/fyz-naboj\/","url":"https:\/\/www.upjs.sk\/prirodovedecka-fakulta\/rozvoj\/podpora-talentov-zs-ss\/fyz-naboj\/","name":"Fyzik\u00e1ly n\u00e1boj - Pr\u00edrodovedeck\u00e1 fakulta | UPJ\u0160","isPartOf":{"@id":"https:\/\/www.upjs.sk\/prirodovedecka-fakulta\/#website"},"primaryImageOfPage":{"@id":"https:\/\/www.upjs.sk\/prirodovedecka-fakulta\/rozvoj\/podpora-talentov-zs-ss\/fyz-naboj\/#primaryimage"},"image":{"@id":"https:\/\/www.upjs.sk\/prirodovedecka-fakulta\/rozvoj\/podpora-talentov-zs-ss\/fyz-naboj\/#primaryimage"},"thumbnailUrl":"https:\/\/www.upjs.sk\/app\/uploads\/sites\/10\/2025\/03\/ilob-talenty-DO.png","datePublished":"2025-03-24T13:23:59+00:00","dateModified":"2025-03-24T13:25:25+00:00","breadcrumb":{"@id":"https:\/\/www.upjs.sk\/prirodovedecka-fakulta\/rozvoj\/podpora-talentov-zs-ss\/fyz-naboj\/#breadcrumb"},"inLanguage":"sk-SK","potentialAction":[{"@type":"ReadAction","target":["https:\/\/www.upjs.sk\/prirodovedecka-fakulta\/rozvoj\/podpora-talentov-zs-ss\/fyz-naboj\/"]}]},{"@type":"ImageObject","inLanguage":"sk-SK","@id":"https:\/\/www.upjs.sk\/prirodovedecka-fakulta\/rozvoj\/podpora-talentov-zs-ss\/fyz-naboj\/#primaryimage","url":"https:\/\/www.upjs.sk\/app\/uploads\/sites\/10\/2025\/03\/ilob-talenty-DO.png","contentUrl":"https:\/\/www.upjs.sk\/app\/uploads\/sites\/10\/2025\/03\/ilob-talenty-DO.png","width":600,"height":420},{"@type":"BreadcrumbList","@id":"https:\/\/www.upjs.sk\/prirodovedecka-fakulta\/rozvoj\/podpora-talentov-zs-ss\/fyz-naboj\/#breadcrumb","itemListElement":[{"@type":"ListItem","position":1,"name":"Home","item":"https:\/\/www.upjs.sk\/prirodovedecka-fakulta\/"},{"@type":"ListItem","position":2,"name":"Rozvoj","item":"https:\/\/www.upjs.sk\/prirodovedecka-fakulta\/rozvoj\/"},{"@type":"ListItem","position":3,"name":"Podpora talentov na Z\u0160 a S\u0160","item":"https:\/\/www.upjs.sk\/prirodovedecka-fakulta\/rozvoj\/podpora-talentov-zs-ss\/"},{"@type":"ListItem","position":4,"name":"Fyzik\u00e1ly n\u00e1boj"}]},{"@type":"WebSite","@id":"https:\/\/www.upjs.sk\/prirodovedecka-fakulta\/#website","url":"https:\/\/www.upjs.sk\/prirodovedecka-fakulta\/","name":"Pr\u00edrodovedeck\u00e1 fakulta | UPJ\u0160","description":"","publisher":{"@id":"https:\/\/www.upjs.sk\/prirodovedecka-fakulta\/#organization"},"potentialAction":[{"@type":"SearchAction","target":{"@type":"EntryPoint","urlTemplate":"https:\/\/www.upjs.sk\/prirodovedecka-fakulta\/?s={search_term_string}"},"query-input":{"@type":"PropertyValueSpecification","valueRequired":true,"valueName":"search_term_string"}}],"inLanguage":"sk-SK"},{"@type":"Organization","@id":"https:\/\/www.upjs.sk\/prirodovedecka-fakulta\/#organization","name":"Pr\u00edrodovedeck\u00e1 fakulta | UPJ\u0160","url":"https:\/\/www.upjs.sk\/prirodovedecka-fakulta\/","logo":{"@type":"ImageObject","inLanguage":"sk-SK","@id":"https:\/\/www.upjs.sk\/prirodovedecka-fakulta\/#\/schema\/logo\/image\/","url":"https:\/\/www.upjs.sk\/app\/uploads\/sites\/10\/2022\/09\/logo-prirodovedecka-fakulta.png","contentUrl":"https:\/\/www.upjs.sk\/app\/uploads\/sites\/10\/2022\/09\/logo-prirodovedecka-fakulta.png","width":415,"height":87,"caption":"Pr\u00edrodovedeck\u00e1 fakulta | UPJ\u0160"},"image":{"@id":"https:\/\/www.upjs.sk\/prirodovedecka-fakulta\/#\/schema\/logo\/image\/"}}]}},"_links":{"self":[{"href":"https:\/\/www.upjs.sk\/prirodovedecka-fakulta\/wp-json\/wp\/v2\/pages\/77185","targetHints":{"allow":["GET"]}}],"collection":[{"href":"https:\/\/www.upjs.sk\/prirodovedecka-fakulta\/wp-json\/wp\/v2\/pages"}],"about":[{"href":"https:\/\/www.upjs.sk\/prirodovedecka-fakulta\/wp-json\/wp\/v2\/types\/page"}],"author":[{"embeddable":true,"href":"https:\/\/www.upjs.sk\/prirodovedecka-fakulta\/wp-json\/wp\/v2\/users\/1"}],"replies":[{"embeddable":true,"href":"https:\/\/www.upjs.sk\/prirodovedecka-fakulta\/wp-json\/wp\/v2\/comments?post=77185"}],"version-history":[{"count":2,"href":"https:\/\/www.upjs.sk\/prirodovedecka-fakulta\/wp-json\/wp\/v2\/pages\/77185\/revisions"}],"predecessor-version":[{"id":77190,"href":"https:\/\/www.upjs.sk\/prirodovedecka-fakulta\/wp-json\/wp\/v2\/pages\/77185\/revisions\/77190"}],"up":[{"embeddable":true,"href":"https:\/\/www.upjs.sk\/prirodovedecka-fakulta\/wp-json\/wp\/v2\/pages\/66712"}],"wp:featuredmedia":[{"embeddable":true,"href":"https:\/\/www.upjs.sk\/prirodovedecka-fakulta\/wp-json\/wp\/v2\/media\/77045"}],"wp:attachment":[{"href":"https:\/\/www.upjs.sk\/prirodovedecka-fakulta\/wp-json\/wp\/v2\/media?parent=77185"}],"wp:term":[{"taxonomy":"category","embeddable":true,"href":"https:\/\/www.upjs.sk\/prirodovedecka-fakulta\/wp-json\/wp\/v2\/categories?post=77185"},{"taxonomy":"post_tag","embeddable":true,"href":"https:\/\/www.upjs.sk\/prirodovedecka-fakulta\/wp-json\/wp\/v2\/tags?post=77185"}],"curies":[{"name":"wp","href":"https:\/\/api.w.org\/{rel}","templated":true}]}}