{"id":77543,"date":"2025-04-02T11:44:25","date_gmt":"2025-04-02T10:44:25","guid":{"rendered":"https:\/\/www.upjs.sk\/prirodovedecka-fakulta\/studium\/medzinarodne-dvojite-diplomy\/"},"modified":"2025-04-03T08:29:37","modified_gmt":"2025-04-03T07:29:37","slug":"medzinarodne-dvojite-diplomy","status":"publish","type":"page","link":"https:\/\/www.upjs.sk\/prirodovedecka-fakulta\/studium\/medzinarodne-dvojite-diplomy\/","title":{"rendered":"Medzin\u00e1rodn\u00e9 dvojit\u00e9 diplomy"},"content":{"rendered":"<style>.kb-image77543_dd96a8-9f .kb-image-has-overlay:after{opacity:0.3;border-top-left-radius:5px;border-top-right-radius:5px;border-bottom-right-radius:5px;border-bottom-left-radius:5px;}.kb-image77543_dd96a8-9f img.kb-img, .kb-image77543_dd96a8-9f .kb-img img{border-top-left-radius:5px;border-top-right-radius:5px;border-bottom-right-radius:5px;border-bottom-left-radius:5px;}<\/style>\n<figure class=\"wp-block-kadence-image kb-image77543_dd96a8-9f size-full\"><img loading=\"lazy\" decoding=\"async\" width=\"1170\" height=\"200\" src=\"https:\/\/www.upjs.sk\/app\/uploads\/sites\/10\/2025\/04\/banner-il-medzinarod-dvojit-diplomy.png\" alt=\"\" class=\"kb-img wp-image-77573\" srcset=\"https:\/\/www.upjs.sk\/app\/uploads\/sites\/10\/2025\/04\/banner-il-medzinarod-dvojit-diplomy.png 1170w, https:\/\/www.upjs.sk\/app\/uploads\/sites\/10\/2025\/04\/banner-il-medzinarod-dvojit-diplomy-300x51.png 300w, https:\/\/www.upjs.sk\/app\/uploads\/sites\/10\/2025\/04\/banner-il-medzinarod-dvojit-diplomy-1024x175.png 1024w, https:\/\/www.upjs.sk\/app\/uploads\/sites\/10\/2025\/04\/banner-il-medzinarod-dvojit-diplomy-768x131.png 768w\" sizes=\"auto, (max-width: 1170px) 100vw, 1170px\" \/><\/figure>\n\n\n\n<div style=\"height:10px\" aria-hidden=\"true\" class=\"wp-block-spacer\"><\/div>\n\n\n<style>.kadence-column77543_e32364-d7 > .kt-inside-inner-col{padding-top:var(--global-kb-spacing-xs, 1rem);padding-right:var(--global-kb-spacing-xs, 1rem);padding-bottom:var(--global-kb-spacing-xs, 1rem);padding-left:var(--global-kb-spacing-xs, 1rem);}.kadence-column77543_e32364-d7 > .kt-inside-inner-col,.kadence-column77543_e32364-d7 > .kt-inside-inner-col:before{border-top-left-radius:5px;border-top-right-radius:5px;border-bottom-right-radius:5px;border-bottom-left-radius:5px;}.kadence-column77543_e32364-d7 > .kt-inside-inner-col{column-gap:var(--global-kb-gap-sm, 1rem);}.kadence-column77543_e32364-d7 > .kt-inside-inner-col{flex-direction:column;}.kadence-column77543_e32364-d7 > .kt-inside-inner-col > .aligncenter{width:100%;}.kadence-column77543_e32364-d7 > .kt-inside-inner-col{background-color:#F4F4F4;}.kadence-column77543_e32364-d7 > .kt-inside-inner-col:before{opacity:0.3;}.kadence-column77543_e32364-d7{position:relative;}@media all and (max-width: 1024px){.kadence-column77543_e32364-d7 > .kt-inside-inner-col{flex-direction:column;justify-content:center;}}@media all and (max-width: 767px){.kadence-column77543_e32364-d7 > .kt-inside-inner-col{flex-direction:column;justify-content:center;}}<\/style>\n<div class=\"wp-block-kadence-column kadence-column77543_e32364-d7\"><div class=\"kt-inside-inner-col\">\n<p class=\"has-text-align-justify\"><strong>Dvojit\u00fd diplom (double degree)<\/strong> je vynikaj\u00facou pr\u00edle\u017eitos\u0165ou pre \u0161tudentov, ktor\u00ed chc\u00fa z\u00edska\u0165 diplomy z dvoch prest\u00ed\u017enych univerz\u00edt. Tento program prin\u00e1\u0161a nieko\u013eko v\u00fdhod:<\/p>\n\n\n\n<ul class=\"wp-block-list\">\n<li>Medzin\u00e1rodn\u00e1 sk\u00fasenos\u0165, ktor\u00e1 v\u00fdrazne zvy\u0161uje va\u0161e profesijn\u00e9 a kari\u00e9rne mo\u017enosti.<\/li>\n\n\n\n<li>Mo\u017enos\u0165 z\u00edska\u0165 diplomy, ktor\u00e9 s\u00fa uzn\u00e1van\u00e9 nielen v domovskej krajine, ale aj v zahrani\u010d\u00ed.<\/li>\n\n\n\n<li>Zlep\u0161enie jazykov\u00fdch a interkult\u00farnych zru\u010dnost\u00ed, ktor\u00e9 s\u00fa v s\u00fa\u010dasnosti k\u013e\u00fa\u010dov\u00e9 pre \u00faspech v glob\u00e1lnom pracovnom prostred\u00ed.<\/li>\n<\/ul>\n<\/div><\/div>\n\n\n\n<div style=\"height:20px\" aria-hidden=\"true\" class=\"wp-block-spacer\"><\/div>\n\n\n<style>.kadence-column77543_eb861e-89 > .kt-inside-inner-col{padding-top:var(--global-kb-spacing-xs, 1rem);padding-right:var(--global-kb-spacing-xs, 1rem);padding-bottom:0px;padding-left:var(--global-kb-spacing-xs, 1rem);}.kadence-column77543_eb861e-89 > .kt-inside-inner-col,.kadence-column77543_eb861e-89 > .kt-inside-inner-col:before{border-top-left-radius:5px;border-top-right-radius:5px;border-bottom-right-radius:5px;border-bottom-left-radius:5px;}.kadence-column77543_eb861e-89 > .kt-inside-inner-col{column-gap:var(--global-kb-gap-sm, 1rem);}.kadence-column77543_eb861e-89 > .kt-inside-inner-col{flex-direction:column;}.kadence-column77543_eb861e-89 > .kt-inside-inner-col > .aligncenter{width:100%;}.kadence-column77543_eb861e-89 > .kt-inside-inner-col{background-color:#F4F4F4;}.kadence-column77543_eb861e-89 > .kt-inside-inner-col:before{opacity:0.3;}.kadence-column77543_eb861e-89{position:relative;}@media all and (max-width: 1024px){.kadence-column77543_eb861e-89 > .kt-inside-inner-col{flex-direction:column;justify-content:center;}}@media all and (max-width: 767px){.kadence-column77543_eb861e-89 > .kt-inside-inner-col{flex-direction:column;justify-content:center;}}<\/style>\n<div class=\"wp-block-kadence-column kadence-column77543_eb861e-89\"><div class=\"kt-inside-inner-col\">\n<p><strong>Bakal\u00e1rske \u0161t\u00fadium<\/strong><\/p>\n\n\n\n<p class=\"has-text-align-justify\">Medzin\u00e1rodn\u00fd diplom na bakal\u00e1rskom stupni mo\u017eno u&nbsp;n\u00e1s z\u00edska\u0165 v&nbsp;r\u00e1mci jednoodborov\u00e9ho \u0161t\u00fadia programu biol\u00f3gia v&nbsp;spolupr\u00e1ci s&nbsp;<strong><a href=\"https:\/\/www.uhk.cz\/cs\/prirodovedecka-fakulta\/prf\" target=\"_blank\" rel=\"noreferrer noopener\">P\u0159\u00edrodov\u011bdeckou fakultou Univerzity Hradec Kr\u00e1lov\u00e9<\/a><\/strong>. Tento program umo\u017e\u0148uje \u0161tudentom str\u00e1vi\u0165 2 semestre \u0161t\u00fadia v Hradci Kr\u00e1lov\u00e9 (od 2. ro\u010dn\u00edka), kde \u0161tuduj\u00fa v programe&nbsp;<strong>Biologie a&nbsp;ekologie<\/strong>&nbsp;plne kompatibilnom so \u0161tudijn\u00fdm programom&nbsp;<strong><a href=\"https:\/\/studijne-programy.upjs.sk\/program\/Bb\">Biol\u00f3gia<\/a><\/strong>&nbsp;na na\u0161ej fakulte. V\u010faka tomu \u0161tudenti nestratia \u017eiadne kredity a z\u00edskaj\u00fa diplomy oboch univerz\u00edt, \u010do v\u00fdrazne zlep\u0161uje poz\u00edciu na trhu pr\u00e1ce.<\/p>\n\n\n\n<p><a href=\"https:\/\/www.upjs.sk\/prirodovedecka-fakulta\/pracoviska\/ustavy-pf\/ubev\/aktuality-ubev\/medzinarodny-dvojity-diplom-biologia\/\">Viac inform\u00e1ci\u00ed<\/a><\/p>\n<\/div><\/div>\n\n\n\n<div style=\"height:20px\" aria-hidden=\"true\" class=\"wp-block-spacer\"><\/div>\n\n\n<style>.kadence-column77543_3e8ecc-fb > .kt-inside-inner-col{padding-top:var(--global-kb-spacing-xs, 1rem);padding-right:var(--global-kb-spacing-xs, 1rem);padding-bottom:0px;padding-left:var(--global-kb-spacing-xs, 1rem);}.kadence-column77543_3e8ecc-fb > .kt-inside-inner-col,.kadence-column77543_3e8ecc-fb > .kt-inside-inner-col:before{border-top-left-radius:5px;border-top-right-radius:5px;border-bottom-right-radius:5px;border-bottom-left-radius:5px;}.kadence-column77543_3e8ecc-fb > .kt-inside-inner-col{column-gap:var(--global-kb-gap-sm, 1rem);}.kadence-column77543_3e8ecc-fb > .kt-inside-inner-col{flex-direction:column;}.kadence-column77543_3e8ecc-fb > .kt-inside-inner-col > .aligncenter{width:100%;}.kadence-column77543_3e8ecc-fb > .kt-inside-inner-col{background-color:#F4F4F4;}.kadence-column77543_3e8ecc-fb > .kt-inside-inner-col:before{opacity:0.3;}.kadence-column77543_3e8ecc-fb{position:relative;}@media all and (max-width: 1024px){.kadence-column77543_3e8ecc-fb > .kt-inside-inner-col{flex-direction:column;justify-content:center;}}@media all and (max-width: 767px){.kadence-column77543_3e8ecc-fb > .kt-inside-inner-col{flex-direction:column;justify-content:center;}}<\/style>\n<div class=\"wp-block-kadence-column kadence-column77543_3e8ecc-fb\"><div class=\"kt-inside-inner-col\">\n<p><strong><strong>Doktorandsk\u00e9 \u0161t\u00fadium \u2013 Cotutelle<\/strong><\/strong><\/p>\n\n\n\n<p class=\"has-text-align-justify\">Na PhD. \u00farovni pon\u00fakame \u0161tudentom mo\u017enos\u0165 zapoji\u0165 sa do programu&nbsp;<strong>cotutelle<\/strong>. Tento program umo\u017e\u0148uje \u0161tudentom vykon\u00e1va\u0165 doktorandsk\u00fa pr\u00e1cu na dvoch univerzit\u00e1ch s\u00fa\u010dasne. Cotutelle \u0161t\u00fadium je uzatv\u00e1ran\u00e9 na z\u00e1klade individu\u00e1lnej dohody medzi \u0161kolite\u013emi a \u0161tudentom\/\u0161tudentkou, ktor\u00e1 je v\u017edy prisp\u00f4soben\u00e1 potreb\u00e1m a z\u00e1ujmom konkr\u00e9tneho v\u00fdskumu. Tento typ \u0161t\u00fadia poskytuje unik\u00e1tnu pr\u00edle\u017eitos\u0165 z\u00edska\u0165 doktor\u00e1t z dvoch univerz\u00edt, \u010d\u00edm sa zvy\u0161uje v\u00fdskumn\u00e1 kvalifik\u00e1cia a medzin\u00e1rodn\u00e1 konkurencieschopnos\u0165 absolventa.<\/p>\n<\/div><\/div>\n\n\n\n<div style=\"height:20px\" aria-hidden=\"true\" class=\"wp-block-spacer\"><\/div>\n\n\n<style>.kadence-column77543_e55265-6d > .kt-inside-inner-col{padding-top:var(--global-kb-spacing-xs, 1rem);padding-right:var(--global-kb-spacing-xs, 1rem);padding-bottom:var(--global-kb-spacing-xs, 1rem);padding-left:var(--global-kb-spacing-xs, 1rem);}.kadence-column77543_e55265-6d > .kt-inside-inner-col,.kadence-column77543_e55265-6d > .kt-inside-inner-col:before{border-top-left-radius:5px;border-top-right-radius:5px;border-bottom-right-radius:5px;border-bottom-left-radius:5px;}.kadence-column77543_e55265-6d > .kt-inside-inner-col{column-gap:var(--global-kb-gap-sm, 1rem);}.kadence-column77543_e55265-6d > .kt-inside-inner-col{flex-direction:column;}.kadence-column77543_e55265-6d > .kt-inside-inner-col > .aligncenter{width:100%;}.kadence-column77543_e55265-6d > .kt-inside-inner-col{background-color:#F4F4F4;}.kadence-column77543_e55265-6d > .kt-inside-inner-col:before{opacity:0.3;}.kadence-column77543_e55265-6d{position:relative;}@media all and (max-width: 1024px){.kadence-column77543_e55265-6d > .kt-inside-inner-col{flex-direction:column;justify-content:center;}}@media all and (max-width: 767px){.kadence-column77543_e55265-6d > .kt-inside-inner-col{flex-direction:column;justify-content:center;}}<\/style>\n<div class=\"wp-block-kadence-column kadence-column77543_e55265-6d\"><div class=\"kt-inside-inner-col\">\n<p><strong><strong>Na\u0161a fakulta m\u00e1 dlhodob\u00fa spolupr\u00e1cu v&nbsp;r\u00e1mci doktorandsk\u00e9ho \u0161t\u00fadia a dvojit\u00fdch diplomov s&nbsp;nasledovn\u00fdmi univerzitami:<\/strong><\/strong><\/p>\n\n\n\n<ul class=\"wp-block-list\">\n<li><a href=\"https:\/\/www.unizar.es\/\" target=\"_blank\" rel=\"noreferrer noopener\">Universidad de Zaragoza<\/a> (\u0160panielsko) \u2013 spolupr\u00e1ca s <a href=\"https:\/\/www.upjs.sk\/prirodovedecka-fakulta\/pracoviska\/ustavy-pf\/uchv\/\">\u00dastavom chemick\u00fdch vied<\/a> PF UPJ\u0160<\/li>\n\n\n\n<li><a href=\"https:\/\/www.uam.es\/uam\/inicio\" target=\"_blank\" rel=\"noreferrer noopener\">Universidad Aut\u00f3noma de Madrid<\/a> (\u0160panielsko) \u2013 spolupr\u00e1ca s <a href=\"https:\/\/www.upjs.sk\/prirodovedecka-fakulta\/pracoviska\/ustavy-pf\/ufv\/\">\u00dastavom fyzik\u00e1lnych vied<\/a> PF UPJ\u0160<\/li>\n\n\n\n<li><a href=\"https:\/\/cuni.cz\/UK-1.html\" target=\"_blank\" rel=\"noreferrer noopener\">Univerzita Karlova, Praha<\/a> (\u010cesk\u00e1 republika) \u2013 spolupr\u00e1ca s <a href=\"https:\/\/www.upjs.sk\/prirodovedecka-fakulta\/pracoviska\/ustavy-pf\/ufv\/\">\u00dastavom fyzik\u00e1lnych vied<\/a> PF UPJ\u0160<\/li>\n\n\n\n<li><a href=\"https:\/\/karazin.ua\/en\/\" target=\"_blank\" rel=\"noreferrer noopener\">V. N. Karazin Kharkiv National University<\/a> (Ukrajina) \u2013 spolupr\u00e1ca s <a href=\"https:\/\/www.upjs.sk\/prirodovedecka-fakulta\/pracoviska\/ustavy-pf\/ufv\/\">\u00dastavom fyzik\u00e1lnych vied<\/a> PF UPJ\u0160<\/li>\n\n\n\n<li><a href=\"https:\/\/www.uzhnu.edu.ua\/en\/\" target=\"_blank\" rel=\"noreferrer noopener\">N\u00e1rodn\u00e1 univerzita v U\u017ehorode<\/a> (Ukrajina) \u2013 spolupr\u00e1ca s <a href=\"https:\/\/www.upjs.sk\/prirodovedecka-fakulta\/pracoviska\/ustavy-pf\/ufv\/\">\u00dastavom fyzik\u00e1lnych vied<\/a> PF UPJ\u0160<\/li>\n\n\n\n<li><a href=\"https:\/\/nure.ua\/en\/\" target=\"_blank\" rel=\"noreferrer noopener\">Kharkiv National University of Radio Electronics<\/a> (Ukrajina) \u2013 <a href=\"https:\/\/www.upjs.sk\/prirodovedecka-fakulta\/pracoviska\/ustavy-pf\/uinf\/\">spolupr\u00e1ca s \u00dastavom informatiky<\/a> PF UPJ\u0160<\/li>\n\n\n\n<li><a href=\"https:\/\/www.uhk.cz\/\" target=\"_blank\" rel=\"noreferrer noopener\">Univerzita v Hradci Kr\u00e1lov\u00e9<\/a> (\u010cesk\u00e1 republika) \u2013 spolupr\u00e1ca s <a href=\"https:\/\/www.upjs.sk\/prirodovedecka-fakulta\/pracoviska\/ustavy-pf\/ubev\/\">\u00dastavom biologick\u00fdch a ekologick\u00fdch vied<\/a> PF UPJ\u0160<\/li>\n<\/ul>\n<\/div><\/div>\n","protected":false},"excerpt":{"rendered":"<p>Dvojit\u00fd diplom (double degree) je vynikaj\u00facou pr\u00edle\u017eitos\u0165ou pre \u0161tudentov, ktor\u00ed chc\u00fa z\u00edska\u0165 diplomy z dvoch prest\u00ed\u017enych univerz\u00edt. Tento program prin\u00e1\u0161a nieko\u013eko v\u00fdhod: Bakal\u00e1rske \u0161t\u00fadium Medzin\u00e1rodn\u00fd diplom na bakal\u00e1rskom stupni mo\u017eno u&nbsp;n\u00e1s z\u00edska\u0165 v&nbsp;r\u00e1mci jednoodborov\u00e9ho \u0161t\u00fadia programu biol\u00f3gia v&nbsp;spolupr\u00e1ci s&nbsp;P\u0159\u00edrodov\u011bdeckou fakultou Univerzity Hradec Kr\u00e1lov\u00e9. Tento program umo\u017e\u0148uje \u0161tudentom str\u00e1vi\u0165 2 semestre \u0161t\u00fadia v Hradci Kr\u00e1lov\u00e9 (od &hellip; <a href=\"https:\/\/www.upjs.sk\/prirodovedecka-fakulta\/studium\/medzinarodne-dvojite-diplomy\/\">\u010c\u00edta\u0165 \u010falej<\/a><\/p>\n","protected":false},"author":25,"featured_media":0,"parent":12818,"menu_order":25,"comment_status":"closed","ping_status":"closed","template":"","meta":{"_acf_changed":false,"_editorskit_title_hidden":false,"_editorskit_reading_time":0,"_editorskit_is_block_options_detached":false,"_editorskit_block_options_position":"{}","footnotes":""},"categories":[],"tags":[],"class_list":["post-77543","page","type-page","status-publish","hentry"],"acf":{"acf_link_na_externy_obsah":""},"yoast_head":"<!-- This site is optimized with the Yoast SEO plugin v27.4 - https:\/\/yoast.com\/product\/yoast-seo-wordpress\/ -->\n<title>Medzin\u00e1rodn\u00e9 dvojit\u00e9 diplomy - Pr\u00edrodovedeck\u00e1 fakulta | UPJ\u0160<\/title>\n<meta name=\"robots\" content=\"index, follow, max-snippet:-1, max-image-preview:large, max-video-preview:-1\" \/>\n<link rel=\"canonical\" href=\"https:\/\/www.upjs.sk\/prirodovedecka-fakulta\/studium\/medzinarodne-dvojite-diplomy\/\" \/>\n<meta property=\"og:locale\" content=\"sk_SK\" \/>\n<meta property=\"og:type\" content=\"article\" \/>\n<meta property=\"og:title\" content=\"Medzin\u00e1rodn\u00e9 dvojit\u00e9 diplomy - Pr\u00edrodovedeck\u00e1 fakulta | UPJ\u0160\" \/>\n<meta property=\"og:description\" content=\"Dvojit\u00fd diplom (double degree) je vynikaj\u00facou pr\u00edle\u017eitos\u0165ou pre \u0161tudentov, ktor\u00ed chc\u00fa z\u00edska\u0165 diplomy z dvoch prest\u00ed\u017enych univerz\u00edt. Tento program prin\u00e1\u0161a nieko\u013eko v\u00fdhod: Bakal\u00e1rske \u0161t\u00fadium Medzin\u00e1rodn\u00fd diplom na bakal\u00e1rskom stupni mo\u017eno u&nbsp;n\u00e1s z\u00edska\u0165 v&nbsp;r\u00e1mci jednoodborov\u00e9ho \u0161t\u00fadia programu biol\u00f3gia v&nbsp;spolupr\u00e1ci s&nbsp;P\u0159\u00edrodov\u011bdeckou fakultou Univerzity Hradec Kr\u00e1lov\u00e9. Tento program umo\u017e\u0148uje \u0161tudentom str\u00e1vi\u0165 2 semestre \u0161t\u00fadia v Hradci Kr\u00e1lov\u00e9 (od &hellip; \u010c\u00edta\u0165 \u010falej\" \/>\n<meta property=\"og:url\" content=\"https:\/\/www.upjs.sk\/prirodovedecka-fakulta\/studium\/medzinarodne-dvojite-diplomy\/\" \/>\n<meta property=\"og:site_name\" content=\"Pr\u00edrodovedeck\u00e1 fakulta | UPJ\u0160\" \/>\n<meta property=\"article:modified_time\" content=\"2025-04-03T07:29:37+00:00\" \/>\n<meta property=\"og:image\" content=\"https:\/\/www.upjs.sk\/app\/uploads\/sites\/10\/2025\/04\/banner-il-medzinarod-dvojit-diplomy.png\" \/>\n\t<meta property=\"og:image:width\" content=\"1170\" \/>\n\t<meta property=\"og:image:height\" content=\"200\" \/>\n\t<meta property=\"og:image:type\" content=\"image\/png\" \/>\n<meta name=\"twitter:card\" content=\"summary_large_image\" \/>\n<meta name=\"twitter:label1\" content=\"Predpokladan\u00fd \u010das \u010d\u00edtania\" \/>\n\t<meta name=\"twitter:data1\" content=\"2 min\u00faty\" \/>\n<script type=\"application\/ld+json\" class=\"yoast-schema-graph\">{\"@context\":\"https:\\\/\\\/schema.org\",\"@graph\":[{\"@type\":\"WebPage\",\"@id\":\"https:\\\/\\\/www.upjs.sk\\\/prirodovedecka-fakulta\\\/studium\\\/medzinarodne-dvojite-diplomy\\\/\",\"url\":\"https:\\\/\\\/www.upjs.sk\\\/prirodovedecka-fakulta\\\/studium\\\/medzinarodne-dvojite-diplomy\\\/\",\"name\":\"Medzin\u00e1rodn\u00e9 dvojit\u00e9 diplomy - Pr\u00edrodovedeck\u00e1 fakulta | UPJ\u0160\",\"isPartOf\":{\"@id\":\"https:\\\/\\\/www.upjs.sk\\\/prirodovedecka-fakulta\\\/#website\"},\"primaryImageOfPage\":{\"@id\":\"https:\\\/\\\/www.upjs.sk\\\/prirodovedecka-fakulta\\\/studium\\\/medzinarodne-dvojite-diplomy\\\/#primaryimage\"},\"image\":{\"@id\":\"https:\\\/\\\/www.upjs.sk\\\/prirodovedecka-fakulta\\\/studium\\\/medzinarodne-dvojite-diplomy\\\/#primaryimage\"},\"thumbnailUrl\":\"https:\\\/\\\/www.upjs.sk\\\/app\\\/uploads\\\/sites\\\/10\\\/2025\\\/04\\\/banner-il-medzinarod-dvojit-diplomy.png\",\"datePublished\":\"2025-04-02T10:44:25+00:00\",\"dateModified\":\"2025-04-03T07:29:37+00:00\",\"breadcrumb\":{\"@id\":\"https:\\\/\\\/www.upjs.sk\\\/prirodovedecka-fakulta\\\/studium\\\/medzinarodne-dvojite-diplomy\\\/#breadcrumb\"},\"inLanguage\":\"sk-SK\",\"potentialAction\":[{\"@type\":\"ReadAction\",\"target\":[\"https:\\\/\\\/www.upjs.sk\\\/prirodovedecka-fakulta\\\/studium\\\/medzinarodne-dvojite-diplomy\\\/\"]}]},{\"@type\":\"ImageObject\",\"inLanguage\":\"sk-SK\",\"@id\":\"https:\\\/\\\/www.upjs.sk\\\/prirodovedecka-fakulta\\\/studium\\\/medzinarodne-dvojite-diplomy\\\/#primaryimage\",\"url\":\"https:\\\/\\\/www.upjs.sk\\\/app\\\/uploads\\\/sites\\\/10\\\/2025\\\/04\\\/banner-il-medzinarod-dvojit-diplomy.png\",\"contentUrl\":\"https:\\\/\\\/www.upjs.sk\\\/app\\\/uploads\\\/sites\\\/10\\\/2025\\\/04\\\/banner-il-medzinarod-dvojit-diplomy.png\"},{\"@type\":\"BreadcrumbList\",\"@id\":\"https:\\\/\\\/www.upjs.sk\\\/prirodovedecka-fakulta\\\/studium\\\/medzinarodne-dvojite-diplomy\\\/#breadcrumb\",\"itemListElement\":[{\"@type\":\"ListItem\",\"position\":1,\"name\":\"Home\",\"item\":\"https:\\\/\\\/www.upjs.sk\\\/prirodovedecka-fakulta\\\/\"},{\"@type\":\"ListItem\",\"position\":2,\"name\":\"O \u0161t\u00fadiu na fakulte\",\"item\":\"https:\\\/\\\/www.upjs.sk\\\/prirodovedecka-fakulta\\\/studium\\\/\"},{\"@type\":\"ListItem\",\"position\":3,\"name\":\"Medzin\u00e1rodn\u00e9 dvojit\u00e9 diplomy\"}]},{\"@type\":\"WebSite\",\"@id\":\"https:\\\/\\\/www.upjs.sk\\\/prirodovedecka-fakulta\\\/#website\",\"url\":\"https:\\\/\\\/www.upjs.sk\\\/prirodovedecka-fakulta\\\/\",\"name\":\"Pr\u00edrodovedeck\u00e1 fakulta | UPJ\u0160\",\"description\":\"\",\"publisher\":{\"@id\":\"https:\\\/\\\/www.upjs.sk\\\/prirodovedecka-fakulta\\\/#organization\"},\"potentialAction\":[{\"@type\":\"SearchAction\",\"target\":{\"@type\":\"EntryPoint\",\"urlTemplate\":\"https:\\\/\\\/www.upjs.sk\\\/prirodovedecka-fakulta\\\/?s={search_term_string}\"},\"query-input\":{\"@type\":\"PropertyValueSpecification\",\"valueRequired\":true,\"valueName\":\"search_term_string\"}}],\"inLanguage\":\"sk-SK\"},{\"@type\":\"Organization\",\"@id\":\"https:\\\/\\\/www.upjs.sk\\\/prirodovedecka-fakulta\\\/#organization\",\"name\":\"Pr\u00edrodovedeck\u00e1 fakulta | UPJ\u0160\",\"url\":\"https:\\\/\\\/www.upjs.sk\\\/prirodovedecka-fakulta\\\/\",\"logo\":{\"@type\":\"ImageObject\",\"inLanguage\":\"sk-SK\",\"@id\":\"https:\\\/\\\/www.upjs.sk\\\/prirodovedecka-fakulta\\\/#\\\/schema\\\/logo\\\/image\\\/\",\"url\":\"https:\\\/\\\/www.upjs.sk\\\/app\\\/uploads\\\/sites\\\/10\\\/2022\\\/09\\\/logo-prirodovedecka-fakulta.png\",\"contentUrl\":\"https:\\\/\\\/www.upjs.sk\\\/app\\\/uploads\\\/sites\\\/10\\\/2022\\\/09\\\/logo-prirodovedecka-fakulta.png\",\"width\":415,\"height\":87,\"caption\":\"Pr\u00edrodovedeck\u00e1 fakulta | UPJ\u0160\"},\"image\":{\"@id\":\"https:\\\/\\\/www.upjs.sk\\\/prirodovedecka-fakulta\\\/#\\\/schema\\\/logo\\\/image\\\/\"}}]}<\/script>\n<!-- \/ Yoast SEO plugin. -->","yoast_head_json":{"title":"Medzin\u00e1rodn\u00e9 dvojit\u00e9 diplomy - Pr\u00edrodovedeck\u00e1 fakulta | UPJ\u0160","robots":{"index":"index","follow":"follow","max-snippet":"max-snippet:-1","max-image-preview":"max-image-preview:large","max-video-preview":"max-video-preview:-1"},"canonical":"https:\/\/www.upjs.sk\/prirodovedecka-fakulta\/studium\/medzinarodne-dvojite-diplomy\/","og_locale":"sk_SK","og_type":"article","og_title":"Medzin\u00e1rodn\u00e9 dvojit\u00e9 diplomy - Pr\u00edrodovedeck\u00e1 fakulta | UPJ\u0160","og_description":"Dvojit\u00fd diplom (double degree) je vynikaj\u00facou pr\u00edle\u017eitos\u0165ou pre \u0161tudentov, ktor\u00ed chc\u00fa z\u00edska\u0165 diplomy z dvoch prest\u00ed\u017enych univerz\u00edt. Tento program prin\u00e1\u0161a nieko\u013eko v\u00fdhod: Bakal\u00e1rske \u0161t\u00fadium Medzin\u00e1rodn\u00fd diplom na bakal\u00e1rskom stupni mo\u017eno u&nbsp;n\u00e1s z\u00edska\u0165 v&nbsp;r\u00e1mci jednoodborov\u00e9ho \u0161t\u00fadia programu biol\u00f3gia v&nbsp;spolupr\u00e1ci s&nbsp;P\u0159\u00edrodov\u011bdeckou fakultou Univerzity Hradec Kr\u00e1lov\u00e9. Tento program umo\u017e\u0148uje \u0161tudentom str\u00e1vi\u0165 2 semestre \u0161t\u00fadia v Hradci Kr\u00e1lov\u00e9 (od &hellip; \u010c\u00edta\u0165 \u010falej","og_url":"https:\/\/www.upjs.sk\/prirodovedecka-fakulta\/studium\/medzinarodne-dvojite-diplomy\/","og_site_name":"Pr\u00edrodovedeck\u00e1 fakulta | UPJ\u0160","article_modified_time":"2025-04-03T07:29:37+00:00","og_image":[{"width":1170,"height":200,"url":"https:\/\/www.upjs.sk\/app\/uploads\/sites\/10\/2025\/04\/banner-il-medzinarod-dvojit-diplomy.png","type":"image\/png"}],"twitter_card":"summary_large_image","twitter_misc":{"Predpokladan\u00fd \u010das \u010d\u00edtania":"2 min\u00faty"},"schema":{"@context":"https:\/\/schema.org","@graph":[{"@type":"WebPage","@id":"https:\/\/www.upjs.sk\/prirodovedecka-fakulta\/studium\/medzinarodne-dvojite-diplomy\/","url":"https:\/\/www.upjs.sk\/prirodovedecka-fakulta\/studium\/medzinarodne-dvojite-diplomy\/","name":"Medzin\u00e1rodn\u00e9 dvojit\u00e9 diplomy - Pr\u00edrodovedeck\u00e1 fakulta | UPJ\u0160","isPartOf":{"@id":"https:\/\/www.upjs.sk\/prirodovedecka-fakulta\/#website"},"primaryImageOfPage":{"@id":"https:\/\/www.upjs.sk\/prirodovedecka-fakulta\/studium\/medzinarodne-dvojite-diplomy\/#primaryimage"},"image":{"@id":"https:\/\/www.upjs.sk\/prirodovedecka-fakulta\/studium\/medzinarodne-dvojite-diplomy\/#primaryimage"},"thumbnailUrl":"https:\/\/www.upjs.sk\/app\/uploads\/sites\/10\/2025\/04\/banner-il-medzinarod-dvojit-diplomy.png","datePublished":"2025-04-02T10:44:25+00:00","dateModified":"2025-04-03T07:29:37+00:00","breadcrumb":{"@id":"https:\/\/www.upjs.sk\/prirodovedecka-fakulta\/studium\/medzinarodne-dvojite-diplomy\/#breadcrumb"},"inLanguage":"sk-SK","potentialAction":[{"@type":"ReadAction","target":["https:\/\/www.upjs.sk\/prirodovedecka-fakulta\/studium\/medzinarodne-dvojite-diplomy\/"]}]},{"@type":"ImageObject","inLanguage":"sk-SK","@id":"https:\/\/www.upjs.sk\/prirodovedecka-fakulta\/studium\/medzinarodne-dvojite-diplomy\/#primaryimage","url":"https:\/\/www.upjs.sk\/app\/uploads\/sites\/10\/2025\/04\/banner-il-medzinarod-dvojit-diplomy.png","contentUrl":"https:\/\/www.upjs.sk\/app\/uploads\/sites\/10\/2025\/04\/banner-il-medzinarod-dvojit-diplomy.png"},{"@type":"BreadcrumbList","@id":"https:\/\/www.upjs.sk\/prirodovedecka-fakulta\/studium\/medzinarodne-dvojite-diplomy\/#breadcrumb","itemListElement":[{"@type":"ListItem","position":1,"name":"Home","item":"https:\/\/www.upjs.sk\/prirodovedecka-fakulta\/"},{"@type":"ListItem","position":2,"name":"O \u0161t\u00fadiu na fakulte","item":"https:\/\/www.upjs.sk\/prirodovedecka-fakulta\/studium\/"},{"@type":"ListItem","position":3,"name":"Medzin\u00e1rodn\u00e9 dvojit\u00e9 diplomy"}]},{"@type":"WebSite","@id":"https:\/\/www.upjs.sk\/prirodovedecka-fakulta\/#website","url":"https:\/\/www.upjs.sk\/prirodovedecka-fakulta\/","name":"Pr\u00edrodovedeck\u00e1 fakulta | UPJ\u0160","description":"","publisher":{"@id":"https:\/\/www.upjs.sk\/prirodovedecka-fakulta\/#organization"},"potentialAction":[{"@type":"SearchAction","target":{"@type":"EntryPoint","urlTemplate":"https:\/\/www.upjs.sk\/prirodovedecka-fakulta\/?s={search_term_string}"},"query-input":{"@type":"PropertyValueSpecification","valueRequired":true,"valueName":"search_term_string"}}],"inLanguage":"sk-SK"},{"@type":"Organization","@id":"https:\/\/www.upjs.sk\/prirodovedecka-fakulta\/#organization","name":"Pr\u00edrodovedeck\u00e1 fakulta | UPJ\u0160","url":"https:\/\/www.upjs.sk\/prirodovedecka-fakulta\/","logo":{"@type":"ImageObject","inLanguage":"sk-SK","@id":"https:\/\/www.upjs.sk\/prirodovedecka-fakulta\/#\/schema\/logo\/image\/","url":"https:\/\/www.upjs.sk\/app\/uploads\/sites\/10\/2022\/09\/logo-prirodovedecka-fakulta.png","contentUrl":"https:\/\/www.upjs.sk\/app\/uploads\/sites\/10\/2022\/09\/logo-prirodovedecka-fakulta.png","width":415,"height":87,"caption":"Pr\u00edrodovedeck\u00e1 fakulta | UPJ\u0160"},"image":{"@id":"https:\/\/www.upjs.sk\/prirodovedecka-fakulta\/#\/schema\/logo\/image\/"}}]}},"_links":{"self":[{"href":"https:\/\/www.upjs.sk\/prirodovedecka-fakulta\/wp-json\/wp\/v2\/pages\/77543","targetHints":{"allow":["GET"]}}],"collection":[{"href":"https:\/\/www.upjs.sk\/prirodovedecka-fakulta\/wp-json\/wp\/v2\/pages"}],"about":[{"href":"https:\/\/www.upjs.sk\/prirodovedecka-fakulta\/wp-json\/wp\/v2\/types\/page"}],"author":[{"embeddable":true,"href":"https:\/\/www.upjs.sk\/prirodovedecka-fakulta\/wp-json\/wp\/v2\/users\/25"}],"replies":[{"embeddable":true,"href":"https:\/\/www.upjs.sk\/prirodovedecka-fakulta\/wp-json\/wp\/v2\/comments?post=77543"}],"version-history":[{"count":20,"href":"https:\/\/www.upjs.sk\/prirodovedecka-fakulta\/wp-json\/wp\/v2\/pages\/77543\/revisions"}],"predecessor-version":[{"id":77613,"href":"https:\/\/www.upjs.sk\/prirodovedecka-fakulta\/wp-json\/wp\/v2\/pages\/77543\/revisions\/77613"}],"up":[{"embeddable":true,"href":"https:\/\/www.upjs.sk\/prirodovedecka-fakulta\/wp-json\/wp\/v2\/pages\/12818"}],"wp:attachment":[{"href":"https:\/\/www.upjs.sk\/prirodovedecka-fakulta\/wp-json\/wp\/v2\/media?parent=77543"}],"wp:term":[{"taxonomy":"category","embeddable":true,"href":"https:\/\/www.upjs.sk\/prirodovedecka-fakulta\/wp-json\/wp\/v2\/categories?post=77543"},{"taxonomy":"post_tag","embeddable":true,"href":"https:\/\/www.upjs.sk\/prirodovedecka-fakulta\/wp-json\/wp\/v2\/tags?post=77543"}],"curies":[{"name":"wp","href":"https:\/\/api.w.org\/{rel}","templated":true}]}}