{"id":81728,"date":"2025-09-10T12:39:05","date_gmt":"2025-09-10T11:39:05","guid":{"rendered":"https:\/\/www.upjs.sk\/prirodovedecka-fakulta\/ntch\/registracia\/"},"modified":"2025-10-27T21:19:22","modified_gmt":"2025-10-27T20:19:22","slug":"registracia","status":"publish","type":"page","link":"https:\/\/www.upjs.sk\/prirodovedecka-fakulta\/ntch\/registracia\/","title":{"rendered":"Registr\u00e1cia"},"content":{"rendered":"<style>.kadence-column81728_82f270-d9 > .kt-inside-inner-col{padding-top:var(--global-kb-spacing-xs, 1rem);padding-right:var(--global-kb-spacing-xs, 1rem);padding-left:var(--global-kb-spacing-xs, 1rem);}.kadence-column81728_82f270-d9 > .kt-inside-inner-col,.kadence-column81728_82f270-d9 > .kt-inside-inner-col:before{border-top-left-radius:5px;border-top-right-radius:5px;border-bottom-right-radius:5px;border-bottom-left-radius:5px;}.kadence-column81728_82f270-d9 > .kt-inside-inner-col{column-gap:var(--global-kb-gap-sm, 1rem);}.kadence-column81728_82f270-d9 > .kt-inside-inner-col{flex-direction:column;}.kadence-column81728_82f270-d9 > .kt-inside-inner-col > .aligncenter{width:100%;}.kadence-column81728_82f270-d9 > .kt-inside-inner-col{background-color:#F4F4F4;}.kadence-column81728_82f270-d9 > .kt-inside-inner-col:before{opacity:0.3;}.kadence-column81728_82f270-d9{position:relative;}@media all and (max-width: 1024px){.kadence-column81728_82f270-d9 > .kt-inside-inner-col{flex-direction:column;justify-content:center;}}@media all and (max-width: 767px){.kadence-column81728_82f270-d9 > .kt-inside-inner-col{flex-direction:column;justify-content:center;}}<\/style>\n<div class=\"wp-block-kadence-column kadence-column81728_82f270-d9\"><div class=\"kt-inside-inner-col\"><style>.wp-block-kadence-form.kadence-form-81728_6b89c2-f2.kb-form-wrap{margin-top:0px;}.kadence-form-81728_6b89c2-f2 .kb-form .kadence-blocks-form-field{margin-bottom:19px;}.kadence-form-81728_6b89c2-f2 .kb-form .kadence-blocks-form-field{padding-right:18px;padding-left:18px;}.kadence-form-81728_6b89c2-f2 .kb-form{margin-right:-18px;margin-left:-18px;}.kadence-form-81728_6b89c2-f2 .kb-form .kadence-blocks-form-field .kb-text-style-field, .kadence-form-81728_6b89c2-f2 .kb-form .kadence-blocks-form-field .kb-select-style-field{font-size:var(--global-kb-font-size-md, 1.25rem);border-width:1px 1px 1px 1px;}.kadence-form-81728_6b89c2-f2 .kb-form .kadence-blocks-form-field .kb-text-style-field{padding-top:14px;padding-right:14px;padding-bottom:14px;padding-left:14px;}.kadence-form-81728_6b89c2-f2 .kb-form .kadence-blocks-form-field > label{font-size:var(--global-kb-font-size-md, 1.25rem);text-transform:none;}.kadence-form-81728_6b89c2-f2 .kb-form .kadence-blocks-form-field .kb-forms-submit{background:#008338;}.kadence-form-81728_6b89c2-f2 .kadence-blocks-form-success{color:#008338;border-color:#008338;background:#ffffff;}.kadence-form-81728_6b89c2-f2 .kadence-blocks-form-warning{color:#C92432;}.kb-form input.kadence-blocks-field.verify{opacity:0.0;position:absolute;top:0.0;left:0.0;width:0.0;height:0.0;z-index:-1;}<\/style>\n<div class=\"wp-block-kadence-form kadence-form-81728_6b89c2-f2 kb-form-wrap\"><form class=\"kb-form\" action=\"\" method=\"post\" data-error-message=\"Ak chcete pokra\u010dova\u0165, vypl\u0148te povinn\u00e9 polo\u017eky.\"><div class=\"kadence-blocks-form-field kb-field-desk-width-100 kb-input-size-large\"><label for=\"kb_field_81728_6b89c2-f2_0\">Meno a priezvisko<span class=\"required\">*<\/span><\/label><input name=\"kb_field_0\" id=\"kb_field_81728_6b89c2-f2_0\" data-label=\"Meno a priezvisko\" type=\"text\" placeholder=\"\" value=\"\" data-type=\"text\" class=\"kb-field kb-text-style-field kb-text-field kb-field-0\" data-required=\"yes\" data-required-message=\"Meno a priezvisko s\u00fa povinn\u00e9\"\/><\/div><div class=\"kadence-blocks-form-field kb-form-field-1 kb-field-desk-width-50 kb-input-size-large\"><label for=\"kb_field_81728_6b89c2-f2_1\">Tituly<\/label><input name=\"kb_field_1\" id=\"kb_field_81728_6b89c2-f2_1\" data-label=\"Tituly\" type=\"text\" placeholder=\"\" value=\"\" data-type=\"text\" class=\"kb-field kb-text-style-field kb-text-field kb-field-1\"\/><\/div><div class=\"kadence-blocks-form-field kb-form-field-2 kb-field-desk-width-50 kb-input-size-large\"><label for=\"kb_field_81728_6b89c2-f2_2\">E-mail<span class=\"required\">*<\/span><\/label><input name=\"kb_field_2\" id=\"kb_field_81728_6b89c2-f2_2\" data-label=\"E-mail\" type=\"email\" placeholder=\"\" value=\"\" data-type=\"email\" class=\"kb-field kb-text-style-field kb-email-field kb-field-2\" data-required=\"yes\" data-required-message=\"E-mail je povinn\u00fd\"\/><\/div><div class=\"kadence-blocks-form-field kb-form-field-3 kb-field-desk-width-60 kb-input-size-large\"><label for=\"kb_field_81728_6b89c2-f2_3\">Pracovisko \/ Katedra<\/label><input name=\"kb_field_3\" id=\"kb_field_81728_6b89c2-f2_3\" data-label=\"Pracovisko \/ Katedra\" type=\"text\" placeholder=\"\" value=\"\" data-type=\"text\" class=\"kb-field kb-text-style-field kb-text-field kb-field-3\"\/><\/div><div class=\"kadence-blocks-form-field kb-form-field-4 kb-field-desk-width-20 kb-input-size-large\"><label for=\"kb_field_81728_6b89c2-f2_4\">\u0160tudent \/ PhD. \u0161tudent<\/label><div data-type=\"radio\" data-label=\"\u0160tudent \/ PhD. \u0161tudent\" id=\"kb_field_81728_6b89c2-f2_4\" class=\"kb-field kb-radio-style-field kb-radio-field kb-field-4 kb-radio-style-inline\"><div data-type=\"radio\" class=\"kb-radio-item kb-radio-item-0\"><input type=\"radio\" name=\"kb_field_4[]\" id=\"kb_field_4_0\" class=\"kb-sub-field kb-radio-style\" value=\"\u00e1no\"\/><label for=\"kb_field_4_0\">\u00e1no<\/label><\/div><div data-type=\"radio\" class=\"kb-radio-item kb-radio-item-1\"><input type=\"radio\" name=\"kb_field_4[]\" id=\"kb_field_4_1\" class=\"kb-sub-field kb-radio-style\" value=\"nie\"\/><label for=\"kb_field_4_1\">nie<\/label><\/div><\/div><\/div><div class=\"kadence-blocks-form-field kb-form-field-5 kb-field-desk-width-20 kb-input-size-large\"><label for=\"kb_field_81728_6b89c2-f2_5\">Forma pr\u00edspevku<\/label><div data-type=\"checkbox\" data-label=\"Forma pr\u00edspevku\" id=\"kb_field_81728_6b89c2-f2_5\" class=\"kb-field kb-checkbox-style-field kb-checkbox-field kb-field-5 kb-radio-style-normal\"><div data-type=\"checkbox\" class=\"kb-checkbox-item kb-checkbox-item-0\"><input type=\"checkbox\" name=\"kb_field_5[]\" id=\"kb_field_5_0\" class=\"kb-sub-field kb-checkbox-style\" value=\"Predn\u00e1\u0161ka\"\/><label for=\"kb_field_5_0\">Predn\u00e1\u0161ka<\/label><\/div><div data-type=\"checkbox\" class=\"kb-checkbox-item kb-checkbox-item-1\"><input type=\"checkbox\" name=\"kb_field_5[]\" id=\"kb_field_5_1\" class=\"kb-sub-field kb-checkbox-style\" value=\"Poster\"\/><label for=\"kb_field_5_1\">Poster<\/label><\/div><div data-type=\"checkbox\" class=\"kb-checkbox-item kb-checkbox-item-2\"><input type=\"checkbox\" name=\"kb_field_5[]\" id=\"kb_field_5_2\" class=\"kb-sub-field kb-checkbox-style\" value=\"Abstrakt v zborn\u00edku\"\/><label for=\"kb_field_5_2\">Abstrakt v zborn\u00edku<\/label><\/div><div data-type=\"checkbox\" class=\"kb-checkbox-item kb-checkbox-item-3\"><input type=\"checkbox\" name=\"kb_field_5[]\" id=\"kb_field_5_3\" class=\"kb-sub-field kb-checkbox-style\" value=\"Bez pr\u00edspevku\"\/><label for=\"kb_field_5_3\">Bez pr\u00edspevku<\/label><\/div><\/div><\/div><input type=\"hidden\" name=\"_kb_form_id\" value=\"81728_6b89c2-f2\"\/><input type=\"hidden\" name=\"_kb_form_post_id\" value=\"81728\"\/><input type=\"hidden\" name=\"action\" value=\"kb_process_ajax_submit\"\/><label class=\"kadence-verify-label\">Email<input class=\"kadence-blocks-field verify\" type=\"text\" name=\"_kb_verify_email\" autocomplete=\"new-password\" aria-hidden=\"true\" placeholder=\"Email\" tabindex=\"-1\" data-1p-ignore=\"true\" data-lpignore=\"true\" \/><\/label><div class=\"kadence-blocks-form-field kb-submit-field kb-field-desk-width-100\"><button class=\"kb-forms-submit button kb-button-size-small kb-button-width-auto\">Odosla\u0165<\/button><\/div><\/form><\/div>\n<noscript><div class=\"kadence-blocks-form-message kadence-blocks-form-warning\">Please enable JavaScript in your browser to submit the form<\/div><style>.kadence-form-81728_6b89c2-f2 .kadence-blocks-form-field.kb-submit-field { display: none; }<\/style><\/noscript><\/div><\/div>\n\n\n\n<p><\/p>\n","protected":false},"excerpt":{"rendered":"","protected":false},"author":25,"featured_media":0,"parent":80822,"menu_order":0,"comment_status":"closed","ping_status":"closed","template":"","meta":{"_acf_changed":false,"_editorskit_title_hidden":false,"_editorskit_reading_time":0,"_editorskit_is_block_options_detached":false,"_editorskit_block_options_position":"{}","footnotes":""},"categories":[],"tags":[],"class_list":["post-81728","page","type-page","status-publish","hentry"],"acf":{"acf_link_na_externy_obsah":""},"yoast_head":"<!-- This site is optimized with the Yoast SEO plugin v27.4 - https:\/\/yoast.com\/product\/yoast-seo-wordpress\/ -->\n<title>Registr\u00e1cia - Pr\u00edrodovedeck\u00e1 fakulta | UPJ\u0160<\/title>\n<meta name=\"robots\" content=\"index, follow, max-snippet:-1, max-image-preview:large, max-video-preview:-1\" \/>\n<link rel=\"canonical\" href=\"https:\/\/www.upjs.sk\/prirodovedecka-fakulta\/ntch\/registracia\/\" \/>\n<meta property=\"og:locale\" content=\"sk_SK\" \/>\n<meta property=\"og:type\" content=\"article\" \/>\n<meta property=\"og:title\" content=\"Registr\u00e1cia - Pr\u00edrodovedeck\u00e1 fakulta | UPJ\u0160\" \/>\n<meta property=\"og:url\" content=\"https:\/\/www.upjs.sk\/prirodovedecka-fakulta\/ntch\/registracia\/\" \/>\n<meta property=\"og:site_name\" content=\"Pr\u00edrodovedeck\u00e1 fakulta | UPJ\u0160\" \/>\n<meta property=\"article:modified_time\" content=\"2025-10-27T20:19:22+00:00\" \/>\n<meta name=\"twitter:card\" content=\"summary_large_image\" \/>\n<meta name=\"twitter:label1\" content=\"Predpokladan\u00fd \u010das \u010d\u00edtania\" \/>\n\t<meta name=\"twitter:data1\" content=\"1 min\u00fata\" \/>\n<script type=\"application\/ld+json\" class=\"yoast-schema-graph\">{\"@context\":\"https:\\\/\\\/schema.org\",\"@graph\":[{\"@type\":\"WebPage\",\"@id\":\"https:\\\/\\\/www.upjs.sk\\\/prirodovedecka-fakulta\\\/ntch\\\/registracia\\\/\",\"url\":\"https:\\\/\\\/www.upjs.sk\\\/prirodovedecka-fakulta\\\/ntch\\\/registracia\\\/\",\"name\":\"Registr\u00e1cia - Pr\u00edrodovedeck\u00e1 fakulta | UPJ\u0160\",\"isPartOf\":{\"@id\":\"https:\\\/\\\/www.upjs.sk\\\/prirodovedecka-fakulta\\\/#website\"},\"datePublished\":\"2025-09-10T11:39:05+00:00\",\"dateModified\":\"2025-10-27T20:19:22+00:00\",\"breadcrumb\":{\"@id\":\"https:\\\/\\\/www.upjs.sk\\\/prirodovedecka-fakulta\\\/ntch\\\/registracia\\\/#breadcrumb\"},\"inLanguage\":\"sk-SK\",\"potentialAction\":[{\"@type\":\"ReadAction\",\"target\":[\"https:\\\/\\\/www.upjs.sk\\\/prirodovedecka-fakulta\\\/ntch\\\/registracia\\\/\"]}]},{\"@type\":\"BreadcrumbList\",\"@id\":\"https:\\\/\\\/www.upjs.sk\\\/prirodovedecka-fakulta\\\/ntch\\\/registracia\\\/#breadcrumb\",\"itemListElement\":[{\"@type\":\"ListItem\",\"position\":1,\"name\":\"Home\",\"item\":\"https:\\\/\\\/www.upjs.sk\\\/prirodovedecka-fakulta\\\/\"},{\"@type\":\"ListItem\",\"position\":2,\"name\":\"Novel Trends in Chemistry, Research and Education\",\"item\":\"https:\\\/\\\/www.upjs.sk\\\/prirodovedecka-fakulta\\\/ntch\\\/\"},{\"@type\":\"ListItem\",\"position\":3,\"name\":\"Registr\u00e1cia\"}]},{\"@type\":\"WebSite\",\"@id\":\"https:\\\/\\\/www.upjs.sk\\\/prirodovedecka-fakulta\\\/#website\",\"url\":\"https:\\\/\\\/www.upjs.sk\\\/prirodovedecka-fakulta\\\/\",\"name\":\"Pr\u00edrodovedeck\u00e1 fakulta | UPJ\u0160\",\"description\":\"\",\"publisher\":{\"@id\":\"https:\\\/\\\/www.upjs.sk\\\/prirodovedecka-fakulta\\\/#organization\"},\"potentialAction\":[{\"@type\":\"SearchAction\",\"target\":{\"@type\":\"EntryPoint\",\"urlTemplate\":\"https:\\\/\\\/www.upjs.sk\\\/prirodovedecka-fakulta\\\/?s={search_term_string}\"},\"query-input\":{\"@type\":\"PropertyValueSpecification\",\"valueRequired\":true,\"valueName\":\"search_term_string\"}}],\"inLanguage\":\"sk-SK\"},{\"@type\":\"Organization\",\"@id\":\"https:\\\/\\\/www.upjs.sk\\\/prirodovedecka-fakulta\\\/#organization\",\"name\":\"Pr\u00edrodovedeck\u00e1 fakulta | UPJ\u0160\",\"url\":\"https:\\\/\\\/www.upjs.sk\\\/prirodovedecka-fakulta\\\/\",\"logo\":{\"@type\":\"ImageObject\",\"inLanguage\":\"sk-SK\",\"@id\":\"https:\\\/\\\/www.upjs.sk\\\/prirodovedecka-fakulta\\\/#\\\/schema\\\/logo\\\/image\\\/\",\"url\":\"https:\\\/\\\/www.upjs.sk\\\/app\\\/uploads\\\/sites\\\/10\\\/2022\\\/09\\\/logo-prirodovedecka-fakulta.png\",\"contentUrl\":\"https:\\\/\\\/www.upjs.sk\\\/app\\\/uploads\\\/sites\\\/10\\\/2022\\\/09\\\/logo-prirodovedecka-fakulta.png\",\"width\":415,\"height\":87,\"caption\":\"Pr\u00edrodovedeck\u00e1 fakulta | UPJ\u0160\"},\"image\":{\"@id\":\"https:\\\/\\\/www.upjs.sk\\\/prirodovedecka-fakulta\\\/#\\\/schema\\\/logo\\\/image\\\/\"}}]}<\/script>\n<!-- \/ Yoast SEO plugin. -->","yoast_head_json":{"title":"Registr\u00e1cia - Pr\u00edrodovedeck\u00e1 fakulta | UPJ\u0160","robots":{"index":"index","follow":"follow","max-snippet":"max-snippet:-1","max-image-preview":"max-image-preview:large","max-video-preview":"max-video-preview:-1"},"canonical":"https:\/\/www.upjs.sk\/prirodovedecka-fakulta\/ntch\/registracia\/","og_locale":"sk_SK","og_type":"article","og_title":"Registr\u00e1cia - Pr\u00edrodovedeck\u00e1 fakulta | UPJ\u0160","og_url":"https:\/\/www.upjs.sk\/prirodovedecka-fakulta\/ntch\/registracia\/","og_site_name":"Pr\u00edrodovedeck\u00e1 fakulta | UPJ\u0160","article_modified_time":"2025-10-27T20:19:22+00:00","twitter_card":"summary_large_image","twitter_misc":{"Predpokladan\u00fd \u010das \u010d\u00edtania":"1 min\u00fata"},"schema":{"@context":"https:\/\/schema.org","@graph":[{"@type":"WebPage","@id":"https:\/\/www.upjs.sk\/prirodovedecka-fakulta\/ntch\/registracia\/","url":"https:\/\/www.upjs.sk\/prirodovedecka-fakulta\/ntch\/registracia\/","name":"Registr\u00e1cia - Pr\u00edrodovedeck\u00e1 fakulta | UPJ\u0160","isPartOf":{"@id":"https:\/\/www.upjs.sk\/prirodovedecka-fakulta\/#website"},"datePublished":"2025-09-10T11:39:05+00:00","dateModified":"2025-10-27T20:19:22+00:00","breadcrumb":{"@id":"https:\/\/www.upjs.sk\/prirodovedecka-fakulta\/ntch\/registracia\/#breadcrumb"},"inLanguage":"sk-SK","potentialAction":[{"@type":"ReadAction","target":["https:\/\/www.upjs.sk\/prirodovedecka-fakulta\/ntch\/registracia\/"]}]},{"@type":"BreadcrumbList","@id":"https:\/\/www.upjs.sk\/prirodovedecka-fakulta\/ntch\/registracia\/#breadcrumb","itemListElement":[{"@type":"ListItem","position":1,"name":"Home","item":"https:\/\/www.upjs.sk\/prirodovedecka-fakulta\/"},{"@type":"ListItem","position":2,"name":"Novel Trends in Chemistry, Research and Education","item":"https:\/\/www.upjs.sk\/prirodovedecka-fakulta\/ntch\/"},{"@type":"ListItem","position":3,"name":"Registr\u00e1cia"}]},{"@type":"WebSite","@id":"https:\/\/www.upjs.sk\/prirodovedecka-fakulta\/#website","url":"https:\/\/www.upjs.sk\/prirodovedecka-fakulta\/","name":"Pr\u00edrodovedeck\u00e1 fakulta | UPJ\u0160","description":"","publisher":{"@id":"https:\/\/www.upjs.sk\/prirodovedecka-fakulta\/#organization"},"potentialAction":[{"@type":"SearchAction","target":{"@type":"EntryPoint","urlTemplate":"https:\/\/www.upjs.sk\/prirodovedecka-fakulta\/?s={search_term_string}"},"query-input":{"@type":"PropertyValueSpecification","valueRequired":true,"valueName":"search_term_string"}}],"inLanguage":"sk-SK"},{"@type":"Organization","@id":"https:\/\/www.upjs.sk\/prirodovedecka-fakulta\/#organization","name":"Pr\u00edrodovedeck\u00e1 fakulta | UPJ\u0160","url":"https:\/\/www.upjs.sk\/prirodovedecka-fakulta\/","logo":{"@type":"ImageObject","inLanguage":"sk-SK","@id":"https:\/\/www.upjs.sk\/prirodovedecka-fakulta\/#\/schema\/logo\/image\/","url":"https:\/\/www.upjs.sk\/app\/uploads\/sites\/10\/2022\/09\/logo-prirodovedecka-fakulta.png","contentUrl":"https:\/\/www.upjs.sk\/app\/uploads\/sites\/10\/2022\/09\/logo-prirodovedecka-fakulta.png","width":415,"height":87,"caption":"Pr\u00edrodovedeck\u00e1 fakulta | UPJ\u0160"},"image":{"@id":"https:\/\/www.upjs.sk\/prirodovedecka-fakulta\/#\/schema\/logo\/image\/"}}]}},"_links":{"self":[{"href":"https:\/\/www.upjs.sk\/prirodovedecka-fakulta\/wp-json\/wp\/v2\/pages\/81728","targetHints":{"allow":["GET"]}}],"collection":[{"href":"https:\/\/www.upjs.sk\/prirodovedecka-fakulta\/wp-json\/wp\/v2\/pages"}],"about":[{"href":"https:\/\/www.upjs.sk\/prirodovedecka-fakulta\/wp-json\/wp\/v2\/types\/page"}],"author":[{"embeddable":true,"href":"https:\/\/www.upjs.sk\/prirodovedecka-fakulta\/wp-json\/wp\/v2\/users\/25"}],"replies":[{"embeddable":true,"href":"https:\/\/www.upjs.sk\/prirodovedecka-fakulta\/wp-json\/wp\/v2\/comments?post=81728"}],"version-history":[{"count":21,"href":"https:\/\/www.upjs.sk\/prirodovedecka-fakulta\/wp-json\/wp\/v2\/pages\/81728\/revisions"}],"predecessor-version":[{"id":82608,"href":"https:\/\/www.upjs.sk\/prirodovedecka-fakulta\/wp-json\/wp\/v2\/pages\/81728\/revisions\/82608"}],"up":[{"embeddable":true,"href":"https:\/\/www.upjs.sk\/prirodovedecka-fakulta\/wp-json\/wp\/v2\/pages\/80822"}],"wp:attachment":[{"href":"https:\/\/www.upjs.sk\/prirodovedecka-fakulta\/wp-json\/wp\/v2\/media?parent=81728"}],"wp:term":[{"taxonomy":"category","embeddable":true,"href":"https:\/\/www.upjs.sk\/prirodovedecka-fakulta\/wp-json\/wp\/v2\/categories?post=81728"},{"taxonomy":"post_tag","embeddable":true,"href":"https:\/\/www.upjs.sk\/prirodovedecka-fakulta\/wp-json\/wp\/v2\/tags?post=81728"}],"curies":[{"name":"wp","href":"https:\/\/api.w.org\/{rel}","templated":true}]}}