{"id":44661,"date":"2016-11-19T20:55:47","date_gmt":"2016-11-19T19:55:47","guid":{"rendered":"https:\/\/www.upjs.sk\/ua\/organy-univerzity\/historia\/organizacna-struktura\/"},"modified":"2022-12-06T19:05:06","modified_gmt":"2022-12-06T18:05:06","slug":"organizacna-struktura","status":"publish","type":"page","link":"https:\/\/www.upjs.sk\/uk\/upjs\/organizacna-struktura\/","title":{"rendered":"\u041e\u0440\u0433\u0430\u043d\u0456\u0437\u0430\u0446\u0456\u0439\u043d\u0430 \u0441\u0442\u0440\u0443\u043a\u0442\u0443\u0440\u0430"},"content":{"rendered":"<ul>\n<li><a href=\"https:\/\/www.upjs.sk\/uk\/upjs\/organizacna-struktura\/fakulty\/\">\u0424\u0430\u043a\u0443\u043b\u044c\u0442\u0435\u0442\u0438<\/a><\/li>\n<li><a href=\"https:\/\/www.upjs.sk\/uk\/pracoviska-upjs\/utvs\/\">\u0406\u043d\u0441\u0442\u0438\u0442\u0443\u0442 \u0444\u0456\u0437\u0438\u0447\u043d\u043e\u0433\u043e \u0432\u0438\u0445\u043e\u0432\u0430\u043d\u043d\u044f \u0456 \u0441\u043f\u043e\u0440\u0442\u0443\u00a0<\/a><\/li>\n<li><a href=\"https:\/\/www.upjs.sk\/uk\/pracoviska-upjs\/botanicka-zahrada\/\">\u0411\u043e\u0442\u0430\u043d\u0456\u0447\u043d\u0438\u0439 \u0441\u0430\u0434<\/a><\/li>\n<li><a href=\"https:\/\/www.upjs.sk\/uk\/pracoviska-upjs\/univerzitna-kniznica\/\">\u0423\u043d\u0456\u0432\u0435\u0440\u0441\u0438\u0442\u0435\u0442\u0441\u044c\u043a\u0430 \u0431\u0456\u0431\u043b\u0456\u043e\u0442\u0435\u043a\u0430<\/a><\/li>\n<li><a href=\"https:\/\/www.upjs.sk\/uk\/pracoviska-upjs\/ciakt\/\">\u0426\u0435\u043d\u0442\u0440 \u0456\u043d\u0444\u043e\u0440\u043c\u0430\u0446\u0456\u0439\u043d\u043e-\u043a\u043e\u043c\u0443\u043d\u0456\u043a\u0430\u0446\u0456\u0439\u043d\u0438\u0445 \u0442\u0435\u0445\u043d\u043e\u043b\u043e\u0433\u0456\u0439<\/a><\/li>\n<li><a href=\"https:\/\/www.upjs.sk\/uk\/pracoviska-upjs\/sdaj\/\">\u0421\u0442\u0443\u0434\u0435\u043d\u0442\u0441\u044c\u043a\u0456 \u0433\u0443\u0440\u0442\u043e\u0436\u0438\u0442\u043a\u0438 \u0442\u0430 \u0457\u0434\u0430\u043b\u044c\u043d\u0456<\/a><\/li>\n<li><a href=\"https:\/\/www.upjs.sk\/uk\/pracoviska-upjs\/unipoc\/\">\u0423\u043d\u0456\u0432\u0435\u0440\u0441\u0438\u0442\u0435\u0442\u0441\u044c\u043a\u0438\u0439 \u043a\u043e\u043d\u0441\u0443\u043b\u044c\u0442\u0430\u0446\u0456\u0439\u043d\u0438\u0439 \u0446\u0435\u043d\u0442\u0440 (UNIPOC)<\/a><\/li>\n<li><a href=\"https:\/\/www.upjs.sk\/uk\/pracoviska-upjs\/ccvapp\/\">\u0426\u0435\u043d\u0442\u0440 \u0431\u0435\u0437\u043f\u0435\u0440\u0435\u0440\u0432\u043d\u043e\u0457 \u043e\u0441\u0432\u0456\u0442\u0438<\/a><\/li>\n<li><a href=\"https:\/\/www.upjs.sk\/uk\/pracoviska-upjs\/tip\/\">\u0422\u0435\u0445\u043d\u043e\u043b\u043e\u0433\u0456\u0447\u043d\u043e-\u0456\u043d\u043d\u043e\u0432\u0430\u0446\u0456\u0439\u043d\u0438\u0439 \u043f\u0430\u0440\u043a (\u0422\u0406\u041f-\u0423\u041f\u0419\u0428)<\/a><\/li>\n<\/ul>\n","protected":false},"excerpt":{"rendered":"<p>\u0424\u0430\u043a\u0443\u043b\u044c\u0442\u0435\u0442\u0438 \u0406\u043d\u0441\u0442\u0438\u0442\u0443\u0442 \u0444\u0456\u0437\u0438\u0447\u043d\u043e\u0433\u043e \u0432\u0438\u0445\u043e\u0432\u0430\u043d\u043d\u044f \u0456 \u0441\u043f\u043e\u0440\u0442\u0443\u00a0 \u0411\u043e\u0442\u0430\u043d\u0456\u0447\u043d\u0438\u0439 \u0441\u0430\u0434 \u0423\u043d\u0456\u0432\u0435\u0440\u0441\u0438\u0442\u0435\u0442\u0441\u044c\u043a\u0430 \u0431\u0456\u0431\u043b\u0456\u043e\u0442\u0435\u043a\u0430 \u0426\u0435\u043d\u0442\u0440 \u0456\u043d\u0444\u043e\u0440\u043c\u0430\u0446\u0456\u0439\u043d\u043e-\u043a\u043e\u043c\u0443\u043d\u0456\u043a\u0430\u0446\u0456\u0439\u043d\u0438\u0445 \u0442\u0435\u0445\u043d\u043e\u043b\u043e\u0433\u0456\u0439 \u0421\u0442\u0443\u0434\u0435\u043d\u0442\u0441\u044c\u043a\u0456 \u0433\u0443\u0440\u0442\u043e\u0436\u0438\u0442\u043a\u0438 \u0442\u0430 \u0457\u0434\u0430\u043b\u044c\u043d\u0456 \u0423\u043d\u0456\u0432\u0435\u0440\u0441\u0438\u0442\u0435\u0442\u0441\u044c\u043a\u0438\u0439 \u043a\u043e\u043d\u0441\u0443\u043b\u044c\u0442\u0430\u0446\u0456\u0439\u043d\u0438\u0439 \u0446\u0435\u043d\u0442\u0440 (UNIPOC) \u0426\u0435\u043d\u0442\u0440 \u0431\u0435\u0437\u043f\u0435\u0440\u0435\u0440\u0432\u043d\u043e\u0457 \u043e\u0441\u0432\u0456\u0442\u0438 \u0422\u0435\u0445\u043d\u043e\u043b\u043e\u0433\u0456\u0447\u043d\u043e-\u0456\u043d\u043d\u043e\u0432\u0430\u0446\u0456\u0439\u043d\u0438\u0439 \u043f\u0430\u0440\u043a (\u0422\u0406\u041f-\u0423\u041f\u0419\u0428)<\/p>\n","protected":false},"author":1,"featured_media":0,"parent":44692,"menu_order":3,"comment_status":"closed","ping_status":"closed","template":"","meta":{"_acf_changed":false,"_editorskit_title_hidden":false,"_editorskit_reading_time":0,"_editorskit_is_block_options_detached":false,"_editorskit_block_options_position":"{}","footnotes":""},"categories":[],"tags":[],"class_list":["post-44661","page","type-page","status-publish","hentry"],"acf":{"acf_link_na_externy_obsah":""},"yoast_head":"<!-- This site is optimized with the Yoast SEO plugin v27.4 - https:\/\/yoast.com\/product\/yoast-seo-wordpress\/ -->\n<title>\u041e\u0440\u0433\u0430\u043d\u0456\u0437\u0430\u0446\u0456\u0439\u043d\u0430 \u0441\u0442\u0440\u0443\u043a\u0442\u0443\u0440\u0430 - UPJ\u0160 Ko\u0161ice<\/title>\n<meta name=\"robots\" content=\"index, follow, max-snippet:-1, max-image-preview:large, max-video-preview:-1\" \/>\n<link rel=\"canonical\" href=\"https:\/\/www.upjs.sk\/uk\/upjs\/organizacna-struktura\/\" \/>\n<meta property=\"og:locale\" content=\"uk_UA\" \/>\n<meta property=\"og:type\" content=\"article\" \/>\n<meta property=\"og:title\" content=\"\u041e\u0440\u0433\u0430\u043d\u0456\u0437\u0430\u0446\u0456\u0439\u043d\u0430 \u0441\u0442\u0440\u0443\u043a\u0442\u0443\u0440\u0430 - UPJ\u0160 Ko\u0161ice\" \/>\n<meta property=\"og:description\" content=\"\u0424\u0430\u043a\u0443\u043b\u044c\u0442\u0435\u0442\u0438 \u0406\u043d\u0441\u0442\u0438\u0442\u0443\u0442 \u0444\u0456\u0437\u0438\u0447\u043d\u043e\u0433\u043e \u0432\u0438\u0445\u043e\u0432\u0430\u043d\u043d\u044f \u0456 \u0441\u043f\u043e\u0440\u0442\u0443\u00a0 \u0411\u043e\u0442\u0430\u043d\u0456\u0447\u043d\u0438\u0439 \u0441\u0430\u0434 \u0423\u043d\u0456\u0432\u0435\u0440\u0441\u0438\u0442\u0435\u0442\u0441\u044c\u043a\u0430 \u0431\u0456\u0431\u043b\u0456\u043e\u0442\u0435\u043a\u0430 \u0426\u0435\u043d\u0442\u0440 \u0456\u043d\u0444\u043e\u0440\u043c\u0430\u0446\u0456\u0439\u043d\u043e-\u043a\u043e\u043c\u0443\u043d\u0456\u043a\u0430\u0446\u0456\u0439\u043d\u0438\u0445 \u0442\u0435\u0445\u043d\u043e\u043b\u043e\u0433\u0456\u0439 \u0421\u0442\u0443\u0434\u0435\u043d\u0442\u0441\u044c\u043a\u0456 \u0433\u0443\u0440\u0442\u043e\u0436\u0438\u0442\u043a\u0438 \u0442\u0430 \u0457\u0434\u0430\u043b\u044c\u043d\u0456 \u0423\u043d\u0456\u0432\u0435\u0440\u0441\u0438\u0442\u0435\u0442\u0441\u044c\u043a\u0438\u0439 \u043a\u043e\u043d\u0441\u0443\u043b\u044c\u0442\u0430\u0446\u0456\u0439\u043d\u0438\u0439 \u0446\u0435\u043d\u0442\u0440 (UNIPOC) \u0426\u0435\u043d\u0442\u0440 \u0431\u0435\u0437\u043f\u0435\u0440\u0435\u0440\u0432\u043d\u043e\u0457 \u043e\u0441\u0432\u0456\u0442\u0438 \u0422\u0435\u0445\u043d\u043e\u043b\u043e\u0433\u0456\u0447\u043d\u043e-\u0456\u043d\u043d\u043e\u0432\u0430\u0446\u0456\u0439\u043d\u0438\u0439 \u043f\u0430\u0440\u043a (\u0422\u0406\u041f-\u0423\u041f\u0419\u0428)\" \/>\n<meta property=\"og:url\" content=\"https:\/\/www.upjs.sk\/uk\/upjs\/organizacna-struktura\/\" \/>\n<meta property=\"og:site_name\" content=\"UPJ\u0160 Ko\u0161ice\" \/>\n<meta property=\"article:publisher\" content=\"https:\/\/www.facebook.com\/UniverzitaPavlaJozefaSafarikaVkosiciach\/\" \/>\n<meta property=\"article:modified_time\" content=\"2022-12-06T18:05:06+00:00\" \/>\n<meta name=\"twitter:card\" content=\"summary_large_image\" \/>\n<meta name=\"twitter:site\" content=\"@UPJS_kosice\" \/>\n<meta name=\"twitter:label1\" content=\"Est. reading time\" \/>\n\t<meta name=\"twitter:data1\" content=\"1 minute\" \/>\n<script type=\"application\/ld+json\" class=\"yoast-schema-graph\">{\"@context\":\"https:\\\/\\\/schema.org\",\"@graph\":[{\"@type\":\"WebPage\",\"@id\":\"https:\\\/\\\/www.upjs.sk\\\/uk\\\/upjs\\\/organizacna-struktura\\\/\",\"url\":\"https:\\\/\\\/www.upjs.sk\\\/uk\\\/upjs\\\/organizacna-struktura\\\/\",\"name\":\"\u041e\u0440\u0433\u0430\u043d\u0456\u0437\u0430\u0446\u0456\u0439\u043d\u0430 \u0441\u0442\u0440\u0443\u043a\u0442\u0443\u0440\u0430 - UPJ\u0160 Ko\u0161ice\",\"isPartOf\":{\"@id\":\"https:\\\/\\\/www.upjs.sk\\\/uk\\\/#website\"},\"datePublished\":\"2016-11-19T19:55:47+00:00\",\"dateModified\":\"2022-12-06T18:05:06+00:00\",\"breadcrumb\":{\"@id\":\"https:\\\/\\\/www.upjs.sk\\\/uk\\\/upjs\\\/organizacna-struktura\\\/#breadcrumb\"},\"inLanguage\":\"uk\",\"potentialAction\":[{\"@type\":\"ReadAction\",\"target\":[\"https:\\\/\\\/www.upjs.sk\\\/uk\\\/upjs\\\/organizacna-struktura\\\/\"]}]},{\"@type\":\"BreadcrumbList\",\"@id\":\"https:\\\/\\\/www.upjs.sk\\\/uk\\\/upjs\\\/organizacna-struktura\\\/#breadcrumb\",\"itemListElement\":[{\"@type\":\"ListItem\",\"position\":1,\"name\":\"Home\",\"item\":\"https:\\\/\\\/www.upjs.sk\\\/uk\\\/\"},{\"@type\":\"ListItem\",\"position\":2,\"name\":\"\u0413\u043e\u043b\u043e\u0432\u043d\u0430 \u0441\u0442\u043e\u0440\u0456\u043d\u043a\u0430\",\"item\":\"https:\\\/\\\/www.upjs.sk\\\/uk\\\/upjs\\\/\"},{\"@type\":\"ListItem\",\"position\":3,\"name\":\"\u041e\u0440\u0433\u0430\u043d\u0456\u0437\u0430\u0446\u0456\u0439\u043d\u0430 \u0441\u0442\u0440\u0443\u043a\u0442\u0443\u0440\u0430\"}]},{\"@type\":\"WebSite\",\"@id\":\"https:\\\/\\\/www.upjs.sk\\\/uk\\\/#website\",\"url\":\"https:\\\/\\\/www.upjs.sk\\\/uk\\\/\",\"name\":\"UPJ\u0160 Ko\u0161ice\",\"description\":\"m\u00fadros\u0165 minulosti \u2013 poznatky pr\u00edtomnosti \u2013 vzdelanie bud\u00facnosti\",\"publisher\":{\"@id\":\"https:\\\/\\\/www.upjs.sk\\\/uk\\\/#organization\"},\"potentialAction\":[{\"@type\":\"SearchAction\",\"target\":{\"@type\":\"EntryPoint\",\"urlTemplate\":\"https:\\\/\\\/www.upjs.sk\\\/uk\\\/?s={search_term_string}\"},\"query-input\":{\"@type\":\"PropertyValueSpecification\",\"valueRequired\":true,\"valueName\":\"search_term_string\"}}],\"inLanguage\":\"uk\"},{\"@type\":\"Organization\",\"@id\":\"https:\\\/\\\/www.upjs.sk\\\/uk\\\/#organization\",\"name\":\"UPJ\u0160 Ko\u0161ice\",\"url\":\"https:\\\/\\\/www.upjs.sk\\\/uk\\\/\",\"logo\":{\"@type\":\"ImageObject\",\"inLanguage\":\"uk\",\"@id\":\"https:\\\/\\\/www.upjs.sk\\\/uk\\\/#\\\/schema\\\/logo\\\/image\\\/\",\"url\":\"https:\\\/\\\/www.upjs.sk\\\/app\\\/uploads\\\/2022\\\/06\\\/LOGO-UPJS.png\",\"contentUrl\":\"https:\\\/\\\/www.upjs.sk\\\/app\\\/uploads\\\/2022\\\/06\\\/LOGO-UPJS.png\",\"width\":540,\"height\":125,\"caption\":\"UPJ\u0160 Ko\u0161ice\"},\"image\":{\"@id\":\"https:\\\/\\\/www.upjs.sk\\\/uk\\\/#\\\/schema\\\/logo\\\/image\\\/\"},\"sameAs\":[\"https:\\\/\\\/www.facebook.com\\\/UniverzitaPavlaJozefaSafarikaVkosiciach\\\/\",\"https:\\\/\\\/x.com\\\/UPJS_kosice\",\"https:\\\/\\\/www.instagram.com\\\/upjs_kosice\",\"https:\\\/\\\/www.linkedin.com\\\/company\\\/pavol-jozef-afrik-university-in-koice\\\/\"]}]}<\/script>\n<!-- \/ Yoast SEO plugin. -->","yoast_head_json":{"title":"\u041e\u0440\u0433\u0430\u043d\u0456\u0437\u0430\u0446\u0456\u0439\u043d\u0430 \u0441\u0442\u0440\u0443\u043a\u0442\u0443\u0440\u0430 - UPJ\u0160 Ko\u0161ice","robots":{"index":"index","follow":"follow","max-snippet":"max-snippet:-1","max-image-preview":"max-image-preview:large","max-video-preview":"max-video-preview:-1"},"canonical":"https:\/\/www.upjs.sk\/uk\/upjs\/organizacna-struktura\/","og_locale":"uk_UA","og_type":"article","og_title":"\u041e\u0440\u0433\u0430\u043d\u0456\u0437\u0430\u0446\u0456\u0439\u043d\u0430 \u0441\u0442\u0440\u0443\u043a\u0442\u0443\u0440\u0430 - UPJ\u0160 Ko\u0161ice","og_description":"\u0424\u0430\u043a\u0443\u043b\u044c\u0442\u0435\u0442\u0438 \u0406\u043d\u0441\u0442\u0438\u0442\u0443\u0442 \u0444\u0456\u0437\u0438\u0447\u043d\u043e\u0433\u043e \u0432\u0438\u0445\u043e\u0432\u0430\u043d\u043d\u044f \u0456 \u0441\u043f\u043e\u0440\u0442\u0443\u00a0 \u0411\u043e\u0442\u0430\u043d\u0456\u0447\u043d\u0438\u0439 \u0441\u0430\u0434 \u0423\u043d\u0456\u0432\u0435\u0440\u0441\u0438\u0442\u0435\u0442\u0441\u044c\u043a\u0430 \u0431\u0456\u0431\u043b\u0456\u043e\u0442\u0435\u043a\u0430 \u0426\u0435\u043d\u0442\u0440 \u0456\u043d\u0444\u043e\u0440\u043c\u0430\u0446\u0456\u0439\u043d\u043e-\u043a\u043e\u043c\u0443\u043d\u0456\u043a\u0430\u0446\u0456\u0439\u043d\u0438\u0445 \u0442\u0435\u0445\u043d\u043e\u043b\u043e\u0433\u0456\u0439 \u0421\u0442\u0443\u0434\u0435\u043d\u0442\u0441\u044c\u043a\u0456 \u0433\u0443\u0440\u0442\u043e\u0436\u0438\u0442\u043a\u0438 \u0442\u0430 \u0457\u0434\u0430\u043b\u044c\u043d\u0456 \u0423\u043d\u0456\u0432\u0435\u0440\u0441\u0438\u0442\u0435\u0442\u0441\u044c\u043a\u0438\u0439 \u043a\u043e\u043d\u0441\u0443\u043b\u044c\u0442\u0430\u0446\u0456\u0439\u043d\u0438\u0439 \u0446\u0435\u043d\u0442\u0440 (UNIPOC) \u0426\u0435\u043d\u0442\u0440 \u0431\u0435\u0437\u043f\u0435\u0440\u0435\u0440\u0432\u043d\u043e\u0457 \u043e\u0441\u0432\u0456\u0442\u0438 \u0422\u0435\u0445\u043d\u043e\u043b\u043e\u0433\u0456\u0447\u043d\u043e-\u0456\u043d\u043d\u043e\u0432\u0430\u0446\u0456\u0439\u043d\u0438\u0439 \u043f\u0430\u0440\u043a (\u0422\u0406\u041f-\u0423\u041f\u0419\u0428)","og_url":"https:\/\/www.upjs.sk\/uk\/upjs\/organizacna-struktura\/","og_site_name":"UPJ\u0160 Ko\u0161ice","article_publisher":"https:\/\/www.facebook.com\/UniverzitaPavlaJozefaSafarikaVkosiciach\/","article_modified_time":"2022-12-06T18:05:06+00:00","twitter_card":"summary_large_image","twitter_site":"@UPJS_kosice","twitter_misc":{"Est. reading time":"1 minute"},"schema":{"@context":"https:\/\/schema.org","@graph":[{"@type":"WebPage","@id":"https:\/\/www.upjs.sk\/uk\/upjs\/organizacna-struktura\/","url":"https:\/\/www.upjs.sk\/uk\/upjs\/organizacna-struktura\/","name":"\u041e\u0440\u0433\u0430\u043d\u0456\u0437\u0430\u0446\u0456\u0439\u043d\u0430 \u0441\u0442\u0440\u0443\u043a\u0442\u0443\u0440\u0430 - UPJ\u0160 Ko\u0161ice","isPartOf":{"@id":"https:\/\/www.upjs.sk\/uk\/#website"},"datePublished":"2016-11-19T19:55:47+00:00","dateModified":"2022-12-06T18:05:06+00:00","breadcrumb":{"@id":"https:\/\/www.upjs.sk\/uk\/upjs\/organizacna-struktura\/#breadcrumb"},"inLanguage":"uk","potentialAction":[{"@type":"ReadAction","target":["https:\/\/www.upjs.sk\/uk\/upjs\/organizacna-struktura\/"]}]},{"@type":"BreadcrumbList","@id":"https:\/\/www.upjs.sk\/uk\/upjs\/organizacna-struktura\/#breadcrumb","itemListElement":[{"@type":"ListItem","position":1,"name":"Home","item":"https:\/\/www.upjs.sk\/uk\/"},{"@type":"ListItem","position":2,"name":"\u0413\u043e\u043b\u043e\u0432\u043d\u0430 \u0441\u0442\u043e\u0440\u0456\u043d\u043a\u0430","item":"https:\/\/www.upjs.sk\/uk\/upjs\/"},{"@type":"ListItem","position":3,"name":"\u041e\u0440\u0433\u0430\u043d\u0456\u0437\u0430\u0446\u0456\u0439\u043d\u0430 \u0441\u0442\u0440\u0443\u043a\u0442\u0443\u0440\u0430"}]},{"@type":"WebSite","@id":"https:\/\/www.upjs.sk\/uk\/#website","url":"https:\/\/www.upjs.sk\/uk\/","name":"UPJ\u0160 Ko\u0161ice","description":"m\u00fadros\u0165 minulosti \u2013 poznatky pr\u00edtomnosti \u2013 vzdelanie bud\u00facnosti","publisher":{"@id":"https:\/\/www.upjs.sk\/uk\/#organization"},"potentialAction":[{"@type":"SearchAction","target":{"@type":"EntryPoint","urlTemplate":"https:\/\/www.upjs.sk\/uk\/?s={search_term_string}"},"query-input":{"@type":"PropertyValueSpecification","valueRequired":true,"valueName":"search_term_string"}}],"inLanguage":"uk"},{"@type":"Organization","@id":"https:\/\/www.upjs.sk\/uk\/#organization","name":"UPJ\u0160 Ko\u0161ice","url":"https:\/\/www.upjs.sk\/uk\/","logo":{"@type":"ImageObject","inLanguage":"uk","@id":"https:\/\/www.upjs.sk\/uk\/#\/schema\/logo\/image\/","url":"https:\/\/www.upjs.sk\/app\/uploads\/2022\/06\/LOGO-UPJS.png","contentUrl":"https:\/\/www.upjs.sk\/app\/uploads\/2022\/06\/LOGO-UPJS.png","width":540,"height":125,"caption":"UPJ\u0160 Ko\u0161ice"},"image":{"@id":"https:\/\/www.upjs.sk\/uk\/#\/schema\/logo\/image\/"},"sameAs":["https:\/\/www.facebook.com\/UniverzitaPavlaJozefaSafarikaVkosiciach\/","https:\/\/x.com\/UPJS_kosice","https:\/\/www.instagram.com\/upjs_kosice","https:\/\/www.linkedin.com\/company\/pavol-jozef-afrik-university-in-koice\/"]}]}},"_links":{"self":[{"href":"https:\/\/www.upjs.sk\/uk\/wp-json\/wp\/v2\/pages\/44661","targetHints":{"allow":["GET"]}}],"collection":[{"href":"https:\/\/www.upjs.sk\/uk\/wp-json\/wp\/v2\/pages"}],"about":[{"href":"https:\/\/www.upjs.sk\/uk\/wp-json\/wp\/v2\/types\/page"}],"author":[{"embeddable":true,"href":"https:\/\/www.upjs.sk\/uk\/wp-json\/wp\/v2\/users\/1"}],"replies":[{"embeddable":true,"href":"https:\/\/www.upjs.sk\/uk\/wp-json\/wp\/v2\/comments?post=44661"}],"version-history":[{"count":5,"href":"https:\/\/www.upjs.sk\/uk\/wp-json\/wp\/v2\/pages\/44661\/revisions"}],"predecessor-version":[{"id":45298,"href":"https:\/\/www.upjs.sk\/uk\/wp-json\/wp\/v2\/pages\/44661\/revisions\/45298"}],"up":[{"embeddable":true,"href":"https:\/\/www.upjs.sk\/uk\/wp-json\/wp\/v2\/pages\/44692"}],"wp:attachment":[{"href":"https:\/\/www.upjs.sk\/uk\/wp-json\/wp\/v2\/media?parent=44661"}],"wp:term":[{"taxonomy":"category","embeddable":true,"href":"https:\/\/www.upjs.sk\/uk\/wp-json\/wp\/v2\/categories?post=44661"},{"taxonomy":"post_tag","embeddable":true,"href":"https:\/\/www.upjs.sk\/uk\/wp-json\/wp\/v2\/tags?post=44661"}],"curies":[{"name":"wp","href":"https:\/\/api.w.org\/{rel}","templated":true}]}}