{"id":44717,"date":"2016-10-06T10:55:29","date_gmt":"2016-10-06T09:55:29","guid":{"rendered":"https:\/\/www.upjs.sk\/o-univerzite\/zaujemcovia-o-studium\/"},"modified":"2022-12-21T11:19:57","modified_gmt":"2022-12-21T10:19:57","slug":"zaujemcovia-o-studium","status":"publish","type":"page","link":"https:\/\/www.upjs.sk\/uk\/o-univerzite\/zaujemcovia-o-studium\/","title":{"rendered":"\u0412\u0441\u0442\u0443\u043f\u043d\u0438\u043a\u0443"},"content":{"rendered":"<p><span style=\"color: #ff0000\"><strong>\u041c\u043e\u0436\u043b\u0438\u0432\u043e\u0441\u0442\u0456 \u043d\u0430\u0432\u0447\u0430\u043d\u043d\u044f \u0443 2022-2023 \u043d\u0430\u0432\u0447\u0430\u043b\u044c\u043d\u043e\u043c\u0443 \u0440\u043e\u0446\u0456:<\/strong><\/span><\/p>\n<ul>\n<li><a href=\"https:\/\/www.upjs.sk\/app\/uploads\/2022\/11\/letakLF2022upjsUA.pdf\" target=\"_blank\" rel=\"noopener\">\u041c\u043e\u0436\u043b\u0438\u0432o\u0441\u0442\u0456 \u043d\u0430\u0432\u0447\u0430\u043d\u043d\u044f \u0443 2022-2023 \u043d. \u0440. \u043d\u0430 \u043c\u0435\u0434\u0438\u0447\u043d\u043e\u043c\u0443 \u0444\u0430\u043a\u0443\u043b\u044c\u0442\u0435\u0442\u0456<\/a><\/li>\n<li><a href=\"https:\/\/www.upjs.sk\/app\/uploads\/2022\/11\/letakPF2022upjsUA.pdf\" target=\"_blank\" rel=\"noopener\">\u041c\u043e\u0436\u043b\u0438\u0432o\u0441\u0442\u0456 \u043d\u0430\u0432\u0447\u0430\u043d\u043d\u044f \u0443 2022-2023\u00a0 \u043d. \u0440. \u043d\u0430 \u0444\u0430\u043a\u0443\u043b\u044c\u0442\u0435\u0442\u0456 \u043f\u0440\u0438\u0440\u043e\u0434\u043d\u0438\u0447\u0438\u0445 \u043d\u0430\u0443\u043a<\/a><\/li>\n<li><a href=\"https:\/\/www.upjs.sk\/app\/uploads\/2022\/11\/letakPravF2022upjsUA.pdf\" target=\"_blank\" rel=\"noopener\">\u041c\u043e\u0436\u043b\u0438\u0432o\u0441\u0442\u0456 \u043d\u0430\u0432\u0447\u0430\u043d\u043d\u044f \u0443 2022-2023\u00a0 \u043d. \u0440. \u043d\u0430 \u044e\u0440\u0438\u0434\u0438\u0447\u043d\u043e\u043c\u0443 \u0444\u0430\u043a\u0443\u043b\u044c\u0442\u0435\u0442\u0456<\/a><\/li>\n<li><a href=\"https:\/\/www.upjs.sk\/app\/uploads\/2022\/12\/letakFVS2022upjsUA.pdf\" target=\"_blank\" rel=\"noopener\">\u041c\u043e\u0436\u043b\u0438\u0432o\u0441\u0442\u0456 \u043d\u0430\u0432\u0447\u0430\u043d\u043d\u044f \u0443 2022-2023\u00a0 \u043d. \u0440. \u043d\u0430 \u0444\u0430\u043a\u0443\u043b\u044c\u0442\u0435\u0442\u0456 \u0434\u0435\u0440\u0436\u0430\u0432\u043d\u043e\u0433\u043e \u0443\u043f\u0440\u0430\u0432\u043b\u0456\u043d\u043d\u044f<\/a><\/li>\n<li><a href=\"https:\/\/www.upjs.sk\/app\/uploads\/2022\/11\/letakFF2022upjsUA.pdf\" target=\"_blank\" rel=\"noopener\">\u041c\u043e\u0436\u043b\u0438\u0432\u043e\u0441\u0442\u0456 \u043d\u0430\u0432\u0447\u0430\u043d\u043d\u044f \u0443 2022-2023\u00a0 \u043d. \u0440. \u043d\u0430 \u0444\u0456\u043b\u043e\u0441\u043e\u0444\u0441\u044c\u043a\u043e\u043c\u0443 \u0444\u0430\u043a\u0443\u043b\u044c\u0442\u0435\u0442\u0456<\/a><\/li>\n<li><a href=\"https:\/\/www.upjs.sk\/app\/uploads\/2022\/11\/letakUTVS2022upjsUA.pdf\" target=\"_blank\" rel=\"noopener\">\u041c\u043e\u0436\u043b\u0438\u0432\u043e\u0441\u0442\u0456 \u043d\u0430\u0432\u0447\u0430\u043d\u043d\u044f \u0443 2022-2023\u00a0 \u043d. \u0440. \u0432 \u0406\u043d\u0441\u0442\u0438\u0442\u0443\u0442\u0456 \u0444\u0456\u0437\u0438\u0447\u043d\u043e\u0457 \u043a\u0443\u043b\u044c\u0442\u0443\u0440\u0438 \u0456 \u0441\u043f\u043e\u0440\u0442\u0443<\/a><\/li>\n<\/ul>\n<p><strong><span style=\"color: #ff0000\"><br \/>\n\u041f\u0440\u043e\u0446\u0435\u0441 \u041d\u041e\u0421\u0422\u0420\u0418\u0424\u0406\u041a\u0410\u0426\u0406\u0407<\/span><\/strong><\/p>\n<ul>\n<li><a href=\"\/o-univerzite\/23408\/\">\u041f\u0435\u0440\u0435\u043b\u0456\u043a \u0434\u043e\u043a\u0443\u043c\u0435\u043d\u0442\u0456\u0432<\/a><\/li>\n<li><a href=\"https:\/\/www.minv.sk\/?nostrifikacia-dokladov&amp;subor=286567\">\u0420\u0430\u0439\u043e\u043d\u043d\u0438\u0439 \u043e\u0444\u0456\u0441<\/a><\/li>\n<\/ul>\n<hr \/>\n<p><a href=\"http:\/\/skkus.eastportal.sk\/language\/uk\/%D0%B4%D0%BE%D0%B4%D0%BE%D0%BC%D1%83\/\">\u0421\u043b\u043e\u0432\u0430\u0446\u044c\u043a\u0438\u0439 \u041a\u043e\u0440\u043f\u0443\u0441 \u0423\u043a\u0440\u0430\u0457\u043d\u0441\u044c\u043a\u043e\u0433\u043e \u0421\u0442\u0443\u0434\u0435\u043d\u0442\u0441\u0442\u0432\u0430<\/a><\/p>\n<p><strong style=\"text-align: -webkit-center\"><a href=\"https:\/\/www.upjs.sk\/uk\/o-univerzite\/zaujemcovia-o-studium\/%d0%b4%d0%b5%d0%bd%d1%8c-%d0%b2%d1%96%d0%b4%d0%ba%d1%80%d0%b8%d1%82%d0%b8%d1%85-%d0%b4%d0%b2%d0%b5%d1%80%d0%b5%d0%b9-%d1%83-%d0%ba%d0%be%d1%88%d0%b8%d1%86%d1%8c%d0%ba%d0%b8%d1%85-%d1%83%d0%bd%d1%96\/\">\u0414\u0435\u043d\u044c \u0432\u0456\u0434\u043a\u0440\u0438\u0442\u0438\u0445 \u0434\u0432\u0435\u0440\u0435\u0439<\/a> \u0443 \u043a\u043e\u0448\u0438\u0446\u044c\u043a\u0438\u0445 \u0443\u043d\u0456\u0432\u0435\u0440\u0441\u0438\u0442\u0435\u0442\u0430\u0445 \u0434\u043b\u044f \u0430\u0431\u0456\u0442\u0443\u0440\u0456\u0454\u043d\u0442\u0456\u0432 \u0437 \u0423\u043a\u0440\u0430\u0457\u043d\u0438<\/strong><\/p>\n","protected":false},"excerpt":{"rendered":"<p>\u041c\u043e\u0436\u043b\u0438\u0432\u043e\u0441\u0442\u0456 \u043d\u0430\u0432\u0447\u0430\u043d\u043d\u044f \u0443 2022-2023 \u043d\u0430\u0432\u0447\u0430\u043b\u044c\u043d\u043e\u043c\u0443 \u0440\u043e\u0446\u0456: \u041c\u043e\u0436\u043b\u0438\u0432o\u0441\u0442\u0456 \u043d\u0430\u0432\u0447\u0430\u043d\u043d\u044f \u0443 2022-2023 \u043d. \u0440. \u043d\u0430 \u043c\u0435\u0434\u0438\u0447\u043d\u043e\u043c\u0443 \u0444\u0430\u043a\u0443\u043b\u044c\u0442\u0435\u0442\u0456 \u041c\u043e\u0436\u043b\u0438\u0432o\u0441\u0442\u0456 \u043d\u0430\u0432\u0447\u0430\u043d\u043d\u044f \u0443 2022-2023\u00a0 \u043d. \u0440. \u043d\u0430 \u0444\u0430\u043a\u0443\u043b\u044c\u0442\u0435\u0442\u0456 \u043f\u0440\u0438\u0440\u043e\u0434\u043d\u0438\u0447\u0438\u0445 \u043d\u0430\u0443\u043a \u041c\u043e\u0436\u043b\u0438\u0432o\u0441\u0442\u0456 \u043d\u0430\u0432\u0447\u0430\u043d\u043d\u044f \u0443 2022-2023\u00a0 \u043d. \u0440. \u043d\u0430 \u044e\u0440\u0438\u0434\u0438\u0447\u043d\u043e\u043c\u0443 \u0444\u0430\u043a\u0443\u043b\u044c\u0442\u0435\u0442\u0456 \u041c\u043e\u0436\u043b\u0438\u0432o\u0441\u0442\u0456 \u043d\u0430\u0432\u0447\u0430\u043d\u043d\u044f \u0443 2022-2023\u00a0 \u043d. \u0440. \u043d\u0430 \u0444\u0430\u043a\u0443\u043b\u044c\u0442\u0435\u0442\u0456 \u0434\u0435\u0440\u0436\u0430\u0432\u043d\u043e\u0433\u043e \u0443\u043f\u0440\u0430\u0432\u043b\u0456\u043d\u043d\u044f \u041c\u043e\u0436\u043b\u0438\u0432\u043e\u0441\u0442\u0456 \u043d\u0430\u0432\u0447\u0430\u043d\u043d\u044f \u0443 2022-2023\u00a0 \u043d. \u0440. \u043d\u0430 \u0444\u0456\u043b\u043e\u0441\u043e\u0444\u0441\u044c\u043a\u043e\u043c\u0443 \u0444\u0430\u043a\u0443\u043b\u044c\u0442\u0435\u0442\u0456 \u041c\u043e\u0436\u043b\u0438\u0432\u043e\u0441\u0442\u0456 \u043d\u0430\u0432\u0447\u0430\u043d\u043d\u044f &hellip; <a href=\"https:\/\/www.upjs.sk\/uk\/o-univerzite\/zaujemcovia-o-studium\/\">Continued<\/a><\/p>\n","protected":false},"author":1,"featured_media":14212,"parent":44712,"menu_order":1,"comment_status":"closed","ping_status":"closed","template":"","meta":{"_acf_changed":false,"_editorskit_title_hidden":false,"_editorskit_reading_time":1,"_editorskit_is_block_options_detached":false,"_editorskit_block_options_position":"{}","footnotes":""},"categories":[],"tags":[],"class_list":["post-44717","page","type-page","status-publish","has-post-thumbnail","hentry"],"acf":{"acf_link_na_externy_obsah":""},"yoast_head":"<!-- This site is optimized with the Yoast SEO plugin v27.2 - https:\/\/yoast.com\/product\/yoast-seo-wordpress\/ -->\n<title>\u0412\u0441\u0442\u0443\u043f\u043d\u0438\u043a\u0443 - UPJ\u0160 Ko\u0161ice<\/title>\n<meta name=\"robots\" content=\"index, follow, max-snippet:-1, max-image-preview:large, max-video-preview:-1\" \/>\n<link rel=\"canonical\" href=\"https:\/\/www.upjs.sk\/uk\/o-univerzite\/zaujemcovia-o-studium\/\" \/>\n<meta property=\"og:locale\" content=\"uk_UA\" \/>\n<meta property=\"og:type\" content=\"article\" \/>\n<meta property=\"og:title\" content=\"\u0412\u0441\u0442\u0443\u043f\u043d\u0438\u043a\u0443 - UPJ\u0160 Ko\u0161ice\" \/>\n<meta property=\"og:description\" content=\"\u041c\u043e\u0436\u043b\u0438\u0432\u043e\u0441\u0442\u0456 \u043d\u0430\u0432\u0447\u0430\u043d\u043d\u044f \u0443 2022-2023 \u043d\u0430\u0432\u0447\u0430\u043b\u044c\u043d\u043e\u043c\u0443 \u0440\u043e\u0446\u0456: \u041c\u043e\u0436\u043b\u0438\u0432o\u0441\u0442\u0456 \u043d\u0430\u0432\u0447\u0430\u043d\u043d\u044f \u0443 2022-2023 \u043d. \u0440. \u043d\u0430 \u043c\u0435\u0434\u0438\u0447\u043d\u043e\u043c\u0443 \u0444\u0430\u043a\u0443\u043b\u044c\u0442\u0435\u0442\u0456 \u041c\u043e\u0436\u043b\u0438\u0432o\u0441\u0442\u0456 \u043d\u0430\u0432\u0447\u0430\u043d\u043d\u044f \u0443 2022-2023\u00a0 \u043d. \u0440. \u043d\u0430 \u0444\u0430\u043a\u0443\u043b\u044c\u0442\u0435\u0442\u0456 \u043f\u0440\u0438\u0440\u043e\u0434\u043d\u0438\u0447\u0438\u0445 \u043d\u0430\u0443\u043a \u041c\u043e\u0436\u043b\u0438\u0432o\u0441\u0442\u0456 \u043d\u0430\u0432\u0447\u0430\u043d\u043d\u044f \u0443 2022-2023\u00a0 \u043d. \u0440. \u043d\u0430 \u044e\u0440\u0438\u0434\u0438\u0447\u043d\u043e\u043c\u0443 \u0444\u0430\u043a\u0443\u043b\u044c\u0442\u0435\u0442\u0456 \u041c\u043e\u0436\u043b\u0438\u0432o\u0441\u0442\u0456 \u043d\u0430\u0432\u0447\u0430\u043d\u043d\u044f \u0443 2022-2023\u00a0 \u043d. \u0440. \u043d\u0430 \u0444\u0430\u043a\u0443\u043b\u044c\u0442\u0435\u0442\u0456 \u0434\u0435\u0440\u0436\u0430\u0432\u043d\u043e\u0433\u043e \u0443\u043f\u0440\u0430\u0432\u043b\u0456\u043d\u043d\u044f \u041c\u043e\u0436\u043b\u0438\u0432\u043e\u0441\u0442\u0456 \u043d\u0430\u0432\u0447\u0430\u043d\u043d\u044f \u0443 2022-2023\u00a0 \u043d. \u0440. \u043d\u0430 \u0444\u0456\u043b\u043e\u0441\u043e\u0444\u0441\u044c\u043a\u043e\u043c\u0443 \u0444\u0430\u043a\u0443\u043b\u044c\u0442\u0435\u0442\u0456 \u041c\u043e\u0436\u043b\u0438\u0432\u043e\u0441\u0442\u0456 \u043d\u0430\u0432\u0447\u0430\u043d\u043d\u044f &hellip; Continued\" \/>\n<meta property=\"og:url\" content=\"https:\/\/www.upjs.sk\/uk\/o-univerzite\/zaujemcovia-o-studium\/\" \/>\n<meta property=\"og:site_name\" content=\"UPJ\u0160 Ko\u0161ice\" \/>\n<meta property=\"article:publisher\" content=\"https:\/\/www.facebook.com\/UniverzitaPavlaJozefaSafarikaVkosiciach\/\" \/>\n<meta property=\"article:modified_time\" content=\"2022-12-21T10:19:57+00:00\" \/>\n<meta property=\"og:image\" content=\"https:\/\/www.upjs.sk\/app\/uploads\/2022\/10\/dod2017UA12.jpg\" \/>\n\t<meta property=\"og:image:width\" content=\"600\" \/>\n\t<meta property=\"og:image:height\" content=\"400\" \/>\n\t<meta property=\"og:image:type\" content=\"image\/jpeg\" \/>\n<meta name=\"twitter:card\" content=\"summary_large_image\" \/>\n<meta name=\"twitter:site\" content=\"@UPJS_kosice\" \/>\n<meta name=\"twitter:label1\" content=\"Est. reading time\" \/>\n\t<meta name=\"twitter:data1\" content=\"1 minute\" \/>\n<script type=\"application\/ld+json\" class=\"yoast-schema-graph\">{\"@context\":\"https:\/\/schema.org\",\"@graph\":[{\"@type\":\"WebPage\",\"@id\":\"https:\/\/www.upjs.sk\/uk\/o-univerzite\/zaujemcovia-o-studium\/\",\"url\":\"https:\/\/www.upjs.sk\/uk\/o-univerzite\/zaujemcovia-o-studium\/\",\"name\":\"\u0412\u0441\u0442\u0443\u043f\u043d\u0438\u043a\u0443 - UPJ\u0160 Ko\u0161ice\",\"isPartOf\":{\"@id\":\"https:\/\/www.upjs.sk\/uk\/#website\"},\"primaryImageOfPage\":{\"@id\":\"https:\/\/www.upjs.sk\/uk\/o-univerzite\/zaujemcovia-o-studium\/#primaryimage\"},\"image\":{\"@id\":\"https:\/\/www.upjs.sk\/uk\/o-univerzite\/zaujemcovia-o-studium\/#primaryimage\"},\"thumbnailUrl\":\"https:\/\/www.upjs.sk\/app\/uploads\/2022\/10\/dod2017UA12.jpg\",\"datePublished\":\"2016-10-06T09:55:29+00:00\",\"dateModified\":\"2022-12-21T10:19:57+00:00\",\"breadcrumb\":{\"@id\":\"https:\/\/www.upjs.sk\/uk\/o-univerzite\/zaujemcovia-o-studium\/#breadcrumb\"},\"inLanguage\":\"uk\",\"potentialAction\":[{\"@type\":\"ReadAction\",\"target\":[\"https:\/\/www.upjs.sk\/uk\/o-univerzite\/zaujemcovia-o-studium\/\"]}]},{\"@type\":\"ImageObject\",\"inLanguage\":\"uk\",\"@id\":\"https:\/\/www.upjs.sk\/uk\/o-univerzite\/zaujemcovia-o-studium\/#primaryimage\",\"url\":\"https:\/\/www.upjs.sk\/app\/uploads\/2022\/10\/dod2017UA12.jpg\",\"contentUrl\":\"https:\/\/www.upjs.sk\/app\/uploads\/2022\/10\/dod2017UA12.jpg\",\"width\":600,\"height\":400},{\"@type\":\"BreadcrumbList\",\"@id\":\"https:\/\/www.upjs.sk\/uk\/o-univerzite\/zaujemcovia-o-studium\/#breadcrumb\",\"itemListElement\":[{\"@type\":\"ListItem\",\"position\":1,\"name\":\"Home\",\"item\":\"https:\/\/www.upjs.sk\/uk\/\"},{\"@type\":\"ListItem\",\"position\":2,\"name\":\"\u041f\u0440\u043e \u0423\u043d\u0456\u0432\u0435\u0440\u0441\u0438\u0442\u0435\u0442\",\"item\":\"https:\/\/www.upjs.sk\/uk\/o-univerzite\/\"},{\"@type\":\"ListItem\",\"position\":3,\"name\":\"\u0412\u0441\u0442\u0443\u043f\u043d\u0438\u043a\u0443\"}]},{\"@type\":\"WebSite\",\"@id\":\"https:\/\/www.upjs.sk\/uk\/#website\",\"url\":\"https:\/\/www.upjs.sk\/uk\/\",\"name\":\"UPJ\u0160 Ko\u0161ice\",\"description\":\"m\u00fadros\u0165 minulosti \u2013 poznatky pr\u00edtomnosti \u2013 vzdelanie bud\u00facnosti\",\"publisher\":{\"@id\":\"https:\/\/www.upjs.sk\/uk\/#organization\"},\"potentialAction\":[{\"@type\":\"SearchAction\",\"target\":{\"@type\":\"EntryPoint\",\"urlTemplate\":\"https:\/\/www.upjs.sk\/uk\/?s={search_term_string}\"},\"query-input\":{\"@type\":\"PropertyValueSpecification\",\"valueRequired\":true,\"valueName\":\"search_term_string\"}}],\"inLanguage\":\"uk\"},{\"@type\":\"Organization\",\"@id\":\"https:\/\/www.upjs.sk\/uk\/#organization\",\"name\":\"UPJ\u0160 Ko\u0161ice\",\"url\":\"https:\/\/www.upjs.sk\/uk\/\",\"logo\":{\"@type\":\"ImageObject\",\"inLanguage\":\"uk\",\"@id\":\"https:\/\/www.upjs.sk\/uk\/#\/schema\/logo\/image\/\",\"url\":\"https:\/\/www.upjs.sk\/app\/uploads\/2022\/06\/LOGO-UPJS.png\",\"contentUrl\":\"https:\/\/www.upjs.sk\/app\/uploads\/2022\/06\/LOGO-UPJS.png\",\"width\":540,\"height\":125,\"caption\":\"UPJ\u0160 Ko\u0161ice\"},\"image\":{\"@id\":\"https:\/\/www.upjs.sk\/uk\/#\/schema\/logo\/image\/\"},\"sameAs\":[\"https:\/\/www.facebook.com\/UniverzitaPavlaJozefaSafarikaVkosiciach\/\",\"https:\/\/x.com\/UPJS_kosice\",\"https:\/\/www.instagram.com\/upjs_kosice\",\"https:\/\/www.linkedin.com\/company\/pavol-jozef-afrik-university-in-koice\/\"]}]}<\/script>\n<!-- \/ Yoast SEO plugin. -->","yoast_head_json":{"title":"\u0412\u0441\u0442\u0443\u043f\u043d\u0438\u043a\u0443 - UPJ\u0160 Ko\u0161ice","robots":{"index":"index","follow":"follow","max-snippet":"max-snippet:-1","max-image-preview":"max-image-preview:large","max-video-preview":"max-video-preview:-1"},"canonical":"https:\/\/www.upjs.sk\/uk\/o-univerzite\/zaujemcovia-o-studium\/","og_locale":"uk_UA","og_type":"article","og_title":"\u0412\u0441\u0442\u0443\u043f\u043d\u0438\u043a\u0443 - UPJ\u0160 Ko\u0161ice","og_description":"\u041c\u043e\u0436\u043b\u0438\u0432\u043e\u0441\u0442\u0456 \u043d\u0430\u0432\u0447\u0430\u043d\u043d\u044f \u0443 2022-2023 \u043d\u0430\u0432\u0447\u0430\u043b\u044c\u043d\u043e\u043c\u0443 \u0440\u043e\u0446\u0456: \u041c\u043e\u0436\u043b\u0438\u0432o\u0441\u0442\u0456 \u043d\u0430\u0432\u0447\u0430\u043d\u043d\u044f \u0443 2022-2023 \u043d. \u0440. \u043d\u0430 \u043c\u0435\u0434\u0438\u0447\u043d\u043e\u043c\u0443 \u0444\u0430\u043a\u0443\u043b\u044c\u0442\u0435\u0442\u0456 \u041c\u043e\u0436\u043b\u0438\u0432o\u0441\u0442\u0456 \u043d\u0430\u0432\u0447\u0430\u043d\u043d\u044f \u0443 2022-2023\u00a0 \u043d. \u0440. \u043d\u0430 \u0444\u0430\u043a\u0443\u043b\u044c\u0442\u0435\u0442\u0456 \u043f\u0440\u0438\u0440\u043e\u0434\u043d\u0438\u0447\u0438\u0445 \u043d\u0430\u0443\u043a \u041c\u043e\u0436\u043b\u0438\u0432o\u0441\u0442\u0456 \u043d\u0430\u0432\u0447\u0430\u043d\u043d\u044f \u0443 2022-2023\u00a0 \u043d. \u0440. \u043d\u0430 \u044e\u0440\u0438\u0434\u0438\u0447\u043d\u043e\u043c\u0443 \u0444\u0430\u043a\u0443\u043b\u044c\u0442\u0435\u0442\u0456 \u041c\u043e\u0436\u043b\u0438\u0432o\u0441\u0442\u0456 \u043d\u0430\u0432\u0447\u0430\u043d\u043d\u044f \u0443 2022-2023\u00a0 \u043d. \u0440. \u043d\u0430 \u0444\u0430\u043a\u0443\u043b\u044c\u0442\u0435\u0442\u0456 \u0434\u0435\u0440\u0436\u0430\u0432\u043d\u043e\u0433\u043e \u0443\u043f\u0440\u0430\u0432\u043b\u0456\u043d\u043d\u044f \u041c\u043e\u0436\u043b\u0438\u0432\u043e\u0441\u0442\u0456 \u043d\u0430\u0432\u0447\u0430\u043d\u043d\u044f \u0443 2022-2023\u00a0 \u043d. \u0440. \u043d\u0430 \u0444\u0456\u043b\u043e\u0441\u043e\u0444\u0441\u044c\u043a\u043e\u043c\u0443 \u0444\u0430\u043a\u0443\u043b\u044c\u0442\u0435\u0442\u0456 \u041c\u043e\u0436\u043b\u0438\u0432\u043e\u0441\u0442\u0456 \u043d\u0430\u0432\u0447\u0430\u043d\u043d\u044f &hellip; Continued","og_url":"https:\/\/www.upjs.sk\/uk\/o-univerzite\/zaujemcovia-o-studium\/","og_site_name":"UPJ\u0160 Ko\u0161ice","article_publisher":"https:\/\/www.facebook.com\/UniverzitaPavlaJozefaSafarikaVkosiciach\/","article_modified_time":"2022-12-21T10:19:57+00:00","og_image":[{"width":600,"height":400,"url":"https:\/\/www.upjs.sk\/app\/uploads\/2022\/10\/dod2017UA12.jpg","type":"image\/jpeg"}],"twitter_card":"summary_large_image","twitter_site":"@UPJS_kosice","twitter_misc":{"Est. reading time":"1 minute"},"schema":{"@context":"https:\/\/schema.org","@graph":[{"@type":"WebPage","@id":"https:\/\/www.upjs.sk\/uk\/o-univerzite\/zaujemcovia-o-studium\/","url":"https:\/\/www.upjs.sk\/uk\/o-univerzite\/zaujemcovia-o-studium\/","name":"\u0412\u0441\u0442\u0443\u043f\u043d\u0438\u043a\u0443 - UPJ\u0160 Ko\u0161ice","isPartOf":{"@id":"https:\/\/www.upjs.sk\/uk\/#website"},"primaryImageOfPage":{"@id":"https:\/\/www.upjs.sk\/uk\/o-univerzite\/zaujemcovia-o-studium\/#primaryimage"},"image":{"@id":"https:\/\/www.upjs.sk\/uk\/o-univerzite\/zaujemcovia-o-studium\/#primaryimage"},"thumbnailUrl":"https:\/\/www.upjs.sk\/app\/uploads\/2022\/10\/dod2017UA12.jpg","datePublished":"2016-10-06T09:55:29+00:00","dateModified":"2022-12-21T10:19:57+00:00","breadcrumb":{"@id":"https:\/\/www.upjs.sk\/uk\/o-univerzite\/zaujemcovia-o-studium\/#breadcrumb"},"inLanguage":"uk","potentialAction":[{"@type":"ReadAction","target":["https:\/\/www.upjs.sk\/uk\/o-univerzite\/zaujemcovia-o-studium\/"]}]},{"@type":"ImageObject","inLanguage":"uk","@id":"https:\/\/www.upjs.sk\/uk\/o-univerzite\/zaujemcovia-o-studium\/#primaryimage","url":"https:\/\/www.upjs.sk\/app\/uploads\/2022\/10\/dod2017UA12.jpg","contentUrl":"https:\/\/www.upjs.sk\/app\/uploads\/2022\/10\/dod2017UA12.jpg","width":600,"height":400},{"@type":"BreadcrumbList","@id":"https:\/\/www.upjs.sk\/uk\/o-univerzite\/zaujemcovia-o-studium\/#breadcrumb","itemListElement":[{"@type":"ListItem","position":1,"name":"Home","item":"https:\/\/www.upjs.sk\/uk\/"},{"@type":"ListItem","position":2,"name":"\u041f\u0440\u043e \u0423\u043d\u0456\u0432\u0435\u0440\u0441\u0438\u0442\u0435\u0442","item":"https:\/\/www.upjs.sk\/uk\/o-univerzite\/"},{"@type":"ListItem","position":3,"name":"\u0412\u0441\u0442\u0443\u043f\u043d\u0438\u043a\u0443"}]},{"@type":"WebSite","@id":"https:\/\/www.upjs.sk\/uk\/#website","url":"https:\/\/www.upjs.sk\/uk\/","name":"UPJ\u0160 Ko\u0161ice","description":"m\u00fadros\u0165 minulosti \u2013 poznatky pr\u00edtomnosti \u2013 vzdelanie bud\u00facnosti","publisher":{"@id":"https:\/\/www.upjs.sk\/uk\/#organization"},"potentialAction":[{"@type":"SearchAction","target":{"@type":"EntryPoint","urlTemplate":"https:\/\/www.upjs.sk\/uk\/?s={search_term_string}"},"query-input":{"@type":"PropertyValueSpecification","valueRequired":true,"valueName":"search_term_string"}}],"inLanguage":"uk"},{"@type":"Organization","@id":"https:\/\/www.upjs.sk\/uk\/#organization","name":"UPJ\u0160 Ko\u0161ice","url":"https:\/\/www.upjs.sk\/uk\/","logo":{"@type":"ImageObject","inLanguage":"uk","@id":"https:\/\/www.upjs.sk\/uk\/#\/schema\/logo\/image\/","url":"https:\/\/www.upjs.sk\/app\/uploads\/2022\/06\/LOGO-UPJS.png","contentUrl":"https:\/\/www.upjs.sk\/app\/uploads\/2022\/06\/LOGO-UPJS.png","width":540,"height":125,"caption":"UPJ\u0160 Ko\u0161ice"},"image":{"@id":"https:\/\/www.upjs.sk\/uk\/#\/schema\/logo\/image\/"},"sameAs":["https:\/\/www.facebook.com\/UniverzitaPavlaJozefaSafarikaVkosiciach\/","https:\/\/x.com\/UPJS_kosice","https:\/\/www.instagram.com\/upjs_kosice","https:\/\/www.linkedin.com\/company\/pavol-jozef-afrik-university-in-koice\/"]}]}},"_links":{"self":[{"href":"https:\/\/www.upjs.sk\/uk\/wp-json\/wp\/v2\/pages\/44717","targetHints":{"allow":["GET"]}}],"collection":[{"href":"https:\/\/www.upjs.sk\/uk\/wp-json\/wp\/v2\/pages"}],"about":[{"href":"https:\/\/www.upjs.sk\/uk\/wp-json\/wp\/v2\/types\/page"}],"author":[{"embeddable":true,"href":"https:\/\/www.upjs.sk\/uk\/wp-json\/wp\/v2\/users\/1"}],"replies":[{"embeddable":true,"href":"https:\/\/www.upjs.sk\/uk\/wp-json\/wp\/v2\/comments?post=44717"}],"version-history":[{"count":13,"href":"https:\/\/www.upjs.sk\/uk\/wp-json\/wp\/v2\/pages\/44717\/revisions"}],"predecessor-version":[{"id":45840,"href":"https:\/\/www.upjs.sk\/uk\/wp-json\/wp\/v2\/pages\/44717\/revisions\/45840"}],"up":[{"embeddable":true,"href":"https:\/\/www.upjs.sk\/uk\/wp-json\/wp\/v2\/pages\/44712"}],"wp:featuredmedia":[{"embeddable":true,"href":"https:\/\/www.upjs.sk\/uk\/wp-json\/wp\/v2\/media\/14212"}],"wp:attachment":[{"href":"https:\/\/www.upjs.sk\/uk\/wp-json\/wp\/v2\/media?parent=44717"}],"wp:term":[{"taxonomy":"category","embeddable":true,"href":"https:\/\/www.upjs.sk\/uk\/wp-json\/wp\/v2\/categories?post=44717"},{"taxonomy":"post_tag","embeddable":true,"href":"https:\/\/www.upjs.sk\/uk\/wp-json\/wp\/v2\/tags?post=44717"}],"curies":[{"name":"wp","href":"https:\/\/api.w.org\/{rel}","templated":true}]}}