{"id":85613,"date":"2024-04-30T09:14:44","date_gmt":"2024-04-30T07:14:44","guid":{"rendered":"https:\/\/www.upjs.sk\/ombudsmanka\/"},"modified":"2025-02-03T15:48:56","modified_gmt":"2025-02-03T14:48:56","slug":"ombudsmanka","status":"publish","type":"page","link":"https:\/\/www.upjs.sk\/uk\/ombudsmanka\/","title":{"rendered":"\u041e\u043c\u0431\u0443\u0434\u0441\u043c\u0435\u043d\u043a\u0430"},"content":{"rendered":"\n<p>\u0417 1 \u043a\u0432\u0456\u0442\u043d\u044f 2024 \u0440\u043e\u043a\u0443 \u043f\u0440\u0430\u0446\u044e\u0454 \u0432 \u0423\u041f\u0419\u0428  \u0432 \u041a\u043e\u0448\u0438\u0446\u044f\u0445 \u0437\u0430\u0445\u0438\u0441\u043d\u0438\u043a \u043f\u0440\u0430\u0432 \u0441\u0442\u0443\u0434\u0435\u043d\u0442\u0456\u0432 \u0456 \u0441\u043f\u0456\u0432\u0440\u043e\u0431\u0456\u0442\u043d\u0438\u043a\u0456\u0432 \u0443\u043d\u0456\u0432\u0435\u0440\u0441\u0438\u0442\u0435\u0442\u0443 \u0432 \u0441\u0438\u0442\u0443\u0430\u0446\u0456\u044f\u0445, \u0432 \u044f\u043a\u0438\u0445 \u0457\u0445\u043d\u0456 \u043f\u0440\u0430\u0432\u0430 \u0442\u0430 \u0456\u043d\u0442\u0435\u0440\u0435\u0441\u0438, \u0437\u0430\u0445\u0438\u0449\u0435\u043d\u0456 \u0437\u0430\u043a\u043e\u043d\u043e\u043c, \u043c\u043e\u0436\u0443\u0442\u044c \u0431\u0443\u0442\u0438, \u0437\u043d\u0430\u0445\u043e\u0434\u044f\u0442\u044c\u0441\u044f \u0430\u0431\u043e \u043f\u0435\u0440\u0435\u0431\u0443\u0432\u0430\u043b\u0438 \u043f\u0456\u0434 \u0437\u0430\u0433\u0440\u043e\u0437\u043e\u044e \u0432 \u0440\u0435\u0437\u0443\u043b\u044c\u0442\u0430\u0442\u0456 \u043d\u0435\u043d\u0430\u043b\u0435\u0436\u043d\u043e\u0433\u043e \u0430\u0431\u043e \u0440\u0456\u0437\u043d\u043e\u0433\u043e \u0441\u0442\u0430\u0432\u043b\u0435\u043d\u043d\u044f, \u043a\u043e\u043d\u0444\u043b\u0456\u043a\u0442\u043d\u043e\u0457 \u0441\u0438\u0442\u0443\u0430\u0446\u0456\u0457, \u0431\u0435\u0437\u0434\u0456\u044f\u043b\u044c\u043d\u043e\u0441\u0442\u0456 \u0432\u043b\u0430\u0434\u0438, \u044f\u043a\u0430 \u043c\u0430\u043b\u0430 \u0431 \u0434\u0456\u044f\u0442\u0438 \u0442\u043e\u0449\u043e.<\/p>\n\n\n\n<p>\u041f\u043e\u0441\u0430\u0434\u0443 \u043e\u043c\u0431\u0443\u0434\u0441\u043c\u0435\u043d\u043a\u0438 \u0423\u043d\u0456\u0432\u0435\u0440\u0441\u0438\u0442\u0435\u0442\u0443 \u041f\u0430\u0432\u043b\u0430 \u0419\u043e\u0437\u0435\u0444\u0430 \u0428\u0430\u0444\u0430\u0440\u0438\u043a\u0430 \u0432 \u041a\u043e\u0448\u0438\u0446\u044f\u0445 \u0437\u0430\u0439\u043c\u0430\u0454 \u043f\u0440\u043e\u0444. \u0447. \u0432. \u0434\u043e\u043a. \u042e\u0414\u0440. M\u00e1ria Buj\u0148\u00e1kov\u00e1, CSc., \u044e\u0440\u0438\u0441\u0442 \u0437 \u0431\u0430\u0433\u0430\u0442\u043e\u0440\u0456\u0447\u043d\u0438\u043c \u0434\u043e\u0441\u0432\u0456\u0434\u043e\u043c. \u041f\u0440\u0438 \u0432\u0438\u043a\u043e\u043d\u0430\u043d\u043d\u0456 \u0457\u0457 \u0434\u0456\u044f\u043b\u044c\u043d\u043e\u0441\u0442\u0456 \u0433\u0430\u0440\u0430\u043d\u0442\u0443\u0454\u0442\u044c\u0441\u044f \u043a\u043e\u043d\u0444\u0456\u0434\u0435\u043d\u0446\u0456\u0439\u043d\u0456\u0441\u0442\u044c, \u043d\u0435\u0443\u043f\u0435\u0440\u0435\u0434\u0436\u0435\u043d\u0456\u0441\u0442\u044c \u0456 \u0441\u043f\u0440\u0430\u0432\u0435\u0434\u043b\u0438\u0432\u0456\u0441\u0442\u044c.<\/p>\n\n\n<style>.kb-row-layout-id85613_f684b0-11 > .kt-row-column-wrap{align-content:start;}:where(.kb-row-layout-id85613_f684b0-11 > .kt-row-column-wrap) > .wp-block-kadence-column{justify-content:start;}.kb-row-layout-id85613_f684b0-11 > .kt-row-column-wrap{column-gap:var(--global-kb-gap-md, 2rem);row-gap:var(--global-kb-gap-md, 2rem);padding-top:var(--global-kb-spacing-xxs, 0.5rem);padding-bottom:var(--global-kb-spacing-xxs, 0.5rem);grid-template-columns:minmax(0, calc(40% - ((var(--global-kb-gap-md, 2rem) * 1 )\/2)))minmax(0, calc(60% - ((var(--global-kb-gap-md, 2rem) * 1 )\/2)));}.kb-row-layout-id85613_f684b0-11 > .kt-row-layout-overlay{opacity:0.30;}@media all and (max-width: 1024px){.kb-row-layout-id85613_f684b0-11 > .kt-row-column-wrap{grid-template-columns:minmax(0, 1fr) minmax(0, 2fr);}}@media all and (max-width: 767px){.kb-row-layout-id85613_f684b0-11 > .kt-row-column-wrap{grid-template-columns:minmax(0, 1fr);}}<\/style><div class=\"kb-row-layout-wrap kb-row-layout-id85613_f684b0-11 alignnone wp-block-kadence-rowlayout\"><div class=\"kt-row-column-wrap kt-has-2-columns kt-row-layout-right-golden kt-tab-layout-inherit kt-mobile-layout-row kt-row-valign-top\">\n<style>.kadence-column85613_39af54-86 > .kt-inside-inner-col,.kadence-column85613_39af54-86 > .kt-inside-inner-col:before{border-top-left-radius:0px;border-top-right-radius:0px;border-bottom-right-radius:0px;border-bottom-left-radius:0px;}.kadence-column85613_39af54-86 > .kt-inside-inner-col{column-gap:var(--global-kb-gap-sm, 1rem);}.kadence-column85613_39af54-86 > .kt-inside-inner-col{flex-direction:column;}.kadence-column85613_39af54-86 > .kt-inside-inner-col > .aligncenter{width:100%;}.kadence-column85613_39af54-86 > .kt-inside-inner-col:before{opacity:0.3;}.kadence-column85613_39af54-86{position:relative;}@media all and (max-width: 1024px){.kadence-column85613_39af54-86 > .kt-inside-inner-col{flex-direction:column;justify-content:center;}}@media all and (max-width: 767px){.kadence-column85613_39af54-86 > .kt-inside-inner-col{flex-direction:column;justify-content:center;}}<\/style>\n<div class=\"wp-block-kadence-column kadence-column85613_39af54-86\"><div class=\"kt-inside-inner-col\"><style>.kb-image85613_b323de-18.kb-image-is-ratio-size, .kb-image85613_b323de-18 .kb-image-is-ratio-size{max-width:280px;width:100%;}.wp-block-kadence-column > .kt-inside-inner-col > .kb-image85613_b323de-18.kb-image-is-ratio-size, .wp-block-kadence-column > .kt-inside-inner-col > .kb-image85613_b323de-18 .kb-image-is-ratio-size{align-self:unset;}.kb-image85613_b323de-18 figure{max-width:280px;}.kb-image85613_b323de-18 .image-is-svg, .kb-image85613_b323de-18 .image-is-svg img{width:100%;}.kb-image85613_b323de-18 .kb-image-has-overlay:after{opacity:0.3;border-top-left-radius:3%;border-top-right-radius:3%;border-bottom-right-radius:3%;border-bottom-left-radius:3%;}.kb-image85613_b323de-18 img.kb-img, .kb-image85613_b323de-18 .kb-img img{border-top-left-radius:3%;border-top-right-radius:3%;border-bottom-right-radius:3%;border-bottom-left-radius:3%;}<\/style>\n<div class=\"wp-block-kadence-image kb-image85613_b323de-18\"><figure class=\"aligncenter size-full\"><img decoding=\"async\" width=\"300\" height=\"322\" src=\"https:\/\/www.upjs.sk\/app\/uploads\/2024\/04\/prof-Bujnakova.jpg\" alt=\"\" class=\"kb-img wp-image-75027\" srcset=\"https:\/\/www.upjs.sk\/app\/uploads\/2024\/04\/prof-Bujnakova.jpg 300w, https:\/\/www.upjs.sk\/app\/uploads\/2024\/04\/prof-Bujnakova-280x300.jpg 280w\" sizes=\"(max-width: 300px) 100vw, 300px\" \/><figcaption><strong>\u041e\u043c\u0431\u0443\u0434\u0441\u043c\u0435\u043d\u043a\u0430 \u0423\u041f\u0419\u0428 <\/strong><br><strong><a class=\"ek-link\" href=\"https:\/\/www.upjs.sk\/karta-zamestnanca\/\">prof. h. c. doc. JUDr. M\u00e1ria Buj\u0148\u00e1kov\u00e1, CSc.<\/a><\/strong><\/figcaption><\/figure><\/div>\n<\/div><\/div>\n\n\n<style>.kadence-column85613_301c52-e7 > .kt-inside-inner-col,.kadence-column85613_301c52-e7 > .kt-inside-inner-col:before{border-top-left-radius:0px;border-top-right-radius:0px;border-bottom-right-radius:0px;border-bottom-left-radius:0px;}.kadence-column85613_301c52-e7 > .kt-inside-inner-col{column-gap:var(--global-kb-gap-sm, 1rem);}.kadence-column85613_301c52-e7 > .kt-inside-inner-col{flex-direction:column;}.kadence-column85613_301c52-e7 > .kt-inside-inner-col > .aligncenter{width:100%;}.kadence-column85613_301c52-e7 > .kt-inside-inner-col:before{opacity:0.3;}.kadence-column85613_301c52-e7{position:relative;}@media all and (max-width: 1024px){.kadence-column85613_301c52-e7 > .kt-inside-inner-col{flex-direction:column;justify-content:center;}}@media all and (max-width: 767px){.kadence-column85613_301c52-e7 > .kt-inside-inner-col{flex-direction:column;justify-content:center;}}<\/style>\n<div class=\"wp-block-kadence-column kadence-column85613_301c52-e7\"><div class=\"kt-inside-inner-col\">\n<p><strong><strong>\u041a\u043e\u043d\u0442\u0430\u043a\u0442<\/strong>:<\/strong><\/p>\n\n\n\n<p>\u041e\u043c\u0431\u0443\u0434\u0441\u043c\u0435\u043d\u043a\u0430<br>prof. h. c. doc. JUDr. M\u00e1ria Buj\u0148\u00e1kov\u00e1, CSc.<br><br>tel: +421 55 234 1260, mobil: + 421 907 945 470<br>e-mail: <a class=\"ek-link\" href=\"mailto:maria.bujnakova@upjs.sk\">maria.bujnakova@upjs.sk<\/a>; <a class=\"ek-link\" href=\"mailto:ombudsman@upjs.sk\">ombudsman@upjs.sk<\/a><br>\u0430\u0434\u0440\u0435\u0441\u0430: \u0440\u0435\u043a\u0442\u043e\u0440\u0430\u0442 \u0423\u041f\u0419\u0428  \u0432 \u041a\u043e\u0448\u0438\u0446\u044f\u0445, \u0160rob\u00e1rova 2, 041 80 Ko\u0161ice<br>\u0440\u043e\u0431\u043e\u0447\u0435 \u043c\u0456\u0441\u0446\u0435: \u0446\u043e\u043a\u043e\u043b\u044c\u043d\u0438\u0439 \u043f\u043e\u0432\u0435\u0440\u0445, \u043a\u0430\u0431. 15 \u0456 16<\/p>\n<\/div><\/div>\n\n<\/div><\/div>\n\n\n<p><\/p>\n","protected":false},"excerpt":{"rendered":"<p>\u0417 1 \u043a\u0432\u0456\u0442\u043d\u044f 2024 \u0440\u043e\u043a\u0443 \u043f\u0440\u0430\u0446\u044e\u0454 \u0432 \u0423\u041f\u0419\u0428 \u0432 \u041a\u043e\u0448\u0438\u0446\u044f\u0445 \u0437\u0430\u0445\u0438\u0441\u043d\u0438\u043a \u043f\u0440\u0430\u0432 \u0441\u0442\u0443\u0434\u0435\u043d\u0442\u0456\u0432 \u0456 \u0441\u043f\u0456\u0432\u0440\u043e\u0431\u0456\u0442\u043d\u0438\u043a\u0456\u0432 \u0443\u043d\u0456\u0432\u0435\u0440\u0441\u0438\u0442\u0435\u0442\u0443 \u0432 \u0441\u0438\u0442\u0443\u0430\u0446\u0456\u044f\u0445, \u0432 \u044f\u043a\u0438\u0445 \u0457\u0445\u043d\u0456 \u043f\u0440\u0430\u0432\u0430 \u0442\u0430 \u0456\u043d\u0442\u0435\u0440\u0435\u0441\u0438, \u0437\u0430\u0445\u0438\u0449\u0435\u043d\u0456 \u0437\u0430\u043a\u043e\u043d\u043e\u043c, \u043c\u043e\u0436\u0443\u0442\u044c \u0431\u0443\u0442\u0438, \u0437\u043d\u0430\u0445\u043e\u0434\u044f\u0442\u044c\u0441\u044f \u0430\u0431\u043e \u043f\u0435\u0440\u0435\u0431\u0443\u0432\u0430\u043b\u0438 \u043f\u0456\u0434 \u0437\u0430\u0433\u0440\u043e\u0437\u043e\u044e \u0432 \u0440\u0435\u0437\u0443\u043b\u044c\u0442\u0430\u0442\u0456 \u043d\u0435\u043d\u0430\u043b\u0435\u0436\u043d\u043e\u0433\u043e \u0430\u0431\u043e \u0440\u0456\u0437\u043d\u043e\u0433\u043e \u0441\u0442\u0430\u0432\u043b\u0435\u043d\u043d\u044f, \u043a\u043e\u043d\u0444\u043b\u0456\u043a\u0442\u043d\u043e\u0457 \u0441\u0438\u0442\u0443\u0430\u0446\u0456\u0457, \u0431\u0435\u0437\u0434\u0456\u044f\u043b\u044c\u043d\u043e\u0441\u0442\u0456 \u0432\u043b\u0430\u0434\u0438, \u044f\u043a\u0430 \u043c\u0430\u043b\u0430 \u0431 \u0434\u0456\u044f\u0442\u0438 \u0442\u043e\u0449\u043e. \u041f\u043e\u0441\u0430\u0434\u0443 \u043e\u043c\u0431\u0443\u0434\u0441\u043c\u0435\u043d\u043a\u0438 \u0423\u043d\u0456\u0432\u0435\u0440\u0441\u0438\u0442\u0435\u0442\u0443 \u041f\u0430\u0432\u043b\u0430 \u0419\u043e\u0437\u0435\u0444\u0430 \u0428\u0430\u0444\u0430\u0440\u0438\u043a\u0430 \u0432 &hellip; <a href=\"https:\/\/www.upjs.sk\/uk\/ombudsmanka\/\">Continued<\/a><\/p>\n","protected":false},"author":14,"featured_media":0,"parent":0,"menu_order":1,"comment_status":"closed","ping_status":"closed","template":"","meta":{"_acf_changed":false,"_editorskit_title_hidden":false,"_editorskit_reading_time":0,"_editorskit_is_block_options_detached":false,"_editorskit_block_options_position":"{}","footnotes":""},"categories":[],"tags":[],"class_list":["post-85613","page","type-page","status-publish","hentry"],"acf":{"acf_link_na_externy_obsah":""},"yoast_head":"<!-- This site is optimized with the Yoast SEO plugin v27.4 - https:\/\/yoast.com\/product\/yoast-seo-wordpress\/ -->\n<title>\u041e\u043c\u0431\u0443\u0434\u0441\u043c\u0435\u043d\u043a\u0430 - UPJ\u0160 Ko\u0161ice<\/title>\n<meta name=\"robots\" content=\"index, follow, max-snippet:-1, max-image-preview:large, max-video-preview:-1\" \/>\n<link rel=\"canonical\" href=\"https:\/\/www.upjs.sk\/uk\/ombudsmanka\/\" \/>\n<meta property=\"og:locale\" content=\"uk_UA\" \/>\n<meta property=\"og:type\" content=\"article\" \/>\n<meta property=\"og:title\" content=\"\u041e\u043c\u0431\u0443\u0434\u0441\u043c\u0435\u043d\u043a\u0430 - UPJ\u0160 Ko\u0161ice\" \/>\n<meta property=\"og:description\" content=\"\u0417 1 \u043a\u0432\u0456\u0442\u043d\u044f 2024 \u0440\u043e\u043a\u0443 \u043f\u0440\u0430\u0446\u044e\u0454 \u0432 \u0423\u041f\u0419\u0428 \u0432 \u041a\u043e\u0448\u0438\u0446\u044f\u0445 \u0437\u0430\u0445\u0438\u0441\u043d\u0438\u043a \u043f\u0440\u0430\u0432 \u0441\u0442\u0443\u0434\u0435\u043d\u0442\u0456\u0432 \u0456 \u0441\u043f\u0456\u0432\u0440\u043e\u0431\u0456\u0442\u043d\u0438\u043a\u0456\u0432 \u0443\u043d\u0456\u0432\u0435\u0440\u0441\u0438\u0442\u0435\u0442\u0443 \u0432 \u0441\u0438\u0442\u0443\u0430\u0446\u0456\u044f\u0445, \u0432 \u044f\u043a\u0438\u0445 \u0457\u0445\u043d\u0456 \u043f\u0440\u0430\u0432\u0430 \u0442\u0430 \u0456\u043d\u0442\u0435\u0440\u0435\u0441\u0438, \u0437\u0430\u0445\u0438\u0449\u0435\u043d\u0456 \u0437\u0430\u043a\u043e\u043d\u043e\u043c, \u043c\u043e\u0436\u0443\u0442\u044c \u0431\u0443\u0442\u0438, \u0437\u043d\u0430\u0445\u043e\u0434\u044f\u0442\u044c\u0441\u044f \u0430\u0431\u043e \u043f\u0435\u0440\u0435\u0431\u0443\u0432\u0430\u043b\u0438 \u043f\u0456\u0434 \u0437\u0430\u0433\u0440\u043e\u0437\u043e\u044e \u0432 \u0440\u0435\u0437\u0443\u043b\u044c\u0442\u0430\u0442\u0456 \u043d\u0435\u043d\u0430\u043b\u0435\u0436\u043d\u043e\u0433\u043e \u0430\u0431\u043e \u0440\u0456\u0437\u043d\u043e\u0433\u043e \u0441\u0442\u0430\u0432\u043b\u0435\u043d\u043d\u044f, \u043a\u043e\u043d\u0444\u043b\u0456\u043a\u0442\u043d\u043e\u0457 \u0441\u0438\u0442\u0443\u0430\u0446\u0456\u0457, \u0431\u0435\u0437\u0434\u0456\u044f\u043b\u044c\u043d\u043e\u0441\u0442\u0456 \u0432\u043b\u0430\u0434\u0438, \u044f\u043a\u0430 \u043c\u0430\u043b\u0430 \u0431 \u0434\u0456\u044f\u0442\u0438 \u0442\u043e\u0449\u043e. \u041f\u043e\u0441\u0430\u0434\u0443 \u043e\u043c\u0431\u0443\u0434\u0441\u043c\u0435\u043d\u043a\u0438 \u0423\u043d\u0456\u0432\u0435\u0440\u0441\u0438\u0442\u0435\u0442\u0443 \u041f\u0430\u0432\u043b\u0430 \u0419\u043e\u0437\u0435\u0444\u0430 \u0428\u0430\u0444\u0430\u0440\u0438\u043a\u0430 \u0432 &hellip; Continued\" \/>\n<meta property=\"og:url\" content=\"https:\/\/www.upjs.sk\/uk\/ombudsmanka\/\" \/>\n<meta property=\"og:site_name\" content=\"UPJ\u0160 Ko\u0161ice\" \/>\n<meta property=\"article:publisher\" content=\"https:\/\/www.facebook.com\/UniverzitaPavlaJozefaSafarikaVkosiciach\/\" \/>\n<meta property=\"article:modified_time\" content=\"2025-02-03T14:48:56+00:00\" \/>\n<meta property=\"og:image\" content=\"https:\/\/www.upjs.sk\/app\/uploads\/2024\/04\/prof-Bujnakova.jpg\" \/>\n\t<meta property=\"og:image:width\" content=\"300\" \/>\n\t<meta property=\"og:image:height\" content=\"322\" \/>\n\t<meta property=\"og:image:type\" content=\"image\/jpeg\" \/>\n<meta name=\"twitter:card\" content=\"summary_large_image\" \/>\n<meta name=\"twitter:site\" content=\"@UPJS_kosice\" \/>\n<script type=\"application\/ld+json\" class=\"yoast-schema-graph\">{\"@context\":\"https:\\\/\\\/schema.org\",\"@graph\":[{\"@type\":\"WebPage\",\"@id\":\"https:\\\/\\\/www.upjs.sk\\\/uk\\\/ombudsmanka\\\/\",\"url\":\"https:\\\/\\\/www.upjs.sk\\\/uk\\\/ombudsmanka\\\/\",\"name\":\"\u041e\u043c\u0431\u0443\u0434\u0441\u043c\u0435\u043d\u043a\u0430 - UPJ\u0160 Ko\u0161ice\",\"isPartOf\":{\"@id\":\"https:\\\/\\\/www.upjs.sk\\\/uk\\\/#website\"},\"primaryImageOfPage\":{\"@id\":\"https:\\\/\\\/www.upjs.sk\\\/uk\\\/ombudsmanka\\\/#primaryimage\"},\"image\":{\"@id\":\"https:\\\/\\\/www.upjs.sk\\\/uk\\\/ombudsmanka\\\/#primaryimage\"},\"thumbnailUrl\":\"https:\\\/\\\/www.upjs.sk\\\/app\\\/uploads\\\/2024\\\/04\\\/prof-Bujnakova.jpg\",\"datePublished\":\"2024-04-30T07:14:44+00:00\",\"dateModified\":\"2025-02-03T14:48:56+00:00\",\"breadcrumb\":{\"@id\":\"https:\\\/\\\/www.upjs.sk\\\/uk\\\/ombudsmanka\\\/#breadcrumb\"},\"inLanguage\":\"uk\",\"potentialAction\":[{\"@type\":\"ReadAction\",\"target\":[\"https:\\\/\\\/www.upjs.sk\\\/uk\\\/ombudsmanka\\\/\"]}]},{\"@type\":\"ImageObject\",\"inLanguage\":\"uk\",\"@id\":\"https:\\\/\\\/www.upjs.sk\\\/uk\\\/ombudsmanka\\\/#primaryimage\",\"url\":\"https:\\\/\\\/www.upjs.sk\\\/app\\\/uploads\\\/2024\\\/04\\\/prof-Bujnakova.jpg\",\"contentUrl\":\"https:\\\/\\\/www.upjs.sk\\\/app\\\/uploads\\\/2024\\\/04\\\/prof-Bujnakova.jpg\"},{\"@type\":\"BreadcrumbList\",\"@id\":\"https:\\\/\\\/www.upjs.sk\\\/uk\\\/ombudsmanka\\\/#breadcrumb\",\"itemListElement\":[{\"@type\":\"ListItem\",\"position\":1,\"name\":\"Home\",\"item\":\"https:\\\/\\\/www.upjs.sk\\\/uk\\\/\"},{\"@type\":\"ListItem\",\"position\":2,\"name\":\"\u041e\u043c\u0431\u0443\u0434\u0441\u043c\u0435\u043d\u043a\u0430\"}]},{\"@type\":\"WebSite\",\"@id\":\"https:\\\/\\\/www.upjs.sk\\\/uk\\\/#website\",\"url\":\"https:\\\/\\\/www.upjs.sk\\\/uk\\\/\",\"name\":\"UPJ\u0160 Ko\u0161ice\",\"description\":\"m\u00fadros\u0165 minulosti \u2013 poznatky pr\u00edtomnosti \u2013 vzdelanie bud\u00facnosti\",\"publisher\":{\"@id\":\"https:\\\/\\\/www.upjs.sk\\\/uk\\\/#organization\"},\"potentialAction\":[{\"@type\":\"SearchAction\",\"target\":{\"@type\":\"EntryPoint\",\"urlTemplate\":\"https:\\\/\\\/www.upjs.sk\\\/uk\\\/?s={search_term_string}\"},\"query-input\":{\"@type\":\"PropertyValueSpecification\",\"valueRequired\":true,\"valueName\":\"search_term_string\"}}],\"inLanguage\":\"uk\"},{\"@type\":\"Organization\",\"@id\":\"https:\\\/\\\/www.upjs.sk\\\/uk\\\/#organization\",\"name\":\"UPJ\u0160 Ko\u0161ice\",\"url\":\"https:\\\/\\\/www.upjs.sk\\\/uk\\\/\",\"logo\":{\"@type\":\"ImageObject\",\"inLanguage\":\"uk\",\"@id\":\"https:\\\/\\\/www.upjs.sk\\\/uk\\\/#\\\/schema\\\/logo\\\/image\\\/\",\"url\":\"https:\\\/\\\/www.upjs.sk\\\/app\\\/uploads\\\/2022\\\/06\\\/LOGO-UPJS.png\",\"contentUrl\":\"https:\\\/\\\/www.upjs.sk\\\/app\\\/uploads\\\/2022\\\/06\\\/LOGO-UPJS.png\",\"width\":540,\"height\":125,\"caption\":\"UPJ\u0160 Ko\u0161ice\"},\"image\":{\"@id\":\"https:\\\/\\\/www.upjs.sk\\\/uk\\\/#\\\/schema\\\/logo\\\/image\\\/\"},\"sameAs\":[\"https:\\\/\\\/www.facebook.com\\\/UniverzitaPavlaJozefaSafarikaVkosiciach\\\/\",\"https:\\\/\\\/x.com\\\/UPJS_kosice\",\"https:\\\/\\\/www.instagram.com\\\/upjs_kosice\",\"https:\\\/\\\/www.linkedin.com\\\/company\\\/pavol-jozef-afrik-university-in-koice\\\/\"]}]}<\/script>\n<!-- \/ Yoast SEO plugin. -->","yoast_head_json":{"title":"\u041e\u043c\u0431\u0443\u0434\u0441\u043c\u0435\u043d\u043a\u0430 - UPJ\u0160 Ko\u0161ice","robots":{"index":"index","follow":"follow","max-snippet":"max-snippet:-1","max-image-preview":"max-image-preview:large","max-video-preview":"max-video-preview:-1"},"canonical":"https:\/\/www.upjs.sk\/uk\/ombudsmanka\/","og_locale":"uk_UA","og_type":"article","og_title":"\u041e\u043c\u0431\u0443\u0434\u0441\u043c\u0435\u043d\u043a\u0430 - UPJ\u0160 Ko\u0161ice","og_description":"\u0417 1 \u043a\u0432\u0456\u0442\u043d\u044f 2024 \u0440\u043e\u043a\u0443 \u043f\u0440\u0430\u0446\u044e\u0454 \u0432 \u0423\u041f\u0419\u0428 \u0432 \u041a\u043e\u0448\u0438\u0446\u044f\u0445 \u0437\u0430\u0445\u0438\u0441\u043d\u0438\u043a \u043f\u0440\u0430\u0432 \u0441\u0442\u0443\u0434\u0435\u043d\u0442\u0456\u0432 \u0456 \u0441\u043f\u0456\u0432\u0440\u043e\u0431\u0456\u0442\u043d\u0438\u043a\u0456\u0432 \u0443\u043d\u0456\u0432\u0435\u0440\u0441\u0438\u0442\u0435\u0442\u0443 \u0432 \u0441\u0438\u0442\u0443\u0430\u0446\u0456\u044f\u0445, \u0432 \u044f\u043a\u0438\u0445 \u0457\u0445\u043d\u0456 \u043f\u0440\u0430\u0432\u0430 \u0442\u0430 \u0456\u043d\u0442\u0435\u0440\u0435\u0441\u0438, \u0437\u0430\u0445\u0438\u0449\u0435\u043d\u0456 \u0437\u0430\u043a\u043e\u043d\u043e\u043c, \u043c\u043e\u0436\u0443\u0442\u044c \u0431\u0443\u0442\u0438, \u0437\u043d\u0430\u0445\u043e\u0434\u044f\u0442\u044c\u0441\u044f \u0430\u0431\u043e \u043f\u0435\u0440\u0435\u0431\u0443\u0432\u0430\u043b\u0438 \u043f\u0456\u0434 \u0437\u0430\u0433\u0440\u043e\u0437\u043e\u044e \u0432 \u0440\u0435\u0437\u0443\u043b\u044c\u0442\u0430\u0442\u0456 \u043d\u0435\u043d\u0430\u043b\u0435\u0436\u043d\u043e\u0433\u043e \u0430\u0431\u043e \u0440\u0456\u0437\u043d\u043e\u0433\u043e \u0441\u0442\u0430\u0432\u043b\u0435\u043d\u043d\u044f, \u043a\u043e\u043d\u0444\u043b\u0456\u043a\u0442\u043d\u043e\u0457 \u0441\u0438\u0442\u0443\u0430\u0446\u0456\u0457, \u0431\u0435\u0437\u0434\u0456\u044f\u043b\u044c\u043d\u043e\u0441\u0442\u0456 \u0432\u043b\u0430\u0434\u0438, \u044f\u043a\u0430 \u043c\u0430\u043b\u0430 \u0431 \u0434\u0456\u044f\u0442\u0438 \u0442\u043e\u0449\u043e. \u041f\u043e\u0441\u0430\u0434\u0443 \u043e\u043c\u0431\u0443\u0434\u0441\u043c\u0435\u043d\u043a\u0438 \u0423\u043d\u0456\u0432\u0435\u0440\u0441\u0438\u0442\u0435\u0442\u0443 \u041f\u0430\u0432\u043b\u0430 \u0419\u043e\u0437\u0435\u0444\u0430 \u0428\u0430\u0444\u0430\u0440\u0438\u043a\u0430 \u0432 &hellip; Continued","og_url":"https:\/\/www.upjs.sk\/uk\/ombudsmanka\/","og_site_name":"UPJ\u0160 Ko\u0161ice","article_publisher":"https:\/\/www.facebook.com\/UniverzitaPavlaJozefaSafarikaVkosiciach\/","article_modified_time":"2025-02-03T14:48:56+00:00","og_image":[{"width":300,"height":322,"url":"https:\/\/www.upjs.sk\/app\/uploads\/2024\/04\/prof-Bujnakova.jpg","type":"image\/jpeg"}],"twitter_card":"summary_large_image","twitter_site":"@UPJS_kosice","schema":{"@context":"https:\/\/schema.org","@graph":[{"@type":"WebPage","@id":"https:\/\/www.upjs.sk\/uk\/ombudsmanka\/","url":"https:\/\/www.upjs.sk\/uk\/ombudsmanka\/","name":"\u041e\u043c\u0431\u0443\u0434\u0441\u043c\u0435\u043d\u043a\u0430 - UPJ\u0160 Ko\u0161ice","isPartOf":{"@id":"https:\/\/www.upjs.sk\/uk\/#website"},"primaryImageOfPage":{"@id":"https:\/\/www.upjs.sk\/uk\/ombudsmanka\/#primaryimage"},"image":{"@id":"https:\/\/www.upjs.sk\/uk\/ombudsmanka\/#primaryimage"},"thumbnailUrl":"https:\/\/www.upjs.sk\/app\/uploads\/2024\/04\/prof-Bujnakova.jpg","datePublished":"2024-04-30T07:14:44+00:00","dateModified":"2025-02-03T14:48:56+00:00","breadcrumb":{"@id":"https:\/\/www.upjs.sk\/uk\/ombudsmanka\/#breadcrumb"},"inLanguage":"uk","potentialAction":[{"@type":"ReadAction","target":["https:\/\/www.upjs.sk\/uk\/ombudsmanka\/"]}]},{"@type":"ImageObject","inLanguage":"uk","@id":"https:\/\/www.upjs.sk\/uk\/ombudsmanka\/#primaryimage","url":"https:\/\/www.upjs.sk\/app\/uploads\/2024\/04\/prof-Bujnakova.jpg","contentUrl":"https:\/\/www.upjs.sk\/app\/uploads\/2024\/04\/prof-Bujnakova.jpg"},{"@type":"BreadcrumbList","@id":"https:\/\/www.upjs.sk\/uk\/ombudsmanka\/#breadcrumb","itemListElement":[{"@type":"ListItem","position":1,"name":"Home","item":"https:\/\/www.upjs.sk\/uk\/"},{"@type":"ListItem","position":2,"name":"\u041e\u043c\u0431\u0443\u0434\u0441\u043c\u0435\u043d\u043a\u0430"}]},{"@type":"WebSite","@id":"https:\/\/www.upjs.sk\/uk\/#website","url":"https:\/\/www.upjs.sk\/uk\/","name":"UPJ\u0160 Ko\u0161ice","description":"m\u00fadros\u0165 minulosti \u2013 poznatky pr\u00edtomnosti \u2013 vzdelanie bud\u00facnosti","publisher":{"@id":"https:\/\/www.upjs.sk\/uk\/#organization"},"potentialAction":[{"@type":"SearchAction","target":{"@type":"EntryPoint","urlTemplate":"https:\/\/www.upjs.sk\/uk\/?s={search_term_string}"},"query-input":{"@type":"PropertyValueSpecification","valueRequired":true,"valueName":"search_term_string"}}],"inLanguage":"uk"},{"@type":"Organization","@id":"https:\/\/www.upjs.sk\/uk\/#organization","name":"UPJ\u0160 Ko\u0161ice","url":"https:\/\/www.upjs.sk\/uk\/","logo":{"@type":"ImageObject","inLanguage":"uk","@id":"https:\/\/www.upjs.sk\/uk\/#\/schema\/logo\/image\/","url":"https:\/\/www.upjs.sk\/app\/uploads\/2022\/06\/LOGO-UPJS.png","contentUrl":"https:\/\/www.upjs.sk\/app\/uploads\/2022\/06\/LOGO-UPJS.png","width":540,"height":125,"caption":"UPJ\u0160 Ko\u0161ice"},"image":{"@id":"https:\/\/www.upjs.sk\/uk\/#\/schema\/logo\/image\/"},"sameAs":["https:\/\/www.facebook.com\/UniverzitaPavlaJozefaSafarikaVkosiciach\/","https:\/\/x.com\/UPJS_kosice","https:\/\/www.instagram.com\/upjs_kosice","https:\/\/www.linkedin.com\/company\/pavol-jozef-afrik-university-in-koice\/"]}]}},"_links":{"self":[{"href":"https:\/\/www.upjs.sk\/uk\/wp-json\/wp\/v2\/pages\/85613","targetHints":{"allow":["GET"]}}],"collection":[{"href":"https:\/\/www.upjs.sk\/uk\/wp-json\/wp\/v2\/pages"}],"about":[{"href":"https:\/\/www.upjs.sk\/uk\/wp-json\/wp\/v2\/types\/page"}],"author":[{"embeddable":true,"href":"https:\/\/www.upjs.sk\/uk\/wp-json\/wp\/v2\/users\/14"}],"replies":[{"embeddable":true,"href":"https:\/\/www.upjs.sk\/uk\/wp-json\/wp\/v2\/comments?post=85613"}],"version-history":[{"count":4,"href":"https:\/\/www.upjs.sk\/uk\/wp-json\/wp\/v2\/pages\/85613\/revisions"}],"predecessor-version":[{"id":85623,"href":"https:\/\/www.upjs.sk\/uk\/wp-json\/wp\/v2\/pages\/85613\/revisions\/85623"}],"wp:attachment":[{"href":"https:\/\/www.upjs.sk\/uk\/wp-json\/wp\/v2\/media?parent=85613"}],"wp:term":[{"taxonomy":"category","embeddable":true,"href":"https:\/\/www.upjs.sk\/uk\/wp-json\/wp\/v2\/categories?post=85613"},{"taxonomy":"post_tag","embeddable":true,"href":"https:\/\/www.upjs.sk\/uk\/wp-json\/wp\/v2\/tags?post=85613"}],"curies":[{"name":"wp","href":"https:\/\/api.w.org\/{rel}","templated":true}]}}